{"id":1005,"date":"2021-08-29T17:29:44","date_gmt":"2021-08-29T17:29:44","guid":{"rendered":"http:\/\/iseitiestaskas.lt\/?page_id=1005"},"modified":"2021-09-17T11:00:06","modified_gmt":"2021-09-17T11:00:06","slug":"gyvuliai","status":"publish","type":"page","link":"https:\/\/iseitiestaskas.lt\/en\/gyvuliai\/","title":{"rendered":"Gyvuliai"},"content":{"rendered":"<div data-elementor-type=\"wp-page\" data-elementor-id=\"1005\" class=\"elementor elementor-1005\" data-elementor-settings=\"[]\">\n\t\t\t\t\t\t\t<div class=\"elementor-section-wrap\">\n\t\t\t\t\t\t\t<section class=\"elementor-section elementor-top-section elementor-element elementor-element-245de083 elementor-section-boxed elementor-section-height-default elementor-section-height-default\" data-id=\"245de083\" data-element_type=\"section\">\n\t\t\t\t\t\t<div class=\"elementor-container elementor-column-gap-default\">\n\t\t\t\t\t<div class=\"elementor-column elementor-col-100 elementor-top-column elementor-element elementor-element-191ec63f\" data-id=\"191ec63f\" data-element_type=\"column\">\n\t\t\t<div class=\"elementor-widget-wrap elementor-element-populated\">\n\t\t\t\t\t\t\t\t<div class=\"elementor-element elementor-element-318ac447 elementor-widget elementor-widget-heading\" data-id=\"318ac447\" data-element_type=\"widget\" data-widget_type=\"heading.default\">\n\t\t\t\t<div class=\"elementor-widget-container\">\n\t\t\t<h2 class=\"elementor-heading-title elementor-size-default\">Gyvuliai<\/h2>\t\t<\/div>\n\t\t\t\t<\/div>\n\t\t\t\t<div class=\"elementor-element elementor-element-71347b59 elementor-widget-divider--view-line elementor-widget elementor-widget-divider\" data-id=\"71347b59\" data-element_type=\"widget\" data-widget_type=\"divider.default\">\n\t\t\t\t<div class=\"elementor-widget-container\">\n\t\t\t\t\t<div class=\"elementor-divider\">\n\t\t\t<span class=\"elementor-divider-separator\">\n\t\t\t\t\t\t<\/span>\n\t\t<\/div>\n\t\t\t\t<\/div>\n\t\t\t\t<\/div>\n\t\t\t\t<div class=\"elementor-element elementor-element-15e93d63 elementor-widget elementor-widget-text-editor\" data-id=\"15e93d63\" data-element_type=\"widget\" data-widget_type=\"text-editor.default\">\n\t\t\t\t<div class=\"elementor-widget-container\">\n\t\t\t\t\t\t\t\t<p><em>Pjes\u0117s skaitymas<br \/><\/em><\/p>\t\t\t\t\t\t<\/div>\n\t\t\t\t<\/div>\n\t\t\t\t\t<\/div>\n\t\t<\/div>\n\t\t\t\t\t\t\t<\/div>\n\t\t<\/section>\n\t\t\t\t<section class=\"elementor-section elementor-top-section elementor-element elementor-element-683f71a1 elementor-section-boxed elementor-section-height-default elementor-section-height-default\" data-id=\"683f71a1\" data-element_type=\"section\">\n\t\t\t\t\t\t<div class=\"elementor-container elementor-column-gap-default\">\n\t\t\t\t\t<div class=\"elementor-column elementor-col-50 elementor-top-column elementor-element elementor-element-4c878767\" data-id=\"4c878767\" data-element_type=\"column\">\n\t\t\t<div class=\"elementor-widget-wrap elementor-element-populated\">\n\t\t\t\t\t\t\t\t<div class=\"elementor-element elementor-element-304c2d7b elementor-widget elementor-widget-image\" data-id=\"304c2d7b\" data-element_type=\"widget\" data-widget_type=\"image.default\">\n\t\t\t\t<div class=\"elementor-widget-container\">\n\t\t\t\t\t\t\t\t\t\t\t\t\t\t\t<img loading=\"lazy\" decoding=\"async\" width=\"1024\" height=\"997\" src=\"https:\/\/iseitiestaskas.lt\/wp-content\/uploads\/2021\/08\/gyvuliaijpg-1024x997.jpg\" class=\"attachment-large size-large\" alt=\"\" srcset=\"https:\/\/iseitiestaskas.lt\/wp-content\/uploads\/2021\/08\/gyvuliaijpg-1024x997.jpg 1024w, https:\/\/iseitiestaskas.lt\/wp-content\/uploads\/2021\/08\/gyvuliaijpg-600x584.jpg 600w, https:\/\/iseitiestaskas.lt\/wp-content\/uploads\/2021\/08\/gyvuliaijpg-300x292.jpg 300w, https:\/\/iseitiestaskas.lt\/wp-content\/uploads\/2021\/08\/gyvuliaijpg-768x748.jpg 768w, https:\/\/iseitiestaskas.lt\/wp-content\/uploads\/2021\/08\/gyvuliaijpg-1536x1495.jpg 1536w, https:\/\/iseitiestaskas.lt\/wp-content\/uploads\/2021\/08\/gyvuliaijpg.jpg 1690w\" sizes=\"(max-width: 1024px) 100vw, 1024px\" \/>\t\t\t\t\t\t\t\t\t\t\t\t\t\t\t<\/div>\n\t\t\t\t<\/div>\n\t\t\t\t<div class=\"elementor-element elementor-element-77b61d2 elementor-widget elementor-widget-image\" data-id=\"77b61d2\" data-element_type=\"widget\" data-widget_type=\"image.default\">\n\t\t\t\t<div class=\"elementor-widget-container\">\n\t\t\t\t\t\t\t\t\t\t\t\t\t\t\t<img loading=\"lazy\" decoding=\"async\" width=\"1024\" height=\"684\" src=\"https:\/\/iseitiestaskas.lt\/wp-content\/uploads\/2021\/08\/3-1024x684.jpg\" class=\"attachment-large size-large\" alt=\"\" srcset=\"https:\/\/iseitiestaskas.lt\/wp-content\/uploads\/2021\/08\/3-1024x684.jpg 1024w, https:\/\/iseitiestaskas.lt\/wp-content\/uploads\/2021\/08\/3-scaled-600x401.jpg 600w, https:\/\/iseitiestaskas.lt\/wp-content\/uploads\/2021\/08\/3-300x200.jpg 300w, https:\/\/iseitiestaskas.lt\/wp-content\/uploads\/2021\/08\/3-768x513.jpg 768w, https:\/\/iseitiestaskas.lt\/wp-content\/uploads\/2021\/08\/3-391x260.jpg 391w, https:\/\/iseitiestaskas.lt\/wp-content\/uploads\/2021\/08\/3-1536x1025.jpg 1536w, https:\/\/iseitiestaskas.lt\/wp-content\/uploads\/2021\/08\/3-2048x1367.jpg 2048w\" sizes=\"(max-width: 1024px) 100vw, 1024px\" \/>\t\t\t\t\t\t\t\t\t\t\t\t\t\t\t<\/div>\n\t\t\t\t<\/div>\n\t\t\t\t\t<\/div>\n\t\t<\/div>\n\t\t\t\t<div class=\"elementor-column elementor-col-50 elementor-top-column elementor-element elementor-element-5f5ce7ca\" data-id=\"5f5ce7ca\" data-element_type=\"column\">\n\t\t\t<div class=\"elementor-widget-wrap elementor-element-populated\">\n\t\t\t\t\t\t\t\t<div class=\"elementor-element elementor-element-1347e36 elementor-widget elementor-widget-heading\" data-id=\"1347e36\" data-element_type=\"widget\" data-widget_type=\"heading.default\">\n\t\t\t\t<div class=\"elementor-widget-container\">\n\t\t\t<h5 class=\"elementor-heading-title elementor-size-default\">18:00 | Rugs\u0117jo 18 d. (\u0161e\u0161tadienis)<\/h5>\t\t<\/div>\n\t\t\t\t<\/div>\n\t\t\t\t<div class=\"elementor-element elementor-element-8994abb elementor-widget elementor-widget-text-editor\" data-id=\"8994abb\" data-element_type=\"widget\" data-widget_type=\"text-editor.default\">\n\t\t\t\t<div class=\"elementor-widget-container\">\n\t\t\t\t\t\t\t\t<div class=\"o9v6fnle cxmmr5t8 oygrvhab hcukyx3x c1et5uql\">Pjes\u0117 sukurta 2020 m.\u00a0 &#8222;I\u0161eities ta\u0161ko&#8221; vykusio jaun\u0173j\u0173 dramaturg\u0173 konkurso bei dirbtuvi\u0173 metu. Komisijos sprendimu \u0161i pjes\u0117 pateko tarp keturi\u0173 geriausi\u0173-nugal\u0117toj\u0173.<br \/><br \/><\/div><div class=\"o9v6fnle cxmmr5t8 oygrvhab hcukyx3x c1et5uql\">-KOKIOJ VISUOMEN\u0116J MES GYVENAM? <br \/>&#8211; KAS TOJE LIETUVOJE YRA GRYNAVEISLIAI? <br \/>&#8211; MATAI MANE? <br \/>&#8211; KOD\u0116L MOKYKLOJ NEMOKO TOKI\u0172 DALYK\u0172? <br \/>&#8211; AR BUVO MANO KALT\u0116S? <br \/>&#8211; TAU JUK PATINKA KAI SU TAVIM ELGIASI GRUBIAI? <br \/>&#8211; KOD\u0116L TU TAIP PADAREI? <br \/>&#8211; KO TU NORI I\u0160 MAN\u0118S? <br \/>&#8211; AR A\u0160 ESU DVIVEID\u0116 JEI MANE \u017dAVI SKIRTINGI DALYKAI? <br \/>&#8211; TU BIJAI? <br \/>&#8211; KAIP AUGS \u017dMOGUS APSUPTAS TOKI\u0172 MENKYST\u0172? <br \/>&#8211; TAI TOKIOS VERTYB\u0116S TAVO \u0160EIMOJ? <br \/>&#8211; U\u017d K\u0104 A\u0160 TURIU ATSIPRA\u0160YTI?<br \/>&#8211; DRAUGAS DRAUGUI PADEDA? <br \/>&#8211; AR A\u0160 GERAS \u017dMOGUS? <br \/>&#8211; PRIE KO \u010cIA TU? <br \/>&#8211; KAS PER KLAS\u0116 \u010cIA YRA?<br \/>&#8211; TAI M\u016aS\u0172 VISI POELGIAI \u017dMOGI\u0160KI? <br \/>&#8211; AR IMTUM MANE \u012e KELION\u0118? <br \/>&#8211; NUO KADA TU R\u016aKAI? <br \/>&#8211; KADA TU BAIGSI KI\u0160TIS \u012e MANO GYVENIM\u0104? <br \/>&#8211; KOKIA VERT\u0116 I\u0160 NEBYLAUS LIUDININKO? <br \/>&#8211; KOD\u0116L KITI JUOK\u0116S? <br \/>&#8211; A\u0160 TURIU BALS\u0104, AR GIRDIT MANE?!<\/div>\t\t\t\t\t\t<\/div>\n\t\t\t\t<\/div>\n\t\t\t\t<div class=\"elementor-element elementor-element-6e5a5b56 elementor-widget elementor-widget-spacer\" data-id=\"6e5a5b56\" data-element_type=\"widget\" data-widget_type=\"spacer.default\">\n\t\t\t\t<div class=\"elementor-widget-container\">\n\t\t\t\t\t<div class=\"elementor-spacer\">\n\t\t\t<div class=\"elementor-spacer-inner\"><\/div>\n\t\t<\/div>\n\t\t\t\t<\/div>\n\t\t\t\t<\/div>\n\t\t\t\t<div class=\"elementor-element elementor-element-5294332b elementor-widget elementor-widget-heading\" data-id=\"5294332b\" data-element_type=\"widget\" data-widget_type=\"heading.default\">\n\t\t\t\t<div class=\"elementor-widget-container\">\n\t\t\t<h5 class=\"elementor-heading-title elementor-size-default\">K\u016aRYBIN\u0116 KOMANDA<\/h5>\t\t<\/div>\n\t\t\t\t<\/div>\n\t\t\t\t<div class=\"elementor-element elementor-element-7a16802a elementor-widget elementor-widget-spacer\" data-id=\"7a16802a\" data-element_type=\"widget\" data-widget_type=\"spacer.default\">\n\t\t\t\t<div class=\"elementor-widget-container\">\n\t\t\t\t\t<div class=\"elementor-spacer\">\n\t\t\t<div class=\"elementor-spacer-inner\"><\/div>\n\t\t<\/div>\n\t\t\t\t<\/div>\n\t\t\t\t<\/div>\n\t\t\t\t<div class=\"elementor-element elementor-element-2205d79 elementor-widget elementor-widget-text-editor\" data-id=\"2205d79\" data-element_type=\"widget\" data-widget_type=\"text-editor.default\">\n\t\t\t\t<div class=\"elementor-widget-container\">\n\t\t\t\t\t\t\t\t<p><span class=\"d2edcug0 hpfvmrgz qv66sw1b c1et5uql oi732d6d ik7dh3pa ht8s03o8 a8c37x1j keod5gw0 nxhoafnm aigsh9s9 d3f4x2em fe6kdd0r mau55g9w c8b282yb iv3no6db jq4qci2q a3bd9o3v b1v8xokw oo9gr5id\" dir=\"auto\"><strong>Pjes\u0117s autor\u0117: <\/strong>Goda SIMONAITYT\u0116<strong><br \/>Re\u017eisier\u0117:<\/strong> Goda SIMONAITYT\u0116<br \/><strong>Vaidina:<\/strong> Deividas BREIV\u0116, Povilas JATKEVI\u010cIUS, Ieva STA\u0160ELYT\u0116, Laurynas JURGELIS, Aleksas KAZANAVI\u010cIUS,<br \/><strong>Kompozitorius:<\/strong> Jok\u016bbas TULABA<br \/><strong>Vizualas:<\/strong> Armine SARGSYAN<\/span><\/p>\t\t\t\t\t\t<\/div>\n\t\t\t\t<\/div>\n\t\t\t\t<div class=\"elementor-element elementor-element-561bb491 elementor-align-left elementor-widget elementor-widget-button\" data-id=\"561bb491\" data-element_type=\"widget\" data-widget_type=\"button.default\">\n\t\t\t\t<div class=\"elementor-widget-container\">\n\t\t\t\t\t<div class=\"elementor-button-wrapper\">\n\t\t\t<a href=\"https:\/\/www.tiketa.lt\/LT\/iseities_taskas&#039;21__gyvuliai__pjeses_skaitymas_rez__goda_simonaityte_su_gp_25676\" class=\"elementor-button-link elementor-button elementor-size-md\" role=\"button\">\n\t\t\t\t\t\t<span class=\"elementor-button-content-wrapper\">\n\t\t\t\t\t\t<span class=\"elementor-button-text\">Tickets<\/span>\n\t\t<\/span>\n\t\t\t\t\t<\/a>\n\t\t<\/div>\n\t\t\t\t<\/div>\n\t\t\t\t<\/div>\n\t\t\t\t\t<\/div>\n\t\t<\/div>\n\t\t\t\t\t\t\t<\/div>\n\t\t<\/section>\n\t\t\t\t<section class=\"elementor-section elementor-top-section elementor-element elementor-element-16005146 elementor-section-full_width elementor-section-height-default elementor-section-height-default\" data-id=\"16005146\" data-element_type=\"section\" data-settings=\"{&quot;background_background&quot;:&quot;classic&quot;}\">\n\t\t\t\t\t\t<div class=\"elementor-container elementor-column-gap-default\">\n\t\t\t\t\t<div class=\"elementor-column elementor-col-100 elementor-top-column elementor-element elementor-element-73d75905\" data-id=\"73d75905\" data-element_type=\"column\">\n\t\t\t<div class=\"elementor-widget-wrap elementor-element-populated\">\n\t\t\t\t\t\t\t\t<div class=\"elementor-element elementor-element-7e67e075 elementor-widget elementor-widget-heading\" data-id=\"7e67e075\" data-element_type=\"widget\" data-widget_type=\"heading.default\">\n\t\t\t\t<div class=\"elementor-widget-container\">\n\t\t\t<h2 class=\"elementor-heading-title elementor-size-default\">Taip pat domint\u0173<\/h2>\t\t<\/div>\n\t\t\t\t<\/div>\n\t\t\t\t<div class=\"elementor-element elementor-element-15d234c1 elementor-widget-divider--view-line elementor-widget elementor-widget-divider\" data-id=\"15d234c1\" data-element_type=\"widget\" data-widget_type=\"divider.default\">\n\t\t\t\t<div class=\"elementor-widget-container\">\n\t\t\t\t\t<div class=\"elementor-divider\">\n\t\t\t<span class=\"elementor-divider-separator\">\n\t\t\t\t\t\t<\/span>\n\t\t<\/div>\n\t\t\t\t<\/div>\n\t\t\t\t<\/div>\n\t\t\t\t<div class=\"elementor-element elementor-element-54e0f3c8 elementor-widget elementor-widget-jet-portfolio\" data-id=\"54e0f3c8\" data-element_type=\"widget\" data-widget_type=\"jet-portfolio.default\">\n\t\t\t\t<div class=\"elementor-widget-container\">\n\t\t\t<div class=\"elementor-jet-portfolio jet-elements\">\n<div class=\"jet-portfolio layout-type-grid preset-type-4 layout-desktop-column-4 layout-tablet-column-2 layout-mobile-column-1\" data-settings=\"{&quot;layoutType&quot;:&quot;grid&quot;,&quot;columns&quot;:&quot;4&quot;,&quot;columnsTablet&quot;:&quot;2&quot;,&quot;columnsMobile&quot;:&quot;1&quot;,&quot;perPage&quot;:6}\"><div class=\"jet-portfolio__list\"><article class=\"jet-portfolio__item visible-status\" data-slug=\"{&quot;0&quot;:&quot;all&quot;}\">\n\t<div class=\"jet-portfolio__inner\">\n\t\t<a class=\"jet-portfolio__link\" href=\"http:\/\/iseitiestaskas.lt\/wp-content\/uploads\/2021\/08\/laiptines-2.jpg\" data-elementor-open-lightbox=\"yes\">\n\t\t\t<div class=\"jet-portfolio__image\">\n\t\t\t\t<img decoding=\"async\" class=\"jet-portfolio__image-instance\" src=\"https:\/\/iseitiestaskas.lt\/wp-content\/uploads\/2021\/08\/laiptines-2.jpg\" width=\"1690\" height=\"1645\"  alt=\"laiptines 2\" loading=\"lazy\">\t\t\t\t<div class=\"jet-portfolio__image-loader\"><span><\/span><\/div>\n\t\t\t<\/div>\n\t\t<\/a>\n\t\t<div class=\"jet-portfolio__content\">\n\t\t\t<div class=\"jet-portfolio__content-inner\"><span class=\"jet-portfolio__title\">PREMJERA! 2-OSIOS LAIPTIN\u0116S RESPUBLIKA<\/span><p class=\"jet-portfolio__desc\">re\u017e. Sigita Pikturnait\u0117 <\/p><a class=\"elementor-button elementor-size-md jet-portfolio__button\" href=\"https:\/\/iseitiestaskas.lt\/en\/2-osios-laiptines-respublika\/\"><span class=\"jet-portfolio__button-text\">+<\/span><\/a><\/div>\n\t\t<\/div>\n\t<\/div>\n<\/article><article class=\"jet-portfolio__item visible-status\" data-slug=\"{&quot;0&quot;:&quot;all&quot;}\">\n\t<div class=\"jet-portfolio__inner\">\n\t\t<a class=\"jet-portfolio__link\" href=\"http:\/\/iseitiestaskas.lt\/wp-content\/uploads\/2021\/08\/kissmas-1.jpg\" data-elementor-open-lightbox=\"yes\">\n\t\t\t<div class=\"jet-portfolio__image\">\n\t\t\t\t<img decoding=\"async\" class=\"jet-portfolio__image-instance\" src=\"https:\/\/iseitiestaskas.lt\/wp-content\/uploads\/2021\/08\/kissmas-1.jpg\" width=\"1690\" height=\"1645\"  alt=\"kissmas\" loading=\"lazy\">\t\t\t\t<div class=\"jet-portfolio__image-loader\"><span><\/span><\/div>\n\t\t\t<\/div>\n\t\t<\/a>\n\t\t<div class=\"jet-portfolio__content\">\n\t\t\t<div class=\"jet-portfolio__content-inner\"><span class=\"jet-portfolio__title\">KISSMAS<\/span><p class=\"jet-portfolio__desc\">aut. ir re\u017e. Tekl\u0117 Kavtaradz\u0117<\/p><a class=\"elementor-button elementor-size-md jet-portfolio__button\" href=\"https:\/\/iseitiestaskas.lt\/en\/kissmas\/\"><span class=\"jet-portfolio__button-text\">+<\/span><\/a><\/div>\n\t\t<\/div>\n\t<\/div>\n<\/article><article class=\"jet-portfolio__item visible-status\" data-slug=\"{&quot;0&quot;:&quot;all&quot;}\">\n\t<div class=\"jet-portfolio__inner\">\n\t\t<a class=\"jet-portfolio__link\" href=\"http:\/\/iseitiestaskas.lt\/wp-content\/uploads\/2021\/08\/uzsalimasjpg.jpg\" data-elementor-open-lightbox=\"yes\">\n\t\t\t<div class=\"jet-portfolio__image\">\n\t\t\t\t<img decoding=\"async\" class=\"jet-portfolio__image-instance\" src=\"https:\/\/iseitiestaskas.lt\/wp-content\/uploads\/2021\/08\/uzsalimasjpg.jpg\" width=\"1690\" height=\"1645\"  alt=\"uzsalimasjpg\" loading=\"lazy\">\t\t\t\t<div class=\"jet-portfolio__image-loader\"><span><\/span><\/div>\n\t\t\t<\/div>\n\t\t<\/a>\n\t\t<div class=\"jet-portfolio__content\">\n\t\t\t<div class=\"jet-portfolio__content-inner\"><span class=\"jet-portfolio__title\">U\u017d\u0160ALIMAS<\/span><p class=\"jet-portfolio__desc\">Lietuvos muzikos ir teatro akademija |\naut. ir re\u017e. Motiejus Ivanauskas<\/p><a class=\"elementor-button elementor-size-md jet-portfolio__button\" href=\"https:\/\/iseitiestaskas.lt\/en\/uzsalimas\/\"><span class=\"jet-portfolio__button-text\">+<\/span><\/a><\/div>\n\t\t<\/div>\n\t<\/div>\n<\/article><article class=\"jet-portfolio__item visible-status\" data-slug=\"{&quot;0&quot;:&quot;all&quot;}\">\n\t<div class=\"jet-portfolio__inner\">\n\t\t<a class=\"jet-portfolio__link\" href=\"http:\/\/iseitiestaskas.lt\/wp-content\/uploads\/2021\/08\/anti.jpg\" data-elementor-open-lightbox=\"yes\">\n\t\t\t<div class=\"jet-portfolio__image\">\n\t\t\t\t<img decoding=\"async\" class=\"jet-portfolio__image-instance\" src=\"https:\/\/iseitiestaskas.lt\/wp-content\/uploads\/2021\/08\/anti.jpg\" width=\"1690\" height=\"1645\"  alt=\"anti\" loading=\"lazy\">\t\t\t\t<div class=\"jet-portfolio__image-loader\"><span><\/span><\/div>\n\t\t\t<\/div>\n\t\t<\/a>\n\t\t<div class=\"jet-portfolio__content\">\n\t\t\t<div class=\"jet-portfolio__content-inner\"><span class=\"jet-portfolio__title\">ANTI<\/span><p class=\"jet-portfolio__desc\">Panev\u0117\u017eio teatras \u201eMenas\u201c | aut. ir re\u017e. Aleksandr \u0160pilevoj<\/p><a class=\"elementor-button elementor-size-md jet-portfolio__button\" href=\"https:\/\/iseitiestaskas.lt\/en\/anti\/\"><span class=\"jet-portfolio__button-text\">+<\/span><\/a><\/div>\n\t\t<\/div>\n\t<\/div>\n<\/article><\/div><\/div>\n<\/div>\t\t<\/div>\n\t\t\t\t<\/div>\n\t\t\t\t\t<\/div>\n\t\t<\/div>\n\t\t\t\t\t\t\t<\/div>\n\t\t<\/section>\n\t\t\t\t\t\t<\/div>\n\t\t\t\t\t<\/div>","protected":false},"excerpt":{"rendered":"<p>Gyvuliai Pjes\u0117s skaitymas 18:00 | Rugs\u0117jo 18 d. (\u0161e\u0161tadienis) Pjes\u0117 sukurta 2020 m.\u00a0 &#8222;I\u0161eities ta\u0161ko&#8221; vykusio jaun\u0173j\u0173 dramaturg\u0173 konkurso bei dirbtuvi\u0173 metu. Komisijos sprendimu \u0161i pjes\u0117 pateko tarp keturi\u0173 geriausi\u0173-nugal\u0117toj\u0173. -KOKIOJ VISUOMEN\u0116J MES GYVENAM? &#8211; KAS TOJE LIETUVOJE YRA GRYNAVEISLIAI? &#8211; MATAI MANE? &#8211; KOD\u0116L MOKYKLOJ NEMOKO TOKI\u0172 DALYK\u0172? &#8211; AR BUVO MANO KALT\u0116S? &#8211; [&hellip;]<\/p>","protected":false},"author":1,"featured_media":0,"parent":0,"menu_order":0,"comment_status":"closed","ping_status":"closed","template":"","meta":{"om_disable_all_campaigns":false,"_monsterinsights_skip_tracking":false,"_monsterinsights_sitenote_active":false,"_monsterinsights_sitenote_note":"","_monsterinsights_sitenote_category":0,"footnotes":""},"aioseo_notices":[],"_links":{"self":[{"href":"https:\/\/iseitiestaskas.lt\/en\/wp-json\/wp\/v2\/pages\/1005"}],"collection":[{"href":"https:\/\/iseitiestaskas.lt\/en\/wp-json\/wp\/v2\/pages"}],"about":[{"href":"https:\/\/iseitiestaskas.lt\/en\/wp-json\/wp\/v2\/types\/page"}],"author":[{"embeddable":true,"href":"https:\/\/iseitiestaskas.lt\/en\/wp-json\/wp\/v2\/users\/1"}],"replies":[{"embeddable":true,"href":"https:\/\/iseitiestaskas.lt\/en\/wp-json\/wp\/v2\/comments?post=1005"}],"version-history":[{"count":30,"href":"https:\/\/iseitiestaskas.lt\/en\/wp-json\/wp\/v2\/pages\/1005\/revisions"}],"predecessor-version":[{"id":1430,"href":"https:\/\/iseitiestaskas.lt\/en\/wp-json\/wp\/v2\/pages\/1005\/revisions\/1430"}],"wp:attachment":[{"href":"https:\/\/iseitiestaskas.lt\/en\/wp-json\/wp\/v2\/media?parent=1005"}],"curies":[{"name":"wp","href":"https:\/\/api.w.org\/{rel}","templated":true}]}}