{"id":1029,"date":"2021-08-29T17:47:50","date_gmt":"2021-08-29T17:47:50","guid":{"rendered":"http:\/\/iseitiestaskas.lt\/?page_id=1029"},"modified":"2021-09-17T10:58:23","modified_gmt":"2021-09-17T10:58:23","slug":"kissmas","status":"publish","type":"page","link":"https:\/\/iseitiestaskas.lt\/en\/kissmas\/","title":{"rendered":"KISSMAS"},"content":{"rendered":"<div data-elementor-type=\"wp-page\" data-elementor-id=\"1029\" class=\"elementor elementor-1029\" data-elementor-settings=\"[]\">\n\t\t\t\t\t\t\t<div class=\"elementor-section-wrap\">\n\t\t\t\t\t\t\t<section class=\"elementor-section elementor-top-section elementor-element elementor-element-67cb3591 elementor-section-boxed elementor-section-height-default elementor-section-height-default\" data-id=\"67cb3591\" data-element_type=\"section\">\n\t\t\t\t\t\t<div class=\"elementor-container elementor-column-gap-default\">\n\t\t\t\t\t<div class=\"elementor-column elementor-col-100 elementor-top-column elementor-element elementor-element-186563aa\" data-id=\"186563aa\" data-element_type=\"column\">\n\t\t\t<div class=\"elementor-widget-wrap elementor-element-populated\">\n\t\t\t\t\t\t\t\t<div class=\"elementor-element elementor-element-78c0bf54 elementor-widget elementor-widget-heading\" data-id=\"78c0bf54\" data-element_type=\"widget\" data-widget_type=\"heading.default\">\n\t\t\t\t<div class=\"elementor-widget-container\">\n\t\t\t<h2 class=\"elementor-heading-title elementor-size-default\">KISSMAS\n<\/h2>\t\t<\/div>\n\t\t\t\t<\/div>\n\t\t\t\t<div class=\"elementor-element elementor-element-23f242cb elementor-widget-divider--view-line elementor-widget elementor-widget-divider\" data-id=\"23f242cb\" data-element_type=\"widget\" data-widget_type=\"divider.default\">\n\t\t\t\t<div class=\"elementor-widget-container\">\n\t\t\t\t\t<div class=\"elementor-divider\">\n\t\t\t<span class=\"elementor-divider-separator\">\n\t\t\t\t\t\t<\/span>\n\t\t<\/div>\n\t\t\t\t<\/div>\n\t\t\t\t<\/div>\n\t\t\t\t<div class=\"elementor-element elementor-element-485e14fb elementor-widget elementor-widget-text-editor\" data-id=\"485e14fb\" data-element_type=\"widget\" data-widget_type=\"text-editor.default\">\n\t\t\t\t<div class=\"elementor-widget-container\">\n\t\t\t\t\t\t\t\t<p><em>Spektaklis<\/em><\/p>\t\t\t\t\t\t<\/div>\n\t\t\t\t<\/div>\n\t\t\t\t\t<\/div>\n\t\t<\/div>\n\t\t\t\t\t\t\t<\/div>\n\t\t<\/section>\n\t\t\t\t<section class=\"elementor-section elementor-top-section elementor-element elementor-element-7b11de0c elementor-section-boxed elementor-section-height-default elementor-section-height-default\" data-id=\"7b11de0c\" data-element_type=\"section\">\n\t\t\t\t\t\t<div class=\"elementor-container elementor-column-gap-default\">\n\t\t\t\t\t<div class=\"elementor-column elementor-col-50 elementor-top-column elementor-element elementor-element-724e999d\" data-id=\"724e999d\" data-element_type=\"column\">\n\t\t\t<div class=\"elementor-widget-wrap elementor-element-populated\">\n\t\t\t\t\t\t\t\t<div class=\"elementor-element elementor-element-7d369cd4 elementor-widget elementor-widget-image\" data-id=\"7d369cd4\" data-element_type=\"widget\" data-widget_type=\"image.default\">\n\t\t\t\t<div class=\"elementor-widget-container\">\n\t\t\t\t\t\t\t\t\t\t\t\t\t\t\t<img loading=\"lazy\" decoding=\"async\" width=\"1024\" height=\"997\" src=\"https:\/\/iseitiestaskas.lt\/wp-content\/uploads\/2021\/08\/kissmas-1-1024x997.jpg\" class=\"attachment-large size-large\" alt=\"\" srcset=\"https:\/\/iseitiestaskas.lt\/wp-content\/uploads\/2021\/08\/kissmas-1-1024x997.jpg 1024w, https:\/\/iseitiestaskas.lt\/wp-content\/uploads\/2021\/08\/kissmas-1-600x584.jpg 600w, https:\/\/iseitiestaskas.lt\/wp-content\/uploads\/2021\/08\/kissmas-1-300x292.jpg 300w, https:\/\/iseitiestaskas.lt\/wp-content\/uploads\/2021\/08\/kissmas-1-768x748.jpg 768w, https:\/\/iseitiestaskas.lt\/wp-content\/uploads\/2021\/08\/kissmas-1-1536x1495.jpg 1536w, https:\/\/iseitiestaskas.lt\/wp-content\/uploads\/2021\/08\/kissmas-1.jpg 1690w\" sizes=\"(max-width: 1024px) 100vw, 1024px\" \/>\t\t\t\t\t\t\t\t\t\t\t\t\t\t\t<\/div>\n\t\t\t\t<\/div>\n\t\t\t\t<div class=\"elementor-element elementor-element-aebf5d8 elementor-widget elementor-widget-image\" data-id=\"aebf5d8\" data-element_type=\"widget\" data-widget_type=\"image.default\">\n\t\t\t\t<div class=\"elementor-widget-container\">\n\t\t\t\t\t\t\t\t\t\t\t\t\t\t\t<img loading=\"lazy\" decoding=\"async\" width=\"1024\" height=\"684\" src=\"https:\/\/iseitiestaskas.lt\/wp-content\/uploads\/2021\/08\/Kissmas-184-1024x684.jpg\" class=\"attachment-large size-large\" alt=\"\" srcset=\"https:\/\/iseitiestaskas.lt\/wp-content\/uploads\/2021\/08\/Kissmas-184-1024x684.jpg 1024w, https:\/\/iseitiestaskas.lt\/wp-content\/uploads\/2021\/08\/Kissmas-184-scaled-600x401.jpg 600w, https:\/\/iseitiestaskas.lt\/wp-content\/uploads\/2021\/08\/Kissmas-184-300x200.jpg 300w, https:\/\/iseitiestaskas.lt\/wp-content\/uploads\/2021\/08\/Kissmas-184-768x513.jpg 768w, https:\/\/iseitiestaskas.lt\/wp-content\/uploads\/2021\/08\/Kissmas-184-391x260.jpg 391w, https:\/\/iseitiestaskas.lt\/wp-content\/uploads\/2021\/08\/Kissmas-184-1536x1025.jpg 1536w, https:\/\/iseitiestaskas.lt\/wp-content\/uploads\/2021\/08\/Kissmas-184-2048x1367.jpg 2048w\" sizes=\"(max-width: 1024px) 100vw, 1024px\" \/>\t\t\t\t\t\t\t\t\t\t\t\t\t\t\t<\/div>\n\t\t\t\t<\/div>\n\t\t\t\t\t<\/div>\n\t\t<\/div>\n\t\t\t\t<div class=\"elementor-column elementor-col-50 elementor-top-column elementor-element elementor-element-4609807c\" data-id=\"4609807c\" data-element_type=\"column\">\n\t\t\t<div class=\"elementor-widget-wrap elementor-element-populated\">\n\t\t\t\t\t\t\t\t<div class=\"elementor-element elementor-element-563a8654 elementor-widget elementor-widget-heading\" data-id=\"563a8654\" data-element_type=\"widget\" data-widget_type=\"heading.default\">\n\t\t\t\t<div class=\"elementor-widget-container\">\n\t\t\t<h5 class=\"elementor-heading-title elementor-size-default\">18:00 | Rugs\u0117jo 19 d. (sekmadienis)<\/h5>\t\t<\/div>\n\t\t\t\t<\/div>\n\t\t\t\t<div class=\"elementor-element elementor-element-1d689b8c elementor-widget elementor-widget-spacer\" data-id=\"1d689b8c\" data-element_type=\"widget\" data-widget_type=\"spacer.default\">\n\t\t\t\t<div class=\"elementor-widget-container\">\n\t\t\t\t\t<div class=\"elementor-spacer\">\n\t\t\t<div class=\"elementor-spacer-inner\"><\/div>\n\t\t<\/div>\n\t\t\t\t<\/div>\n\t\t\t\t<\/div>\n\t\t\t\t<div class=\"elementor-element elementor-element-fd2adce elementor-widget elementor-widget-text-editor\" data-id=\"fd2adce\" data-element_type=\"widget\" data-widget_type=\"text-editor.default\">\n\t\t\t\t<div class=\"elementor-widget-container\">\n\t\t\t\t\t\t\t\t<div class=\"o9v6fnle cxmmr5t8 oygrvhab hcukyx3x c1et5uql\">Spektaklis sukurtas Men\u0173 spaustuv\u0117s Jaun\u0173j\u0173 scenos meninink\u0173 programos \u201eAtvira erdv\u0117\u201820\u201c metu.<\/div><div>\u00a0<\/div><div class=\"o9v6fnle cxmmr5t8 oygrvhab hcukyx3x c1et5uql\">&#8222;Mes nebesame paaugliai ir jau niekada nebeb\u016bsime, bet dar visai neseniai buvome ten, kur esate j\u016bs.<\/div><div>\u00a0<\/div><div class=\"o9v6fnle cxmmr5t8 oygrvhab hcukyx3x c1et5uql\">Spektaklis apie paauglyst\u0119, kaip vien\u0105 svarbiausi\u0173 kism\u0173 \u017emogaus gyvenime. Kai kiekviena diena gali tapti i\u0161\u0161\u016bkiu apibr\u0117\u017eti save. Arba i\u0161likti.<\/div><div>\u00a0<\/div><div class=\"o9v6fnle cxmmr5t8 oygrvhab hcukyx3x c1et5uql\">Susitikime trumpiausioje stovykloj j\u016bs\u0173 gyvenime. Mes \u017eaid\u017eiame, tod\u0117l tapsime Roku (16), Monika (15), Kotryna (15) ir Laura (14).<\/div><div>\u00a0<\/div><div class=\"o9v6fnle cxmmr5t8 oygrvhab hcukyx3x c1et5uql\">Nuo mi\u0161ko iki kosmoso.<\/div><div class=\"o9v6fnle cxmmr5t8 oygrvhab hcukyx3x c1et5uql\">K\u0105 rei\u0161kia netekti draugo tuo metu, kai nieko svarbiau u\u017e draugyst\u0119 n\u0117ra?<\/div><div>\u00a0<\/div><div class=\"o9v6fnle cxmmr5t8 oygrvhab hcukyx3x c1et5uql\">K\u0105 rei\u0161kia steb\u0117ti, kaip viskas tavyje ir aplink tave kei\u010diasi, bet nieko negal\u0117ti d\u0117l to padaryti?&#8221;<\/div><div>\u00a0<\/div><div><div class=\"o9v6fnle cxmmr5t8 oygrvhab hcukyx3x c1et5uql\">Program\u0105 Atvira erdv\u0117 finansuoja Lietuvos kult\u016bros taryba, Vilniaus miesto savivaldyb\u0117.<\/div><div>\u00a0<\/div><div class=\"o9v6fnle cxmmr5t8 oygrvhab hcukyx3x c1et5uql\">Spektaklyje vartojami necenz\u016briniai \u017eod\u017eiai (N-14)<\/div><\/div>\t\t\t\t\t\t<\/div>\n\t\t\t\t<\/div>\n\t\t\t\t<div class=\"elementor-element elementor-element-53d03c54 elementor-widget elementor-widget-spacer\" data-id=\"53d03c54\" data-element_type=\"widget\" data-widget_type=\"spacer.default\">\n\t\t\t\t<div class=\"elementor-widget-container\">\n\t\t\t\t\t<div class=\"elementor-spacer\">\n\t\t\t<div class=\"elementor-spacer-inner\"><\/div>\n\t\t<\/div>\n\t\t\t\t<\/div>\n\t\t\t\t<\/div>\n\t\t\t\t<div class=\"elementor-element elementor-element-4dd3076 elementor-widget elementor-widget-heading\" data-id=\"4dd3076\" data-element_type=\"widget\" data-widget_type=\"heading.default\">\n\t\t\t\t<div class=\"elementor-widget-container\">\n\t\t\t<h5 class=\"elementor-heading-title elementor-size-default\">K\u016aRYBIN\u0116 KOMANDA<\/h5>\t\t<\/div>\n\t\t\t\t<\/div>\n\t\t\t\t<div class=\"elementor-element elementor-element-1c046729 elementor-widget elementor-widget-spacer\" data-id=\"1c046729\" data-element_type=\"widget\" data-widget_type=\"spacer.default\">\n\t\t\t\t<div class=\"elementor-widget-container\">\n\t\t\t\t\t<div class=\"elementor-spacer\">\n\t\t\t<div class=\"elementor-spacer-inner\"><\/div>\n\t\t<\/div>\n\t\t\t\t<\/div>\n\t\t\t\t<\/div>\n\t\t\t\t<div class=\"elementor-element elementor-element-50bd0817 elementor-widget elementor-widget-text-editor\" data-id=\"50bd0817\" data-element_type=\"widget\" data-widget_type=\"text-editor.default\">\n\t\t\t\t<div class=\"elementor-widget-container\">\n\t\t\t\t\t\t\t\t<p><span class=\"d2edcug0 hpfvmrgz qv66sw1b c1et5uql oi732d6d ik7dh3pa ht8s03o8 a8c37x1j keod5gw0 nxhoafnm aigsh9s9 d3f4x2em fe6kdd0r mau55g9w c8b282yb iv3no6db jq4qci2q a3bd9o3v b1v8xokw oo9gr5id\" dir=\"auto\"><strong>Re\u017eisier\u0117:<\/strong> Tekl\u0117 KAVTARADZ\u0116<br \/><strong>Vaidina:<\/strong> Art\u016bras DUBAKA, Gelmin\u0117 GLEM\u017dAIT\u0116, Kristina Marija KULINI\u010c, Tekl\u0117 KAVTARADZE, Dominykas MORK\u016aNAS<br \/><strong>Kompozitorius:<\/strong> Dominykas MORK\u016aNAS<br \/><strong>\u0160vies\u0173 dailininkas:<\/strong> Aistis Lansbergas<br \/><strong>Video projekcijos:<\/strong> Egl\u0117 Po\u0161kevi\u010di\u016bt\u0117<br \/><strong>Choreograf\u0117:<\/strong> Ieva Navickait\u0117<br \/><strong>Re\u017eis\u016bros konsultant\u0117:<\/strong> Kamil\u0117 Gudmonait\u0117<br \/><strong>Re\u017eisier\u0117s asistentas:<\/strong> Ignas Zalieckas<br \/><strong>Scenografas:<\/strong> Antanas Dubra<br \/><strong>Prodiuser\u0117:<\/strong> Rasa Kreg\u017edait\u0117<\/span><\/p>\t\t\t\t\t\t<\/div>\n\t\t\t\t<\/div>\n\t\t\t\t<div class=\"elementor-element elementor-element-4b3c8ce1 elementor-align-left elementor-widget elementor-widget-button\" data-id=\"4b3c8ce1\" data-element_type=\"widget\" data-widget_type=\"button.default\">\n\t\t\t\t<div class=\"elementor-widget-container\">\n\t\t\t\t\t<div class=\"elementor-button-wrapper\">\n\t\t\t<a href=\"https:\/\/www.tiketa.lt\/LT\/iseities_taskas&#039;21__kissmas__rez__tekle_kavtaradze_su_gp_25677\" class=\"elementor-button-link elementor-button elementor-size-md\" role=\"button\">\n\t\t\t\t\t\t<span class=\"elementor-button-content-wrapper\">\n\t\t\t\t\t\t<span class=\"elementor-button-text\">Tickets<\/span>\n\t\t<\/span>\n\t\t\t\t\t<\/a>\n\t\t<\/div>\n\t\t\t\t<\/div>\n\t\t\t\t<\/div>\n\t\t\t\t\t<\/div>\n\t\t<\/div>\n\t\t\t\t\t\t\t<\/div>\n\t\t<\/section>\n\t\t\t\t<section class=\"elementor-section elementor-top-section elementor-element elementor-element-5c71f053 elementor-section-full_width elementor-section-height-default elementor-section-height-default\" data-id=\"5c71f053\" data-element_type=\"section\" data-settings=\"{&quot;background_background&quot;:&quot;classic&quot;}\">\n\t\t\t\t\t\t<div class=\"elementor-container elementor-column-gap-default\">\n\t\t\t\t\t<div class=\"elementor-column elementor-col-100 elementor-top-column elementor-element elementor-element-777d9468\" data-id=\"777d9468\" data-element_type=\"column\">\n\t\t\t<div class=\"elementor-widget-wrap elementor-element-populated\">\n\t\t\t\t\t\t\t\t<div class=\"elementor-element elementor-element-45020ded elementor-widget elementor-widget-heading\" data-id=\"45020ded\" data-element_type=\"widget\" data-widget_type=\"heading.default\">\n\t\t\t\t<div class=\"elementor-widget-container\">\n\t\t\t<h2 class=\"elementor-heading-title elementor-size-default\">Taip pat domint\u0173<\/h2>\t\t<\/div>\n\t\t\t\t<\/div>\n\t\t\t\t<div class=\"elementor-element elementor-element-2e09da8a elementor-widget-divider--view-line elementor-widget elementor-widget-divider\" data-id=\"2e09da8a\" data-element_type=\"widget\" data-widget_type=\"divider.default\">\n\t\t\t\t<div class=\"elementor-widget-container\">\n\t\t\t\t\t<div class=\"elementor-divider\">\n\t\t\t<span class=\"elementor-divider-separator\">\n\t\t\t\t\t\t<\/span>\n\t\t<\/div>\n\t\t\t\t<\/div>\n\t\t\t\t<\/div>\n\t\t\t\t<div class=\"elementor-element elementor-element-1d75cd94 elementor-widget elementor-widget-spacer\" data-id=\"1d75cd94\" data-element_type=\"widget\" data-widget_type=\"spacer.default\">\n\t\t\t\t<div class=\"elementor-widget-container\">\n\t\t\t\t\t<div class=\"elementor-spacer\">\n\t\t\t<div class=\"elementor-spacer-inner\"><\/div>\n\t\t<\/div>\n\t\t\t\t<\/div>\n\t\t\t\t<\/div>\n\t\t\t\t\t<\/div>\n\t\t<\/div>\n\t\t\t\t\t\t\t<\/div>\n\t\t<\/section>\n\t\t\t\t<section class=\"elementor-section elementor-top-section elementor-element elementor-element-1c557e30 elementor-section-full_width elementor-section-height-default elementor-section-height-default\" data-id=\"1c557e30\" data-element_type=\"section\" data-settings=\"{&quot;background_background&quot;:&quot;classic&quot;}\">\n\t\t\t\t\t\t<div class=\"elementor-container elementor-column-gap-default\">\n\t\t\t\t\t<div class=\"elementor-column elementor-col-100 elementor-top-column elementor-element elementor-element-73a3afaf\" data-id=\"73a3afaf\" data-element_type=\"column\">\n\t\t\t<div class=\"elementor-widget-wrap elementor-element-populated\">\n\t\t\t\t\t\t\t\t<div class=\"elementor-element elementor-element-6314a517 elementor-widget elementor-widget-jet-portfolio\" data-id=\"6314a517\" data-element_type=\"widget\" data-widget_type=\"jet-portfolio.default\">\n\t\t\t\t<div class=\"elementor-widget-container\">\n\t\t\t<div class=\"elementor-jet-portfolio jet-elements\">\n<div class=\"jet-portfolio layout-type-grid preset-type-4 layout-desktop-column-4 layout-tablet-column-2 layout-mobile-column-1\" data-settings=\"{&quot;layoutType&quot;:&quot;grid&quot;,&quot;columns&quot;:&quot;4&quot;,&quot;columnsTablet&quot;:&quot;2&quot;,&quot;columnsMobile&quot;:&quot;1&quot;,&quot;perPage&quot;:6}\"><div class=\"jet-portfolio__list\"><article class=\"jet-portfolio__item visible-status\" data-slug=\"{&quot;0&quot;:&quot;all&quot;}\">\n\t<div class=\"jet-portfolio__inner\">\n\t\t<a class=\"jet-portfolio__link\" href=\"http:\/\/iseitiestaskas.lt\/wp-content\/uploads\/2021\/08\/laiptines-2.jpg\" data-elementor-open-lightbox=\"yes\">\n\t\t\t<div class=\"jet-portfolio__image\">\n\t\t\t\t<img decoding=\"async\" class=\"jet-portfolio__image-instance\" src=\"https:\/\/iseitiestaskas.lt\/wp-content\/uploads\/2021\/08\/laiptines-2.jpg\" width=\"1690\" height=\"1645\"  alt=\"laiptines 2\" loading=\"lazy\">\t\t\t\t<div class=\"jet-portfolio__image-loader\"><span><\/span><\/div>\n\t\t\t<\/div>\n\t\t<\/a>\n\t\t<div class=\"jet-portfolio__content\">\n\t\t\t<div class=\"jet-portfolio__content-inner\"><span class=\"jet-portfolio__title\">PREMJERA! 2-OSIOS LAIPTIN\u0116S RESPUBLIKA<\/span><p class=\"jet-portfolio__desc\">re\u017e. Sigita Pikturnait\u0117 <\/p><a class=\"elementor-button elementor-size-md jet-portfolio__button\" href=\"https:\/\/iseitiestaskas.lt\/en\/2-osios-laiptines-respublika\/\"><span class=\"jet-portfolio__button-text\">+<\/span><\/a><\/div>\n\t\t<\/div>\n\t<\/div>\n<\/article><article class=\"jet-portfolio__item visible-status\" data-slug=\"{&quot;0&quot;:&quot;all&quot;}\">\n\t<div class=\"jet-portfolio__inner\">\n\t\t<a class=\"jet-portfolio__link\" href=\"http:\/\/iseitiestaskas.lt\/wp-content\/uploads\/2021\/08\/gyvuliaijpg.jpg\" data-elementor-open-lightbox=\"yes\">\n\t\t\t<div class=\"jet-portfolio__image\">\n\t\t\t\t<img decoding=\"async\" class=\"jet-portfolio__image-instance\" src=\"https:\/\/iseitiestaskas.lt\/wp-content\/uploads\/2021\/08\/gyvuliaijpg.jpg\" width=\"1690\" height=\"1645\"  alt=\"gyvuliai\" loading=\"lazy\">\t\t\t\t<div class=\"jet-portfolio__image-loader\"><span><\/span><\/div>\n\t\t\t<\/div>\n\t\t<\/a>\n\t\t<div class=\"jet-portfolio__content\">\n\t\t\t<div class=\"jet-portfolio__content-inner\"><span class=\"jet-portfolio__title\">GYVULIAI<\/span><p class=\"jet-portfolio__desc\">Pjes\u0117s skaitymas | aut. Goda Simonaityt\u0117<\/p><a class=\"elementor-button elementor-size-md jet-portfolio__button\" href=\"https:\/\/iseitiestaskas.lt\/en\/gyvuliai\/\"><span class=\"jet-portfolio__button-text\">+<\/span><\/a><\/div>\n\t\t<\/div>\n\t<\/div>\n<\/article><article class=\"jet-portfolio__item visible-status\" data-slug=\"{&quot;0&quot;:&quot;all&quot;}\">\n\t<div class=\"jet-portfolio__inner\">\n\t\t<a class=\"jet-portfolio__link\" href=\"http:\/\/iseitiestaskas.lt\/wp-content\/uploads\/2021\/08\/delasferos.jpg\" data-elementor-open-lightbox=\"yes\">\n\t\t\t<div class=\"jet-portfolio__image\">\n\t\t\t\t<img decoding=\"async\" class=\"jet-portfolio__image-instance\" src=\"https:\/\/iseitiestaskas.lt\/wp-content\/uploads\/2021\/08\/delasferos.jpg\" width=\"1690\" height=\"1645\"  alt=\"delasferos\" loading=\"lazy\">\t\t\t\t<div class=\"jet-portfolio__image-loader\"><span><\/span><\/div>\n\t\t\t<\/div>\n\t\t<\/a>\n\t\t<div class=\"jet-portfolio__content\">\n\t\t\t<div class=\"jet-portfolio__content-inner\"><span class=\"jet-portfolio__title\">DELASFEROS koncertas<\/span><p class=\"jet-portfolio__desc\">Grup\u0117s \u201cDelasferos\u201d debiutinio albumo DEALSFERA pristatymas<\/p><a class=\"elementor-button elementor-size-md jet-portfolio__button\" href=\"https:\/\/iseitiestaskas.lt\/en\/delasferos-koncertas\/\"><span class=\"jet-portfolio__button-text\">+<\/span><\/a><\/div>\n\t\t<\/div>\n\t<\/div>\n<\/article><article class=\"jet-portfolio__item visible-status\" data-slug=\"{&quot;0&quot;:&quot;all&quot;}\">\n\t<div class=\"jet-portfolio__inner\">\n\t\t<a class=\"jet-portfolio__link\" href=\"http:\/\/iseitiestaskas.lt\/wp-content\/uploads\/2021\/08\/anti.jpg\" data-elementor-open-lightbox=\"yes\">\n\t\t\t<div class=\"jet-portfolio__image\">\n\t\t\t\t<img decoding=\"async\" class=\"jet-portfolio__image-instance\" src=\"https:\/\/iseitiestaskas.lt\/wp-content\/uploads\/2021\/08\/anti.jpg\" width=\"1690\" height=\"1645\"  alt=\"anti\" loading=\"lazy\">\t\t\t\t<div class=\"jet-portfolio__image-loader\"><span><\/span><\/div>\n\t\t\t<\/div>\n\t\t<\/a>\n\t\t<div class=\"jet-portfolio__content\">\n\t\t\t<div class=\"jet-portfolio__content-inner\"><span class=\"jet-portfolio__title\">ANTI<\/span><p class=\"jet-portfolio__desc\">Panev\u0117\u017eio teatras \u201eMenas\u201c | aut. ir re\u017e. Aleksandr \u0160pilevoj<\/p><a class=\"elementor-button elementor-size-md jet-portfolio__button\" href=\"https:\/\/iseitiestaskas.lt\/en\/anti\/\"><span class=\"jet-portfolio__button-text\">+<\/span><\/a><\/div>\n\t\t<\/div>\n\t<\/div>\n<\/article><\/div><\/div>\n<\/div>\t\t<\/div>\n\t\t\t\t<\/div>\n\t\t\t\t\t<\/div>\n\t\t<\/div>\n\t\t\t\t\t\t\t<\/div>\n\t\t<\/section>\n\t\t\t\t\t\t<\/div>\n\t\t\t\t\t<\/div>","protected":false},"excerpt":{"rendered":"<p>KISSMAS Spektaklis 18:00 | Rugs\u0117jo 19 d. (sekmadienis) Spektaklis sukurtas Men\u0173 spaustuv\u0117s Jaun\u0173j\u0173 scenos meninink\u0173 programos \u201eAtvira erdv\u0117\u201820\u201c metu.\u00a0&#8222;Mes nebesame paaugliai ir jau niekada nebeb\u016bsime, bet dar visai neseniai buvome ten, kur esate j\u016bs.\u00a0Spektaklis apie paauglyst\u0119, kaip vien\u0105 svarbiausi\u0173 kism\u0173 \u017emogaus gyvenime. Kai kiekviena diena gali tapti i\u0161\u0161\u016bkiu apibr\u0117\u017eti save. Arba i\u0161likti.\u00a0Susitikime trumpiausioje stovykloj j\u016bs\u0173 [&hellip;]<\/p>","protected":false},"author":1,"featured_media":0,"parent":0,"menu_order":0,"comment_status":"closed","ping_status":"closed","template":"","meta":{"om_disable_all_campaigns":false,"_monsterinsights_skip_tracking":false,"_monsterinsights_sitenote_active":false,"_monsterinsights_sitenote_note":"","_monsterinsights_sitenote_category":0,"footnotes":""},"aioseo_notices":[],"_links":{"self":[{"href":"https:\/\/iseitiestaskas.lt\/en\/wp-json\/wp\/v2\/pages\/1029"}],"collection":[{"href":"https:\/\/iseitiestaskas.lt\/en\/wp-json\/wp\/v2\/pages"}],"about":[{"href":"https:\/\/iseitiestaskas.lt\/en\/wp-json\/wp\/v2\/types\/page"}],"author":[{"embeddable":true,"href":"https:\/\/iseitiestaskas.lt\/en\/wp-json\/wp\/v2\/users\/1"}],"replies":[{"embeddable":true,"href":"https:\/\/iseitiestaskas.lt\/en\/wp-json\/wp\/v2\/comments?post=1029"}],"version-history":[{"count":10,"href":"https:\/\/iseitiestaskas.lt\/en\/wp-json\/wp\/v2\/pages\/1029\/revisions"}],"predecessor-version":[{"id":1427,"href":"https:\/\/iseitiestaskas.lt\/en\/wp-json\/wp\/v2\/pages\/1029\/revisions\/1427"}],"wp:attachment":[{"href":"https:\/\/iseitiestaskas.lt\/en\/wp-json\/wp\/v2\/media?parent=1029"}],"curies":[{"name":"wp","href":"https:\/\/api.w.org\/{rel}","templated":true}]}}