{"id":1043,"date":"2021-08-29T17:51:34","date_gmt":"2021-08-29T17:51:34","guid":{"rendered":"http:\/\/iseitiestaskas.lt\/?page_id=1043"},"modified":"2021-08-29T21:40:29","modified_gmt":"2021-08-29T21:40:29","slug":"juodi-bateliai","status":"publish","type":"page","link":"https:\/\/iseitiestaskas.lt\/en\/juodi-bateliai\/","title":{"rendered":"Juodi bateliai"},"content":{"rendered":"<div data-elementor-type=\"wp-page\" data-elementor-id=\"1043\" class=\"elementor elementor-1043\" data-elementor-settings=\"[]\">\n\t\t\t\t\t\t\t<div class=\"elementor-section-wrap\">\n\t\t\t\t\t\t\t<section class=\"elementor-section elementor-top-section elementor-element elementor-element-29639493 elementor-section-boxed elementor-section-height-default elementor-section-height-default\" data-id=\"29639493\" data-element_type=\"section\">\n\t\t\t\t\t\t<div class=\"elementor-container elementor-column-gap-default\">\n\t\t\t\t\t<div class=\"elementor-column elementor-col-100 elementor-top-column elementor-element elementor-element-2f5bcf09\" data-id=\"2f5bcf09\" data-element_type=\"column\">\n\t\t\t<div class=\"elementor-widget-wrap elementor-element-populated\">\n\t\t\t\t\t\t\t\t<div class=\"elementor-element elementor-element-27d1852a elementor-widget elementor-widget-heading\" data-id=\"27d1852a\" data-element_type=\"widget\" data-widget_type=\"heading.default\">\n\t\t\t\t<div class=\"elementor-widget-container\">\n\t\t\t<h2 class=\"elementor-heading-title elementor-size-default\">JUODI BATELIAI\n<\/h2>\t\t<\/div>\n\t\t\t\t<\/div>\n\t\t\t\t<div class=\"elementor-element elementor-element-702b93d8 elementor-widget-divider--view-line elementor-widget elementor-widget-divider\" data-id=\"702b93d8\" data-element_type=\"widget\" data-widget_type=\"divider.default\">\n\t\t\t\t<div class=\"elementor-widget-container\">\n\t\t\t\t\t<div class=\"elementor-divider\">\n\t\t\t<span class=\"elementor-divider-separator\">\n\t\t\t\t\t\t<\/span>\n\t\t<\/div>\n\t\t\t\t<\/div>\n\t\t\t\t<\/div>\n\t\t\t\t<div class=\"elementor-element elementor-element-1f02c8a3 elementor-widget elementor-widget-text-editor\" data-id=\"1f02c8a3\" data-element_type=\"widget\" data-widget_type=\"text-editor.default\">\n\t\t\t\t<div class=\"elementor-widget-container\">\n\t\t\t\t\t\t\t\t<p><em>Spektaklis<\/em><\/p>\t\t\t\t\t\t<\/div>\n\t\t\t\t<\/div>\n\t\t\t\t\t<\/div>\n\t\t<\/div>\n\t\t\t\t\t\t\t<\/div>\n\t\t<\/section>\n\t\t\t\t<section class=\"elementor-section elementor-top-section elementor-element elementor-element-46d56535 elementor-section-boxed elementor-section-height-default elementor-section-height-default\" data-id=\"46d56535\" data-element_type=\"section\">\n\t\t\t\t\t\t<div class=\"elementor-container elementor-column-gap-default\">\n\t\t\t\t\t<div class=\"elementor-column elementor-col-50 elementor-top-column elementor-element elementor-element-7003314f\" data-id=\"7003314f\" data-element_type=\"column\">\n\t\t\t<div class=\"elementor-widget-wrap elementor-element-populated\">\n\t\t\t\t\t\t\t\t<div class=\"elementor-element elementor-element-7a817bcb elementor-widget elementor-widget-image\" data-id=\"7a817bcb\" data-element_type=\"widget\" data-widget_type=\"image.default\">\n\t\t\t\t<div class=\"elementor-widget-container\">\n\t\t\t\t\t\t\t\t\t\t\t\t\t\t\t<img loading=\"lazy\" decoding=\"async\" width=\"1024\" height=\"997\" src=\"https:\/\/iseitiestaskas.lt\/wp-content\/uploads\/2021\/08\/juodi-bateliai-1024x997.jpg\" class=\"attachment-large size-large\" alt=\"\" srcset=\"https:\/\/iseitiestaskas.lt\/wp-content\/uploads\/2021\/08\/juodi-bateliai-1024x997.jpg 1024w, https:\/\/iseitiestaskas.lt\/wp-content\/uploads\/2021\/08\/juodi-bateliai-e1631876140828-600x584.jpg 600w, https:\/\/iseitiestaskas.lt\/wp-content\/uploads\/2021\/08\/juodi-bateliai-300x292.jpg 300w, https:\/\/iseitiestaskas.lt\/wp-content\/uploads\/2021\/08\/juodi-bateliai-768x748.jpg 768w, https:\/\/iseitiestaskas.lt\/wp-content\/uploads\/2021\/08\/juodi-bateliai-1536x1495.jpg 1536w, https:\/\/iseitiestaskas.lt\/wp-content\/uploads\/2021\/08\/juodi-bateliai-e1631876140828.jpg 900w\" sizes=\"(max-width: 1024px) 100vw, 1024px\" \/>\t\t\t\t\t\t\t\t\t\t\t\t\t\t\t<\/div>\n\t\t\t\t<\/div>\n\t\t\t\t<div class=\"elementor-element elementor-element-08d8e70 elementor-widget elementor-widget-image\" data-id=\"08d8e70\" data-element_type=\"widget\" data-widget_type=\"image.default\">\n\t\t\t\t<div class=\"elementor-widget-container\">\n\t\t\t\t\t\t\t\t\t\t\t\t\t\t\t<img loading=\"lazy\" decoding=\"async\" width=\"1024\" height=\"640\" src=\"https:\/\/iseitiestaskas.lt\/wp-content\/uploads\/2021\/08\/1-1024x640.jpeg\" class=\"attachment-large size-large\" alt=\"\" srcset=\"https:\/\/iseitiestaskas.lt\/wp-content\/uploads\/2021\/08\/1-1024x640.jpeg 1024w, https:\/\/iseitiestaskas.lt\/wp-content\/uploads\/2021\/08\/1-600x375.jpeg 600w, https:\/\/iseitiestaskas.lt\/wp-content\/uploads\/2021\/08\/1-300x188.jpeg 300w, https:\/\/iseitiestaskas.lt\/wp-content\/uploads\/2021\/08\/1-768x480.jpeg 768w, https:\/\/iseitiestaskas.lt\/wp-content\/uploads\/2021\/08\/1.jpeg 1280w\" sizes=\"(max-width: 1024px) 100vw, 1024px\" \/>\t\t\t\t\t\t\t\t\t\t\t\t\t\t\t<\/div>\n\t\t\t\t<\/div>\n\t\t\t\t<div class=\"elementor-element elementor-element-ef622e7 elementor-widget elementor-widget-image\" data-id=\"ef622e7\" data-element_type=\"widget\" data-widget_type=\"image.default\">\n\t\t\t\t<div class=\"elementor-widget-container\">\n\t\t\t\t\t\t\t\t\t\t\t\t\t\t\t<img loading=\"lazy\" decoding=\"async\" width=\"1024\" height=\"640\" src=\"https:\/\/iseitiestaskas.lt\/wp-content\/uploads\/2021\/08\/2-1024x640.jpeg\" class=\"attachment-large size-large\" alt=\"\" srcset=\"https:\/\/iseitiestaskas.lt\/wp-content\/uploads\/2021\/08\/2-1024x640.jpeg 1024w, https:\/\/iseitiestaskas.lt\/wp-content\/uploads\/2021\/08\/2-600x375.jpeg 600w, https:\/\/iseitiestaskas.lt\/wp-content\/uploads\/2021\/08\/2-300x188.jpeg 300w, https:\/\/iseitiestaskas.lt\/wp-content\/uploads\/2021\/08\/2-768x480.jpeg 768w, https:\/\/iseitiestaskas.lt\/wp-content\/uploads\/2021\/08\/2.jpeg 1280w\" sizes=\"(max-width: 1024px) 100vw, 1024px\" \/>\t\t\t\t\t\t\t\t\t\t\t\t\t\t\t<\/div>\n\t\t\t\t<\/div>\n\t\t\t\t\t<\/div>\n\t\t<\/div>\n\t\t\t\t<div class=\"elementor-column elementor-col-50 elementor-top-column elementor-element elementor-element-6331303c\" data-id=\"6331303c\" data-element_type=\"column\">\n\t\t\t<div class=\"elementor-widget-wrap elementor-element-populated\">\n\t\t\t\t\t\t\t\t<div class=\"elementor-element elementor-element-1e010784 elementor-widget elementor-widget-heading\" data-id=\"1e010784\" data-element_type=\"widget\" data-widget_type=\"heading.default\">\n\t\t\t\t<div class=\"elementor-widget-container\">\n\t\t\t<h5 class=\"elementor-heading-title elementor-size-default\">18:30 | Rugs\u0117jo 21 d. (antradienis)<\/h5>\t\t<\/div>\n\t\t\t\t<\/div>\n\t\t\t\t<div class=\"elementor-element elementor-element-2e93070 elementor-widget elementor-widget-spacer\" data-id=\"2e93070\" data-element_type=\"widget\" data-widget_type=\"spacer.default\">\n\t\t\t\t<div class=\"elementor-widget-container\">\n\t\t\t\t\t<div class=\"elementor-spacer\">\n\t\t\t<div class=\"elementor-spacer-inner\"><\/div>\n\t\t<\/div>\n\t\t\t\t<\/div>\n\t\t\t\t<\/div>\n\t\t\t\t<div class=\"elementor-element elementor-element-79ca0ea3 elementor-widget elementor-widget-text-editor\" data-id=\"79ca0ea3\" data-element_type=\"widget\" data-widget_type=\"text-editor.default\">\n\t\t\t\t<div class=\"elementor-widget-container\">\n\t\t\t\t\t\t\t\t<div class=\"o9v6fnle cxmmr5t8 oygrvhab hcukyx3x c1et5uql\">Spektaklis \u201eJuodi bateliai\u201d gim\u0117 i\u0161 \u017eaidimo su Sebastian Majewski pjese \u201cD\u0117\u0161inys ir Kairys su kulniuku\u201d, kuri Lenkijos publikai pirm\u0105 kart\u0105 pristatyta 2007 metais ir dabarties neapykantos \u017eenklais.<\/div><div>\u00a0<\/div><div class=\"o9v6fnle cxmmr5t8 oygrvhab hcukyx3x c1et5uql\">Tai siurrealisti\u0161kai dokumentin\u0117 dviej\u0173 Tre\u010diojo Reicho propagandos ministro \u017emonos Magdos Goebbels bat\u0173 kelion\u0117. Ji pradeda garsiajame Niurembergo teisme, kuriame jiems skiriama \u017eiauriausia bausm\u0117 &#8211; tremtis \u012f Rytu. Jos pabaiga &#8211; m\u016bs\u0173 dabartis.<\/div><div>\u00a0<\/div><div class=\"o9v6fnle cxmmr5t8 oygrvhab hcukyx3x c1et5uql\">Re\u017eisierius Aivaras Micius apie spektakl\u012f: \u201eRyt\u0173 Europos pokario istorija i\u0161siskiria savo brutalumu, ji kaip m\u0117smal\u0117 trai\u0161k\u0117 i\u0161tisas tautas, j\u0173 \u017emoni\u0173 gyvenimus. Nors regiono \u0161alys skiriasi, ta\u010diau jas vienija bendros \u012fvyki\u0173 sekos pa\u017eenklintas skausmas.<\/div><div>\u00a0<\/div><div class=\"o9v6fnle cxmmr5t8 oygrvhab hcukyx3x c1et5uql\">N\u0117ra \u0161eimos, kurioje nesivaident\u0173 kraupi\u0173 prisiminim\u0173 ar ne\u017emoni\u0161k\u0173 i\u0161gyvenim\u0173 \u0161m\u0117klos. Vakarai savo atgimim\u0105 prad\u0117jo po karo pabaigos, ta\u010diau Rytai dar ir \u0161iandien vaduojasi i\u0161 praeities traum\u0173 gniau\u017et\u0173. S. Majewski tai puikiai u\u017e\u010diuop\u0117 ir su groteski\u0161ku prieskoniu perteik\u0117 tai savo pjes\u0117je. Tai dabar gyvenan\u010dio \u017emogaus santyk\u012f su istorija ir pa\u010diu savimi reflektuojanti dramaturgija.<\/div><div>\u00a0<\/div><div class=\"o9v6fnle cxmmr5t8 oygrvhab hcukyx3x c1et5uql\">\u0160i tema aktuali ir mums Lietuvoje, kur XX a. istorin\u0117s traumos ir j\u0173 \u012ftaka dabar\u010diai vis sunkiau suprantama, ypa\u010d jaunajai kartai, ta\u010diau tuo pa\u010diu metu \u0161is laikotarpis lieka vienas did\u017eiausi\u0173 m\u016bs\u0173 visuomen\u0119 prie\u0161inan\u010di\u0173 klausim\u0173.<\/div><div>\u00a0<\/div><div class=\"o9v6fnle cxmmr5t8 oygrvhab hcukyx3x c1et5uql\">Negana to, vyraujantis pasimetimas, baim\u0117, ap\u010diuopiamos tikrov\u0117s nykimas, socialini\u0173 medij\u0173 manipuliacijos ir konspiraciniai burbulai i\u0161virsta \u012f makabri\u0161kas \u017einiasklaidos antra\u0161tes, absurdi\u0161kus politik\u0173 pa\u017eadus, nesustabdom\u0105 nor\u0105 tur\u0117ti nuomon\u0119 visais klausimas.<\/div><div>\u00a0<\/div><div class=\"o9v6fnle cxmmr5t8 oygrvhab hcukyx3x c1et5uql\">Kai i\u0161girsti kit\u0105 darosi vis sunkiau, o sustoti ir \u012fvertinti kur atsid\u016br\u0117m ir kur judame n\u0117ra laiko, kai asmenin\u0117 tiesa tampa svaresn\u0117 u\u017e faktus, o racionali diskusija pakei\u010diama ideologiniais kaltinimais, prie\u0161intis svarbiau nei i\u0161girsti, kyla jausmas, jog pasibaigia dar vienas laikotarpis ir mes \u012f\u017eengiame \u012f savoti\u0161k\u0105 visuotin\u012f sapn\u0105. Jame taisykles kuria garsiausiai r\u0117kiantys ir matantys daugiausiai prie\u0161\u0173, tarsi ko\u0161maras, kuris ryja atsisakan\u010dius b\u016bti jo dalimi.<\/div><div>\u00a0<\/div><div><span class=\"d2edcug0 hpfvmrgz qv66sw1b c1et5uql oi732d6d ik7dh3pa ht8s03o8 a8c37x1j keod5gw0 nxhoafnm aigsh9s9 d3f4x2em fe6kdd0r mau55g9w c8b282yb iv3no6db jq4qci2q a3bd9o3v b1v8xokw oo9gr5id\" dir=\"auto\">Projekt\u0105 finansuoja Lietuvos kult\u016bros taryba ir Vilniaus miesto savivaldyb\u0117, Jaun\u0173j\u0173 meninink\u0173 programa Atvira erdv\u0117\u201819<\/span><\/div>\t\t\t\t\t\t<\/div>\n\t\t\t\t<\/div>\n\t\t\t\t<div class=\"elementor-element elementor-element-247373e4 elementor-widget elementor-widget-spacer\" data-id=\"247373e4\" data-element_type=\"widget\" data-widget_type=\"spacer.default\">\n\t\t\t\t<div class=\"elementor-widget-container\">\n\t\t\t\t\t<div class=\"elementor-spacer\">\n\t\t\t<div class=\"elementor-spacer-inner\"><\/div>\n\t\t<\/div>\n\t\t\t\t<\/div>\n\t\t\t\t<\/div>\n\t\t\t\t<div class=\"elementor-element elementor-element-a653b8d elementor-widget elementor-widget-heading\" data-id=\"a653b8d\" data-element_type=\"widget\" data-widget_type=\"heading.default\">\n\t\t\t\t<div class=\"elementor-widget-container\">\n\t\t\t<h5 class=\"elementor-heading-title elementor-size-default\">K\u016aRYBIN\u0116 KOMANDA<\/h5>\t\t<\/div>\n\t\t\t\t<\/div>\n\t\t\t\t<div class=\"elementor-element elementor-element-38c44547 elementor-widget elementor-widget-spacer\" data-id=\"38c44547\" data-element_type=\"widget\" data-widget_type=\"spacer.default\">\n\t\t\t\t<div class=\"elementor-widget-container\">\n\t\t\t\t\t<div class=\"elementor-spacer\">\n\t\t\t<div class=\"elementor-spacer-inner\"><\/div>\n\t\t<\/div>\n\t\t\t\t<\/div>\n\t\t\t\t<\/div>\n\t\t\t\t<div class=\"elementor-element elementor-element-303d7a8e elementor-widget elementor-widget-text-editor\" data-id=\"303d7a8e\" data-element_type=\"widget\" data-widget_type=\"text-editor.default\">\n\t\t\t\t<div class=\"elementor-widget-container\">\n\t\t\t\t\t\t\t\t<div class=\"o9v6fnle cxmmr5t8 oygrvhab hcukyx3x c1et5uql\"><strong>Re\u017eisierius:<\/strong> Aivaras Micius<br \/><strong>Autorius:<\/strong> Pilgrim\/Majewski<br \/><strong>Vaidina:<\/strong> Kamil\u0117 Petru\u0161kevi\u010di\u016bt\u0117, Fausta Semionovait\u0117<br \/><strong>Kompozitorius:<\/strong> Mantvydas Leonas Pranulis<br \/><strong>Videomenininkas:<\/strong> Kornelijus Jaro\u0161evi\u010dius<br \/><strong>Kostium\u0173 dizainer\u0117:<\/strong> Simona Davlidovi\u010di\u016bt\u0117<br \/><strong>\u0160vies\u0173 dailininkas:<\/strong> Monika \u0160erstabojavait\u0117<br \/><strong>I\u0161 lenk\u0173 kalbos vert\u0117<\/strong> Andrius Jevsejevas.<\/div><div class=\"o9v6fnle cxmmr5t8 oygrvhab hcukyx3x c1et5uql\"><strong>Dramaturgijos asistent\u0117:<\/strong> Inga Sanakojevait\u0117<br \/><strong>Scenografijos asistent\u0117:<\/strong> Au\u0161ra Tubutyt\u0117<\/div>\t\t\t\t\t\t<\/div>\n\t\t\t\t<\/div>\n\t\t\t\t<div class=\"elementor-element elementor-element-6197a711 elementor-align-left elementor-widget elementor-widget-button\" data-id=\"6197a711\" data-element_type=\"widget\" data-widget_type=\"button.default\">\n\t\t\t\t<div class=\"elementor-widget-container\">\n\t\t\t\t\t<div class=\"elementor-button-wrapper\">\n\t\t\t<a href=\"https:\/\/www.tiketa.lt\/LT\/iseities_taskas&#039;21__juodi_bateliai__rez__aivaras_micius_su_gp_25685\" class=\"elementor-button-link elementor-button elementor-size-md\" role=\"button\">\n\t\t\t\t\t\t<span class=\"elementor-button-content-wrapper\">\n\t\t\t\t\t\t<span class=\"elementor-button-text\">Tickets<\/span>\n\t\t<\/span>\n\t\t\t\t\t<\/a>\n\t\t<\/div>\n\t\t\t\t<\/div>\n\t\t\t\t<\/div>\n\t\t\t\t\t<\/div>\n\t\t<\/div>\n\t\t\t\t\t\t\t<\/div>\n\t\t<\/section>\n\t\t\t\t<section class=\"elementor-section elementor-top-section elementor-element elementor-element-79c3d952 elementor-section-full_width elementor-section-height-default elementor-section-height-default\" data-id=\"79c3d952\" data-element_type=\"section\" data-settings=\"{&quot;background_background&quot;:&quot;classic&quot;}\">\n\t\t\t\t\t\t<div class=\"elementor-container elementor-column-gap-default\">\n\t\t\t\t\t<div class=\"elementor-column elementor-col-100 elementor-top-column elementor-element elementor-element-7c84679d\" data-id=\"7c84679d\" data-element_type=\"column\">\n\t\t\t<div class=\"elementor-widget-wrap elementor-element-populated\">\n\t\t\t\t\t\t\t\t<div class=\"elementor-element elementor-element-6a939fc8 elementor-widget elementor-widget-heading\" data-id=\"6a939fc8\" data-element_type=\"widget\" data-widget_type=\"heading.default\">\n\t\t\t\t<div class=\"elementor-widget-container\">\n\t\t\t<h2 class=\"elementor-heading-title elementor-size-default\">Taip pat domint\u0173<\/h2>\t\t<\/div>\n\t\t\t\t<\/div>\n\t\t\t\t<div class=\"elementor-element elementor-element-d2b927e elementor-widget-divider--view-line elementor-widget elementor-widget-divider\" data-id=\"d2b927e\" data-element_type=\"widget\" data-widget_type=\"divider.default\">\n\t\t\t\t<div class=\"elementor-widget-container\">\n\t\t\t\t\t<div class=\"elementor-divider\">\n\t\t\t<span class=\"elementor-divider-separator\">\n\t\t\t\t\t\t<\/span>\n\t\t<\/div>\n\t\t\t\t<\/div>\n\t\t\t\t<\/div>\n\t\t\t\t<div class=\"elementor-element elementor-element-4a4c7eaa elementor-widget elementor-widget-spacer\" data-id=\"4a4c7eaa\" data-element_type=\"widget\" data-widget_type=\"spacer.default\">\n\t\t\t\t<div class=\"elementor-widget-container\">\n\t\t\t\t\t<div class=\"elementor-spacer\">\n\t\t\t<div class=\"elementor-spacer-inner\"><\/div>\n\t\t<\/div>\n\t\t\t\t<\/div>\n\t\t\t\t<\/div>\n\t\t\t\t<div class=\"elementor-element elementor-element-115e1f69 elementor-widget elementor-widget-jet-portfolio\" data-id=\"115e1f69\" data-element_type=\"widget\" data-widget_type=\"jet-portfolio.default\">\n\t\t\t\t<div class=\"elementor-widget-container\">\n\t\t\t<div class=\"elementor-jet-portfolio jet-elements\">\n<div class=\"jet-portfolio layout-type-grid preset-type-4 layout-desktop-column-4 layout-tablet-column-2 layout-mobile-column-1\" data-settings=\"{&quot;layoutType&quot;:&quot;grid&quot;,&quot;columns&quot;:&quot;4&quot;,&quot;columnsTablet&quot;:&quot;2&quot;,&quot;columnsMobile&quot;:&quot;1&quot;,&quot;perPage&quot;:6}\"><div class=\"jet-portfolio__list\"><article class=\"jet-portfolio__item visible-status\" data-slug=\"{&quot;0&quot;:&quot;all&quot;}\">\n\t<div class=\"jet-portfolio__inner\">\n\t\t<a class=\"jet-portfolio__link\" href=\"http:\/\/iseitiestaskas.lt\/wp-content\/uploads\/2021\/08\/kissmas.jpg\" data-elementor-open-lightbox=\"yes\">\n\t\t\t<div class=\"jet-portfolio__image\">\n\t\t\t\t<img decoding=\"async\" class=\"jet-portfolio__image-instance\" src=\"https:\/\/iseitiestaskas.lt\/wp-content\/uploads\/2021\/08\/kissmas.jpg\" width=\"1690\" height=\"1645\"  alt=\"kissmas\" loading=\"lazy\">\t\t\t\t<div class=\"jet-portfolio__image-loader\"><span><\/span><\/div>\n\t\t\t<\/div>\n\t\t<\/a>\n\t\t<div class=\"jet-portfolio__content\">\n\t\t\t<div class=\"jet-portfolio__content-inner\"><span class=\"jet-portfolio__title\">KISSMAS<\/span><p class=\"jet-portfolio__desc\">aut. ir re\u017e. Tekl\u0117 Kavtaradz\u0117<\/p><a class=\"elementor-button elementor-size-md jet-portfolio__button\" href=\"https:\/\/iseitiestaskas.lt\/en\/kissmas\/\"><span class=\"jet-portfolio__button-text\">+<\/span><\/a><\/div>\n\t\t<\/div>\n\t<\/div>\n<\/article><article class=\"jet-portfolio__item visible-status\" data-slug=\"{&quot;0&quot;:&quot;all&quot;}\">\n\t<div class=\"jet-portfolio__inner\">\n\t\t<a class=\"jet-portfolio__link\" href=\"http:\/\/iseitiestaskas.lt\/wp-content\/uploads\/2021\/08\/Sodra-mon-amour-WEB.jpg\" data-elementor-open-lightbox=\"yes\">\n\t\t\t<div class=\"jet-portfolio__image\">\n\t\t\t\t<img decoding=\"async\" class=\"jet-portfolio__image-instance\" src=\"https:\/\/iseitiestaskas.lt\/wp-content\/uploads\/2021\/08\/Sodra-mon-amour-WEB.jpg\" width=\"1500\" height=\"2124\"  alt=\"Sodra mon amour WEB\" loading=\"lazy\">\t\t\t\t<div class=\"jet-portfolio__image-loader\"><span><\/span><\/div>\n\t\t\t<\/div>\n\t\t<\/a>\n\t\t<div class=\"jet-portfolio__content\">\n\t\t\t<div class=\"jet-portfolio__content-inner\"><span class=\"jet-portfolio__title\">PREMJERA! SODRA, MON AMOUR<\/span><p class=\"jet-portfolio__desc\">Asociacija \u201cTeatronas\u201d  |\naut. Marija Kristina Kulini\u010d, re\u017e. Gildas Aleksa<\/p><a class=\"elementor-button elementor-size-md jet-portfolio__button\" href=\"https:\/\/iseitiestaskas.lt\/en\/sodra-mon-amour\/\"><span class=\"jet-portfolio__button-text\">+<\/span><\/a><\/div>\n\t\t<\/div>\n\t<\/div>\n<\/article><article class=\"jet-portfolio__item visible-status\" data-slug=\"{&quot;0&quot;:&quot;all&quot;}\">\n\t<div class=\"jet-portfolio__inner\">\n\t\t<a class=\"jet-portfolio__link\" href=\"http:\/\/iseitiestaskas.lt\/wp-content\/uploads\/2021\/08\/uzsalimasjpg.jpg\" data-elementor-open-lightbox=\"yes\">\n\t\t\t<div class=\"jet-portfolio__image\">\n\t\t\t\t<img decoding=\"async\" class=\"jet-portfolio__image-instance\" src=\"https:\/\/iseitiestaskas.lt\/wp-content\/uploads\/2021\/08\/uzsalimasjpg.jpg\" width=\"1690\" height=\"1645\"  alt=\"uzsalimasjpg\" loading=\"lazy\">\t\t\t\t<div class=\"jet-portfolio__image-loader\"><span><\/span><\/div>\n\t\t\t<\/div>\n\t\t<\/a>\n\t\t<div class=\"jet-portfolio__content\">\n\t\t\t<div class=\"jet-portfolio__content-inner\"><span class=\"jet-portfolio__title\">U\u017d\u0160ALIMAS<\/span><p class=\"jet-portfolio__desc\">Lietuvos muzikos ir teatro akademija |\naut. ir re\u017e. Motiejus Ivanauskas<\/p><a class=\"elementor-button elementor-size-md jet-portfolio__button\" href=\"https:\/\/iseitiestaskas.lt\/en\/uzsalimas\/\"><span class=\"jet-portfolio__button-text\">+<\/span><\/a><\/div>\n\t\t<\/div>\n\t<\/div>\n<\/article><article class=\"jet-portfolio__item visible-status\" data-slug=\"{&quot;0&quot;:&quot;all&quot;}\">\n\t<div class=\"jet-portfolio__inner\">\n\t\t<a class=\"jet-portfolio__link\" href=\"http:\/\/iseitiestaskas.lt\/wp-content\/uploads\/2021\/08\/delasferos.jpg\" data-elementor-open-lightbox=\"yes\">\n\t\t\t<div class=\"jet-portfolio__image\">\n\t\t\t\t<img decoding=\"async\" class=\"jet-portfolio__image-instance\" src=\"https:\/\/iseitiestaskas.lt\/wp-content\/uploads\/2021\/08\/delasferos.jpg\" width=\"1690\" height=\"1645\"  alt=\"delasferos\" loading=\"lazy\">\t\t\t\t<div class=\"jet-portfolio__image-loader\"><span><\/span><\/div>\n\t\t\t<\/div>\n\t\t<\/a>\n\t\t<div class=\"jet-portfolio__content\">\n\t\t\t<div class=\"jet-portfolio__content-inner\"><span class=\"jet-portfolio__title\">DELASFEROS koncertas<\/span><p class=\"jet-portfolio__desc\">Grup\u0117s \u201cDelasferos\u201d debiutinio albumo DEALSFERA pristatymas<\/p><a class=\"elementor-button elementor-size-md jet-portfolio__button\" href=\"https:\/\/iseitiestaskas.lt\/en\/delasferos-koncertas\/\"><span class=\"jet-portfolio__button-text\">+<\/span><\/a><\/div>\n\t\t<\/div>\n\t<\/div>\n<\/article><\/div><\/div>\n<\/div>\t\t<\/div>\n\t\t\t\t<\/div>\n\t\t\t\t\t<\/div>\n\t\t<\/div>\n\t\t\t\t\t\t\t<\/div>\n\t\t<\/section>\n\t\t\t\t\t\t<\/div>\n\t\t\t\t\t<\/div>","protected":false},"excerpt":{"rendered":"<p>JUODI BATELIAI Spektaklis 18:30 | Rugs\u0117jo 21 d. (antradienis) Spektaklis \u201eJuodi bateliai\u201d gim\u0117 i\u0161 \u017eaidimo su Sebastian Majewski pjese \u201cD\u0117\u0161inys ir Kairys su kulniuku\u201d, kuri Lenkijos publikai pirm\u0105 kart\u0105 pristatyta 2007 metais ir dabarties neapykantos \u017eenklais.\u00a0Tai siurrealisti\u0161kai dokumentin\u0117 dviej\u0173 Tre\u010diojo Reicho propagandos ministro \u017emonos Magdos Goebbels bat\u0173 kelion\u0117. Ji pradeda garsiajame Niurembergo teisme, kuriame jiems [&hellip;]<\/p>","protected":false},"author":1,"featured_media":0,"parent":0,"menu_order":0,"comment_status":"closed","ping_status":"closed","template":"","meta":{"om_disable_all_campaigns":false,"_monsterinsights_skip_tracking":false,"_monsterinsights_sitenote_active":false,"_monsterinsights_sitenote_note":"","_monsterinsights_sitenote_category":0,"footnotes":""},"aioseo_notices":[],"_links":{"self":[{"href":"https:\/\/iseitiestaskas.lt\/en\/wp-json\/wp\/v2\/pages\/1043"}],"collection":[{"href":"https:\/\/iseitiestaskas.lt\/en\/wp-json\/wp\/v2\/pages"}],"about":[{"href":"https:\/\/iseitiestaskas.lt\/en\/wp-json\/wp\/v2\/types\/page"}],"author":[{"embeddable":true,"href":"https:\/\/iseitiestaskas.lt\/en\/wp-json\/wp\/v2\/users\/1"}],"replies":[{"embeddable":true,"href":"https:\/\/iseitiestaskas.lt\/en\/wp-json\/wp\/v2\/comments?post=1043"}],"version-history":[{"count":13,"href":"https:\/\/iseitiestaskas.lt\/en\/wp-json\/wp\/v2\/pages\/1043\/revisions"}],"predecessor-version":[{"id":1291,"href":"https:\/\/iseitiestaskas.lt\/en\/wp-json\/wp\/v2\/pages\/1043\/revisions\/1291"}],"wp:attachment":[{"href":"https:\/\/iseitiestaskas.lt\/en\/wp-json\/wp\/v2\/media?parent=1043"}],"curies":[{"name":"wp","href":"https:\/\/api.w.org\/{rel}","templated":true}]}}