{"id":1069,"date":"2021-08-29T18:06:49","date_gmt":"2021-08-29T18:06:49","guid":{"rendered":"http:\/\/iseitiestaskas.lt\/?page_id=1069"},"modified":"2021-09-17T10:46:42","modified_gmt":"2021-09-17T10:46:42","slug":"pazenklintas","status":"publish","type":"page","link":"https:\/\/iseitiestaskas.lt\/en\/pazenklintas\/","title":{"rendered":"Pa\u017eenklintas"},"content":{"rendered":"<div data-elementor-type=\"wp-page\" data-elementor-id=\"1069\" class=\"elementor elementor-1069\" data-elementor-settings=\"[]\">\n\t\t\t\t\t\t\t<div class=\"elementor-section-wrap\">\n\t\t\t\t\t\t\t<section class=\"elementor-section elementor-top-section elementor-element elementor-element-706b846b elementor-section-boxed elementor-section-height-default elementor-section-height-default\" data-id=\"706b846b\" data-element_type=\"section\">\n\t\t\t\t\t\t<div class=\"elementor-container elementor-column-gap-default\">\n\t\t\t\t\t<div class=\"elementor-column elementor-col-100 elementor-top-column elementor-element elementor-element-293efc6f\" data-id=\"293efc6f\" data-element_type=\"column\">\n\t\t\t<div class=\"elementor-widget-wrap elementor-element-populated\">\n\t\t\t\t\t\t\t\t<div class=\"elementor-element elementor-element-6f8f4085 elementor-widget elementor-widget-heading\" data-id=\"6f8f4085\" data-element_type=\"widget\" data-widget_type=\"heading.default\">\n\t\t\t\t<div class=\"elementor-widget-container\">\n\t\t\t<h2 class=\"elementor-heading-title elementor-size-default\">PA\u017dENKLINTAS\n<\/h2>\t\t<\/div>\n\t\t\t\t<\/div>\n\t\t\t\t<div class=\"elementor-element elementor-element-6926f238 elementor-widget-divider--view-line elementor-widget elementor-widget-divider\" data-id=\"6926f238\" data-element_type=\"widget\" data-widget_type=\"divider.default\">\n\t\t\t\t<div class=\"elementor-widget-container\">\n\t\t\t\t\t<div class=\"elementor-divider\">\n\t\t\t<span class=\"elementor-divider-separator\">\n\t\t\t\t\t\t<\/span>\n\t\t<\/div>\n\t\t\t\t<\/div>\n\t\t\t\t<\/div>\n\t\t\t\t<div class=\"elementor-element elementor-element-36e0d63f elementor-widget elementor-widget-text-editor\" data-id=\"36e0d63f\" data-element_type=\"widget\" data-widget_type=\"text-editor.default\">\n\t\t\t\t<div class=\"elementor-widget-container\">\n\t\t\t\t\t\t\t\t<p><em><span class=\"d2edcug0 hpfvmrgz qv66sw1b c1et5uql oi732d6d ik7dh3pa ht8s03o8 a8c37x1j keod5gw0 nxhoafnm aigsh9s9 d3f4x2em fe6kdd0r mau55g9w c8b282yb iv3no6db jq4qci2q a3bd9o3v b1v8xokw oo9gr5id\" dir=\"auto\">\u0160okio spektaklis<br \/><\/span><\/em><\/p>\t\t\t\t\t\t<\/div>\n\t\t\t\t<\/div>\n\t\t\t\t\t<\/div>\n\t\t<\/div>\n\t\t\t\t\t\t\t<\/div>\n\t\t<\/section>\n\t\t\t\t<section class=\"elementor-section elementor-top-section elementor-element elementor-element-198aeb23 elementor-section-boxed elementor-section-height-default elementor-section-height-default\" data-id=\"198aeb23\" data-element_type=\"section\">\n\t\t\t\t\t\t<div class=\"elementor-container elementor-column-gap-default\">\n\t\t\t\t\t<div class=\"elementor-column elementor-col-50 elementor-top-column elementor-element elementor-element-3a398549\" data-id=\"3a398549\" data-element_type=\"column\">\n\t\t\t<div class=\"elementor-widget-wrap elementor-element-populated\">\n\t\t\t\t\t\t\t\t\t<\/div>\n\t\t<\/div>\n\t\t\t\t<div class=\"elementor-column elementor-col-50 elementor-top-column elementor-element elementor-element-314a01a5\" data-id=\"314a01a5\" data-element_type=\"column\">\n\t\t\t<div class=\"elementor-widget-wrap elementor-element-populated\">\n\t\t\t\t\t\t\t\t<div class=\"elementor-element elementor-element-8e36849 elementor-widget elementor-widget-heading\" data-id=\"8e36849\" data-element_type=\"widget\" data-widget_type=\"heading.default\">\n\t\t\t\t<div class=\"elementor-widget-container\">\n\t\t\t<h5 class=\"elementor-heading-title elementor-size-default\">18:30 | Rugs\u0117jo 23 d. (ketvirtadienis) <\/h5>\t\t<\/div>\n\t\t\t\t<\/div>\n\t\t\t\t<div class=\"elementor-element elementor-element-47febee0 elementor-widget elementor-widget-spacer\" data-id=\"47febee0\" data-element_type=\"widget\" data-widget_type=\"spacer.default\">\n\t\t\t\t<div class=\"elementor-widget-container\">\n\t\t\t\t\t<div class=\"elementor-spacer\">\n\t\t\t<div class=\"elementor-spacer-inner\"><\/div>\n\t\t<\/div>\n\t\t\t\t<\/div>\n\t\t\t\t<\/div>\n\t\t\t\t<div class=\"elementor-element elementor-element-4135cc81 elementor-widget elementor-widget-text-editor\" data-id=\"4135cc81\" data-element_type=\"widget\" data-widget_type=\"text-editor.default\">\n\t\t\t\t<div class=\"elementor-widget-container\">\n\t\t\t\t\t\t\t\t<p>I\u0161 asmenin\u0117s patirties i\u0161aug\u0119s \u0161okio monospektaklis atveria opi\u0105 visuomen\u0117s problem\u0105 \u2013 paty\u010dias ir j\u0173 poveik\u012f. K\u016br\u0117jas pabr\u0117\u017eia \u2013 skausming\u0173 patir\u010di\u0173 \u012fspaudas lieka atmintyje, k\u016bne,\u00a0 pasirinkimuose ir ilgainiui tampa vidiniu kal\u0117jimu. Spektaklyje atskleid\u017eiamos skirtingos b\u016bsenos, kurias per gyvenim\u0105 patiria auka. Paskutin\u0117 i\u0161 j\u0173 \u2013 pri\u0117mimas, galintis pa\u017eadinti nor\u0105 dalintis patirtimi ir skatinti visuomen\u0117s s\u0105moningum\u0105. Jautria \u0161okio kalba atlik\u0117jas (i\u0161)painioja skaud\u017eias patirtis ir tiesia kelius \u012f susitaikym\u0105.<\/p><p>I\u0161 Belgijos kil\u0119s \u0161ok\u0117jas Nielsas Claesas yra baig\u0119s Fontys \u0161okio akademij\u0105 Tilburge, Nyderland\u0173 Karalyst\u0117je. 2010\u20132013 m. jis \u0161oko Mastrichto \u201eSally\u201c \u0161okio teatre, \u201edansgroep Amsterdam\u201c ir Lenkijos \u0161okio teatre, jam teko \u0161okti toki\u0173 choreograf\u0173 kaip Andonis Foniadakis ir Jo Str\u00f8mgren spektakliuose bei \u012fvairi\u0173 kit\u0173 k\u016br\u0117j\u0173 projektuose Vokietijoje, Izraelyje, Nyderlanduose. 2015\u20132017 m. N. Claesas buvo Kauno \u0161okio teatro AURA trup\u0117s nariu, o 2017 m. prisijung\u0117 prie \u0160eiko \u0161okio teatro trup\u0117s.<\/p><p>2017\u20132018 m. d\u0117st\u0117 Lietuvos muzikos ir teatro akademijoje, o 2017 m. buvo pakviestas d\u0117styti M. K. \u010ciurlionio men\u0173 mokykloje.<\/p><p>Sukurtos choreografijos: \u201eMaathai\u201c (Lenkijos \u0161okio teatras), \u201eTro\u0161kulys\u201c (\u0161okio teatras \u201eAura\u201c), \u201eAside\u201c, \u201ePa\u017eenklintas\u201c (\u0160eiko \u0161okio teatras) ir \u201eJiems patinka\u201c (M. K. \u010ciurlionio meno mokykla).<\/p><p>2017 ir 2020 metais N. Claes \u201eMet\u0173 \u0161ok\u0117jo\u201c kategorijoje buvo apdovanotas \u201eAuksiniu scenos kry\u017eiumi\u201c.<\/p>\t\t\t\t\t\t<\/div>\n\t\t\t\t<\/div>\n\t\t\t\t<div class=\"elementor-element elementor-element-2eb6b80d elementor-widget elementor-widget-spacer\" data-id=\"2eb6b80d\" data-element_type=\"widget\" data-widget_type=\"spacer.default\">\n\t\t\t\t<div class=\"elementor-widget-container\">\n\t\t\t\t\t<div class=\"elementor-spacer\">\n\t\t\t<div class=\"elementor-spacer-inner\"><\/div>\n\t\t<\/div>\n\t\t\t\t<\/div>\n\t\t\t\t<\/div>\n\t\t\t\t<div class=\"elementor-element elementor-element-2913629a elementor-widget elementor-widget-heading\" data-id=\"2913629a\" data-element_type=\"widget\" data-widget_type=\"heading.default\">\n\t\t\t\t<div class=\"elementor-widget-container\">\n\t\t\t<h5 class=\"elementor-heading-title elementor-size-default\">K\u016aRYBIN\u0116 KOMANDA<\/h5>\t\t<\/div>\n\t\t\t\t<\/div>\n\t\t\t\t<div class=\"elementor-element elementor-element-79fc6fe0 elementor-widget elementor-widget-spacer\" data-id=\"79fc6fe0\" data-element_type=\"widget\" data-widget_type=\"spacer.default\">\n\t\t\t\t<div class=\"elementor-widget-container\">\n\t\t\t\t\t<div class=\"elementor-spacer\">\n\t\t\t<div class=\"elementor-spacer-inner\"><\/div>\n\t\t<\/div>\n\t\t\t\t<\/div>\n\t\t\t\t<\/div>\n\t\t\t\t<div class=\"elementor-element elementor-element-5a5aa463 elementor-widget elementor-widget-text-editor\" data-id=\"5a5aa463\" data-element_type=\"widget\" data-widget_type=\"text-editor.default\">\n\t\t\t\t<div class=\"elementor-widget-container\">\n\t\t\t\t\t\t\t\t<p><span class=\"d2edcug0 hpfvmrgz qv66sw1b c1et5uql oi732d6d ik7dh3pa ht8s03o8 a8c37x1j keod5gw0 nxhoafnm aigsh9s9 d3f4x2em fe6kdd0r mau55g9w c8b282yb iv3no6db jq4qci2q a3bd9o3v b1v8xokw oo9gr5id\" dir=\"auto\"><strong>\u0160eiko \u0161okio teatras<\/strong><br \/><\/span><\/p><p><strong>Id\u0117ja, choreografija ir atlikimas:<\/strong> Niels Claes<br \/><strong>Muzika:<\/strong> Andrius Stakel\u0117, Karolina Mikutait\u0117<br \/><strong>Kostium\u0173 dizainas:<\/strong> Polina Nimrea<br \/><strong>\u0160vies\u0173 dizainas:<\/strong> Aurelijus Davidavi\u010dius, Stasys Jamantas<br \/><strong>Scenografija:<\/strong> Niels Claes, Giedr\u0117 Brazyt\u0117<br \/><strong>Teatro meno vadov\u0117:<\/strong> Agnija \u0160eiko<br \/><strong>Prodiuser\u0117:<\/strong> Goda Giedraityt\u0117<br \/><strong>Produkcijos komanda:<\/strong> Marius Luko\u0161ius, Darius Berulis, Greta Seili\u016bt\u0117, Aust\u0117ja Laurinavi\u010di\u016bt\u0117, Edita Aliochno<\/p><p><span class=\"d2edcug0 hpfvmrgz qv66sw1b c1et5uql oi732d6d ik7dh3pa ht8s03o8 a8c37x1j keod5gw0 nxhoafnm aigsh9s9 d3f4x2em fe6kdd0r mau55g9w c8b282yb iv3no6db jq4qci2q a3bd9o3v b1v8xokw oo9gr5id\" dir=\"auto\">\u00a0<\/span><\/p>\t\t\t\t\t\t<\/div>\n\t\t\t\t<\/div>\n\t\t\t\t<div class=\"elementor-element elementor-element-38f21e40 elementor-align-left elementor-widget elementor-widget-button\" data-id=\"38f21e40\" data-element_type=\"widget\" data-widget_type=\"button.default\">\n\t\t\t\t<div class=\"elementor-widget-container\">\n\t\t\t\t\t<div class=\"elementor-button-wrapper\">\n\t\t\t<a href=\"https:\/\/www.tiketa.lt\/LT\/iseities_taskas&#039;21__pazenklintas__seiko_sokio_teatras_chor__niels_claes_su_gp_25690\" class=\"elementor-button-link elementor-button elementor-size-md\" role=\"button\">\n\t\t\t\t\t\t<span class=\"elementor-button-content-wrapper\">\n\t\t\t\t\t\t<span class=\"elementor-button-text\">Tickets<\/span>\n\t\t<\/span>\n\t\t\t\t\t<\/a>\n\t\t<\/div>\n\t\t\t\t<\/div>\n\t\t\t\t<\/div>\n\t\t\t\t\t<\/div>\n\t\t<\/div>\n\t\t\t\t\t\t\t<\/div>\n\t\t<\/section>\n\t\t\t\t<section class=\"elementor-section elementor-top-section elementor-element elementor-element-43f7f934 elementor-section-full_width elementor-section-height-default elementor-section-height-default\" data-id=\"43f7f934\" data-element_type=\"section\" data-settings=\"{&quot;background_background&quot;:&quot;classic&quot;}\">\n\t\t\t\t\t\t<div class=\"elementor-container elementor-column-gap-default\">\n\t\t\t\t\t<div class=\"elementor-column elementor-col-100 elementor-top-column elementor-element elementor-element-47f92f85\" data-id=\"47f92f85\" data-element_type=\"column\">\n\t\t\t<div class=\"elementor-widget-wrap elementor-element-populated\">\n\t\t\t\t\t\t\t\t<div class=\"elementor-element elementor-element-7e66d9af elementor-widget elementor-widget-heading\" data-id=\"7e66d9af\" data-element_type=\"widget\" data-widget_type=\"heading.default\">\n\t\t\t\t<div class=\"elementor-widget-container\">\n\t\t\t<h2 class=\"elementor-heading-title elementor-size-default\">Taip pat domint\u0173<\/h2>\t\t<\/div>\n\t\t\t\t<\/div>\n\t\t\t\t<div class=\"elementor-element elementor-element-4db5036f elementor-widget-divider--view-line elementor-widget elementor-widget-divider\" data-id=\"4db5036f\" data-element_type=\"widget\" data-widget_type=\"divider.default\">\n\t\t\t\t<div class=\"elementor-widget-container\">\n\t\t\t\t\t<div class=\"elementor-divider\">\n\t\t\t<span class=\"elementor-divider-separator\">\n\t\t\t\t\t\t<\/span>\n\t\t<\/div>\n\t\t\t\t<\/div>\n\t\t\t\t<\/div>\n\t\t\t\t<div class=\"elementor-element elementor-element-574a5b24 elementor-widget elementor-widget-jet-portfolio\" data-id=\"574a5b24\" data-element_type=\"widget\" data-widget_type=\"jet-portfolio.default\">\n\t\t\t\t<div class=\"elementor-widget-container\">\n\t\t\t<div class=\"elementor-jet-portfolio jet-elements\">\n<div class=\"jet-portfolio layout-type-grid preset-type-4 layout-desktop-column-4 layout-tablet-column-2 layout-mobile-column-1\" data-settings=\"{&quot;layoutType&quot;:&quot;grid&quot;,&quot;columns&quot;:&quot;4&quot;,&quot;columnsTablet&quot;:&quot;2&quot;,&quot;columnsMobile&quot;:&quot;1&quot;,&quot;perPage&quot;:6}\"><div class=\"jet-portfolio__list\"><article class=\"jet-portfolio__item visible-status\" data-slug=\"{&quot;0&quot;:&quot;all&quot;}\">\n\t<div class=\"jet-portfolio__inner\">\n\t\t<a class=\"jet-portfolio__link\" href=\"http:\/\/iseitiestaskas.lt\/wp-content\/uploads\/2021\/08\/laiptines-2.jpg\" data-elementor-open-lightbox=\"yes\">\n\t\t\t<div class=\"jet-portfolio__image\">\n\t\t\t\t<img decoding=\"async\" class=\"jet-portfolio__image-instance\" src=\"https:\/\/iseitiestaskas.lt\/wp-content\/uploads\/2021\/08\/laiptines-2.jpg\" width=\"1690\" height=\"1645\"  alt=\"laiptines 2\" loading=\"lazy\">\t\t\t\t<div class=\"jet-portfolio__image-loader\"><span><\/span><\/div>\n\t\t\t<\/div>\n\t\t<\/a>\n\t\t<div class=\"jet-portfolio__content\">\n\t\t\t<div class=\"jet-portfolio__content-inner\"><span class=\"jet-portfolio__title\">PREMJERA! 2-OSIOS LAIPTIN\u0116S RESPUBLIKA<\/span><p class=\"jet-portfolio__desc\">re\u017e. Sigita Pikturnait\u0117 <\/p><a class=\"elementor-button elementor-size-md jet-portfolio__button\" href=\"https:\/\/iseitiestaskas.lt\/en\/2-osios-laiptines-respublika\/\"><span class=\"jet-portfolio__button-text\">+<\/span><\/a><\/div>\n\t\t<\/div>\n\t<\/div>\n<\/article><article class=\"jet-portfolio__item visible-status\" data-slug=\"{&quot;0&quot;:&quot;all&quot;}\">\n\t<div class=\"jet-portfolio__inner\">\n\t\t<a class=\"jet-portfolio__link\" href=\"http:\/\/iseitiestaskas.lt\/wp-content\/uploads\/2021\/08\/gyvuliaijpg.jpg\" data-elementor-open-lightbox=\"yes\">\n\t\t\t<div class=\"jet-portfolio__image\">\n\t\t\t\t<img decoding=\"async\" class=\"jet-portfolio__image-instance\" src=\"https:\/\/iseitiestaskas.lt\/wp-content\/uploads\/2021\/08\/gyvuliaijpg.jpg\" width=\"1690\" height=\"1645\"  alt=\"gyvuliai\" loading=\"lazy\">\t\t\t\t<div class=\"jet-portfolio__image-loader\"><span><\/span><\/div>\n\t\t\t<\/div>\n\t\t<\/a>\n\t\t<div class=\"jet-portfolio__content\">\n\t\t\t<div class=\"jet-portfolio__content-inner\"><span class=\"jet-portfolio__title\">GYVULIAI<\/span><p class=\"jet-portfolio__desc\">Pjes\u0117s skaitymas | aut. Goda Simonaityt\u0117<\/p><a class=\"elementor-button elementor-size-md jet-portfolio__button\" href=\"https:\/\/iseitiestaskas.lt\/en\/gyvuliai\/\"><span class=\"jet-portfolio__button-text\">+<\/span><\/a><\/div>\n\t\t<\/div>\n\t<\/div>\n<\/article><article class=\"jet-portfolio__item visible-status\" data-slug=\"{&quot;0&quot;:&quot;all&quot;}\">\n\t<div class=\"jet-portfolio__inner\">\n\t\t<a class=\"jet-portfolio__link\" href=\"http:\/\/iseitiestaskas.lt\/wp-content\/uploads\/2021\/08\/kissmas.jpg\" data-elementor-open-lightbox=\"yes\">\n\t\t\t<div class=\"jet-portfolio__image\">\n\t\t\t\t<img decoding=\"async\" class=\"jet-portfolio__image-instance\" src=\"https:\/\/iseitiestaskas.lt\/wp-content\/uploads\/2021\/08\/kissmas.jpg\" width=\"1690\" height=\"1645\"  alt=\"kissmas\" loading=\"lazy\">\t\t\t\t<div class=\"jet-portfolio__image-loader\"><span><\/span><\/div>\n\t\t\t<\/div>\n\t\t<\/a>\n\t\t<div class=\"jet-portfolio__content\">\n\t\t\t<div class=\"jet-portfolio__content-inner\"><span class=\"jet-portfolio__title\">KISSMAS<\/span><p class=\"jet-portfolio__desc\">aut. ir re\u017e. Tekl\u0117 Kavtaradz\u0117<\/p><a class=\"elementor-button elementor-size-md jet-portfolio__button\" href=\"https:\/\/iseitiestaskas.lt\/en\/kissmas\/\"><span class=\"jet-portfolio__button-text\">+<\/span><\/a><\/div>\n\t\t<\/div>\n\t<\/div>\n<\/article><article class=\"jet-portfolio__item visible-status\" data-slug=\"{&quot;0&quot;:&quot;all&quot;}\">\n\t<div class=\"jet-portfolio__inner\">\n\t\t<a class=\"jet-portfolio__link\" href=\"http:\/\/iseitiestaskas.lt\/wp-content\/uploads\/2021\/08\/delasferos.jpg\" data-elementor-open-lightbox=\"yes\">\n\t\t\t<div class=\"jet-portfolio__image\">\n\t\t\t\t<img decoding=\"async\" class=\"jet-portfolio__image-instance\" src=\"https:\/\/iseitiestaskas.lt\/wp-content\/uploads\/2021\/08\/delasferos.jpg\" width=\"1690\" height=\"1645\"  alt=\"delasferos\" loading=\"lazy\">\t\t\t\t<div class=\"jet-portfolio__image-loader\"><span><\/span><\/div>\n\t\t\t<\/div>\n\t\t<\/a>\n\t\t<div class=\"jet-portfolio__content\">\n\t\t\t<div class=\"jet-portfolio__content-inner\"><span class=\"jet-portfolio__title\">DELASFEROS koncertas<\/span><p class=\"jet-portfolio__desc\">Grup\u0117s \u201cDelasferos\u201d debiutinio albumo DEALSFERA pristatymas<\/p><a class=\"elementor-button elementor-size-md jet-portfolio__button\" href=\"https:\/\/iseitiestaskas.lt\/en\/delasferos-koncertas\/\"><span class=\"jet-portfolio__button-text\">+<\/span><\/a><\/div>\n\t\t<\/div>\n\t<\/div>\n<\/article><\/div><\/div>\n<\/div>\t\t<\/div>\n\t\t\t\t<\/div>\n\t\t\t\t<div class=\"elementor-element elementor-element-2258809 elementor-widget elementor-widget-spacer\" data-id=\"2258809\" data-element_type=\"widget\" data-widget_type=\"spacer.default\">\n\t\t\t\t<div class=\"elementor-widget-container\">\n\t\t\t\t\t<div class=\"elementor-spacer\">\n\t\t\t<div class=\"elementor-spacer-inner\"><\/div>\n\t\t<\/div>\n\t\t\t\t<\/div>\n\t\t\t\t<\/div>\n\t\t\t\t\t<\/div>\n\t\t<\/div>\n\t\t\t\t\t\t\t<\/div>\n\t\t<\/section>\n\t\t\t\t<section class=\"elementor-section elementor-top-section elementor-element elementor-element-33716287 elementor-section-full_width elementor-section-height-default elementor-section-height-default\" data-id=\"33716287\" data-element_type=\"section\" data-settings=\"{&quot;background_background&quot;:&quot;classic&quot;}\">\n\t\t\t\t\t\t<div class=\"elementor-container elementor-column-gap-default\">\n\t\t\t\t\t<div class=\"elementor-column elementor-col-100 elementor-top-column elementor-element elementor-element-6d8d5f09\" data-id=\"6d8d5f09\" data-element_type=\"column\">\n\t\t\t<div class=\"elementor-widget-wrap\">\n\t\t\t\t\t\t\t\t\t<\/div>\n\t\t<\/div>\n\t\t\t\t\t\t\t<\/div>\n\t\t<\/section>\n\t\t\t\t\t\t<\/div>\n\t\t\t\t\t<\/div>","protected":false},"excerpt":{"rendered":"<p>PA\u017dENKLINTAS \u0160okio spektaklis 18:30 | Rugs\u0117jo 23 d. (ketvirtadienis) I\u0161 asmenin\u0117s patirties i\u0161aug\u0119s \u0161okio monospektaklis atveria opi\u0105 visuomen\u0117s problem\u0105 \u2013 paty\u010dias ir j\u0173 poveik\u012f. K\u016br\u0117jas pabr\u0117\u017eia \u2013 skausming\u0173 patir\u010di\u0173 \u012fspaudas lieka atmintyje, k\u016bne,&nbsp; pasirinkimuose ir ilgainiui tampa vidiniu kal\u0117jimu. Spektaklyje atskleid\u017eiamos skirtingos b\u016bsenos, kurias per gyvenim\u0105 patiria auka. Paskutin\u0117 i\u0161 j\u0173 \u2013 pri\u0117mimas, galintis pa\u017eadinti [&hellip;]<\/p>","protected":false},"author":1,"featured_media":0,"parent":0,"menu_order":0,"comment_status":"closed","ping_status":"closed","template":"","meta":{"om_disable_all_campaigns":false,"_monsterinsights_skip_tracking":false,"_monsterinsights_sitenote_active":false,"_monsterinsights_sitenote_note":"","_monsterinsights_sitenote_category":0,"footnotes":""},"aioseo_notices":[],"_links":{"self":[{"href":"https:\/\/iseitiestaskas.lt\/en\/wp-json\/wp\/v2\/pages\/1069"}],"collection":[{"href":"https:\/\/iseitiestaskas.lt\/en\/wp-json\/wp\/v2\/pages"}],"about":[{"href":"https:\/\/iseitiestaskas.lt\/en\/wp-json\/wp\/v2\/types\/page"}],"author":[{"embeddable":true,"href":"https:\/\/iseitiestaskas.lt\/en\/wp-json\/wp\/v2\/users\/1"}],"replies":[{"embeddable":true,"href":"https:\/\/iseitiestaskas.lt\/en\/wp-json\/wp\/v2\/comments?post=1069"}],"version-history":[{"count":20,"href":"https:\/\/iseitiestaskas.lt\/en\/wp-json\/wp\/v2\/pages\/1069\/revisions"}],"predecessor-version":[{"id":1414,"href":"https:\/\/iseitiestaskas.lt\/en\/wp-json\/wp\/v2\/pages\/1069\/revisions\/1414"}],"wp:attachment":[{"href":"https:\/\/iseitiestaskas.lt\/en\/wp-json\/wp\/v2\/media?parent=1069"}],"curies":[{"name":"wp","href":"https:\/\/api.w.org\/{rel}","templated":true}]}}