{"id":1109,"date":"2021-08-29T18:22:39","date_gmt":"2021-08-29T18:22:39","guid":{"rendered":"http:\/\/iseitiestaskas.lt\/?page_id=1109"},"modified":"2021-09-17T11:02:19","modified_gmt":"2021-09-17T11:02:19","slug":"sokis-skalbimo-masinai-ir-mamai","status":"publish","type":"page","link":"https:\/\/iseitiestaskas.lt\/en\/sokis-skalbimo-masinai-ir-mamai\/","title":{"rendered":"\u0160OKIS SKALBIMO MA\u0160INAI IR MAMAI"},"content":{"rendered":"<div data-elementor-type=\"wp-page\" data-elementor-id=\"1109\" class=\"elementor elementor-1109\" data-elementor-settings=\"[]\">\n\t\t\t\t\t\t\t<div class=\"elementor-section-wrap\">\n\t\t\t\t\t\t\t<section class=\"elementor-section elementor-top-section elementor-element elementor-element-75928865 elementor-section-boxed elementor-section-height-default elementor-section-height-default\" data-id=\"75928865\" data-element_type=\"section\">\n\t\t\t\t\t\t<div class=\"elementor-container elementor-column-gap-default\">\n\t\t\t\t\t<div class=\"elementor-column elementor-col-100 elementor-top-column elementor-element elementor-element-6be4c8fd\" data-id=\"6be4c8fd\" data-element_type=\"column\">\n\t\t\t<div class=\"elementor-widget-wrap elementor-element-populated\">\n\t\t\t\t\t\t\t\t<div class=\"elementor-element elementor-element-4ca544b3 elementor-widget elementor-widget-heading\" data-id=\"4ca544b3\" data-element_type=\"widget\" data-widget_type=\"heading.default\">\n\t\t\t\t<div class=\"elementor-widget-container\">\n\t\t\t<h2 class=\"elementor-heading-title elementor-size-default\">\u0160OKIS SKALBIMO MA\u0160INAI IR MAMAI\n<\/h2>\t\t<\/div>\n\t\t\t\t<\/div>\n\t\t\t\t<div class=\"elementor-element elementor-element-74a2b34f elementor-widget-divider--view-line elementor-widget elementor-widget-divider\" data-id=\"74a2b34f\" data-element_type=\"widget\" data-widget_type=\"divider.default\">\n\t\t\t\t<div class=\"elementor-widget-container\">\n\t\t\t\t\t<div class=\"elementor-divider\">\n\t\t\t<span class=\"elementor-divider-separator\">\n\t\t\t\t\t\t<\/span>\n\t\t<\/div>\n\t\t\t\t<\/div>\n\t\t\t\t<\/div>\n\t\t\t\t<div class=\"elementor-element elementor-element-7ed1534b elementor-widget elementor-widget-text-editor\" data-id=\"7ed1534b\" data-element_type=\"widget\" data-widget_type=\"text-editor.default\">\n\t\t\t\t<div class=\"elementor-widget-container\">\n\t\t\t\t\t\t\t\t<p><em>Filmas-spektaklis ir diskusija.<br \/><\/em><strong>Renginys nemokamas<\/strong><br \/><\/p>\t\t\t\t\t\t<\/div>\n\t\t\t\t<\/div>\n\t\t\t\t\t<\/div>\n\t\t<\/div>\n\t\t\t\t\t\t\t<\/div>\n\t\t<\/section>\n\t\t\t\t<section class=\"elementor-section elementor-top-section elementor-element elementor-element-4ddd8b11 elementor-section-boxed elementor-section-height-default elementor-section-height-default\" data-id=\"4ddd8b11\" data-element_type=\"section\">\n\t\t\t\t\t\t<div class=\"elementor-container elementor-column-gap-default\">\n\t\t\t\t\t<div class=\"elementor-column elementor-col-50 elementor-top-column elementor-element elementor-element-3aa6fbfd\" data-id=\"3aa6fbfd\" data-element_type=\"column\">\n\t\t\t<div class=\"elementor-widget-wrap elementor-element-populated\">\n\t\t\t\t\t\t\t\t<div class=\"elementor-element elementor-element-c521116 elementor-widget elementor-widget-image\" data-id=\"c521116\" data-element_type=\"widget\" data-widget_type=\"image.default\">\n\t\t\t\t<div class=\"elementor-widget-container\">\n\t\t\t\t\t\t\t\t\t\t\t\t\t\t\t<img loading=\"lazy\" decoding=\"async\" width=\"1024\" height=\"997\" src=\"https:\/\/iseitiestaskas.lt\/wp-content\/uploads\/2021\/08\/sokis-skalbimo-masinai.m-1024x997.jpg\" class=\"attachment-large size-large\" alt=\"\" srcset=\"https:\/\/iseitiestaskas.lt\/wp-content\/uploads\/2021\/08\/sokis-skalbimo-masinai.m-1024x997.jpg 1024w, https:\/\/iseitiestaskas.lt\/wp-content\/uploads\/2021\/08\/sokis-skalbimo-masinai.m-600x584.jpg 600w, https:\/\/iseitiestaskas.lt\/wp-content\/uploads\/2021\/08\/sokis-skalbimo-masinai.m-300x292.jpg 300w, https:\/\/iseitiestaskas.lt\/wp-content\/uploads\/2021\/08\/sokis-skalbimo-masinai.m-768x748.jpg 768w, https:\/\/iseitiestaskas.lt\/wp-content\/uploads\/2021\/08\/sokis-skalbimo-masinai.m-1536x1495.jpg 1536w, https:\/\/iseitiestaskas.lt\/wp-content\/uploads\/2021\/08\/sokis-skalbimo-masinai.m.jpg 1690w\" sizes=\"(max-width: 1024px) 100vw, 1024px\" \/>\t\t\t\t\t\t\t\t\t\t\t\t\t\t\t<\/div>\n\t\t\t\t<\/div>\n\t\t\t\t<div class=\"elementor-element elementor-element-40ae225 elementor-widget elementor-widget-image\" data-id=\"40ae225\" data-element_type=\"widget\" data-widget_type=\"image.default\">\n\t\t\t\t<div class=\"elementor-widget-container\">\n\t\t\t\t\t\t\t\t\t\t\t\t\t\t\t<img loading=\"lazy\" decoding=\"async\" width=\"1024\" height=\"684\" src=\"https:\/\/iseitiestaskas.lt\/wp-content\/uploads\/2021\/08\/Sokis-7435-1024x684.jpg\" class=\"attachment-large size-large\" alt=\"\" srcset=\"https:\/\/iseitiestaskas.lt\/wp-content\/uploads\/2021\/08\/Sokis-7435-1024x684.jpg 1024w, https:\/\/iseitiestaskas.lt\/wp-content\/uploads\/2021\/08\/Sokis-7435-scaled-600x401.jpg 600w, https:\/\/iseitiestaskas.lt\/wp-content\/uploads\/2021\/08\/Sokis-7435-300x200.jpg 300w, https:\/\/iseitiestaskas.lt\/wp-content\/uploads\/2021\/08\/Sokis-7435-768x513.jpg 768w, https:\/\/iseitiestaskas.lt\/wp-content\/uploads\/2021\/08\/Sokis-7435-391x260.jpg 391w, https:\/\/iseitiestaskas.lt\/wp-content\/uploads\/2021\/08\/Sokis-7435-1536x1025.jpg 1536w, https:\/\/iseitiestaskas.lt\/wp-content\/uploads\/2021\/08\/Sokis-7435-2048x1367.jpg 2048w\" sizes=\"(max-width: 1024px) 100vw, 1024px\" \/>\t\t\t\t\t\t\t\t\t\t\t\t\t\t\t<\/div>\n\t\t\t\t<\/div>\n\t\t\t\t\t<\/div>\n\t\t<\/div>\n\t\t\t\t<div class=\"elementor-column elementor-col-50 elementor-top-column elementor-element elementor-element-46e132e2\" data-id=\"46e132e2\" data-element_type=\"column\">\n\t\t\t<div class=\"elementor-widget-wrap elementor-element-populated\">\n\t\t\t\t\t\t\t\t<div class=\"elementor-element elementor-element-26249a39 elementor-widget elementor-widget-heading\" data-id=\"26249a39\" data-element_type=\"widget\" data-widget_type=\"heading.default\">\n\t\t\t\t<div class=\"elementor-widget-container\">\n\t\t\t<h5 class=\"elementor-heading-title elementor-size-default\">15:00 | Rugs\u0117jo 25 d. (\u0161e\u0161tadienis) <\/h5>\t\t<\/div>\n\t\t\t\t<\/div>\n\t\t\t\t<div class=\"elementor-element elementor-element-106fab6 elementor-widget elementor-widget-spacer\" data-id=\"106fab6\" data-element_type=\"widget\" data-widget_type=\"spacer.default\">\n\t\t\t\t<div class=\"elementor-widget-container\">\n\t\t\t\t\t<div class=\"elementor-spacer\">\n\t\t\t<div class=\"elementor-spacer-inner\"><\/div>\n\t\t<\/div>\n\t\t\t\t<\/div>\n\t\t\t\t<\/div>\n\t\t\t\t<div class=\"elementor-element elementor-element-52fb6c6d elementor-widget elementor-widget-text-editor\" data-id=\"52fb6c6d\" data-element_type=\"widget\" data-widget_type=\"text-editor.default\">\n\t\t\t\t<div class=\"elementor-widget-container\">\n\t\t\t\t\t\t\t\t<div class=\"o9v6fnle cxmmr5t8 oygrvhab hcukyx3x c1et5uql\">\u201e\u0160oku skalbimo ma\u0161inai ir tau, nes neatsimenu joki\u0173 m\u016bs\u0173 pokalbi\u0173. Net nebe\u017einau, ar j\u0173 i\u0161 viso buvo. \u017dmon\u0117s sako, kad myl\u0117jai mane. O a\u0161 neprisimenu nei tavo buvimo kartu, nei tavo balso, nei prisilietim\u0173.<\/div><div>\u00a0<\/div><div class=\"o9v6fnle cxmmr5t8 oygrvhab hcukyx3x c1et5uql\">Turiu tik sen\u0173 nuotrauk\u0173. \u017di\u016briu \u012f jas, matau tavo li\u016bdn\u0105 veid\u0105 ir vis kartojuosi t\u0105 vienintel\u012f prisiminim\u0105 apie tave. Ir pradedu bijoti, kad to, k\u0105 prisimenu, i\u0161 tikr\u0173j\u0173 niekada ir nebuvo. Tod\u0117l \u0161oku. \u0160oku tau. Nes mes nebepasikalb\u0117sime, bet gal dar galime kartu pa\u0161okti.\u201c<\/div><div class=\"o9v6fnle cxmmr5t8 oygrvhab hcukyx3x c1et5uql\">Atrodo toks nuvalkiotas klausimas: \u201eKoks tavo pirmasis atsiminimas apie mam\u0105?\u201c \u2013 kai kuriems yra tiesiog nepa\u017e\u012fstamas.<\/div><div>\u00a0<\/div><div class=\"o9v6fnle cxmmr5t8 oygrvhab hcukyx3x c1et5uql\">Pasaulyje, kuriame motinos yra arba deiv\u0117s, arba pragaro si\u0173sti monstrai, netur\u0117ti jokio mamos paveikslo \u2013 sunkiai \u012fsivaizduojama. Kaip j\u012f susid\u0117lioti? Ar jo reikia? Kaip gyventi be mamos portreto?<\/div><div class=\"o9v6fnle cxmmr5t8 oygrvhab hcukyx3x c1et5uql\">2018 m. spektakliu \u201e\u0160okis dulki\u0173 siurbliui ir t\u0117\u010diui\u201c, k\u016brybin\u012f triptik\u0105 prad\u0117jusi choreograf\u0117 ir \u0161ok\u0117ja Greta Grinevi\u010di\u016bt\u0117 pristato antr\u0105j\u012f \u0161eimos ry\u0161ius nagrin\u0117jant\u012f darb\u0105.<\/div><div>\u00a0<\/div><div class=\"o9v6fnle cxmmr5t8 oygrvhab hcukyx3x c1et5uql\">G. Grinevi\u010di\u016bt\u0117 bendradarbiauja su \u0161iuolaikinio \u0161okio k\u016br\u0117ju, atlik\u0117ju ir d\u0117stytoju Andriumi Katinu, kuris spektaklyje pasirodys Helsinkyje \u012fra\u0161ytose vaizdo projekcijose, ar telefono skambutyje gyvenan\u010diu balsiniu pavidalu. Judviej\u0173 nuotolinis darbas karantino metu ne tik i\u0161laik\u0117 gyv\u0105 spektaklio id\u0117j\u0105, bet ir suteik\u0117 jai nauj\u0105 form\u0105, atkartojan\u010di\u0105 ir pa\u010dios \u0161ok\u0117jos santyk\u012f su t\u0117vu.<\/div><div>\u00a0<\/div><div class=\"o9v6fnle cxmmr5t8 oygrvhab hcukyx3x c1et5uql\">Spektaklio metu Greta \u017ei\u016brovus kvies kartu keliauti per jos b\u016btus ir neb\u016btus prisiminimus bei apsilankyti instaliacijoje \u2013 svajon\u0117je, kurios nebe\u012fmanoma susapnuoti.<\/div>\t\t\t\t\t\t<\/div>\n\t\t\t\t<\/div>\n\t\t\t\t<div class=\"elementor-element elementor-element-18f0d356 elementor-widget elementor-widget-spacer\" data-id=\"18f0d356\" data-element_type=\"widget\" data-widget_type=\"spacer.default\">\n\t\t\t\t<div class=\"elementor-widget-container\">\n\t\t\t\t\t<div class=\"elementor-spacer\">\n\t\t\t<div class=\"elementor-spacer-inner\"><\/div>\n\t\t<\/div>\n\t\t\t\t<\/div>\n\t\t\t\t<\/div>\n\t\t\t\t<div class=\"elementor-element elementor-element-fd46847 elementor-widget elementor-widget-heading\" data-id=\"fd46847\" data-element_type=\"widget\" data-widget_type=\"heading.default\">\n\t\t\t\t<div class=\"elementor-widget-container\">\n\t\t\t<h5 class=\"elementor-heading-title elementor-size-default\">K\u016aRYBIN\u0116 KOMANDA<\/h5>\t\t<\/div>\n\t\t\t\t<\/div>\n\t\t\t\t<div class=\"elementor-element elementor-element-36216b5f elementor-widget elementor-widget-spacer\" data-id=\"36216b5f\" data-element_type=\"widget\" data-widget_type=\"spacer.default\">\n\t\t\t\t<div class=\"elementor-widget-container\">\n\t\t\t\t\t<div class=\"elementor-spacer\">\n\t\t\t<div class=\"elementor-spacer-inner\"><\/div>\n\t\t<\/div>\n\t\t\t\t<\/div>\n\t\t\t\t<\/div>\n\t\t\t\t<div class=\"elementor-element elementor-element-543d85a1 elementor-widget elementor-widget-text-editor\" data-id=\"543d85a1\" data-element_type=\"widget\" data-widget_type=\"text-editor.default\">\n\t\t\t\t<div class=\"elementor-widget-container\">\n\t\t\t\t\t\t\t\t<p><strong>Meno ir mokslo laboratorija<\/strong><\/p><p><span class=\"d2edcug0 hpfvmrgz qv66sw1b c1et5uql oi732d6d ik7dh3pa ht8s03o8 a8c37x1j keod5gw0 nxhoafnm aigsh9s9 d3f4x2em fe6kdd0r mau55g9w c8b282yb iv3no6db jq4qci2q a3bd9o3v b1v8xokw oo9gr5id\" dir=\"auto\"><strong>ID\u0116JOS AUTOR\u0116, CHOREOGRAF\u0116, \u0160OK\u0116JA:<\/strong> Greta Grinevi\u010di\u016bt\u0117<br \/><strong>CHOREOGRAFAS, \u0160OK\u0116JAS:<\/strong> Andrius Katinas<br \/><strong>KOMPOZITOR\u0116:<\/strong> Agn\u0117 Matulevi\u010di\u016bt\u0117<br \/><strong>DRAMATURG\u0116S:<\/strong> Kristina Steiblyt\u0117, Sigita Iva\u0161kait\u0117<br \/><\/span><\/p>\t\t\t\t\t\t<\/div>\n\t\t\t\t<\/div>\n\t\t\t\t<div class=\"elementor-element elementor-element-0751b11 elementor-align-left elementor-widget elementor-widget-button\" data-id=\"0751b11\" data-element_type=\"widget\" data-widget_type=\"button.default\">\n\t\t\t\t<div class=\"elementor-widget-container\">\n\t\t\t\t\t<div class=\"elementor-button-wrapper\">\n\t\t\t<a href=\"https:\/\/forms.gle\/crQwmCLjp7Y6qrtZ9\" class=\"elementor-button-link elementor-button elementor-size-md\" role=\"button\">\n\t\t\t\t\t\t<span class=\"elementor-button-content-wrapper\">\n\t\t\t\t\t\t<span class=\"elementor-button-text\">Registracija \u012f nemokam\u0105 rengin\u012f<\/span>\n\t\t<\/span>\n\t\t\t\t\t<\/a>\n\t\t<\/div>\n\t\t\t\t<\/div>\n\t\t\t\t<\/div>\n\t\t\t\t\t<\/div>\n\t\t<\/div>\n\t\t\t\t\t\t\t<\/div>\n\t\t<\/section>\n\t\t\t\t<section class=\"elementor-section elementor-top-section elementor-element elementor-element-47e5b8bf elementor-section-full_width elementor-section-height-default elementor-section-height-default\" data-id=\"47e5b8bf\" data-element_type=\"section\" data-settings=\"{&quot;background_background&quot;:&quot;classic&quot;}\">\n\t\t\t\t\t\t<div class=\"elementor-container elementor-column-gap-default\">\n\t\t\t\t\t<div class=\"elementor-column elementor-col-100 elementor-top-column elementor-element elementor-element-2c3e62fc\" data-id=\"2c3e62fc\" data-element_type=\"column\">\n\t\t\t<div class=\"elementor-widget-wrap elementor-element-populated\">\n\t\t\t\t\t\t\t\t<div class=\"elementor-element elementor-element-722f2758 elementor-widget elementor-widget-heading\" data-id=\"722f2758\" data-element_type=\"widget\" data-widget_type=\"heading.default\">\n\t\t\t\t<div class=\"elementor-widget-container\">\n\t\t\t<h2 class=\"elementor-heading-title elementor-size-default\">Taip pat domint\u0173<\/h2>\t\t<\/div>\n\t\t\t\t<\/div>\n\t\t\t\t<div class=\"elementor-element elementor-element-22352352 elementor-widget-divider--view-line elementor-widget elementor-widget-divider\" data-id=\"22352352\" data-element_type=\"widget\" data-widget_type=\"divider.default\">\n\t\t\t\t<div class=\"elementor-widget-container\">\n\t\t\t\t\t<div class=\"elementor-divider\">\n\t\t\t<span class=\"elementor-divider-separator\">\n\t\t\t\t\t\t<\/span>\n\t\t<\/div>\n\t\t\t\t<\/div>\n\t\t\t\t<\/div>\n\t\t\t\t\t<\/div>\n\t\t<\/div>\n\t\t\t\t\t\t\t<\/div>\n\t\t<\/section>\n\t\t\t\t<section class=\"elementor-section elementor-top-section elementor-element elementor-element-5ab4e920 elementor-section-full_width elementor-section-height-default elementor-section-height-default\" data-id=\"5ab4e920\" data-element_type=\"section\" data-settings=\"{&quot;background_background&quot;:&quot;classic&quot;}\">\n\t\t\t\t\t\t<div class=\"elementor-container elementor-column-gap-default\">\n\t\t\t\t\t<div class=\"elementor-column elementor-col-100 elementor-top-column elementor-element elementor-element-24a0ad13\" data-id=\"24a0ad13\" data-element_type=\"column\">\n\t\t\t<div class=\"elementor-widget-wrap elementor-element-populated\">\n\t\t\t\t\t\t\t\t<div class=\"elementor-element elementor-element-18cdfbb4 elementor-widget elementor-widget-jet-portfolio\" data-id=\"18cdfbb4\" data-element_type=\"widget\" data-widget_type=\"jet-portfolio.default\">\n\t\t\t\t<div class=\"elementor-widget-container\">\n\t\t\t<div class=\"elementor-jet-portfolio jet-elements\">\n<div class=\"jet-portfolio layout-type-grid preset-type-4 layout-desktop-column-4 layout-tablet-column-2 layout-mobile-column-1\" data-settings=\"{&quot;layoutType&quot;:&quot;grid&quot;,&quot;columns&quot;:&quot;4&quot;,&quot;columnsTablet&quot;:&quot;2&quot;,&quot;columnsMobile&quot;:&quot;1&quot;,&quot;perPage&quot;:6}\"><div class=\"jet-portfolio__list\"><article class=\"jet-portfolio__item visible-status\" data-slug=\"{&quot;0&quot;:&quot;all&quot;}\">\n\t<div class=\"jet-portfolio__inner\">\n\t\t<a class=\"jet-portfolio__link\" href=\"http:\/\/iseitiestaskas.lt\/wp-content\/uploads\/2021\/08\/Sodra-mon-amour-WEB.jpg\" data-elementor-open-lightbox=\"yes\">\n\t\t\t<div class=\"jet-portfolio__image\">\n\t\t\t\t<img decoding=\"async\" class=\"jet-portfolio__image-instance\" src=\"https:\/\/iseitiestaskas.lt\/wp-content\/uploads\/2021\/08\/Sodra-mon-amour-WEB.jpg\" width=\"1500\" height=\"2124\"  alt=\"Sodra mon amour WEB\" loading=\"lazy\">\t\t\t\t<div class=\"jet-portfolio__image-loader\"><span><\/span><\/div>\n\t\t\t<\/div>\n\t\t<\/a>\n\t\t<div class=\"jet-portfolio__content\">\n\t\t\t<div class=\"jet-portfolio__content-inner\"><span class=\"jet-portfolio__title\">PREMJERA! SODRA, MON AMOUR<\/span><p class=\"jet-portfolio__desc\">Asociacija \u201cTeatronas\u201d  |\naut. Marija Kristina Kulini\u010d, re\u017e. Gildas Aleksa<\/p><a class=\"elementor-button elementor-size-md jet-portfolio__button\" href=\"https:\/\/iseitiestaskas.lt\/en\/sodra-mon-amour\/\"><span class=\"jet-portfolio__button-text\">+<\/span><\/a><\/div>\n\t\t<\/div>\n\t<\/div>\n<\/article><article class=\"jet-portfolio__item visible-status\" data-slug=\"{&quot;0&quot;:&quot;all&quot;}\">\n\t<div class=\"jet-portfolio__inner\">\n\t\t<a class=\"jet-portfolio__link\" href=\"http:\/\/iseitiestaskas.lt\/wp-content\/uploads\/2021\/08\/geriau-buciau-negimes.jpg\" data-elementor-open-lightbox=\"yes\">\n\t\t\t<div class=\"jet-portfolio__image\">\n\t\t\t\t<img decoding=\"async\" class=\"jet-portfolio__image-instance\" src=\"https:\/\/iseitiestaskas.lt\/wp-content\/uploads\/2021\/08\/geriau-buciau-negimes.jpg\" width=\"1690\" height=\"1645\"  alt=\"geriau buciau negimes\" loading=\"lazy\">\t\t\t\t<div class=\"jet-portfolio__image-loader\"><span><\/span><\/div>\n\t\t\t<\/div>\n\t\t<\/a>\n\t\t<div class=\"jet-portfolio__content\">\n\t\t\t<div class=\"jet-portfolio__content-inner\"><span class=\"jet-portfolio__title\">JAU GERIAU B\u016a\u010cIAU NEGIM\u0118S<\/span><p class=\"jet-portfolio__desc\">No Shoes teatras | Raimondo Klezio monospektaklis<\/p><a class=\"elementor-button elementor-size-md jet-portfolio__button\" href=\"https:\/\/iseitiestaskas.lt\/en\/jau-geriau-buciau-negimes\/\"><span class=\"jet-portfolio__button-text\">+<\/span><\/a><\/div>\n\t\t<\/div>\n\t<\/div>\n<\/article><article class=\"jet-portfolio__item visible-status\" data-slug=\"{&quot;0&quot;:&quot;all&quot;}\">\n\t<div class=\"jet-portfolio__inner\">\n\t\t<a class=\"jet-portfolio__link\" href=\"http:\/\/iseitiestaskas.lt\/wp-content\/uploads\/2021\/08\/uzsalimasjpg.jpg\" data-elementor-open-lightbox=\"yes\">\n\t\t\t<div class=\"jet-portfolio__image\">\n\t\t\t\t<img decoding=\"async\" class=\"jet-portfolio__image-instance\" src=\"https:\/\/iseitiestaskas.lt\/wp-content\/uploads\/2021\/08\/uzsalimasjpg.jpg\" width=\"1690\" height=\"1645\"  alt=\"uzsalimasjpg\" loading=\"lazy\">\t\t\t\t<div class=\"jet-portfolio__image-loader\"><span><\/span><\/div>\n\t\t\t<\/div>\n\t\t<\/a>\n\t\t<div class=\"jet-portfolio__content\">\n\t\t\t<div class=\"jet-portfolio__content-inner\"><span class=\"jet-portfolio__title\">U\u017d\u0160ALIMAS<\/span><p class=\"jet-portfolio__desc\">Lietuvos muzikos ir teatro akademija |\naut. ir re\u017e. Motiejus Ivanauskas<\/p><a class=\"elementor-button elementor-size-md jet-portfolio__button\" href=\"https:\/\/iseitiestaskas.lt\/en\/uzsalimas\/\"><span class=\"jet-portfolio__button-text\">+<\/span><\/a><\/div>\n\t\t<\/div>\n\t<\/div>\n<\/article><article class=\"jet-portfolio__item visible-status\" data-slug=\"{&quot;0&quot;:&quot;all&quot;}\">\n\t<div class=\"jet-portfolio__inner\">\n\t\t<a class=\"jet-portfolio__link\" href=\"http:\/\/iseitiestaskas.lt\/wp-content\/uploads\/2021\/08\/anti.jpg\" data-elementor-open-lightbox=\"yes\">\n\t\t\t<div class=\"jet-portfolio__image\">\n\t\t\t\t<img decoding=\"async\" class=\"jet-portfolio__image-instance\" src=\"https:\/\/iseitiestaskas.lt\/wp-content\/uploads\/2021\/08\/anti.jpg\" width=\"1690\" height=\"1645\"  alt=\"anti\" loading=\"lazy\">\t\t\t\t<div class=\"jet-portfolio__image-loader\"><span><\/span><\/div>\n\t\t\t<\/div>\n\t\t<\/a>\n\t\t<div class=\"jet-portfolio__content\">\n\t\t\t<div class=\"jet-portfolio__content-inner\"><span class=\"jet-portfolio__title\">ANTI<\/span><p class=\"jet-portfolio__desc\">Panev\u0117\u017eio teatras \u201eMenas\u201c | aut. ir re\u017e. Aleksandr \u0160pilevoj<\/p><a class=\"elementor-button elementor-size-md jet-portfolio__button\" href=\"https:\/\/iseitiestaskas.lt\/en\/anti\/\"><span class=\"jet-portfolio__button-text\">+<\/span><\/a><\/div>\n\t\t<\/div>\n\t<\/div>\n<\/article><\/div><\/div>\n<\/div>\t\t<\/div>\n\t\t\t\t<\/div>\n\t\t\t\t\t<\/div>\n\t\t<\/div>\n\t\t\t\t\t\t\t<\/div>\n\t\t<\/section>\n\t\t\t\t\t\t<\/div>\n\t\t\t\t\t<\/div>","protected":false},"excerpt":{"rendered":"<p>\u0160OKIS SKALBIMO MA\u0160INAI IR MAMAI Filmas-spektaklis ir diskusija.Renginys nemokamas 15:00 | Rugs\u0117jo 25 d. (\u0161e\u0161tadienis) \u201e\u0160oku skalbimo ma\u0161inai ir tau, nes neatsimenu joki\u0173 m\u016bs\u0173 pokalbi\u0173. Net nebe\u017einau, ar j\u0173 i\u0161 viso buvo. \u017dmon\u0117s sako, kad myl\u0117jai mane. O a\u0161 neprisimenu nei tavo buvimo kartu, nei tavo balso, nei prisilietim\u0173.\u00a0Turiu tik sen\u0173 nuotrauk\u0173. \u017di\u016briu \u012f jas, [&hellip;]<\/p>","protected":false},"author":1,"featured_media":0,"parent":0,"menu_order":0,"comment_status":"closed","ping_status":"closed","template":"","meta":{"om_disable_all_campaigns":false,"_monsterinsights_skip_tracking":false,"_monsterinsights_sitenote_active":false,"_monsterinsights_sitenote_note":"","_monsterinsights_sitenote_category":0,"footnotes":""},"aioseo_notices":[],"_links":{"self":[{"href":"https:\/\/iseitiestaskas.lt\/en\/wp-json\/wp\/v2\/pages\/1109"}],"collection":[{"href":"https:\/\/iseitiestaskas.lt\/en\/wp-json\/wp\/v2\/pages"}],"about":[{"href":"https:\/\/iseitiestaskas.lt\/en\/wp-json\/wp\/v2\/types\/page"}],"author":[{"embeddable":true,"href":"https:\/\/iseitiestaskas.lt\/en\/wp-json\/wp\/v2\/users\/1"}],"replies":[{"embeddable":true,"href":"https:\/\/iseitiestaskas.lt\/en\/wp-json\/wp\/v2\/comments?post=1109"}],"version-history":[{"count":25,"href":"https:\/\/iseitiestaskas.lt\/en\/wp-json\/wp\/v2\/pages\/1109\/revisions"}],"predecessor-version":[{"id":1437,"href":"https:\/\/iseitiestaskas.lt\/en\/wp-json\/wp\/v2\/pages\/1109\/revisions\/1437"}],"wp:attachment":[{"href":"https:\/\/iseitiestaskas.lt\/en\/wp-json\/wp\/v2\/media?parent=1109"}],"curies":[{"name":"wp","href":"https:\/\/api.w.org\/{rel}","templated":true}]}}