{"id":1124,"date":"2021-08-29T18:30:24","date_gmt":"2021-08-29T18:30:24","guid":{"rendered":"http:\/\/iseitiestaskas.lt\/?page_id=1124"},"modified":"2021-08-29T21:27:07","modified_gmt":"2021-08-29T21:27:07","slug":"anti","status":"publish","type":"page","link":"https:\/\/iseitiestaskas.lt\/en\/anti\/","title":{"rendered":"ANTI"},"content":{"rendered":"<div data-elementor-type=\"wp-page\" data-elementor-id=\"1124\" class=\"elementor elementor-1124\" data-elementor-settings=\"[]\">\n\t\t\t\t\t\t\t<div class=\"elementor-section-wrap\">\n\t\t\t\t\t\t\t<section class=\"elementor-section elementor-top-section elementor-element elementor-element-65708f81 elementor-section-boxed elementor-section-height-default elementor-section-height-default\" data-id=\"65708f81\" data-element_type=\"section\">\n\t\t\t\t\t\t<div class=\"elementor-container elementor-column-gap-default\">\n\t\t\t\t\t<div class=\"elementor-column elementor-col-100 elementor-top-column elementor-element elementor-element-aa4e870\" data-id=\"aa4e870\" data-element_type=\"column\">\n\t\t\t<div class=\"elementor-widget-wrap elementor-element-populated\">\n\t\t\t\t\t\t\t\t<div class=\"elementor-element elementor-element-65304073 elementor-widget elementor-widget-heading\" data-id=\"65304073\" data-element_type=\"widget\" data-widget_type=\"heading.default\">\n\t\t\t\t<div class=\"elementor-widget-container\">\n\t\t\t<h2 class=\"elementor-heading-title elementor-size-default\">ANTI<\/h2>\t\t<\/div>\n\t\t\t\t<\/div>\n\t\t\t\t<div class=\"elementor-element elementor-element-15290ced elementor-widget-divider--view-line elementor-widget elementor-widget-divider\" data-id=\"15290ced\" data-element_type=\"widget\" data-widget_type=\"divider.default\">\n\t\t\t\t<div class=\"elementor-widget-container\">\n\t\t\t\t\t<div class=\"elementor-divider\">\n\t\t\t<span class=\"elementor-divider-separator\">\n\t\t\t\t\t\t<\/span>\n\t\t<\/div>\n\t\t\t\t<\/div>\n\t\t\t\t<\/div>\n\t\t\t\t<div class=\"elementor-element elementor-element-7f839b7 elementor-widget elementor-widget-text-editor\" data-id=\"7f839b7\" data-element_type=\"widget\" data-widget_type=\"text-editor.default\">\n\t\t\t\t<div class=\"elementor-widget-container\">\n\t\t\t\t\t\t\t\t<p><em>Spektaklis-storytellingas<\/em><\/p>\t\t\t\t\t\t<\/div>\n\t\t\t\t<\/div>\n\t\t\t\t\t<\/div>\n\t\t<\/div>\n\t\t\t\t\t\t\t<\/div>\n\t\t<\/section>\n\t\t\t\t<section class=\"elementor-section elementor-top-section elementor-element elementor-element-3f339c99 elementor-section-boxed elementor-section-height-default elementor-section-height-default\" data-id=\"3f339c99\" data-element_type=\"section\">\n\t\t\t\t\t\t<div class=\"elementor-container elementor-column-gap-default\">\n\t\t\t\t\t<div class=\"elementor-column elementor-col-50 elementor-top-column elementor-element elementor-element-335dcec\" data-id=\"335dcec\" data-element_type=\"column\">\n\t\t\t<div class=\"elementor-widget-wrap elementor-element-populated\">\n\t\t\t\t\t\t\t\t<div class=\"elementor-element elementor-element-4d83423b elementor-widget elementor-widget-image\" data-id=\"4d83423b\" data-element_type=\"widget\" data-widget_type=\"image.default\">\n\t\t\t\t<div class=\"elementor-widget-container\">\n\t\t\t\t\t\t\t\t\t\t\t\t\t\t\t<img loading=\"lazy\" decoding=\"async\" width=\"1024\" height=\"997\" src=\"https:\/\/iseitiestaskas.lt\/wp-content\/uploads\/2021\/08\/anti-1024x997.jpg\" class=\"attachment-large size-large\" alt=\"\" srcset=\"https:\/\/iseitiestaskas.lt\/wp-content\/uploads\/2021\/08\/anti-1024x997.jpg 1024w, https:\/\/iseitiestaskas.lt\/wp-content\/uploads\/2021\/08\/anti-600x584.jpg 600w, https:\/\/iseitiestaskas.lt\/wp-content\/uploads\/2021\/08\/anti-300x292.jpg 300w, https:\/\/iseitiestaskas.lt\/wp-content\/uploads\/2021\/08\/anti-768x748.jpg 768w, https:\/\/iseitiestaskas.lt\/wp-content\/uploads\/2021\/08\/anti-1536x1495.jpg 1536w, https:\/\/iseitiestaskas.lt\/wp-content\/uploads\/2021\/08\/anti.jpg 1690w\" sizes=\"(max-width: 1024px) 100vw, 1024px\" \/>\t\t\t\t\t\t\t\t\t\t\t\t\t\t\t<\/div>\n\t\t\t\t<\/div>\n\t\t\t\t<div class=\"elementor-element elementor-element-360a6fb elementor-widget elementor-widget-image\" data-id=\"360a6fb\" data-element_type=\"widget\" data-widget_type=\"image.default\">\n\t\t\t\t<div class=\"elementor-widget-container\">\n\t\t\t\t\t\t\t\t\t\t\t\t\t\t\t<img loading=\"lazy\" decoding=\"async\" width=\"683\" height=\"1024\" src=\"https:\/\/iseitiestaskas.lt\/wp-content\/uploads\/2021\/08\/1-2-683x1024.jpeg\" class=\"attachment-large size-large\" alt=\"\" srcset=\"https:\/\/iseitiestaskas.lt\/wp-content\/uploads\/2021\/08\/1-2-683x1024.jpeg 683w, https:\/\/iseitiestaskas.lt\/wp-content\/uploads\/2021\/08\/1-2-600x899.jpeg 600w, https:\/\/iseitiestaskas.lt\/wp-content\/uploads\/2021\/08\/1-2-200x300.jpeg 200w, https:\/\/iseitiestaskas.lt\/wp-content\/uploads\/2021\/08\/1-2-768x1151.jpeg 768w, https:\/\/iseitiestaskas.lt\/wp-content\/uploads\/2021\/08\/1-2.jpeg 854w\" sizes=\"(max-width: 683px) 100vw, 683px\" \/>\t\t\t\t\t\t\t\t\t\t\t\t\t\t\t<\/div>\n\t\t\t\t<\/div>\n\t\t\t\t\t<\/div>\n\t\t<\/div>\n\t\t\t\t<div class=\"elementor-column elementor-col-50 elementor-top-column elementor-element elementor-element-31793832\" data-id=\"31793832\" data-element_type=\"column\">\n\t\t\t<div class=\"elementor-widget-wrap elementor-element-populated\">\n\t\t\t\t\t\t\t\t<div class=\"elementor-element elementor-element-10100ee7 elementor-widget elementor-widget-heading\" data-id=\"10100ee7\" data-element_type=\"widget\" data-widget_type=\"heading.default\">\n\t\t\t\t<div class=\"elementor-widget-container\">\n\t\t\t<h5 class=\"elementor-heading-title elementor-size-default\">18:00 | Rugs\u0117jo 26 d. (sekmadienis) <\/h5>\t\t<\/div>\n\t\t\t\t<\/div>\n\t\t\t\t<div class=\"elementor-element elementor-element-4426a991 elementor-widget elementor-widget-text-editor\" data-id=\"4426a991\" data-element_type=\"widget\" data-widget_type=\"text-editor.default\">\n\t\t\t\t<div class=\"elementor-widget-container\">\n\t\t\t\t\t\t\t\t<div class=\"o9v6fnle cxmmr5t8 oygrvhab hcukyx3x c1et5uql\">\u201eAnti\u201c \u2013 spektaklis-storytellingas, paremtas antikine Sofoklio pjese \u201eAntigon\u0117\u201c ir keturi\u0173 aktori\u0173 pasakojamais asmeniniais i\u0161gyvenimais.<\/div><div>\u00a0<\/div><div class=\"o9v6fnle cxmmr5t8 oygrvhab hcukyx3x c1et5uql\">Spektaklis pirmiausiai skirtas jaunai publikai &#8211; 14-24 met\u0173 \u017emon\u0117ms. \u201eAnti\u201c k\u016br\u0117jai kuria gyv\u0105 susitikim\u0105 bendroje erdv\u0117je, kurioje aktoriai n\u0117ra atskirti nuo \u017ei\u016brov\u0173 auk\u0161tos scenos pakylos, kurioje vieni n\u0117ra ry\u0161kiai ap\u0161viesti teatro pro\u017eektori\u0173, o kiti n\u0117ra skandinami tamsoje, vieni n\u0117ra \u012fpareigoti tapti persona\u017eais, o kiti n\u0117ra ver\u010diami tyl\u0117ti ir apsimesti, kad j\u0173 sal\u0117je i\u0161 viso n\u0117ra.<\/div><div>\u00a0<\/div><div class=\"o9v6fnle cxmmr5t8 oygrvhab hcukyx3x c1et5uql\">Vietoj to tiek aktoriai, tiek ir \u017ei\u016brovai kartu \u012fsipatogina scenoje tam, kad gal\u0117t\u0173 drauge pasakoti ir klausytis istorij\u0173, kalb\u0117tis, juoktis, vaidinti, \u017eaisti kompiuterinius \u017eaidimus, kelti svarbius klausimus ir ie\u0161koti nuo\u0161ird\u017ei\u0173 atsakym\u0173.<\/div><div>\u00a0<\/div><div class=\"o9v6fnle cxmmr5t8 oygrvhab hcukyx3x c1et5uql\">Spektaklio aktoriai improvizuodami vaidins ir pasakos istorijas, savaranki\u0161kai valdys \u0161iuolaiki\u0161k\u0105 spektaklio muzik\u0105 ir ap\u0161vietim\u0105. I\u0161 esm\u0117s jie kurs tikr\u0105 \u0161ventin\u012f vakar\u0117l\u012f teatro scenoje, \u012f kur\u012f pakvies \u017ei\u016brovus tam, kad drauge sugriaut\u0173 stereotipin\u012f po\u017ei\u016br\u012f \u012f teatr\u0105, mitus, antikin\u012f men\u0105, klasikin\u0119 literat\u016br\u0105.<\/div><div>\u00a0<\/div><div class=\"o9v6fnle cxmmr5t8 oygrvhab hcukyx3x c1et5uql\">O kas, jei ANTI spektaklis apie Antigon\u0119 gali b\u016bti \u012fdomus? Kas, jei jis gali b\u016bti ne apie senov\u0117s Graikij\u0105, bet apie mus, \u0161iandien Lietuvoje gyvenan\u010dius jaunus \u017emones? Kas, jei teatras gali b\u016bti gyvas, smagus, be perspaustos, dirbtinos vaidybos? Kas, jei lietuvi\u0173 kalbos programin\u0117s literat\u016bros s\u0105ra\u0161e yra tikrai ger\u0173 tekst\u0173? Kas, jeigu dvi valandos scenoje kartu su aktoriais gali prab\u0117gti greitai, be streso, \u012fdomiai ir smagiai, o gal netgi ir skaniai?<\/div><div>\u00a0<\/div><div class=\"o9v6fnle cxmmr5t8 oygrvhab hcukyx3x c1et5uql\">\u201eAnti\u201c &#8211; istorija apie apie mus!<\/div>\t\t\t\t\t\t<\/div>\n\t\t\t\t<\/div>\n\t\t\t\t<div class=\"elementor-element elementor-element-214e950a elementor-widget elementor-widget-spacer\" data-id=\"214e950a\" data-element_type=\"widget\" data-widget_type=\"spacer.default\">\n\t\t\t\t<div class=\"elementor-widget-container\">\n\t\t\t\t\t<div class=\"elementor-spacer\">\n\t\t\t<div class=\"elementor-spacer-inner\"><\/div>\n\t\t<\/div>\n\t\t\t\t<\/div>\n\t\t\t\t<\/div>\n\t\t\t\t<div class=\"elementor-element elementor-element-44503fe elementor-widget elementor-widget-heading\" data-id=\"44503fe\" data-element_type=\"widget\" data-widget_type=\"heading.default\">\n\t\t\t\t<div class=\"elementor-widget-container\">\n\t\t\t<h5 class=\"elementor-heading-title elementor-size-default\">K\u016aRYBIN\u0116 KOMANDA<\/h5>\t\t<\/div>\n\t\t\t\t<\/div>\n\t\t\t\t<div class=\"elementor-element elementor-element-52bb54f4 elementor-widget elementor-widget-spacer\" data-id=\"52bb54f4\" data-element_type=\"widget\" data-widget_type=\"spacer.default\">\n\t\t\t\t<div class=\"elementor-widget-container\">\n\t\t\t\t\t<div class=\"elementor-spacer\">\n\t\t\t<div class=\"elementor-spacer-inner\"><\/div>\n\t\t<\/div>\n\t\t\t\t<\/div>\n\t\t\t\t<\/div>\n\t\t\t\t<div class=\"elementor-element elementor-element-69523fc8 elementor-widget elementor-widget-text-editor\" data-id=\"69523fc8\" data-element_type=\"widget\" data-widget_type=\"text-editor.default\">\n\t\t\t\t<div class=\"elementor-widget-container\">\n\t\t\t\t\t\t\t\t<div class=\"o9v6fnle cxmmr5t8 oygrvhab hcukyx3x c1et5uql\"><strong>Panev\u0117\u017eio teatras \u201eMenas\u201c <br \/>Dramaturgas ir re\u017eisierius:<\/strong> Aleksandr \u0160pilevoj<br \/><strong>Scenografijos ir kostium\u0173 dailinink\u0117:<\/strong> Barbora \u0160ulni\u016bt\u0117<br \/><strong>Kompozitorius:<\/strong> Paulius Trijonis<br \/><strong>Vaidina:<\/strong> Aliona Kuriakina, Dovil\u0117 Klementjeva, Martynas Klementjevas, Aidas Jurgaitis<br \/><strong>Nuotraukos:<\/strong> Arvydo Gudo<\/div><div class=\"o9v6fnle cxmmr5t8 oygrvhab hcukyx3x c1et5uql\"><strong>Projekto partneris:<\/strong> V\u0161\u012e \u201eMeno alchemija\u201c<br \/><strong>Projekt\u0105 finansuoja:<\/strong> Lietuvos kult\u016bros taryba<\/div>\t\t\t\t\t\t<\/div>\n\t\t\t\t<\/div>\n\t\t\t\t<div class=\"elementor-element elementor-element-148ddc23 elementor-align-left elementor-widget elementor-widget-button\" data-id=\"148ddc23\" data-element_type=\"widget\" data-widget_type=\"button.default\">\n\t\t\t\t<div class=\"elementor-widget-container\">\n\t\t\t\t\t<div class=\"elementor-button-wrapper\">\n\t\t\t<a href=\"https:\/\/www.tiketa.lt\/LT\/iseities_taskas&#039;21__anti__panevezio_teatras_menas_rez__aleksandr_spilevoj_su_gp_25692\" class=\"elementor-button-link elementor-button elementor-size-md\" role=\"button\">\n\t\t\t\t\t\t<span class=\"elementor-button-content-wrapper\">\n\t\t\t\t\t\t<span class=\"elementor-button-text\">Tickets<\/span>\n\t\t<\/span>\n\t\t\t\t\t<\/a>\n\t\t<\/div>\n\t\t\t\t<\/div>\n\t\t\t\t<\/div>\n\t\t\t\t\t<\/div>\n\t\t<\/div>\n\t\t\t\t\t\t\t<\/div>\n\t\t<\/section>\n\t\t\t\t<section class=\"elementor-section elementor-top-section elementor-element elementor-element-591a6438 elementor-section-full_width elementor-section-height-default elementor-section-height-default\" data-id=\"591a6438\" data-element_type=\"section\" data-settings=\"{&quot;background_background&quot;:&quot;classic&quot;}\">\n\t\t\t\t\t\t<div class=\"elementor-container elementor-column-gap-default\">\n\t\t\t\t\t<div class=\"elementor-column elementor-col-100 elementor-top-column elementor-element elementor-element-43f27d7b\" data-id=\"43f27d7b\" data-element_type=\"column\">\n\t\t\t<div class=\"elementor-widget-wrap elementor-element-populated\">\n\t\t\t\t\t\t\t\t<div class=\"elementor-element elementor-element-42f72fd7 elementor-widget elementor-widget-heading\" data-id=\"42f72fd7\" data-element_type=\"widget\" data-widget_type=\"heading.default\">\n\t\t\t\t<div class=\"elementor-widget-container\">\n\t\t\t<h2 class=\"elementor-heading-title elementor-size-default\">Taip pat domint\u0173<\/h2>\t\t<\/div>\n\t\t\t\t<\/div>\n\t\t\t\t<div class=\"elementor-element elementor-element-75ea8cb8 elementor-widget-divider--view-line elementor-widget elementor-widget-divider\" data-id=\"75ea8cb8\" data-element_type=\"widget\" data-widget_type=\"divider.default\">\n\t\t\t\t<div class=\"elementor-widget-container\">\n\t\t\t\t\t<div class=\"elementor-divider\">\n\t\t\t<span class=\"elementor-divider-separator\">\n\t\t\t\t\t\t<\/span>\n\t\t<\/div>\n\t\t\t\t<\/div>\n\t\t\t\t<\/div>\n\t\t\t\t<div class=\"elementor-element elementor-element-79e9a63d elementor-widget elementor-widget-spacer\" data-id=\"79e9a63d\" data-element_type=\"widget\" data-widget_type=\"spacer.default\">\n\t\t\t\t<div class=\"elementor-widget-container\">\n\t\t\t\t\t<div class=\"elementor-spacer\">\n\t\t\t<div class=\"elementor-spacer-inner\"><\/div>\n\t\t<\/div>\n\t\t\t\t<\/div>\n\t\t\t\t<\/div>\n\t\t\t\t<div class=\"elementor-element elementor-element-4b154a9d elementor-widget elementor-widget-jet-portfolio\" data-id=\"4b154a9d\" data-element_type=\"widget\" data-widget_type=\"jet-portfolio.default\">\n\t\t\t\t<div class=\"elementor-widget-container\">\n\t\t\t<div class=\"elementor-jet-portfolio jet-elements\">\n<div class=\"jet-portfolio layout-type-grid preset-type-4 layout-desktop-column-4 layout-tablet-column-2 layout-mobile-column-1\" data-settings=\"{&quot;layoutType&quot;:&quot;grid&quot;,&quot;columns&quot;:&quot;4&quot;,&quot;columnsTablet&quot;:&quot;2&quot;,&quot;columnsMobile&quot;:&quot;1&quot;,&quot;perPage&quot;:6}\"><div class=\"jet-portfolio__list\"><article class=\"jet-portfolio__item visible-status\" data-slug=\"{&quot;0&quot;:&quot;all&quot;}\">\n\t<div class=\"jet-portfolio__inner\">\n\t\t<a class=\"jet-portfolio__link\" href=\"http:\/\/iseitiestaskas.lt\/wp-content\/uploads\/2021\/08\/gyvuliaijpg.jpg\" data-elementor-open-lightbox=\"yes\">\n\t\t\t<div class=\"jet-portfolio__image\">\n\t\t\t\t<img decoding=\"async\" class=\"jet-portfolio__image-instance\" src=\"https:\/\/iseitiestaskas.lt\/wp-content\/uploads\/2021\/08\/gyvuliaijpg.jpg\" width=\"1690\" height=\"1645\"  alt=\"gyvuliai\" loading=\"lazy\">\t\t\t\t<div class=\"jet-portfolio__image-loader\"><span><\/span><\/div>\n\t\t\t<\/div>\n\t\t<\/a>\n\t\t<div class=\"jet-portfolio__content\">\n\t\t\t<div class=\"jet-portfolio__content-inner\"><span class=\"jet-portfolio__title\">GYVULIAI<\/span><p class=\"jet-portfolio__desc\">Pjes\u0117s skaitymas | aut. Goda Simonaityt\u0117<\/p><a class=\"elementor-button elementor-size-md jet-portfolio__button\" href=\"https:\/\/iseitiestaskas.lt\/en\/gyvuliai\/\"><span class=\"jet-portfolio__button-text\">+<\/span><\/a><\/div>\n\t\t<\/div>\n\t<\/div>\n<\/article><article class=\"jet-portfolio__item visible-status\" data-slug=\"{&quot;0&quot;:&quot;all&quot;}\">\n\t<div class=\"jet-portfolio__inner\">\n\t\t<a class=\"jet-portfolio__link\" href=\"http:\/\/iseitiestaskas.lt\/wp-content\/uploads\/2021\/08\/kissmas.jpg\" data-elementor-open-lightbox=\"yes\">\n\t\t\t<div class=\"jet-portfolio__image\">\n\t\t\t\t<img decoding=\"async\" class=\"jet-portfolio__image-instance\" src=\"https:\/\/iseitiestaskas.lt\/wp-content\/uploads\/2021\/08\/kissmas.jpg\" width=\"1690\" height=\"1645\"  alt=\"kissmas\" loading=\"lazy\">\t\t\t\t<div class=\"jet-portfolio__image-loader\"><span><\/span><\/div>\n\t\t\t<\/div>\n\t\t<\/a>\n\t\t<div class=\"jet-portfolio__content\">\n\t\t\t<div class=\"jet-portfolio__content-inner\"><span class=\"jet-portfolio__title\">KISSMAS<\/span><p class=\"jet-portfolio__desc\">aut. ir re\u017e. Tekl\u0117 Kavtaradz\u0117<\/p><a class=\"elementor-button elementor-size-md jet-portfolio__button\" href=\"https:\/\/iseitiestaskas.lt\/en\/kissmas\/\"><span class=\"jet-portfolio__button-text\">+<\/span><\/a><\/div>\n\t\t<\/div>\n\t<\/div>\n<\/article><article class=\"jet-portfolio__item visible-status\" data-slug=\"{&quot;0&quot;:&quot;all&quot;}\">\n\t<div class=\"jet-portfolio__inner\">\n\t\t<a class=\"jet-portfolio__link\" href=\"http:\/\/iseitiestaskas.lt\/wp-content\/uploads\/2021\/08\/geriau-buciau-negimes.jpg\" data-elementor-open-lightbox=\"yes\">\n\t\t\t<div class=\"jet-portfolio__image\">\n\t\t\t\t<img decoding=\"async\" class=\"jet-portfolio__image-instance\" src=\"https:\/\/iseitiestaskas.lt\/wp-content\/uploads\/2021\/08\/geriau-buciau-negimes.jpg\" width=\"1690\" height=\"1645\"  alt=\"geriau buciau negimes\" loading=\"lazy\">\t\t\t\t<div class=\"jet-portfolio__image-loader\"><span><\/span><\/div>\n\t\t\t<\/div>\n\t\t<\/a>\n\t\t<div class=\"jet-portfolio__content\">\n\t\t\t<div class=\"jet-portfolio__content-inner\"><span class=\"jet-portfolio__title\">JAU GERIAU B\u016a\u010cIAU NEGIM\u0118S<\/span><p class=\"jet-portfolio__desc\">No Shoes teatras | Raimondo Klezio monospektaklis<\/p><a class=\"elementor-button elementor-size-md jet-portfolio__button\" href=\"https:\/\/iseitiestaskas.lt\/en\/jau-geriau-buciau-negimes\/\"><span class=\"jet-portfolio__button-text\">+<\/span><\/a><\/div>\n\t\t<\/div>\n\t<\/div>\n<\/article><article class=\"jet-portfolio__item visible-status\" data-slug=\"{&quot;0&quot;:&quot;all&quot;}\">\n\t<div class=\"jet-portfolio__inner\">\n\t\t<a class=\"jet-portfolio__link\" href=\"http:\/\/iseitiestaskas.lt\/wp-content\/uploads\/2021\/08\/Sodra-mon-amour-WEB.jpg\" data-elementor-open-lightbox=\"yes\">\n\t\t\t<div class=\"jet-portfolio__image\">\n\t\t\t\t<img decoding=\"async\" class=\"jet-portfolio__image-instance\" src=\"https:\/\/iseitiestaskas.lt\/wp-content\/uploads\/2021\/08\/Sodra-mon-amour-WEB.jpg\" width=\"1500\" height=\"2124\"  alt=\"Sodra mon amour WEB\" loading=\"lazy\">\t\t\t\t<div class=\"jet-portfolio__image-loader\"><span><\/span><\/div>\n\t\t\t<\/div>\n\t\t<\/a>\n\t\t<div class=\"jet-portfolio__content\">\n\t\t\t<div class=\"jet-portfolio__content-inner\"><span class=\"jet-portfolio__title\">PREMJERA! SODRA, MON AMOUR<\/span><p class=\"jet-portfolio__desc\">Asociacija \u201cTeatronas\u201d  |\naut. Marija Kristina Kulini\u010d, re\u017e. Gildas Aleksa<\/p><a class=\"elementor-button elementor-size-md jet-portfolio__button\" href=\"https:\/\/iseitiestaskas.lt\/en\/sodra-mon-amour\/\"><span class=\"jet-portfolio__button-text\">+<\/span><\/a><\/div>\n\t\t<\/div>\n\t<\/div>\n<\/article><\/div><\/div>\n<\/div>\t\t<\/div>\n\t\t\t\t<\/div>\n\t\t\t\t\t<\/div>\n\t\t<\/div>\n\t\t\t\t\t\t\t<\/div>\n\t\t<\/section>\n\t\t\t\t\t\t<\/div>\n\t\t\t\t\t<\/div>","protected":false},"excerpt":{"rendered":"<p>ANTI Spektaklis-storytellingas 18:00 | Rugs\u0117jo 26 d. (sekmadienis) \u201eAnti\u201c \u2013 spektaklis-storytellingas, paremtas antikine Sofoklio pjese \u201eAntigon\u0117\u201c ir keturi\u0173 aktori\u0173 pasakojamais asmeniniais i\u0161gyvenimais.\u00a0Spektaklis pirmiausiai skirtas jaunai publikai &#8211; 14-24 met\u0173 \u017emon\u0117ms. \u201eAnti\u201c k\u016br\u0117jai kuria gyv\u0105 susitikim\u0105 bendroje erdv\u0117je, kurioje aktoriai n\u0117ra atskirti nuo \u017ei\u016brov\u0173 auk\u0161tos scenos pakylos, kurioje vieni n\u0117ra ry\u0161kiai ap\u0161viesti teatro pro\u017eektori\u0173, o kiti [&hellip;]<\/p>","protected":false},"author":1,"featured_media":0,"parent":0,"menu_order":0,"comment_status":"closed","ping_status":"closed","template":"","meta":{"om_disable_all_campaigns":false,"_monsterinsights_skip_tracking":false,"_monsterinsights_sitenote_active":false,"_monsterinsights_sitenote_note":"","_monsterinsights_sitenote_category":0,"footnotes":""},"aioseo_notices":[],"_links":{"self":[{"href":"https:\/\/iseitiestaskas.lt\/en\/wp-json\/wp\/v2\/pages\/1124"}],"collection":[{"href":"https:\/\/iseitiestaskas.lt\/en\/wp-json\/wp\/v2\/pages"}],"about":[{"href":"https:\/\/iseitiestaskas.lt\/en\/wp-json\/wp\/v2\/types\/page"}],"author":[{"embeddable":true,"href":"https:\/\/iseitiestaskas.lt\/en\/wp-json\/wp\/v2\/users\/1"}],"replies":[{"embeddable":true,"href":"https:\/\/iseitiestaskas.lt\/en\/wp-json\/wp\/v2\/comments?post=1124"}],"version-history":[{"count":13,"href":"https:\/\/iseitiestaskas.lt\/en\/wp-json\/wp\/v2\/pages\/1124\/revisions"}],"predecessor-version":[{"id":1270,"href":"https:\/\/iseitiestaskas.lt\/en\/wp-json\/wp\/v2\/pages\/1124\/revisions\/1270"}],"wp:attachment":[{"href":"https:\/\/iseitiestaskas.lt\/en\/wp-json\/wp\/v2\/media?parent=1124"}],"curies":[{"name":"wp","href":"https:\/\/api.w.org\/{rel}","templated":true}]}}