{"id":1530,"date":"2022-08-04T20:06:31","date_gmt":"2022-08-04T20:06:31","guid":{"rendered":"http:\/\/iseitiestaskas.lt\/?page_id=1530"},"modified":"2022-08-25T12:56:56","modified_gmt":"2022-08-25T12:56:56","slug":"nepalaidoti-mirusieji","status":"publish","type":"page","link":"https:\/\/iseitiestaskas.lt\/en\/nepalaidoti-mirusieji\/","title":{"rendered":"NEPALAIDOTI MIRUSIEJI"},"content":{"rendered":"<div data-elementor-type=\"wp-page\" data-elementor-id=\"1530\" class=\"elementor elementor-1530\" data-elementor-settings=\"[]\">\n\t\t\t\t\t\t\t<div class=\"elementor-section-wrap\">\n\t\t\t\t\t\t\t<section class=\"elementor-section elementor-top-section elementor-element elementor-element-6a3d9042 elementor-section-boxed elementor-section-height-default elementor-section-height-default\" data-id=\"6a3d9042\" data-element_type=\"section\">\n\t\t\t\t\t\t<div class=\"elementor-container elementor-column-gap-default\">\n\t\t\t\t\t<div class=\"elementor-column elementor-col-100 elementor-top-column elementor-element elementor-element-5d19fe09\" data-id=\"5d19fe09\" data-element_type=\"column\">\n\t\t\t<div class=\"elementor-widget-wrap elementor-element-populated\">\n\t\t\t\t\t\t\t\t<div class=\"elementor-element elementor-element-1e6a33f7 elementor-widget elementor-widget-heading\" data-id=\"1e6a33f7\" data-element_type=\"widget\" data-widget_type=\"heading.default\">\n\t\t\t\t<div class=\"elementor-widget-container\">\n\t\t\t<h2 class=\"elementor-heading-title elementor-size-default\">NEPALAIDOTI MIRUSIEJI | LMTA\n<\/h2>\t\t<\/div>\n\t\t\t\t<\/div>\n\t\t\t\t<div class=\"elementor-element elementor-element-79317515 elementor-widget-divider--view-line elementor-widget elementor-widget-divider\" data-id=\"79317515\" data-element_type=\"widget\" data-widget_type=\"divider.default\">\n\t\t\t\t<div class=\"elementor-widget-container\">\n\t\t\t\t\t<div class=\"elementor-divider\">\n\t\t\t<span class=\"elementor-divider-separator\">\n\t\t\t\t\t\t<\/span>\n\t\t<\/div>\n\t\t\t\t<\/div>\n\t\t\t\t<\/div>\n\t\t\t\t<div class=\"elementor-element elementor-element-54e8fc03 elementor-widget elementor-widget-text-editor\" data-id=\"54e8fc03\" data-element_type=\"widget\" data-widget_type=\"text-editor.default\">\n\t\t\t\t<div class=\"elementor-widget-container\">\n\t\t\t\t\t\t\t\t<p><span style=\"font-weight: 400;\">Aut. Jean-Paul Sartre | re\u017e. Justinas Vinci\u016bnas<\/span><\/p>\t\t\t\t\t\t<\/div>\n\t\t\t\t<\/div>\n\t\t\t\t\t<\/div>\n\t\t<\/div>\n\t\t\t\t\t\t\t<\/div>\n\t\t<\/section>\n\t\t\t\t<section class=\"elementor-section elementor-top-section elementor-element elementor-element-5e4e7bde elementor-section-boxed elementor-section-height-default elementor-section-height-default\" data-id=\"5e4e7bde\" data-element_type=\"section\">\n\t\t\t\t\t\t<div class=\"elementor-container elementor-column-gap-default\">\n\t\t\t\t\t<div class=\"elementor-column elementor-col-50 elementor-top-column elementor-element elementor-element-43bbe256\" data-id=\"43bbe256\" data-element_type=\"column\">\n\t\t\t<div class=\"elementor-widget-wrap elementor-element-populated\">\n\t\t\t\t\t\t\t\t<div class=\"elementor-element elementor-element-684c4bd1 elementor-widget elementor-widget-image\" data-id=\"684c4bd1\" data-element_type=\"widget\" data-widget_type=\"image.default\">\n\t\t\t\t<div class=\"elementor-widget-container\">\n\t\t\t\t\t\t\t\t\t\t\t\t\t\t\t<img loading=\"lazy\" decoding=\"async\" width=\"461\" height=\"1024\" src=\"https:\/\/iseitiestaskas.lt\/wp-content\/uploads\/2022\/08\/LMTA.nepalaidoti-mirusieji-461x1024.jpg\" class=\"attachment-large size-large\" alt=\"\" srcset=\"https:\/\/iseitiestaskas.lt\/wp-content\/uploads\/2022\/08\/LMTA.nepalaidoti-mirusieji-461x1024.jpg 461w, https:\/\/iseitiestaskas.lt\/wp-content\/uploads\/2022\/08\/LMTA.nepalaidoti-mirusieji-600x1333.jpg 600w, https:\/\/iseitiestaskas.lt\/wp-content\/uploads\/2022\/08\/LMTA.nepalaidoti-mirusieji-135x300.jpg 135w, https:\/\/iseitiestaskas.lt\/wp-content\/uploads\/2022\/08\/LMTA.nepalaidoti-mirusieji-691x1536.jpg 691w, https:\/\/iseitiestaskas.lt\/wp-content\/uploads\/2022\/08\/LMTA.nepalaidoti-mirusieji-450x999.jpg 450w, https:\/\/iseitiestaskas.lt\/wp-content\/uploads\/2022\/08\/LMTA.nepalaidoti-mirusieji.jpg 720w\" sizes=\"(max-width: 461px) 100vw, 461px\" \/>\t\t\t\t\t\t\t\t\t\t\t\t\t\t\t<\/div>\n\t\t\t\t<\/div>\n\t\t\t\t\t<\/div>\n\t\t<\/div>\n\t\t\t\t<div class=\"elementor-column elementor-col-50 elementor-top-column elementor-element elementor-element-2adc68f9\" data-id=\"2adc68f9\" data-element_type=\"column\">\n\t\t\t<div class=\"elementor-widget-wrap elementor-element-populated\">\n\t\t\t\t\t\t\t\t<div class=\"elementor-element elementor-element-3cfda4a3 elementor-widget elementor-widget-heading\" data-id=\"3cfda4a3\" data-element_type=\"widget\" data-widget_type=\"heading.default\">\n\t\t\t\t<div class=\"elementor-widget-container\">\n\t\t\t<h5 class=\"elementor-heading-title elementor-size-default\"><span class=\"d2edcug0 hpfvmrgz qv66sw1b c1et5uql oi732d6d ik7dh3pa ht8s03o8 a8c37x1j keod5gw0 nxhoafnm aigsh9s9 d3f4x2em fe6kdd0r mau55g9w c8b282yb iv3no6db jq4qci2q a3bd9o3v b1v8xokw oo9gr5id\" dir=\"auto\">18:00 | Rugs\u0117jo 18 d. KMKT, Did\u017eioji sal\u0117 <\/span><\/h5>\t\t<\/div>\n\t\t\t\t<\/div>\n\t\t\t\t<div class=\"elementor-element elementor-element-57547045 elementor-widget elementor-widget-text-editor\" data-id=\"57547045\" data-element_type=\"widget\" data-widget_type=\"text-editor.default\">\n\t\t\t\t<div class=\"elementor-widget-container\">\n\t\t\t\t\t\t\t\t<p><span style=\"font-weight: 400;\">Pjes\u0117s veiksmas <\/span><b>\u2013<\/b><span style=\"font-weight: 400;\"> antras pasaulinis karas, Pranc\u016bzijos rezistencinis jud\u0117jimas. Po nes\u0117kmingos operacijos pagaut\u0173 ir pal\u0117p\u0117je u\u017edaryt\u0173 partizan\u0173 grup\u0117s laukia fiziniai bei psichologiniai kankinimai. B\u016btent \u0161i ribin\u0117 b\u016bsena i\u0161kristalizuoja esmines j\u0173 baimes, bei ai\u0161kiai atskleid\u017eia j\u0173 savigynos b\u016bdus. Atpa\u017einti \u0161io k\u016brinio aktualum\u0105 n\u0117ra sunku. Neminint dabartinio karo konteksto mus lydi nuolatinis nerimas \u012fprasminti savo b\u016bt\u012f.<\/span><\/p>\t\t\t\t\t\t<\/div>\n\t\t\t\t<\/div>\n\t\t\t\t<div class=\"elementor-element elementor-element-b072760 elementor-widget elementor-widget-spacer\" data-id=\"b072760\" data-element_type=\"widget\" data-widget_type=\"spacer.default\">\n\t\t\t\t<div class=\"elementor-widget-container\">\n\t\t\t\t\t<div class=\"elementor-spacer\">\n\t\t\t<div class=\"elementor-spacer-inner\"><\/div>\n\t\t<\/div>\n\t\t\t\t<\/div>\n\t\t\t\t<\/div>\n\t\t\t\t<div class=\"elementor-element elementor-element-871cf1e elementor-widget elementor-widget-heading\" data-id=\"871cf1e\" data-element_type=\"widget\" data-widget_type=\"heading.default\">\n\t\t\t\t<div class=\"elementor-widget-container\">\n\t\t\t<h5 class=\"elementor-heading-title elementor-size-default\">K\u016aRYBIN\u0116 KOMANDA<\/h5>\t\t<\/div>\n\t\t\t\t<\/div>\n\t\t\t\t<div class=\"elementor-element elementor-element-7b8b4c06 elementor-widget elementor-widget-spacer\" data-id=\"7b8b4c06\" data-element_type=\"widget\" data-widget_type=\"spacer.default\">\n\t\t\t\t<div class=\"elementor-widget-container\">\n\t\t\t\t\t<div class=\"elementor-spacer\">\n\t\t\t<div class=\"elementor-spacer-inner\"><\/div>\n\t\t<\/div>\n\t\t\t\t<\/div>\n\t\t\t\t<\/div>\n\t\t\t\t<div class=\"elementor-element elementor-element-142261ed elementor-widget elementor-widget-text-editor\" data-id=\"142261ed\" data-element_type=\"widget\" data-widget_type=\"text-editor.default\">\n\t\t\t\t<div class=\"elementor-widget-container\">\n\t\t\t\t\t\t\t\t<p><span style=\"font-weight: 400;\"><strong>Re\u017eisierius:<\/strong> Justinas Vinci\u016bnas<\/span><\/p><p><span style=\"font-weight: 400;\"><strong>Vaidina:<\/strong> Irena Sikorskyt\u0117, Povilas Barzd\u017eius, Matas Sigliukas, Martynas Berulis, Robertas Petraitis, \u0160ar\u016bnas Rapolas Melie\u0161ius, Rokas Siaurusaitis.<\/span><\/p><p><strong>Trukm\u0117:<\/strong> 2 val. 10 min (su pertrauka)<\/p>\t\t\t\t\t\t<\/div>\n\t\t\t\t<\/div>\n\t\t\t\t<div class=\"elementor-element elementor-element-3fe4c22 elementor-align-left elementor-widget elementor-widget-button\" data-id=\"3fe4c22\" data-element_type=\"widget\" data-widget_type=\"button.default\">\n\t\t\t\t<div class=\"elementor-widget-container\">\n\t\t\t\t\t<div class=\"elementor-button-wrapper\">\n\t\t\t<a href=\"https:\/\/www.bilietai.lt\/lit\/renginiai\/teatras\/iseities-taskas22-nepalaidoti-mirusieji--rez-justinas-vinciunas-365325\/\" class=\"elementor-button-link elementor-button elementor-size-md\" role=\"button\">\n\t\t\t\t\t\t<span class=\"elementor-button-content-wrapper\">\n\t\t\t\t\t\t<span class=\"elementor-button-text\">Tickets<\/span>\n\t\t<\/span>\n\t\t\t\t\t<\/a>\n\t\t<\/div>\n\t\t\t\t<\/div>\n\t\t\t\t<\/div>\n\t\t\t\t\t<\/div>\n\t\t<\/div>\n\t\t\t\t\t\t\t<\/div>\n\t\t<\/section>\n\t\t\t\t<section class=\"elementor-section elementor-top-section elementor-element elementor-element-320b74ea elementor-section-full_width elementor-section-height-default elementor-section-height-default\" data-id=\"320b74ea\" data-element_type=\"section\" data-settings=\"{&quot;background_background&quot;:&quot;classic&quot;}\">\n\t\t\t\t\t\t<div class=\"elementor-container elementor-column-gap-default\">\n\t\t\t\t\t<div class=\"elementor-column elementor-col-100 elementor-top-column elementor-element elementor-element-635bed63\" data-id=\"635bed63\" data-element_type=\"column\">\n\t\t\t<div class=\"elementor-widget-wrap elementor-element-populated\">\n\t\t\t\t\t\t\t\t<div class=\"elementor-element elementor-element-7573994 elementor-widget elementor-widget-heading\" data-id=\"7573994\" data-element_type=\"widget\" data-widget_type=\"heading.default\">\n\t\t\t\t<div class=\"elementor-widget-container\">\n\t\t\t<h2 class=\"elementor-heading-title elementor-size-default\">Taip pat domint\u0173<\/h2>\t\t<\/div>\n\t\t\t\t<\/div>\n\t\t\t\t<div class=\"elementor-element elementor-element-648ff9a4 elementor-widget-divider--view-line elementor-widget elementor-widget-divider\" data-id=\"648ff9a4\" data-element_type=\"widget\" data-widget_type=\"divider.default\">\n\t\t\t\t<div class=\"elementor-widget-container\">\n\t\t\t\t\t<div class=\"elementor-divider\">\n\t\t\t<span class=\"elementor-divider-separator\">\n\t\t\t\t\t\t<\/span>\n\t\t<\/div>\n\t\t\t\t<\/div>\n\t\t\t\t<\/div>\n\t\t\t\t<div class=\"elementor-element elementor-element-12eb677 elementor-widget elementor-widget-jet-portfolio\" data-id=\"12eb677\" data-element_type=\"widget\" data-widget_type=\"jet-portfolio.default\">\n\t\t\t\t<div class=\"elementor-widget-container\">\n\t\t\t<div class=\"elementor-jet-portfolio jet-elements\">\n<div class=\"jet-portfolio layout-type-grid preset-type-4 layout-desktop-column-4 layout-tablet-column-2 layout-mobile-column-1\" data-settings=\"{&quot;layoutType&quot;:&quot;grid&quot;,&quot;columns&quot;:&quot;4&quot;,&quot;columnsTablet&quot;:&quot;2&quot;,&quot;columnsMobile&quot;:&quot;1&quot;,&quot;perPage&quot;:6}\"><div class=\"jet-portfolio__list\"><article class=\"jet-portfolio__item visible-status\" data-slug=\"{&quot;0&quot;:&quot;all&quot;}\">\n\t<div class=\"jet-portfolio__inner\">\n\t\t<a class=\"jet-portfolio__link\" href=\"http:\/\/iseitiestaskas.lt\/wp-content\/uploads\/2022\/08\/Low-Air_Vyrsmas_foto_Dainius-Putinas_1-min-768x513-1.jpg\" data-elementor-open-lightbox=\"yes\">\n\t\t\t<div class=\"jet-portfolio__image\">\n\t\t\t\t<img decoding=\"async\" class=\"jet-portfolio__image-instance\" src=\"https:\/\/iseitiestaskas.lt\/wp-content\/uploads\/2022\/08\/Low-Air_Vyrsmas_foto_Dainius-Putinas_1-min-768x513-1.jpg\" width=\"768\" height=\"513\"  alt=\"Low-Air_Vyrsmas_foto_Dainius-Putinas_1-min-768x513\" loading=\"lazy\">\t\t\t\t<div class=\"jet-portfolio__image-loader\"><span><\/span><\/div>\n\t\t\t<\/div>\n\t\t<\/a>\n\t\t<div class=\"jet-portfolio__content\">\n\t\t\t<div class=\"jet-portfolio__content-inner\"><span class=\"jet-portfolio__title\">VYRSMAS I LOW AIR<\/span><p class=\"jet-portfolio__desc\">Aut. Marius Eidrigevic\u030cius\n\n\u0160okio spektaklis<\/p><a class=\"elementor-button elementor-size-md jet-portfolio__button\" href=\"https:\/\/iseitiestaskas.lt\/en\/vyrsmas-low-air\/\"><span class=\"jet-portfolio__button-text\">+<\/span><\/a><\/div>\n\t\t<\/div>\n\t<\/div>\n<\/article><article class=\"jet-portfolio__item visible-status\" data-slug=\"{&quot;0&quot;:&quot;all&quot;}\">\n\t<div class=\"jet-portfolio__inner\">\n\t\t<a class=\"jet-portfolio__link\" href=\"http:\/\/iseitiestaskas.lt\/wp-content\/uploads\/2022\/08\/LMTA.Baseinas-be-vandens.jpg\" data-elementor-open-lightbox=\"yes\">\n\t\t\t<div class=\"jet-portfolio__image\">\n\t\t\t\t<img decoding=\"async\" class=\"jet-portfolio__image-instance\" src=\"https:\/\/iseitiestaskas.lt\/wp-content\/uploads\/2022\/08\/LMTA.Baseinas-be-vandens.jpg\" width=\"2048\" height=\"1365\"  alt=\"LMTA.Baseinas be vandens\" loading=\"lazy\">\t\t\t\t<div class=\"jet-portfolio__image-loader\"><span><\/span><\/div>\n\t\t\t<\/div>\n\t\t<\/a>\n\t\t<div class=\"jet-portfolio__content\">\n\t\t\t<div class=\"jet-portfolio__content-inner\"><span class=\"jet-portfolio__title\">BASEINAS. BE VANDENS | LMTA<\/span><p class=\"jet-portfolio__desc\">Aut. Mark Ravenhill | re\u017e. Jonas Kuprevi\u010dius\n<\/p><a class=\"elementor-button elementor-size-md jet-portfolio__button\" href=\"https:\/\/iseitiestaskas.lt\/en\/baseinas-be-vandens-lmta\/\"><span class=\"jet-portfolio__button-text\">+<\/span><\/a><\/div>\n\t\t<\/div>\n\t<\/div>\n<\/article><article class=\"jet-portfolio__item visible-status\" data-slug=\"{&quot;0&quot;:&quot;all&quot;}\">\n\t<div class=\"jet-portfolio__inner\">\n\t\t<a class=\"jet-portfolio__link\" href=\"http:\/\/iseitiestaskas.lt\/wp-content\/uploads\/2022\/08\/LMTA.nepalaidoti-mirusieji.jpg\" data-elementor-open-lightbox=\"yes\">\n\t\t\t<div class=\"jet-portfolio__image\">\n\t\t\t\t<img decoding=\"async\" class=\"jet-portfolio__image-instance\" src=\"https:\/\/iseitiestaskas.lt\/wp-content\/uploads\/2022\/08\/LMTA.nepalaidoti-mirusieji.jpg\" width=\"720\" height=\"1600\"  alt=\"LMTA.nepalaidoti mirusieji\" loading=\"lazy\">\t\t\t\t<div class=\"jet-portfolio__image-loader\"><span><\/span><\/div>\n\t\t\t<\/div>\n\t\t<\/a>\n\t\t<div class=\"jet-portfolio__content\">\n\t\t\t<div class=\"jet-portfolio__content-inner\"><span class=\"jet-portfolio__title\">NEPALAIDOTI MIRUSIEJI I LMTA<\/span><p class=\"jet-portfolio__desc\">Aut. Jean-Paul Sartre | re\u017e. Justinas Vinci\u016bnas<\/p><a class=\"elementor-button elementor-size-md jet-portfolio__button\" href=\"https:\/\/iseitiestaskas.lt\/en\/nepalaidoti-mirusieji\/\"><span class=\"jet-portfolio__button-text\">+<\/span><\/a><\/div>\n\t\t<\/div>\n\t<\/div>\n<\/article><article class=\"jet-portfolio__item visible-status\" data-slug=\"{&quot;0&quot;:&quot;all&quot;}\">\n\t<div class=\"jet-portfolio__inner\">\n\t\t<a class=\"jet-portfolio__link\" href=\"http:\/\/iseitiestaskas.lt\/wp-content\/uploads\/2022\/08\/C_LauraVanseviciene-210-556x371-1.jpg\" data-elementor-open-lightbox=\"yes\">\n\t\t\t<div class=\"jet-portfolio__image\">\n\t\t\t\t<img decoding=\"async\" class=\"jet-portfolio__image-instance\" src=\"https:\/\/iseitiestaskas.lt\/wp-content\/uploads\/2022\/08\/C_LauraVanseviciene-210-556x371-1.jpg\" width=\"556\" height=\"371\"  alt=\"C_LauraVanseviciene-210-556x371\" loading=\"lazy\">\t\t\t\t<div class=\"jet-portfolio__image-loader\"><span><\/span><\/div>\n\t\t\t<\/div>\n\t\t<\/a>\n\t\t<div class=\"jet-portfolio__content\">\n\t\t\t<div class=\"jet-portfolio__content-inner\"><span class=\"jet-portfolio__title\">\u017dMOGUS I\u0160 \u017dUVIES | Valstybinis jaunimo teatras<\/span><p class=\"jet-portfolio__desc\">Aut. Asia Volo\u0161ina | re\u017e. Egl\u0117 \u0160vedkauskait\u0117<\/p><a class=\"elementor-button elementor-size-md jet-portfolio__button\" href=\"https:\/\/iseitiestaskas.lt\/en\/zmogus-is-zuvies-valstybinis-jaunimo-teatras\/\"><span class=\"jet-portfolio__button-text\">+<\/span><\/a><\/div>\n\t\t<\/div>\n\t<\/div>\n<\/article><\/div><\/div>\n<\/div>\t\t<\/div>\n\t\t\t\t<\/div>\n\t\t\t\t\t<\/div>\n\t\t<\/div>\n\t\t\t\t\t\t\t<\/div>\n\t\t<\/section>\n\t\t\t\t\t\t<\/div>\n\t\t\t\t\t<\/div>","protected":false},"excerpt":{"rendered":"<p>NEPALAIDOTI MIRUSIEJI | LMTA Aut. Jean-Paul Sartre | re\u017e. Justinas Vinci\u016bnas 18:00 | Rugs\u0117jo 18 d. KMKT, Did\u017eioji sal\u0117 Pjes\u0117s veiksmas \u2013 antras pasaulinis karas, Pranc\u016bzijos rezistencinis jud\u0117jimas. Po nes\u0117kmingos operacijos pagaut\u0173 ir pal\u0117p\u0117je u\u017edaryt\u0173 partizan\u0173 grup\u0117s laukia fiziniai bei psichologiniai kankinimai. B\u016btent \u0161i ribin\u0117 b\u016bsena i\u0161kristalizuoja esmines j\u0173 baimes, bei ai\u0161kiai atskleid\u017eia j\u0173 savigynos [&hellip;]<\/p>","protected":false},"author":1,"featured_media":0,"parent":0,"menu_order":0,"comment_status":"closed","ping_status":"closed","template":"","meta":{"om_disable_all_campaigns":false,"_monsterinsights_skip_tracking":false,"_monsterinsights_sitenote_active":false,"_monsterinsights_sitenote_note":"","_monsterinsights_sitenote_category":0,"footnotes":""},"aioseo_notices":[],"_links":{"self":[{"href":"https:\/\/iseitiestaskas.lt\/en\/wp-json\/wp\/v2\/pages\/1530"}],"collection":[{"href":"https:\/\/iseitiestaskas.lt\/en\/wp-json\/wp\/v2\/pages"}],"about":[{"href":"https:\/\/iseitiestaskas.lt\/en\/wp-json\/wp\/v2\/types\/page"}],"author":[{"embeddable":true,"href":"https:\/\/iseitiestaskas.lt\/en\/wp-json\/wp\/v2\/users\/1"}],"replies":[{"embeddable":true,"href":"https:\/\/iseitiestaskas.lt\/en\/wp-json\/wp\/v2\/comments?post=1530"}],"version-history":[{"count":26,"href":"https:\/\/iseitiestaskas.lt\/en\/wp-json\/wp\/v2\/pages\/1530\/revisions"}],"predecessor-version":[{"id":2501,"href":"https:\/\/iseitiestaskas.lt\/en\/wp-json\/wp\/v2\/pages\/1530\/revisions\/2501"}],"wp:attachment":[{"href":"https:\/\/iseitiestaskas.lt\/en\/wp-json\/wp\/v2\/media?parent=1530"}],"curies":[{"name":"wp","href":"https:\/\/api.w.org\/{rel}","templated":true}]}}