{"id":1557,"date":"2022-08-06T14:51:35","date_gmt":"2022-08-06T14:51:35","guid":{"rendered":"http:\/\/iseitiestaskas.lt\/?page_id=1557"},"modified":"2022-09-02T21:01:27","modified_gmt":"2022-09-02T21:01:27","slug":"vyrsmas-low-air","status":"publish","type":"page","link":"https:\/\/iseitiestaskas.lt\/en\/vyrsmas-low-air\/","title":{"rendered":"VYRSMAS | LOW AIR"},"content":{"rendered":"<div data-elementor-type=\"wp-page\" data-elementor-id=\"1557\" class=\"elementor elementor-1557\" data-elementor-settings=\"[]\">\n\t\t\t\t\t\t\t<div class=\"elementor-section-wrap\">\n\t\t\t\t\t\t\t<section class=\"elementor-section elementor-top-section elementor-element elementor-element-6a3d9042 elementor-section-boxed elementor-section-height-default elementor-section-height-default\" data-id=\"6a3d9042\" data-element_type=\"section\">\n\t\t\t\t\t\t<div class=\"elementor-container elementor-column-gap-default\">\n\t\t\t\t\t<div class=\"elementor-column elementor-col-100 elementor-top-column elementor-element elementor-element-5d19fe09\" data-id=\"5d19fe09\" data-element_type=\"column\">\n\t\t\t<div class=\"elementor-widget-wrap elementor-element-populated\">\n\t\t\t\t\t\t\t\t<div class=\"elementor-element elementor-element-1e6a33f7 elementor-widget elementor-widget-heading\" data-id=\"1e6a33f7\" data-element_type=\"widget\" data-widget_type=\"heading.default\">\n\t\t\t\t<div class=\"elementor-widget-container\">\n\t\t\t<h2 class=\"elementor-heading-title elementor-size-default\">\u017dANA I KMKT+VYRSMAS | LOW AIR Vilniaus miesto \u0161okio teatras&nbsp;<\/h2>\t\t<\/div>\n\t\t\t\t<\/div>\n\t\t\t\t<div class=\"elementor-element elementor-element-79317515 elementor-widget-divider--view-line elementor-widget elementor-widget-divider\" data-id=\"79317515\" data-element_type=\"widget\" data-widget_type=\"divider.default\">\n\t\t\t\t<div class=\"elementor-widget-container\">\n\t\t\t\t\t<div class=\"elementor-divider\">\n\t\t\t<span class=\"elementor-divider-separator\">\n\t\t\t\t\t\t<\/span>\n\t\t<\/div>\n\t\t\t\t<\/div>\n\t\t\t\t<\/div>\n\t\t\t\t<div class=\"elementor-element elementor-element-54e8fc03 elementor-widget elementor-widget-text-editor\" data-id=\"54e8fc03\" data-element_type=\"widget\" data-widget_type=\"text-editor.default\">\n\t\t\t\t<div class=\"elementor-widget-container\">\n\t\t\t\t\t\t\t\t<p>\u0160okio spektakliai\/Dance performances<\/p><p>\u017dANA I aut. Gintar\u0117 \u0160migelskyt\u0117<br \/>VYRSMAS I aut. Marius Eidrigevic\u030cius<\/p>\t\t\t\t\t\t<\/div>\n\t\t\t\t<\/div>\n\t\t\t\t\t<\/div>\n\t\t<\/div>\n\t\t\t\t\t\t\t<\/div>\n\t\t<\/section>\n\t\t\t\t<section class=\"elementor-section elementor-top-section elementor-element elementor-element-ae4fb0f elementor-section-boxed elementor-section-height-default elementor-section-height-default\" data-id=\"ae4fb0f\" data-element_type=\"section\">\n\t\t\t\t\t\t<div class=\"elementor-container elementor-column-gap-default\">\n\t\t\t\t\t<div class=\"elementor-column elementor-col-50 elementor-top-column elementor-element elementor-element-9694f33\" data-id=\"9694f33\" data-element_type=\"column\">\n\t\t\t<div class=\"elementor-widget-wrap elementor-element-populated\">\n\t\t\t\t\t\t\t\t<div class=\"elementor-element elementor-element-2a35da2 elementor-widget elementor-widget-image\" data-id=\"2a35da2\" data-element_type=\"widget\" data-widget_type=\"image.default\">\n\t\t\t\t<div class=\"elementor-widget-container\">\n\t\t\t\t\t\t\t\t\t\t\t\t\t\t\t<img loading=\"lazy\" decoding=\"async\" width=\"1024\" height=\"752\" src=\"https:\/\/iseitiestaskas.lt\/wp-content\/uploads\/2022\/08\/Zana-1024x752.jpg\" class=\"attachment-large size-large\" alt=\"\" srcset=\"https:\/\/iseitiestaskas.lt\/wp-content\/uploads\/2022\/08\/Zana-1024x752.jpg 1024w, https:\/\/iseitiestaskas.lt\/wp-content\/uploads\/2022\/08\/Zana-scaled-600x441.jpg 600w, https:\/\/iseitiestaskas.lt\/wp-content\/uploads\/2022\/08\/Zana-300x220.jpg 300w, https:\/\/iseitiestaskas.lt\/wp-content\/uploads\/2022\/08\/Zana-768x564.jpg 768w, https:\/\/iseitiestaskas.lt\/wp-content\/uploads\/2022\/08\/Zana-1536x1128.jpg 1536w, https:\/\/iseitiestaskas.lt\/wp-content\/uploads\/2022\/08\/Zana-2048x1505.jpg 2048w\" sizes=\"(max-width: 1024px) 100vw, 1024px\" \/>\t\t\t\t\t\t\t\t\t\t\t\t\t\t\t<\/div>\n\t\t\t\t<\/div>\n\t\t\t\t\t<\/div>\n\t\t<\/div>\n\t\t\t\t<div class=\"elementor-column elementor-col-50 elementor-top-column elementor-element elementor-element-7439899\" data-id=\"7439899\" data-element_type=\"column\">\n\t\t\t<div class=\"elementor-widget-wrap elementor-element-populated\">\n\t\t\t\t\t\t\t\t<div class=\"elementor-element elementor-element-7ad22bb elementor-widget elementor-widget-heading\" data-id=\"7ad22bb\" data-element_type=\"widget\" data-widget_type=\"heading.default\">\n\t\t\t\t<div class=\"elementor-widget-container\">\n\t\t\t<h5 class=\"elementor-heading-title elementor-size-default\"><span class=\"d2edcug0 hpfvmrgz qv66sw1b c1et5uql oi732d6d ik7dh3pa ht8s03o8 a8c37x1j keod5gw0 nxhoafnm aigsh9s9 d3f4x2em fe6kdd0r mau55g9w c8b282yb iv3no6db jq4qci2q a3bd9o3v b1v8xokw oo9gr5id\" dir=\"auto\">18:00 | Rugs\u0117jo 20 d. KMKT ma\u017eoji sal\u0117<\/span><\/h5>\t\t<\/div>\n\t\t\t\t<\/div>\n\t\t\t\t<div class=\"elementor-element elementor-element-1ea3776 elementor-widget elementor-widget-text-editor\" data-id=\"1ea3776\" data-element_type=\"widget\" data-widget_type=\"text-editor.default\">\n\t\t\t\t<div class=\"elementor-widget-container\">\n\t\t\t\t\t\t\t\t<p>\u201e\u017dANA\u201c \u2013 kolektyvin\u0117s k\u016brybos fizinio teatro monospektaklis, nagrin\u0117jantis b\u016bsen\u0105 \u017emogaus, \u012fstrigusio tarp dviej\u0173 galimybi\u0173: prisiimti atsakomyb\u0119 u\u017e savo veiksmus ir \u012fsitikinimus arba jos atsisakyti. K\u016brinyje psichologinis jaunos merginos portretas, prisiminimai bei vidinis konfliktas perteikiami pasitelkus fizinio teatro \u017eanr\u0105, kur tekstas yra naudojamas kaip fragmentas, o pats pasirodymas labiau primena performans\u0105, kuriame \u017ei\u016brovai tampa ne pasyviais steb\u0117tojais, o liudininkais.<\/p><p>Spektaklis \u2013 Kauno miesto kamerinio teatro kartu su \u201eKaunas 2022\u201c vykdomos Jaun\u0173j\u0173 prodiuseri\u0173 ugdymo programos\u00a0<a href=\"http:\/\/prodiuseriuakademija.lt\/\">PRODIUSAI COLAB\u00a0<\/a>dalis.<\/p><p><strong>EN<\/strong><\/p><p>&#8222;Every story has a hero and a villain. In your story, you are both.&#8221;, &#8211; C. Jung.<\/p><p>&#8222;\u017dANA&#8221; is a physical theater play with an intense plot that explores the state of a person stuck between two options: to take responsibility for their actions and beliefs or to abandon them.<\/p><p>This performance is a synthesis between classical text and physical theater genres. The psychological portrait of a young girl, memories and internal conflict are conveyed using the genre of physical theater, where the text is used as a fragment, and the show itself is more like a performance, where the audience becomes witnesses rather than passive observers.<\/p><p>The original script of the play was created based on fragments from the play &#8222;Vyturys&#8221; (J. Anouilh) and selected archival material from the trial of Joan of Arc.<\/p>\t\t\t\t\t\t<\/div>\n\t\t\t\t<\/div>\n\t\t\t\t<div class=\"elementor-element elementor-element-f4bc432 elementor-widget elementor-widget-spacer\" data-id=\"f4bc432\" data-element_type=\"widget\" data-widget_type=\"spacer.default\">\n\t\t\t\t<div class=\"elementor-widget-container\">\n\t\t\t\t\t<div class=\"elementor-spacer\">\n\t\t\t<div class=\"elementor-spacer-inner\"><\/div>\n\t\t<\/div>\n\t\t\t\t<\/div>\n\t\t\t\t<\/div>\n\t\t\t\t<div class=\"elementor-element elementor-element-a18a6e9 elementor-widget elementor-widget-heading\" data-id=\"a18a6e9\" data-element_type=\"widget\" data-widget_type=\"heading.default\">\n\t\t\t\t<div class=\"elementor-widget-container\">\n\t\t\t<h5 class=\"elementor-heading-title elementor-size-default\">K\u016aRYBIN\u0116 KOMANDA<\/h5>\t\t<\/div>\n\t\t\t\t<\/div>\n\t\t\t\t<div class=\"elementor-element elementor-element-927ec98 elementor-widget elementor-widget-spacer\" data-id=\"927ec98\" data-element_type=\"widget\" data-widget_type=\"spacer.default\">\n\t\t\t\t<div class=\"elementor-widget-container\">\n\t\t\t\t\t<div class=\"elementor-spacer\">\n\t\t\t<div class=\"elementor-spacer-inner\"><\/div>\n\t\t<\/div>\n\t\t\t\t<\/div>\n\t\t\t\t<\/div>\n\t\t\t\t<div class=\"elementor-element elementor-element-914b774 elementor-widget elementor-widget-text-editor\" data-id=\"914b774\" data-element_type=\"widget\" data-widget_type=\"text-editor.default\">\n\t\t\t\t<div class=\"elementor-widget-container\">\n\t\t\t\t\t\t\t\t<p>Kauno miesto kamerinis teatras\/Kaunas City Chamber Theatre<\/p><p><strong>Autor\u0117\/Author:<\/strong> Gintar\u0117 \u0160migelskyt\u0117<br \/><strong>Aktor\u0117\/Performer:<\/strong> Gintar\u0117 \u0160migelskyt\u0117<br \/><strong>Scenarijus\/Script:<\/strong> Goda Simonaityt\u0117<br \/><strong>Kompozitor\u0117\/Composer:<\/strong> Inga \u0160epetkait\u0117<br \/><strong>\u0160vies\u0173 dailininkas\/Lights:<\/strong> Dainius Urbonis<\/p><p><strong>Trukm\u0117\/Duration:<\/strong> 35 min.<\/p>\t\t\t\t\t\t<\/div>\n\t\t\t\t<\/div>\n\t\t\t\t\t<\/div>\n\t\t<\/div>\n\t\t\t\t\t\t\t<\/div>\n\t\t<\/section>\n\t\t\t\t<section class=\"elementor-section elementor-top-section elementor-element elementor-element-5e4e7bde elementor-section-boxed elementor-section-height-default elementor-section-height-default\" data-id=\"5e4e7bde\" data-element_type=\"section\">\n\t\t\t\t\t\t<div class=\"elementor-container elementor-column-gap-default\">\n\t\t\t\t\t<div class=\"elementor-column elementor-col-50 elementor-top-column elementor-element elementor-element-43bbe256\" data-id=\"43bbe256\" data-element_type=\"column\">\n\t\t\t<div class=\"elementor-widget-wrap elementor-element-populated\">\n\t\t\t\t\t\t\t\t<div class=\"elementor-element elementor-element-684c4bd1 elementor-widget elementor-widget-image\" data-id=\"684c4bd1\" data-element_type=\"widget\" data-widget_type=\"image.default\">\n\t\t\t\t<div class=\"elementor-widget-container\">\n\t\t\t\t\t\t\t\t\t\t\t\t\t\t\t<img loading=\"lazy\" decoding=\"async\" width=\"768\" height=\"513\" src=\"https:\/\/iseitiestaskas.lt\/wp-content\/uploads\/2022\/08\/Low-Air_Vyrsmas_foto_Dainius-Putinas_1-min-768x513-1.jpg\" class=\"attachment-large size-large\" alt=\"\" srcset=\"https:\/\/iseitiestaskas.lt\/wp-content\/uploads\/2022\/08\/Low-Air_Vyrsmas_foto_Dainius-Putinas_1-min-768x513-1.jpg 768w, https:\/\/iseitiestaskas.lt\/wp-content\/uploads\/2022\/08\/Low-Air_Vyrsmas_foto_Dainius-Putinas_1-min-768x513-1-600x401.jpg 600w, https:\/\/iseitiestaskas.lt\/wp-content\/uploads\/2022\/08\/Low-Air_Vyrsmas_foto_Dainius-Putinas_1-min-768x513-1-300x200.jpg 300w, https:\/\/iseitiestaskas.lt\/wp-content\/uploads\/2022\/08\/Low-Air_Vyrsmas_foto_Dainius-Putinas_1-min-768x513-1-391x260.jpg 391w\" sizes=\"(max-width: 768px) 100vw, 768px\" \/>\t\t\t\t\t\t\t\t\t\t\t\t\t\t\t<\/div>\n\t\t\t\t<\/div>\n\t\t\t\t<div class=\"elementor-element elementor-element-ed22417 elementor-aspect-ratio-169 elementor-widget elementor-widget-video\" data-id=\"ed22417\" data-element_type=\"widget\" data-settings=\"{&quot;video_type&quot;:&quot;vimeo&quot;,&quot;aspect_ratio&quot;:&quot;169&quot;}\" data-widget_type=\"video.default\">\n\t\t\t\t<div class=\"elementor-widget-container\">\n\t\t\t\t\t<div class=\"elementor-wrapper elementor-fit-aspect-ratio elementor-open-inline\">\n\t\t\t<iframe class=\"elementor-video-iframe\" allowfullscreen title=\"vimeo Video Player\" src=\"https:\/\/player.vimeo.com\/video\/654107876?color&amp;autopause=0&amp;loop=0&amp;muted=0&amp;title=1&amp;portrait=1&amp;byline=1#t=\"><\/iframe>\t\t<\/div>\n\t\t\t\t<\/div>\n\t\t\t\t<\/div>\n\t\t\t\t\t<\/div>\n\t\t<\/div>\n\t\t\t\t<div class=\"elementor-column elementor-col-50 elementor-top-column elementor-element elementor-element-2adc68f9\" data-id=\"2adc68f9\" data-element_type=\"column\">\n\t\t\t<div class=\"elementor-widget-wrap elementor-element-populated\">\n\t\t\t\t\t\t\t\t<div class=\"elementor-element elementor-element-3cfda4a3 elementor-widget elementor-widget-heading\" data-id=\"3cfda4a3\" data-element_type=\"widget\" data-widget_type=\"heading.default\">\n\t\t\t\t<div class=\"elementor-widget-container\">\n\t\t\t<h5 class=\"elementor-heading-title elementor-size-default\"><span class=\"d2edcug0 hpfvmrgz qv66sw1b c1et5uql oi732d6d ik7dh3pa ht8s03o8 a8c37x1j keod5gw0 nxhoafnm aigsh9s9 d3f4x2em fe6kdd0r mau55g9w c8b282yb iv3no6db jq4qci2q a3bd9o3v b1v8xokw oo9gr5id\" dir=\"auto\">19:00 | Rugs\u0117jo 20 d. KMKT did\u017eioji sal\u0117 <\/span><\/h5>\t\t<\/div>\n\t\t\t\t<\/div>\n\t\t\t\t<div class=\"elementor-element elementor-element-57547045 elementor-widget elementor-widget-text-editor\" data-id=\"57547045\" data-element_type=\"widget\" data-widget_type=\"text-editor.default\">\n\t\t\t\t<div class=\"elementor-widget-container\">\n\t\t\t\t\t\t\t\t<p>\u201eVyrsmas\u201c \u2013 gatv\u0117s \u0161okio spektaklis, nagrin\u0117jantis vyri\u0161kumo samprat\u0105, jos prie\u017eastis ir pasekmes. \u0160iame monospektaklyje vaizduojama vyro vidin\u0117 kelion\u0117 \u2013 i\u0161 stereotipais gr\u012fsto vyri\u0161kumo \u012f sav\u0119s supratim\u0105 ir pri\u0117mim\u0105.<\/p><p>EN<\/p><p>&#8222;Vyrsmas&#8221; is a street dance performance that examines the concept of masculinity, its causes, and its consequences. This one-man show depicts a man&#8217;s inner journey from stereotypical masculinity to self-understanding and acceptance.<\/p>\t\t\t\t\t\t<\/div>\n\t\t\t\t<\/div>\n\t\t\t\t<div class=\"elementor-element elementor-element-b072760 elementor-widget elementor-widget-spacer\" data-id=\"b072760\" data-element_type=\"widget\" data-widget_type=\"spacer.default\">\n\t\t\t\t<div class=\"elementor-widget-container\">\n\t\t\t\t\t<div class=\"elementor-spacer\">\n\t\t\t<div class=\"elementor-spacer-inner\"><\/div>\n\t\t<\/div>\n\t\t\t\t<\/div>\n\t\t\t\t<\/div>\n\t\t\t\t<div class=\"elementor-element elementor-element-871cf1e elementor-widget elementor-widget-heading\" data-id=\"871cf1e\" data-element_type=\"widget\" data-widget_type=\"heading.default\">\n\t\t\t\t<div class=\"elementor-widget-container\">\n\t\t\t<h5 class=\"elementor-heading-title elementor-size-default\">K\u016aRYBIN\u0116 KOMANDA<\/h5>\t\t<\/div>\n\t\t\t\t<\/div>\n\t\t\t\t<div class=\"elementor-element elementor-element-7b8b4c06 elementor-widget elementor-widget-spacer\" data-id=\"7b8b4c06\" data-element_type=\"widget\" data-widget_type=\"spacer.default\">\n\t\t\t\t<div class=\"elementor-widget-container\">\n\t\t\t\t\t<div class=\"elementor-spacer\">\n\t\t\t<div class=\"elementor-spacer-inner\"><\/div>\n\t\t<\/div>\n\t\t\t\t<\/div>\n\t\t\t\t<\/div>\n\t\t\t\t<div class=\"elementor-element elementor-element-142261ed elementor-widget elementor-widget-text-editor\" data-id=\"142261ed\" data-element_type=\"widget\" data-widget_type=\"text-editor.default\">\n\t\t\t\t<div class=\"elementor-widget-container\">\n\t\t\t\t\t\t\t\t<p>LOW AIR Vilniaus miesto \u0161okio teatras\/Vilnius City Dance Theatre<\/p><p style=\"margin: 0cm;\"><strong>Ide\u0307ja, choreografija, atlikimas\/Idea, choreography, performer:<\/strong> Marius Eidrigevi\u010dius<\/p><p style=\"margin: 0cm;\"><strong>Kompozitoriai\/Composers:<\/strong> Adomas Strazdas, Marius Eidrigevi\u010dius<\/p><p style=\"margin: 0cm;\"><strong>Video menininkas\/Video:<\/strong> Dalius Kalinauskas<\/p><p style=\"margin: 0cm;\"><strong>Fotografas\/Photographer:<\/strong> Dainius Putinas<\/p><p style=\"margin: 0cm;\"><strong>Prodiuseris\/Producer:<\/strong> Laurynas \u017dakevic\u030cius<\/p><p style=\"margin: 0cm;\"><strong>Vadybininke\u0307\/Manager:<\/strong> Gabriel\u0117 Kundrotait\u0117<\/p><p><strong>Trukm\u0117\/Duration:<\/strong> 25 min<\/p>\t\t\t\t\t\t<\/div>\n\t\t\t\t<\/div>\n\t\t\t\t<div class=\"elementor-element elementor-element-3fe4c22 elementor-align-left elementor-widget elementor-widget-button\" data-id=\"3fe4c22\" data-element_type=\"widget\" data-widget_type=\"button.default\">\n\t\t\t\t<div class=\"elementor-widget-container\">\n\t\t\t\t\t<div class=\"elementor-button-wrapper\">\n\t\t\t<a href=\"https:\/\/www.bilietai.lt\/lit\/renginiai\/teatras\/iseities-taskas22-zana--kauno-miesto-kamerinis-teatras-aut-gintare-smigelskyte-vyrsmas--low-air-sokio-teatras-aut-marius-eidrigevicius-365326\/\" class=\"elementor-button-link elementor-button elementor-size-md\" role=\"button\">\n\t\t\t\t\t\t<span class=\"elementor-button-content-wrapper\">\n\t\t\t\t\t\t<span class=\"elementor-button-text\">Bilietai abiems renginiams<br>Tickets for both events<\/span>\n\t\t<\/span>\n\t\t\t\t\t<\/a>\n\t\t<\/div>\n\t\t\t\t<\/div>\n\t\t\t\t<\/div>\n\t\t\t\t\t<\/div>\n\t\t<\/div>\n\t\t\t\t\t\t\t<\/div>\n\t\t<\/section>\n\t\t\t\t<section class=\"elementor-section elementor-top-section elementor-element elementor-element-320b74ea elementor-section-full_width elementor-section-height-default elementor-section-height-default\" data-id=\"320b74ea\" data-element_type=\"section\" data-settings=\"{&quot;background_background&quot;:&quot;classic&quot;}\">\n\t\t\t\t\t\t<div class=\"elementor-container elementor-column-gap-default\">\n\t\t\t\t\t<div class=\"elementor-column elementor-col-100 elementor-top-column elementor-element elementor-element-635bed63\" data-id=\"635bed63\" data-element_type=\"column\">\n\t\t\t<div class=\"elementor-widget-wrap elementor-element-populated\">\n\t\t\t\t\t\t\t\t<div class=\"elementor-element elementor-element-7573994 elementor-widget elementor-widget-heading\" data-id=\"7573994\" data-element_type=\"widget\" data-widget_type=\"heading.default\">\n\t\t\t\t<div class=\"elementor-widget-container\">\n\t\t\t<h2 class=\"elementor-heading-title elementor-size-default\">Taip pat domint\u0173<\/h2>\t\t<\/div>\n\t\t\t\t<\/div>\n\t\t\t\t<div class=\"elementor-element elementor-element-648ff9a4 elementor-widget-divider--view-line elementor-widget elementor-widget-divider\" data-id=\"648ff9a4\" data-element_type=\"widget\" data-widget_type=\"divider.default\">\n\t\t\t\t<div class=\"elementor-widget-container\">\n\t\t\t\t\t<div class=\"elementor-divider\">\n\t\t\t<span class=\"elementor-divider-separator\">\n\t\t\t\t\t\t<\/span>\n\t\t<\/div>\n\t\t\t\t<\/div>\n\t\t\t\t<\/div>\n\t\t\t\t<div class=\"elementor-element elementor-element-7747c1c elementor-widget elementor-widget-jet-portfolio\" data-id=\"7747c1c\" data-element_type=\"widget\" data-widget_type=\"jet-portfolio.default\">\n\t\t\t\t<div class=\"elementor-widget-container\">\n\t\t\t<div class=\"elementor-jet-portfolio jet-elements\">\n<div class=\"jet-portfolio layout-type-grid preset-type-4 layout-desktop-column-4 layout-tablet-column-2 layout-mobile-column-1\" data-settings=\"{&quot;layoutType&quot;:&quot;grid&quot;,&quot;columns&quot;:&quot;4&quot;,&quot;columnsTablet&quot;:&quot;2&quot;,&quot;columnsMobile&quot;:&quot;1&quot;,&quot;perPage&quot;:6}\"><div class=\"jet-portfolio__list\"><article class=\"jet-portfolio__item visible-status\" data-slug=\"{&quot;0&quot;:&quot;all&quot;}\">\n\t<div class=\"jet-portfolio__inner\">\n\t\t<a class=\"jet-portfolio__link\" href=\"http:\/\/iseitiestaskas.lt\/wp-content\/uploads\/2022\/08\/Bildugianda-1-scaled.jpeg\" data-elementor-open-lightbox=\"yes\">\n\t\t\t<div class=\"jet-portfolio__image\">\n\t\t\t\t<img decoding=\"async\" class=\"jet-portfolio__image-instance\" src=\"https:\/\/iseitiestaskas.lt\/wp-content\/uploads\/2022\/08\/Bildugianda-1-scaled.jpeg\" width=\"2560\" height=\"1440\"  alt=\"Bildugianda (1)\" loading=\"lazy\">\t\t\t\t<div class=\"jet-portfolio__image-loader\"><span><\/span><\/div>\n\t\t\t<\/div>\n\t\t<\/a>\n\t\t<div class=\"jet-portfolio__content\">\n\t\t\t<div class=\"jet-portfolio__content-inner\"><span class=\"jet-portfolio__title\">BILDUNGIADA I LMTA<\/span><p class=\"jet-portfolio__desc\">\nRe\u017e. Gildas Aleksa<\/p><a class=\"elementor-button elementor-size-md jet-portfolio__button\" href=\"https:\/\/iseitiestaskas.lt\/en\/bildungiada\/\"><span class=\"jet-portfolio__button-text\">+<\/span><\/a><\/div>\n\t\t<\/div>\n\t<\/div>\n<\/article><article class=\"jet-portfolio__item visible-status\" data-slug=\"{&quot;0&quot;:&quot;all&quot;}\">\n\t<div class=\"jet-portfolio__inner\">\n\t\t<a class=\"jet-portfolio__link\" href=\"http:\/\/iseitiestaskas.lt\/wp-content\/uploads\/2022\/08\/LMTA.Baseinas-be-vandens.jpg\" data-elementor-open-lightbox=\"yes\">\n\t\t\t<div class=\"jet-portfolio__image\">\n\t\t\t\t<img decoding=\"async\" class=\"jet-portfolio__image-instance\" src=\"https:\/\/iseitiestaskas.lt\/wp-content\/uploads\/2022\/08\/LMTA.Baseinas-be-vandens.jpg\" width=\"2048\" height=\"1365\"  alt=\"LMTA.Baseinas be vandens\" loading=\"lazy\">\t\t\t\t<div class=\"jet-portfolio__image-loader\"><span><\/span><\/div>\n\t\t\t<\/div>\n\t\t<\/a>\n\t\t<div class=\"jet-portfolio__content\">\n\t\t\t<div class=\"jet-portfolio__content-inner\"><span class=\"jet-portfolio__title\">BASEINAS. BE VANDENS | LMTA<\/span><p class=\"jet-portfolio__desc\">Aut. Mark Ravenhill | re\u017e. Jonas Kuprevi\u010dius\n<\/p><a class=\"elementor-button elementor-size-md jet-portfolio__button\" href=\"https:\/\/iseitiestaskas.lt\/en\/baseinas-be-vandens-lmta\/\"><span class=\"jet-portfolio__button-text\">+<\/span><\/a><\/div>\n\t\t<\/div>\n\t<\/div>\n<\/article><article class=\"jet-portfolio__item visible-status\" data-slug=\"{&quot;0&quot;:&quot;all&quot;}\">\n\t<div class=\"jet-portfolio__inner\">\n\t\t<a class=\"jet-portfolio__link\" href=\"http:\/\/iseitiestaskas.lt\/wp-content\/uploads\/2022\/08\/LMTA.nepalaidoti-mirusieji.jpg\" data-elementor-open-lightbox=\"yes\">\n\t\t\t<div class=\"jet-portfolio__image\">\n\t\t\t\t<img decoding=\"async\" class=\"jet-portfolio__image-instance\" src=\"https:\/\/iseitiestaskas.lt\/wp-content\/uploads\/2022\/08\/LMTA.nepalaidoti-mirusieji.jpg\" width=\"720\" height=\"1600\"  alt=\"LMTA.nepalaidoti mirusieji\" loading=\"lazy\">\t\t\t\t<div class=\"jet-portfolio__image-loader\"><span><\/span><\/div>\n\t\t\t<\/div>\n\t\t<\/a>\n\t\t<div class=\"jet-portfolio__content\">\n\t\t\t<div class=\"jet-portfolio__content-inner\"><span class=\"jet-portfolio__title\">NEPALAIDOTI MIRUSIEJI I LMTA<\/span><p class=\"jet-portfolio__desc\">Aut. Jean-Paul Sartre | re\u017e. Justinas Vinci\u016bnas<\/p><a class=\"elementor-button elementor-size-md jet-portfolio__button\" href=\"https:\/\/iseitiestaskas.lt\/en\/nepalaidoti-mirusieji\/\"><span class=\"jet-portfolio__button-text\">+<\/span><\/a><\/div>\n\t\t<\/div>\n\t<\/div>\n<\/article><article class=\"jet-portfolio__item visible-status\" data-slug=\"{&quot;0&quot;:&quot;all&quot;}\">\n\t<div class=\"jet-portfolio__inner\">\n\t\t<a class=\"jet-portfolio__link\" href=\"http:\/\/iseitiestaskas.lt\/wp-content\/uploads\/2022\/08\/C_LauraVanseviciene-210-556x371-1.jpg\" data-elementor-open-lightbox=\"yes\">\n\t\t\t<div class=\"jet-portfolio__image\">\n\t\t\t\t<img decoding=\"async\" class=\"jet-portfolio__image-instance\" src=\"https:\/\/iseitiestaskas.lt\/wp-content\/uploads\/2022\/08\/C_LauraVanseviciene-210-556x371-1.jpg\" width=\"556\" height=\"371\"  alt=\"C_LauraVanseviciene-210-556x371\" loading=\"lazy\">\t\t\t\t<div class=\"jet-portfolio__image-loader\"><span><\/span><\/div>\n\t\t\t<\/div>\n\t\t<\/a>\n\t\t<div class=\"jet-portfolio__content\">\n\t\t\t<div class=\"jet-portfolio__content-inner\"><span class=\"jet-portfolio__title\">\u017dMOGUS I\u0160 \u017dUVIES | Valstybinis jaunimo teatras<\/span><p class=\"jet-portfolio__desc\">Aut. Asia Volo\u0161ina | re\u017e. Egl\u0117 \u0160vedkauskait\u0117<\/p><a class=\"elementor-button elementor-size-md jet-portfolio__button\" href=\"https:\/\/iseitiestaskas.lt\/en\/zmogus-is-zuvies-valstybinis-jaunimo-teatras\/\"><span class=\"jet-portfolio__button-text\">+<\/span><\/a><\/div>\n\t\t<\/div>\n\t<\/div>\n<\/article><\/div><\/div>\n<\/div>\t\t<\/div>\n\t\t\t\t<\/div>\n\t\t\t\t\t<\/div>\n\t\t<\/div>\n\t\t\t\t\t\t\t<\/div>\n\t\t<\/section>\n\t\t\t\t\t\t<\/div>\n\t\t\t\t\t<\/div>","protected":false},"excerpt":{"rendered":"<p>\u017dANA I KMKT+VYRSMAS | LOW AIR Vilniaus miesto \u0161okio teatras&nbsp; \u0160okio spektakliai\/Dance performances \u017dANA I aut. Gintar\u0117 \u0160migelskyt\u0117VYRSMAS I aut. Marius Eidrigevic\u030cius 18:00 | Rugs\u0117jo 20 d. KMKT ma\u017eoji sal\u0117 \u201e\u017dANA\u201c \u2013 kolektyvin\u0117s k\u016brybos fizinio teatro monospektaklis, nagrin\u0117jantis b\u016bsen\u0105 \u017emogaus, \u012fstrigusio tarp dviej\u0173 galimybi\u0173: prisiimti atsakomyb\u0119 u\u017e savo veiksmus ir \u012fsitikinimus arba jos atsisakyti. K\u016brinyje [&hellip;]<\/p>","protected":false},"author":1,"featured_media":0,"parent":0,"menu_order":0,"comment_status":"closed","ping_status":"closed","template":"","meta":{"om_disable_all_campaigns":false,"_monsterinsights_skip_tracking":false,"_monsterinsights_sitenote_active":false,"_monsterinsights_sitenote_note":"","_monsterinsights_sitenote_category":0,"footnotes":""},"aioseo_notices":[],"_links":{"self":[{"href":"https:\/\/iseitiestaskas.lt\/en\/wp-json\/wp\/v2\/pages\/1557"}],"collection":[{"href":"https:\/\/iseitiestaskas.lt\/en\/wp-json\/wp\/v2\/pages"}],"about":[{"href":"https:\/\/iseitiestaskas.lt\/en\/wp-json\/wp\/v2\/types\/page"}],"author":[{"embeddable":true,"href":"https:\/\/iseitiestaskas.lt\/en\/wp-json\/wp\/v2\/users\/1"}],"replies":[{"embeddable":true,"href":"https:\/\/iseitiestaskas.lt\/en\/wp-json\/wp\/v2\/comments?post=1557"}],"version-history":[{"count":76,"href":"https:\/\/iseitiestaskas.lt\/en\/wp-json\/wp\/v2\/pages\/1557\/revisions"}],"predecessor-version":[{"id":2782,"href":"https:\/\/iseitiestaskas.lt\/en\/wp-json\/wp\/v2\/pages\/1557\/revisions\/2782"}],"wp:attachment":[{"href":"https:\/\/iseitiestaskas.lt\/en\/wp-json\/wp\/v2\/media?parent=1557"}],"curies":[{"name":"wp","href":"https:\/\/api.w.org\/{rel}","templated":true}]}}