{"id":1574,"date":"2022-08-08T04:39:43","date_gmt":"2022-08-08T04:39:43","guid":{"rendered":"http:\/\/iseitiestaskas.lt\/?page_id=1574"},"modified":"2022-09-02T20:55:56","modified_gmt":"2022-09-02T20:55:56","slug":"sanatomia-kauno-miesto-kamerinis-teatras-ir-kosmos-theatre","status":"publish","type":"page","link":"https:\/\/iseitiestaskas.lt\/en\/sanatomia-kauno-miesto-kamerinis-teatras-ir-kosmos-theatre\/","title":{"rendered":"S\u2018ANATOMIA | Kauno miesto kamerinis teatras ir Kosmos Theatre"},"content":{"rendered":"<div data-elementor-type=\"wp-page\" data-elementor-id=\"1574\" class=\"elementor elementor-1574\" data-elementor-settings=\"[]\">\n\t\t\t\t\t\t\t<div class=\"elementor-section-wrap\">\n\t\t\t\t\t\t\t<section class=\"elementor-section elementor-top-section elementor-element elementor-element-6a3d9042 elementor-section-boxed elementor-section-height-default elementor-section-height-default\" data-id=\"6a3d9042\" data-element_type=\"section\">\n\t\t\t\t\t\t<div class=\"elementor-container elementor-column-gap-default\">\n\t\t\t\t\t<div class=\"elementor-column elementor-col-100 elementor-top-column elementor-element elementor-element-5d19fe09\" data-id=\"5d19fe09\" data-element_type=\"column\">\n\t\t\t<div class=\"elementor-widget-wrap elementor-element-populated\">\n\t\t\t\t\t\t\t\t<div class=\"elementor-element elementor-element-1e6a33f7 elementor-widget elementor-widget-heading\" data-id=\"1e6a33f7\" data-element_type=\"widget\" data-widget_type=\"heading.default\">\n\t\t\t\t<div class=\"elementor-widget-container\">\n\t\t\t<h2 class=\"elementor-heading-title elementor-size-default\">S\u2018ANATOMIA | Kauno miesto kamerinis teatras ir Kosmos Theatre\n<\/h2>\t\t<\/div>\n\t\t\t\t<\/div>\n\t\t\t\t<div class=\"elementor-element elementor-element-79317515 elementor-widget-divider--view-line elementor-widget elementor-widget-divider\" data-id=\"79317515\" data-element_type=\"widget\" data-widget_type=\"divider.default\">\n\t\t\t\t<div class=\"elementor-widget-container\">\n\t\t\t\t\t<div class=\"elementor-divider\">\n\t\t\t<span class=\"elementor-divider-separator\">\n\t\t\t\t\t\t<\/span>\n\t\t<\/div>\n\t\t\t\t<\/div>\n\t\t\t\t<\/div>\n\t\t\t\t<div class=\"elementor-element elementor-element-54e8fc03 elementor-widget elementor-widget-text-editor\" data-id=\"54e8fc03\" data-element_type=\"widget\" data-widget_type=\"text-editor.default\">\n\t\t\t\t<div class=\"elementor-widget-container\">\n\t\t\t\t\t\t\t\t<p>Kosmologin\u0117 opera<\/p><p>Aut. Mantvydas Pranulis<\/p>\t\t\t\t\t\t<\/div>\n\t\t\t\t<\/div>\n\t\t\t\t\t<\/div>\n\t\t<\/div>\n\t\t\t\t\t\t\t<\/div>\n\t\t<\/section>\n\t\t\t\t<section class=\"elementor-section elementor-top-section elementor-element elementor-element-5e4e7bde elementor-section-boxed elementor-section-height-default elementor-section-height-default\" data-id=\"5e4e7bde\" data-element_type=\"section\">\n\t\t\t\t\t\t<div class=\"elementor-container elementor-column-gap-default\">\n\t\t\t\t\t<div class=\"elementor-column elementor-col-50 elementor-top-column elementor-element elementor-element-43bbe256\" data-id=\"43bbe256\" data-element_type=\"column\">\n\t\t\t<div class=\"elementor-widget-wrap elementor-element-populated\">\n\t\t\t\t\t\t\t\t<div class=\"elementor-element elementor-element-684c4bd1 elementor-widget elementor-widget-image\" data-id=\"684c4bd1\" data-element_type=\"widget\" data-widget_type=\"image.default\">\n\t\t\t\t<div class=\"elementor-widget-container\">\n\t\t\t\t\t\t\t\t\t\t\t\t\t\t\t<img loading=\"lazy\" decoding=\"async\" width=\"1024\" height=\"683\" src=\"https:\/\/iseitiestaskas.lt\/wp-content\/uploads\/2022\/08\/Sanatomia-5-1024x683.jpg\" class=\"attachment-large size-large\" alt=\"\" srcset=\"https:\/\/iseitiestaskas.lt\/wp-content\/uploads\/2022\/08\/Sanatomia-5-1024x683.jpg 1024w, https:\/\/iseitiestaskas.lt\/wp-content\/uploads\/2022\/08\/Sanatomia-5-scaled-600x400.jpg 600w, https:\/\/iseitiestaskas.lt\/wp-content\/uploads\/2022\/08\/Sanatomia-5-300x200.jpg 300w, https:\/\/iseitiestaskas.lt\/wp-content\/uploads\/2022\/08\/Sanatomia-5-768x512.jpg 768w, https:\/\/iseitiestaskas.lt\/wp-content\/uploads\/2022\/08\/Sanatomia-5-391x260.jpg 391w, https:\/\/iseitiestaskas.lt\/wp-content\/uploads\/2022\/08\/Sanatomia-5-1536x1024.jpg 1536w, https:\/\/iseitiestaskas.lt\/wp-content\/uploads\/2022\/08\/Sanatomia-5-2048x1365.jpg 2048w\" sizes=\"(max-width: 1024px) 100vw, 1024px\" \/>\t\t\t\t\t\t\t\t\t\t\t\t\t\t\t<\/div>\n\t\t\t\t<\/div>\n\t\t\t\t\t<\/div>\n\t\t<\/div>\n\t\t\t\t<div class=\"elementor-column elementor-col-50 elementor-top-column elementor-element elementor-element-2adc68f9\" data-id=\"2adc68f9\" data-element_type=\"column\">\n\t\t\t<div class=\"elementor-widget-wrap elementor-element-populated\">\n\t\t\t\t\t\t\t\t<div class=\"elementor-element elementor-element-3cfda4a3 elementor-widget elementor-widget-heading\" data-id=\"3cfda4a3\" data-element_type=\"widget\" data-widget_type=\"heading.default\">\n\t\t\t\t<div class=\"elementor-widget-container\">\n\t\t\t<h5 class=\"elementor-heading-title elementor-size-default\"><span dir=\"auto\">18:00; 20:00 val. | Rugs\u0117jo 23 d. KMKT ma\u017eoji sal\u0117<\/span><\/h5>\t\t<\/div>\n\t\t\t\t<\/div>\n\t\t\t\t<div class=\"elementor-element elementor-element-57547045 elementor-widget elementor-widget-text-editor\" data-id=\"57547045\" data-element_type=\"widget\" data-widget_type=\"text-editor.default\">\n\t\t\t\t<div class=\"elementor-widget-container\">\n\t\t\t\t\t\t\t\t<p>21 a. vizualinis teatras vis da\u017eniau perm\u0105sto save ie\u0161kodamas kito pamato bei k\u016brybin\u0117s inspiracijos nei literat\u016bra ar drama.<\/p><p>\u0160i opera t\u0119sia KOSMOS THEATRE k\u016brybinius ie\u0161kojimus kuriant ir vystant original\u0173 Lietuvi\u0161k\u0105 vizualin\u012f teatr\u0105, teatrin\u012f veiksm\u0105 grind\u017eiant nepsichologizuotomis dramaturgin\u0117mis persona\u017e\u0173 santyki\u0173 peripetijomis, o muzikos bei garso dizaino pirmenybe, vystant garsovaizd\u017eio, kaip neatskiriamos garso ir vaizdo vienumos, koncepcij\u0105, kuri ir taps \u0161io spektaklio pagrindiniu k\u016brybiniu pagrindu.<\/p><p><strong>EN<\/strong><\/p><p>Cosmological opera \u201cS\u2019Anatomia\u201d is a contemporary opera created with the guidelines of visual theatre methodology. Creators inspired by paintings and compositions of one of the most famous Lithuanian artists Mikalojus Konstantinas \u010ciurlionis (the composer was awarded for M. K. \u010ciurlionis scholarship) will welcome participants to experience a guided sound meditation. Music is composed based on drone music which will become a metaphor of cosmological object movement.<\/p><div>Responding to the most relevant musical trends, the composer seeks to combine archaism with innovative musical and philosophical archetypes. \u201cS&#8217;Anatomia is a cosmological opera experienced as a musical performance with two players and a fantastic drummer sitting together on cushions in a tent with only twenty other spectators. The almost hypnotic music is about the big picture, but then, with a simple noise drum full of sand, gentle Baltic Sea waves can be heard for minutes, which audibly transport the cosmos to Lithuania\u201d, &#8211; German critic Thomas Irman writes.<\/div><div>\u00a0<\/div><div>Contemporary visual theater consistently struggles with the hierarchical primacy of literature over image and music in theatrical work. The 21st-century visual theater is increasingly rethinking itself in search of a different foundation and creative inspiration than literature or drama.<\/div><div>\u00a0<\/div>\t\t\t\t\t\t<\/div>\n\t\t\t\t<\/div>\n\t\t\t\t<div class=\"elementor-element elementor-element-b072760 elementor-widget elementor-widget-spacer\" data-id=\"b072760\" data-element_type=\"widget\" data-widget_type=\"spacer.default\">\n\t\t\t\t<div class=\"elementor-widget-container\">\n\t\t\t\t\t<div class=\"elementor-spacer\">\n\t\t\t<div class=\"elementor-spacer-inner\"><\/div>\n\t\t<\/div>\n\t\t\t\t<\/div>\n\t\t\t\t<\/div>\n\t\t\t\t<div class=\"elementor-element elementor-element-871cf1e elementor-widget elementor-widget-heading\" data-id=\"871cf1e\" data-element_type=\"widget\" data-widget_type=\"heading.default\">\n\t\t\t\t<div class=\"elementor-widget-container\">\n\t\t\t<h5 class=\"elementor-heading-title elementor-size-default\">K\u016aRYBIN\u0116 KOMANDA<\/h5>\t\t<\/div>\n\t\t\t\t<\/div>\n\t\t\t\t<div class=\"elementor-element elementor-element-7b8b4c06 elementor-widget elementor-widget-spacer\" data-id=\"7b8b4c06\" data-element_type=\"widget\" data-widget_type=\"spacer.default\">\n\t\t\t\t<div class=\"elementor-widget-container\">\n\t\t\t\t\t<div class=\"elementor-spacer\">\n\t\t\t<div class=\"elementor-spacer-inner\"><\/div>\n\t\t<\/div>\n\t\t\t\t<\/div>\n\t\t\t\t<\/div>\n\t\t\t\t<div class=\"elementor-element elementor-element-142261ed elementor-widget elementor-widget-text-editor\" data-id=\"142261ed\" data-element_type=\"widget\" data-widget_type=\"text-editor.default\">\n\t\t\t\t<div class=\"elementor-widget-container\">\n\t\t\t\t\t\t\t\t<p>Kauno miesto kamerinis teatras ir KOSMOS THEATRE\/ Kaunas City Chamber Theatre and Kosmos Theatre<\/p><p><strong>Vaidina\/Actors<\/strong>: Povilas Jatkevi\u010dius, Paulina Simutyt\u0117, Dominykas Snarskis<br \/><strong>Kompozitorius\/Composer:<\/strong> Mantvydas Pranulis<br \/><strong>Scenografija\/Scenography:<\/strong> Barbora \u0160ulni\u016bt\u0117<br \/><strong>Trukm\u0117\/Duration:<\/strong> 60 min.<\/p>\t\t\t\t\t\t<\/div>\n\t\t\t\t<\/div>\n\t\t\t\t<div class=\"elementor-element elementor-element-3fe4c22 elementor-align-left elementor-widget elementor-widget-button\" data-id=\"3fe4c22\" data-element_type=\"widget\" data-widget_type=\"button.default\">\n\t\t\t\t<div class=\"elementor-widget-container\">\n\t\t\t\t\t<div class=\"elementor-button-wrapper\">\n\t\t\t<a href=\"https:\/\/www.bilietai.lt\/lit\/renginiai\/teatras\/iseities-taskas22-sanatomia--kosmos-theatre-ir-kauno-miesto-kamerinis-teatras-365329\/\" class=\"elementor-button-link elementor-button elementor-size-md\" role=\"button\">\n\t\t\t\t\t\t<span class=\"elementor-button-content-wrapper\">\n\t\t\t\t\t\t<span class=\"elementor-button-text\">Bilietai\/Tickets<\/span>\n\t\t<\/span>\n\t\t\t\t\t<\/a>\n\t\t<\/div>\n\t\t\t\t<\/div>\n\t\t\t\t<\/div>\n\t\t\t\t\t<\/div>\n\t\t<\/div>\n\t\t\t\t\t\t\t<\/div>\n\t\t<\/section>\n\t\t\t\t<section class=\"elementor-section elementor-top-section elementor-element elementor-element-320b74ea elementor-section-full_width elementor-section-height-default elementor-section-height-default\" data-id=\"320b74ea\" data-element_type=\"section\" data-settings=\"{&quot;background_background&quot;:&quot;classic&quot;}\">\n\t\t\t\t\t\t<div class=\"elementor-container elementor-column-gap-default\">\n\t\t\t\t\t<div class=\"elementor-column elementor-col-100 elementor-top-column elementor-element elementor-element-635bed63\" data-id=\"635bed63\" data-element_type=\"column\">\n\t\t\t<div class=\"elementor-widget-wrap elementor-element-populated\">\n\t\t\t\t\t\t\t\t<div class=\"elementor-element elementor-element-7573994 elementor-widget elementor-widget-heading\" data-id=\"7573994\" data-element_type=\"widget\" data-widget_type=\"heading.default\">\n\t\t\t\t<div class=\"elementor-widget-container\">\n\t\t\t<h2 class=\"elementor-heading-title elementor-size-default\">Taip pat domint\u0173<\/h2>\t\t<\/div>\n\t\t\t\t<\/div>\n\t\t\t\t<div class=\"elementor-element elementor-element-648ff9a4 elementor-widget-divider--view-line elementor-widget elementor-widget-divider\" data-id=\"648ff9a4\" data-element_type=\"widget\" data-widget_type=\"divider.default\">\n\t\t\t\t<div class=\"elementor-widget-container\">\n\t\t\t\t\t<div class=\"elementor-divider\">\n\t\t\t<span class=\"elementor-divider-separator\">\n\t\t\t\t\t\t<\/span>\n\t\t<\/div>\n\t\t\t\t<\/div>\n\t\t\t\t<\/div>\n\t\t\t\t<div class=\"elementor-element elementor-element-f7eaa50 elementor-widget elementor-widget-jet-portfolio\" data-id=\"f7eaa50\" data-element_type=\"widget\" data-widget_type=\"jet-portfolio.default\">\n\t\t\t\t<div class=\"elementor-widget-container\">\n\t\t\t<div class=\"elementor-jet-portfolio jet-elements\">\n<div class=\"jet-portfolio layout-type-grid preset-type-4 layout-desktop-column-4 layout-tablet-column-2 layout-mobile-column-1\" data-settings=\"{&quot;layoutType&quot;:&quot;grid&quot;,&quot;columns&quot;:&quot;4&quot;,&quot;columnsTablet&quot;:&quot;2&quot;,&quot;columnsMobile&quot;:&quot;1&quot;,&quot;perPage&quot;:6}\"><div class=\"jet-portfolio__list\"><article class=\"jet-portfolio__item visible-status\" data-slug=\"{&quot;0&quot;:&quot;all&quot;}\">\n\t<div class=\"jet-portfolio__inner\">\n\t\t<a class=\"jet-portfolio__link\" href=\"http:\/\/iseitiestaskas.lt\/wp-content\/uploads\/2022\/08\/Low-Air_Vyrsmas_foto_Dainius-Putinas_1-min-768x513-1.jpg\" data-elementor-open-lightbox=\"yes\">\n\t\t\t<div class=\"jet-portfolio__image\">\n\t\t\t\t<img decoding=\"async\" class=\"jet-portfolio__image-instance\" src=\"https:\/\/iseitiestaskas.lt\/wp-content\/uploads\/2022\/08\/Low-Air_Vyrsmas_foto_Dainius-Putinas_1-min-768x513-1.jpg\" width=\"768\" height=\"513\"  alt=\"Low-Air_Vyrsmas_foto_Dainius-Putinas_1-min-768x513\" loading=\"lazy\">\t\t\t\t<div class=\"jet-portfolio__image-loader\"><span><\/span><\/div>\n\t\t\t<\/div>\n\t\t<\/a>\n\t\t<div class=\"jet-portfolio__content\">\n\t\t\t<div class=\"jet-portfolio__content-inner\"><span class=\"jet-portfolio__title\">VYRSMAS I LOW AIR<\/span><p class=\"jet-portfolio__desc\">Aut. Marius Eidrigevic\u030cius\n\n\u0160okio spektaklis<\/p><a class=\"elementor-button elementor-size-md jet-portfolio__button\" href=\"https:\/\/iseitiestaskas.lt\/en\/vyrsmas-low-air\/\"><span class=\"jet-portfolio__button-text\">+<\/span><\/a><\/div>\n\t\t<\/div>\n\t<\/div>\n<\/article><article class=\"jet-portfolio__item visible-status\" data-slug=\"{&quot;0&quot;:&quot;all&quot;}\">\n\t<div class=\"jet-portfolio__inner\">\n\t\t<a class=\"jet-portfolio__link\" href=\"http:\/\/iseitiestaskas.lt\/wp-content\/uploads\/2022\/08\/LMTA.Baseinas-be-vandens.jpg\" data-elementor-open-lightbox=\"yes\">\n\t\t\t<div class=\"jet-portfolio__image\">\n\t\t\t\t<img decoding=\"async\" class=\"jet-portfolio__image-instance\" src=\"https:\/\/iseitiestaskas.lt\/wp-content\/uploads\/2022\/08\/LMTA.Baseinas-be-vandens.jpg\" width=\"2048\" height=\"1365\"  alt=\"LMTA.Baseinas be vandens\" loading=\"lazy\">\t\t\t\t<div class=\"jet-portfolio__image-loader\"><span><\/span><\/div>\n\t\t\t<\/div>\n\t\t<\/a>\n\t\t<div class=\"jet-portfolio__content\">\n\t\t\t<div class=\"jet-portfolio__content-inner\"><span class=\"jet-portfolio__title\">BASEINAS. BE VANDENS | LMTA<\/span><p class=\"jet-portfolio__desc\">Aut. Mark Ravenhill | re\u017e. Jonas Kuprevi\u010dius\n<\/p><a class=\"elementor-button elementor-size-md jet-portfolio__button\" href=\"https:\/\/iseitiestaskas.lt\/en\/baseinas-be-vandens-lmta\/\"><span class=\"jet-portfolio__button-text\">+<\/span><\/a><\/div>\n\t\t<\/div>\n\t<\/div>\n<\/article><article class=\"jet-portfolio__item visible-status\" data-slug=\"{&quot;0&quot;:&quot;all&quot;}\">\n\t<div class=\"jet-portfolio__inner\">\n\t\t<a class=\"jet-portfolio__link\" href=\"http:\/\/iseitiestaskas.lt\/wp-content\/uploads\/2022\/08\/LMTA.nepalaidoti-mirusieji.jpg\" data-elementor-open-lightbox=\"yes\">\n\t\t\t<div class=\"jet-portfolio__image\">\n\t\t\t\t<img decoding=\"async\" class=\"jet-portfolio__image-instance\" src=\"https:\/\/iseitiestaskas.lt\/wp-content\/uploads\/2022\/08\/LMTA.nepalaidoti-mirusieji.jpg\" width=\"720\" height=\"1600\"  alt=\"LMTA.nepalaidoti mirusieji\" loading=\"lazy\">\t\t\t\t<div class=\"jet-portfolio__image-loader\"><span><\/span><\/div>\n\t\t\t<\/div>\n\t\t<\/a>\n\t\t<div class=\"jet-portfolio__content\">\n\t\t\t<div class=\"jet-portfolio__content-inner\"><span class=\"jet-portfolio__title\">NEPALAIDOTI MIRUSIEJI I LMTA<\/span><p class=\"jet-portfolio__desc\">Aut. Jean-Paul Sartre | re\u017e. Justinas Vinci\u016bnas<\/p><a class=\"elementor-button elementor-size-md jet-portfolio__button\" href=\"https:\/\/iseitiestaskas.lt\/en\/nepalaidoti-mirusieji\/\"><span class=\"jet-portfolio__button-text\">+<\/span><\/a><\/div>\n\t\t<\/div>\n\t<\/div>\n<\/article><article class=\"jet-portfolio__item visible-status\" data-slug=\"{&quot;0&quot;:&quot;all&quot;}\">\n\t<div class=\"jet-portfolio__inner\">\n\t\t<a class=\"jet-portfolio__link\" href=\"http:\/\/iseitiestaskas.lt\/wp-content\/uploads\/2022\/08\/C_LauraVanseviciene-210-556x371-1.jpg\" data-elementor-open-lightbox=\"yes\">\n\t\t\t<div class=\"jet-portfolio__image\">\n\t\t\t\t<img decoding=\"async\" class=\"jet-portfolio__image-instance\" src=\"https:\/\/iseitiestaskas.lt\/wp-content\/uploads\/2022\/08\/C_LauraVanseviciene-210-556x371-1.jpg\" width=\"556\" height=\"371\"  alt=\"C_LauraVanseviciene-210-556x371\" loading=\"lazy\">\t\t\t\t<div class=\"jet-portfolio__image-loader\"><span><\/span><\/div>\n\t\t\t<\/div>\n\t\t<\/a>\n\t\t<div class=\"jet-portfolio__content\">\n\t\t\t<div class=\"jet-portfolio__content-inner\"><span class=\"jet-portfolio__title\">\u017dMOGUS I\u0160 \u017dUVIES | Valstybinis jaunimo teatras<\/span><p class=\"jet-portfolio__desc\">Aut. Asia Volo\u0161ina | re\u017e. Egl\u0117 \u0160vedkauskait\u0117<\/p><a class=\"elementor-button elementor-size-md jet-portfolio__button\" href=\"https:\/\/iseitiestaskas.lt\/en\/zmogus-is-zuvies-valstybinis-jaunimo-teatras\/\"><span class=\"jet-portfolio__button-text\">+<\/span><\/a><\/div>\n\t\t<\/div>\n\t<\/div>\n<\/article><\/div><\/div>\n<\/div>\t\t<\/div>\n\t\t\t\t<\/div>\n\t\t\t\t\t<\/div>\n\t\t<\/div>\n\t\t\t\t\t\t\t<\/div>\n\t\t<\/section>\n\t\t\t\t\t\t<\/div>\n\t\t\t\t\t<\/div>","protected":false},"excerpt":{"rendered":"<p>S\u2018ANATOMIA | Kauno miesto kamerinis teatras ir Kosmos Theatre Kosmologin\u0117 opera Aut. Mantvydas Pranulis 18:00; 20:00 val. | Rugs\u0117jo 23 d. KMKT ma\u017eoji sal\u0117 21 a. vizualinis teatras vis da\u017eniau perm\u0105sto save ie\u0161kodamas kito pamato bei k\u016brybin\u0117s inspiracijos nei literat\u016bra ar drama. \u0160i opera t\u0119sia KOSMOS THEATRE k\u016brybinius ie\u0161kojimus kuriant ir vystant original\u0173 Lietuvi\u0161k\u0105 vizualin\u012f [&hellip;]<\/p>","protected":false},"author":1,"featured_media":0,"parent":0,"menu_order":0,"comment_status":"closed","ping_status":"closed","template":"","meta":{"om_disable_all_campaigns":false,"_monsterinsights_skip_tracking":false,"_monsterinsights_sitenote_active":false,"_monsterinsights_sitenote_note":"","_monsterinsights_sitenote_category":0,"footnotes":""},"aioseo_notices":[],"_links":{"self":[{"href":"https:\/\/iseitiestaskas.lt\/en\/wp-json\/wp\/v2\/pages\/1574"}],"collection":[{"href":"https:\/\/iseitiestaskas.lt\/en\/wp-json\/wp\/v2\/pages"}],"about":[{"href":"https:\/\/iseitiestaskas.lt\/en\/wp-json\/wp\/v2\/types\/page"}],"author":[{"embeddable":true,"href":"https:\/\/iseitiestaskas.lt\/en\/wp-json\/wp\/v2\/users\/1"}],"replies":[{"embeddable":true,"href":"https:\/\/iseitiestaskas.lt\/en\/wp-json\/wp\/v2\/comments?post=1574"}],"version-history":[{"count":31,"href":"https:\/\/iseitiestaskas.lt\/en\/wp-json\/wp\/v2\/pages\/1574\/revisions"}],"predecessor-version":[{"id":2769,"href":"https:\/\/iseitiestaskas.lt\/en\/wp-json\/wp\/v2\/pages\/1574\/revisions\/2769"}],"wp:attachment":[{"href":"https:\/\/iseitiestaskas.lt\/en\/wp-json\/wp\/v2\/media?parent=1574"}],"curies":[{"name":"wp","href":"https:\/\/api.w.org\/{rel}","templated":true}]}}