{"id":1611,"date":"2022-08-08T04:57:32","date_gmt":"2022-08-08T04:57:32","guid":{"rendered":"http:\/\/iseitiestaskas.lt\/?page_id=1611"},"modified":"2022-09-07T13:25:33","modified_gmt":"2022-09-07T13:25:33","slug":"zmogus-is-zuvies-valstybinis-jaunimo-teatras","status":"publish","type":"page","link":"https:\/\/iseitiestaskas.lt\/en\/zmogus-is-zuvies-valstybinis-jaunimo-teatras\/","title":{"rendered":"\u017dMOGUS I\u0160 \u017dUVIES | Valstybinis jaunimo teatras"},"content":{"rendered":"<div data-elementor-type=\"wp-page\" data-elementor-id=\"1611\" class=\"elementor elementor-1611\" data-elementor-settings=\"[]\">\n\t\t\t\t\t\t\t<div class=\"elementor-section-wrap\">\n\t\t\t\t\t\t\t<section class=\"elementor-section elementor-top-section elementor-element elementor-element-6a3d9042 elementor-section-boxed elementor-section-height-default elementor-section-height-default\" data-id=\"6a3d9042\" data-element_type=\"section\">\n\t\t\t\t\t\t<div class=\"elementor-container elementor-column-gap-default\">\n\t\t\t\t\t<div class=\"elementor-column elementor-col-100 elementor-top-column elementor-element elementor-element-5d19fe09\" data-id=\"5d19fe09\" data-element_type=\"column\">\n\t\t\t<div class=\"elementor-widget-wrap elementor-element-populated\">\n\t\t\t\t\t\t\t\t<div class=\"elementor-element elementor-element-1e6a33f7 elementor-widget elementor-widget-heading\" data-id=\"1e6a33f7\" data-element_type=\"widget\" data-widget_type=\"heading.default\">\n\t\t\t\t<div class=\"elementor-widget-container\">\n\t\t\t<h2 class=\"elementor-heading-title elementor-size-default\">\u017dMOGUS I\u0160 \u017dUVIES | Valstybinis jaunimo teatras<\/h2>\t\t<\/div>\n\t\t\t\t<\/div>\n\t\t\t\t<div class=\"elementor-element elementor-element-79317515 elementor-widget-divider--view-line elementor-widget elementor-widget-divider\" data-id=\"79317515\" data-element_type=\"widget\" data-widget_type=\"divider.default\">\n\t\t\t\t<div class=\"elementor-widget-container\">\n\t\t\t\t\t<div class=\"elementor-divider\">\n\t\t\t<span class=\"elementor-divider-separator\">\n\t\t\t\t\t\t<\/span>\n\t\t<\/div>\n\t\t\t\t<\/div>\n\t\t\t\t<\/div>\n\t\t\t\t<div class=\"elementor-element elementor-element-54e8fc03 elementor-widget elementor-widget-text-editor\" data-id=\"54e8fc03\" data-element_type=\"widget\" data-widget_type=\"text-editor.default\">\n\t\t\t\t<div class=\"elementor-widget-container\">\n\t\t\t\t\t\t\t\t<p>Aut. Asia Volo\u0161ina | re\u017e. Egl\u0117 \u0160vedkauskait\u0117<\/p>\t\t\t\t\t\t<\/div>\n\t\t\t\t<\/div>\n\t\t\t\t\t<\/div>\n\t\t<\/div>\n\t\t\t\t\t\t\t<\/div>\n\t\t<\/section>\n\t\t\t\t<section class=\"elementor-section elementor-top-section elementor-element elementor-element-5e4e7bde elementor-section-boxed elementor-section-height-default elementor-section-height-default\" data-id=\"5e4e7bde\" data-element_type=\"section\">\n\t\t\t\t\t\t<div class=\"elementor-container elementor-column-gap-default\">\n\t\t\t\t\t<div class=\"elementor-column elementor-col-50 elementor-top-column elementor-element elementor-element-43bbe256\" data-id=\"43bbe256\" data-element_type=\"column\">\n\t\t\t<div class=\"elementor-widget-wrap elementor-element-populated\">\n\t\t\t\t\t\t\t\t<div class=\"elementor-element elementor-element-684c4bd1 elementor-widget elementor-widget-image\" data-id=\"684c4bd1\" data-element_type=\"widget\" data-widget_type=\"image.default\">\n\t\t\t\t<div class=\"elementor-widget-container\">\n\t\t\t\t\t\t\t\t\t\t\t\t\t\t\t<img loading=\"lazy\" decoding=\"async\" width=\"556\" height=\"371\" src=\"https:\/\/iseitiestaskas.lt\/wp-content\/uploads\/2022\/08\/C_LauraVanseviciene-210-556x371-1.jpg\" class=\"attachment-large size-large\" alt=\"\" srcset=\"https:\/\/iseitiestaskas.lt\/wp-content\/uploads\/2022\/08\/C_LauraVanseviciene-210-556x371-1.jpg 556w, https:\/\/iseitiestaskas.lt\/wp-content\/uploads\/2022\/08\/C_LauraVanseviciene-210-556x371-1-300x200.jpg 300w, https:\/\/iseitiestaskas.lt\/wp-content\/uploads\/2022\/08\/C_LauraVanseviciene-210-556x371-1-391x260.jpg 391w\" sizes=\"(max-width: 556px) 100vw, 556px\" \/>\t\t\t\t\t\t\t\t\t\t\t\t\t\t\t<\/div>\n\t\t\t\t<\/div>\n\t\t\t\t\t<\/div>\n\t\t<\/div>\n\t\t\t\t<div class=\"elementor-column elementor-col-50 elementor-top-column elementor-element elementor-element-2adc68f9\" data-id=\"2adc68f9\" data-element_type=\"column\">\n\t\t\t<div class=\"elementor-widget-wrap elementor-element-populated\">\n\t\t\t\t\t\t\t\t<div class=\"elementor-element elementor-element-3cfda4a3 elementor-widget elementor-widget-heading\" data-id=\"3cfda4a3\" data-element_type=\"widget\" data-widget_type=\"heading.default\">\n\t\t\t\t<div class=\"elementor-widget-container\">\n\t\t\t<h5 class=\"elementor-heading-title elementor-size-default\"><span class=\"d2edcug0 hpfvmrgz qv66sw1b c1et5uql oi732d6d ik7dh3pa ht8s03o8 a8c37x1j keod5gw0 nxhoafnm aigsh9s9 d3f4x2em fe6kdd0r mau55g9w c8b282yb iv3no6db jq4qci2q a3bd9o3v b1v8xokw oo9gr5id\" dir=\"auto\">18:00 | Rugs\u0117jo 21 d. KMKT did\u017eioji sal\u0117<\/span><\/h5>\t\t<\/div>\n\t\t\t\t<\/div>\n\t\t\t\t<div class=\"elementor-element elementor-element-57547045 elementor-widget elementor-widget-text-editor\" data-id=\"57547045\" data-element_type=\"widget\" data-widget_type=\"text-editor.default\">\n\t\t\t\t<div class=\"elementor-widget-container\">\n\t\t\t\t\t\t\t\t<p>Spektaklio re\u017eisier\u0117 Egl\u0117 \u0160vedkauskait\u0117: \u201e\u017dmogus i\u0161 \u017euvies\u201c \u2013 lingvistinis labirintas, nakt\u012f i\u0161siver\u017eian\u010di\u0173 i\u0161pa\u017ein\u010di\u0173 tinklas, i\u0161kalbamas moter\u0173 l\u016bpomis ir i\u0161girstamas vyr\u0173 ausimis. Tai gan retas atvejis dramaturgijoje. Pristatyti Asios Volo\u0161inos pjes\u0119 man rei\u0161kia pakviesti \u017ei\u016brov\u0105 \u012f i\u0161sitempus\u012f laik\u0105, kurio r\u0117muose skleid\u017eiasi nerimas. D\u0117l sav\u0119s, d\u0117l savo k\u016bno, d\u0117l savo vaiko, d\u0117l \u0161alies ir ateities. Tai proga \u012fsigilinti \u012f laisv\u0117s s\u0105vok\u0105 \u2013 kas tai yra ne demokratin\u0117je aplinkoje? Mano nepaklusnumas ar nesiprie\u0161inimas? Ar susitaikymas ir cinizmas, nukreiptas \u012f p\u016bvan\u010di\u0105 santvark\u0105, n\u0117ra sav\u0119s \u012fkalinimo forma? O priklausomyb\u0117 nuo iliuzij\u0173 ir nei\u0161sipildan\u010di\u0173 tro\u0161kim\u0173, bej\u0117gyst\u0117, nedr\u0105sa imtis veiksm\u0173 ir vilties laukimas \u2013 visa tai juk irgi apynasris laisvei, galb\u016bt dar ank\u0161tesnis nei tas, kur\u012f \u017emogui u\u017ededa sistemos ir ideologijos.<\/p><p>Po spektaklio vyks diskusija su \u017ei\u016brovais.<\/p>\t\t\t\t\t\t<\/div>\n\t\t\t\t<\/div>\n\t\t\t\t<div class=\"elementor-element elementor-element-b072760 elementor-widget elementor-widget-spacer\" data-id=\"b072760\" data-element_type=\"widget\" data-widget_type=\"spacer.default\">\n\t\t\t\t<div class=\"elementor-widget-container\">\n\t\t\t\t\t<div class=\"elementor-spacer\">\n\t\t\t<div class=\"elementor-spacer-inner\"><\/div>\n\t\t<\/div>\n\t\t\t\t<\/div>\n\t\t\t\t<\/div>\n\t\t\t\t<div class=\"elementor-element elementor-element-871cf1e elementor-widget elementor-widget-heading\" data-id=\"871cf1e\" data-element_type=\"widget\" data-widget_type=\"heading.default\">\n\t\t\t\t<div class=\"elementor-widget-container\">\n\t\t\t<h5 class=\"elementor-heading-title elementor-size-default\">K\u016aRYBIN\u0116 KOMANDA<\/h5>\t\t<\/div>\n\t\t\t\t<\/div>\n\t\t\t\t<div class=\"elementor-element elementor-element-7b8b4c06 elementor-widget elementor-widget-spacer\" data-id=\"7b8b4c06\" data-element_type=\"widget\" data-widget_type=\"spacer.default\">\n\t\t\t\t<div class=\"elementor-widget-container\">\n\t\t\t\t\t<div class=\"elementor-spacer\">\n\t\t\t<div class=\"elementor-spacer-inner\"><\/div>\n\t\t<\/div>\n\t\t\t\t<\/div>\n\t\t\t\t<\/div>\n\t\t\t\t<div class=\"elementor-element elementor-element-142261ed elementor-widget elementor-widget-text-editor\" data-id=\"142261ed\" data-element_type=\"widget\" data-widget_type=\"text-editor.default\">\n\t\t\t\t<div class=\"elementor-widget-container\">\n\t\t\t\t\t\t\t\t<p style=\"margin: 0cm;\"><strong>Re\u017eisier\u0117:<\/strong> Egl\u0117 \u0160vedkauskait\u0117.<\/p><p style=\"margin: 0cm;\"><strong>Vaidina:<\/strong> Matas Dirgin\u010dius, Ieva Kaniu\u0161ait\u0117, Aleksas Kazanavi\u010dius, Viktorija Kuodyt\u0117, Simonas Storpir\u0161tis, Asta Zacharovait\u0117.<\/p><p style=\"margin: 0cm;\"><strong>Dramaturg\u0117:<\/strong> Asia Volo\u0161ina.<\/p><p style=\"margin: 0cm;\"><strong>Vert\u0117:<\/strong> Marius Burokas.<\/p><p style=\"margin: 0cm;\"><strong>Dailinink\u0117:<\/strong> Ona Juci\u016bt\u0117.<\/p><p style=\"margin: 0cm;\"><strong>\u0160vies\u0173 dailininkas:<\/strong> Julius Kur\u0161ys.<\/p><p style=\"margin: 0cm;\"><strong>Kompozitor\u0117:<\/strong> Agn\u0117 Matulevi\u010di\u016bt\u0117.<\/p><p style=\"margin: 0cm;\"><strong>Re\u017eisieriaus asistent\u0117:<\/strong> Justina Mykolaityt\u0117.<\/p><p>\u00a0<\/p><p style=\"margin: 0cm;\"><strong>Trukm\u0117<\/strong>: 1 val. 35 min.<\/p>\t\t\t\t\t\t<\/div>\n\t\t\t\t<\/div>\n\t\t\t\t<div class=\"elementor-element elementor-element-3fe4c22 elementor-align-left elementor-widget elementor-widget-button\" data-id=\"3fe4c22\" data-element_type=\"widget\" data-widget_type=\"button.default\">\n\t\t\t\t<div class=\"elementor-widget-container\">\n\t\t\t\t\t<div class=\"elementor-button-wrapper\">\n\t\t\t<a href=\"https:\/\/www.bilietai.lt\/lit\/renginiai\/teatras\/iseities-taskas22-zmogus-is-zuvies--valstybinis-jaunimo-teatras-rez-egle-svedkauskaite-365327\/\" class=\"elementor-button-link elementor-button elementor-size-md\" role=\"button\">\n\t\t\t\t\t\t<span class=\"elementor-button-content-wrapper\">\n\t\t\t\t\t\t<span class=\"elementor-button-text\">Tickets<\/span>\n\t\t<\/span>\n\t\t\t\t\t<\/a>\n\t\t<\/div>\n\t\t\t\t<\/div>\n\t\t\t\t<\/div>\n\t\t\t\t\t<\/div>\n\t\t<\/div>\n\t\t\t\t\t\t\t<\/div>\n\t\t<\/section>\n\t\t\t\t<section class=\"elementor-section elementor-top-section elementor-element elementor-element-320b74ea elementor-section-full_width elementor-section-height-default elementor-section-height-default\" data-id=\"320b74ea\" data-element_type=\"section\" data-settings=\"{&quot;background_background&quot;:&quot;classic&quot;}\">\n\t\t\t\t\t\t<div class=\"elementor-container elementor-column-gap-default\">\n\t\t\t\t\t<div class=\"elementor-column elementor-col-100 elementor-top-column elementor-element elementor-element-635bed63\" data-id=\"635bed63\" data-element_type=\"column\">\n\t\t\t<div class=\"elementor-widget-wrap elementor-element-populated\">\n\t\t\t\t\t\t\t\t<div class=\"elementor-element elementor-element-7573994 elementor-widget elementor-widget-heading\" data-id=\"7573994\" data-element_type=\"widget\" data-widget_type=\"heading.default\">\n\t\t\t\t<div class=\"elementor-widget-container\">\n\t\t\t<h2 class=\"elementor-heading-title elementor-size-default\">Taip pat domint\u0173<\/h2>\t\t<\/div>\n\t\t\t\t<\/div>\n\t\t\t\t<div class=\"elementor-element elementor-element-648ff9a4 elementor-widget-divider--view-line elementor-widget elementor-widget-divider\" data-id=\"648ff9a4\" data-element_type=\"widget\" data-widget_type=\"divider.default\">\n\t\t\t\t<div class=\"elementor-widget-container\">\n\t\t\t\t\t<div class=\"elementor-divider\">\n\t\t\t<span class=\"elementor-divider-separator\">\n\t\t\t\t\t\t<\/span>\n\t\t<\/div>\n\t\t\t\t<\/div>\n\t\t\t\t<\/div>\n\t\t\t\t<div class=\"elementor-element elementor-element-d5157a0 elementor-widget elementor-widget-jet-portfolio\" data-id=\"d5157a0\" data-element_type=\"widget\" data-widget_type=\"jet-portfolio.default\">\n\t\t\t\t<div class=\"elementor-widget-container\">\n\t\t\t<div class=\"elementor-jet-portfolio jet-elements\">\n<div class=\"jet-portfolio layout-type-grid preset-type-4 layout-desktop-column-4 layout-tablet-column-2 layout-mobile-column-1\" data-settings=\"{&quot;layoutType&quot;:&quot;grid&quot;,&quot;columns&quot;:&quot;4&quot;,&quot;columnsTablet&quot;:&quot;2&quot;,&quot;columnsMobile&quot;:&quot;1&quot;,&quot;perPage&quot;:6}\"><div class=\"jet-portfolio__list\"><article class=\"jet-portfolio__item visible-status\" data-slug=\"{&quot;0&quot;:&quot;all&quot;}\">\n\t<div class=\"jet-portfolio__inner\">\n\t\t<a class=\"jet-portfolio__link\" href=\"http:\/\/iseitiestaskas.lt\/wp-content\/uploads\/2022\/08\/Low-Air_Vyrsmas_foto_Dainius-Putinas_1-min-768x513-1.jpg\" data-elementor-open-lightbox=\"yes\">\n\t\t\t<div class=\"jet-portfolio__image\">\n\t\t\t\t<img decoding=\"async\" class=\"jet-portfolio__image-instance\" src=\"https:\/\/iseitiestaskas.lt\/wp-content\/uploads\/2022\/08\/Low-Air_Vyrsmas_foto_Dainius-Putinas_1-min-768x513-1.jpg\" width=\"768\" height=\"513\"  alt=\"Low-Air_Vyrsmas_foto_Dainius-Putinas_1-min-768x513\" loading=\"lazy\">\t\t\t\t<div class=\"jet-portfolio__image-loader\"><span><\/span><\/div>\n\t\t\t<\/div>\n\t\t<\/a>\n\t\t<div class=\"jet-portfolio__content\">\n\t\t\t<div class=\"jet-portfolio__content-inner\"><span class=\"jet-portfolio__title\">VYRSMAS I LOW AIR<\/span><p class=\"jet-portfolio__desc\">Aut. Marius Eidrigevic\u030cius\n\n\u0160okio spektaklis<\/p><a class=\"elementor-button elementor-size-md jet-portfolio__button\" href=\"https:\/\/iseitiestaskas.lt\/en\/vyrsmas-low-air\/\"><span class=\"jet-portfolio__button-text\">+<\/span><\/a><\/div>\n\t\t<\/div>\n\t<\/div>\n<\/article><article class=\"jet-portfolio__item visible-status\" data-slug=\"{&quot;0&quot;:&quot;all&quot;}\">\n\t<div class=\"jet-portfolio__inner\">\n\t\t<a class=\"jet-portfolio__link\" href=\"http:\/\/iseitiestaskas.lt\/wp-content\/uploads\/2022\/08\/LMTA.Baseinas-be-vandens.jpg\" data-elementor-open-lightbox=\"yes\">\n\t\t\t<div class=\"jet-portfolio__image\">\n\t\t\t\t<img decoding=\"async\" class=\"jet-portfolio__image-instance\" src=\"https:\/\/iseitiestaskas.lt\/wp-content\/uploads\/2022\/08\/LMTA.Baseinas-be-vandens.jpg\" width=\"2048\" height=\"1365\"  alt=\"LMTA.Baseinas be vandens\" loading=\"lazy\">\t\t\t\t<div class=\"jet-portfolio__image-loader\"><span><\/span><\/div>\n\t\t\t<\/div>\n\t\t<\/a>\n\t\t<div class=\"jet-portfolio__content\">\n\t\t\t<div class=\"jet-portfolio__content-inner\"><span class=\"jet-portfolio__title\">BASEINAS. BE VANDENS | LMTA<\/span><p class=\"jet-portfolio__desc\">Aut. Mark Ravenhill | re\u017e. Jonas Kuprevi\u010dius\n<\/p><a class=\"elementor-button elementor-size-md jet-portfolio__button\" href=\"https:\/\/iseitiestaskas.lt\/en\/baseinas-be-vandens-lmta\/\"><span class=\"jet-portfolio__button-text\">+<\/span><\/a><\/div>\n\t\t<\/div>\n\t<\/div>\n<\/article><article class=\"jet-portfolio__item visible-status\" data-slug=\"{&quot;0&quot;:&quot;all&quot;}\">\n\t<div class=\"jet-portfolio__inner\">\n\t\t<a class=\"jet-portfolio__link\" href=\"http:\/\/iseitiestaskas.lt\/wp-content\/uploads\/2022\/08\/LMTA.nepalaidoti-mirusieji.jpg\" data-elementor-open-lightbox=\"yes\">\n\t\t\t<div class=\"jet-portfolio__image\">\n\t\t\t\t<img decoding=\"async\" class=\"jet-portfolio__image-instance\" src=\"https:\/\/iseitiestaskas.lt\/wp-content\/uploads\/2022\/08\/LMTA.nepalaidoti-mirusieji.jpg\" width=\"720\" height=\"1600\"  alt=\"LMTA.nepalaidoti mirusieji\" loading=\"lazy\">\t\t\t\t<div class=\"jet-portfolio__image-loader\"><span><\/span><\/div>\n\t\t\t<\/div>\n\t\t<\/a>\n\t\t<div class=\"jet-portfolio__content\">\n\t\t\t<div class=\"jet-portfolio__content-inner\"><span class=\"jet-portfolio__title\">NEPALAIDOTI MIRUSIEJI I LMTA<\/span><p class=\"jet-portfolio__desc\">Aut. Jean-Paul Sartre | re\u017e. Justinas Vinci\u016bnas<\/p><a class=\"elementor-button elementor-size-md jet-portfolio__button\" href=\"https:\/\/iseitiestaskas.lt\/en\/nepalaidoti-mirusieji\/\"><span class=\"jet-portfolio__button-text\">+<\/span><\/a><\/div>\n\t\t<\/div>\n\t<\/div>\n<\/article><article class=\"jet-portfolio__item visible-status\" data-slug=\"{&quot;0&quot;:&quot;all&quot;}\">\n\t<div class=\"jet-portfolio__inner\">\n\t\t<a class=\"jet-portfolio__link\" href=\"http:\/\/iseitiestaskas.lt\/wp-content\/uploads\/2022\/08\/IMG-2169.jpg\" data-elementor-open-lightbox=\"yes\">\n\t\t\t<div class=\"jet-portfolio__image\">\n\t\t\t\t<img decoding=\"async\" class=\"jet-portfolio__image-instance\" src=\"https:\/\/iseitiestaskas.lt\/wp-content\/uploads\/2022\/08\/IMG-2169.jpg\" width=\"2071\" height=\"1165\"  alt=\"IMG-2169\" loading=\"lazy\">\t\t\t\t<div class=\"jet-portfolio__image-loader\"><span><\/span><\/div>\n\t\t\t<\/div>\n\t\t<\/a>\n\t\t<div class=\"jet-portfolio__content\">\n\t\t\t<div class=\"jet-portfolio__content-inner\"><span class=\"jet-portfolio__title\">JAUSM\u0172 SONIFIKACIJA<\/span><p class=\"jet-portfolio__desc\">Aut. Justina Kecori\u016bt\u0117 ir Calum Vaughan\n<\/p><a class=\"elementor-button elementor-size-md jet-portfolio__button\" href=\"https:\/\/iseitiestaskas.lt\/en\/jausmu-sonifikacija\/\"><span class=\"jet-portfolio__button-text\">+<\/span><\/a><\/div>\n\t\t<\/div>\n\t<\/div>\n<\/article><\/div><\/div>\n<\/div>\t\t<\/div>\n\t\t\t\t<\/div>\n\t\t\t\t\t<\/div>\n\t\t<\/div>\n\t\t\t\t\t\t\t<\/div>\n\t\t<\/section>\n\t\t\t\t\t\t<\/div>\n\t\t\t\t\t<\/div>","protected":false},"excerpt":{"rendered":"<p>\u017dMOGUS I\u0160 \u017dUVIES | Valstybinis jaunimo teatras Aut. Asia Volo\u0161ina | re\u017e. Egl\u0117 \u0160vedkauskait\u0117 18:00 | Rugs\u0117jo 21 d. KMKT did\u017eioji sal\u0117 Spektaklio re\u017eisier\u0117 Egl\u0117 \u0160vedkauskait\u0117: \u201e\u017dmogus i\u0161 \u017euvies\u201c \u2013 lingvistinis labirintas, nakt\u012f i\u0161siver\u017eian\u010di\u0173 i\u0161pa\u017ein\u010di\u0173 tinklas, i\u0161kalbamas moter\u0173 l\u016bpomis ir i\u0161girstamas vyr\u0173 ausimis. Tai gan retas atvejis dramaturgijoje. Pristatyti Asios Volo\u0161inos pjes\u0119 man rei\u0161kia pakviesti [&hellip;]<\/p>","protected":false},"author":1,"featured_media":0,"parent":0,"menu_order":0,"comment_status":"closed","ping_status":"closed","template":"","meta":{"om_disable_all_campaigns":false,"_monsterinsights_skip_tracking":false,"_monsterinsights_sitenote_active":false,"_monsterinsights_sitenote_note":"","_monsterinsights_sitenote_category":0,"footnotes":""},"aioseo_notices":[],"_links":{"self":[{"href":"https:\/\/iseitiestaskas.lt\/en\/wp-json\/wp\/v2\/pages\/1611"}],"collection":[{"href":"https:\/\/iseitiestaskas.lt\/en\/wp-json\/wp\/v2\/pages"}],"about":[{"href":"https:\/\/iseitiestaskas.lt\/en\/wp-json\/wp\/v2\/types\/page"}],"author":[{"embeddable":true,"href":"https:\/\/iseitiestaskas.lt\/en\/wp-json\/wp\/v2\/users\/1"}],"replies":[{"embeddable":true,"href":"https:\/\/iseitiestaskas.lt\/en\/wp-json\/wp\/v2\/comments?post=1611"}],"version-history":[{"count":25,"href":"https:\/\/iseitiestaskas.lt\/en\/wp-json\/wp\/v2\/pages\/1611\/revisions"}],"predecessor-version":[{"id":2806,"href":"https:\/\/iseitiestaskas.lt\/en\/wp-json\/wp\/v2\/pages\/1611\/revisions\/2806"}],"wp:attachment":[{"href":"https:\/\/iseitiestaskas.lt\/en\/wp-json\/wp\/v2\/media?parent=1611"}],"curies":[{"name":"wp","href":"https:\/\/api.w.org\/{rel}","templated":true}]}}