{"id":3247,"date":"2023-08-16T18:03:59","date_gmt":"2023-08-16T18:03:59","guid":{"rendered":"http:\/\/iseitiestaskas.lt\/?page_id=3247"},"modified":"2023-08-18T12:32:27","modified_gmt":"2023-08-18T12:32:27","slug":"jautra","status":"publish","type":"page","link":"https:\/\/iseitiestaskas.lt\/en\/jautra\/","title":{"rendered":"SENSITIVENESS\u00a0"},"content":{"rendered":"<div data-elementor-type=\"wp-page\" data-elementor-id=\"3247\" class=\"elementor elementor-3247\" data-elementor-settings=\"[]\">\n\t\t\t\t\t\t\t<div class=\"elementor-section-wrap\">\n\t\t\t\t\t\t\t<section class=\"elementor-section elementor-top-section elementor-element elementor-element-6a3d9042 elementor-section-boxed elementor-section-height-default elementor-section-height-default\" data-id=\"6a3d9042\" data-element_type=\"section\">\n\t\t\t\t\t\t<div class=\"elementor-container elementor-column-gap-default\">\n\t\t\t\t\t<div class=\"elementor-column elementor-col-100 elementor-top-column elementor-element elementor-element-5d19fe09\" data-id=\"5d19fe09\" data-element_type=\"column\">\n\t\t\t<div class=\"elementor-widget-wrap elementor-element-populated\">\n\t\t\t\t\t\t\t\t<div class=\"elementor-element elementor-element-1e6a33f7 elementor-widget elementor-widget-heading\" data-id=\"1e6a33f7\" data-element_type=\"widget\" data-widget_type=\"heading.default\">\n\t\t\t\t<div class=\"elementor-widget-container\">\n\t\t\t<h2 class=\"elementor-heading-title elementor-size-default\">JAUTRA I VDU teatras &nbsp;\n<\/h2>\t\t<\/div>\n\t\t\t\t<\/div>\n\t\t\t\t<div class=\"elementor-element elementor-element-79317515 elementor-widget-divider--view-line elementor-widget elementor-widget-divider\" data-id=\"79317515\" data-element_type=\"widget\" data-widget_type=\"divider.default\">\n\t\t\t\t<div class=\"elementor-widget-container\">\n\t\t\t\t\t<div class=\"elementor-divider\">\n\t\t\t<span class=\"elementor-divider-separator\">\n\t\t\t\t\t\t<\/span>\n\t\t<\/div>\n\t\t\t\t<\/div>\n\t\t\t\t<\/div>\n\t\t\t\t<div class=\"elementor-element elementor-element-54e8fc03 elementor-widget elementor-widget-text-editor\" data-id=\"54e8fc03\" data-element_type=\"widget\" data-widget_type=\"text-editor.default\">\n\t\t\t\t<div class=\"elementor-widget-container\">\n\t\t\t\t\t\t\t\t<p>Re\u017e. <span style=\"font-weight: 400;\">Arnis Aleinikovas<\/span><\/p>\t\t\t\t\t\t<\/div>\n\t\t\t\t<\/div>\n\t\t\t\t\t<\/div>\n\t\t<\/div>\n\t\t\t\t\t\t\t<\/div>\n\t\t<\/section>\n\t\t\t\t<section class=\"elementor-section elementor-top-section elementor-element elementor-element-5e4e7bde elementor-section-boxed elementor-section-height-default elementor-section-height-default\" data-id=\"5e4e7bde\" data-element_type=\"section\">\n\t\t\t\t\t\t<div class=\"elementor-container elementor-column-gap-default\">\n\t\t\t\t\t<div class=\"elementor-column elementor-col-50 elementor-top-column elementor-element elementor-element-43bbe256\" data-id=\"43bbe256\" data-element_type=\"column\">\n\t\t\t<div class=\"elementor-widget-wrap elementor-element-populated\">\n\t\t\t\t\t\t\t\t<div class=\"elementor-element elementor-element-684c4bd1 elementor-widget elementor-widget-image\" data-id=\"684c4bd1\" data-element_type=\"widget\" data-widget_type=\"image.default\">\n\t\t\t\t<div class=\"elementor-widget-container\">\n\t\t\t\t\t\t\t\t\t\t\t\t\t\t\t<img loading=\"lazy\" decoding=\"async\" width=\"1024\" height=\"576\" src=\"https:\/\/iseitiestaskas.lt\/wp-content\/uploads\/2023\/08\/Gabrielius-LAURINAITIS.-1-1024x576.jpg\" class=\"attachment-large size-large\" alt=\"\" srcset=\"https:\/\/iseitiestaskas.lt\/wp-content\/uploads\/2023\/08\/Gabrielius-LAURINAITIS.-1-1024x576.jpg 1024w, https:\/\/iseitiestaskas.lt\/wp-content\/uploads\/2023\/08\/Gabrielius-LAURINAITIS.-1-300x169.jpg 300w, https:\/\/iseitiestaskas.lt\/wp-content\/uploads\/2023\/08\/Gabrielius-LAURINAITIS.-1-768x432.jpg 768w, https:\/\/iseitiestaskas.lt\/wp-content\/uploads\/2023\/08\/Gabrielius-LAURINAITIS.-1-1536x864.jpg 1536w, https:\/\/iseitiestaskas.lt\/wp-content\/uploads\/2023\/08\/Gabrielius-LAURINAITIS.-1-150x85.jpg 150w, https:\/\/iseitiestaskas.lt\/wp-content\/uploads\/2023\/08\/Gabrielius-LAURINAITIS.-1-1920x1080.jpg 1920w, https:\/\/iseitiestaskas.lt\/wp-content\/uploads\/2023\/08\/Gabrielius-LAURINAITIS.-1-600x338.jpg 600w, https:\/\/iseitiestaskas.lt\/wp-content\/uploads\/2023\/08\/Gabrielius-LAURINAITIS.-1.jpg 2048w\" sizes=\"(max-width: 1024px) 100vw, 1024px\" \/>\t\t\t\t\t\t\t\t\t\t\t\t\t\t\t<\/div>\n\t\t\t\t<\/div>\n\t\t\t\t<div class=\"elementor-element elementor-element-7f0fac7 elementor-widget elementor-widget-image\" data-id=\"7f0fac7\" data-element_type=\"widget\" data-widget_type=\"image.default\">\n\t\t\t\t<div class=\"elementor-widget-container\">\n\t\t\t\t\t\t\t\t\t\t\t\t\t\t\t<img loading=\"lazy\" decoding=\"async\" width=\"1024\" height=\"819\" src=\"https:\/\/iseitiestaskas.lt\/wp-content\/uploads\/2023\/08\/JAUTRA-1-1024x819.jpg\" class=\"attachment-large size-large\" alt=\"\" srcset=\"https:\/\/iseitiestaskas.lt\/wp-content\/uploads\/2023\/08\/JAUTRA-1-1024x819.jpg 1024w, https:\/\/iseitiestaskas.lt\/wp-content\/uploads\/2023\/08\/JAUTRA-1-300x240.jpg 300w, https:\/\/iseitiestaskas.lt\/wp-content\/uploads\/2023\/08\/JAUTRA-1-768x614.jpg 768w, https:\/\/iseitiestaskas.lt\/wp-content\/uploads\/2023\/08\/JAUTRA-1-1536x1229.jpg 1536w, https:\/\/iseitiestaskas.lt\/wp-content\/uploads\/2023\/08\/JAUTRA-1-2048x1638.jpg 2048w, https:\/\/iseitiestaskas.lt\/wp-content\/uploads\/2023\/08\/JAUTRA-1-600x480.jpg 600w\" sizes=\"(max-width: 1024px) 100vw, 1024px\" \/>\t\t\t\t\t\t\t\t\t\t\t\t\t\t\t<\/div>\n\t\t\t\t<\/div>\n\t\t\t\t\t<\/div>\n\t\t<\/div>\n\t\t\t\t<div class=\"elementor-column elementor-col-50 elementor-top-column elementor-element elementor-element-2adc68f9\" data-id=\"2adc68f9\" data-element_type=\"column\">\n\t\t\t<div class=\"elementor-widget-wrap elementor-element-populated\">\n\t\t\t\t\t\t\t\t<div class=\"elementor-element elementor-element-3cfda4a3 elementor-widget elementor-widget-heading\" data-id=\"3cfda4a3\" data-element_type=\"widget\" data-widget_type=\"heading.default\">\n\t\t\t\t<div class=\"elementor-widget-container\">\n\t\t\t<h5 class=\"elementor-heading-title elementor-size-default\"><span dir=\"auto\">18:00 | Rugs\u0117jo 14 d. <\/span>VDU teatras (S. Daukanto g. 27, Kaunas)<\/h5>\t\t<\/div>\n\t\t\t\t<\/div>\n\t\t\t\t<div class=\"elementor-element elementor-element-57547045 elementor-widget elementor-widget-text-editor\" data-id=\"57547045\" data-element_type=\"widget\" data-widget_type=\"text-editor.default\">\n\t\t\t\t<div class=\"elementor-widget-container\">\n\t\t\t\t\t\t\t\t<p><b>Performatyvus spektaklis JAUTRA<\/b><\/p><p><span style=\"font-weight: 400;\">\u017dodis \u201ejautra&#8221; atkeliauja i\u0161 Kupi\u0161kio kra\u0161to, kuris dabartin\u0117je lietuvi\u0173 kalboje n\u0117ra da\u017enai sutinkamas. Vietoj jo da\u017eniau vartojamas \u017eodis \u201ejautrumas&#8221;.<\/span><span style=\"font-weight: 400;\"><br \/><\/span><span style=\"font-weight: 400;\"><br \/><\/span><b>SENSITIVENESS<\/b><span style=\"font-weight: 400;\"> \u2013 individualiais jaun\u0173 \u017emoni\u0173 menininiais tyrimais, A. Aleinikovo pjes\u0117s \u201eTr\u016bkumas&#8221; bei A. Baricco romano \u201eTriskart au\u0161roje&#8221; tekst\u0173 motyvais gr\u012fstas performatyvus spektaklis. Tai jaun\u0173 k\u016br\u0117j\u0173 refleksija \u012f juos supant\u012f pasaul\u012f ir save, perpinant perdegimo, \u012fvaizd\u017eio, baim\u0117s, egzistencijos, nepasitik\u0117jimo, skausmo ir ry\u0161io su kitu, temas. Tai tarsi lai\u0161kas sau, kuris steb\u0117tojo akyse virsta impulsu dialogui, \u0161iuolaikiniam, jaunam \u017emogui aktualiomis temomis.<\/span><\/p><p><strong>EN<\/strong><\/p><div class=\"l7ghb35v kjdc1dyq kmwttqpk gh25dzvf jikcssrz\"><p><strong>SENSITIVENESS<\/strong> is a performative performance based on the individual artistic research of young people, the texts of A. Aleinikov&#8217;s play &#8222;Lack&#8221; and A. Baricco&#8217;s novel &#8222;Three Dawns&#8221;. It is a reflection of young creators on the world around them and themselves, interweaving the themes of burnout, image, fear, existence, mistrust, pain and connection with others. It is like a letter to oneself, which in the eyes of the observer turns into an impulse for dialogue, on topics relevant to a modern, young person.<\/p><\/div>\t\t\t\t\t\t<\/div>\n\t\t\t\t<\/div>\n\t\t\t\t<div class=\"elementor-element elementor-element-b072760 elementor-widget elementor-widget-spacer\" data-id=\"b072760\" data-element_type=\"widget\" data-widget_type=\"spacer.default\">\n\t\t\t\t<div class=\"elementor-widget-container\">\n\t\t\t\t\t<div class=\"elementor-spacer\">\n\t\t\t<div class=\"elementor-spacer-inner\"><\/div>\n\t\t<\/div>\n\t\t\t\t<\/div>\n\t\t\t\t<\/div>\n\t\t\t\t<div class=\"elementor-element elementor-element-871cf1e elementor-widget elementor-widget-heading\" data-id=\"871cf1e\" data-element_type=\"widget\" data-widget_type=\"heading.default\">\n\t\t\t\t<div class=\"elementor-widget-container\">\n\t\t\t<h5 class=\"elementor-heading-title elementor-size-default\">K\u016aRYBIN\u0116 KOMANDA<\/h5>\t\t<\/div>\n\t\t\t\t<\/div>\n\t\t\t\t<div class=\"elementor-element elementor-element-7b8b4c06 elementor-widget elementor-widget-spacer\" data-id=\"7b8b4c06\" data-element_type=\"widget\" data-widget_type=\"spacer.default\">\n\t\t\t\t<div class=\"elementor-widget-container\">\n\t\t\t\t\t<div class=\"elementor-spacer\">\n\t\t\t<div class=\"elementor-spacer-inner\"><\/div>\n\t\t<\/div>\n\t\t\t\t<\/div>\n\t\t\t\t<\/div>\n\t\t\t\t<div class=\"elementor-element elementor-element-142261ed elementor-widget elementor-widget-text-editor\" data-id=\"142261ed\" data-element_type=\"widget\" data-widget_type=\"text-editor.default\">\n\t\t\t\t<div class=\"elementor-widget-container\">\n\t\t\t\t\t\t\t\t<p><strong>Re\u017eisierius\/Director<\/strong> \u2013 <span style=\"font-weight: 400;\">Arnis Aleinikovas<\/span><br \/><strong>Vaidina\/Performers: <\/strong><span style=\"font-weight: 400;\">Saul\u0117 Zokaityt\u0117, Greta Bal\u010di\u016bnait\u0117, Livija Andru\u0161kevi\u010di\u016bt\u0117, Ign\u0117 Bir\u0161kut\u0117, Gabriel\u0117 Bartkut\u0117, Lukas Gineika, Matas Bugorevi\u010dius, Eva Kisieli\u016bt\u0117, Karolina Jablonskyt\u0117.<\/span><\/p><p><span style=\"font-weight: 400;\">Prodiuseris\/Producer \u2013 VDU teatras<\/span><span style=\"font-weight: 400;\"><br \/><\/span><span style=\"font-weight: 400;\">Ko-prodiuseris\/Co-producer \u2013 V\u0161\u012e \u201eTeatras Mens Publica\u201c<\/span><span style=\"font-weight: 400;\"><br \/><\/span><span style=\"font-weight: 400;\">Id\u0117j\u0105 palaiko\/supported by \u2013 VDU \u0160vietimo Akademija<\/span><\/p><p><strong>Trukm\u0117\/Duration:<\/strong> 1 val. 30 min.<\/p>\t\t\t\t\t\t<\/div>\n\t\t\t\t<\/div>\n\t\t\t\t<div class=\"elementor-element elementor-element-3fe4c22 elementor-align-left elementor-widget elementor-widget-button\" data-id=\"3fe4c22\" data-element_type=\"widget\" data-widget_type=\"button.default\">\n\t\t\t\t<div class=\"elementor-widget-container\">\n\t\t\t\t\t<div class=\"elementor-button-wrapper\">\n\t\t\t<a href=\"https:\/\/www.bilietai.lt\/lit\/renginiai\/teatras\/performatyvus-spektaklis-jautra-399733\/\" class=\"elementor-button-link elementor-button elementor-size-md\" role=\"button\">\n\t\t\t\t\t\t<span class=\"elementor-button-content-wrapper\">\n\t\t\t\t\t\t<span class=\"elementor-button-text\">Bilietai\/Tickets<\/span>\n\t\t<\/span>\n\t\t\t\t\t<\/a>\n\t\t<\/div>\n\t\t\t\t<\/div>\n\t\t\t\t<\/div>\n\t\t\t\t\t<\/div>\n\t\t<\/div>\n\t\t\t\t\t\t\t<\/div>\n\t\t<\/section>\n\t\t\t\t<section class=\"elementor-section elementor-top-section elementor-element elementor-element-320b74ea elementor-section-full_width elementor-section-height-default elementor-section-height-default\" data-id=\"320b74ea\" data-element_type=\"section\" data-settings=\"{&quot;background_background&quot;:&quot;classic&quot;}\">\n\t\t\t\t\t\t<div class=\"elementor-container elementor-column-gap-default\">\n\t\t\t\t\t<div class=\"elementor-column elementor-col-100 elementor-top-column elementor-element elementor-element-635bed63\" data-id=\"635bed63\" data-element_type=\"column\">\n\t\t\t<div class=\"elementor-widget-wrap elementor-element-populated\">\n\t\t\t\t\t\t\t\t<div class=\"elementor-element elementor-element-7573994 elementor-widget elementor-widget-heading\" data-id=\"7573994\" data-element_type=\"widget\" data-widget_type=\"heading.default\">\n\t\t\t\t<div class=\"elementor-widget-container\">\n\t\t\t<h2 class=\"elementor-heading-title elementor-size-default\">Taip pat domint\u0173<\/h2>\t\t<\/div>\n\t\t\t\t<\/div>\n\t\t\t\t<div class=\"elementor-element elementor-element-648ff9a4 elementor-widget-divider--view-line elementor-widget elementor-widget-divider\" data-id=\"648ff9a4\" data-element_type=\"widget\" data-widget_type=\"divider.default\">\n\t\t\t\t<div class=\"elementor-widget-container\">\n\t\t\t\t\t<div class=\"elementor-divider\">\n\t\t\t<span class=\"elementor-divider-separator\">\n\t\t\t\t\t\t<\/span>\n\t\t<\/div>\n\t\t\t\t<\/div>\n\t\t\t\t<\/div>\n\t\t\t\t\t<\/div>\n\t\t<\/div>\n\t\t\t\t\t\t\t<\/div>\n\t\t<\/section>\n\t\t\t\t<section class=\"elementor-section elementor-top-section elementor-element elementor-element-8d8a0e0 elementor-section-boxed elementor-section-height-default elementor-section-height-default\" data-id=\"8d8a0e0\" data-element_type=\"section\">\n\t\t\t\t\t\t<div class=\"elementor-container elementor-column-gap-default\">\n\t\t\t\t\t<div class=\"elementor-column elementor-col-100 elementor-top-column elementor-element elementor-element-7c33180\" data-id=\"7c33180\" data-element_type=\"column\">\n\t\t\t<div class=\"elementor-widget-wrap elementor-element-populated\">\n\t\t\t\t\t\t\t\t<div class=\"elementor-element elementor-element-92f6e8c elementor-widget elementor-widget-jet-portfolio\" data-id=\"92f6e8c\" data-element_type=\"widget\" data-widget_type=\"jet-portfolio.default\">\n\t\t\t\t<div class=\"elementor-widget-container\">\n\t\t\t<div class=\"elementor-jet-portfolio jet-elements\">\n<div class=\"jet-portfolio layout-type-grid preset-type-4 layout-desktop-column-4 layout-tablet-column-2 layout-mobile-column-1\" data-settings=\"{&quot;layoutType&quot;:&quot;grid&quot;,&quot;columns&quot;:&quot;4&quot;,&quot;columnsTablet&quot;:&quot;2&quot;,&quot;columnsMobile&quot;:&quot;1&quot;,&quot;perPage&quot;:6}\"><div class=\"jet-portfolio__list\"><article class=\"jet-portfolio__item visible-status\" data-slug=\"{&quot;0&quot;:&quot;all&quot;}\">\n\t<div class=\"jet-portfolio__inner\">\n\t\t<a class=\"jet-portfolio__link\" href=\"http:\/\/iseitiestaskas.lt\/wp-content\/uploads\/2023\/08\/Dulkes.jpg\" data-elementor-open-lightbox=\"yes\">\n\t\t\t<div class=\"jet-portfolio__image\">\n\t\t\t\t<img decoding=\"async\" class=\"jet-portfolio__image-instance\" src=\"https:\/\/iseitiestaskas.lt\/wp-content\/uploads\/2023\/08\/Dulkes.jpg\" width=\"2048\" height=\"1367\"  alt=\"Dulk\u0117s\" loading=\"lazy\">\t\t\t\t<div class=\"jet-portfolio__image-loader\"><span><\/span><\/div>\n\t\t\t<\/div>\n\t\t<\/a>\n\t\t<div class=\"jet-portfolio__content\">\n\t\t\t<div class=\"jet-portfolio__content-inner\"><span class=\"jet-portfolio__title\">DUST<\/span><p class=\"jet-portfolio__desc\">dir. Justinas Vinci\u016bnas<\/p><a class=\"elementor-button elementor-size-md jet-portfolio__button\" href=\"https:\/\/iseitiestaskas.lt\/en\/dulkes\/\"><span class=\"jet-portfolio__button-text\">+<\/span><\/a><\/div>\n\t\t<\/div>\n\t<\/div>\n<\/article><article class=\"jet-portfolio__item visible-status\" data-slug=\"{&quot;0&quot;:&quot;all&quot;}\">\n\t<div class=\"jet-portfolio__inner\">\n\t\t<a class=\"jet-portfolio__link\" href=\"http:\/\/iseitiestaskas.lt\/wp-content\/uploads\/2023\/08\/Vegetacine-bukle-scaled.jpeg\" data-elementor-open-lightbox=\"yes\">\n\t\t\t<div class=\"jet-portfolio__image\">\n\t\t\t\t<img decoding=\"async\" class=\"jet-portfolio__image-instance\" src=\"https:\/\/iseitiestaskas.lt\/wp-content\/uploads\/2023\/08\/Vegetacine-bukle-scaled.jpeg\" width=\"2560\" height=\"1707\"  alt=\"Vegetacin\u0117 b\u016bkl\u0117\" loading=\"lazy\">\t\t\t\t<div class=\"jet-portfolio__image-loader\"><span><\/span><\/div>\n\t\t\t<\/div>\n\t\t<\/a>\n\t\t<div class=\"jet-portfolio__content\">\n\t\t\t<div class=\"jet-portfolio__content-inner\"><span class=\"jet-portfolio__title\">VEGETATION STATE<\/span><p class=\"jet-portfolio__desc\">dir.  Naubertas Jasinskas<\/p><a class=\"elementor-button elementor-size-md jet-portfolio__button\" href=\"https:\/\/iseitiestaskas.lt\/en\/vegetacine-bukle\/\"><span class=\"jet-portfolio__button-text\">+<\/span><\/a><\/div>\n\t\t<\/div>\n\t<\/div>\n<\/article><article class=\"jet-portfolio__item visible-status\" data-slug=\"{&quot;0&quot;:&quot;all&quot;}\">\n\t<div class=\"jet-portfolio__inner\">\n\t\t<a class=\"jet-portfolio__link\" href=\"http:\/\/iseitiestaskas.lt\/wp-content\/uploads\/2023\/08\/PIRK-DRAMBLI.jpeg\" data-elementor-open-lightbox=\"yes\">\n\t\t\t<div class=\"jet-portfolio__image\">\n\t\t\t\t<img decoding=\"async\" class=\"jet-portfolio__image-instance\" src=\"https:\/\/iseitiestaskas.lt\/wp-content\/uploads\/2023\/08\/PIRK-DRAMBLI.jpeg\" width=\"960\" height=\"960\"  alt=\"PIRK DRAMBLI\" loading=\"lazy\">\t\t\t\t<div class=\"jet-portfolio__image-loader\"><span><\/span><\/div>\n\t\t\t<\/div>\n\t\t<\/a>\n\t\t<div class=\"jet-portfolio__content\">\n\t\t\t<div class=\"jet-portfolio__content-inner\"><span class=\"jet-portfolio__title\">BUY AN ELEPHANT <\/span><p class=\"jet-portfolio__desc\">dir. Egl\u0117 Ki\u017eait\u0117 <\/p><a class=\"elementor-button elementor-size-md jet-portfolio__button\" href=\"https:\/\/iseitiestaskas.lt\/en\/pirk-drambli\/\"><span class=\"jet-portfolio__button-text\">+<\/span><\/a><\/div>\n\t\t<\/div>\n\t<\/div>\n<\/article><article class=\"jet-portfolio__item visible-status\" data-slug=\"{&quot;0&quot;:&quot;all&quot;}\">\n\t<div class=\"jet-portfolio__inner\">\n\t\t<a class=\"jet-portfolio__link\" href=\"http:\/\/iseitiestaskas.lt\/wp-content\/uploads\/2023\/08\/AND-WHO-WILL-REMEMBER-ME-AFTER-ALL_-.jpeg\" data-elementor-open-lightbox=\"yes\">\n\t\t\t<div class=\"jet-portfolio__image\">\n\t\t\t\t<img decoding=\"async\" class=\"jet-portfolio__image-instance\" src=\"https:\/\/iseitiestaskas.lt\/wp-content\/uploads\/2023\/08\/AND-WHO-WILL-REMEMBER-ME-AFTER-ALL_-.jpeg\" width=\"430\" height=\"280\"  alt=\"AND WHO WILL REMEMBER ME AFTER ALL_\" loading=\"lazy\">\t\t\t\t<div class=\"jet-portfolio__image-loader\"><span><\/span><\/div>\n\t\t\t<\/div>\n\t\t<\/a>\n\t\t<div class=\"jet-portfolio__content\">\n\t\t\t<div class=\"jet-portfolio__content-inner\"><span class=\"jet-portfolio__title\">SO WHO WILL REMEMBER ME IN THE END?<\/span><p class=\"jet-portfolio__desc\">dir. Barbara Lehtna<\/p><a class=\"elementor-button elementor-size-md jet-portfolio__button\" href=\"https:\/\/iseitiestaskas.lt\/en\/so-who-will-remember-me-in-the-end\/\"><span class=\"jet-portfolio__button-text\">+<\/span><\/a><\/div>\n\t\t<\/div>\n\t<\/div>\n<\/article><\/div><\/div>\n<\/div>\t\t<\/div>\n\t\t\t\t<\/div>\n\t\t\t\t\t<\/div>\n\t\t<\/div>\n\t\t\t\t\t\t\t<\/div>\n\t\t<\/section>\n\t\t\t\t\t\t<\/div>\n\t\t\t\t\t<\/div>","protected":false},"excerpt":{"rendered":"<p>JAUTRA I VDU teatras &nbsp; Re\u017e. Arnis Aleinikovas 18:00 | Rugs\u0117jo 14 d. VDU teatras (S. Daukanto g. 27, Kaunas) Performatyvus spektaklis JAUTRA \u017dodis \u201ejautra&#8221; atkeliauja i\u0161 Kupi\u0161kio kra\u0161to, kuris dabartin\u0117je lietuvi\u0173 kalboje n\u0117ra da\u017enai sutinkamas. Vietoj jo da\u017eniau vartojamas \u017eodis \u201ejautrumas&#8221;. JAUTRA \u2013 individualiais jaun\u0173 \u017emoni\u0173 menininiais tyrimais, A. Aleinikovo pjes\u0117s \u201eTr\u016bkumas&#8221; bei A. [&hellip;]<\/p>","protected":false},"author":1,"featured_media":0,"parent":0,"menu_order":0,"comment_status":"closed","ping_status":"closed","template":"","meta":{"om_disable_all_campaigns":false,"_monsterinsights_skip_tracking":false,"_monsterinsights_sitenote_active":false,"_monsterinsights_sitenote_note":"","_monsterinsights_sitenote_category":0,"footnotes":""},"aioseo_notices":[],"_links":{"self":[{"href":"https:\/\/iseitiestaskas.lt\/en\/wp-json\/wp\/v2\/pages\/3247"}],"collection":[{"href":"https:\/\/iseitiestaskas.lt\/en\/wp-json\/wp\/v2\/pages"}],"about":[{"href":"https:\/\/iseitiestaskas.lt\/en\/wp-json\/wp\/v2\/types\/page"}],"author":[{"embeddable":true,"href":"https:\/\/iseitiestaskas.lt\/en\/wp-json\/wp\/v2\/users\/1"}],"replies":[{"embeddable":true,"href":"https:\/\/iseitiestaskas.lt\/en\/wp-json\/wp\/v2\/comments?post=3247"}],"version-history":[{"count":19,"href":"https:\/\/iseitiestaskas.lt\/en\/wp-json\/wp\/v2\/pages\/3247\/revisions"}],"predecessor-version":[{"id":3524,"href":"https:\/\/iseitiestaskas.lt\/en\/wp-json\/wp\/v2\/pages\/3247\/revisions\/3524"}],"wp:attachment":[{"href":"https:\/\/iseitiestaskas.lt\/en\/wp-json\/wp\/v2\/media?parent=3247"}],"curies":[{"name":"wp","href":"https:\/\/api.w.org\/{rel}","templated":true}]}}