{"id":3394,"date":"2023-08-18T09:48:00","date_gmt":"2023-08-18T09:48:00","guid":{"rendered":"http:\/\/iseitiestaskas.lt\/?page_id=3394"},"modified":"2023-08-18T12:39:48","modified_gmt":"2023-08-18T12:39:48","slug":"koncertas-ir-instaliacija-fortepijonui-ir-baldui","status":"publish","type":"page","link":"https:\/\/iseitiestaskas.lt\/en\/koncertas-ir-instaliacija-fortepijonui-ir-baldui\/","title":{"rendered":"KONCERTAS IR INSTALIACIJA FORTEPIJONUI IR BALDUI"},"content":{"rendered":"<div data-elementor-type=\"wp-page\" data-elementor-id=\"3394\" class=\"elementor elementor-3394\" data-elementor-settings=\"[]\">\n\t\t\t\t\t\t\t<div class=\"elementor-section-wrap\">\n\t\t\t\t\t\t\t<section class=\"elementor-section elementor-top-section elementor-element elementor-element-6a3d9042 elementor-section-boxed elementor-section-height-default elementor-section-height-default\" data-id=\"6a3d9042\" data-element_type=\"section\">\n\t\t\t\t\t\t<div class=\"elementor-container elementor-column-gap-default\">\n\t\t\t\t\t<div class=\"elementor-column elementor-col-100 elementor-top-column elementor-element elementor-element-5d19fe09\" data-id=\"5d19fe09\" data-element_type=\"column\">\n\t\t\t<div class=\"elementor-widget-wrap elementor-element-populated\">\n\t\t\t\t\t\t\t\t<div class=\"elementor-element elementor-element-1e6a33f7 elementor-widget elementor-widget-heading\" data-id=\"1e6a33f7\" data-element_type=\"widget\" data-widget_type=\"heading.default\">\n\t\t\t\t<div class=\"elementor-widget-container\">\n\t\t\t<h2 class=\"elementor-heading-title elementor-size-default\">KONCERTAS IR INSTALIACIJA FORTEPIJONUI IR BALDUI &nbsp;I Kosmos Theatre\n<\/h2>\t\t<\/div>\n\t\t\t\t<\/div>\n\t\t\t\t<div class=\"elementor-element elementor-element-79317515 elementor-widget-divider--view-line elementor-widget elementor-widget-divider\" data-id=\"79317515\" data-element_type=\"widget\" data-widget_type=\"divider.default\">\n\t\t\t\t<div class=\"elementor-widget-container\">\n\t\t\t\t\t<div class=\"elementor-divider\">\n\t\t\t<span class=\"elementor-divider-separator\">\n\t\t\t\t\t\t<\/span>\n\t\t<\/div>\n\t\t\t\t<\/div>\n\t\t\t\t<\/div>\n\t\t\t\t\t<\/div>\n\t\t<\/div>\n\t\t\t\t\t\t\t<\/div>\n\t\t<\/section>\n\t\t\t\t<section class=\"elementor-section elementor-top-section elementor-element elementor-element-5e4e7bde elementor-section-boxed elementor-section-height-default elementor-section-height-default\" data-id=\"5e4e7bde\" data-element_type=\"section\">\n\t\t\t\t\t\t<div class=\"elementor-container elementor-column-gap-default\">\n\t\t\t\t\t<div class=\"elementor-column elementor-col-50 elementor-top-column elementor-element elementor-element-43bbe256\" data-id=\"43bbe256\" data-element_type=\"column\">\n\t\t\t<div class=\"elementor-widget-wrap elementor-element-populated\">\n\t\t\t\t\t\t\t\t<div class=\"elementor-element elementor-element-684c4bd1 elementor-widget elementor-widget-image\" data-id=\"684c4bd1\" data-element_type=\"widget\" data-widget_type=\"image.default\">\n\t\t\t\t<div class=\"elementor-widget-container\">\n\t\t\t\t\t\t\t\t\t\t\t\t\t\t\t<img loading=\"lazy\" decoding=\"async\" width=\"1024\" height=\"683\" src=\"https:\/\/iseitiestaskas.lt\/wp-content\/uploads\/2023\/08\/KONCERTAS-IR-INSTALIACIJA-FORTEPIJONUI-IR-BALDUI-1024x683.jpg\" class=\"attachment-large size-large\" alt=\"\" srcset=\"https:\/\/iseitiestaskas.lt\/wp-content\/uploads\/2023\/08\/KONCERTAS-IR-INSTALIACIJA-FORTEPIJONUI-IR-BALDUI-1024x683.jpg 1024w, https:\/\/iseitiestaskas.lt\/wp-content\/uploads\/2023\/08\/KONCERTAS-IR-INSTALIACIJA-FORTEPIJONUI-IR-BALDUI-300x200.jpg 300w, https:\/\/iseitiestaskas.lt\/wp-content\/uploads\/2023\/08\/KONCERTAS-IR-INSTALIACIJA-FORTEPIJONUI-IR-BALDUI-768x512.jpg 768w, https:\/\/iseitiestaskas.lt\/wp-content\/uploads\/2023\/08\/KONCERTAS-IR-INSTALIACIJA-FORTEPIJONUI-IR-BALDUI-391x260.jpg 391w, https:\/\/iseitiestaskas.lt\/wp-content\/uploads\/2023\/08\/KONCERTAS-IR-INSTALIACIJA-FORTEPIJONUI-IR-BALDUI-1536x1024.jpg 1536w, https:\/\/iseitiestaskas.lt\/wp-content\/uploads\/2023\/08\/KONCERTAS-IR-INSTALIACIJA-FORTEPIJONUI-IR-BALDUI-600x400.jpg 600w, https:\/\/iseitiestaskas.lt\/wp-content\/uploads\/2023\/08\/KONCERTAS-IR-INSTALIACIJA-FORTEPIJONUI-IR-BALDUI.jpg 2048w\" sizes=\"(max-width: 1024px) 100vw, 1024px\" \/>\t\t\t\t\t\t\t\t\t\t\t\t\t\t\t<\/div>\n\t\t\t\t<\/div>\n\t\t\t\t\t<\/div>\n\t\t<\/div>\n\t\t\t\t<div class=\"elementor-column elementor-col-50 elementor-top-column elementor-element elementor-element-2adc68f9\" data-id=\"2adc68f9\" data-element_type=\"column\">\n\t\t\t<div class=\"elementor-widget-wrap elementor-element-populated\">\n\t\t\t\t\t\t\t\t<div class=\"elementor-element elementor-element-3cfda4a3 elementor-widget elementor-widget-heading\" data-id=\"3cfda4a3\" data-element_type=\"widget\" data-widget_type=\"heading.default\">\n\t\t\t\t<div class=\"elementor-widget-container\">\n\t\t\t<h5 class=\"elementor-heading-title elementor-size-default\"><span dir=\"auto\">18:30 | Rugs\u0117jo 20d. <\/span>KMKT did\u017eioji ir ma\u017eoji sal\u0117s \n<\/h5>\t\t<\/div>\n\t\t\t\t<\/div>\n\t\t\t\t<div class=\"elementor-element elementor-element-57547045 elementor-widget elementor-widget-text-editor\" data-id=\"57547045\" data-element_type=\"widget\" data-widget_type=\"text-editor.default\">\n\t\t\t\t<div class=\"elementor-widget-container\">\n\t\t\t\t\t\t\t\t<div class=\"x11i5rnm xat24cr x1mh8g0r x1vvkbs xtlvy1s\">Garso technologijomis susaistyti gyvas koncertas ir garso skulpt\u016bra bei instaliacija nagrin\u0117ja buitin\u0117s-fizin\u0117s bei menin\u0117s-id\u0117jin\u0117s fortepijono prigimties dualizm\u0105 \u2013 tarpusavyje paradoksaliai deran\u010dius vieno populiariausi\u0173 muzikos instrument\u0173 ir nam\u0173 baldo amplua.<\/div><div>\u00a0<\/div><div class=\"x11i5rnm xat24cr x1mh8g0r x1vvkbs xtlvy1s\">Kroat\u0173 pianistas Ivo Pogorelich yra pasak\u0119s, kad pianinas be pianisto t\u0117ra baldas. Tai namuose st\u016bksantis, da\u017eniausiai vazomis ir servizais apkrautas baldas, kurio tikr\u0105j\u012f koncertin\u012f ir muzikin\u012f potencial\u0105, nepaisant jo gamintojo bei mechanikos, apsprend\u017eia aplink j\u012f esantys \u017emon\u0117s.<\/div><div>\u00a0<\/div><div class=\"x11i5rnm xat24cr x1mh8g0r x1vvkbs xtlvy1s\">Ar m\u016bs\u0173 potencialas priklauso tik nuo m\u016bs\u0173? Kaip muzik\u0105 savyje numarinusiam baldui i\u0161silaisvinti i\u0161 u\u017edaryto dang\u010dio? Kokiu sapni\u0161ku padaru mus paver\u010dia m\u016bs\u0173 viduje u\u017erakintas ir i\u0161tr\u016bkti visomis i\u0161gal\u0117mis siekiantis pa\u0161aukimas?<\/div><div>\u00a0<\/div><div class=\"x11i5rnm xat24cr x1mh8g0r x1vvkbs xtlvy1s\">\u0160iuos klausimus tyrin\u0117s svarbiausi\u0173 fortepijonin\u0117s muzikos k\u016brini\u0173 fragmentus apimantis koncertas, kurio metu gyvai atliekama muzika taps garsiniu transformuoto baldo sapnu.<\/div><div class=\"x11i5rnm xat24cr x1mh8g0r x1vvkbs xtlvy1s\">\u00a0<\/div><div class=\"x11i5rnm xat24cr x1mh8g0r x1vvkbs xtlvy1s\"><strong>KONCERTAS<\/strong><\/div><div class=\"x11i5rnm xat24cr x1mh8g0r x1vvkbs xtlvy1s\">Fortepijono koncerto dalies muzikiniame monta\u017ee &#8211; vir\u0161 dvide\u0161imt romantin\u0117s, moderniosios bei \u0161iuolaikin\u0117s muzikos kompozicij\u0173. Jas para\u0161\u0117 Johannes Brahms, Ludwig van Beethoven, Erik Satie, Mikalojus Konstantinas \u010ciurlionis, George Crumb, Arvo P\u00e4rt ir kiti kompozitoriai. Monta\u017eo pagrind\u0105 sudaro romantizmo ir modernizmo k\u016briniai.<\/div><div>\u00a0<\/div><div class=\"x11i5rnm xat24cr x1mh8g0r x1vvkbs xtlvy1s\">K\u016briniai monta\u017ee i\u0161d\u0117styti lyg fortepijono kaip savaranki\u0161kos s\u0105mon\u0117s srautas &#8211; romantini\u0173 atkarp\u0173 harmoniniu i\u0161ri\u0161imu tampa visai kita kompozicija, kurioje gl\u016bdi tik dalis laukiamo tradicin\u0117s tonikos akordo. Modernieji k\u016briniai \u201ei\u0161ri\u0161ami\u201c pana\u0161iu metodu, tik vietoj harmonijos pasitelkiama artikuliacija &#8211; jungiamosiose grandyse ie\u0161koma giminingo muzikini\u0173 gars\u0173 jud\u0117jimo, frazavimo, o kartais tiesiog laukiama pauz\u0117s.<\/div><div>\u00a0<\/div><div class=\"x11i5rnm xat24cr x1mh8g0r x1vvkbs xtlvy1s\">Tai du am\u017eius besit\u0119sianti naktis ir j\u0105 lydintis fortepijonin\u0117s muzikos sapnas pateikiantis romantin\u0119, moderni\u0105j\u0105 bei \u0161iuolaikin\u0119 muzik\u0105 apjungiant\u012f siu\u017eet\u0105.\u00a0<\/div><div>\u00a0<\/div><div><strong>EN<\/strong><\/div><div><p>A live concert and a sound sculpture and installation linked by sound technologies examine the dualism of the domestic-physical and artistic-ideal nature of the piano &#8211; the paradoxically harmonious roles of one of the most popular musical instruments and home furniture.<\/p><p>Croatian pianist Ivo Pogorelich has said that a piano without a pianist is just a piece of furniture. It is a piece of furniture in the house, usually laden with vases and crockery, whose real concert and musical potential, regardless of its manufacturer and mechanics, is determined by the people around it.<\/p><p>Is our potential all up to us? How can a piece of furniture that has smothered music in itself break free from its closed lid? What kind of dreamlike creature does the vocation locked inside us and trying to escape with all our might make us?<\/p><p>These questions will be explored in a concert featuring excerpts from the most important pieces of piano music, during which the live music will become a sonic dream of a transformed piece of furniture.<\/p><p>CONCERT<br \/>The music montage of the piano part of the concert includes over twenty compositions of romantic, modern and contemporary music. They were written by Johannes Brahms, Ludwig van Beethoven, Erik Satie, Mikalojus Konstantinas \u010ciurlionis, George Crumb, Arvo P\u00e4rt and other composers. The montage is based on works of romanticism and modernism.<\/p><p>The pieces are arranged in the montage like a piano as a stream of independent consciousness &#8211; the harmonic interweaving of romantic sections becomes a completely different composition, in which lies only part of the expected traditional tonic chord. Modern compositions are &#8222;tied&#8221; in a similar way, only instead of harmony, articulation is used &#8211; in the connecting links, a related movement of musical sounds, phrasing, and sometimes just waiting for a pause are sought.<\/p><\/div>\t\t\t\t\t\t<\/div>\n\t\t\t\t<\/div>\n\t\t\t\t<div class=\"elementor-element elementor-element-b072760 elementor-widget elementor-widget-spacer\" data-id=\"b072760\" data-element_type=\"widget\" data-widget_type=\"spacer.default\">\n\t\t\t\t<div class=\"elementor-widget-container\">\n\t\t\t\t\t<div class=\"elementor-spacer\">\n\t\t\t<div class=\"elementor-spacer-inner\"><\/div>\n\t\t<\/div>\n\t\t\t\t<\/div>\n\t\t\t\t<\/div>\n\t\t\t\t<div class=\"elementor-element elementor-element-871cf1e elementor-widget elementor-widget-heading\" data-id=\"871cf1e\" data-element_type=\"widget\" data-widget_type=\"heading.default\">\n\t\t\t\t<div class=\"elementor-widget-container\">\n\t\t\t<h5 class=\"elementor-heading-title elementor-size-default\">K\u016aRYBIN\u0116 KOMANDA<\/h5>\t\t<\/div>\n\t\t\t\t<\/div>\n\t\t\t\t<div class=\"elementor-element elementor-element-7b8b4c06 elementor-widget elementor-widget-spacer\" data-id=\"7b8b4c06\" data-element_type=\"widget\" data-widget_type=\"spacer.default\">\n\t\t\t\t<div class=\"elementor-widget-container\">\n\t\t\t\t\t<div class=\"elementor-spacer\">\n\t\t\t<div class=\"elementor-spacer-inner\"><\/div>\n\t\t<\/div>\n\t\t\t\t<\/div>\n\t\t\t\t<\/div>\n\t\t\t\t<div class=\"elementor-element elementor-element-142261ed elementor-widget elementor-widget-text-editor\" data-id=\"142261ed\" data-element_type=\"widget\" data-widget_type=\"text-editor.default\">\n\t\t\t\t<div class=\"elementor-widget-container\">\n\t\t\t\t\t\t\t\t<p><strong>Pianist\u0117\/Pianist<\/strong> \u2013 Julija Bagdonavi\u010di\u016bt\u0117<br \/><strong>Re\u017eisierius ir \u0161vies\u0173 dailininkas\/Director, light designer<\/strong> \u2013 \u017dilvinas Vingelis<br \/><strong>K\u016brini\u0173 monta\u017eo autorius ir kompozitorius\/Montage author and composer<\/strong> \u2013 Andrius \u0160iurys<br \/><strong>Instaliacijos kompozitorius\/Composer of the installation<\/strong> \u2013 Domantas P\u016bras<br \/><strong>In\u017einierius\/Engineer<\/strong> \u2013 Deividas Dzikevi\u010dius<\/p><p><strong>Trukm\u0117\/Duration:<\/strong> 1 val. 10 min.<\/p>\t\t\t\t\t\t<\/div>\n\t\t\t\t<\/div>\n\t\t\t\t<div class=\"elementor-element elementor-element-3fe4c22 elementor-align-left elementor-widget elementor-widget-button\" data-id=\"3fe4c22\" data-element_type=\"widget\" data-widget_type=\"button.default\">\n\t\t\t\t<div class=\"elementor-widget-container\">\n\t\t\t\t\t<div class=\"elementor-button-wrapper\">\n\t\t\t<a href=\"https:\/\/www.bilietai.lt\/lit\/renginiai\/teatras\/iseities-taskas23koncertas-ir-instaliacija-fortepijonui-ir-baldui-kosmos-theatre-401140\/\" class=\"elementor-button-link elementor-button elementor-size-md\" role=\"button\">\n\t\t\t\t\t\t<span class=\"elementor-button-content-wrapper\">\n\t\t\t\t\t\t<span class=\"elementor-button-text\">Bilietai\/Tickets<\/span>\n\t\t<\/span>\n\t\t\t\t\t<\/a>\n\t\t<\/div>\n\t\t\t\t<\/div>\n\t\t\t\t<\/div>\n\t\t\t\t\t<\/div>\n\t\t<\/div>\n\t\t\t\t\t\t\t<\/div>\n\t\t<\/section>\n\t\t\t\t<section class=\"elementor-section elementor-top-section elementor-element elementor-element-320b74ea elementor-section-full_width elementor-section-height-default elementor-section-height-default\" data-id=\"320b74ea\" data-element_type=\"section\" data-settings=\"{&quot;background_background&quot;:&quot;classic&quot;}\">\n\t\t\t\t\t\t<div class=\"elementor-container elementor-column-gap-default\">\n\t\t\t\t\t<div class=\"elementor-column elementor-col-100 elementor-top-column elementor-element elementor-element-635bed63\" data-id=\"635bed63\" data-element_type=\"column\">\n\t\t\t<div class=\"elementor-widget-wrap elementor-element-populated\">\n\t\t\t\t\t\t\t\t<div class=\"elementor-element elementor-element-7573994 elementor-widget elementor-widget-heading\" data-id=\"7573994\" data-element_type=\"widget\" data-widget_type=\"heading.default\">\n\t\t\t\t<div class=\"elementor-widget-container\">\n\t\t\t<h2 class=\"elementor-heading-title elementor-size-default\">Taip pat domint\u0173<\/h2>\t\t<\/div>\n\t\t\t\t<\/div>\n\t\t\t\t<div class=\"elementor-element elementor-element-648ff9a4 elementor-widget-divider--view-line elementor-widget elementor-widget-divider\" data-id=\"648ff9a4\" data-element_type=\"widget\" data-widget_type=\"divider.default\">\n\t\t\t\t<div class=\"elementor-widget-container\">\n\t\t\t\t\t<div class=\"elementor-divider\">\n\t\t\t<span class=\"elementor-divider-separator\">\n\t\t\t\t\t\t<\/span>\n\t\t<\/div>\n\t\t\t\t<\/div>\n\t\t\t\t<\/div>\n\t\t\t\t\t<\/div>\n\t\t<\/div>\n\t\t\t\t\t\t\t<\/div>\n\t\t<\/section>\n\t\t\t\t<section class=\"elementor-section elementor-top-section elementor-element elementor-element-f4fab15 elementor-section-boxed elementor-section-height-default elementor-section-height-default\" data-id=\"f4fab15\" data-element_type=\"section\">\n\t\t\t\t\t\t<div class=\"elementor-container elementor-column-gap-default\">\n\t\t\t\t\t<div class=\"elementor-column elementor-col-100 elementor-top-column elementor-element elementor-element-64b2b13\" data-id=\"64b2b13\" data-element_type=\"column\">\n\t\t\t<div class=\"elementor-widget-wrap elementor-element-populated\">\n\t\t\t\t\t\t\t\t<div class=\"elementor-element elementor-element-cccbacb elementor-widget elementor-widget-jet-portfolio\" data-id=\"cccbacb\" data-element_type=\"widget\" data-widget_type=\"jet-portfolio.default\">\n\t\t\t\t<div class=\"elementor-widget-container\">\n\t\t\t<div class=\"elementor-jet-portfolio jet-elements\">\n<div class=\"jet-portfolio layout-type-grid preset-type-4 layout-desktop-column-4 layout-tablet-column-2 layout-mobile-column-1\" data-settings=\"{&quot;layoutType&quot;:&quot;grid&quot;,&quot;columns&quot;:&quot;4&quot;,&quot;columnsTablet&quot;:&quot;2&quot;,&quot;columnsMobile&quot;:&quot;1&quot;,&quot;perPage&quot;:6}\"><div class=\"jet-portfolio__list\"><article class=\"jet-portfolio__item visible-status\" data-slug=\"{&quot;0&quot;:&quot;all&quot;}\">\n\t<div class=\"jet-portfolio__inner\">\n\t\t<a class=\"jet-portfolio__link\" href=\"http:\/\/iseitiestaskas.lt\/wp-content\/uploads\/2023\/08\/HOW-TO-SWIM.jpg\" data-elementor-open-lightbox=\"yes\">\n\t\t\t<div class=\"jet-portfolio__image\">\n\t\t\t\t<img decoding=\"async\" class=\"jet-portfolio__image-instance\" src=\"https:\/\/iseitiestaskas.lt\/wp-content\/uploads\/2023\/08\/HOW-TO-SWIM.jpg\" width=\"2048\" height=\"1365\"  alt=\"HOW TO SWIM\" loading=\"lazy\">\t\t\t\t<div class=\"jet-portfolio__image-loader\"><span><\/span><\/div>\n\t\t\t<\/div>\n\t\t<\/a>\n\t\t<div class=\"jet-portfolio__content\">\n\t\t\t<div class=\"jet-portfolio__content-inner\"><span class=\"jet-portfolio__title\">HOW TO SWIM <\/span><p class=\"jet-portfolio__desc\">aut. Tautvydas Galkauskas<\/p><a class=\"elementor-button elementor-size-md jet-portfolio__button\" href=\"https:\/\/iseitiestaskas.lt\/en\/how-to-swim\/\"><span class=\"jet-portfolio__button-text\">+<\/span><\/a><\/div>\n\t\t<\/div>\n\t<\/div>\n<\/article><article class=\"jet-portfolio__item visible-status\" data-slug=\"{&quot;0&quot;:&quot;all&quot;}\">\n\t<div class=\"jet-portfolio__inner\">\n\t\t<a class=\"jet-portfolio__link\" href=\"http:\/\/iseitiestaskas.lt\/wp-content\/uploads\/2023\/08\/AVINAI_nuotr_GZaltauskaite-8907-scaled.jpg\" data-elementor-open-lightbox=\"yes\">\n\t\t\t<div class=\"jet-portfolio__image\">\n\t\t\t\t<img decoding=\"async\" class=\"jet-portfolio__image-instance\" src=\"https:\/\/iseitiestaskas.lt\/wp-content\/uploads\/2023\/08\/AVINAI_nuotr_GZaltauskaite-8907-scaled.jpg\" width=\"2560\" height=\"1707\"  alt=\"AVINAI_nuotr_GZaltauskaite-8907\" loading=\"lazy\">\t\t\t\t<div class=\"jet-portfolio__image-loader\"><span><\/span><\/div>\n\t\t\t<\/div>\n\t\t<\/a>\n\t\t<div class=\"jet-portfolio__content\">\n\t\t\t<div class=\"jet-portfolio__content-inner\"><span class=\"jet-portfolio__title\">SHEEP<\/span><p class=\"jet-portfolio__desc\">re\u017e. Justas Tertelis<\/p><a class=\"elementor-button elementor-size-md jet-portfolio__button\" href=\"https:\/\/iseitiestaskas.lt\/en\/avinai\/\"><span class=\"jet-portfolio__button-text\">+<\/span><\/a><\/div>\n\t\t<\/div>\n\t<\/div>\n<\/article><article class=\"jet-portfolio__item visible-status\" data-slug=\"{&quot;0&quot;:&quot;all&quot;}\">\n\t<div class=\"jet-portfolio__inner\">\n\t\t<a class=\"jet-portfolio__link\" href=\"http:\/\/iseitiestaskas.lt\/wp-content\/uploads\/2023\/08\/PIRK-DRAMBLI.jpeg\" data-elementor-open-lightbox=\"yes\">\n\t\t\t<div class=\"jet-portfolio__image\">\n\t\t\t\t<img decoding=\"async\" class=\"jet-portfolio__image-instance\" src=\"https:\/\/iseitiestaskas.lt\/wp-content\/uploads\/2023\/08\/PIRK-DRAMBLI.jpeg\" width=\"960\" height=\"960\"  alt=\"PIRK DRAMBLI\" loading=\"lazy\">\t\t\t\t<div class=\"jet-portfolio__image-loader\"><span><\/span><\/div>\n\t\t\t<\/div>\n\t\t<\/a>\n\t\t<div class=\"jet-portfolio__content\">\n\t\t\t<div class=\"jet-portfolio__content-inner\"><span class=\"jet-portfolio__title\">BUY AN ELEPHANT <\/span><p class=\"jet-portfolio__desc\">dir. Egl\u0117 Ki\u017eait\u0117 <\/p><a class=\"elementor-button elementor-size-md jet-portfolio__button\" href=\"https:\/\/iseitiestaskas.lt\/en\/pirk-drambli\/\"><span class=\"jet-portfolio__button-text\">+<\/span><\/a><\/div>\n\t\t<\/div>\n\t<\/div>\n<\/article><article class=\"jet-portfolio__item visible-status\" data-slug=\"{&quot;0&quot;:&quot;all&quot;}\">\n\t<div class=\"jet-portfolio__inner\">\n\t\t<a class=\"jet-portfolio__link\" href=\"http:\/\/iseitiestaskas.lt\/wp-content\/uploads\/2023\/08\/AND-WHO-WILL-REMEMBER-ME-AFTER-ALL_-.jpeg\" data-elementor-open-lightbox=\"yes\">\n\t\t\t<div class=\"jet-portfolio__image\">\n\t\t\t\t<img decoding=\"async\" class=\"jet-portfolio__image-instance\" src=\"https:\/\/iseitiestaskas.lt\/wp-content\/uploads\/2023\/08\/AND-WHO-WILL-REMEMBER-ME-AFTER-ALL_-.jpeg\" width=\"430\" height=\"280\"  alt=\"AND WHO WILL REMEMBER ME AFTER ALL_\" loading=\"lazy\">\t\t\t\t<div class=\"jet-portfolio__image-loader\"><span><\/span><\/div>\n\t\t\t<\/div>\n\t\t<\/a>\n\t\t<div class=\"jet-portfolio__content\">\n\t\t\t<div class=\"jet-portfolio__content-inner\"><span class=\"jet-portfolio__title\">SO WHO WILL REMEMBER ME IN THE END?<\/span><p class=\"jet-portfolio__desc\">dir. Barbara Lehtna<\/p><a class=\"elementor-button elementor-size-md jet-portfolio__button\" href=\"https:\/\/iseitiestaskas.lt\/en\/so-who-will-remember-me-in-the-end\/\"><span class=\"jet-portfolio__button-text\">+<\/span><\/a><\/div>\n\t\t<\/div>\n\t<\/div>\n<\/article><\/div><\/div>\n<\/div>\t\t<\/div>\n\t\t\t\t<\/div>\n\t\t\t\t\t<\/div>\n\t\t<\/div>\n\t\t\t\t\t\t\t<\/div>\n\t\t<\/section>\n\t\t\t\t\t\t<\/div>\n\t\t\t\t\t<\/div>","protected":false},"excerpt":{"rendered":"<p>KONCERTAS IR INSTALIACIJA FORTEPIJONUI IR BALDUI &nbsp;I Kosmos Theatre 18:30 | Rugs\u0117jo 20d. KMKT did\u017eioji ir ma\u017eoji sal\u0117s Garso technologijomis susaistyti gyvas koncertas ir garso skulpt\u016bra bei instaliacija nagrin\u0117ja buitin\u0117s-fizin\u0117s bei menin\u0117s-id\u0117jin\u0117s fortepijono prigimties dualizm\u0105 \u2013 tarpusavyje paradoksaliai deran\u010dius vieno populiariausi\u0173 muzikos instrument\u0173 ir nam\u0173 baldo amplua.\u00a0Kroat\u0173 pianistas Ivo Pogorelich yra pasak\u0119s, kad pianinas be [&hellip;]<\/p>","protected":false},"author":1,"featured_media":0,"parent":0,"menu_order":0,"comment_status":"closed","ping_status":"closed","template":"","meta":{"om_disable_all_campaigns":false,"_monsterinsights_skip_tracking":false,"_monsterinsights_sitenote_active":false,"_monsterinsights_sitenote_note":"","_monsterinsights_sitenote_category":0,"footnotes":""},"aioseo_notices":[],"_links":{"self":[{"href":"https:\/\/iseitiestaskas.lt\/en\/wp-json\/wp\/v2\/pages\/3394"}],"collection":[{"href":"https:\/\/iseitiestaskas.lt\/en\/wp-json\/wp\/v2\/pages"}],"about":[{"href":"https:\/\/iseitiestaskas.lt\/en\/wp-json\/wp\/v2\/types\/page"}],"author":[{"embeddable":true,"href":"https:\/\/iseitiestaskas.lt\/en\/wp-json\/wp\/v2\/users\/1"}],"replies":[{"embeddable":true,"href":"https:\/\/iseitiestaskas.lt\/en\/wp-json\/wp\/v2\/comments?post=3394"}],"version-history":[{"count":13,"href":"https:\/\/iseitiestaskas.lt\/en\/wp-json\/wp\/v2\/pages\/3394\/revisions"}],"predecessor-version":[{"id":3552,"href":"https:\/\/iseitiestaskas.lt\/en\/wp-json\/wp\/v2\/pages\/3394\/revisions\/3552"}],"wp:attachment":[{"href":"https:\/\/iseitiestaskas.lt\/en\/wp-json\/wp\/v2\/media?parent=3394"}],"curies":[{"name":"wp","href":"https:\/\/api.w.org\/{rel}","templated":true}]}}