{"id":3452,"date":"2023-08-18T11:30:42","date_gmt":"2023-08-18T11:30:42","guid":{"rendered":"http:\/\/iseitiestaskas.lt\/?page_id=3452"},"modified":"2023-08-18T13:05:04","modified_gmt":"2023-08-18T13:05:04","slug":"apvalytieji","status":"publish","type":"page","link":"https:\/\/iseitiestaskas.lt\/en\/apvalytieji\/","title":{"rendered":"PURE ONES"},"content":{"rendered":"<div data-elementor-type=\"wp-page\" data-elementor-id=\"3452\" class=\"elementor elementor-3452\" data-elementor-settings=\"[]\">\n\t\t\t\t\t\t\t<div class=\"elementor-section-wrap\">\n\t\t\t\t\t\t\t<section class=\"elementor-section elementor-top-section elementor-element elementor-element-6a3d9042 elementor-section-boxed elementor-section-height-default elementor-section-height-default\" data-id=\"6a3d9042\" data-element_type=\"section\">\n\t\t\t\t\t\t<div class=\"elementor-container elementor-column-gap-default\">\n\t\t\t\t\t<div class=\"elementor-column elementor-col-100 elementor-top-column elementor-element elementor-element-5d19fe09\" data-id=\"5d19fe09\" data-element_type=\"column\">\n\t\t\t<div class=\"elementor-widget-wrap elementor-element-populated\">\n\t\t\t\t\t\t\t\t<div class=\"elementor-element elementor-element-1e6a33f7 elementor-widget elementor-widget-heading\" data-id=\"1e6a33f7\" data-element_type=\"widget\" data-widget_type=\"heading.default\">\n\t\t\t\t<div class=\"elementor-widget-container\">\n\t\t\t<h2 class=\"elementor-heading-title elementor-size-default\">APVALYTIEJI I KTU &nbsp;\n<\/h2>\t\t<\/div>\n\t\t\t\t<\/div>\n\t\t\t\t<div class=\"elementor-element elementor-element-79317515 elementor-widget-divider--view-line elementor-widget elementor-widget-divider\" data-id=\"79317515\" data-element_type=\"widget\" data-widget_type=\"divider.default\">\n\t\t\t\t<div class=\"elementor-widget-container\">\n\t\t\t\t\t<div class=\"elementor-divider\">\n\t\t\t<span class=\"elementor-divider-separator\">\n\t\t\t\t\t\t<\/span>\n\t\t<\/div>\n\t\t\t\t<\/div>\n\t\t\t\t<\/div>\n\t\t\t\t<div class=\"elementor-element elementor-element-54e8fc03 elementor-widget elementor-widget-text-editor\" data-id=\"54e8fc03\" data-element_type=\"widget\" data-widget_type=\"text-editor.default\">\n\t\t\t\t<div class=\"elementor-widget-container\">\n\t\t\t\t\t\t\t\t<p>Re\u017e. <span style=\"font-weight: 400;\">Laura Kutkait\u0117<\/span><\/p>\t\t\t\t\t\t<\/div>\n\t\t\t\t<\/div>\n\t\t\t\t\t<\/div>\n\t\t<\/div>\n\t\t\t\t\t\t\t<\/div>\n\t\t<\/section>\n\t\t\t\t<section class=\"elementor-section elementor-top-section elementor-element elementor-element-5e4e7bde elementor-section-boxed elementor-section-height-default elementor-section-height-default\" data-id=\"5e4e7bde\" data-element_type=\"section\">\n\t\t\t\t\t\t<div class=\"elementor-container elementor-column-gap-default\">\n\t\t\t\t\t<div class=\"elementor-column elementor-col-50 elementor-top-column elementor-element elementor-element-43bbe256\" data-id=\"43bbe256\" data-element_type=\"column\">\n\t\t\t<div class=\"elementor-widget-wrap elementor-element-populated\">\n\t\t\t\t\t\t\t\t<div class=\"elementor-element elementor-element-684c4bd1 elementor-widget elementor-widget-image\" data-id=\"684c4bd1\" data-element_type=\"widget\" data-widget_type=\"image.default\">\n\t\t\t\t<div class=\"elementor-widget-container\">\n\t\t\t\t\t\t\t\t\t\t\t\t\t\t\t<img loading=\"lazy\" decoding=\"async\" width=\"683\" height=\"1024\" src=\"https:\/\/iseitiestaskas.lt\/wp-content\/uploads\/2023\/08\/sk-4-683x1024.jpg\" class=\"attachment-large size-large\" alt=\"\" srcset=\"https:\/\/iseitiestaskas.lt\/wp-content\/uploads\/2023\/08\/sk-4-683x1024.jpg 683w, https:\/\/iseitiestaskas.lt\/wp-content\/uploads\/2023\/08\/sk-4-200x300.jpg 200w, https:\/\/iseitiestaskas.lt\/wp-content\/uploads\/2023\/08\/sk-4-768x1152.jpg 768w, https:\/\/iseitiestaskas.lt\/wp-content\/uploads\/2023\/08\/sk-4-1024x1536.jpg 1024w, https:\/\/iseitiestaskas.lt\/wp-content\/uploads\/2023\/08\/sk-4-1366x2048.jpg 1366w, https:\/\/iseitiestaskas.lt\/wp-content\/uploads\/2023\/08\/sk-4-600x900.jpg 600w, https:\/\/iseitiestaskas.lt\/wp-content\/uploads\/2023\/08\/sk-4-scaled.jpg 1707w\" sizes=\"(max-width: 683px) 100vw, 683px\" \/>\t\t\t\t\t\t\t\t\t\t\t\t\t\t\t<\/div>\n\t\t\t\t<\/div>\n\t\t\t\t\t<\/div>\n\t\t<\/div>\n\t\t\t\t<div class=\"elementor-column elementor-col-50 elementor-top-column elementor-element elementor-element-2adc68f9\" data-id=\"2adc68f9\" data-element_type=\"column\">\n\t\t\t<div class=\"elementor-widget-wrap elementor-element-populated\">\n\t\t\t\t\t\t\t\t<div class=\"elementor-element elementor-element-3cfda4a3 elementor-widget elementor-widget-heading\" data-id=\"3cfda4a3\" data-element_type=\"widget\" data-widget_type=\"heading.default\">\n\t\t\t\t<div class=\"elementor-widget-container\">\n\t\t\t<h5 class=\"elementor-heading-title elementor-size-default\"><span dir=\"auto\">20:00 | Rugs\u0117jo 22 - 23 d. <\/span>KTU teatro studija \u201e44\u201c,  (Laisv\u0117s al. 13)  <\/h5>\t\t<\/div>\n\t\t\t\t<\/div>\n\t\t\t\t<div class=\"elementor-element elementor-element-57547045 elementor-widget elementor-widget-text-editor\" data-id=\"57547045\" data-element_type=\"widget\" data-widget_type=\"text-editor.default\">\n\t\t\t\t<div class=\"elementor-widget-container\">\n\t\t\t\t\t\t\t\t<p><span style=\"font-weight: 400;\">Universitete &#8211; koncentracijos stovykloje jauna mergina Greis ie\u0161ko savo mirusio brolio Gremo liku\u010di\u0173. \u010cia ji randa jo siel\u0105, \u010dia ji tampa juo. I\u0161 meil\u0117s.\u00a0<\/span><\/p><p><span style=\"font-weight: 400;\">Sarah Kane para\u0161\u0117 \u201eApvalytuosius&#8221; perskai\u010diusi Roland Barthes mint\u012f, jog \u201eb\u016bti \u012fsimyl\u0117jus &#8211; tai lyg b\u016bti Au\u0161vice\u201d. Ra\u0161ydama \u0161i\u0105 pjes\u0119, kaip teigia pati, buvo \u012fsimyl\u0117jusi. Daugelis iki \u0161iol nesuvokia kod\u0117l pjes\u0117je apie meil\u0119 pilna smurto vaizdini\u0173, ta\u010diau su aktoriais analizuojant tekst\u0105, dalinantis patirtimis tarpusavyje, imi suprasti, jog da\u017eniausiai akcentuojame meil\u0117s kuriam\u0105, ta\u010diau pamir\u0161tame griaunan\u010di\u0105 j\u0117g\u0105. O kartais tam, kad k\u0105 nors i\u0161 naujo pastatytum, turi \u0161\u012f t\u0105 savyje sugriauti arba leistis b\u016bti sugriautam. <\/span><\/p><p><span style=\"font-weight: 400;\">Vis d\u0117lto, tai pati \u0161viesiausia i\u0161 Sarah Kane pjesi\u0173, teigianti pa\u010dios meil\u0117s egzistavim\u0105 ir \u0161io jausmo transcendentin\u0119 gali\u0105, primenanti mums, jog gro\u017eis ir teroras neretai vaik\u0161to susikib\u0119 rankomis.\u00a0<\/span><\/p><p><strong>EN<\/strong><\/p><p>In a university concentration camp, a young girl, Grace, searches for the remains of her dead brother, Graham. Here she finds his soul, here she becomes him. From love.<\/p><p>Sarah Kane wrote &#8222;Purified&#8221; after reading Roland Barthes&#8217; idea that &#8222;being in love is like being in Auschwitz&#8221;. She was in love while writing this play, as she claims, sharing experiences with each other, begins to understand that we often emphasize the power that love creates, but forget the power that destroys. And sometimes, in order to build something again, you have to destroy something in yourself or allow yourself to be destroyed.<\/p><p>However, this is the brightest of Sarah Kane&#8217;s plays, affirming the existence of love itself and the transcendental power of this feeling, reminding us that beauty and terror often walk hand in hand.<\/p>\t\t\t\t\t\t<\/div>\n\t\t\t\t<\/div>\n\t\t\t\t<div class=\"elementor-element elementor-element-b072760 elementor-widget elementor-widget-spacer\" data-id=\"b072760\" data-element_type=\"widget\" data-widget_type=\"spacer.default\">\n\t\t\t\t<div class=\"elementor-widget-container\">\n\t\t\t\t\t<div class=\"elementor-spacer\">\n\t\t\t<div class=\"elementor-spacer-inner\"><\/div>\n\t\t<\/div>\n\t\t\t\t<\/div>\n\t\t\t\t<\/div>\n\t\t\t\t<div class=\"elementor-element elementor-element-871cf1e elementor-widget elementor-widget-heading\" data-id=\"871cf1e\" data-element_type=\"widget\" data-widget_type=\"heading.default\">\n\t\t\t\t<div class=\"elementor-widget-container\">\n\t\t\t<h5 class=\"elementor-heading-title elementor-size-default\">K\u016aRYBIN\u0116 KOMANDA<\/h5>\t\t<\/div>\n\t\t\t\t<\/div>\n\t\t\t\t<div class=\"elementor-element elementor-element-7b8b4c06 elementor-widget elementor-widget-spacer\" data-id=\"7b8b4c06\" data-element_type=\"widget\" data-widget_type=\"spacer.default\">\n\t\t\t\t<div class=\"elementor-widget-container\">\n\t\t\t\t\t<div class=\"elementor-spacer\">\n\t\t\t<div class=\"elementor-spacer-inner\"><\/div>\n\t\t<\/div>\n\t\t\t\t<\/div>\n\t\t\t\t<\/div>\n\t\t\t\t<div class=\"elementor-element elementor-element-142261ed elementor-widget elementor-widget-text-editor\" data-id=\"142261ed\" data-element_type=\"widget\" data-widget_type=\"text-editor.default\">\n\t\t\t\t<div class=\"elementor-widget-container\">\n\t\t\t\t\t\t\t\t<p><strong>Re\u017eisier\u0117\/Director<\/strong> \u2013 Laura Kutkait\u0117<br \/><strong>Scenograf\u0117 ir kostium\u0173 dailinink\u0117\/Scenography and costumes<\/strong> \u2013 Emilija Vi\u0161inskait\u0117<br \/><strong>Re\u017eisier\u0117s asistent\u0117\/Director&#8217;s assistant<\/strong> \u2013 Viktorija Lankauskait\u0117<br \/><strong>Gyv\u0105 muzik\u0105\/Live music<\/strong> atlieka Viktorija Kuzabavi\u010di\u016bt\u0117<\/p><p><span style=\"font-weight: 400;\"><strong>Veikia\/Performers:<\/strong> Gabriel\u0117 \u010cesnauskait\u0117, Gerda Juknait\u0117, Dominykas Ju\u0161kys, Diana Karlauskait\u0117, <\/span><span style=\"font-weight: 400;\">Viktorija Kuzabavi\u010di\u016bt\u0117, Donatas Laurinavi\u010dius, Roberta Luka\u0161evi\u010di\u016bt\u0117, Performansas, Saul\u0117 \u0160eputyt\u0117, Lukas \u0160imelis<\/span><\/p><p><strong>Trukm\u0117\/Duration:<\/strong> 1 val. 15 min.<\/p>\t\t\t\t\t\t<\/div>\n\t\t\t\t<\/div>\n\t\t\t\t<div class=\"elementor-element elementor-element-3fe4c22 elementor-align-left elementor-widget elementor-widget-button\" data-id=\"3fe4c22\" data-element_type=\"widget\" data-widget_type=\"button.default\">\n\t\t\t\t<div class=\"elementor-widget-container\">\n\t\t\t\t\t<div class=\"elementor-button-wrapper\">\n\t\t\t<a href=\"https:\/\/teatras.ktu.edu\/registracija-i-spektakli\/?fbclid=IwAR0bIJ8DGcQ581bhdws2GzICmT-xuVIU0UFraJMK6pG1ac44EWbyGUHsj2g\" class=\"elementor-button-link elementor-button elementor-size-md\" role=\"button\">\n\t\t\t\t\t\t<span class=\"elementor-button-content-wrapper\">\n\t\t\t\t\t\t<span class=\"elementor-button-text\">Registracija\/Registration<\/span>\n\t\t<\/span>\n\t\t\t\t\t<\/a>\n\t\t<\/div>\n\t\t\t\t<\/div>\n\t\t\t\t<\/div>\n\t\t\t\t\t<\/div>\n\t\t<\/div>\n\t\t\t\t\t\t\t<\/div>\n\t\t<\/section>\n\t\t\t\t<section class=\"elementor-section elementor-top-section elementor-element elementor-element-320b74ea elementor-section-full_width elementor-section-height-default elementor-section-height-default\" data-id=\"320b74ea\" data-element_type=\"section\" data-settings=\"{&quot;background_background&quot;:&quot;classic&quot;}\">\n\t\t\t\t\t\t<div class=\"elementor-container elementor-column-gap-default\">\n\t\t\t\t\t<div class=\"elementor-column elementor-col-100 elementor-top-column elementor-element elementor-element-635bed63\" data-id=\"635bed63\" data-element_type=\"column\">\n\t\t\t<div class=\"elementor-widget-wrap elementor-element-populated\">\n\t\t\t\t\t\t\t\t<div class=\"elementor-element elementor-element-7573994 elementor-widget elementor-widget-heading\" data-id=\"7573994\" data-element_type=\"widget\" data-widget_type=\"heading.default\">\n\t\t\t\t<div class=\"elementor-widget-container\">\n\t\t\t<h2 class=\"elementor-heading-title elementor-size-default\">Taip pat domint\u0173<\/h2>\t\t<\/div>\n\t\t\t\t<\/div>\n\t\t\t\t<div class=\"elementor-element elementor-element-648ff9a4 elementor-widget-divider--view-line elementor-widget elementor-widget-divider\" data-id=\"648ff9a4\" data-element_type=\"widget\" data-widget_type=\"divider.default\">\n\t\t\t\t<div class=\"elementor-widget-container\">\n\t\t\t\t\t<div class=\"elementor-divider\">\n\t\t\t<span class=\"elementor-divider-separator\">\n\t\t\t\t\t\t<\/span>\n\t\t<\/div>\n\t\t\t\t<\/div>\n\t\t\t\t<\/div>\n\t\t\t\t\t<\/div>\n\t\t<\/div>\n\t\t\t\t\t\t\t<\/div>\n\t\t<\/section>\n\t\t\t\t<section class=\"elementor-section elementor-top-section elementor-element elementor-element-627de87 elementor-section-boxed elementor-section-height-default elementor-section-height-default\" data-id=\"627de87\" data-element_type=\"section\">\n\t\t\t\t\t\t<div class=\"elementor-container elementor-column-gap-default\">\n\t\t\t\t\t<div class=\"elementor-column elementor-col-100 elementor-top-column elementor-element elementor-element-4d3a3ac\" data-id=\"4d3a3ac\" data-element_type=\"column\">\n\t\t\t<div class=\"elementor-widget-wrap elementor-element-populated\">\n\t\t\t\t\t\t\t\t<div class=\"elementor-element elementor-element-f6f24bb elementor-widget elementor-widget-jet-portfolio\" data-id=\"f6f24bb\" data-element_type=\"widget\" data-widget_type=\"jet-portfolio.default\">\n\t\t\t\t<div class=\"elementor-widget-container\">\n\t\t\t<div class=\"elementor-jet-portfolio jet-elements\">\n<div class=\"jet-portfolio layout-type-grid preset-type-4 layout-desktop-column-4 layout-tablet-column-2 layout-mobile-column-1\" data-settings=\"{&quot;layoutType&quot;:&quot;grid&quot;,&quot;columns&quot;:&quot;4&quot;,&quot;columnsTablet&quot;:&quot;2&quot;,&quot;columnsMobile&quot;:&quot;1&quot;,&quot;perPage&quot;:6}\"><div class=\"jet-portfolio__list\"><article class=\"jet-portfolio__item visible-status\" data-slug=\"{&quot;0&quot;:&quot;all&quot;}\">\n\t<div class=\"jet-portfolio__inner\">\n\t\t<a class=\"jet-portfolio__link\" href=\"http:\/\/iseitiestaskas.lt\/wp-content\/uploads\/2023\/08\/HOW-TO-SWIM.jpg\" data-elementor-open-lightbox=\"yes\">\n\t\t\t<div class=\"jet-portfolio__image\">\n\t\t\t\t<img decoding=\"async\" class=\"jet-portfolio__image-instance\" src=\"https:\/\/iseitiestaskas.lt\/wp-content\/uploads\/2023\/08\/HOW-TO-SWIM.jpg\" width=\"2048\" height=\"1365\"  alt=\"HOW TO SWIM\" loading=\"lazy\">\t\t\t\t<div class=\"jet-portfolio__image-loader\"><span><\/span><\/div>\n\t\t\t<\/div>\n\t\t<\/a>\n\t\t<div class=\"jet-portfolio__content\">\n\t\t\t<div class=\"jet-portfolio__content-inner\"><span class=\"jet-portfolio__title\">HOW TO SWIM <\/span><p class=\"jet-portfolio__desc\">aut. Tautvydas Galkauskas<\/p><a class=\"elementor-button elementor-size-md jet-portfolio__button\" href=\"https:\/\/iseitiestaskas.lt\/en\/how-to-swim\/\"><span class=\"jet-portfolio__button-text\">+<\/span><\/a><\/div>\n\t\t<\/div>\n\t<\/div>\n<\/article><article class=\"jet-portfolio__item visible-status\" data-slug=\"{&quot;0&quot;:&quot;all&quot;}\">\n\t<div class=\"jet-portfolio__inner\">\n\t\t<a class=\"jet-portfolio__link\" href=\"http:\/\/iseitiestaskas.lt\/wp-content\/uploads\/2023\/08\/AVINAI_nuotr_GZaltauskaite-8907-scaled.jpg\" data-elementor-open-lightbox=\"yes\">\n\t\t\t<div class=\"jet-portfolio__image\">\n\t\t\t\t<img decoding=\"async\" class=\"jet-portfolio__image-instance\" src=\"https:\/\/iseitiestaskas.lt\/wp-content\/uploads\/2023\/08\/AVINAI_nuotr_GZaltauskaite-8907-scaled.jpg\" width=\"2560\" height=\"1707\"  alt=\"AVINAI_nuotr_GZaltauskaite-8907\" loading=\"lazy\">\t\t\t\t<div class=\"jet-portfolio__image-loader\"><span><\/span><\/div>\n\t\t\t<\/div>\n\t\t<\/a>\n\t\t<div class=\"jet-portfolio__content\">\n\t\t\t<div class=\"jet-portfolio__content-inner\"><span class=\"jet-portfolio__title\">SHEEP<\/span><p class=\"jet-portfolio__desc\">re\u017e. Justas Tertelis<\/p><a class=\"elementor-button elementor-size-md jet-portfolio__button\" href=\"https:\/\/iseitiestaskas.lt\/en\/avinai\/\"><span class=\"jet-portfolio__button-text\">+<\/span><\/a><\/div>\n\t\t<\/div>\n\t<\/div>\n<\/article><article class=\"jet-portfolio__item visible-status\" data-slug=\"{&quot;0&quot;:&quot;all&quot;}\">\n\t<div class=\"jet-portfolio__inner\">\n\t\t<a class=\"jet-portfolio__link\" href=\"http:\/\/iseitiestaskas.lt\/wp-content\/uploads\/2023\/08\/PIRK-DRAMBLI.jpeg\" data-elementor-open-lightbox=\"yes\">\n\t\t\t<div class=\"jet-portfolio__image\">\n\t\t\t\t<img decoding=\"async\" class=\"jet-portfolio__image-instance\" src=\"https:\/\/iseitiestaskas.lt\/wp-content\/uploads\/2023\/08\/PIRK-DRAMBLI.jpeg\" width=\"960\" height=\"960\"  alt=\"PIRK DRAMBLI\" loading=\"lazy\">\t\t\t\t<div class=\"jet-portfolio__image-loader\"><span><\/span><\/div>\n\t\t\t<\/div>\n\t\t<\/a>\n\t\t<div class=\"jet-portfolio__content\">\n\t\t\t<div class=\"jet-portfolio__content-inner\"><span class=\"jet-portfolio__title\">BUY AN ELEPHANT <\/span><p class=\"jet-portfolio__desc\">dir. Egl\u0117 Ki\u017eait\u0117 <\/p><a class=\"elementor-button elementor-size-md jet-portfolio__button\" href=\"https:\/\/iseitiestaskas.lt\/en\/pirk-drambli\/\"><span class=\"jet-portfolio__button-text\">+<\/span><\/a><\/div>\n\t\t<\/div>\n\t<\/div>\n<\/article><article class=\"jet-portfolio__item visible-status\" data-slug=\"{&quot;0&quot;:&quot;all&quot;}\">\n\t<div class=\"jet-portfolio__inner\">\n\t\t<a class=\"jet-portfolio__link\" href=\"http:\/\/iseitiestaskas.lt\/wp-content\/uploads\/2023\/08\/AND-WHO-WILL-REMEMBER-ME-AFTER-ALL_-.jpeg\" data-elementor-open-lightbox=\"yes\">\n\t\t\t<div class=\"jet-portfolio__image\">\n\t\t\t\t<img decoding=\"async\" class=\"jet-portfolio__image-instance\" src=\"https:\/\/iseitiestaskas.lt\/wp-content\/uploads\/2023\/08\/AND-WHO-WILL-REMEMBER-ME-AFTER-ALL_-.jpeg\" width=\"430\" height=\"280\"  alt=\"AND WHO WILL REMEMBER ME AFTER ALL_\" loading=\"lazy\">\t\t\t\t<div class=\"jet-portfolio__image-loader\"><span><\/span><\/div>\n\t\t\t<\/div>\n\t\t<\/a>\n\t\t<div class=\"jet-portfolio__content\">\n\t\t\t<div class=\"jet-portfolio__content-inner\"><span class=\"jet-portfolio__title\">SO WHO WILL REMEMBER ME IN THE END?<\/span><p class=\"jet-portfolio__desc\">dir. Barbara Lehtna<\/p><a class=\"elementor-button elementor-size-md jet-portfolio__button\" href=\"https:\/\/iseitiestaskas.lt\/en\/so-who-will-remember-me-in-the-end\/\"><span class=\"jet-portfolio__button-text\">+<\/span><\/a><\/div>\n\t\t<\/div>\n\t<\/div>\n<\/article><\/div><\/div>\n<\/div>\t\t<\/div>\n\t\t\t\t<\/div>\n\t\t\t\t\t<\/div>\n\t\t<\/div>\n\t\t\t\t\t\t\t<\/div>\n\t\t<\/section>\n\t\t\t\t\t\t<\/div>\n\t\t\t\t\t<\/div>","protected":false},"excerpt":{"rendered":"<p>APVALYTIEJI I KTU &nbsp; Re\u017e. Laura Kutkait\u0117 20:00 | Rugs\u0117jo 22 &#8211; 23 d. KTU teatro studija \u201e44\u201c, (Laisv\u0117s al. 13) Universitete &#8211; koncentracijos stovykloje jauna mergina Greis ie\u0161ko savo mirusio brolio Gremo liku\u010di\u0173. \u010cia ji randa jo siel\u0105, \u010dia ji tampa juo. I\u0161 meil\u0117s.\u00a0 Sarah Kane para\u0161\u0117 \u201eApvalytuosius&#8221; perskai\u010diusi Roland Barthes mint\u012f, jog \u201eb\u016bti [&hellip;]<\/p>","protected":false},"author":1,"featured_media":0,"parent":0,"menu_order":0,"comment_status":"closed","ping_status":"closed","template":"","meta":{"om_disable_all_campaigns":false,"_monsterinsights_skip_tracking":false,"_monsterinsights_sitenote_active":false,"_monsterinsights_sitenote_note":"","_monsterinsights_sitenote_category":0,"footnotes":""},"aioseo_notices":[],"_links":{"self":[{"href":"https:\/\/iseitiestaskas.lt\/en\/wp-json\/wp\/v2\/pages\/3452"}],"collection":[{"href":"https:\/\/iseitiestaskas.lt\/en\/wp-json\/wp\/v2\/pages"}],"about":[{"href":"https:\/\/iseitiestaskas.lt\/en\/wp-json\/wp\/v2\/types\/page"}],"author":[{"embeddable":true,"href":"https:\/\/iseitiestaskas.lt\/en\/wp-json\/wp\/v2\/users\/1"}],"replies":[{"embeddable":true,"href":"https:\/\/iseitiestaskas.lt\/en\/wp-json\/wp\/v2\/comments?post=3452"}],"version-history":[{"count":16,"href":"https:\/\/iseitiestaskas.lt\/en\/wp-json\/wp\/v2\/pages\/3452\/revisions"}],"predecessor-version":[{"id":3606,"href":"https:\/\/iseitiestaskas.lt\/en\/wp-json\/wp\/v2\/pages\/3452\/revisions\/3606"}],"wp:attachment":[{"href":"https:\/\/iseitiestaskas.lt\/en\/wp-json\/wp\/v2\/media?parent=3452"}],"curies":[{"name":"wp","href":"https:\/\/api.w.org\/{rel}","templated":true}]}}