{"id":3492,"date":"2023-08-18T11:52:53","date_gmt":"2023-08-18T11:52:53","guid":{"rendered":"http:\/\/iseitiestaskas.lt\/?page_id=3492"},"modified":"2023-09-01T10:31:19","modified_gmt":"2023-09-01T10:31:19","slug":"2023-m-eskizu-konkursas","status":"publish","type":"page","link":"https:\/\/iseitiestaskas.lt\/en\/2023-m-eskizu-konkursas\/","title":{"rendered":"2023 m. ESKIZ\u0172 KONKURSAS"},"content":{"rendered":"<div data-elementor-type=\"wp-page\" data-elementor-id=\"3492\" class=\"elementor elementor-3492\" data-elementor-settings=\"[]\">\n\t\t\t\t\t\t\t<div class=\"elementor-section-wrap\">\n\t\t\t\t\t\t\t<section class=\"elementor-section elementor-top-section elementor-element elementor-element-313b0fcb elementor-section-boxed elementor-section-height-default elementor-section-height-default\" data-id=\"313b0fcb\" data-element_type=\"section\">\n\t\t\t\t\t\t<div class=\"elementor-container elementor-column-gap-default\">\n\t\t\t\t\t<div class=\"elementor-column elementor-col-100 elementor-top-column elementor-element elementor-element-1c4a4c72\" data-id=\"1c4a4c72\" data-element_type=\"column\">\n\t\t\t<div class=\"elementor-widget-wrap elementor-element-populated\">\n\t\t\t\t\t\t\t\t<div class=\"elementor-element elementor-element-3fe823c9 elementor-widget elementor-widget-heading\" data-id=\"3fe823c9\" data-element_type=\"widget\" data-widget_type=\"heading.default\">\n\t\t\t\t<div class=\"elementor-widget-container\">\n\t\t\t<h2 class=\"elementor-heading-title elementor-size-default\">2023 m. ESKIZ\u0172 KONKURSAS\n<\/h2>\t\t<\/div>\n\t\t\t\t<\/div>\n\t\t\t\t<div class=\"elementor-element elementor-element-7780b39d elementor-widget-divider--view-line elementor-widget elementor-widget-divider\" data-id=\"7780b39d\" data-element_type=\"widget\" data-widget_type=\"divider.default\">\n\t\t\t\t<div class=\"elementor-widget-container\">\n\t\t\t\t\t<div class=\"elementor-divider\">\n\t\t\t<span class=\"elementor-divider-separator\">\n\t\t\t\t\t\t<\/span>\n\t\t<\/div>\n\t\t\t\t<\/div>\n\t\t\t\t<\/div>\n\t\t\t\t<div class=\"elementor-element elementor-element-2164e2cd elementor-widget elementor-widget-text-editor\" data-id=\"2164e2cd\" data-element_type=\"widget\" data-widget_type=\"text-editor.default\">\n\t\t\t\t<div class=\"elementor-widget-container\">\n\t\t\t\t\t\t\t\t<p><em>4 geriausi\u0173 eskiz\u0173 pristatymas<br \/><\/em><strong>Renginai nemokami &#8211; b\u016btina registracija.<\/strong><em><br \/><\/em><\/p>\t\t\t\t\t\t<\/div>\n\t\t\t\t<\/div>\n\t\t\t\t\t<\/div>\n\t\t<\/div>\n\t\t\t\t\t\t\t<\/div>\n\t\t<\/section>\n\t\t\t\t<section class=\"elementor-section elementor-top-section elementor-element elementor-element-1d25d8e9 elementor-section-boxed elementor-section-height-default elementor-section-height-default\" data-id=\"1d25d8e9\" data-element_type=\"section\">\n\t\t\t\t\t\t<div class=\"elementor-container elementor-column-gap-default\">\n\t\t\t\t\t<div class=\"elementor-column elementor-col-50 elementor-top-column elementor-element elementor-element-3816b3a0\" data-id=\"3816b3a0\" data-element_type=\"column\">\n\t\t\t<div class=\"elementor-widget-wrap elementor-element-populated\">\n\t\t\t\t\t\t\t\t<div class=\"elementor-element elementor-element-c54bb9f elementor-widget elementor-widget-image\" data-id=\"c54bb9f\" data-element_type=\"widget\" data-widget_type=\"image.default\">\n\t\t\t\t<div class=\"elementor-widget-container\">\n\t\t\t\t\t\t\t\t\t\t\t\t\t\t\t<img loading=\"lazy\" decoding=\"async\" width=\"570\" height=\"450\" src=\"https:\/\/iseitiestaskas.lt\/wp-content\/uploads\/2023\/08\/Karolis-Zajauskas-1-570x450.jpg\" class=\"attachment-monstroid2-thumb-m-2 size-monstroid2-thumb-m-2\" alt=\"\" \/>\t\t\t\t\t\t\t\t\t\t\t\t\t\t\t<\/div>\n\t\t\t\t<\/div>\n\t\t\t\t<div class=\"elementor-element elementor-element-3eb2bad9 elementor-widget elementor-widget-image\" data-id=\"3eb2bad9\" data-element_type=\"widget\" data-widget_type=\"image.default\">\n\t\t\t\t<div class=\"elementor-widget-container\">\n\t\t\t\t\t\t\t\t\t\t\t\t\t\t\t<img loading=\"lazy\" decoding=\"async\" width=\"570\" height=\"450\" src=\"https:\/\/iseitiestaskas.lt\/wp-content\/uploads\/2023\/08\/Eskizas-ROBOTAO-ZEMAICIU-570x450.jpg\" class=\"attachment-monstroid2-thumb-m-2 size-monstroid2-thumb-m-2\" alt=\"\" \/>\t\t\t\t\t\t\t\t\t\t\t\t\t\t\t<\/div>\n\t\t\t\t<\/div>\n\t\t\t\t<div class=\"elementor-element elementor-element-b32b205 elementor-widget elementor-widget-image\" data-id=\"b32b205\" data-element_type=\"widget\" data-widget_type=\"image.default\">\n\t\t\t\t<div class=\"elementor-widget-container\">\n\t\t\t\t\t\t\t\t\t\t\t\t\t\t\t<img loading=\"lazy\" decoding=\"async\" width=\"570\" height=\"450\" src=\"https:\/\/iseitiestaskas.lt\/wp-content\/uploads\/2023\/08\/Eskizas-AVANGARDISTAI-570x450.jpeg\" class=\"attachment-monstroid2-thumb-m-2 size-monstroid2-thumb-m-2\" alt=\"\" \/>\t\t\t\t\t\t\t\t\t\t\t\t\t\t\t<\/div>\n\t\t\t\t<\/div>\n\t\t\t\t<div class=\"elementor-element elementor-element-b01bafe elementor-widget elementor-widget-image\" data-id=\"b01bafe\" data-element_type=\"widget\" data-widget_type=\"image.default\">\n\t\t\t\t<div class=\"elementor-widget-container\">\n\t\t\t\t\t\t\t\t\t\t\t\t\t\t\t<img loading=\"lazy\" decoding=\"async\" width=\"570\" height=\"450\" src=\"https:\/\/iseitiestaskas.lt\/wp-content\/uploads\/2023\/08\/ESKIZAS-Kontekstas-kabo.-Paukste.-570x450.jpg\" class=\"attachment-monstroid2-thumb-m-2 size-monstroid2-thumb-m-2\" alt=\"\" \/>\t\t\t\t\t\t\t\t\t\t\t\t\t\t\t<\/div>\n\t\t\t\t<\/div>\n\t\t\t\t<div class=\"elementor-element elementor-element-52b55a0 elementor-widget elementor-widget-image\" data-id=\"52b55a0\" data-element_type=\"widget\" data-widget_type=\"image.default\">\n\t\t\t\t<div class=\"elementor-widget-container\">\n\t\t\t\t\t\t\t\t\t\t\t\t\t\t\t<img loading=\"lazy\" decoding=\"async\" width=\"570\" height=\"450\" src=\"https:\/\/iseitiestaskas.lt\/wp-content\/uploads\/2023\/08\/Eskizas-KONTEKSTAS-KABO-570x450.jpg\" class=\"attachment-monstroid2-thumb-m-2 size-monstroid2-thumb-m-2\" alt=\"\" \/>\t\t\t\t\t\t\t\t\t\t\t\t\t\t\t<\/div>\n\t\t\t\t<\/div>\n\t\t\t\t\t<\/div>\n\t\t<\/div>\n\t\t\t\t<div class=\"elementor-column elementor-col-50 elementor-top-column elementor-element elementor-element-258f28df\" data-id=\"258f28df\" data-element_type=\"column\">\n\t\t\t<div class=\"elementor-widget-wrap elementor-element-populated\">\n\t\t\t\t\t\t\t\t<div class=\"elementor-element elementor-element-684dfde6 elementor-widget elementor-widget-spacer\" data-id=\"684dfde6\" data-element_type=\"widget\" data-widget_type=\"spacer.default\">\n\t\t\t\t<div class=\"elementor-widget-container\">\n\t\t\t\t\t<div class=\"elementor-spacer\">\n\t\t\t<div class=\"elementor-spacer-inner\"><\/div>\n\t\t<\/div>\n\t\t\t\t<\/div>\n\t\t\t\t<\/div>\n\t\t\t\t<div class=\"elementor-element elementor-element-79f664a4 elementor-widget elementor-widget-text-editor\" data-id=\"79f664a4\" data-element_type=\"widget\" data-widget_type=\"text-editor.default\">\n\t\t\t\t<div class=\"elementor-widget-container\">\n\t\t\t\t\t\t\t\t<p>Kiekvienais metais festivalio metu yra rengiamas eskiz\u0173 konkursas, kuriame gali dalyvauti visi jaunieji scenos menininkai. Geriausi\u0105 spektaklio eskiz\u0105, i\u0161rinkt\u0105 meno tarybos bei \u017ei\u016brov\u0173, Kauno miesto kamerinis teatras k\u016br\u0117jams padeda paversti \u012f piln\u0105 spektakl\u012f, atsidursiant\u012f teatro repertuare.<\/p><p>Konkurso komisija atrinko 4 geriausius eskizus. \u0160iemet \u017ei\u016brovams Kauno miesto kameriniame teatre savo darbus pristato:<\/p>\t\t\t\t\t\t<\/div>\n\t\t\t\t<\/div>\n\t\t\t\t<div class=\"elementor-element elementor-element-77c9aa00 elementor-widget elementor-widget-heading\" data-id=\"77c9aa00\" data-element_type=\"widget\" data-widget_type=\"heading.default\">\n\t\t\t\t<div class=\"elementor-widget-container\">\n\t\t\t<h4 class=\"elementor-heading-title elementor-size-default\">18:30 Rugs\u0117jo 12 d. KMKT <br><br>\n\nPITERIS PENAS | re\u017e. Karolis Zajauskas<\/h4>\t\t<\/div>\n\t\t\t\t<\/div>\n\t\t\t\t<div class=\"elementor-element elementor-element-b1136ac elementor-widget elementor-widget-text-editor\" data-id=\"b1136ac\" data-element_type=\"widget\" data-widget_type=\"text-editor.default\">\n\t\t\t\t<div class=\"elementor-widget-container\">\n\t\t\t\t\t\t\t\t<p><span style=\"font-weight: 400;\">Viena garsiausi\u0173 J.M Barrie pasak\u0173 <\/span><span style=\"font-weight: 400;\">\u201e<\/span><span style=\"font-weight: 400;\">Piteris Penas\u201d &#8211; tarsi od\u0117 jaunatvei. Jauna, ver\u017eli, egoisti\u0161ka ir kupina laisv\u0117s jaunyst\u0117 tiesiog pl\u016bste pl\u016bsta i\u0161 Barrie para\u0161yt\u0173 \u017eod\u017ei\u0173, o \u0161iame spektaklyje Piteris Penas, kartu su Vende ir kitais berniukais, virs taisykli\u0173 nepaisan\u010diais paaugliais neformalais, kurie gyvendami pogrindyje (<\/span><span style=\"font-weight: 400;\">\u201e<\/span><span style=\"font-weight: 400;\">Niekados \u0161alyje\u201d) m\u0117gaujasi kiekviena ner\u016bpestingumo akimirka, negalvodami apie rytoj\u0173. J\u0173 pagrindinis prie\u0161as, sunkus ir egzistencinis &#8211; laikas. Spektaklis visoms u\u017eaugti skuban\u010dioms Vend\u0117ms bei taip niekad ir neu\u017eaugusiems Piteriams Penams.<\/span><\/p>\t\t\t\t\t\t<\/div>\n\t\t\t\t<\/div>\n\t\t\t\t<div class=\"elementor-element elementor-element-b89e609 elementor-widget elementor-widget-heading\" data-id=\"b89e609\" data-element_type=\"widget\" data-widget_type=\"heading.default\">\n\t\t\t\t<div class=\"elementor-widget-container\">\n\t\t\t<h5 class=\"elementor-heading-title elementor-size-default\">ROBOTAI \u017dEMAI\u010cI\u0172 IR LIETUVOS | re\u017e. Motiejus Ivanauskas\u00a0<\/h5>\t\t<\/div>\n\t\t\t\t<\/div>\n\t\t\t\t<div class=\"elementor-element elementor-element-2b94890 elementor-widget elementor-widget-text-editor\" data-id=\"2b94890\" data-element_type=\"widget\" data-widget_type=\"text-editor.default\">\n\t\t\t\t<div class=\"elementor-widget-container\">\n\t\t\t\t\t\t\t\t<p><span style=\"font-weight: 400;\">Eskizas \u201eRobotai \u017demai\u010di\u0173 ir Lietuvos\u201d inspiruotas veiklos, kuriai beveik visi be i\u0161imties skiriame did\u017ei\u0105j\u0105 savo gyvenimo dal\u012f \u2013 darbo. Naudojant XIX a. prad\u017eioje sukurto Dionizo Po\u0161kos k\u016brinio \u201eMu\u017eikas \u017demai\u010di\u0173 ir Lietuvos\u201d i\u0161traukas kuriamas fikcinis siu\u017eetas, kuriame \u017eaismingai apm\u0105stoma plati darbo tema bei svarstoma, kas laukia netolimoje, ta\u010diau sunkiai nusp\u0117jamoje ateityje.<\/span><\/p>\t\t\t\t\t\t<\/div>\n\t\t\t\t<\/div>\n\t\t\t\t<div class=\"elementor-element elementor-element-1c2539e elementor-align-left elementor-widget elementor-widget-button\" data-id=\"1c2539e\" data-element_type=\"widget\" data-widget_type=\"button.default\">\n\t\t\t\t<div class=\"elementor-widget-container\">\n\t\t\t\t\t<div class=\"elementor-button-wrapper\">\n\t\t\t<a href=\"https:\/\/forms.gle\/N4JLzLv4NsQECDa1A\" class=\"elementor-button-link elementor-button elementor-size-md\" role=\"button\">\n\t\t\t\t\t\t<span class=\"elementor-button-content-wrapper\">\n\t\t\t\t\t\t<span class=\"elementor-button-text\">Registracija<\/span>\n\t\t<\/span>\n\t\t\t\t\t<\/a>\n\t\t<\/div>\n\t\t\t\t<\/div>\n\t\t\t\t<\/div>\n\t\t\t\t<div class=\"elementor-element elementor-element-800088c elementor-widget elementor-widget-spacer\" data-id=\"800088c\" data-element_type=\"widget\" data-widget_type=\"spacer.default\">\n\t\t\t\t<div class=\"elementor-widget-container\">\n\t\t\t\t\t<div class=\"elementor-spacer\">\n\t\t\t<div class=\"elementor-spacer-inner\"><\/div>\n\t\t<\/div>\n\t\t\t\t<\/div>\n\t\t\t\t<\/div>\n\t\t\t\t<div class=\"elementor-element elementor-element-308f4ef8 elementor-widget elementor-widget-spacer\" data-id=\"308f4ef8\" data-element_type=\"widget\" data-widget_type=\"spacer.default\">\n\t\t\t\t<div class=\"elementor-widget-container\">\n\t\t\t\t\t<div class=\"elementor-spacer\">\n\t\t\t<div class=\"elementor-spacer-inner\"><\/div>\n\t\t<\/div>\n\t\t\t\t<\/div>\n\t\t\t\t<\/div>\n\t\t\t\t<div class=\"elementor-element elementor-element-512c430 elementor-widget elementor-widget-heading\" data-id=\"512c430\" data-element_type=\"widget\" data-widget_type=\"heading.default\">\n\t\t\t\t<div class=\"elementor-widget-container\">\n\t\t\t<h4 class=\"elementor-heading-title elementor-size-default\">18:30 Rugs\u0117jo 13 d. KMKT<br><\/h4>\t\t<\/div>\n\t\t\t\t<\/div>\n\t\t\t\t<div class=\"elementor-element elementor-element-c5d0178 elementor-widget elementor-widget-heading\" data-id=\"c5d0178\" data-element_type=\"widget\" data-widget_type=\"heading.default\">\n\t\t\t\t<div class=\"elementor-widget-container\">\n\t\t\t<h5 class=\"elementor-heading-title elementor-size-default\">AVANGARDISTAI | re\u017e. Jonas Kuprevi\u010dius \n<\/h5>\t\t<\/div>\n\t\t\t\t<\/div>\n\t\t\t\t<div class=\"elementor-element elementor-element-eed6f18 elementor-widget elementor-widget-text-editor\" data-id=\"eed6f18\" data-element_type=\"widget\" data-widget_type=\"text-editor.default\">\n\t\t\t\t<div class=\"elementor-widget-container\">\n\t\t\t\t\t\t\t\t<p><span style=\"font-weight: 400;\">Eskizas pagal Fluxus tekstus, avangardin\u0119 muzik\u0105 ir \u0161iuolaikinio lietuvi\u0173 dramaturgo, poeto, prozininko Herkaus Kun\u010diaus pjes\u0119 ,,Avangardistai\u201c. Tai dokumentin\u0117 drama, para\u0161yta remiantis garsi\u0173j\u0173 Fluxus jud\u0117jimo nari\u0173, toki\u0173 kaip D\u017eonas Lenonas, Yoko Ono, Jurgis Ma\u010di\u016bnas ir Jonas Mekas susira\u0161in\u0117jimais, citatomis. Pjes\u0117, ironizuojanti fluxus jud\u0117jimo atsiradim\u0105 ir esm\u0119, nagrin\u0117ja avangardinio meno i\u0161tak\u0173, menininko pasaul\u0117\u017ei\u016bros ir gyvenimo b\u016bdo temas.<\/span><\/p>\t\t\t\t\t\t<\/div>\n\t\t\t\t<\/div>\n\t\t\t\t<div class=\"elementor-element elementor-element-415fed7 elementor-widget elementor-widget-heading\" data-id=\"415fed7\" data-element_type=\"widget\" data-widget_type=\"heading.default\">\n\t\t\t\t<div class=\"elementor-widget-container\">\n\t\t\t<h5 class=\"elementor-heading-title elementor-size-default\">KONTEKSTAS KABO | re\u017e. Vaiva Pauk\u0161t\u0117 ir Adrian Carlo Bibiano<\/h5>\t\t<\/div>\n\t\t\t\t<\/div>\n\t\t\t\t<div class=\"elementor-element elementor-element-b6e41c7 elementor-widget elementor-widget-text-editor\" data-id=\"b6e41c7\" data-element_type=\"widget\" data-widget_type=\"text-editor.default\">\n\t\t\t\t<div class=\"elementor-widget-container\">\n\t\t\t\t\t\t\t\t<p><span style=\"font-weight: 400;\">\u0160okio spektaklis, kuriuo siekiama \u0161maik\u0161\u010diai ir absurdi\u0161kai tyrin\u0117ti konteksto atribojim\u0105, lyg trumpam pakabinus j\u012f ore pa\u017eaisti su naujai kuriamomis reik\u0161m\u0117mis per \u0161iuolaikinio \u0161okio ir verblin\u0119 kalbas bei tyrin\u0117ti \u0161ioms reik\u0161m\u0117ms darom\u0105 konteksto \u012ftak\u0105.<\/span><\/p>\t\t\t\t\t\t<\/div>\n\t\t\t\t<\/div>\n\t\t\t\t<div class=\"elementor-element elementor-element-9514433 elementor-align-left elementor-widget elementor-widget-button\" data-id=\"9514433\" data-element_type=\"widget\" data-widget_type=\"button.default\">\n\t\t\t\t<div class=\"elementor-widget-container\">\n\t\t\t\t\t<div class=\"elementor-button-wrapper\">\n\t\t\t<a href=\"https:\/\/forms.gle\/HG9GJkRGTPDCzo6B6\" class=\"elementor-button-link elementor-button elementor-size-md\" role=\"button\">\n\t\t\t\t\t\t<span class=\"elementor-button-content-wrapper\">\n\t\t\t\t\t\t<span class=\"elementor-button-text\">Registracija<\/span>\n\t\t<\/span>\n\t\t\t\t\t<\/a>\n\t\t<\/div>\n\t\t\t\t<\/div>\n\t\t\t\t<\/div>\n\t\t\t\t<div class=\"elementor-element elementor-element-5b56323 elementor-widget elementor-widget-text-editor\" data-id=\"5b56323\" data-element_type=\"widget\" data-widget_type=\"text-editor.default\">\n\t\t\t\t<div class=\"elementor-widget-container\">\n\t\t\t\t\t\t\t\t<p>\u00a0<\/p><p><span style=\"font-weight: 400;\">Daugiau apie 2023 m. eskiz\u0173 konkurs\u0105 skaitykite <a href=\"https:\/\/kaunaspilnas.lt\/rugeji-grizta-teatro-festivalis-iseities-taskas-ir-jaunuju-kureju-eskizu-konkursas\/?fbclid=IwAR1UzNJeKatxCpD-BU6-DaCbWeyYUifQ4f0eZ4PlHcZLpQkwA4gtMf8-NPo\">Kaunas Pilnas Kult\u016bros<\/a><\/span><\/p>\t\t\t\t\t\t<\/div>\n\t\t\t\t<\/div>\n\t\t\t\t\t<\/div>\n\t\t<\/div>\n\t\t\t\t\t\t\t<\/div>\n\t\t<\/section>\n\t\t\t\t<section class=\"elementor-section elementor-top-section elementor-element elementor-element-32c028f1 elementor-section-full_width elementor-section-height-default elementor-section-height-default\" data-id=\"32c028f1\" data-element_type=\"section\" data-settings=\"{&quot;background_background&quot;:&quot;classic&quot;}\">\n\t\t\t\t\t\t<div class=\"elementor-container elementor-column-gap-default\">\n\t\t\t\t\t<div class=\"elementor-column elementor-col-100 elementor-top-column elementor-element elementor-element-15113dd2\" data-id=\"15113dd2\" data-element_type=\"column\">\n\t\t\t<div class=\"elementor-widget-wrap elementor-element-populated\">\n\t\t\t\t\t\t\t\t<div class=\"elementor-element elementor-element-1a6dd7bc elementor-widget elementor-widget-heading\" data-id=\"1a6dd7bc\" data-element_type=\"widget\" data-widget_type=\"heading.default\">\n\t\t\t\t<div class=\"elementor-widget-container\">\n\t\t\t<h2 class=\"elementor-heading-title elementor-size-default\">Taip pat domint\u0173<\/h2>\t\t<\/div>\n\t\t\t\t<\/div>\n\t\t\t\t<div class=\"elementor-element elementor-element-54549fc2 elementor-widget-divider--view-line elementor-widget elementor-widget-divider\" data-id=\"54549fc2\" data-element_type=\"widget\" data-widget_type=\"divider.default\">\n\t\t\t\t<div class=\"elementor-widget-container\">\n\t\t\t\t\t<div class=\"elementor-divider\">\n\t\t\t<span class=\"elementor-divider-separator\">\n\t\t\t\t\t\t<\/span>\n\t\t<\/div>\n\t\t\t\t<\/div>\n\t\t\t\t<\/div>\n\t\t\t\t\t<\/div>\n\t\t<\/div>\n\t\t\t\t\t\t\t<\/div>\n\t\t<\/section>\n\t\t\t\t<section class=\"elementor-section elementor-top-section elementor-element elementor-element-06b4224 elementor-section-boxed elementor-section-height-default elementor-section-height-default\" data-id=\"06b4224\" data-element_type=\"section\">\n\t\t\t\t\t\t<div class=\"elementor-container elementor-column-gap-default\">\n\t\t\t\t\t<div class=\"elementor-column elementor-col-100 elementor-top-column elementor-element elementor-element-dd217da\" data-id=\"dd217da\" data-element_type=\"column\">\n\t\t\t<div class=\"elementor-widget-wrap elementor-element-populated\">\n\t\t\t\t\t\t\t\t<div class=\"elementor-element elementor-element-047f081 elementor-widget elementor-widget-jet-portfolio\" data-id=\"047f081\" data-element_type=\"widget\" data-widget_type=\"jet-portfolio.default\">\n\t\t\t\t<div class=\"elementor-widget-container\">\n\t\t\t<div class=\"elementor-jet-portfolio jet-elements\">\n<div class=\"jet-portfolio layout-type-grid preset-type-4 layout-desktop-column-4 layout-tablet-column-2 layout-mobile-column-1\" data-settings=\"{&quot;layoutType&quot;:&quot;grid&quot;,&quot;columns&quot;:&quot;4&quot;,&quot;columnsTablet&quot;:&quot;2&quot;,&quot;columnsMobile&quot;:&quot;1&quot;,&quot;perPage&quot;:6}\"><div class=\"jet-portfolio__list\"><article class=\"jet-portfolio__item visible-status\" data-slug=\"{&quot;0&quot;:&quot;all&quot;}\">\n\t<div class=\"jet-portfolio__inner\">\n\t\t<a class=\"jet-portfolio__link\" href=\"http:\/\/iseitiestaskas.lt\/wp-content\/uploads\/2023\/08\/Dulkes.jpg\" data-elementor-open-lightbox=\"yes\">\n\t\t\t<div class=\"jet-portfolio__image\">\n\t\t\t\t<img decoding=\"async\" class=\"jet-portfolio__image-instance\" src=\"https:\/\/iseitiestaskas.lt\/wp-content\/uploads\/2023\/08\/Dulkes.jpg\" width=\"2048\" height=\"1367\"  alt=\"Dulk\u0117s\" loading=\"lazy\">\t\t\t\t<div class=\"jet-portfolio__image-loader\"><span><\/span><\/div>\n\t\t\t<\/div>\n\t\t<\/a>\n\t\t<div class=\"jet-portfolio__content\">\n\t\t\t<div class=\"jet-portfolio__content-inner\"><span class=\"jet-portfolio__title\">DUST<\/span><p class=\"jet-portfolio__desc\">dir. Justinas Vinci\u016bnas<\/p><a class=\"elementor-button elementor-size-md jet-portfolio__button\" href=\"https:\/\/iseitiestaskas.lt\/en\/dulkes\/\"><span class=\"jet-portfolio__button-text\">+<\/span><\/a><\/div>\n\t\t<\/div>\n\t<\/div>\n<\/article><article class=\"jet-portfolio__item visible-status\" data-slug=\"{&quot;0&quot;:&quot;all&quot;}\">\n\t<div class=\"jet-portfolio__inner\">\n\t\t<a class=\"jet-portfolio__link\" href=\"http:\/\/iseitiestaskas.lt\/wp-content\/uploads\/2023\/08\/Vegetacine-bukle-scaled.jpeg\" data-elementor-open-lightbox=\"yes\">\n\t\t\t<div class=\"jet-portfolio__image\">\n\t\t\t\t<img decoding=\"async\" class=\"jet-portfolio__image-instance\" src=\"https:\/\/iseitiestaskas.lt\/wp-content\/uploads\/2023\/08\/Vegetacine-bukle-scaled.jpeg\" width=\"2560\" height=\"1707\"  alt=\"Vegetacin\u0117 b\u016bkl\u0117\" loading=\"lazy\">\t\t\t\t<div class=\"jet-portfolio__image-loader\"><span><\/span><\/div>\n\t\t\t<\/div>\n\t\t<\/a>\n\t\t<div class=\"jet-portfolio__content\">\n\t\t\t<div class=\"jet-portfolio__content-inner\"><span class=\"jet-portfolio__title\">VEGETATION STATE<\/span><p class=\"jet-portfolio__desc\">dir.  Naubertas Jasinskas<\/p><a class=\"elementor-button elementor-size-md jet-portfolio__button\" href=\"https:\/\/iseitiestaskas.lt\/en\/vegetacine-bukle\/\"><span class=\"jet-portfolio__button-text\">+<\/span><\/a><\/div>\n\t\t<\/div>\n\t<\/div>\n<\/article><article class=\"jet-portfolio__item visible-status\" data-slug=\"{&quot;0&quot;:&quot;all&quot;}\">\n\t<div class=\"jet-portfolio__inner\">\n\t\t<a class=\"jet-portfolio__link\" href=\"http:\/\/iseitiestaskas.lt\/wp-content\/uploads\/2023\/08\/PIRK-DRAMBLI.jpeg\" data-elementor-open-lightbox=\"yes\">\n\t\t\t<div class=\"jet-portfolio__image\">\n\t\t\t\t<img decoding=\"async\" class=\"jet-portfolio__image-instance\" src=\"https:\/\/iseitiestaskas.lt\/wp-content\/uploads\/2023\/08\/PIRK-DRAMBLI.jpeg\" width=\"960\" height=\"960\"  alt=\"PIRK DRAMBLI\" loading=\"lazy\">\t\t\t\t<div class=\"jet-portfolio__image-loader\"><span><\/span><\/div>\n\t\t\t<\/div>\n\t\t<\/a>\n\t\t<div class=\"jet-portfolio__content\">\n\t\t\t<div class=\"jet-portfolio__content-inner\"><span class=\"jet-portfolio__title\">BUY AN ELEPHANT <\/span><p class=\"jet-portfolio__desc\">dir. Egl\u0117 Ki\u017eait\u0117 <\/p><a class=\"elementor-button elementor-size-md jet-portfolio__button\" href=\"https:\/\/iseitiestaskas.lt\/en\/pirk-drambli\/\"><span class=\"jet-portfolio__button-text\">+<\/span><\/a><\/div>\n\t\t<\/div>\n\t<\/div>\n<\/article><article class=\"jet-portfolio__item visible-status\" data-slug=\"{&quot;0&quot;:&quot;all&quot;}\">\n\t<div class=\"jet-portfolio__inner\">\n\t\t<a class=\"jet-portfolio__link\" href=\"http:\/\/iseitiestaskas.lt\/wp-content\/uploads\/2023\/08\/AND-WHO-WILL-REMEMBER-ME-AFTER-ALL_-.jpeg\" data-elementor-open-lightbox=\"yes\">\n\t\t\t<div class=\"jet-portfolio__image\">\n\t\t\t\t<img decoding=\"async\" class=\"jet-portfolio__image-instance\" src=\"https:\/\/iseitiestaskas.lt\/wp-content\/uploads\/2023\/08\/AND-WHO-WILL-REMEMBER-ME-AFTER-ALL_-.jpeg\" width=\"430\" height=\"280\"  alt=\"AND WHO WILL REMEMBER ME AFTER ALL_\" loading=\"lazy\">\t\t\t\t<div class=\"jet-portfolio__image-loader\"><span><\/span><\/div>\n\t\t\t<\/div>\n\t\t<\/a>\n\t\t<div class=\"jet-portfolio__content\">\n\t\t\t<div class=\"jet-portfolio__content-inner\"><span class=\"jet-portfolio__title\">SO WHO WILL REMEMBER ME IN THE END?<\/span><p class=\"jet-portfolio__desc\">dir. Barbara Lehtna<\/p><a class=\"elementor-button elementor-size-md jet-portfolio__button\" href=\"https:\/\/iseitiestaskas.lt\/en\/so-who-will-remember-me-in-the-end\/\"><span class=\"jet-portfolio__button-text\">+<\/span><\/a><\/div>\n\t\t<\/div>\n\t<\/div>\n<\/article><\/div><\/div>\n<\/div>\t\t<\/div>\n\t\t\t\t<\/div>\n\t\t\t\t\t<\/div>\n\t\t<\/div>\n\t\t\t\t\t\t\t<\/div>\n\t\t<\/section>\n\t\t\t\t\t\t<\/div>\n\t\t\t\t\t<\/div>","protected":false},"excerpt":{"rendered":"<p>2023 m. ESKIZ\u0172 KONKURSAS 4 geriausi\u0173 eskiz\u0173 pristatymasRenginai nemokami &#8211; b\u016btina registracija. Kiekvienais metais festivalio metu yra rengiamas eskiz\u0173 konkursas, kuriame gali dalyvauti visi jaunieji scenos menininkai. Geriausi\u0105 spektaklio eskiz\u0105, i\u0161rinkt\u0105 meno tarybos bei \u017ei\u016brov\u0173, Kauno miesto kamerinis teatras k\u016br\u0117jams padeda paversti \u012f piln\u0105 spektakl\u012f, atsidursiant\u012f teatro repertuare. Konkurso komisija atrinko 4 geriausius eskizus. \u0160iemet [&hellip;]<\/p>","protected":false},"author":1,"featured_media":0,"parent":0,"menu_order":0,"comment_status":"closed","ping_status":"closed","template":"","meta":{"om_disable_all_campaigns":false,"_monsterinsights_skip_tracking":false,"_monsterinsights_sitenote_active":false,"_monsterinsights_sitenote_note":"","_monsterinsights_sitenote_category":0,"footnotes":""},"aioseo_notices":[],"_links":{"self":[{"href":"https:\/\/iseitiestaskas.lt\/en\/wp-json\/wp\/v2\/pages\/3492"}],"collection":[{"href":"https:\/\/iseitiestaskas.lt\/en\/wp-json\/wp\/v2\/pages"}],"about":[{"href":"https:\/\/iseitiestaskas.lt\/en\/wp-json\/wp\/v2\/types\/page"}],"author":[{"embeddable":true,"href":"https:\/\/iseitiestaskas.lt\/en\/wp-json\/wp\/v2\/users\/1"}],"replies":[{"embeddable":true,"href":"https:\/\/iseitiestaskas.lt\/en\/wp-json\/wp\/v2\/comments?post=3492"}],"version-history":[{"count":31,"href":"https:\/\/iseitiestaskas.lt\/en\/wp-json\/wp\/v2\/pages\/3492\/revisions"}],"predecessor-version":[{"id":3794,"href":"https:\/\/iseitiestaskas.lt\/en\/wp-json\/wp\/v2\/pages\/3492\/revisions\/3794"}],"wp:attachment":[{"href":"https:\/\/iseitiestaskas.lt\/en\/wp-json\/wp\/v2\/media?parent=3492"}],"curies":[{"name":"wp","href":"https:\/\/api.w.org\/{rel}","templated":true}]}}