{"id":4165,"date":"2024-08-20T12:04:49","date_gmt":"2024-08-20T12:04:49","guid":{"rendered":"http:\/\/iseitiestaskas.lt\/?page_id=4165"},"modified":"2024-08-22T12:32:51","modified_gmt":"2024-08-22T12:32:51","slug":"itch","status":"publish","type":"page","link":"https:\/\/iseitiestaskas.lt\/en\/itch\/","title":{"rendered":"ITCH"},"content":{"rendered":"<p><strong>PERFORMANCE<\/strong><br>Rugs\u0117jo 21 d. (\u0161e\u0161tadienis) 19:00<br>Teatronas<br>re\u017e. Gildas Aleksa<br>Length: 60 min.&nbsp;<br>Kaunas City Chamber Theatre, Great Hall<\/p>\n\n\n\n<p><em>\u0160iuolaikinio cirko ir teatro spektaklis apie mirties baim\u0119<\/em><\/p>\n\n\n\n<p>Mirties baim\u0117 yra viena da\u017eniausi\u0173 nerimo prie\u017eas\u010di\u0173, da\u017enai pasirei\u0161kian\u010di\u0173 \u012fvairiais netiesioginiais b\u016bdais. \u0160io spektaklio literat\u016brin\u0117 atspirtis yra psichoterapeuto Irvino D. Yalomo knyga \u201e\u017di\u016br\u0117ti \u012f saul\u0119: kaip \u012fveikti mirties baim\u0117\u201c, kurioje mirties baim\u0117 nagrin\u0117jama per literat\u016bros, filosofijos ir I. Yalomo pacient\u0173 patri\u010di\u0173 prizm\u0119. Ta\u010diau \u0161i literat\u016bra naudojama tik kaip \u012fkv\u0117pimas absoliu\u010diai naujai cirko ir teatro dramaturgijai kurti. Nerimas, skub\u0117jimas ka\u017ek\u0105 pasiekti, socialinis atsiribojimas, konflikti\u0161kumas \u2013 tai tik ma\u017ea dalel\u0117 da\u017en\u0173 m\u016bs\u0173 laikme\u010dio simptom\u0173, kurie i\u0161 ties\u0173 gali sl\u0117pti nerim\u0105 d\u0117l mirties.<\/p>\n\n\n\n<p>Dabartiniame kontekste, kai mirtis yra taip lengvai pasiekiama, gali i\u0161tikti netik\u0117tai bet kur\u012f \u017emog\u0173 i\u0161 artimos aplinkos, pandemijos, karas, ekologin\u0117 katastrofa ir netik\u0117ti kiti \u012fvykiai, kalb\u0117ti apie itin nat\u016brali\u0105 baim\u0119 yra tinkamas laikas. Ypa\u010d kai apie \u0161\u012f nerim\u0105 kalbama ne pamokan\u010diai i\u0161rei\u0161kiant pagrindin\u0119 mint\u012f, o klausimus kelian\u010dia judesio kalba. \u201eITCH\u201c \u2013 naujosios Teatrono krypties, sujungian\u010dios \u0161iuolaikin\u012f cirk\u0105 ir teatr\u0105, pirmasis spektaklis.<\/p>\n\n\n\n<p>Re\u017eisierius: Gildas Aleksa<br>Kompozitorius: Jok\u016bbas Tulaba<br>Kostiumai: Kotryna Klara Rupainyt\u0117<br>Atlik\u0117jai: Kasparas Bujanauskas, D\u017eiugas Kunsmanas, Milda Jonaityt\u0117<\/p>\n\n\n\n<div class=\"wp-block-columns is-layout-flex wp-container-core-columns-is-layout-1 wp-block-columns-is-layout-flex\">\n<div class=\"wp-block-column is-layout-flow wp-block-column-is-layout-flow\" style=\"flex-basis:100%\">\n<figure class=\"wp-block-gallery has-nested-images columns-default is-cropped wp-block-gallery-1 is-layout-flex wp-block-gallery-is-layout-flex\">\n<figure class=\"wp-block-image size-large\"><img loading=\"lazy\" decoding=\"async\" width=\"1024\" height=\"681\" src=\"http:\/\/iseitiestaskas.lt\/wp-content\/uploads\/2024\/08\/667d5165a9166516626742-1024x681.jpg\" alt=\"\" class=\"wp-image-4297\" srcset=\"https:\/\/iseitiestaskas.lt\/wp-content\/uploads\/2024\/08\/667d5165a9166516626742-1024x681.jpg 1024w, https:\/\/iseitiestaskas.lt\/wp-content\/uploads\/2024\/08\/667d5165a9166516626742-300x200.jpg 300w, https:\/\/iseitiestaskas.lt\/wp-content\/uploads\/2024\/08\/667d5165a9166516626742-768x511.jpg 768w, https:\/\/iseitiestaskas.lt\/wp-content\/uploads\/2024\/08\/667d5165a9166516626742-391x260.jpg 391w, https:\/\/iseitiestaskas.lt\/wp-content\/uploads\/2024\/08\/667d5165a9166516626742-1536x1022.jpg 1536w, https:\/\/iseitiestaskas.lt\/wp-content\/uploads\/2024\/08\/667d5165a9166516626742-2048x1363.jpg 2048w, https:\/\/iseitiestaskas.lt\/wp-content\/uploads\/2024\/08\/667d5165a9166516626742-18x12.jpg 18w, https:\/\/iseitiestaskas.lt\/wp-content\/uploads\/2024\/08\/667d5165a9166516626742-600x399.jpg 600w\" sizes=\"(max-width: 1024px) 100vw, 1024px\" \/><\/figure>\n\n\n\n<figure class=\"wp-block-image size-large\"><img loading=\"lazy\" decoding=\"async\" width=\"1024\" height=\"681\" src=\"http:\/\/iseitiestaskas.lt\/wp-content\/uploads\/2024\/08\/667d516421a1a942085010-1024x681.jpg\" alt=\"\" class=\"wp-image-4298\" srcset=\"https:\/\/iseitiestaskas.lt\/wp-content\/uploads\/2024\/08\/667d516421a1a942085010-1024x681.jpg 1024w, https:\/\/iseitiestaskas.lt\/wp-content\/uploads\/2024\/08\/667d516421a1a942085010-300x200.jpg 300w, https:\/\/iseitiestaskas.lt\/wp-content\/uploads\/2024\/08\/667d516421a1a942085010-768x511.jpg 768w, https:\/\/iseitiestaskas.lt\/wp-content\/uploads\/2024\/08\/667d516421a1a942085010-391x260.jpg 391w, https:\/\/iseitiestaskas.lt\/wp-content\/uploads\/2024\/08\/667d516421a1a942085010-1536x1022.jpg 1536w, https:\/\/iseitiestaskas.lt\/wp-content\/uploads\/2024\/08\/667d516421a1a942085010-2048x1363.jpg 2048w, https:\/\/iseitiestaskas.lt\/wp-content\/uploads\/2024\/08\/667d516421a1a942085010-18x12.jpg 18w, https:\/\/iseitiestaskas.lt\/wp-content\/uploads\/2024\/08\/667d516421a1a942085010-600x399.jpg 600w\" sizes=\"(max-width: 1024px) 100vw, 1024px\" \/><\/figure>\n\n\n\n<figure class=\"wp-block-image size-large\"><img loading=\"lazy\" decoding=\"async\" width=\"1024\" height=\"681\" src=\"http:\/\/iseitiestaskas.lt\/wp-content\/uploads\/2024\/08\/667d5166637d0288838667-1024x681.jpg\" alt=\"\" class=\"wp-image-4296\" srcset=\"https:\/\/iseitiestaskas.lt\/wp-content\/uploads\/2024\/08\/667d5166637d0288838667-1024x681.jpg 1024w, https:\/\/iseitiestaskas.lt\/wp-content\/uploads\/2024\/08\/667d5166637d0288838667-300x200.jpg 300w, https:\/\/iseitiestaskas.lt\/wp-content\/uploads\/2024\/08\/667d5166637d0288838667-768x511.jpg 768w, https:\/\/iseitiestaskas.lt\/wp-content\/uploads\/2024\/08\/667d5166637d0288838667-391x260.jpg 391w, https:\/\/iseitiestaskas.lt\/wp-content\/uploads\/2024\/08\/667d5166637d0288838667-1536x1022.jpg 1536w, https:\/\/iseitiestaskas.lt\/wp-content\/uploads\/2024\/08\/667d5166637d0288838667-2048x1363.jpg 2048w, https:\/\/iseitiestaskas.lt\/wp-content\/uploads\/2024\/08\/667d5166637d0288838667-18x12.jpg 18w, https:\/\/iseitiestaskas.lt\/wp-content\/uploads\/2024\/08\/667d5166637d0288838667-600x399.jpg 600w\" sizes=\"(max-width: 1024px) 100vw, 1024px\" \/><\/figure>\n\n\n\n<figure class=\"wp-block-image size-large\"><img loading=\"lazy\" decoding=\"async\" width=\"1024\" height=\"681\" src=\"http:\/\/iseitiestaskas.lt\/wp-content\/uploads\/2024\/08\/thumb__0_0_0_0_auto-1024x681.jpg\" alt=\"\" class=\"wp-image-4299\" srcset=\"https:\/\/iseitiestaskas.lt\/wp-content\/uploads\/2024\/08\/thumb__0_0_0_0_auto-1024x681.jpg 1024w, https:\/\/iseitiestaskas.lt\/wp-content\/uploads\/2024\/08\/thumb__0_0_0_0_auto-300x200.jpg 300w, https:\/\/iseitiestaskas.lt\/wp-content\/uploads\/2024\/08\/thumb__0_0_0_0_auto-768x511.jpg 768w, https:\/\/iseitiestaskas.lt\/wp-content\/uploads\/2024\/08\/thumb__0_0_0_0_auto-391x260.jpg 391w, https:\/\/iseitiestaskas.lt\/wp-content\/uploads\/2024\/08\/thumb__0_0_0_0_auto-1536x1022.jpg 1536w, https:\/\/iseitiestaskas.lt\/wp-content\/uploads\/2024\/08\/thumb__0_0_0_0_auto-2048x1363.jpg 2048w, https:\/\/iseitiestaskas.lt\/wp-content\/uploads\/2024\/08\/thumb__0_0_0_0_auto-18x12.jpg 18w, https:\/\/iseitiestaskas.lt\/wp-content\/uploads\/2024\/08\/thumb__0_0_0_0_auto-600x399.jpg 600w\" sizes=\"(max-width: 1024px) 100vw, 1024px\" \/><\/figure>\n<\/figure>\n<\/div>\n<\/div>","protected":false},"excerpt":{"rendered":"<p>SPEKTAKLISRugs\u0117jo 21 d. (\u0161e\u0161tadienis) 19:00Teatronasre\u017e. Gildas AleksaTrukm\u0117: 60 min.&nbsp;Kauno miesto kamerinis teatras, Did\u017eioji sal\u0117 \u0160iuolaikinio cirko ir teatro spektaklis apie mirties baim\u0119 Mirties baim\u0117 yra viena da\u017eniausi\u0173 nerimo prie\u017eas\u010di\u0173, da\u017enai pasirei\u0161kian\u010di\u0173 \u012fvairiais netiesioginiais b\u016bdais. \u0160io spektaklio literat\u016brin\u0117 atspirtis yra psichoterapeuto Irvino D. Yalomo knyga \u201e\u017di\u016br\u0117ti \u012f saul\u0119: kaip \u012fveikti mirties baim\u0117\u201c, kurioje mirties baim\u0117 nagrin\u0117jama [&hellip;]<\/p>","protected":false},"author":1,"featured_media":0,"parent":0,"menu_order":0,"comment_status":"closed","ping_status":"closed","template":"","meta":{"om_disable_all_campaigns":false,"_monsterinsights_skip_tracking":false,"_monsterinsights_sitenote_active":false,"_monsterinsights_sitenote_note":"","_monsterinsights_sitenote_category":0,"footnotes":""},"aioseo_notices":[],"_links":{"self":[{"href":"https:\/\/iseitiestaskas.lt\/en\/wp-json\/wp\/v2\/pages\/4165"}],"collection":[{"href":"https:\/\/iseitiestaskas.lt\/en\/wp-json\/wp\/v2\/pages"}],"about":[{"href":"https:\/\/iseitiestaskas.lt\/en\/wp-json\/wp\/v2\/types\/page"}],"author":[{"embeddable":true,"href":"https:\/\/iseitiestaskas.lt\/en\/wp-json\/wp\/v2\/users\/1"}],"replies":[{"embeddable":true,"href":"https:\/\/iseitiestaskas.lt\/en\/wp-json\/wp\/v2\/comments?post=4165"}],"version-history":[{"count":9,"href":"https:\/\/iseitiestaskas.lt\/en\/wp-json\/wp\/v2\/pages\/4165\/revisions"}],"predecessor-version":[{"id":4300,"href":"https:\/\/iseitiestaskas.lt\/en\/wp-json\/wp\/v2\/pages\/4165\/revisions\/4300"}],"wp:attachment":[{"href":"https:\/\/iseitiestaskas.lt\/en\/wp-json\/wp\/v2\/media?parent=4165"}],"curies":[{"name":"wp","href":"https:\/\/api.w.org\/{rel}","templated":true}]}}