{"id":4189,"date":"2024-08-21T11:01:22","date_gmt":"2024-08-21T11:01:22","guid":{"rendered":"http:\/\/iseitiestaskas.lt\/?page_id=4189"},"modified":"2024-09-11T08:37:19","modified_gmt":"2024-09-11T08:37:19","slug":"beton-beton-i-love-you","status":"publish","type":"page","link":"https:\/\/iseitiestaskas.lt\/en\/beton-beton-i-love-you\/","title":{"rendered":"BETON BETON I LOVE YOU"},"content":{"rendered":"<p><strong>GATV\u0116S SPEKTAKLIS<\/strong><br>Rugs\u0117jo 29 d. (sekmadienis) 15:00 ir 18:00<strong><br><\/strong>Length: 1 h. 30 min.<br>Kalnie\u010di\u0173 mikrorajonas. Prad\u017eia: Savanori\u0173 pr. 350 \u0161alia \u201eAdmiral Club\u201c<br>Renginys nemokamas. Registracija \u012f\u00a0<a href=\"https:\/\/docs.google.com\/forms\/d\/e\/1FAIpQLSc4T3iQ8DJh8A_H3dPJqHMukaCRG8fEUimyoxsbtIaD3GOL7w\/viewform?usp=sf_link\">15 val.\u00a0<\/a>ekskursij\u0105.\u00a0<br><strong>Viet\u0173 \u012f 18 val. ekskursij\u0105 neb\u0117ra, registracija u\u017edaryta.<\/strong><br>N-14<\/p>\n\n\n\n<p>\u0160altas, pilkas betonas, o lygiai toks pat ir dangus, kuriame kartais, tik kartais i\u0161vysdavom saul\u0119. Paklyd\u0119 gatv\u0117mis, bast\u0117m\u0117s daugelis, nenor\u0117dami gr\u012f\u017eti namo, net sutemus, o v\u0117liau \u2013&nbsp; jau ir au\u0161tant. Slampin\u0117jant tarp betonini\u0173 nam\u0173, kur kiekvienas kampas savas, kiekvienas veidas \u017einomas, jau toks iki skausmo matytas ir \u012fgris\u0119s. O kartu \u2013 taip stipriai primenantis namus.<\/p>\n\n\n\n<p>Vakarais skambanti muzika, kurios niekur daugiau pasaulyje nei\u0161girsi. Ji naktyse, toje beor\u0117je tamsoje, kur laikas slenka kitaip. Kur b\u016bsenos kinta ir keliauja laiku. \u012e praeit\u012f \u2013 i\u0161 kurios gird\u017eiu \u0161auksmus savo kadaise pamest\u0173 dali\u0173. I\u0161barstyt\u0173 \u0161aligatviuose, laiptin\u0117se, apleistuose pastatuose, pirmame bu\u010dinyje, cigaret\u0117je, nusivylime, sulau\u017eytoje draugyst\u0117je, praradime.<\/p>\n\n\n\n<p>K\u0105 mes i\u0161barst\u0117me ir k\u0105 vis m\u0117giname susirinkti atgal? Gr\u012f\u017etant \u012f tas pa\u010dias, asfaltu ir jauduliu kvepian\u010dias, vasaros dienas. Jau \u0161\u012f kart mintimis, sapnais, fragmenti\u0161kais prisiminimais. \u012esig\u0117r\u0119s \u012f k\u016bn\u0105 asfaltas, pa\u017eenklin\u0119s mus istorijomis \u2013 tomis, kuri\u0173 u\u017emir\u0161ti nesinori, ir kitomis \u2013 kurios svajojam, kad niekada neb\u016bt\u0173 \u012fvykusios. Tereikia u\u017eeiti \u012f laiptin\u0119 ir kilti auk\u0161tyn. Ten, kur skamba ilgesingi balsai ir aidintys \u017eingsniai, atsimu\u0161antys \u012f betonines sienas. \u012e tas pa\u010dias, kurios kartais atrodo, ir tapo vis\u0173 m\u016bs\u0173 namais.<\/p>\n\n\n\n<p>Vaidina: Dominykas Vaitiek\u016bnas, Vaiva Ona Mak\u016bnait\u0117, Armanda Rudelyt\u0117, Justina Biek\u0161ait\u0117, Rugil\u0117 Jankauskyt\u0117 (Kristina Baranauskait\u0117)<br>Kompozitorius: Edvinas Sili\u016bnas<br>Kostium\u0173 dizaineris: Paulius Ve\u010deris<\/p>\n\n\n\n<figure class=\"wp-block-gallery has-nested-images columns-default is-cropped wp-block-gallery-1 is-layout-flex wp-block-gallery-is-layout-flex\">\n<figure class=\"wp-block-image size-large\"><img loading=\"lazy\" decoding=\"async\" width=\"1024\" height=\"683\" data-id=\"4191\" src=\"http:\/\/iseitiestaskas.lt\/wp-content\/uploads\/2024\/08\/Beton-Beton-89-1-1024x683.jpg\" alt=\"\" class=\"wp-image-4191\" srcset=\"https:\/\/iseitiestaskas.lt\/wp-content\/uploads\/2024\/08\/Beton-Beton-89-1-1024x683.jpg 1024w, https:\/\/iseitiestaskas.lt\/wp-content\/uploads\/2024\/08\/Beton-Beton-89-1-300x200.jpg 300w, https:\/\/iseitiestaskas.lt\/wp-content\/uploads\/2024\/08\/Beton-Beton-89-1-768x512.jpg 768w, https:\/\/iseitiestaskas.lt\/wp-content\/uploads\/2024\/08\/Beton-Beton-89-1-391x260.jpg 391w, https:\/\/iseitiestaskas.lt\/wp-content\/uploads\/2024\/08\/Beton-Beton-89-1-1536x1024.jpg 1536w, https:\/\/iseitiestaskas.lt\/wp-content\/uploads\/2024\/08\/Beton-Beton-89-1-2048x1365.jpg 2048w, https:\/\/iseitiestaskas.lt\/wp-content\/uploads\/2024\/08\/Beton-Beton-89-1-18x12.jpg 18w, https:\/\/iseitiestaskas.lt\/wp-content\/uploads\/2024\/08\/Beton-Beton-89-1-600x400.jpg 600w\" sizes=\"(max-width: 1024px) 100vw, 1024px\" \/><\/figure>\n\n\n\n<figure class=\"wp-block-image size-large\"><img loading=\"lazy\" decoding=\"async\" width=\"1024\" height=\"683\" data-id=\"4193\" src=\"http:\/\/iseitiestaskas.lt\/wp-content\/uploads\/2024\/08\/Beton-Beton-93-1024x683.jpg\" alt=\"\" class=\"wp-image-4193\" srcset=\"https:\/\/iseitiestaskas.lt\/wp-content\/uploads\/2024\/08\/Beton-Beton-93-1024x683.jpg 1024w, https:\/\/iseitiestaskas.lt\/wp-content\/uploads\/2024\/08\/Beton-Beton-93-300x200.jpg 300w, https:\/\/iseitiestaskas.lt\/wp-content\/uploads\/2024\/08\/Beton-Beton-93-768x512.jpg 768w, https:\/\/iseitiestaskas.lt\/wp-content\/uploads\/2024\/08\/Beton-Beton-93-391x260.jpg 391w, https:\/\/iseitiestaskas.lt\/wp-content\/uploads\/2024\/08\/Beton-Beton-93-1536x1024.jpg 1536w, https:\/\/iseitiestaskas.lt\/wp-content\/uploads\/2024\/08\/Beton-Beton-93-2048x1365.jpg 2048w, https:\/\/iseitiestaskas.lt\/wp-content\/uploads\/2024\/08\/Beton-Beton-93-18x12.jpg 18w, https:\/\/iseitiestaskas.lt\/wp-content\/uploads\/2024\/08\/Beton-Beton-93-600x400.jpg 600w\" sizes=\"(max-width: 1024px) 100vw, 1024px\" \/><\/figure>\n\n\n\n<figure class=\"wp-block-image size-large\"><img loading=\"lazy\" decoding=\"async\" width=\"1024\" height=\"683\" data-id=\"4192\" src=\"http:\/\/iseitiestaskas.lt\/wp-content\/uploads\/2024\/08\/Beton-Beton-96-2-1024x683.jpg\" alt=\"\" class=\"wp-image-4192\" srcset=\"https:\/\/iseitiestaskas.lt\/wp-content\/uploads\/2024\/08\/Beton-Beton-96-2-1024x683.jpg 1024w, https:\/\/iseitiestaskas.lt\/wp-content\/uploads\/2024\/08\/Beton-Beton-96-2-300x200.jpg 300w, https:\/\/iseitiestaskas.lt\/wp-content\/uploads\/2024\/08\/Beton-Beton-96-2-768x512.jpg 768w, https:\/\/iseitiestaskas.lt\/wp-content\/uploads\/2024\/08\/Beton-Beton-96-2-391x260.jpg 391w, https:\/\/iseitiestaskas.lt\/wp-content\/uploads\/2024\/08\/Beton-Beton-96-2-1536x1024.jpg 1536w, https:\/\/iseitiestaskas.lt\/wp-content\/uploads\/2024\/08\/Beton-Beton-96-2-2048x1365.jpg 2048w, https:\/\/iseitiestaskas.lt\/wp-content\/uploads\/2024\/08\/Beton-Beton-96-2-18x12.jpg 18w, https:\/\/iseitiestaskas.lt\/wp-content\/uploads\/2024\/08\/Beton-Beton-96-2-600x400.jpg 600w\" sizes=\"(max-width: 1024px) 100vw, 1024px\" \/><\/figure>\n\n\n\n<figure class=\"wp-block-image size-large\"><img loading=\"lazy\" decoding=\"async\" width=\"1024\" height=\"683\" data-id=\"4190\" src=\"http:\/\/iseitiestaskas.lt\/wp-content\/uploads\/2024\/08\/Beton-Beton-99-1-1024x683.jpg\" alt=\"\" class=\"wp-image-4190\" srcset=\"https:\/\/iseitiestaskas.lt\/wp-content\/uploads\/2024\/08\/Beton-Beton-99-1-1024x683.jpg 1024w, https:\/\/iseitiestaskas.lt\/wp-content\/uploads\/2024\/08\/Beton-Beton-99-1-300x200.jpg 300w, https:\/\/iseitiestaskas.lt\/wp-content\/uploads\/2024\/08\/Beton-Beton-99-1-768x512.jpg 768w, https:\/\/iseitiestaskas.lt\/wp-content\/uploads\/2024\/08\/Beton-Beton-99-1-391x260.jpg 391w, https:\/\/iseitiestaskas.lt\/wp-content\/uploads\/2024\/08\/Beton-Beton-99-1-1536x1024.jpg 1536w, https:\/\/iseitiestaskas.lt\/wp-content\/uploads\/2024\/08\/Beton-Beton-99-1-2048x1365.jpg 2048w, https:\/\/iseitiestaskas.lt\/wp-content\/uploads\/2024\/08\/Beton-Beton-99-1-18x12.jpg 18w, https:\/\/iseitiestaskas.lt\/wp-content\/uploads\/2024\/08\/Beton-Beton-99-1-600x400.jpg 600w\" sizes=\"(max-width: 1024px) 100vw, 1024px\" \/><\/figure>\n<\/figure>","protected":false},"excerpt":{"rendered":"<p>GATV\u0116S SPEKTAKLISRugs\u0117jo 29 d. (sekmadienis) 15:00 ir 18:00Trukm\u0117: 1 val. 30 min.Kalnie\u010di\u0173 mikrorajonas. Prad\u017eia: Savanori\u0173 pr. 350 \u0161alia \u201eAdmiral Club\u201cRenginys nemokamas. Registracija \u012f\u00a015 val.\u00a0ekskursij\u0105.\u00a0Viet\u0173 \u012f 18 val. ekskursij\u0105 neb\u0117ra, registracija u\u017edaryta.N-14 \u0160altas, pilkas betonas, o lygiai toks pat ir dangus, kuriame kartais, tik kartais i\u0161vysdavom saul\u0119. Paklyd\u0119 gatv\u0117mis, bast\u0117m\u0117s daugelis, nenor\u0117dami gr\u012f\u017eti namo, net sutemus, [&hellip;]<\/p>","protected":false},"author":1,"featured_media":0,"parent":0,"menu_order":0,"comment_status":"closed","ping_status":"closed","template":"","meta":{"om_disable_all_campaigns":false,"_monsterinsights_skip_tracking":false,"_monsterinsights_sitenote_active":false,"_monsterinsights_sitenote_note":"","_monsterinsights_sitenote_category":0,"footnotes":""},"aioseo_notices":[],"_links":{"self":[{"href":"https:\/\/iseitiestaskas.lt\/en\/wp-json\/wp\/v2\/pages\/4189"}],"collection":[{"href":"https:\/\/iseitiestaskas.lt\/en\/wp-json\/wp\/v2\/pages"}],"about":[{"href":"https:\/\/iseitiestaskas.lt\/en\/wp-json\/wp\/v2\/types\/page"}],"author":[{"embeddable":true,"href":"https:\/\/iseitiestaskas.lt\/en\/wp-json\/wp\/v2\/users\/1"}],"replies":[{"embeddable":true,"href":"https:\/\/iseitiestaskas.lt\/en\/wp-json\/wp\/v2\/comments?post=4189"}],"version-history":[{"count":6,"href":"https:\/\/iseitiestaskas.lt\/en\/wp-json\/wp\/v2\/pages\/4189\/revisions"}],"predecessor-version":[{"id":4541,"href":"https:\/\/iseitiestaskas.lt\/en\/wp-json\/wp\/v2\/pages\/4189\/revisions\/4541"}],"wp:attachment":[{"href":"https:\/\/iseitiestaskas.lt\/en\/wp-json\/wp\/v2\/media?parent=4189"}],"curies":[{"name":"wp","href":"https:\/\/api.w.org\/{rel}","templated":true}]}}