{"id":4195,"date":"2024-08-21T11:34:44","date_gmt":"2024-08-21T11:34:44","guid":{"rendered":"http:\/\/iseitiestaskas.lt\/?page_id=4195"},"modified":"2024-09-04T12:08:41","modified_gmt":"2024-09-04T12:08:41","slug":"erase-for-prosperity","status":"publish","type":"page","link":"https:\/\/iseitiestaskas.lt\/en\/erase-for-prosperity\/","title":{"rendered":"ERASE FOR PROSPERITY"},"content":{"rendered":"<p><strong>AUDIOVIZUALINIS \u0160OKIO SPEKTAKLIS<\/strong><br>Rugs\u0117jo 26 d. (ketvirtadienis) 18:00<br>BTT<br>re\u017e. Armanda Rudelyt\u0117<br>Trukm\u0117: 45 min.&nbsp;<br>Kaunas City Chamber Theatre, Great Hall<\/p>\n\n\n\n<p>Kaip veikia prisiminimai? K\u0105 prisiminimai turi bendro su magnetine juosta? K\u0105 magnetin\u0117 juosta turi bendro su \u0161okiu? Kokius prisiminimus mes saugome, o kokius bandome i\u0161trinti? Ar galima i\u0161tartus \u017eod\u017eius, padalinti \u012f tolimus prisiminimus, ma\u017eas daleles, jas dekonstruoti ir i\u0161trinti?<\/p>\n\n\n\n<p>\u017dod\u017ei\u0173 prasmi\u0173 i\u0161sitrynim\u0105, filosofas Jacques Derrida \u012fvardijo kaip nei\u0161vengiam\u0105 dalyk\u0105, kadangi reik\u0161m\u0117s ir prasm\u0117s yra nepatikimos, nes pati kalba, kuri perduoda prasm\u0119, yra nuolat kintanti ir nykstanti. \u017dod\u017eiai ir garsai yra tokie patys laikini kaip ir aplinka kurioje jie t\u016bno. I\u0161 ties\u0173, garsas paleistas \u012f pasaul\u012f lieka jame am\u017einai klajonei \u2013 atsimu\u0161damas nuo vieno daikto \u012f kit\u0105, nuo kito \u012f antr\u0105 ir atgal. Kol gal\u0173 gale, m\u016bs\u0173 pa\u010di\u0173 prisiminimai, kartu su a\u0161aromis po truput\u012f pasimir\u0161, i\u0161trindami visus savo egzistavimo \u012frodymus ir netgi pa\u010dius mus.<\/p>\n\n\n\n<p>Re\u017eisier\u0117: Armanda Rudelyt\u0117<br>Kompozitorius ir atlik\u0117jas, video projekcij\u0173 k\u016br\u0117jas: Ignas \u0160oli\u016bnas<br>\u0160ok\u0117jai: Dominyka Markevi\u010di\u016bt\u0117 ir Povilas Jurgaitis<br>Kostium\u0173 dizaineris: Paulius Ve\u010dera<br>Fotograf\u0117: Ilm\u0117 Vy\u0161niauskait\u0117<\/p>\n\n\n\n<p><\/p>\n\n\n\n<figure class=\"wp-block-gallery has-nested-images columns-default is-cropped wp-block-gallery-1 is-layout-flex wp-block-gallery-is-layout-flex\">\n<figure class=\"wp-block-image size-large\"><img loading=\"lazy\" decoding=\"async\" width=\"1024\" height=\"731\" data-id=\"4202\" src=\"http:\/\/iseitiestaskas.lt\/wp-content\/uploads\/2024\/08\/1erase-for-prosperity-1024x731.jpg\" alt=\"\" class=\"wp-image-4202\" srcset=\"https:\/\/iseitiestaskas.lt\/wp-content\/uploads\/2024\/08\/1erase-for-prosperity-1024x731.jpg 1024w, https:\/\/iseitiestaskas.lt\/wp-content\/uploads\/2024\/08\/1erase-for-prosperity-300x214.jpg 300w, https:\/\/iseitiestaskas.lt\/wp-content\/uploads\/2024\/08\/1erase-for-prosperity-768x548.jpg 768w, https:\/\/iseitiestaskas.lt\/wp-content\/uploads\/2024\/08\/1erase-for-prosperity-1536x1097.jpg 1536w, https:\/\/iseitiestaskas.lt\/wp-content\/uploads\/2024\/08\/1erase-for-prosperity-2048x1463.jpg 2048w, https:\/\/iseitiestaskas.lt\/wp-content\/uploads\/2024\/08\/1erase-for-prosperity-18x12.jpg 18w, https:\/\/iseitiestaskas.lt\/wp-content\/uploads\/2024\/08\/1erase-for-prosperity-370x265.jpg 370w, https:\/\/iseitiestaskas.lt\/wp-content\/uploads\/2024\/08\/1erase-for-prosperity-600x429.jpg 600w\" sizes=\"(max-width: 1024px) 100vw, 1024px\" \/><\/figure>\n\n\n\n<figure class=\"wp-block-image size-large\"><img loading=\"lazy\" decoding=\"async\" width=\"1024\" height=\"731\" data-id=\"4201\" src=\"http:\/\/iseitiestaskas.lt\/wp-content\/uploads\/2024\/08\/2erase-for-prosperity-1024x731.jpg\" alt=\"\" class=\"wp-image-4201\" srcset=\"https:\/\/iseitiestaskas.lt\/wp-content\/uploads\/2024\/08\/2erase-for-prosperity-1024x731.jpg 1024w, https:\/\/iseitiestaskas.lt\/wp-content\/uploads\/2024\/08\/2erase-for-prosperity-300x214.jpg 300w, https:\/\/iseitiestaskas.lt\/wp-content\/uploads\/2024\/08\/2erase-for-prosperity-768x548.jpg 768w, https:\/\/iseitiestaskas.lt\/wp-content\/uploads\/2024\/08\/2erase-for-prosperity-1536x1097.jpg 1536w, https:\/\/iseitiestaskas.lt\/wp-content\/uploads\/2024\/08\/2erase-for-prosperity-2048x1463.jpg 2048w, https:\/\/iseitiestaskas.lt\/wp-content\/uploads\/2024\/08\/2erase-for-prosperity-18x12.jpg 18w, https:\/\/iseitiestaskas.lt\/wp-content\/uploads\/2024\/08\/2erase-for-prosperity-370x265.jpg 370w, https:\/\/iseitiestaskas.lt\/wp-content\/uploads\/2024\/08\/2erase-for-prosperity-600x429.jpg 600w\" sizes=\"(max-width: 1024px) 100vw, 1024px\" \/><\/figure>\n\n\n\n<figure class=\"wp-block-image size-large\"><img loading=\"lazy\" decoding=\"async\" width=\"1024\" height=\"731\" data-id=\"4199\" src=\"http:\/\/iseitiestaskas.lt\/wp-content\/uploads\/2024\/08\/3erase-for-prosperity-1024x731.jpg\" alt=\"\" class=\"wp-image-4199\" srcset=\"https:\/\/iseitiestaskas.lt\/wp-content\/uploads\/2024\/08\/3erase-for-prosperity-1024x731.jpg 1024w, https:\/\/iseitiestaskas.lt\/wp-content\/uploads\/2024\/08\/3erase-for-prosperity-300x214.jpg 300w, https:\/\/iseitiestaskas.lt\/wp-content\/uploads\/2024\/08\/3erase-for-prosperity-768x548.jpg 768w, https:\/\/iseitiestaskas.lt\/wp-content\/uploads\/2024\/08\/3erase-for-prosperity-1536x1097.jpg 1536w, https:\/\/iseitiestaskas.lt\/wp-content\/uploads\/2024\/08\/3erase-for-prosperity-2048x1463.jpg 2048w, https:\/\/iseitiestaskas.lt\/wp-content\/uploads\/2024\/08\/3erase-for-prosperity-18x12.jpg 18w, https:\/\/iseitiestaskas.lt\/wp-content\/uploads\/2024\/08\/3erase-for-prosperity-370x265.jpg 370w, https:\/\/iseitiestaskas.lt\/wp-content\/uploads\/2024\/08\/3erase-for-prosperity-600x429.jpg 600w\" sizes=\"(max-width: 1024px) 100vw, 1024px\" \/><\/figure>\n\n\n\n<figure class=\"wp-block-image size-large\"><img loading=\"lazy\" decoding=\"async\" width=\"1024\" height=\"731\" data-id=\"4200\" src=\"http:\/\/iseitiestaskas.lt\/wp-content\/uploads\/2024\/08\/4erase-for-prosperity-1024x731.jpg\" alt=\"\" class=\"wp-image-4200\" srcset=\"https:\/\/iseitiestaskas.lt\/wp-content\/uploads\/2024\/08\/4erase-for-prosperity-1024x731.jpg 1024w, https:\/\/iseitiestaskas.lt\/wp-content\/uploads\/2024\/08\/4erase-for-prosperity-300x214.jpg 300w, https:\/\/iseitiestaskas.lt\/wp-content\/uploads\/2024\/08\/4erase-for-prosperity-768x548.jpg 768w, https:\/\/iseitiestaskas.lt\/wp-content\/uploads\/2024\/08\/4erase-for-prosperity-1536x1097.jpg 1536w, https:\/\/iseitiestaskas.lt\/wp-content\/uploads\/2024\/08\/4erase-for-prosperity-2048x1463.jpg 2048w, https:\/\/iseitiestaskas.lt\/wp-content\/uploads\/2024\/08\/4erase-for-prosperity-18x12.jpg 18w, https:\/\/iseitiestaskas.lt\/wp-content\/uploads\/2024\/08\/4erase-for-prosperity-370x265.jpg 370w, https:\/\/iseitiestaskas.lt\/wp-content\/uploads\/2024\/08\/4erase-for-prosperity-600x429.jpg 600w\" sizes=\"(max-width: 1024px) 100vw, 1024px\" \/><\/figure>\n<\/figure>","protected":false},"excerpt":{"rendered":"<p>AUDIOVIZUALINIS \u0160OKIO SPEKTAKLISRugs\u0117jo 26 d. (ketvirtadienis) 18:00BTTre\u017e. Armanda Rudelyt\u0117Trukm\u0117: 45 min.&nbsp;Kauno miesto kamerinis teatras, Did\u017eioji sal\u0117 Kaip veikia prisiminimai? K\u0105 prisiminimai turi bendro su magnetine juosta? K\u0105 magnetin\u0117 juosta turi bendro su \u0161okiu? Kokius prisiminimus mes saugome, o kokius bandome i\u0161trinti? Ar galima i\u0161tartus \u017eod\u017eius, padalinti \u012f tolimus prisiminimus, ma\u017eas daleles, jas dekonstruoti ir i\u0161trinti? [&hellip;]<\/p>","protected":false},"author":1,"featured_media":0,"parent":0,"menu_order":0,"comment_status":"closed","ping_status":"closed","template":"","meta":{"om_disable_all_campaigns":false,"_monsterinsights_skip_tracking":false,"_monsterinsights_sitenote_active":false,"_monsterinsights_sitenote_note":"","_monsterinsights_sitenote_category":0,"footnotes":""},"aioseo_notices":[],"_links":{"self":[{"href":"https:\/\/iseitiestaskas.lt\/en\/wp-json\/wp\/v2\/pages\/4195"}],"collection":[{"href":"https:\/\/iseitiestaskas.lt\/en\/wp-json\/wp\/v2\/pages"}],"about":[{"href":"https:\/\/iseitiestaskas.lt\/en\/wp-json\/wp\/v2\/types\/page"}],"author":[{"embeddable":true,"href":"https:\/\/iseitiestaskas.lt\/en\/wp-json\/wp\/v2\/users\/1"}],"replies":[{"embeddable":true,"href":"https:\/\/iseitiestaskas.lt\/en\/wp-json\/wp\/v2\/comments?post=4195"}],"version-history":[{"count":2,"href":"https:\/\/iseitiestaskas.lt\/en\/wp-json\/wp\/v2\/pages\/4195\/revisions"}],"predecessor-version":[{"id":4531,"href":"https:\/\/iseitiestaskas.lt\/en\/wp-json\/wp\/v2\/pages\/4195\/revisions\/4531"}],"wp:attachment":[{"href":"https:\/\/iseitiestaskas.lt\/en\/wp-json\/wp\/v2\/media?parent=4195"}],"curies":[{"name":"wp","href":"https:\/\/api.w.org\/{rel}","templated":true}]}}