{"id":4208,"date":"2024-08-21T13:35:27","date_gmt":"2024-08-21T13:35:27","guid":{"rendered":"http:\/\/iseitiestaskas.lt\/?page_id=4208"},"modified":"2024-08-21T13:35:29","modified_gmt":"2024-08-21T13:35:29","slug":"hold-me-tight","status":"publish","type":"page","link":"https:\/\/iseitiestaskas.lt\/en\/hold-me-tight\/","title":{"rendered":"HOLD ME TIGHT"},"content":{"rendered":"<p><strong>GUESTS FROM LATVIA<\/strong><br>Rugs\u0117jo 25 d. (tre\u010diadienis) 18:00<br>GIT (Latvija)<br>re\u017eisierius Art\u016brs \u010cukurs<br>Length: 60 min.\u00a0<br>Kaunas City Chamber Theatre, Great Hall<\/p>\n\n\n\n<p>HOLD ME TIGHT (liet. LAIKYK MANE TVIRTAI) \u2013 vizualinis teatro spektaklis, kuris kartu yra ir asmenin\u0117 istorija, ir poetin\u0117 dedikacija prisiminimams, kuriuos ne\u0161iojam\u0117s su savimi. Da\u017enai daiktus i\u0161 ties\u0173 pamatome tik tada, kai m\u016bs\u0173 santykis su jais nutr\u016bksta. Perdegusi lemput\u0117, sudau\u017eytas i\u0161maniojo telefono ekranas ar sul\u016b\u017e\u0119s kulnas priver\u010dia suvokti, kaip stipriai priklausome nuo mus supan\u010di\u0173 daikt\u0173 ir primena mums apie m\u016bs\u0173 tarpusavio priklausomyb\u0119. Kai baigiasi draugyst\u0117, nutr\u016bksta ilgalaikiai santykiai arba netenkame giminai\u010dio ar mylimo \u017emogaus, suvokiame ka\u017ek\u0105 pana\u0161aus: netektis leid\u017eia mums pamatyti tai, ko neb\u0117ra ir i\u0161 naujo tai \u012fvertinti. HOLD ME TIGHT \u2013 tai atminties peiza\u017eo fragmentas ir asmenin\u0117 istorija apie sen\u0105 \u0161irdg\u0117l\u0105 ir ilg\u0105 atsisveikinim\u0105, apie tai, kaip i\u0161 naujo susitaikyti su pasauliu ir rasti kitoki\u0173 b\u016bd\u0173 v\u0117l su juo bendrauti.<\/p>\n\n\n\n<p>\u201eSpektaklis yra kolektyvin\u0117 dedikacija labai asmeni\u0161kam prisiminimui apie dien\u0105, kai mir\u0117 mano t\u0117vas. Ta diena pakeit\u0117 mano gyvenim\u0105, palikdama p\u0117dsakus, kurie tur\u0117jo did\u017eiul\u0119 gravitacin\u0119 j\u0117g\u0105 v\u0117lesn\u0117ms mano patirtims \u2013 jie suformavo mane ir mano santyk\u012f su aplinkiniu pasauliu. HOLD ME TIGHT yra solo spektaklis tik s\u0105lyginai \u2013 be man\u0119s, jame taip pat dalyvauja daugyb\u0117 objekt\u0173, kuri\u0173 vyksm\u0105 pastat\u0117me \u012f spektaklio centr\u0105. Objektai yra aktyv\u016bs dalyviai, kvie\u010diantys \u017ei\u016brovus pa\u017evelgti \u012f save kaip \u012f daikt\u0173 visum\u0105, sudaryt\u0105 i\u0161 \u017emoni\u0173, objekt\u0173 ir kra\u0161tovaizd\u017ei\u0173, su kuriais susiduriame, \u012fvyki\u0173, kuriuos patiriame, ir \u012fvairi\u0173 tekst\u016br\u0173, spalv\u0173, gars\u0173 bei nuotaik\u0173, kuriose gyvename ir kurias ne\u0161iojam\u0117s su savimi.\u201c<\/p>\n\n\n\n<p>Re\u017eisierius, atlik\u0117jas: Art\u016brs \u010cukurs<br>Dramaturg\u0117: Sodja Zupanc Lotker<br>Choreograf\u0117: Alise Madara Bokaldere<br>Scenografai: Marta Madara Granti\u0146a, Beate Poik\u0101ne<br>Garso dailininkas: Alberts Levics<br>Vizualinis identitetas: Aleksejus Be\u013ceckis<br>Ap\u0161vietimas: d&#8217;n&#8217;a<\/p>\n\n\n\n<figure class=\"wp-block-gallery has-nested-images columns-default is-cropped wp-block-gallery-1 is-layout-flex wp-block-gallery-is-layout-flex\">\n<figure class=\"wp-block-image size-large\"><img loading=\"lazy\" decoding=\"async\" width=\"1024\" height=\"683\" data-id=\"4209\" src=\"http:\/\/iseitiestaskas.lt\/wp-content\/uploads\/2024\/08\/20240213-DSC00014-1024x683.jpg\" alt=\"\" class=\"wp-image-4209\" srcset=\"https:\/\/iseitiestaskas.lt\/wp-content\/uploads\/2024\/08\/20240213-DSC00014-1024x683.jpg 1024w, https:\/\/iseitiestaskas.lt\/wp-content\/uploads\/2024\/08\/20240213-DSC00014-300x200.jpg 300w, https:\/\/iseitiestaskas.lt\/wp-content\/uploads\/2024\/08\/20240213-DSC00014-768x512.jpg 768w, https:\/\/iseitiestaskas.lt\/wp-content\/uploads\/2024\/08\/20240213-DSC00014-391x260.jpg 391w, https:\/\/iseitiestaskas.lt\/wp-content\/uploads\/2024\/08\/20240213-DSC00014-1536x1025.jpg 1536w, https:\/\/iseitiestaskas.lt\/wp-content\/uploads\/2024\/08\/20240213-DSC00014-2048x1366.jpg 2048w, https:\/\/iseitiestaskas.lt\/wp-content\/uploads\/2024\/08\/20240213-DSC00014-18x12.jpg 18w, https:\/\/iseitiestaskas.lt\/wp-content\/uploads\/2024\/08\/20240213-DSC00014-600x400.jpg 600w\" sizes=\"(max-width: 1024px) 100vw, 1024px\" \/><\/figure>\n\n\n\n<figure class=\"wp-block-image size-large\"><img loading=\"lazy\" decoding=\"async\" width=\"1024\" height=\"683\" data-id=\"4210\" src=\"http:\/\/iseitiestaskas.lt\/wp-content\/uploads\/2024\/08\/20240213-DSC00034-1024x683.jpg\" alt=\"\" class=\"wp-image-4210\" srcset=\"https:\/\/iseitiestaskas.lt\/wp-content\/uploads\/2024\/08\/20240213-DSC00034-1024x683.jpg 1024w, https:\/\/iseitiestaskas.lt\/wp-content\/uploads\/2024\/08\/20240213-DSC00034-300x200.jpg 300w, https:\/\/iseitiestaskas.lt\/wp-content\/uploads\/2024\/08\/20240213-DSC00034-768x512.jpg 768w, https:\/\/iseitiestaskas.lt\/wp-content\/uploads\/2024\/08\/20240213-DSC00034-391x260.jpg 391w, https:\/\/iseitiestaskas.lt\/wp-content\/uploads\/2024\/08\/20240213-DSC00034-1536x1025.jpg 1536w, https:\/\/iseitiestaskas.lt\/wp-content\/uploads\/2024\/08\/20240213-DSC00034-2048x1366.jpg 2048w, https:\/\/iseitiestaskas.lt\/wp-content\/uploads\/2024\/08\/20240213-DSC00034-18x12.jpg 18w, https:\/\/iseitiestaskas.lt\/wp-content\/uploads\/2024\/08\/20240213-DSC00034-600x400.jpg 600w\" sizes=\"(max-width: 1024px) 100vw, 1024px\" \/><\/figure>\n\n\n\n<figure class=\"wp-block-image size-large\"><img loading=\"lazy\" decoding=\"async\" width=\"1024\" height=\"683\" data-id=\"4212\" src=\"http:\/\/iseitiestaskas.lt\/wp-content\/uploads\/2024\/08\/20240213-DSC09946-1024x683.jpg\" alt=\"\" class=\"wp-image-4212\" srcset=\"https:\/\/iseitiestaskas.lt\/wp-content\/uploads\/2024\/08\/20240213-DSC09946-1024x683.jpg 1024w, https:\/\/iseitiestaskas.lt\/wp-content\/uploads\/2024\/08\/20240213-DSC09946-300x200.jpg 300w, https:\/\/iseitiestaskas.lt\/wp-content\/uploads\/2024\/08\/20240213-DSC09946-768x512.jpg 768w, https:\/\/iseitiestaskas.lt\/wp-content\/uploads\/2024\/08\/20240213-DSC09946-391x260.jpg 391w, https:\/\/iseitiestaskas.lt\/wp-content\/uploads\/2024\/08\/20240213-DSC09946-1536x1025.jpg 1536w, https:\/\/iseitiestaskas.lt\/wp-content\/uploads\/2024\/08\/20240213-DSC09946-2048x1366.jpg 2048w, https:\/\/iseitiestaskas.lt\/wp-content\/uploads\/2024\/08\/20240213-DSC09946-18x12.jpg 18w, https:\/\/iseitiestaskas.lt\/wp-content\/uploads\/2024\/08\/20240213-DSC09946-600x400.jpg 600w\" sizes=\"(max-width: 1024px) 100vw, 1024px\" \/><\/figure>\n\n\n\n<figure class=\"wp-block-image size-large\"><img loading=\"lazy\" decoding=\"async\" width=\"1024\" height=\"683\" data-id=\"4211\" src=\"http:\/\/iseitiestaskas.lt\/wp-content\/uploads\/2024\/08\/20240213-DSC09956-1024x683.jpg\" alt=\"\" class=\"wp-image-4211\" srcset=\"https:\/\/iseitiestaskas.lt\/wp-content\/uploads\/2024\/08\/20240213-DSC09956-1024x683.jpg 1024w, https:\/\/iseitiestaskas.lt\/wp-content\/uploads\/2024\/08\/20240213-DSC09956-300x200.jpg 300w, https:\/\/iseitiestaskas.lt\/wp-content\/uploads\/2024\/08\/20240213-DSC09956-768x512.jpg 768w, https:\/\/iseitiestaskas.lt\/wp-content\/uploads\/2024\/08\/20240213-DSC09956-391x260.jpg 391w, https:\/\/iseitiestaskas.lt\/wp-content\/uploads\/2024\/08\/20240213-DSC09956-1536x1025.jpg 1536w, https:\/\/iseitiestaskas.lt\/wp-content\/uploads\/2024\/08\/20240213-DSC09956-2048x1366.jpg 2048w, https:\/\/iseitiestaskas.lt\/wp-content\/uploads\/2024\/08\/20240213-DSC09956-18x12.jpg 18w, https:\/\/iseitiestaskas.lt\/wp-content\/uploads\/2024\/08\/20240213-DSC09956-600x400.jpg 600w\" sizes=\"(max-width: 1024px) 100vw, 1024px\" \/><\/figure>\n<\/figure>","protected":false},"excerpt":{"rendered":"<p>SVE\u010cIAI I\u0160 LATVIJOSRugs\u0117jo 25 d. (tre\u010diadienis) 18:00GIT (Latvija)re\u017eisierius Art\u016brs \u010cukursTrukm\u0117: 60 min.\u00a0Kauno miesto kamerinis teatras, Did\u017eioji sal\u0117 HOLD ME TIGHT (liet. LAIKYK MANE TVIRTAI) \u2013 vizualinis teatro spektaklis, kuris kartu yra ir asmenin\u0117 istorija, ir poetin\u0117 dedikacija prisiminimams, kuriuos ne\u0161iojam\u0117s su savimi. Da\u017enai daiktus i\u0161 ties\u0173 pamatome tik tada, kai m\u016bs\u0173 santykis su jais nutr\u016bksta. [&hellip;]<\/p>","protected":false},"author":1,"featured_media":0,"parent":0,"menu_order":0,"comment_status":"closed","ping_status":"closed","template":"","meta":{"om_disable_all_campaigns":false,"_monsterinsights_skip_tracking":false,"_monsterinsights_sitenote_active":false,"_monsterinsights_sitenote_note":"","_monsterinsights_sitenote_category":0,"footnotes":""},"aioseo_notices":[],"_links":{"self":[{"href":"https:\/\/iseitiestaskas.lt\/en\/wp-json\/wp\/v2\/pages\/4208"}],"collection":[{"href":"https:\/\/iseitiestaskas.lt\/en\/wp-json\/wp\/v2\/pages"}],"about":[{"href":"https:\/\/iseitiestaskas.lt\/en\/wp-json\/wp\/v2\/types\/page"}],"author":[{"embeddable":true,"href":"https:\/\/iseitiestaskas.lt\/en\/wp-json\/wp\/v2\/users\/1"}],"replies":[{"embeddable":true,"href":"https:\/\/iseitiestaskas.lt\/en\/wp-json\/wp\/v2\/comments?post=4208"}],"version-history":[{"count":1,"href":"https:\/\/iseitiestaskas.lt\/en\/wp-json\/wp\/v2\/pages\/4208\/revisions"}],"predecessor-version":[{"id":4213,"href":"https:\/\/iseitiestaskas.lt\/en\/wp-json\/wp\/v2\/pages\/4208\/revisions\/4213"}],"wp:attachment":[{"href":"https:\/\/iseitiestaskas.lt\/en\/wp-json\/wp\/v2\/media?parent=4208"}],"curies":[{"name":"wp","href":"https:\/\/api.w.org\/{rel}","templated":true}]}}