{"id":4214,"date":"2024-08-21T13:47:35","date_gmt":"2024-08-21T13:47:35","guid":{"rendered":"http:\/\/iseitiestaskas.lt\/?page_id=4214"},"modified":"2024-08-21T14:04:39","modified_gmt":"2024-08-21T14:04:39","slug":"sapnuojanti-grazuole","status":"publish","type":"page","link":"https:\/\/iseitiestaskas.lt\/en\/sapnuojanti-grazuole\/","title":{"rendered":"SAPNUOJANTI GRA\u017dUOL\u0116"},"content":{"rendered":"<p><strong>PERFORMATIVE PERFORMANCE<\/strong><br>Rugs\u0117jo 19 d. (ketvirtadienis) 18:00<br>LOW AIR, LMTA<br>Trukm\u0117: 45 min.<br>Kaunas City Chamber Theatre, Great Hall<\/p>\n\n\n\n<p>\u201eSapnuojanti gra\u017euol\u0117\u201c \u2013 tai judesio spektaklis, paremtas Charles Perrault pasaka \u201eMiegan\u010dioji gra\u017euol\u0117\u201c ir jos pirmtake Giambattista Basile pasaka \u201eSaul\u0117, M\u0117nulis ir Talija\u201c (vert\u0117 V. Klip\u010dius). Per jas, o tiksliau, tarp j\u0173 kuriama nei vienoje j\u0173 neapra\u0161yta, autonomin\u0117 sapno erdv\u0117, kurioje komanda tyrin\u0117ja lyties ir naratyvo ry\u0161\u012f. K\u016br\u0117jai siekia pakeisti \u017ei\u016bros ta\u0161k\u0105 i\u0161 i\u0161orinio, vyri\u0161kojo \u017evilgsnio, kuris mato \u201erausvus it koralai skruostus\u201c \u012f vidin\u0119 miegan\u010diosios gra\u017euol\u0117s patirt\u012f, jos sapni\u0161k\u0105 realyb\u0119, tokiu b\u016bdu griaunant fikcin\u0117s \u201emoters\u201c \u012fvaizd\u012f ir atsigr\u0119\u017eiant \u012f jos vidin\u012f patyrim\u0105.&nbsp;<\/p>\n\n\n\n<p>Lau\u017eant ir mai\u0161ant scenin\u012f ir \u0161i\u0173 dviej\u0173 pasak\u0173 naratyvus, kartais \u0161maik\u0161\u010diai, o kartais ir rimtai \u0161ios skirtingos versijos ir \u017ei\u016bros ta\u0161kai pinasi tarpusavyje, o spektaklis klaid\u017eioja sapnuose tarp i\u0161kylan\u010di\u0173 prisiminim\u0173 ir skirting\u0173 jos likim\u0173. \u0160is spektaklis \u2013 magistro darbo \u201eJudesio spektaklio \u201eSapnuojanti gra\u017euol\u0117\u201c k\u016brybos procesas: lyties ir naratyvo ry\u0161ys\u201c k\u016brybinis rezultatas.<\/p>\n\n\n\n<p>K\u016brybin\u0117 komanda: Vaiva Pauk\u0161t\u0117, Marius Gotbergas, Elmyra Ragimova, Barbora Groblyt\u0117, Kamil\u0117 Lebedyt\u0117, Edvinas Gruodis Sili\u016bnas<br><\/p>\n\n\n\n<figure class=\"wp-block-gallery has-nested-images columns-default is-cropped wp-block-gallery-1 is-layout-flex wp-block-gallery-is-layout-flex\">\n<figure class=\"wp-block-image size-large\"><img loading=\"lazy\" decoding=\"async\" width=\"1024\" height=\"683\" data-id=\"4221\" src=\"http:\/\/iseitiestaskas.lt\/wp-content\/uploads\/2024\/08\/bMiegancioji-6-1-1024x683.jpg\" alt=\"\" class=\"wp-image-4221\" srcset=\"https:\/\/iseitiestaskas.lt\/wp-content\/uploads\/2024\/08\/bMiegancioji-6-1-1024x683.jpg 1024w, https:\/\/iseitiestaskas.lt\/wp-content\/uploads\/2024\/08\/bMiegancioji-6-1-300x200.jpg 300w, https:\/\/iseitiestaskas.lt\/wp-content\/uploads\/2024\/08\/bMiegancioji-6-1-768x513.jpg 768w, https:\/\/iseitiestaskas.lt\/wp-content\/uploads\/2024\/08\/bMiegancioji-6-1-391x260.jpg 391w, https:\/\/iseitiestaskas.lt\/wp-content\/uploads\/2024\/08\/bMiegancioji-6-1-1536x1025.jpg 1536w, https:\/\/iseitiestaskas.lt\/wp-content\/uploads\/2024\/08\/bMiegancioji-6-1-2048x1367.jpg 2048w, https:\/\/iseitiestaskas.lt\/wp-content\/uploads\/2024\/08\/bMiegancioji-6-1-18x12.jpg 18w, https:\/\/iseitiestaskas.lt\/wp-content\/uploads\/2024\/08\/bMiegancioji-6-1-600x400.jpg 600w\" sizes=\"(max-width: 1024px) 100vw, 1024px\" \/><\/figure>\n\n\n\n<figure class=\"wp-block-image size-large\"><img loading=\"lazy\" decoding=\"async\" width=\"1024\" height=\"683\" data-id=\"4222\" src=\"http:\/\/iseitiestaskas.lt\/wp-content\/uploads\/2024\/08\/bMiegancioji-50-1-1024x683.jpg\" alt=\"\" class=\"wp-image-4222\" srcset=\"https:\/\/iseitiestaskas.lt\/wp-content\/uploads\/2024\/08\/bMiegancioji-50-1-1024x683.jpg 1024w, https:\/\/iseitiestaskas.lt\/wp-content\/uploads\/2024\/08\/bMiegancioji-50-1-300x200.jpg 300w, https:\/\/iseitiestaskas.lt\/wp-content\/uploads\/2024\/08\/bMiegancioji-50-1-768x513.jpg 768w, https:\/\/iseitiestaskas.lt\/wp-content\/uploads\/2024\/08\/bMiegancioji-50-1-391x260.jpg 391w, https:\/\/iseitiestaskas.lt\/wp-content\/uploads\/2024\/08\/bMiegancioji-50-1-1536x1025.jpg 1536w, https:\/\/iseitiestaskas.lt\/wp-content\/uploads\/2024\/08\/bMiegancioji-50-1-2048x1367.jpg 2048w, https:\/\/iseitiestaskas.lt\/wp-content\/uploads\/2024\/08\/bMiegancioji-50-1-18x12.jpg 18w, https:\/\/iseitiestaskas.lt\/wp-content\/uploads\/2024\/08\/bMiegancioji-50-1-600x400.jpg 600w\" sizes=\"(max-width: 1024px) 100vw, 1024px\" \/><\/figure>\n\n\n\n<figure class=\"wp-block-image size-large\"><img loading=\"lazy\" decoding=\"async\" width=\"1024\" height=\"683\" data-id=\"4220\" src=\"http:\/\/iseitiestaskas.lt\/wp-content\/uploads\/2024\/08\/bMiegancioji-53-1-1024x683.jpg\" alt=\"\" class=\"wp-image-4220\" srcset=\"https:\/\/iseitiestaskas.lt\/wp-content\/uploads\/2024\/08\/bMiegancioji-53-1-1024x683.jpg 1024w, https:\/\/iseitiestaskas.lt\/wp-content\/uploads\/2024\/08\/bMiegancioji-53-1-300x200.jpg 300w, https:\/\/iseitiestaskas.lt\/wp-content\/uploads\/2024\/08\/bMiegancioji-53-1-768x513.jpg 768w, https:\/\/iseitiestaskas.lt\/wp-content\/uploads\/2024\/08\/bMiegancioji-53-1-391x260.jpg 391w, https:\/\/iseitiestaskas.lt\/wp-content\/uploads\/2024\/08\/bMiegancioji-53-1-1536x1025.jpg 1536w, https:\/\/iseitiestaskas.lt\/wp-content\/uploads\/2024\/08\/bMiegancioji-53-1-2048x1367.jpg 2048w, https:\/\/iseitiestaskas.lt\/wp-content\/uploads\/2024\/08\/bMiegancioji-53-1-18x12.jpg 18w, https:\/\/iseitiestaskas.lt\/wp-content\/uploads\/2024\/08\/bMiegancioji-53-1-600x400.jpg 600w\" sizes=\"(max-width: 1024px) 100vw, 1024px\" \/><\/figure>\n\n\n\n<figure class=\"wp-block-image size-large\"><img loading=\"lazy\" decoding=\"async\" width=\"1024\" height=\"683\" data-id=\"4223\" src=\"http:\/\/iseitiestaskas.lt\/wp-content\/uploads\/2024\/08\/bMiegancioji-56-1-1024x683.jpg\" alt=\"\" class=\"wp-image-4223\" srcset=\"https:\/\/iseitiestaskas.lt\/wp-content\/uploads\/2024\/08\/bMiegancioji-56-1-1024x683.jpg 1024w, https:\/\/iseitiestaskas.lt\/wp-content\/uploads\/2024\/08\/bMiegancioji-56-1-300x200.jpg 300w, https:\/\/iseitiestaskas.lt\/wp-content\/uploads\/2024\/08\/bMiegancioji-56-1-768x513.jpg 768w, https:\/\/iseitiestaskas.lt\/wp-content\/uploads\/2024\/08\/bMiegancioji-56-1-391x260.jpg 391w, https:\/\/iseitiestaskas.lt\/wp-content\/uploads\/2024\/08\/bMiegancioji-56-1-1536x1025.jpg 1536w, https:\/\/iseitiestaskas.lt\/wp-content\/uploads\/2024\/08\/bMiegancioji-56-1-2048x1367.jpg 2048w, https:\/\/iseitiestaskas.lt\/wp-content\/uploads\/2024\/08\/bMiegancioji-56-1-18x12.jpg 18w, https:\/\/iseitiestaskas.lt\/wp-content\/uploads\/2024\/08\/bMiegancioji-56-1-600x400.jpg 600w\" sizes=\"(max-width: 1024px) 100vw, 1024px\" \/><\/figure>\n<\/figure>","protected":false},"excerpt":{"rendered":"<p>PERFORMATYVUS SPEKTAKLISRugs\u0117jo 19 d. (ketvirtadienis) 18:00LOW AIR, LMTATrukm\u0117: 45 min.Kauno miesto kamerinis teatras, Did\u017eioji sal\u0117 \u201eSapnuojanti gra\u017euol\u0117\u201c \u2013 tai judesio spektaklis, paremtas Charles Perrault pasaka \u201eMiegan\u010dioji gra\u017euol\u0117\u201c ir jos pirmtake Giambattista Basile pasaka \u201eSaul\u0117, M\u0117nulis ir Talija\u201c (vert\u0117 V. Klip\u010dius). Per jas, o tiksliau, tarp j\u0173 kuriama nei vienoje j\u0173 neapra\u0161yta, autonomin\u0117 sapno erdv\u0117, kurioje [&hellip;]<\/p>","protected":false},"author":1,"featured_media":0,"parent":0,"menu_order":0,"comment_status":"closed","ping_status":"closed","template":"","meta":{"om_disable_all_campaigns":false,"_monsterinsights_skip_tracking":false,"_monsterinsights_sitenote_active":false,"_monsterinsights_sitenote_note":"","_monsterinsights_sitenote_category":0,"footnotes":""},"aioseo_notices":[],"_links":{"self":[{"href":"https:\/\/iseitiestaskas.lt\/en\/wp-json\/wp\/v2\/pages\/4214"}],"collection":[{"href":"https:\/\/iseitiestaskas.lt\/en\/wp-json\/wp\/v2\/pages"}],"about":[{"href":"https:\/\/iseitiestaskas.lt\/en\/wp-json\/wp\/v2\/types\/page"}],"author":[{"embeddable":true,"href":"https:\/\/iseitiestaskas.lt\/en\/wp-json\/wp\/v2\/users\/1"}],"replies":[{"embeddable":true,"href":"https:\/\/iseitiestaskas.lt\/en\/wp-json\/wp\/v2\/comments?post=4214"}],"version-history":[{"count":1,"href":"https:\/\/iseitiestaskas.lt\/en\/wp-json\/wp\/v2\/pages\/4214\/revisions"}],"predecessor-version":[{"id":4224,"href":"https:\/\/iseitiestaskas.lt\/en\/wp-json\/wp\/v2\/pages\/4214\/revisions\/4224"}],"wp:attachment":[{"href":"https:\/\/iseitiestaskas.lt\/en\/wp-json\/wp\/v2\/media?parent=4214"}],"curies":[{"name":"wp","href":"https:\/\/api.w.org\/{rel}","templated":true}]}}