{"id":4231,"date":"2024-08-21T14:11:20","date_gmt":"2024-08-21T14:11:20","guid":{"rendered":"http:\/\/iseitiestaskas.lt\/?page_id=4231"},"modified":"2024-08-21T14:11:29","modified_gmt":"2024-08-21T14:11:29","slug":"narcizas-ir-auksaburnis","status":"publish","type":"page","link":"https:\/\/iseitiestaskas.lt\/en\/narcizas-ir-auksaburnis\/","title":{"rendered":"NARCIZAS IR AUKSABURNIS"},"content":{"rendered":"<p><strong>PERFORMANCE<\/strong><br>Rugs\u0117jo 22 d. (sekmadienis) 18:00<br>LMTA<br>re\u017e. Dominykas Matulionis<br>Length: 1 h. 30 min.\u00a0<br>Kaunas City Chamber Theatre, Great Hall<\/p>\n\n\n\n<p>\u201eNarcizas ir Auksaburnis\u201c \u2013 spektaklis, sukurtas remiantis tokio paties pavadinimo \u0161veicar\u0173 ra\u0161ytojo H. Hesses romanu. K\u016brinio istorija apr\u0117pia vis\u0105 jaunuolio gyvenim\u0105, kuris, palik\u0119s vienuolyn\u0105, klajoja po viduram\u017ei\u0173 Vokietij\u0105, ie\u0161kodamas to, k\u0105 galima nusakyti kaip \u201egyvenimo prasm\u0119\u201c.&nbsp; Kaip ir daugelis H. Hesses darb\u0173, \u0161i knyga \u2013 apie sav\u0119s atradim\u0105, ta\u010diau per dviej\u0173 jungistini\u0173 prie\u0161ybi\u0173 \u2013 vyri\u0161kojo ir moteri\u0161kojo prad\u0173 \u2013 skirt\u012f.<\/p>\n\n\n\n<p>Hesses romanai vyksta simbolin\u0117je, pas\u0105monin\u0117je plotm\u0117je, kurioje sapnai susipina su tikrove, \u012f pasaul\u012f \u012fsiterpia vizijos, tapdamos med\u017eiaga, vedan\u010dia persona\u017eus \u012f priek\u012f. \u0160ios vizijos bei sapni\u0161kumas, metaforin\u0117 kalba tampa jungiamoji spektaklio audinio dalis, pripildyta simboliais ir viduram\u017ei\u0161komis grigali\u0161kojo choralo ir pasaulietin\u0117s muzikos k\u016briniais, skamban\u010diais gyvai viso spektaklio metu.&nbsp;\u201eNarcizas ir Auksaburnis\u201c \u2013 proga atrasti i\u0161kilaus XX a. ra\u0161ytojo H. Hesses k\u016brin\u012f, pelnius\u012f jam pasaulietin\u0119 \u0161lov\u0119.<\/p>\n\n\n\n<p>Re\u017eis\u016bra: Dominykas Matulionis<br>Kompozitorius: Martynas Valan\u010dius<br>Kostiumai: Amanda Balnionyt\u0117<br>\u0160vies\u0173 dailininkas: Edgaras Varkulevi\u010dius<br>Dramaturgija: Dominykas Matulionis, Raul Barranco<br>Aktoriai: Donatas Mick\u016bnas, Laurynas Luot\u0117, Kristupas Bir\u017eietis, Vilija Mata\u010di\u016bnait\u0117<\/p>\n\n\n\n<figure class=\"wp-block-gallery has-nested-images columns-3 is-cropped wp-block-gallery-1 is-layout-flex wp-block-gallery-is-layout-flex\">\n<figure class=\"wp-block-image size-large\"><img loading=\"lazy\" decoding=\"async\" width=\"1024\" height=\"683\" data-id=\"4232\" src=\"http:\/\/iseitiestaskas.lt\/wp-content\/uploads\/2024\/08\/2narcizas-1024x683.jpg\" alt=\"\" class=\"wp-image-4232\" srcset=\"https:\/\/iseitiestaskas.lt\/wp-content\/uploads\/2024\/08\/2narcizas-1024x683.jpg 1024w, https:\/\/iseitiestaskas.lt\/wp-content\/uploads\/2024\/08\/2narcizas-300x200.jpg 300w, https:\/\/iseitiestaskas.lt\/wp-content\/uploads\/2024\/08\/2narcizas-768x512.jpg 768w, https:\/\/iseitiestaskas.lt\/wp-content\/uploads\/2024\/08\/2narcizas-391x260.jpg 391w, https:\/\/iseitiestaskas.lt\/wp-content\/uploads\/2024\/08\/2narcizas-1536x1024.jpg 1536w, https:\/\/iseitiestaskas.lt\/wp-content\/uploads\/2024\/08\/2narcizas-2048x1365.jpg 2048w, https:\/\/iseitiestaskas.lt\/wp-content\/uploads\/2024\/08\/2narcizas-18x12.jpg 18w, https:\/\/iseitiestaskas.lt\/wp-content\/uploads\/2024\/08\/2narcizas-600x400.jpg 600w\" sizes=\"(max-width: 1024px) 100vw, 1024px\" \/><\/figure>\n\n\n\n<figure class=\"wp-block-image size-large\"><img loading=\"lazy\" decoding=\"async\" width=\"1024\" height=\"683\" data-id=\"4233\" src=\"http:\/\/iseitiestaskas.lt\/wp-content\/uploads\/2024\/08\/3narcizas-1024x683.jpg\" alt=\"\" class=\"wp-image-4233\" srcset=\"https:\/\/iseitiestaskas.lt\/wp-content\/uploads\/2024\/08\/3narcizas-1024x683.jpg 1024w, https:\/\/iseitiestaskas.lt\/wp-content\/uploads\/2024\/08\/3narcizas-300x200.jpg 300w, https:\/\/iseitiestaskas.lt\/wp-content\/uploads\/2024\/08\/3narcizas-768x512.jpg 768w, https:\/\/iseitiestaskas.lt\/wp-content\/uploads\/2024\/08\/3narcizas-391x260.jpg 391w, https:\/\/iseitiestaskas.lt\/wp-content\/uploads\/2024\/08\/3narcizas-1536x1024.jpg 1536w, https:\/\/iseitiestaskas.lt\/wp-content\/uploads\/2024\/08\/3narcizas-2048x1365.jpg 2048w, https:\/\/iseitiestaskas.lt\/wp-content\/uploads\/2024\/08\/3narcizas-18x12.jpg 18w, https:\/\/iseitiestaskas.lt\/wp-content\/uploads\/2024\/08\/3narcizas-600x400.jpg 600w\" sizes=\"(max-width: 1024px) 100vw, 1024px\" \/><\/figure>\n\n\n\n<figure class=\"wp-block-image size-large\"><img loading=\"lazy\" decoding=\"async\" width=\"1024\" height=\"683\" data-id=\"4234\" src=\"http:\/\/iseitiestaskas.lt\/wp-content\/uploads\/2024\/08\/narcizas-1024x683.jpg\" alt=\"\" class=\"wp-image-4234\" srcset=\"https:\/\/iseitiestaskas.lt\/wp-content\/uploads\/2024\/08\/narcizas-1024x683.jpg 1024w, https:\/\/iseitiestaskas.lt\/wp-content\/uploads\/2024\/08\/narcizas-300x200.jpg 300w, https:\/\/iseitiestaskas.lt\/wp-content\/uploads\/2024\/08\/narcizas-768x512.jpg 768w, https:\/\/iseitiestaskas.lt\/wp-content\/uploads\/2024\/08\/narcizas-391x260.jpg 391w, https:\/\/iseitiestaskas.lt\/wp-content\/uploads\/2024\/08\/narcizas-1536x1024.jpg 1536w, https:\/\/iseitiestaskas.lt\/wp-content\/uploads\/2024\/08\/narcizas-2048x1365.jpg 2048w, https:\/\/iseitiestaskas.lt\/wp-content\/uploads\/2024\/08\/narcizas-18x12.jpg 18w, https:\/\/iseitiestaskas.lt\/wp-content\/uploads\/2024\/08\/narcizas-600x400.jpg 600w\" sizes=\"(max-width: 1024px) 100vw, 1024px\" \/><\/figure>\n<\/figure>","protected":false},"excerpt":{"rendered":"<p>SPEKTAKLISRugs\u0117jo 22 d. (sekmadienis) 18:00LMTAre\u017e. Dominykas MatulionisTrukm\u0117: 1 val. 30 min.\u00a0Kauno miesto kamerinis teatras, Did\u017eioji sal\u0117 \u201eNarcizas ir Auksaburnis\u201c \u2013 spektaklis, sukurtas remiantis tokio paties pavadinimo \u0161veicar\u0173 ra\u0161ytojo H. Hesses romanu. K\u016brinio istorija apr\u0117pia vis\u0105 jaunuolio gyvenim\u0105, kuris, palik\u0119s vienuolyn\u0105, klajoja po viduram\u017ei\u0173 Vokietij\u0105, ie\u0161kodamas to, k\u0105 galima nusakyti kaip \u201egyvenimo prasm\u0119\u201c.&nbsp; Kaip ir daugelis [&hellip;]<\/p>","protected":false},"author":1,"featured_media":0,"parent":0,"menu_order":0,"comment_status":"closed","ping_status":"closed","template":"","meta":{"om_disable_all_campaigns":false,"_monsterinsights_skip_tracking":false,"_monsterinsights_sitenote_active":false,"_monsterinsights_sitenote_note":"","_monsterinsights_sitenote_category":0,"footnotes":""},"aioseo_notices":[],"_links":{"self":[{"href":"https:\/\/iseitiestaskas.lt\/en\/wp-json\/wp\/v2\/pages\/4231"}],"collection":[{"href":"https:\/\/iseitiestaskas.lt\/en\/wp-json\/wp\/v2\/pages"}],"about":[{"href":"https:\/\/iseitiestaskas.lt\/en\/wp-json\/wp\/v2\/types\/page"}],"author":[{"embeddable":true,"href":"https:\/\/iseitiestaskas.lt\/en\/wp-json\/wp\/v2\/users\/1"}],"replies":[{"embeddable":true,"href":"https:\/\/iseitiestaskas.lt\/en\/wp-json\/wp\/v2\/comments?post=4231"}],"version-history":[{"count":1,"href":"https:\/\/iseitiestaskas.lt\/en\/wp-json\/wp\/v2\/pages\/4231\/revisions"}],"predecessor-version":[{"id":4235,"href":"https:\/\/iseitiestaskas.lt\/en\/wp-json\/wp\/v2\/pages\/4231\/revisions\/4235"}],"wp:attachment":[{"href":"https:\/\/iseitiestaskas.lt\/en\/wp-json\/wp\/v2\/media?parent=4231"}],"curies":[{"name":"wp","href":"https:\/\/api.w.org\/{rel}","templated":true}]}}