{"id":4240,"date":"2024-08-22T08:15:38","date_gmt":"2024-08-22T08:15:38","guid":{"rendered":"http:\/\/iseitiestaskas.lt\/?page_id=4240"},"modified":"2024-08-28T09:53:06","modified_gmt":"2024-08-28T09:53:06","slug":"seance","status":"publish","type":"page","link":"https:\/\/iseitiestaskas.lt\/en\/seance\/","title":{"rendered":"SEANCE"},"content":{"rendered":"<div data-elementor-type=\"wp-page\" data-elementor-id=\"4240\" class=\"elementor elementor-4240\" data-elementor-settings=\"[]\">\n\t\t\t\t\t\t\t<div class=\"elementor-section-wrap\">\n\t\t\t\t\t\t\t<section class=\"elementor-section elementor-top-section elementor-element elementor-element-7e3c3571 elementor-section-boxed elementor-section-height-default elementor-section-height-default\" data-id=\"7e3c3571\" data-element_type=\"section\">\n\t\t\t\t\t\t<div class=\"elementor-container elementor-column-gap-default\">\n\t\t\t\t\t<div class=\"elementor-column elementor-col-100 elementor-top-column elementor-element elementor-element-2e62c602\" data-id=\"2e62c602\" data-element_type=\"column\">\n\t\t\t<div class=\"elementor-widget-wrap elementor-element-populated\">\n\t\t\t\t\t\t\t\t<div class=\"elementor-element elementor-element-5cbcc927 elementor-widget elementor-widget-text-editor\" data-id=\"5cbcc927\" data-element_type=\"widget\" data-widget_type=\"text-editor.default\">\n\t\t\t\t<div class=\"elementor-widget-container\">\n\t\t\t\t\t\t\t\t<!-- wp:paragraph -->\n<p><strong>PERFORMANSAS<\/strong><br \/>Rugs\u0117jo 21 d. (\u0161e\u0161tadienis) 15:00 | 16:00 | 17:00<br \/>TOFF (Vokietija)<br \/>re\u017e.\u00a0Jan Jedenak\u00a0<br \/>Trukm\u0117: 20 min.<br \/>Kaunas City Chamber Theatre, Small Hall<\/p>\n<!-- \/wp:paragraph --><!-- wp:paragraph -->\n<p>\u012ekv\u0117ptas Guy de Maupassants&#8217;o fiktyvaus dienora\u0161\u010dio \u201eLe Horla\u201c, S\u00c9ANCE \u012f pavir\u0161i\u0173 i\u0161kelia \u012fprastai mums nematomus dalykus. D\u0117mesio centre \u2013 praeities akimirkos, kylan\u010dios i\u0161 beprotyb\u0117je pasiklydusio proto. \u017daisdamas su \u0161viesomis ir migla S\u00c9ANCE tarp \u0161viesos ir \u0161e\u0161\u0117lio bando u\u017e\u010diuopti tai, ko n\u0117ra. SEANCE \u2013 2015 m. Fidena ir Bochumo miesto Fritzo-Wortelmanno premijos laureatas. Pamin\u0117jimas u\u017e geriausi\u0105 k\u016brin\u012f ACT festivalyje Bilbao 2022 m.<\/p>\n<!-- \/wp:paragraph --><!-- wp:paragraph -->\n<p>Jan Jedenak dirba su metaforomis ir simboliais, jis tarsi kuria projekcij\u0173 ekran\u0105, kuris sugeria \u017ei\u016brov\u0173 poj\u016b\u010dius ir fantazijas. Jo pasirodymams b\u016bdinga nagrin\u0117ti pas\u0105mon\u0119, sapnus ir susidurti su \u201enepaprastais\u201c dalykais. Kiekviename spektaklyje bandoma atskleisti tai, kas keista, tariamai \u201enenormalu\u201c, \u201esvetima\u201c m\u016bs\u0173 gyvenime, apm\u0105stomi socialiniai atskirties ir kitoni\u0161kumo procesai.<\/p>\n<!-- \/wp:paragraph --><!-- wp:paragraph -->\n<p>Autorius ir scenografas: Jan Jedenak<br \/>Meno vadovas: Florian Feisel <br \/>Garso dizainas: Jan Jedenak<\/p>\n<!-- \/wp:paragraph --><!-- wp:gallery {\"linkTo\":\"none\"} -->\n<figure class=\"wp-block-gallery has-nested-images columns-default is-cropped\"><!-- wp:image {\"id\":4241,\"sizeSlug\":\"large\",\"linkDestination\":\"none\"} -->\n<figure class=\"wp-block-image size-large\"><img loading=\"lazy\" decoding=\"async\" width=\"1024\" height=\"678\" class=\"wp-image-4241\" src=\"http:\/\/iseitiestaskas.lt\/wp-content\/uploads\/2024\/08\/128.-Seance_01-1024x678-1.jpg\" alt=\"\" srcset=\"https:\/\/iseitiestaskas.lt\/wp-content\/uploads\/2024\/08\/128.-Seance_01-1024x678-1.jpg 1024w, https:\/\/iseitiestaskas.lt\/wp-content\/uploads\/2024\/08\/128.-Seance_01-1024x678-1-300x199.jpg 300w, https:\/\/iseitiestaskas.lt\/wp-content\/uploads\/2024\/08\/128.-Seance_01-1024x678-1-768x509.jpg 768w, https:\/\/iseitiestaskas.lt\/wp-content\/uploads\/2024\/08\/128.-Seance_01-1024x678-1-391x260.jpg 391w, https:\/\/iseitiestaskas.lt\/wp-content\/uploads\/2024\/08\/128.-Seance_01-1024x678-1-18x12.jpg 18w, https:\/\/iseitiestaskas.lt\/wp-content\/uploads\/2024\/08\/128.-Seance_01-1024x678-1-600x397.jpg 600w\" sizes=\"(max-width: 1024px) 100vw, 1024px\" \/><\/figure>\n<!-- \/wp:image --><!-- wp:image {\"id\":4242,\"sizeSlug\":\"large\",\"linkDestination\":\"none\"} -->\n<figure class=\"wp-block-image size-large\"><img loading=\"lazy\" decoding=\"async\" width=\"1024\" height=\"678\" class=\"wp-image-4242\" src=\"http:\/\/iseitiestaskas.lt\/wp-content\/uploads\/2024\/08\/SEANSS-SEANCE2_foto-Peter-Ardmar-1024x678.jpg\" alt=\"\" srcset=\"https:\/\/iseitiestaskas.lt\/wp-content\/uploads\/2024\/08\/SEANSS-SEANCE2_foto-Peter-Ardmar-1024x678.jpg 1024w, https:\/\/iseitiestaskas.lt\/wp-content\/uploads\/2024\/08\/SEANSS-SEANCE2_foto-Peter-Ardmar-300x199.jpg 300w, https:\/\/iseitiestaskas.lt\/wp-content\/uploads\/2024\/08\/SEANSS-SEANCE2_foto-Peter-Ardmar-768x509.jpg 768w, https:\/\/iseitiestaskas.lt\/wp-content\/uploads\/2024\/08\/SEANSS-SEANCE2_foto-Peter-Ardmar-391x260.jpg 391w, https:\/\/iseitiestaskas.lt\/wp-content\/uploads\/2024\/08\/SEANSS-SEANCE2_foto-Peter-Ardmar-1536x1017.jpg 1536w, https:\/\/iseitiestaskas.lt\/wp-content\/uploads\/2024\/08\/SEANSS-SEANCE2_foto-Peter-Ardmar-2048x1356.jpg 2048w, https:\/\/iseitiestaskas.lt\/wp-content\/uploads\/2024\/08\/SEANSS-SEANCE2_foto-Peter-Ardmar-18x12.jpg 18w, https:\/\/iseitiestaskas.lt\/wp-content\/uploads\/2024\/08\/SEANSS-SEANCE2_foto-Peter-Ardmar-600x397.jpg 600w\" sizes=\"(max-width: 1024px) 100vw, 1024px\" \/><\/figure>\n<!-- \/wp:image --><\/figure>\n<!-- \/wp:gallery -->\t\t\t\t\t\t<\/div>\n\t\t\t\t<\/div>\n\t\t\t\t\t<\/div>\n\t\t<\/div>\n\t\t\t\t\t\t\t<\/div>\n\t\t<\/section>\n\t\t\t\t\t\t<\/div>\n\t\t\t\t\t<\/div>","protected":false},"excerpt":{"rendered":"<p>PERFORMANSASRugs\u0117jo 21 d. (\u0161e\u0161tadienis) 15:00 | 16:00 | 17:00TOFF (Vokietija)re\u017e.\u00a0Jan Jedenak\u00a0Trukm\u0117: 20 min.Kauno miesto kamerinis teatras, Ma\u017eoji sal\u0117 \u012ekv\u0117ptas Guy de Maupassants&#8217;o fiktyvaus dienora\u0161\u010dio \u201eLe Horla\u201c, S\u00c9ANCE \u012f pavir\u0161i\u0173 i\u0161kelia \u012fprastai mums nematomus dalykus. D\u0117mesio centre \u2013 praeities akimirkos, kylan\u010dios i\u0161 beprotyb\u0117je pasiklydusio proto. \u017daisdamas su \u0161viesomis ir migla S\u00c9ANCE tarp \u0161viesos ir \u0161e\u0161\u0117lio bando [&hellip;]<\/p>","protected":false},"author":1,"featured_media":0,"parent":0,"menu_order":0,"comment_status":"closed","ping_status":"closed","template":"","meta":{"om_disable_all_campaigns":false,"_monsterinsights_skip_tracking":false,"_monsterinsights_sitenote_active":false,"_monsterinsights_sitenote_note":"","_monsterinsights_sitenote_category":0,"footnotes":""},"aioseo_notices":[],"_links":{"self":[{"href":"https:\/\/iseitiestaskas.lt\/en\/wp-json\/wp\/v2\/pages\/4240"}],"collection":[{"href":"https:\/\/iseitiestaskas.lt\/en\/wp-json\/wp\/v2\/pages"}],"about":[{"href":"https:\/\/iseitiestaskas.lt\/en\/wp-json\/wp\/v2\/types\/page"}],"author":[{"embeddable":true,"href":"https:\/\/iseitiestaskas.lt\/en\/wp-json\/wp\/v2\/users\/1"}],"replies":[{"embeddable":true,"href":"https:\/\/iseitiestaskas.lt\/en\/wp-json\/wp\/v2\/comments?post=4240"}],"version-history":[{"count":4,"href":"https:\/\/iseitiestaskas.lt\/en\/wp-json\/wp\/v2\/pages\/4240\/revisions"}],"predecessor-version":[{"id":4458,"href":"https:\/\/iseitiestaskas.lt\/en\/wp-json\/wp\/v2\/pages\/4240\/revisions\/4458"}],"wp:attachment":[{"href":"https:\/\/iseitiestaskas.lt\/en\/wp-json\/wp\/v2\/media?parent=4240"}],"curies":[{"name":"wp","href":"https:\/\/api.w.org\/{rel}","templated":true}]}}