{"id":4247,"date":"2024-08-22T08:44:49","date_gmt":"2024-08-22T08:44:49","guid":{"rendered":"http:\/\/iseitiestaskas.lt\/?page_id=4247"},"modified":"2024-08-26T13:21:28","modified_gmt":"2024-08-26T13:21:28","slug":"silence-and-other-impossible-objects","status":"publish","type":"page","link":"https:\/\/iseitiestaskas.lt\/en\/silence-and-other-impossible-objects\/","title":{"rendered":"SILENCE AND OTHER IMPOSSIBLE OBJECTS"},"content":{"rendered":"<p><strong>SVE\u010cIAI I\u0160 SUOMIJOS<\/strong><br>Rugs\u0117jo 17 d. (antradienis) ir 18 d. (tre\u010diadienis) 20:00<br>SOT\u00a0<strong>(<\/strong>Suomija)<br>Trukm\u0117: 45 min.<br>re\u017e. Valtteri Alanen<br>Kauno kult\u016bros centro Girstu\u010dio padalinys, foj\u0117<br><em>Renginys nemokamas<\/em>. Registracija \u012f <a href=\"https:\/\/docs.google.com\/forms\/d\/e\/1FAIpQLScjJtIQDdhspzQwv6mx6H67rNzxxsqBfgnbh5MZlXymGX-rFw\/viewform\" title=\"\">rugs\u0117jo 17 d.<\/a> ir <a href=\"https:\/\/docs.google.com\/forms\/d\/e\/1FAIpQLSeyWCSsHrpr2SDbQgBYT9eI84B5GJYEPrOkozdpbIwjO6mtLA\/viewform\" title=\"\">rugs\u0117jo 18 d. <\/a>pasirodymus.<br><br>Kaip skamba tyla? Klausimas gali pasirodyti kvailas, ta\u010diau ilgiau pagalvojus paai\u0161k\u0117ja, kad tai \u2013 vienintelis prasmingas klausimas, kur\u012f galima u\u017eduoti apie tyl\u0105. Verdantis vanduo sukelia gars\u0105. Krentantis medis, b\u0117giais riedantis tramvajus irgi skleid\u017eia gars\u0105. Ta\u010diau, kitaip nei \u0161ie akustiniai \u012fvykiai, tylos negalima redukuoti \u012f fizi\u0161kai i\u0161matuojamus dyd\u017eius \u2013 decibelus, hercus ar kitus. Ir vis d\u0117lto tyla yra empirinis \u012fvykis, kur\u012f gali atpa\u017einti kiekvienas, turintis funkcionuojan\u010di\u0105 aus\u012f. Ar ji gali b\u016bti ir subjektyviai besiskleid\u017eianti patirtis ir objektas, galintis \u012f\u017eengti \u012f teatro scen\u0105?<\/p>\n\n\n\n<p>Performanso partit\u016bra yra gyvai atliekamas eksperimentas, kuriuo siekiama ne\u012fmanomo dalyko: atlikti tyl\u0105 kaip objekt\u0105. Ka\u017ek\u0105 ap\u010diuopiamo, plasti\u0161ko, tyliai suprantamo. Ir net jei eksperimentas nepavyksta, \u012f pavir\u0161i\u0173 i\u0161kyla daugyb\u0117 kit\u0173 klausim\u0173, kurie ragina susim\u0105styti apie m\u016bs\u0173 kasdienyb\u0119: Kada paskutin\u012f kart\u0105 negird\u0117jote absoliu\u010diai nieko? Kokius dalykus savo gyvenime mieliau paskandintum\u0117te triuk\u0161me? Ar j\u016bs\u0173 ausys dar nepavargusios nuo nesibaigian\u010dio \u0161iuolaikinio gyvenimo chaoso?<\/p>\n\n\n\n<p>Re\u017eisierius, garso dizaineris ir kelioni\u0173 technikas: Valtteri Alanen<br>Atlik\u0117jai: Lara Hereu ir Egl\u0117 \u0160im\u0117nait\u0117<br>Dramaturgija\/Scenografija: Domen \u0160uman<\/p>\n\n\n\n<figure class=\"wp-block-gallery has-nested-images columns-default is-cropped wp-block-gallery-1 is-layout-flex wp-block-gallery-is-layout-flex\">\n<figure class=\"wp-block-image size-large\"><img loading=\"lazy\" decoding=\"async\" width=\"1024\" height=\"575\" data-id=\"4249\" src=\"http:\/\/iseitiestaskas.lt\/wp-content\/uploads\/2024\/08\/bcf_christoffer_collina-9-1024x575.webp\" alt=\"\" class=\"wp-image-4249\" srcset=\"https:\/\/iseitiestaskas.lt\/wp-content\/uploads\/2024\/08\/bcf_christoffer_collina-9-1024x575.webp 1024w, https:\/\/iseitiestaskas.lt\/wp-content\/uploads\/2024\/08\/bcf_christoffer_collina-9-300x169.webp 300w, https:\/\/iseitiestaskas.lt\/wp-content\/uploads\/2024\/08\/bcf_christoffer_collina-9-768x432.webp 768w, https:\/\/iseitiestaskas.lt\/wp-content\/uploads\/2024\/08\/bcf_christoffer_collina-9-1536x863.webp 1536w, https:\/\/iseitiestaskas.lt\/wp-content\/uploads\/2024\/08\/bcf_christoffer_collina-9-2048x1151.webp 2048w, https:\/\/iseitiestaskas.lt\/wp-content\/uploads\/2024\/08\/bcf_christoffer_collina-9-18x10.webp 18w, https:\/\/iseitiestaskas.lt\/wp-content\/uploads\/2024\/08\/bcf_christoffer_collina-9-150x85.webp 150w, https:\/\/iseitiestaskas.lt\/wp-content\/uploads\/2024\/08\/bcf_christoffer_collina-9-1920x1080.webp 1920w, https:\/\/iseitiestaskas.lt\/wp-content\/uploads\/2024\/08\/bcf_christoffer_collina-9-600x337.webp 600w\" sizes=\"(max-width: 1024px) 100vw, 1024px\" \/><\/figure>\n\n\n\n<figure class=\"wp-block-image size-large\"><img loading=\"lazy\" decoding=\"async\" width=\"1024\" height=\"575\" data-id=\"4248\" src=\"http:\/\/iseitiestaskas.lt\/wp-content\/uploads\/2024\/08\/bcf_christoffer_collina-22-1024x575.webp\" alt=\"\" class=\"wp-image-4248\" srcset=\"https:\/\/iseitiestaskas.lt\/wp-content\/uploads\/2024\/08\/bcf_christoffer_collina-22-1024x575.webp 1024w, https:\/\/iseitiestaskas.lt\/wp-content\/uploads\/2024\/08\/bcf_christoffer_collina-22-300x169.webp 300w, https:\/\/iseitiestaskas.lt\/wp-content\/uploads\/2024\/08\/bcf_christoffer_collina-22-768x432.webp 768w, https:\/\/iseitiestaskas.lt\/wp-content\/uploads\/2024\/08\/bcf_christoffer_collina-22-1536x863.webp 1536w, https:\/\/iseitiestaskas.lt\/wp-content\/uploads\/2024\/08\/bcf_christoffer_collina-22-2048x1151.webp 2048w, https:\/\/iseitiestaskas.lt\/wp-content\/uploads\/2024\/08\/bcf_christoffer_collina-22-18x10.webp 18w, https:\/\/iseitiestaskas.lt\/wp-content\/uploads\/2024\/08\/bcf_christoffer_collina-22-150x85.webp 150w, https:\/\/iseitiestaskas.lt\/wp-content\/uploads\/2024\/08\/bcf_christoffer_collina-22-1920x1080.webp 1920w, https:\/\/iseitiestaskas.lt\/wp-content\/uploads\/2024\/08\/bcf_christoffer_collina-22-600x337.webp 600w\" sizes=\"(max-width: 1024px) 100vw, 1024px\" \/><\/figure>\n\n\n\n<figure class=\"wp-block-image size-large\"><img loading=\"lazy\" decoding=\"async\" width=\"1024\" height=\"575\" data-id=\"4250\" src=\"http:\/\/iseitiestaskas.lt\/wp-content\/uploads\/2024\/08\/bcf_christoffer_collina-30-1024x575.webp\" alt=\"\" class=\"wp-image-4250\" srcset=\"https:\/\/iseitiestaskas.lt\/wp-content\/uploads\/2024\/08\/bcf_christoffer_collina-30-1024x575.webp 1024w, https:\/\/iseitiestaskas.lt\/wp-content\/uploads\/2024\/08\/bcf_christoffer_collina-30-300x169.webp 300w, https:\/\/iseitiestaskas.lt\/wp-content\/uploads\/2024\/08\/bcf_christoffer_collina-30-768x432.webp 768w, https:\/\/iseitiestaskas.lt\/wp-content\/uploads\/2024\/08\/bcf_christoffer_collina-30-1536x863.webp 1536w, https:\/\/iseitiestaskas.lt\/wp-content\/uploads\/2024\/08\/bcf_christoffer_collina-30-2048x1151.webp 2048w, https:\/\/iseitiestaskas.lt\/wp-content\/uploads\/2024\/08\/bcf_christoffer_collina-30-18x10.webp 18w, https:\/\/iseitiestaskas.lt\/wp-content\/uploads\/2024\/08\/bcf_christoffer_collina-30-150x85.webp 150w, https:\/\/iseitiestaskas.lt\/wp-content\/uploads\/2024\/08\/bcf_christoffer_collina-30-1920x1080.webp 1920w, https:\/\/iseitiestaskas.lt\/wp-content\/uploads\/2024\/08\/bcf_christoffer_collina-30-600x337.webp 600w\" sizes=\"(max-width: 1024px) 100vw, 1024px\" \/><\/figure>\n\n\n\n<figure class=\"wp-block-image size-large\"><img loading=\"lazy\" decoding=\"async\" width=\"1024\" height=\"682\" data-id=\"4251\" src=\"http:\/\/iseitiestaskas.lt\/wp-content\/uploads\/2024\/08\/ft0b6266-1024x682.webp\" alt=\"\" class=\"wp-image-4251\" srcset=\"https:\/\/iseitiestaskas.lt\/wp-content\/uploads\/2024\/08\/ft0b6266-1024x682.webp 1024w, https:\/\/iseitiestaskas.lt\/wp-content\/uploads\/2024\/08\/ft0b6266-300x200.webp 300w, https:\/\/iseitiestaskas.lt\/wp-content\/uploads\/2024\/08\/ft0b6266-768x512.webp 768w, https:\/\/iseitiestaskas.lt\/wp-content\/uploads\/2024\/08\/ft0b6266-391x260.webp 391w, https:\/\/iseitiestaskas.lt\/wp-content\/uploads\/2024\/08\/ft0b6266-1536x1024.webp 1536w, https:\/\/iseitiestaskas.lt\/wp-content\/uploads\/2024\/08\/ft0b6266-2048x1365.webp 2048w, https:\/\/iseitiestaskas.lt\/wp-content\/uploads\/2024\/08\/ft0b6266-18x12.webp 18w, https:\/\/iseitiestaskas.lt\/wp-content\/uploads\/2024\/08\/ft0b6266-600x400.webp 600w\" sizes=\"(max-width: 1024px) 100vw, 1024px\" \/><\/figure>\n<\/figure>","protected":false},"excerpt":{"rendered":"<p>SVE\u010cIAI I\u0160 SUOMIJOSRugs\u0117jo 17 d. (antradienis) ir 18 d. (tre\u010diadienis) 20:00SOT\u00a0(Suomija)Trukm\u0117: 45 min.re\u017e. Valtteri AlanenKauno kult\u016bros centro Girstu\u010dio padalinys, foj\u0117Renginys nemokamas. Registracija \u012f rugs\u0117jo 17 d. ir rugs\u0117jo 18 d. pasirodymus. Kaip skamba tyla? Klausimas gali pasirodyti kvailas, ta\u010diau ilgiau pagalvojus paai\u0161k\u0117ja, kad tai \u2013 vienintelis prasmingas klausimas, kur\u012f galima u\u017eduoti apie tyl\u0105. Verdantis vanduo [&hellip;]<\/p>","protected":false},"author":1,"featured_media":0,"parent":0,"menu_order":0,"comment_status":"closed","ping_status":"closed","template":"","meta":{"om_disable_all_campaigns":false,"_monsterinsights_skip_tracking":false,"_monsterinsights_sitenote_active":false,"_monsterinsights_sitenote_note":"","_monsterinsights_sitenote_category":0,"footnotes":""},"aioseo_notices":[],"_links":{"self":[{"href":"https:\/\/iseitiestaskas.lt\/en\/wp-json\/wp\/v2\/pages\/4247"}],"collection":[{"href":"https:\/\/iseitiestaskas.lt\/en\/wp-json\/wp\/v2\/pages"}],"about":[{"href":"https:\/\/iseitiestaskas.lt\/en\/wp-json\/wp\/v2\/types\/page"}],"author":[{"embeddable":true,"href":"https:\/\/iseitiestaskas.lt\/en\/wp-json\/wp\/v2\/users\/1"}],"replies":[{"embeddable":true,"href":"https:\/\/iseitiestaskas.lt\/en\/wp-json\/wp\/v2\/comments?post=4247"}],"version-history":[{"count":5,"href":"https:\/\/iseitiestaskas.lt\/en\/wp-json\/wp\/v2\/pages\/4247\/revisions"}],"predecessor-version":[{"id":4439,"href":"https:\/\/iseitiestaskas.lt\/en\/wp-json\/wp\/v2\/pages\/4247\/revisions\/4439"}],"wp:attachment":[{"href":"https:\/\/iseitiestaskas.lt\/en\/wp-json\/wp\/v2\/media?parent=4247"}],"curies":[{"name":"wp","href":"https:\/\/api.w.org\/{rel}","templated":true}]}}