{"id":4257,"date":"2024-08-22T09:15:42","date_gmt":"2024-08-22T09:15:42","guid":{"rendered":"http:\/\/iseitiestaskas.lt\/?page_id=4257"},"modified":"2024-08-22T09:18:53","modified_gmt":"2024-08-22T09:18:53","slug":"tyleja","status":"publish","type":"page","link":"https:\/\/iseitiestaskas.lt\/en\/tyleja\/","title":{"rendered":"TYL\u0116JA"},"content":{"rendered":"<p><strong>PERFORMANCE<\/strong><br>Rugs\u0117jo 28 d. (\u0161e\u0161tadienis) 18:00<br>Alytaus miesto teatras<br>re\u017e. Andra Kavaliauskait\u0117<br>Length: 1 h. 30 min.<br>Kaunas City Chamber Theatre, Great Hall<\/p>\n\n\n\n<p>\u201e\u017dinot, daug kas sako, kad mes esame ypatingieji. Gal ir taip. Ne\u017einau. Gal geriau \u017eino tie, kurie tai sako. Bet jie u\u017emir\u0161ta vien\u0105 labai svarb\u0173 dalyk\u0105. O gal tiesiog jo ne\u017eino (?).&nbsp; I\u0161 ties\u0173, ypatinga \u2013 m\u016bs\u0173 mama. Ji \u2013 m\u016bs\u0173 didvyr\u0117. Jeigu ne ji, \u0161iandien su Jumis nesikalb\u0117\u010diau. Ir apskritai nekalb\u0117\u010diau.\u201c (i\u0161trauka i\u0161 k\u016brinio).<\/p>\n\n\n\n<p>\u201eTYL\u0116JA\u201c \u2013 &nbsp;\u0161velniai a\u0161tri ir tuo pat metu trapi \u0161iuolaikin\u0117 od\u0117 mamai, atverianti nepagra\u017eint\u0105 realyb\u0119, kurioje gyvena autizmo sutrikimo ir Aspergerio sindromo paliestos \u0161eimos. Monospektaklio metu \u017ei\u016brovas susipa\u017e\u012fsta su Au istorija, kuri\u0105 papasakoja jo brolis: k\u0105 tenka patirti&nbsp; tiek Aspergerio sindrom\u0105, Autizm\u0105 turintiems, tiek tokius vaikus auginantiems; su kokiu visuomen\u0117s veidu jie stoja \u012f akistat\u0105 ir kaip tenka mokintis prisijaukinti pasaul\u012f, kuriame gyvenama. Ne tik vaikams, bet ir j\u0173 t\u0117vams. Neretai \u2013 vieni\u0161oms mamoms.<\/p>\n\n\n\n<p>Dramaturg\u0117, re\u017eisier\u0117, animacijos autor\u0117, aktor\u0117: Andra Kavaliauskait\u0117<br>Kompozitorius: Bohdan Lysenko<br>Choreograf\u0117: Kamil\u0117 Karpolovait\u0117<br>Garsin\u0117s vizualizacijos autor\u0117: Aist\u0117 Noreikait\u0117<br>Fotograf\u0117: Mi\u0161ko Mot\u0117<\/p>\n\n\n\n<figure class=\"wp-block-gallery has-nested-images columns-default is-cropped wp-block-gallery-1 is-layout-flex wp-block-gallery-is-layout-flex\">\n<figure class=\"wp-block-image size-large\"><img loading=\"lazy\" decoding=\"async\" width=\"1024\" height=\"683\" data-id=\"4260\" src=\"http:\/\/iseitiestaskas.lt\/wp-content\/uploads\/2024\/08\/Alytaus-miesto-teatro-spektaklis-\u201eTyleja-rez.-Andra-Kavaliauskaite-1024x683.jpg\" alt=\"\" class=\"wp-image-4260\" srcset=\"https:\/\/iseitiestaskas.lt\/wp-content\/uploads\/2024\/08\/Alytaus-miesto-teatro-spektaklis-\u201eTyleja-rez.-Andra-Kavaliauskaite-1024x683.jpg 1024w, https:\/\/iseitiestaskas.lt\/wp-content\/uploads\/2024\/08\/Alytaus-miesto-teatro-spektaklis-\u201eTyleja-rez.-Andra-Kavaliauskaite-300x200.jpg 300w, https:\/\/iseitiestaskas.lt\/wp-content\/uploads\/2024\/08\/Alytaus-miesto-teatro-spektaklis-\u201eTyleja-rez.-Andra-Kavaliauskaite-768x512.jpg 768w, https:\/\/iseitiestaskas.lt\/wp-content\/uploads\/2024\/08\/Alytaus-miesto-teatro-spektaklis-\u201eTyleja-rez.-Andra-Kavaliauskaite-391x260.jpg 391w, https:\/\/iseitiestaskas.lt\/wp-content\/uploads\/2024\/08\/Alytaus-miesto-teatro-spektaklis-\u201eTyleja-rez.-Andra-Kavaliauskaite-1536x1024.jpg 1536w, https:\/\/iseitiestaskas.lt\/wp-content\/uploads\/2024\/08\/Alytaus-miesto-teatro-spektaklis-\u201eTyleja-rez.-Andra-Kavaliauskaite-2048x1365.jpg 2048w, https:\/\/iseitiestaskas.lt\/wp-content\/uploads\/2024\/08\/Alytaus-miesto-teatro-spektaklis-\u201eTyleja-rez.-Andra-Kavaliauskaite-18x12.jpg 18w, https:\/\/iseitiestaskas.lt\/wp-content\/uploads\/2024\/08\/Alytaus-miesto-teatro-spektaklis-\u201eTyleja-rez.-Andra-Kavaliauskaite-600x400.jpg 600w\" sizes=\"(max-width: 1024px) 100vw, 1024px\" \/><\/figure>\n\n\n\n<figure class=\"wp-block-image size-large\"><img loading=\"lazy\" decoding=\"async\" width=\"1024\" height=\"683\" data-id=\"4258\" src=\"http:\/\/iseitiestaskas.lt\/wp-content\/uploads\/2024\/08\/Alytaus-miesto-teatro-spektaklis-TYLEJA-Foto\u00a9Misko-Mote-1024x683.jpg\" alt=\"\" class=\"wp-image-4258\" srcset=\"https:\/\/iseitiestaskas.lt\/wp-content\/uploads\/2024\/08\/Alytaus-miesto-teatro-spektaklis-TYLEJA-Foto\u00a9Misko-Mote-1024x683.jpg 1024w, https:\/\/iseitiestaskas.lt\/wp-content\/uploads\/2024\/08\/Alytaus-miesto-teatro-spektaklis-TYLEJA-Foto\u00a9Misko-Mote-300x200.jpg 300w, https:\/\/iseitiestaskas.lt\/wp-content\/uploads\/2024\/08\/Alytaus-miesto-teatro-spektaklis-TYLEJA-Foto\u00a9Misko-Mote-768x512.jpg 768w, https:\/\/iseitiestaskas.lt\/wp-content\/uploads\/2024\/08\/Alytaus-miesto-teatro-spektaklis-TYLEJA-Foto\u00a9Misko-Mote-391x260.jpg 391w, https:\/\/iseitiestaskas.lt\/wp-content\/uploads\/2024\/08\/Alytaus-miesto-teatro-spektaklis-TYLEJA-Foto\u00a9Misko-Mote-1536x1024.jpg 1536w, https:\/\/iseitiestaskas.lt\/wp-content\/uploads\/2024\/08\/Alytaus-miesto-teatro-spektaklis-TYLEJA-Foto\u00a9Misko-Mote-2048x1365.jpg 2048w, https:\/\/iseitiestaskas.lt\/wp-content\/uploads\/2024\/08\/Alytaus-miesto-teatro-spektaklis-TYLEJA-Foto\u00a9Misko-Mote-18x12.jpg 18w, https:\/\/iseitiestaskas.lt\/wp-content\/uploads\/2024\/08\/Alytaus-miesto-teatro-spektaklis-TYLEJA-Foto\u00a9Misko-Mote-600x400.jpg 600w\" sizes=\"(max-width: 1024px) 100vw, 1024px\" \/><\/figure>\n\n\n\n<figure class=\"wp-block-image size-large\"><img loading=\"lazy\" decoding=\"async\" width=\"1024\" height=\"683\" data-id=\"4259\" src=\"http:\/\/iseitiestaskas.lt\/wp-content\/uploads\/2024\/08\/Alytaus-miesto-teatro-spektaklis-TYLEJA-Foto\u00a9Misko-Mote2-1024x683.jpg\" alt=\"\" class=\"wp-image-4259\" srcset=\"https:\/\/iseitiestaskas.lt\/wp-content\/uploads\/2024\/08\/Alytaus-miesto-teatro-spektaklis-TYLEJA-Foto\u00a9Misko-Mote2-1024x683.jpg 1024w, https:\/\/iseitiestaskas.lt\/wp-content\/uploads\/2024\/08\/Alytaus-miesto-teatro-spektaklis-TYLEJA-Foto\u00a9Misko-Mote2-300x200.jpg 300w, https:\/\/iseitiestaskas.lt\/wp-content\/uploads\/2024\/08\/Alytaus-miesto-teatro-spektaklis-TYLEJA-Foto\u00a9Misko-Mote2-768x512.jpg 768w, https:\/\/iseitiestaskas.lt\/wp-content\/uploads\/2024\/08\/Alytaus-miesto-teatro-spektaklis-TYLEJA-Foto\u00a9Misko-Mote2-391x260.jpg 391w, https:\/\/iseitiestaskas.lt\/wp-content\/uploads\/2024\/08\/Alytaus-miesto-teatro-spektaklis-TYLEJA-Foto\u00a9Misko-Mote2-1536x1024.jpg 1536w, https:\/\/iseitiestaskas.lt\/wp-content\/uploads\/2024\/08\/Alytaus-miesto-teatro-spektaklis-TYLEJA-Foto\u00a9Misko-Mote2-2048x1365.jpg 2048w, https:\/\/iseitiestaskas.lt\/wp-content\/uploads\/2024\/08\/Alytaus-miesto-teatro-spektaklis-TYLEJA-Foto\u00a9Misko-Mote2-18x12.jpg 18w, https:\/\/iseitiestaskas.lt\/wp-content\/uploads\/2024\/08\/Alytaus-miesto-teatro-spektaklis-TYLEJA-Foto\u00a9Misko-Mote2-600x400.jpg 600w\" sizes=\"(max-width: 1024px) 100vw, 1024px\" \/><\/figure>\n\n\n\n<figure class=\"wp-block-image size-large\"><img loading=\"lazy\" decoding=\"async\" width=\"1024\" height=\"681\" data-id=\"4261\" src=\"http:\/\/iseitiestaskas.lt\/wp-content\/uploads\/2024\/08\/Alytaus-miesto-teatro-spektaklis-\u201eTyleja-rez.-Andra-Kavaliauskaite-\u00a9D.Matvejev-1024x681.jpg\" alt=\"\" class=\"wp-image-4261\" srcset=\"https:\/\/iseitiestaskas.lt\/wp-content\/uploads\/2024\/08\/Alytaus-miesto-teatro-spektaklis-\u201eTyleja-rez.-Andra-Kavaliauskaite-\u00a9D.Matvejev-1024x681.jpg 1024w, https:\/\/iseitiestaskas.lt\/wp-content\/uploads\/2024\/08\/Alytaus-miesto-teatro-spektaklis-\u201eTyleja-rez.-Andra-Kavaliauskaite-\u00a9D.Matvejev-300x200.jpg 300w, https:\/\/iseitiestaskas.lt\/wp-content\/uploads\/2024\/08\/Alytaus-miesto-teatro-spektaklis-\u201eTyleja-rez.-Andra-Kavaliauskaite-\u00a9D.Matvejev-768x511.jpg 768w, https:\/\/iseitiestaskas.lt\/wp-content\/uploads\/2024\/08\/Alytaus-miesto-teatro-spektaklis-\u201eTyleja-rez.-Andra-Kavaliauskaite-\u00a9D.Matvejev-391x260.jpg 391w, https:\/\/iseitiestaskas.lt\/wp-content\/uploads\/2024\/08\/Alytaus-miesto-teatro-spektaklis-\u201eTyleja-rez.-Andra-Kavaliauskaite-\u00a9D.Matvejev-1536x1022.jpg 1536w, https:\/\/iseitiestaskas.lt\/wp-content\/uploads\/2024\/08\/Alytaus-miesto-teatro-spektaklis-\u201eTyleja-rez.-Andra-Kavaliauskaite-\u00a9D.Matvejev-2048x1362.jpg 2048w, https:\/\/iseitiestaskas.lt\/wp-content\/uploads\/2024\/08\/Alytaus-miesto-teatro-spektaklis-\u201eTyleja-rez.-Andra-Kavaliauskaite-\u00a9D.Matvejev-18x12.jpg 18w, https:\/\/iseitiestaskas.lt\/wp-content\/uploads\/2024\/08\/Alytaus-miesto-teatro-spektaklis-\u201eTyleja-rez.-Andra-Kavaliauskaite-\u00a9D.Matvejev-600x399.jpg 600w\" sizes=\"(max-width: 1024px) 100vw, 1024px\" \/><\/figure>\n<\/figure>","protected":false},"excerpt":{"rendered":"<p>SPEKTAKLISRugs\u0117jo 28 d. (\u0161e\u0161tadienis) 18:00Alytaus miesto teatrasre\u017e. Andra Kavaliauskait\u0117Trukm\u0117: 1 val. 30 min.Kauno miesto kamerinis teatras, Did\u017eioji sal\u0117 \u201e\u017dinot, daug kas sako, kad mes esame ypatingieji. Gal ir taip. Ne\u017einau. Gal geriau \u017eino tie, kurie tai sako. Bet jie u\u017emir\u0161ta vien\u0105 labai svarb\u0173 dalyk\u0105. O gal tiesiog jo ne\u017eino (?).&nbsp; I\u0161 ties\u0173, ypatinga \u2013 m\u016bs\u0173 [&hellip;]<\/p>","protected":false},"author":1,"featured_media":0,"parent":0,"menu_order":0,"comment_status":"closed","ping_status":"closed","template":"","meta":{"om_disable_all_campaigns":false,"_monsterinsights_skip_tracking":false,"_monsterinsights_sitenote_active":false,"_monsterinsights_sitenote_note":"","_monsterinsights_sitenote_category":0,"footnotes":""},"aioseo_notices":[],"_links":{"self":[{"href":"https:\/\/iseitiestaskas.lt\/en\/wp-json\/wp\/v2\/pages\/4257"}],"collection":[{"href":"https:\/\/iseitiestaskas.lt\/en\/wp-json\/wp\/v2\/pages"}],"about":[{"href":"https:\/\/iseitiestaskas.lt\/en\/wp-json\/wp\/v2\/types\/page"}],"author":[{"embeddable":true,"href":"https:\/\/iseitiestaskas.lt\/en\/wp-json\/wp\/v2\/users\/1"}],"replies":[{"embeddable":true,"href":"https:\/\/iseitiestaskas.lt\/en\/wp-json\/wp\/v2\/comments?post=4257"}],"version-history":[{"count":1,"href":"https:\/\/iseitiestaskas.lt\/en\/wp-json\/wp\/v2\/pages\/4257\/revisions"}],"predecessor-version":[{"id":4262,"href":"https:\/\/iseitiestaskas.lt\/en\/wp-json\/wp\/v2\/pages\/4257\/revisions\/4262"}],"wp:attachment":[{"href":"https:\/\/iseitiestaskas.lt\/en\/wp-json\/wp\/v2\/media?parent=4257"}],"curies":[{"name":"wp","href":"https:\/\/api.w.org\/{rel}","templated":true}]}}