{"id":4266,"date":"2024-08-22T09:28:22","date_gmt":"2024-08-22T09:28:22","guid":{"rendered":"http:\/\/iseitiestaskas.lt\/?page_id=4266"},"modified":"2024-08-28T09:51:59","modified_gmt":"2024-08-28T09:51:59","slug":"untiefe","status":"publish","type":"page","link":"https:\/\/iseitiestaskas.lt\/en\/untiefe\/","title":{"rendered":"UNTIEFE"},"content":{"rendered":"<p><strong>SVE\u010cIAI I\u0160 VOKIETIJOS<\/strong><br>Rugs\u0117jo 20 d. (penktadienis) 18:00<br>TOFF (Vokietija)<br>re\u017e. Jan Jedenak<br>Trukm\u0117: 45 min.<br>Kaunas City Chamber Theatre, Small Hall&nbsp;<\/p>\n\n\n\n<p>\u201eNuo pat vaikyst\u0117s manyje buvo \u0161i skyl\u0117.<br>Nuo pat vaikyst\u0117s li\u016bd\u0117jau \u2013<br>Myl\u0117jau tai, kas i\u0161nyko i\u0161 akira\u010dio<br>Ir sielvartavau d\u0117l to, kas dar to nepadar\u0117.\u201c<br><em>&#8211; Jan Jedenak<\/em><\/p>\n\n\n\n<p>\u012esivaizduokite skyl\u0119 be dugno. Ji veda \u012f \u017emogaus psichikos gelmes, pro skirtingus sielvarto veidus. Veda \u012f tu\u0161tum\u0105, kuri praryja, \u012f seklum\u0105, i\u0161 kurios kyla tai, kas buvo laikoma prarasta. Vaizdinis ir vokalinis \u017emogi\u0161kojo sielvarto atspindys, atveriantis bedugn\u0119 \u012f ne\u012ftik\u0117tinus dalykus. Istorija tarp s\u0105mon\u0117s ir pas\u0105mon\u0117s apie mumyse esan\u010dias tu\u0161\u010dias erdves. \u017dingsnis \u012f neb\u016bt\u012f, pad\u0117siantis nebijoti \u0161ios tu\u0161tumos.<\/p>\n\n\n\n<p>Re\u017eisierius: Jon Klinkenberg<br>Autorius ir atlik\u0117jas: Jan Jedenak<br>Muzika: Ekheo<br>Kostiumai: Alexandra B\u00f6rner<br>Balso ir k\u016bno treneris: Noemi Fischer <br>Choreograf\u0117: Nicole Mossoux<\/p>\n\n\n\n<figure class=\"wp-block-gallery has-nested-images columns-default is-cropped wp-block-gallery-1 is-layout-flex wp-block-gallery-is-layout-flex\">\n<figure class=\"wp-block-image size-large\"><img loading=\"lazy\" decoding=\"async\" width=\"1024\" height=\"576\" data-id=\"4267\" src=\"http:\/\/iseitiestaskas.lt\/wp-content\/uploads\/2024\/08\/untiefe1-1024x576.png\" alt=\"\" class=\"wp-image-4267\" srcset=\"https:\/\/iseitiestaskas.lt\/wp-content\/uploads\/2024\/08\/untiefe1-1024x576.png 1024w, https:\/\/iseitiestaskas.lt\/wp-content\/uploads\/2024\/08\/untiefe1-300x169.png 300w, https:\/\/iseitiestaskas.lt\/wp-content\/uploads\/2024\/08\/untiefe1-768x432.png 768w, https:\/\/iseitiestaskas.lt\/wp-content\/uploads\/2024\/08\/untiefe1-1536x864.png 1536w, https:\/\/iseitiestaskas.lt\/wp-content\/uploads\/2024\/08\/untiefe1-18x10.png 18w, https:\/\/iseitiestaskas.lt\/wp-content\/uploads\/2024\/08\/untiefe1-150x85.png 150w, https:\/\/iseitiestaskas.lt\/wp-content\/uploads\/2024\/08\/untiefe1-600x338.png 600w, https:\/\/iseitiestaskas.lt\/wp-content\/uploads\/2024\/08\/untiefe1.png 1600w\" sizes=\"(max-width: 1024px) 100vw, 1024px\" \/><\/figure>\n\n\n\n<figure class=\"wp-block-image size-large\"><img loading=\"lazy\" decoding=\"async\" width=\"1024\" height=\"576\" data-id=\"4268\" src=\"http:\/\/iseitiestaskas.lt\/wp-content\/uploads\/2024\/08\/untiefe2-1024x576.png\" alt=\"\" class=\"wp-image-4268\" srcset=\"https:\/\/iseitiestaskas.lt\/wp-content\/uploads\/2024\/08\/untiefe2-1024x576.png 1024w, https:\/\/iseitiestaskas.lt\/wp-content\/uploads\/2024\/08\/untiefe2-300x169.png 300w, https:\/\/iseitiestaskas.lt\/wp-content\/uploads\/2024\/08\/untiefe2-768x432.png 768w, https:\/\/iseitiestaskas.lt\/wp-content\/uploads\/2024\/08\/untiefe2-1536x864.png 1536w, https:\/\/iseitiestaskas.lt\/wp-content\/uploads\/2024\/08\/untiefe2-18x10.png 18w, https:\/\/iseitiestaskas.lt\/wp-content\/uploads\/2024\/08\/untiefe2-150x85.png 150w, https:\/\/iseitiestaskas.lt\/wp-content\/uploads\/2024\/08\/untiefe2-600x338.png 600w, https:\/\/iseitiestaskas.lt\/wp-content\/uploads\/2024\/08\/untiefe2.png 1600w\" sizes=\"(max-width: 1024px) 100vw, 1024px\" \/><\/figure>\n\n\n\n<figure class=\"wp-block-image size-large\"><img loading=\"lazy\" decoding=\"async\" width=\"1024\" height=\"576\" data-id=\"4269\" src=\"http:\/\/iseitiestaskas.lt\/wp-content\/uploads\/2024\/08\/untiefe4-1024x576.png\" alt=\"\" class=\"wp-image-4269\" srcset=\"https:\/\/iseitiestaskas.lt\/wp-content\/uploads\/2024\/08\/untiefe4-1024x576.png 1024w, https:\/\/iseitiestaskas.lt\/wp-content\/uploads\/2024\/08\/untiefe4-300x169.png 300w, https:\/\/iseitiestaskas.lt\/wp-content\/uploads\/2024\/08\/untiefe4-768x432.png 768w, https:\/\/iseitiestaskas.lt\/wp-content\/uploads\/2024\/08\/untiefe4-1536x864.png 1536w, https:\/\/iseitiestaskas.lt\/wp-content\/uploads\/2024\/08\/untiefe4-18x10.png 18w, https:\/\/iseitiestaskas.lt\/wp-content\/uploads\/2024\/08\/untiefe4-150x85.png 150w, https:\/\/iseitiestaskas.lt\/wp-content\/uploads\/2024\/08\/untiefe4-600x338.png 600w, https:\/\/iseitiestaskas.lt\/wp-content\/uploads\/2024\/08\/untiefe4.png 1600w\" sizes=\"(max-width: 1024px) 100vw, 1024px\" \/><\/figure>\n\n\n\n<figure class=\"wp-block-image size-large\"><img loading=\"lazy\" decoding=\"async\" width=\"1024\" height=\"576\" data-id=\"4270\" src=\"http:\/\/iseitiestaskas.lt\/wp-content\/uploads\/2024\/08\/untiefe5-1024x576.png\" alt=\"\" class=\"wp-image-4270\" srcset=\"https:\/\/iseitiestaskas.lt\/wp-content\/uploads\/2024\/08\/untiefe5-1024x576.png 1024w, https:\/\/iseitiestaskas.lt\/wp-content\/uploads\/2024\/08\/untiefe5-300x169.png 300w, https:\/\/iseitiestaskas.lt\/wp-content\/uploads\/2024\/08\/untiefe5-768x432.png 768w, https:\/\/iseitiestaskas.lt\/wp-content\/uploads\/2024\/08\/untiefe5-1536x864.png 1536w, https:\/\/iseitiestaskas.lt\/wp-content\/uploads\/2024\/08\/untiefe5-18x10.png 18w, https:\/\/iseitiestaskas.lt\/wp-content\/uploads\/2024\/08\/untiefe5-150x85.png 150w, https:\/\/iseitiestaskas.lt\/wp-content\/uploads\/2024\/08\/untiefe5-600x338.png 600w, https:\/\/iseitiestaskas.lt\/wp-content\/uploads\/2024\/08\/untiefe5.png 1600w\" sizes=\"(max-width: 1024px) 100vw, 1024px\" \/><\/figure>\n<\/figure>","protected":false},"excerpt":{"rendered":"<p>SVE\u010cIAI I\u0160 VOKIETIJOSRugs\u0117jo 20 d. (penktadienis) 18:00TOFF (Vokietija)re\u017e. Jan JedenakTrukm\u0117: 45 min.Kauno miesto kamerinis teatras, Ma\u017eoji sal\u0117&nbsp; \u201eNuo pat vaikyst\u0117s manyje buvo \u0161i skyl\u0117.Nuo pat vaikyst\u0117s li\u016bd\u0117jau \u2013Myl\u0117jau tai, kas i\u0161nyko i\u0161 akira\u010dioIr sielvartavau d\u0117l to, kas dar to nepadar\u0117.\u201c&#8211; Jan Jedenak \u012esivaizduokite skyl\u0119 be dugno. Ji veda \u012f \u017emogaus psichikos gelmes, pro skirtingus sielvarto [&hellip;]<\/p>","protected":false},"author":1,"featured_media":0,"parent":0,"menu_order":0,"comment_status":"closed","ping_status":"closed","template":"","meta":{"om_disable_all_campaigns":false,"_monsterinsights_skip_tracking":false,"_monsterinsights_sitenote_active":false,"_monsterinsights_sitenote_note":"","_monsterinsights_sitenote_category":0,"footnotes":""},"aioseo_notices":[],"_links":{"self":[{"href":"https:\/\/iseitiestaskas.lt\/en\/wp-json\/wp\/v2\/pages\/4266"}],"collection":[{"href":"https:\/\/iseitiestaskas.lt\/en\/wp-json\/wp\/v2\/pages"}],"about":[{"href":"https:\/\/iseitiestaskas.lt\/en\/wp-json\/wp\/v2\/types\/page"}],"author":[{"embeddable":true,"href":"https:\/\/iseitiestaskas.lt\/en\/wp-json\/wp\/v2\/users\/1"}],"replies":[{"embeddable":true,"href":"https:\/\/iseitiestaskas.lt\/en\/wp-json\/wp\/v2\/comments?post=4266"}],"version-history":[{"count":2,"href":"https:\/\/iseitiestaskas.lt\/en\/wp-json\/wp\/v2\/pages\/4266\/revisions"}],"predecessor-version":[{"id":4455,"href":"https:\/\/iseitiestaskas.lt\/en\/wp-json\/wp\/v2\/pages\/4266\/revisions\/4455"}],"wp:attachment":[{"href":"https:\/\/iseitiestaskas.lt\/en\/wp-json\/wp\/v2\/media?parent=4266"}],"curies":[{"name":"wp","href":"https:\/\/api.w.org\/{rel}","templated":true}]}}