{"id":4275,"date":"2024-08-22T11:20:16","date_gmt":"2024-08-22T11:20:16","guid":{"rendered":"http:\/\/iseitiestaskas.lt\/?page_id=4275"},"modified":"2024-09-11T08:42:18","modified_gmt":"2024-09-11T08:42:18","slug":"cikadu-tylybe","status":"publish","type":"page","link":"https:\/\/iseitiestaskas.lt\/en\/cikadu-tylybe\/","title":{"rendered":"CIKAD\u0172 TYLYB\u0116"},"content":{"rendered":"<div data-elementor-type=\"wp-page\" data-elementor-id=\"4275\" class=\"elementor elementor-4275\" data-elementor-settings=\"[]\">\n\t\t\t\t\t\t\t<div class=\"elementor-section-wrap\">\n\t\t\t\t\t\t\t<section class=\"elementor-section elementor-top-section elementor-element elementor-element-37da723b elementor-section-boxed elementor-section-height-default elementor-section-height-default\" data-id=\"37da723b\" data-element_type=\"section\">\n\t\t\t\t\t\t<div class=\"elementor-container elementor-column-gap-default\">\n\t\t\t\t\t<div class=\"elementor-column elementor-col-100 elementor-top-column elementor-element elementor-element-a9398a8\" data-id=\"a9398a8\" data-element_type=\"column\">\n\t\t\t<div class=\"elementor-widget-wrap elementor-element-populated\">\n\t\t\t\t\t\t\t\t<div class=\"elementor-element elementor-element-7a80c77e elementor-widget elementor-widget-text-editor\" data-id=\"7a80c77e\" data-element_type=\"widget\" data-widget_type=\"text-editor.default\">\n\t\t\t\t<div class=\"elementor-widget-container\">\n\t\t\t\t\t\t\t\t<!-- wp:paragraph -->\n<p><strong>PERFORMANCE<\/strong><br \/>Rugs\u0117jo 20 d. (penktadienis) 17:00 | 20:00<br \/>KTU<br \/>re\u017e. Arnis Aleinikovas<br \/>Length: 1 h. 30 min.\u00a0<br \/>KTU teatro studija \u201e44\u201c,\u00a0 Laisv\u0117s al. 13.<br \/><em>The event is free<br \/><\/em><strong>Viet\u0173 \u012f rengin\u012f neb\u0117ra, registracija u\u017edaryta.<\/strong><\/p>\n<!-- \/wp:paragraph --><!-- wp:paragraph -->\n<p>\u201eKai \u017emon\u0117s sensta, j\u0173 veidai nesikei\u010dia. Tiktai ka\u017ekiek apgri\u016bva. O pavidalas i\u0161lieka tas pats. Beje, kaip ir balsai. Mane priblo\u0161kia, kad i\u0161 karto, vos pak\u0117l\u0119 telefon\u0105, atpa\u017e\u012fstam vienas kito bals\u0105.\u201c (i\u0161trauka i\u0161 pjes\u0117s)<\/p>\n<!-- \/wp:paragraph --><!-- wp:paragraph -->\n<p>KTU teatro studijos \u201e44\u201c vienos dalies spektaklis \u201eCikad\u0173 tylyb\u0117\u201c pastatytas remiantis brit\u0173 dramaturgo Simon Stephens pjese \u201ePornografija\u201c (vert\u0117 A. Mockus). Tai \u2013 iki \u0161iol Lietuvoje nestatyta pjes\u0117, \u017einoma d\u0117l savo fragmenti\u0161ko pasakojimo ir intensyvi\u0173, da\u017enai emoci\u0161kai pripildyt\u0173 scen\u0173. Cikados kaip simbolis pasirinktos neatsitiktinai \u2013 tai tarsi \u017emogaus b\u016bties metafora. Mes gyvename savo gyvenimus iki kol atsitinka \u012fvykis ar \u012fvyki\u0173 seka, kurie sukre\u010dia tiek individualiai, tiek kolektyvi\u0161kai. Cikados nutyla d\u0117l keli\u0173 prie\u017eas\u010di\u0173 \u2013 kai nori pails\u0117ti ir sukaupti energij\u0105 atei\u010diai ir kai \u012fvyksta staigus \u0161viesos arba spalvos pasikeitimas.<\/p>\n<!-- \/wp:paragraph --><!-- wp:paragraph -->\n<p>Pjes\u0117s autorius: Simon Stephens<br \/>I\u0161 angl\u0173 kalbos vert\u0117: Aivaras Mockus<br \/>Re\u017eisierius: Arnis Aleinikovas<br \/>Dramaturgija: Viktorija Kuzabavi\u010di\u016bt\u0117, Arnis Aleinikovas<br \/>Medija ir vizualiniai sprendimai: Viktorija Lankauskait\u0117<br \/>\u0160vies\u0173 dailininkas: Emilis Jonkus<br \/>Garso takelis: SINUO<br \/>Aktoriai: Diana Karlauskait\u0117, Kotryna Markevi\u010di\u016bt\u0117, Donatas Laurinavi\u010dius, Lukas \u0160imelis, Saul\u0117 \u0160eputyt\u0117, Nojus Krasuckas, Edvinas Siurblys, Gabriel\u0117 \u010cesnauskait\u0117, Vytaut\u0117 Jurkut\u0117, Lukas Mieliauskas, Ignas Sabaliauskas, Monika Kvainickait\u0117, Performansas, Deimantas Gricius, Saul\u0117 Zokaityt\u0117, Benas Lu\u0161\u010dikas.<\/p>\n<!-- \/wp:paragraph --><!-- wp:gallery {\"linkTo\":\"none\"} -->\n<figure class=\"wp-block-gallery has-nested-images columns-default is-cropped\"><!-- wp:image {\"id\":4281,\"sizeSlug\":\"large\",\"linkDestination\":\"none\"} -->\n<figure class=\"wp-block-image size-large\"><img loading=\"lazy\" decoding=\"async\" width=\"1024\" height=\"683\" class=\"wp-image-4281\" src=\"http:\/\/iseitiestaskas.lt\/wp-content\/uploads\/2024\/08\/Aleinikovas-2-1024x683-1.jpg\" alt=\"\" srcset=\"https:\/\/iseitiestaskas.lt\/wp-content\/uploads\/2024\/08\/Aleinikovas-2-1024x683-1.jpg 1024w, https:\/\/iseitiestaskas.lt\/wp-content\/uploads\/2024\/08\/Aleinikovas-2-1024x683-1-300x200.jpg 300w, https:\/\/iseitiestaskas.lt\/wp-content\/uploads\/2024\/08\/Aleinikovas-2-1024x683-1-768x512.jpg 768w, https:\/\/iseitiestaskas.lt\/wp-content\/uploads\/2024\/08\/Aleinikovas-2-1024x683-1-391x260.jpg 391w, https:\/\/iseitiestaskas.lt\/wp-content\/uploads\/2024\/08\/Aleinikovas-2-1024x683-1-18x12.jpg 18w, https:\/\/iseitiestaskas.lt\/wp-content\/uploads\/2024\/08\/Aleinikovas-2-1024x683-1-600x400.jpg 600w\" sizes=\"(max-width: 1024px) 100vw, 1024px\" \/><\/figure>\n<!-- \/wp:image --><!-- wp:image {\"id\":4283,\"sizeSlug\":\"large\",\"linkDestination\":\"none\"} -->\n<figure class=\"wp-block-image size-large\"><img loading=\"lazy\" decoding=\"async\" width=\"1024\" height=\"683\" class=\"wp-image-4283\" src=\"http:\/\/iseitiestaskas.lt\/wp-content\/uploads\/2024\/08\/44-CH-7-1024x683-1.jpg\" alt=\"\" srcset=\"https:\/\/iseitiestaskas.lt\/wp-content\/uploads\/2024\/08\/44-CH-7-1024x683-1.jpg 1024w, https:\/\/iseitiestaskas.lt\/wp-content\/uploads\/2024\/08\/44-CH-7-1024x683-1-300x200.jpg 300w, https:\/\/iseitiestaskas.lt\/wp-content\/uploads\/2024\/08\/44-CH-7-1024x683-1-768x512.jpg 768w, https:\/\/iseitiestaskas.lt\/wp-content\/uploads\/2024\/08\/44-CH-7-1024x683-1-391x260.jpg 391w, https:\/\/iseitiestaskas.lt\/wp-content\/uploads\/2024\/08\/44-CH-7-1024x683-1-18x12.jpg 18w, https:\/\/iseitiestaskas.lt\/wp-content\/uploads\/2024\/08\/44-CH-7-1024x683-1-600x400.jpg 600w\" sizes=\"(max-width: 1024px) 100vw, 1024px\" \/><\/figure>\n<!-- \/wp:image --><!-- wp:image {\"id\":4280,\"sizeSlug\":\"large\",\"linkDestination\":\"none\"} -->\n<figure class=\"wp-block-image size-large\"><img loading=\"lazy\" decoding=\"async\" width=\"1024\" height=\"683\" class=\"wp-image-4280\" src=\"http:\/\/iseitiestaskas.lt\/wp-content\/uploads\/2024\/08\/Aleinikovas-1-1024x683-1.jpg\" alt=\"\" srcset=\"https:\/\/iseitiestaskas.lt\/wp-content\/uploads\/2024\/08\/Aleinikovas-1-1024x683-1.jpg 1024w, https:\/\/iseitiestaskas.lt\/wp-content\/uploads\/2024\/08\/Aleinikovas-1-1024x683-1-300x200.jpg 300w, https:\/\/iseitiestaskas.lt\/wp-content\/uploads\/2024\/08\/Aleinikovas-1-1024x683-1-768x512.jpg 768w, https:\/\/iseitiestaskas.lt\/wp-content\/uploads\/2024\/08\/Aleinikovas-1-1024x683-1-391x260.jpg 391w, https:\/\/iseitiestaskas.lt\/wp-content\/uploads\/2024\/08\/Aleinikovas-1-1024x683-1-18x12.jpg 18w, https:\/\/iseitiestaskas.lt\/wp-content\/uploads\/2024\/08\/Aleinikovas-1-1024x683-1-600x400.jpg 600w\" sizes=\"(max-width: 1024px) 100vw, 1024px\" \/><\/figure>\n<!-- \/wp:image --><!-- wp:image {\"id\":4282,\"sizeSlug\":\"large\",\"linkDestination\":\"none\"} -->\n<figure class=\"wp-block-image size-large\"><img loading=\"lazy\" decoding=\"async\" width=\"1024\" height=\"536\" class=\"wp-image-4282\" src=\"http:\/\/iseitiestaskas.lt\/wp-content\/uploads\/2024\/08\/44-CIKADOS-1024x536.png\" alt=\"\" srcset=\"https:\/\/iseitiestaskas.lt\/wp-content\/uploads\/2024\/08\/44-CIKADOS-1024x536.png 1024w, https:\/\/iseitiestaskas.lt\/wp-content\/uploads\/2024\/08\/44-CIKADOS-300x157.png 300w, https:\/\/iseitiestaskas.lt\/wp-content\/uploads\/2024\/08\/44-CIKADOS-768x402.png 768w, https:\/\/iseitiestaskas.lt\/wp-content\/uploads\/2024\/08\/44-CIKADOS-1536x804.png 1536w, https:\/\/iseitiestaskas.lt\/wp-content\/uploads\/2024\/08\/44-CIKADOS-18x9.png 18w, https:\/\/iseitiestaskas.lt\/wp-content\/uploads\/2024\/08\/44-CIKADOS-600x314.png 600w, https:\/\/iseitiestaskas.lt\/wp-content\/uploads\/2024\/08\/44-CIKADOS.png 1920w\" sizes=\"(max-width: 1024px) 100vw, 1024px\" \/><\/figure>\n<!-- \/wp:image --><\/figure>\n<!-- \/wp:gallery -->\t\t\t\t\t\t<\/div>\n\t\t\t\t<\/div>\n\t\t\t\t\t<\/div>\n\t\t<\/div>\n\t\t\t\t\t\t\t<\/div>\n\t\t<\/section>\n\t\t\t\t\t\t<\/div>\n\t\t\t\t\t<\/div>","protected":false},"excerpt":{"rendered":"<p>SPEKTAKLISRugs\u0117jo 20 d. (penktadienis) 17:00 | 20:00KTUre\u017e. Arnis AleinikovasTrukm\u0117: 1 val. 30 min.\u00a0KTU teatro studija \u201e44\u201c,\u00a0 Laisv\u0117s al. 13.Renginys nemokamas.Viet\u0173 \u012f rengin\u012f neb\u0117ra, registracija u\u017edaryta. \u201eKai \u017emon\u0117s sensta, j\u0173 veidai nesikei\u010dia. Tiktai ka\u017ekiek apgri\u016bva. O pavidalas i\u0161lieka tas pats. Beje, kaip ir balsai. Mane priblo\u0161kia, kad i\u0161 karto, vos pak\u0117l\u0119 telefon\u0105, atpa\u017e\u012fstam vienas kito bals\u0105.\u201c [&hellip;]<\/p>","protected":false},"author":1,"featured_media":0,"parent":0,"menu_order":0,"comment_status":"closed","ping_status":"closed","template":"","meta":{"om_disable_all_campaigns":false,"_monsterinsights_skip_tracking":false,"_monsterinsights_sitenote_active":false,"_monsterinsights_sitenote_note":"","_monsterinsights_sitenote_category":0,"footnotes":""},"aioseo_notices":[],"_links":{"self":[{"href":"https:\/\/iseitiestaskas.lt\/en\/wp-json\/wp\/v2\/pages\/4275"}],"collection":[{"href":"https:\/\/iseitiestaskas.lt\/en\/wp-json\/wp\/v2\/pages"}],"about":[{"href":"https:\/\/iseitiestaskas.lt\/en\/wp-json\/wp\/v2\/types\/page"}],"author":[{"embeddable":true,"href":"https:\/\/iseitiestaskas.lt\/en\/wp-json\/wp\/v2\/users\/1"}],"replies":[{"embeddable":true,"href":"https:\/\/iseitiestaskas.lt\/en\/wp-json\/wp\/v2\/comments?post=4275"}],"version-history":[{"count":7,"href":"https:\/\/iseitiestaskas.lt\/en\/wp-json\/wp\/v2\/pages\/4275\/revisions"}],"predecessor-version":[{"id":4545,"href":"https:\/\/iseitiestaskas.lt\/en\/wp-json\/wp\/v2\/pages\/4275\/revisions\/4545"}],"wp:attachment":[{"href":"https:\/\/iseitiestaskas.lt\/en\/wp-json\/wp\/v2\/media?parent=4275"}],"curies":[{"name":"wp","href":"https:\/\/api.w.org\/{rel}","templated":true}]}}