{"id":4294,"date":"2024-08-22T12:41:19","date_gmt":"2024-08-22T12:41:19","guid":{"rendered":"http:\/\/iseitiestaskas.lt\/?page_id=4294"},"modified":"2024-08-27T09:38:41","modified_gmt":"2024-08-27T09:38:41","slug":"lusies-valanda","status":"publish","type":"page","link":"https:\/\/iseitiestaskas.lt\/en\/lusies-valanda\/","title":{"rendered":"L\u016a\u0160IES VALANDA"},"content":{"rendered":"<p><strong>PERFORMANCE<\/strong><br>Rugs\u0117jo 24 d. (antradienis) 18:00<br>LMTA Klaip\u0117dos fakultetas<br>re\u017e. Vaidas Jaru\u0161evi\u010dius<br>Length: 1 h. 30 min.<br>Kaunas City Chamber Theatre, Great Hall<\/p>\n\n\n\n<p>\u201eYpatingas mentalinis sutrikimas\u201c<\/p>\n\n\n\n<p>Ar diagnoz\u0117 yra absoliuti? Kas i\u0161 tikr\u0173j\u0173 turi negin\u010dijam\u0105 teis\u0119 pasakyti, kas yra normalus, o kas ne? Ar diagnoz\u0117s neigimas \u2013 jau i\u0161prot\u0117jimas?<\/p>\n\n\n\n<p>\u201eL\u016b\u0161ies valanda\u201c \u2013 tai jautri kelion\u0117 po \u017emogaus vidin\u012f pasaul\u012f. Skrupulingai nagrin\u0117damas dvasios ir proto santyk\u012f, autorius kelia klausim\u0105, ar \u017emogus gali pats i\u0161silaisvinti i\u0161 visuomen\u0117s jam taikom\u0173 norm\u0173.<\/p>\n\n\n\n<p>Re\u017eisierius: Vaidas Jaru\u0161evi\u010dius<br>Vaidina: Osvaldas Tokarevas, Viktorija Valskyt\u0117, Renata Idzelyt\u0117<br>Scenografija: Aist\u0117 Alksnyt\u0117<br>\u0160viesos: Linas Rubinas, Aurimas Bareikis<\/p>\n\n\n\n<figure class=\"wp-block-gallery has-nested-images columns-default is-cropped wp-block-gallery-1 is-layout-flex wp-block-gallery-is-layout-flex\">\n<figure class=\"wp-block-image size-large\"><img loading=\"lazy\" decoding=\"async\" width=\"1024\" height=\"683\" data-id=\"4305\" src=\"http:\/\/iseitiestaskas.lt\/wp-content\/uploads\/2024\/08\/1itch-3-1024x683.jpg\" alt=\"\" class=\"wp-image-4305\" srcset=\"https:\/\/iseitiestaskas.lt\/wp-content\/uploads\/2024\/08\/1itch-3-1024x683.jpg 1024w, https:\/\/iseitiestaskas.lt\/wp-content\/uploads\/2024\/08\/1itch-3-300x200.jpg 300w, https:\/\/iseitiestaskas.lt\/wp-content\/uploads\/2024\/08\/1itch-3-768x512.jpg 768w, https:\/\/iseitiestaskas.lt\/wp-content\/uploads\/2024\/08\/1itch-3-391x260.jpg 391w, https:\/\/iseitiestaskas.lt\/wp-content\/uploads\/2024\/08\/1itch-3-1536x1024.jpg 1536w, https:\/\/iseitiestaskas.lt\/wp-content\/uploads\/2024\/08\/1itch-3-2048x1366.jpg 2048w, https:\/\/iseitiestaskas.lt\/wp-content\/uploads\/2024\/08\/1itch-3-18x12.jpg 18w, https:\/\/iseitiestaskas.lt\/wp-content\/uploads\/2024\/08\/1itch-3-600x400.jpg 600w\" sizes=\"(max-width: 1024px) 100vw, 1024px\" \/><\/figure>\n\n\n\n<figure class=\"wp-block-image size-large\"><img loading=\"lazy\" decoding=\"async\" width=\"1024\" height=\"683\" data-id=\"4306\" src=\"http:\/\/iseitiestaskas.lt\/wp-content\/uploads\/2024\/08\/2itch-2-1024x683.jpg\" alt=\"\" class=\"wp-image-4306\" srcset=\"https:\/\/iseitiestaskas.lt\/wp-content\/uploads\/2024\/08\/2itch-2-1024x683.jpg 1024w, https:\/\/iseitiestaskas.lt\/wp-content\/uploads\/2024\/08\/2itch-2-300x200.jpg 300w, https:\/\/iseitiestaskas.lt\/wp-content\/uploads\/2024\/08\/2itch-2-768x512.jpg 768w, https:\/\/iseitiestaskas.lt\/wp-content\/uploads\/2024\/08\/2itch-2-391x260.jpg 391w, https:\/\/iseitiestaskas.lt\/wp-content\/uploads\/2024\/08\/2itch-2-1536x1024.jpg 1536w, https:\/\/iseitiestaskas.lt\/wp-content\/uploads\/2024\/08\/2itch-2-2048x1366.jpg 2048w, https:\/\/iseitiestaskas.lt\/wp-content\/uploads\/2024\/08\/2itch-2-18x12.jpg 18w, https:\/\/iseitiestaskas.lt\/wp-content\/uploads\/2024\/08\/2itch-2-600x400.jpg 600w\" sizes=\"(max-width: 1024px) 100vw, 1024px\" \/><\/figure>\n\n\n\n<figure class=\"wp-block-image size-large\"><img loading=\"lazy\" decoding=\"async\" width=\"1024\" height=\"683\" data-id=\"4308\" src=\"http:\/\/iseitiestaskas.lt\/wp-content\/uploads\/2024\/08\/4itch-2-1024x683.jpg\" alt=\"\" class=\"wp-image-4308\" srcset=\"https:\/\/iseitiestaskas.lt\/wp-content\/uploads\/2024\/08\/4itch-2-1024x683.jpg 1024w, https:\/\/iseitiestaskas.lt\/wp-content\/uploads\/2024\/08\/4itch-2-300x200.jpg 300w, https:\/\/iseitiestaskas.lt\/wp-content\/uploads\/2024\/08\/4itch-2-768x512.jpg 768w, https:\/\/iseitiestaskas.lt\/wp-content\/uploads\/2024\/08\/4itch-2-391x260.jpg 391w, https:\/\/iseitiestaskas.lt\/wp-content\/uploads\/2024\/08\/4itch-2-1536x1024.jpg 1536w, https:\/\/iseitiestaskas.lt\/wp-content\/uploads\/2024\/08\/4itch-2-2048x1366.jpg 2048w, https:\/\/iseitiestaskas.lt\/wp-content\/uploads\/2024\/08\/4itch-2-18x12.jpg 18w, https:\/\/iseitiestaskas.lt\/wp-content\/uploads\/2024\/08\/4itch-2-600x400.jpg 600w\" sizes=\"(max-width: 1024px) 100vw, 1024px\" \/><\/figure>\n\n\n\n<figure class=\"wp-block-image size-large\"><img loading=\"lazy\" decoding=\"async\" width=\"1024\" height=\"683\" data-id=\"4307\" src=\"http:\/\/iseitiestaskas.lt\/wp-content\/uploads\/2024\/08\/itch-1-1024x683.jpg\" alt=\"\" class=\"wp-image-4307\" srcset=\"https:\/\/iseitiestaskas.lt\/wp-content\/uploads\/2024\/08\/itch-1-1024x683.jpg 1024w, https:\/\/iseitiestaskas.lt\/wp-content\/uploads\/2024\/08\/itch-1-300x200.jpg 300w, https:\/\/iseitiestaskas.lt\/wp-content\/uploads\/2024\/08\/itch-1-768x512.jpg 768w, https:\/\/iseitiestaskas.lt\/wp-content\/uploads\/2024\/08\/itch-1-391x260.jpg 391w, https:\/\/iseitiestaskas.lt\/wp-content\/uploads\/2024\/08\/itch-1-1536x1024.jpg 1536w, https:\/\/iseitiestaskas.lt\/wp-content\/uploads\/2024\/08\/itch-1-2048x1366.jpg 2048w, https:\/\/iseitiestaskas.lt\/wp-content\/uploads\/2024\/08\/itch-1-18x12.jpg 18w, https:\/\/iseitiestaskas.lt\/wp-content\/uploads\/2024\/08\/itch-1-600x400.jpg 600w\" sizes=\"(max-width: 1024px) 100vw, 1024px\" \/><\/figure>\n<\/figure>","protected":false},"excerpt":{"rendered":"<p>SPEKTAKLISRugs\u0117jo 24 d. (antradienis) 18:00LMTA Klaip\u0117dos fakultetasre\u017e. Vaidas Jaru\u0161evi\u010diusTrukm\u0117: 1 val. 30 min.Kauno miesto kamerinis teatras, Did\u017eioji sal\u0117 \u201eYpatingas mentalinis sutrikimas\u201c Ar diagnoz\u0117 yra absoliuti? Kas i\u0161 tikr\u0173j\u0173 turi negin\u010dijam\u0105 teis\u0119 pasakyti, kas yra normalus, o kas ne? Ar diagnoz\u0117s neigimas \u2013 jau i\u0161prot\u0117jimas? \u201eL\u016b\u0161ies valanda\u201c \u2013 tai jautri kelion\u0117 po \u017emogaus vidin\u012f pasaul\u012f. Skrupulingai [&hellip;]<\/p>","protected":false},"author":1,"featured_media":0,"parent":0,"menu_order":0,"comment_status":"closed","ping_status":"closed","template":"","meta":{"om_disable_all_campaigns":false,"_monsterinsights_skip_tracking":false,"_monsterinsights_sitenote_active":false,"_monsterinsights_sitenote_note":"","_monsterinsights_sitenote_category":0,"footnotes":""},"aioseo_notices":[],"_links":{"self":[{"href":"https:\/\/iseitiestaskas.lt\/en\/wp-json\/wp\/v2\/pages\/4294"}],"collection":[{"href":"https:\/\/iseitiestaskas.lt\/en\/wp-json\/wp\/v2\/pages"}],"about":[{"href":"https:\/\/iseitiestaskas.lt\/en\/wp-json\/wp\/v2\/types\/page"}],"author":[{"embeddable":true,"href":"https:\/\/iseitiestaskas.lt\/en\/wp-json\/wp\/v2\/users\/1"}],"replies":[{"embeddable":true,"href":"https:\/\/iseitiestaskas.lt\/en\/wp-json\/wp\/v2\/comments?post=4294"}],"version-history":[{"count":2,"href":"https:\/\/iseitiestaskas.lt\/en\/wp-json\/wp\/v2\/pages\/4294\/revisions"}],"predecessor-version":[{"id":4444,"href":"https:\/\/iseitiestaskas.lt\/en\/wp-json\/wp\/v2\/pages\/4294\/revisions\/4444"}],"wp:attachment":[{"href":"https:\/\/iseitiestaskas.lt\/en\/wp-json\/wp\/v2\/media?parent=4294"}],"curies":[{"name":"wp","href":"https:\/\/api.w.org\/{rel}","templated":true}]}}