{"id":4313,"date":"2024-08-22T12:54:45","date_gmt":"2024-08-22T12:54:45","guid":{"rendered":"http:\/\/iseitiestaskas.lt\/?page_id=4313"},"modified":"2024-08-26T12:34:12","modified_gmt":"2024-08-26T12:34:12","slug":"artimos","status":"publish","type":"page","link":"https:\/\/iseitiestaskas.lt\/en\/artimos\/","title":{"rendered":"ARTIMOS"},"content":{"rendered":"<p><strong>PERFORMANCE<\/strong><br>Rugs\u0117jo 27 d. (penktadienis) 18:00<br>LMTA<br>re\u017e. Povilas Barzd\u017eius<br>Length: 1 h. 30 min.<br>Kaunas City Chamber Theatre, Great Hall<\/p>\n\n\n\n<p>\u201eArtimos\u201c \u2013 kolia\u017einis spektaklis, kurio dramaturgija yra sudaryta i\u0161 dviej\u0173 k\u016br\u0117j\u0173 darb\u0173. F. Richter pjes\u0117s \u201eNothing Hurts\u201c ir W. Shakespeare \u201eAs you like it\u201c ir \u201eDvylikta naktis\u201c. Skirtingo laikme\u010dio, dramaturgijos, monta\u017eo principu yra d\u0117liojamos taip, kad pad\u0117t\u0173 atskleisti ir i\u0161ry\u0161kinti pagrindin\u0119 spektaklio tem\u0105 \u2013 meil\u0117s paie\u0161kas. Spektaklio siu\u017eetas sukasi aplink keturias merginas, kurios pasitelkdamos skirtingus vaidmenis ir situacijas metasi \u012f savoti\u0161k\u0105 maskarad\u0105, kuriame ie\u0161ko ne tik kito, bet ir sav\u0119s.<\/p>\n\n\n\n<p>Re\u017eisierius: Povilas Barzd\u017eius<br>Aktor\u0117s: R\u016bta Jonikait\u0117, Saul\u0117 Emilija Ra\u0161imait\u0117, Radvil\u0117 Budryt\u0117, Morta Narkauskait\u0117<\/p>\n\n\n\n<figure class=\"wp-block-gallery has-nested-images columns-default is-cropped wp-block-gallery-1 is-layout-flex wp-block-gallery-is-layout-flex\">\n<figure class=\"wp-block-image size-large\"><img loading=\"lazy\" decoding=\"async\" width=\"1024\" height=\"577\" data-id=\"4396\" src=\"http:\/\/iseitiestaskas.lt\/wp-content\/uploads\/2024\/08\/Nothing-Hurts-Foto-Jurgita-Satkunaite-22-1024x577.jpg\" alt=\"\" class=\"wp-image-4396\" srcset=\"https:\/\/iseitiestaskas.lt\/wp-content\/uploads\/2024\/08\/Nothing-Hurts-Foto-Jurgita-Satkunaite-22-1024x577.jpg 1024w, https:\/\/iseitiestaskas.lt\/wp-content\/uploads\/2024\/08\/Nothing-Hurts-Foto-Jurgita-Satkunaite-22-300x169.jpg 300w, https:\/\/iseitiestaskas.lt\/wp-content\/uploads\/2024\/08\/Nothing-Hurts-Foto-Jurgita-Satkunaite-22-768x432.jpg 768w, https:\/\/iseitiestaskas.lt\/wp-content\/uploads\/2024\/08\/Nothing-Hurts-Foto-Jurgita-Satkunaite-22-1536x865.jpg 1536w, https:\/\/iseitiestaskas.lt\/wp-content\/uploads\/2024\/08\/Nothing-Hurts-Foto-Jurgita-Satkunaite-22-18x10.jpg 18w, https:\/\/iseitiestaskas.lt\/wp-content\/uploads\/2024\/08\/Nothing-Hurts-Foto-Jurgita-Satkunaite-22-150x85.jpg 150w, https:\/\/iseitiestaskas.lt\/wp-content\/uploads\/2024\/08\/Nothing-Hurts-Foto-Jurgita-Satkunaite-22-1920x1080.jpg 1920w, https:\/\/iseitiestaskas.lt\/wp-content\/uploads\/2024\/08\/Nothing-Hurts-Foto-Jurgita-Satkunaite-22-600x338.jpg 600w, https:\/\/iseitiestaskas.lt\/wp-content\/uploads\/2024\/08\/Nothing-Hurts-Foto-Jurgita-Satkunaite-22.jpg 2048w\" sizes=\"(max-width: 1024px) 100vw, 1024px\" \/><\/figure>\n<\/figure>","protected":false},"excerpt":{"rendered":"<p>SPEKTAKLISRugs\u0117jo 27 d. (penktadienis) 18:00LMTAre\u017e. Povilas Barzd\u017eiusTrukm\u0117: 1 val. 30 min.Kauno miesto kamerinis teatras, Did\u017eioji sal\u0117 \u201eArtimos\u201c \u2013 kolia\u017einis spektaklis, kurio dramaturgija yra sudaryta i\u0161 dviej\u0173 k\u016br\u0117j\u0173 darb\u0173. F. Richter pjes\u0117s \u201eNothing Hurts\u201c ir W. Shakespeare \u201eAs you like it\u201c ir \u201eDvylikta naktis\u201c. Skirtingo laikme\u010dio, dramaturgijos, monta\u017eo principu yra d\u0117liojamos taip, kad pad\u0117t\u0173 atskleisti ir [&hellip;]<\/p>","protected":false},"author":1,"featured_media":0,"parent":0,"menu_order":0,"comment_status":"closed","ping_status":"closed","template":"","meta":{"om_disable_all_campaigns":false,"_monsterinsights_skip_tracking":false,"_monsterinsights_sitenote_active":false,"_monsterinsights_sitenote_note":"","_monsterinsights_sitenote_category":0,"footnotes":""},"aioseo_notices":[],"_links":{"self":[{"href":"https:\/\/iseitiestaskas.lt\/en\/wp-json\/wp\/v2\/pages\/4313"}],"collection":[{"href":"https:\/\/iseitiestaskas.lt\/en\/wp-json\/wp\/v2\/pages"}],"about":[{"href":"https:\/\/iseitiestaskas.lt\/en\/wp-json\/wp\/v2\/types\/page"}],"author":[{"embeddable":true,"href":"https:\/\/iseitiestaskas.lt\/en\/wp-json\/wp\/v2\/users\/1"}],"replies":[{"embeddable":true,"href":"https:\/\/iseitiestaskas.lt\/en\/wp-json\/wp\/v2\/comments?post=4313"}],"version-history":[{"count":2,"href":"https:\/\/iseitiestaskas.lt\/en\/wp-json\/wp\/v2\/pages\/4313\/revisions"}],"predecessor-version":[{"id":4397,"href":"https:\/\/iseitiestaskas.lt\/en\/wp-json\/wp\/v2\/pages\/4313\/revisions\/4397"}],"wp:attachment":[{"href":"https:\/\/iseitiestaskas.lt\/en\/wp-json\/wp\/v2\/media?parent=4313"}],"curies":[{"name":"wp","href":"https:\/\/api.w.org\/{rel}","templated":true}]}}