{"id":4361,"date":"2024-08-26T09:39:58","date_gmt":"2024-08-26T09:39:58","guid":{"rendered":"http:\/\/iseitiestaskas.lt\/?page_id=4361"},"modified":"2024-09-11T08:43:46","modified_gmt":"2024-09-11T08:43:46","slug":"tula","status":"publish","type":"page","link":"https:\/\/iseitiestaskas.lt\/en\/tula\/","title":{"rendered":"T\u016aLA"},"content":{"rendered":"<div data-elementor-type=\"wp-page\" data-elementor-id=\"4361\" class=\"elementor elementor-4361\" data-elementor-settings=\"[]\">\n\t\t\t\t\t\t\t<div class=\"elementor-section-wrap\">\n\t\t\t\t\t\t\t<section class=\"elementor-section elementor-top-section elementor-element elementor-element-3c7dce81 elementor-section-boxed elementor-section-height-default elementor-section-height-default\" data-id=\"3c7dce81\" data-element_type=\"section\">\n\t\t\t\t\t\t<div class=\"elementor-container elementor-column-gap-default\">\n\t\t\t\t\t<div class=\"elementor-column elementor-col-100 elementor-top-column elementor-element elementor-element-4ad2b5df\" data-id=\"4ad2b5df\" data-element_type=\"column\">\n\t\t\t<div class=\"elementor-widget-wrap elementor-element-populated\">\n\t\t\t\t\t\t\t\t<div class=\"elementor-element elementor-element-116f1af8 elementor-widget elementor-widget-text-editor\" data-id=\"116f1af8\" data-element_type=\"widget\" data-widget_type=\"text-editor.default\">\n\t\t\t\t<div class=\"elementor-widget-container\">\n\t\t\t\t\t\t\t\t<!-- wp:paragraph -->\n<p><strong>OPENING OF THE FESTIVAL. SKETCH COMPETITION<\/strong><br \/>Rugs\u0117jo 17 d. (antradienis) 18:30<br \/>re\u017e.\u00a0Milda Emilija Mi\u010diulyt\u0117<br \/>Kaunas City Chamber Theatre<br \/><strong>Viet\u0173 \u012f rengin\u012f neb\u0117ra, registracija u\u017edaryta.<\/strong><\/p>\n<!-- \/wp:paragraph --><!-- wp:paragraph -->\n<p><em>Jei laikas u\u017egydo visas \u017eaizdas, tai kiek jo reikia, kad paleistume savo gyvenimo meil\u0119?<\/em><\/p>\n<!-- \/wp:paragraph --><!-- wp:paragraph --><!-- \/wp:paragraph --><!-- wp:paragraph -->\n<p>\u201eT\u016bla&#8221; \u2013 siurrealisti\u0161kas spektaklis, sukurtas remiantis ra\u0161ytojo Jurgio Kun\u010dino romano tokiu pat pavadinimu motyvais. K\u016brinio a\u0161yje \u2013 bla\u0161kymasis tarp praeities ir dabarties, siekiant i\u0161narplioti savo \u012fsisen\u0117jusios \u0161irdg\u0117los voratinkl\u012f. Monologi\u0161kos romano stilistikos b\u016bdu, pasakotojas panyra \u012f skausming\u0105 vidin\u0119 kelion\u0119 po savo prisiminimus.<\/p>\n<!-- \/wp:paragraph --><!-- wp:gallery {\"linkTo\":\"none\"} -->\n<figure class=\"wp-block-gallery has-nested-images columns-default is-cropped\"><!-- wp:image {\"id\":4364,\"sizeSlug\":\"large\",\"linkDestination\":\"none\"} -->\n<figure class=\"wp-block-image size-large\"><img loading=\"lazy\" decoding=\"async\" width=\"1024\" height=\"576\" class=\"wp-image-4364\" src=\"http:\/\/iseitiestaskas.lt\/wp-content\/uploads\/2024\/08\/1tula-1024x576.png\" alt=\"\" srcset=\"https:\/\/iseitiestaskas.lt\/wp-content\/uploads\/2024\/08\/1tula-1024x576.png 1024w, https:\/\/iseitiestaskas.lt\/wp-content\/uploads\/2024\/08\/1tula-300x169.png 300w, https:\/\/iseitiestaskas.lt\/wp-content\/uploads\/2024\/08\/1tula-768x432.png 768w, https:\/\/iseitiestaskas.lt\/wp-content\/uploads\/2024\/08\/1tula-1536x864.png 1536w, https:\/\/iseitiestaskas.lt\/wp-content\/uploads\/2024\/08\/1tula-18x10.png 18w, https:\/\/iseitiestaskas.lt\/wp-content\/uploads\/2024\/08\/1tula-150x85.png 150w, https:\/\/iseitiestaskas.lt\/wp-content\/uploads\/2024\/08\/1tula-600x338.png 600w, https:\/\/iseitiestaskas.lt\/wp-content\/uploads\/2024\/08\/1tula.png 1920w\" sizes=\"(max-width: 1024px) 100vw, 1024px\" \/><\/figure>\n<!-- \/wp:image --><!-- wp:image {\"id\":4363,\"sizeSlug\":\"large\",\"linkDestination\":\"none\"} -->\n<figure class=\"wp-block-image size-large\"><img loading=\"lazy\" decoding=\"async\" width=\"1024\" height=\"576\" class=\"wp-image-4363\" src=\"http:\/\/iseitiestaskas.lt\/wp-content\/uploads\/2024\/08\/3tula-1024x576.png\" alt=\"\" srcset=\"https:\/\/iseitiestaskas.lt\/wp-content\/uploads\/2024\/08\/3tula-1024x576.png 1024w, https:\/\/iseitiestaskas.lt\/wp-content\/uploads\/2024\/08\/3tula-300x169.png 300w, https:\/\/iseitiestaskas.lt\/wp-content\/uploads\/2024\/08\/3tula-768x432.png 768w, https:\/\/iseitiestaskas.lt\/wp-content\/uploads\/2024\/08\/3tula-1536x864.png 1536w, https:\/\/iseitiestaskas.lt\/wp-content\/uploads\/2024\/08\/3tula-18x10.png 18w, https:\/\/iseitiestaskas.lt\/wp-content\/uploads\/2024\/08\/3tula-150x85.png 150w, https:\/\/iseitiestaskas.lt\/wp-content\/uploads\/2024\/08\/3tula-600x338.png 600w, https:\/\/iseitiestaskas.lt\/wp-content\/uploads\/2024\/08\/3tula.png 1920w\" sizes=\"(max-width: 1024px) 100vw, 1024px\" \/><\/figure>\n<!-- \/wp:image --><!-- wp:image {\"id\":4365,\"sizeSlug\":\"large\",\"linkDestination\":\"none\"} -->\n<figure class=\"wp-block-image size-large\"><img loading=\"lazy\" decoding=\"async\" width=\"1024\" height=\"576\" class=\"wp-image-4365\" src=\"http:\/\/iseitiestaskas.lt\/wp-content\/uploads\/2024\/08\/4tula-1024x576.png\" alt=\"\" srcset=\"https:\/\/iseitiestaskas.lt\/wp-content\/uploads\/2024\/08\/4tula-1024x576.png 1024w, https:\/\/iseitiestaskas.lt\/wp-content\/uploads\/2024\/08\/4tula-300x169.png 300w, https:\/\/iseitiestaskas.lt\/wp-content\/uploads\/2024\/08\/4tula-768x432.png 768w, https:\/\/iseitiestaskas.lt\/wp-content\/uploads\/2024\/08\/4tula-1536x864.png 1536w, https:\/\/iseitiestaskas.lt\/wp-content\/uploads\/2024\/08\/4tula-18x10.png 18w, https:\/\/iseitiestaskas.lt\/wp-content\/uploads\/2024\/08\/4tula-150x85.png 150w, https:\/\/iseitiestaskas.lt\/wp-content\/uploads\/2024\/08\/4tula-600x338.png 600w, https:\/\/iseitiestaskas.lt\/wp-content\/uploads\/2024\/08\/4tula.png 1920w\" sizes=\"(max-width: 1024px) 100vw, 1024px\" \/><\/figure>\n<!-- \/wp:image --><!-- wp:image {\"id\":4362,\"sizeSlug\":\"large\",\"linkDestination\":\"none\"} -->\n<figure class=\"wp-block-image size-large\"><img loading=\"lazy\" decoding=\"async\" width=\"1024\" height=\"576\" class=\"wp-image-4362\" src=\"http:\/\/iseitiestaskas.lt\/wp-content\/uploads\/2024\/08\/tula-1024x576.png\" alt=\"\" srcset=\"https:\/\/iseitiestaskas.lt\/wp-content\/uploads\/2024\/08\/tula-1024x576.png 1024w, https:\/\/iseitiestaskas.lt\/wp-content\/uploads\/2024\/08\/tula-300x169.png 300w, https:\/\/iseitiestaskas.lt\/wp-content\/uploads\/2024\/08\/tula-768x432.png 768w, https:\/\/iseitiestaskas.lt\/wp-content\/uploads\/2024\/08\/tula-1536x864.png 1536w, https:\/\/iseitiestaskas.lt\/wp-content\/uploads\/2024\/08\/tula-18x10.png 18w, https:\/\/iseitiestaskas.lt\/wp-content\/uploads\/2024\/08\/tula-150x85.png 150w, https:\/\/iseitiestaskas.lt\/wp-content\/uploads\/2024\/08\/tula-600x338.png 600w, https:\/\/iseitiestaskas.lt\/wp-content\/uploads\/2024\/08\/tula.png 1920w\" sizes=\"(max-width: 1024px) 100vw, 1024px\" \/><\/figure>\n<!-- \/wp:image --><\/figure>\n<!-- \/wp:gallery -->\t\t\t\t\t\t<\/div>\n\t\t\t\t<\/div>\n\t\t\t\t\t<\/div>\n\t\t<\/div>\n\t\t\t\t\t\t\t<\/div>\n\t\t<\/section>\n\t\t\t\t\t\t<\/div>\n\t\t\t\t\t<\/div>","protected":false},"excerpt":{"rendered":"<p>FESTIVALIO ATIDARYMAS. ESKIZ\u0172 KONKURSASRugs\u0117jo 17 d. (antradienis) 18:30re\u017e.\u00a0Milda Emilija Mi\u010diulyt\u0117Kauno miesto kamerinis teatrasViet\u0173 \u012f rengin\u012f neb\u0117ra, registracija u\u017edaryta. Jei laikas u\u017egydo visas \u017eaizdas, tai kiek jo reikia, kad paleistume savo gyvenimo meil\u0119? \u201eT\u016bla&#8221; \u2013 siurrealisti\u0161kas spektaklis, sukurtas remiantis ra\u0161ytojo Jurgio Kun\u010dino romano tokiu pat pavadinimu motyvais. K\u016brinio a\u0161yje \u2013 bla\u0161kymasis tarp praeities ir dabarties, siekiant [&hellip;]<\/p>","protected":false},"author":1,"featured_media":0,"parent":0,"menu_order":0,"comment_status":"closed","ping_status":"closed","template":"","meta":{"om_disable_all_campaigns":false,"_monsterinsights_skip_tracking":false,"_monsterinsights_sitenote_active":false,"_monsterinsights_sitenote_note":"","_monsterinsights_sitenote_category":0,"footnotes":""},"aioseo_notices":[],"_links":{"self":[{"href":"https:\/\/iseitiestaskas.lt\/en\/wp-json\/wp\/v2\/pages\/4361"}],"collection":[{"href":"https:\/\/iseitiestaskas.lt\/en\/wp-json\/wp\/v2\/pages"}],"about":[{"href":"https:\/\/iseitiestaskas.lt\/en\/wp-json\/wp\/v2\/types\/page"}],"author":[{"embeddable":true,"href":"https:\/\/iseitiestaskas.lt\/en\/wp-json\/wp\/v2\/users\/1"}],"replies":[{"embeddable":true,"href":"https:\/\/iseitiestaskas.lt\/en\/wp-json\/wp\/v2\/comments?post=4361"}],"version-history":[{"count":6,"href":"https:\/\/iseitiestaskas.lt\/en\/wp-json\/wp\/v2\/pages\/4361\/revisions"}],"predecessor-version":[{"id":4548,"href":"https:\/\/iseitiestaskas.lt\/en\/wp-json\/wp\/v2\/pages\/4361\/revisions\/4548"}],"wp:attachment":[{"href":"https:\/\/iseitiestaskas.lt\/en\/wp-json\/wp\/v2\/media?parent=4361"}],"curies":[{"name":"wp","href":"https:\/\/api.w.org\/{rel}","templated":true}]}}