{"id":4370,"date":"2024-08-26T09:45:46","date_gmt":"2024-08-26T09:45:46","guid":{"rendered":"http:\/\/iseitiestaskas.lt\/?page_id=4370"},"modified":"2024-09-11T08:50:46","modified_gmt":"2024-09-11T08:50:46","slug":"ikaras","status":"publish","type":"page","link":"https:\/\/iseitiestaskas.lt\/en\/ikaras\/","title":{"rendered":"IKARAS"},"content":{"rendered":"<div data-elementor-type=\"wp-page\" data-elementor-id=\"4370\" class=\"elementor elementor-4370\" data-elementor-settings=\"[]\">\n\t\t\t\t\t\t\t<div class=\"elementor-section-wrap\">\n\t\t\t\t\t\t\t<section class=\"elementor-section elementor-top-section elementor-element elementor-element-387a92be elementor-section-boxed elementor-section-height-default elementor-section-height-default\" data-id=\"387a92be\" data-element_type=\"section\">\n\t\t\t\t\t\t<div class=\"elementor-container elementor-column-gap-default\">\n\t\t\t\t\t<div class=\"elementor-column elementor-col-100 elementor-top-column elementor-element elementor-element-78de11dd\" data-id=\"78de11dd\" data-element_type=\"column\">\n\t\t\t<div class=\"elementor-widget-wrap elementor-element-populated\">\n\t\t\t\t\t\t\t\t<div class=\"elementor-element elementor-element-2400b3da elementor-widget elementor-widget-text-editor\" data-id=\"2400b3da\" data-element_type=\"widget\" data-widget_type=\"text-editor.default\">\n\t\t\t\t<div class=\"elementor-widget-container\">\n\t\t\t\t\t\t\t\t<!-- wp:paragraph -->\n<p><strong>OPENING OF THE FESTIVAL. SKETCH COMPETITION<\/strong><br \/>Rugs\u0117jo 17 d. (antradienis) 18:30<br \/>re\u017e. D\u017eiugas Kunsmanas<br \/>Kaunas City Chamber Theatre<br \/><strong>Viet\u0173 \u012f rengin\u012f neb\u0117ra, registracija u\u017edaryta.<\/strong><\/p>\n<!-- \/wp:paragraph --><!-- wp:paragraph -->\n<p>Spektaklis \u201eIkaras\u201c \u2013 svajoni\u0173 ir motyvacijos paie\u0161kos. Kuo tik\u0117jo pirmieji \u017emon\u0117s band\u0119 pakilti nuo \u017eem\u0117s? Kaip atrod\u0117 pirmieji bandymai ar prietaisai skristi, kai kitiems tai atrod\u0117 ne\u012fmanoma? Tai patirtis, skatinanti ie\u0161koti nauj\u0173 sprendim\u0173, k\u016brybinio po\u017ei\u016brio kaip ir kam galime skirti savo laik\u0105.\u00a0<\/p>\n<!-- \/wp:paragraph --><!-- wp:paragraph -->\n<p>Spektaklyje naudojami \u0161iuolaikinio cirko akrobatikos elementai, kurie persipina su projekcijomis. Vaizduojami pirmieji bandymai skristi \u012fvairiais \u012frenginiais, \u0161uoliai nuo ol\u0173 \u012frengtais netikrais sparnais, primena akrobatus, sukelian\u010dius baim\u0117s bei trapumo jausmus, tai labai svarbi dalis cirko pasirodymuose. Ie\u0161komas naujas santykis tarp atlik\u0117jo ir vizualin\u0117s med\u017eiagos kaip tarp lygiaver\u010di\u0173 ar vienas kit\u0105 papildan\u010di\u0173 scenini\u0173 element\u0173.<\/p>\n<!-- \/wp:paragraph --><!-- wp:paragraph -->\n<p>Re\u017eisierius ir atlik\u0117jas: D\u017eiugas Kunsmanas<br \/>Video menininkas: Mindaugas Arlinskas<\/p>\n<!-- \/wp:paragraph --><!-- wp:gallery {\"linkTo\":\"none\"} -->\n<figure class=\"wp-block-gallery has-nested-images columns-default is-cropped\"><!-- wp:image {\"id\":4371,\"sizeSlug\":\"large\",\"linkDestination\":\"none\"} -->\n<figure class=\"wp-block-image size-large\"><img loading=\"lazy\" decoding=\"async\" width=\"1024\" height=\"683\" class=\"wp-image-4371\" src=\"http:\/\/iseitiestaskas.lt\/wp-content\/uploads\/2024\/08\/DSC_4435-1024x683.jpg\" alt=\"\" srcset=\"https:\/\/iseitiestaskas.lt\/wp-content\/uploads\/2024\/08\/DSC_4435-1024x683.jpg 1024w, https:\/\/iseitiestaskas.lt\/wp-content\/uploads\/2024\/08\/DSC_4435-300x200.jpg 300w, https:\/\/iseitiestaskas.lt\/wp-content\/uploads\/2024\/08\/DSC_4435-768x512.jpg 768w, https:\/\/iseitiestaskas.lt\/wp-content\/uploads\/2024\/08\/DSC_4435-391x260.jpg 391w, https:\/\/iseitiestaskas.lt\/wp-content\/uploads\/2024\/08\/DSC_4435-1536x1024.jpg 1536w, https:\/\/iseitiestaskas.lt\/wp-content\/uploads\/2024\/08\/DSC_4435-2048x1366.jpg 2048w, https:\/\/iseitiestaskas.lt\/wp-content\/uploads\/2024\/08\/DSC_4435-18x12.jpg 18w, https:\/\/iseitiestaskas.lt\/wp-content\/uploads\/2024\/08\/DSC_4435-600x400.jpg 600w\" sizes=\"(max-width: 1024px) 100vw, 1024px\" \/><\/figure>\n<!-- \/wp:image --><\/figure>\n<!-- \/wp:gallery -->\t\t\t\t\t\t<\/div>\n\t\t\t\t<\/div>\n\t\t\t\t\t<\/div>\n\t\t<\/div>\n\t\t\t\t\t\t\t<\/div>\n\t\t<\/section>\n\t\t\t\t\t\t<\/div>\n\t\t\t\t\t<\/div>","protected":false},"excerpt":{"rendered":"<p>FESTIVALIO ATIDARYMAS. ESKIZ\u0172 KONKURSASRugs\u0117jo 17 d. (antradienis) 18:30re\u017e. D\u017eiugas KunsmanasKauno miesto kamerinis teatrasViet\u0173 \u012f rengin\u012f neb\u0117ra, registracija u\u017edaryta. Spektaklis \u201eIkaras\u201c \u2013 svajoni\u0173 ir motyvacijos paie\u0161kos. Kuo tik\u0117jo pirmieji \u017emon\u0117s band\u0119 pakilti nuo \u017eem\u0117s? Kaip atrod\u0117 pirmieji bandymai ar prietaisai skristi, kai kitiems tai atrod\u0117 ne\u012fmanoma? Tai patirtis, skatinanti ie\u0161koti nauj\u0173 sprendim\u0173, k\u016brybinio po\u017ei\u016brio kaip ir [&hellip;]<\/p>","protected":false},"author":1,"featured_media":0,"parent":0,"menu_order":0,"comment_status":"closed","ping_status":"closed","template":"","meta":{"om_disable_all_campaigns":false,"_monsterinsights_skip_tracking":false,"_monsterinsights_sitenote_active":false,"_monsterinsights_sitenote_note":"","_monsterinsights_sitenote_category":0,"footnotes":""},"aioseo_notices":[],"_links":{"self":[{"href":"https:\/\/iseitiestaskas.lt\/en\/wp-json\/wp\/v2\/pages\/4370"}],"collection":[{"href":"https:\/\/iseitiestaskas.lt\/en\/wp-json\/wp\/v2\/pages"}],"about":[{"href":"https:\/\/iseitiestaskas.lt\/en\/wp-json\/wp\/v2\/types\/page"}],"author":[{"embeddable":true,"href":"https:\/\/iseitiestaskas.lt\/en\/wp-json\/wp\/v2\/users\/1"}],"replies":[{"embeddable":true,"href":"https:\/\/iseitiestaskas.lt\/en\/wp-json\/wp\/v2\/comments?post=4370"}],"version-history":[{"count":5,"href":"https:\/\/iseitiestaskas.lt\/en\/wp-json\/wp\/v2\/pages\/4370\/revisions"}],"predecessor-version":[{"id":4551,"href":"https:\/\/iseitiestaskas.lt\/en\/wp-json\/wp\/v2\/pages\/4370\/revisions\/4551"}],"wp:attachment":[{"href":"https:\/\/iseitiestaskas.lt\/en\/wp-json\/wp\/v2\/media?parent=4370"}],"curies":[{"name":"wp","href":"https:\/\/api.w.org\/{rel}","templated":true}]}}