{"id":4376,"date":"2024-08-26T09:50:37","date_gmt":"2024-08-26T09:50:37","guid":{"rendered":"http:\/\/iseitiestaskas.lt\/?page_id=4376"},"modified":"2024-08-26T09:50:39","modified_gmt":"2024-08-26T09:50:39","slug":"kainas","status":"publish","type":"page","link":"https:\/\/iseitiestaskas.lt\/en\/kainas\/","title":{"rendered":"KAINAS"},"content":{"rendered":"<p><strong>SKETCH COMPETITION<\/strong><br>Rugs\u0117jo 18 d. (tre\u010diadienis) 18:30<br>re\u017e.\u00a0Jaunius Juodelis<br>Kaunas City Chamber Theatre<br><em>The event is free<\/em><\/p>\n\n\n\n<p><span style=\"font-size: revert; color: initial;\">Kaino tragedija \u2013 tai pasakojimas apie \u017emog\u0173, trok\u0161tant\u012f pripa\u017einimo, \u017emog\u0173, kurio sieloje grumiasi dvi pamatin\u0117s j\u0117gos \u2013 instinktas b\u016bti pripa\u017eintu, b\u016bti svarbiausiu, i\u0161likti bet kokia kaina, liudijantis apie barbari\u0161k\u0105 \u017emogaus prigimt\u012f, ir tik\u0117jimo paie\u0161ka. M\u0105stydami apie Kain\u0105 ie\u0161kome atsakymo \u2013 ar i\u0161 tikr\u0173j\u0173 \u012fmanoma civilizuoti \u017emog\u0173, ar didingas m\u016bs\u0173 r\u016b\u0161ies pavadinimas <em>Homo Sapiens<\/em>, liudija apie pa\u017ead\u0105 tapti ka\u017ekuo daugiau nei instinkt\u0173 kombinacija, \u017ev\u0117rimis d\u017eiungl\u0117se, ar tai priminimas, nuo ko niekada nepab\u0117gsime?<\/span><\/p>\n\n\n\n<figure class=\"wp-block-gallery has-nested-images columns-default is-cropped wp-block-gallery-1 is-layout-flex wp-block-gallery-is-layout-flex\">\n<figure class=\"wp-block-image size-large\"><img loading=\"lazy\" decoding=\"async\" width=\"1024\" height=\"768\" data-id=\"4377\" src=\"http:\/\/iseitiestaskas.lt\/wp-content\/uploads\/2024\/08\/image00004-1024x768.jpeg\" alt=\"\" class=\"wp-image-4377\" srcset=\"https:\/\/iseitiestaskas.lt\/wp-content\/uploads\/2024\/08\/image00004-1024x768.jpeg 1024w, https:\/\/iseitiestaskas.lt\/wp-content\/uploads\/2024\/08\/image00004-300x225.jpeg 300w, https:\/\/iseitiestaskas.lt\/wp-content\/uploads\/2024\/08\/image00004-768x576.jpeg 768w, https:\/\/iseitiestaskas.lt\/wp-content\/uploads\/2024\/08\/image00004-1536x1152.jpeg 1536w, https:\/\/iseitiestaskas.lt\/wp-content\/uploads\/2024\/08\/image00004-16x12.jpeg 16w, https:\/\/iseitiestaskas.lt\/wp-content\/uploads\/2024\/08\/image00004-600x450.jpeg 600w, https:\/\/iseitiestaskas.lt\/wp-content\/uploads\/2024\/08\/image00004.jpeg 2048w\" sizes=\"(max-width: 1024px) 100vw, 1024px\" \/><\/figure>\n<\/figure>","protected":false},"excerpt":{"rendered":"<p>ESKIZ\u0172 KONKURSASRugs\u0117jo 18 d. (tre\u010diadienis) 18:30re\u017e.\u00a0Jaunius JuodelisKauno miesto kamerinis teatrasRenginys nemokamas. Kaino tragedija \u2013 tai pasakojimas apie \u017emog\u0173, trok\u0161tant\u012f pripa\u017einimo, \u017emog\u0173, kurio sieloje grumiasi dvi pamatin\u0117s j\u0117gos \u2013 instinktas b\u016bti pripa\u017eintu, b\u016bti svarbiausiu, i\u0161likti bet kokia kaina, liudijantis apie barbari\u0161k\u0105 \u017emogaus prigimt\u012f, ir tik\u0117jimo paie\u0161ka. M\u0105stydami apie Kain\u0105 ie\u0161kome atsakymo \u2013 ar i\u0161 tikr\u0173j\u0173 \u012fmanoma [&hellip;]<\/p>","protected":false},"author":1,"featured_media":0,"parent":0,"menu_order":0,"comment_status":"closed","ping_status":"closed","template":"","meta":{"om_disable_all_campaigns":false,"_monsterinsights_skip_tracking":false,"_monsterinsights_sitenote_active":false,"_monsterinsights_sitenote_note":"","_monsterinsights_sitenote_category":0,"footnotes":""},"aioseo_notices":[],"_links":{"self":[{"href":"https:\/\/iseitiestaskas.lt\/en\/wp-json\/wp\/v2\/pages\/4376"}],"collection":[{"href":"https:\/\/iseitiestaskas.lt\/en\/wp-json\/wp\/v2\/pages"}],"about":[{"href":"https:\/\/iseitiestaskas.lt\/en\/wp-json\/wp\/v2\/types\/page"}],"author":[{"embeddable":true,"href":"https:\/\/iseitiestaskas.lt\/en\/wp-json\/wp\/v2\/users\/1"}],"replies":[{"embeddable":true,"href":"https:\/\/iseitiestaskas.lt\/en\/wp-json\/wp\/v2\/comments?post=4376"}],"version-history":[{"count":1,"href":"https:\/\/iseitiestaskas.lt\/en\/wp-json\/wp\/v2\/pages\/4376\/revisions"}],"predecessor-version":[{"id":4378,"href":"https:\/\/iseitiestaskas.lt\/en\/wp-json\/wp\/v2\/pages\/4376\/revisions\/4378"}],"wp:attachment":[{"href":"https:\/\/iseitiestaskas.lt\/en\/wp-json\/wp\/v2\/media?parent=4376"}],"curies":[{"name":"wp","href":"https:\/\/api.w.org\/{rel}","templated":true}]}}