{"id":4445,"date":"2024-08-28T09:47:21","date_gmt":"2024-08-28T09:47:21","guid":{"rendered":"http:\/\/iseitiestaskas.lt\/?page_id=4445"},"modified":"2024-08-28T09:47:23","modified_gmt":"2024-08-28T09:47:23","slug":"pazadu-sau-ties-27-tu-nesustoti","status":"publish","type":"page","link":"https:\/\/iseitiestaskas.lt\/en\/pazadu-sau-ties-27-tu-nesustoti\/","title":{"rendered":"PA\u017dADU SAU, TIES 27-TU NESUSTOTI"},"content":{"rendered":"<p><strong>SKETCH COMPETITION<\/strong><br>Rugs\u0117jo 18 d. (tre\u010diadienis)18:30<br>re\u017e.\u00a0Lina \u017didonyt\u0117<br>Kaunas City Chamber Theatre<br><em>The event is free<\/em><\/p>\n\n\n\n<p>\u201ePa\u017eadu sau, ties 27-u nesustoti\u201c \u2013 spektaklis, kuriame gilinamasi \u012f paslapting\u0105 ir tragi\u0161k\u0105 \u201e27 klubo\u201c \u2013 ikoni\u0161k\u0173 meninink\u0173 (Jimi Hendrixo, Janis Joplin, Jimo Morrisono, Kurto Cobaino ir Amy Winehouse), kurie visi mir\u0117 b\u016bdami 27 met\u0173, \u2013 palikim\u0105. Pasitelkiant pasakojim\u0105, muzik\u0105 ir vaizdin\u0119 medij\u0105, \u201ePa\u017eadu sau, ties 27-u nesustoti\u201c keliauja po kult\u016brin\u012f ir istorin\u012f kiekvieno menininko gyvenimo kontekst\u0105 \u2013 nuo gyvybingos septintojo de\u0161imtme\u010dio kontrkult\u016bros iki audring\u0173 grunge jud\u0117jimo bang\u0173 ir dar toliau. Spektaklyje nagrin\u0117jama, kaip \u0161ie menininkai, nepaisant j\u0173 nepaprasto talento, susid\u016br\u0117 su did\u017eiul\u0117mis asmenin\u0117mis kovomis, \u0161lov\u0117s spaudimu ir visuomen\u0117s l\u016bkes\u010diais, vedusiais juos savidestrukcijos keliu.<\/p>\n\n\n\n<p>\u201ePa\u017eadu sau, ties 27-u nesustoti\u201c aptaria ne tik \u0161i\u0173 meninink\u0173 tragedijas, bet ir platesnio masto kovas, su kuriomis \u0161iandien susiduria jauni \u017emon\u0117s, besirenkantys savo gyvenimo ir karjeros keli\u0105. Spektaklis skatina \u017ei\u016brovus susim\u0105styti apie daugyb\u0119 i\u0161\u0161\u016bki\u0173 \u2013 asmenini\u0173, visuomenini\u0173 ar kult\u016brini\u0173 \u2013 kurie gali atvesti \u017emones \u012f sunkias kry\u017ekeles. Jungdamas \u0161i\u0173 legendini\u0173 muzikant\u0173 biografijas su \u0161iuolaikinio jaunimo realijomis, \u201ePa\u017eadu sau, ties 27-u nesustoti\u201c siekia atskleisti vienijan\u010dias istorijas ir pasi\u016blyti \u012fvairias perspektyvas, pad\u0117sian\u010dias rasti atsparum\u0105 ir alternatyvius sprendimus susid\u016brus su sunkumais.<\/p>\n\n\n\n<figure class=\"wp-block-gallery has-nested-images columns-default is-cropped wp-block-gallery-1 is-layout-flex wp-block-gallery-is-layout-flex\">\n<figure class=\"wp-block-image size-large\"><img loading=\"lazy\" decoding=\"async\" width=\"1024\" height=\"772\" data-id=\"4446\" src=\"http:\/\/iseitiestaskas.lt\/wp-content\/uploads\/2024\/08\/Lina-Zidonyte-1024x772.jpg\" alt=\"\" class=\"wp-image-4446\" srcset=\"https:\/\/iseitiestaskas.lt\/wp-content\/uploads\/2024\/08\/Lina-Zidonyte-1024x772.jpg 1024w, https:\/\/iseitiestaskas.lt\/wp-content\/uploads\/2024\/08\/Lina-Zidonyte-300x226.jpg 300w, https:\/\/iseitiestaskas.lt\/wp-content\/uploads\/2024\/08\/Lina-Zidonyte-768x579.jpg 768w, https:\/\/iseitiestaskas.lt\/wp-content\/uploads\/2024\/08\/Lina-Zidonyte-16x12.jpg 16w, https:\/\/iseitiestaskas.lt\/wp-content\/uploads\/2024\/08\/Lina-Zidonyte-600x452.jpg 600w, https:\/\/iseitiestaskas.lt\/wp-content\/uploads\/2024\/08\/Lina-Zidonyte.jpg 1325w\" sizes=\"(max-width: 1024px) 100vw, 1024px\" \/><\/figure>\n<\/figure>","protected":false},"excerpt":{"rendered":"<p>ESKIZ\u0172 KONKURSASRugs\u0117jo 18 d. (tre\u010diadienis)18:30re\u017e.\u00a0Lina \u017didonyt\u0117Kauno miesto kamerinis teatrasRenginys nemokamas. \u201ePa\u017eadu sau, ties 27-u nesustoti\u201c \u2013 spektaklis, kuriame gilinamasi \u012f paslapting\u0105 ir tragi\u0161k\u0105 \u201e27 klubo\u201c \u2013 ikoni\u0161k\u0173 meninink\u0173 (Jimi Hendrixo, Janis Joplin, Jimo Morrisono, Kurto Cobaino ir Amy Winehouse), kurie visi mir\u0117 b\u016bdami 27 met\u0173, \u2013 palikim\u0105. Pasitelkiant pasakojim\u0105, muzik\u0105 ir vaizdin\u0119 medij\u0105, \u201ePa\u017eadu sau, [&hellip;]<\/p>","protected":false},"author":1,"featured_media":0,"parent":0,"menu_order":0,"comment_status":"closed","ping_status":"closed","template":"","meta":{"om_disable_all_campaigns":false,"_monsterinsights_skip_tracking":false,"_monsterinsights_sitenote_active":false,"_monsterinsights_sitenote_note":"","_monsterinsights_sitenote_category":0,"footnotes":""},"aioseo_notices":[],"_links":{"self":[{"href":"https:\/\/iseitiestaskas.lt\/en\/wp-json\/wp\/v2\/pages\/4445"}],"collection":[{"href":"https:\/\/iseitiestaskas.lt\/en\/wp-json\/wp\/v2\/pages"}],"about":[{"href":"https:\/\/iseitiestaskas.lt\/en\/wp-json\/wp\/v2\/types\/page"}],"author":[{"embeddable":true,"href":"https:\/\/iseitiestaskas.lt\/en\/wp-json\/wp\/v2\/users\/1"}],"replies":[{"embeddable":true,"href":"https:\/\/iseitiestaskas.lt\/en\/wp-json\/wp\/v2\/comments?post=4445"}],"version-history":[{"count":1,"href":"https:\/\/iseitiestaskas.lt\/en\/wp-json\/wp\/v2\/pages\/4445\/revisions"}],"predecessor-version":[{"id":4447,"href":"https:\/\/iseitiestaskas.lt\/en\/wp-json\/wp\/v2\/pages\/4445\/revisions\/4447"}],"wp:attachment":[{"href":"https:\/\/iseitiestaskas.lt\/en\/wp-json\/wp\/v2\/media?parent=4445"}],"curies":[{"name":"wp","href":"https:\/\/api.w.org\/{rel}","templated":true}]}}