{"id":4490,"date":"2024-08-29T14:31:25","date_gmt":"2024-08-29T14:31:25","guid":{"rendered":"http:\/\/iseitiestaskas.lt\/?page_id=4490"},"modified":"2024-09-10T13:40:44","modified_gmt":"2024-09-10T13:40:44","slug":"kurybines-dirbtuves-su-valtteri-alanen","status":"publish","type":"page","link":"https:\/\/iseitiestaskas.lt\/en\/kurybines-dirbtuves-su-valtteri-alanen\/","title":{"rendered":"K\u016aRYBIN\u0116S DIRBTUV\u0116S SU VALTTERI ALANEN"},"content":{"rendered":"<p>Rugs\u0117jo 18 d. (tre\u010diadienis) 11:00<br>Kauno kult\u016bros centro Girstu\u010dio padalinys, foj\u0117<br>Renginys nemokamas, <a href=\"https:\/\/docs.google.com\/forms\/d\/e\/1FAIpQLSeiqEEyBEHDwKWgsE3ZtCdEyPC1LaNtI96dYwWOHj2OSrpTPw\/viewform\" title=\"b\u016btina registracija.\">b\u016btina registracija.<\/a> <strong>Dirbtuv\u0117s vyks angl\u0173 kalba.<\/strong><\/p>\n\n\n\n<p>Muzikantai nuolat susiduria su garsu, ta\u010diau jie \u017eino, kad kiekviena daina prasideda nuo tylos. L\u0117lininkai nuolat dirba su objektais, ta\u010diau kas i\u0161 tikr\u0173j\u0173 yra objektas ir kaip i\u0161vis prad\u0117ti vaidinti? \u0160iose dirbtuv\u0117se objekt\u0173 teatro k\u016br\u0117jas ir garso menininkas Valtteri Alanen dalijasi keliais pagrindiniais savo menin\u0117s praktikos \u012frankiais. Sekdami suvokim\u0105 ir klausydamiesi med\u017eiagos, dalyviai tyrin\u0117s garsovaizd\u017eius, garsus-objektus, eksperimentin\u0117s l\u0117lininkyst\u0117s technikas ir taikom\u0105j\u0105 fenomenologij\u0105, kaip b\u016bd\u0105 pasiekti \u012fvairias nieko formas \u2013 tinkam\u0105 atspirties ta\u0161k\u0105, nuo kurio galima tinkamai prad\u0117ti performans\u0105.<\/p>\n\n\n\n<p>Valtteri Alanen yra objekt\u0173 teatro k\u016br\u0117jas ir garso menininkas, gyvenantis Turku, Suomijoje, ir dirbantis tarptautiniu mastu. DAMU Prahoje baig\u0119s Objekt\u0173 teatro re\u017eis\u016bros magistro studijas (2022 m.) ir Turku Men\u0173 akademijos l\u0117li\u0173 teatro programos bakalauro studijas (2019 m.), jis geriausiai jau\u010diasi dirbdamas su \u012f proces\u0105 ir med\u017eiag\u0105 orientuotais scenos ir garso meno k\u016briniais.<\/p>\n\n\n\n<figure class=\"wp-block-image size-medium\"><img loading=\"lazy\" decoding=\"async\" width=\"300\" height=\"300\" src=\"http:\/\/iseitiestaskas.lt\/wp-content\/uploads\/2024\/08\/Valtteri-Alanen-half-front-2023-300x300.jpeg\" alt=\"\" class=\"wp-image-4491\" srcset=\"https:\/\/iseitiestaskas.lt\/wp-content\/uploads\/2024\/08\/Valtteri-Alanen-half-front-2023-300x300.jpeg 300w, https:\/\/iseitiestaskas.lt\/wp-content\/uploads\/2024\/08\/Valtteri-Alanen-half-front-2023-150x150.jpeg 150w, https:\/\/iseitiestaskas.lt\/wp-content\/uploads\/2024\/08\/Valtteri-Alanen-half-front-2023-768x768.jpeg 768w, https:\/\/iseitiestaskas.lt\/wp-content\/uploads\/2024\/08\/Valtteri-Alanen-half-front-2023-12x12.jpeg 12w, https:\/\/iseitiestaskas.lt\/wp-content\/uploads\/2024\/08\/Valtteri-Alanen-half-front-2023-230x230.jpeg 230w, https:\/\/iseitiestaskas.lt\/wp-content\/uploads\/2024\/08\/Valtteri-Alanen-half-front-2023-400x400.jpeg 400w, https:\/\/iseitiestaskas.lt\/wp-content\/uploads\/2024\/08\/Valtteri-Alanen-half-front-2023-600x600.jpeg 600w, https:\/\/iseitiestaskas.lt\/wp-content\/uploads\/2024\/08\/Valtteri-Alanen-half-front-2023-640x640.jpeg 640w, https:\/\/iseitiestaskas.lt\/wp-content\/uploads\/2024\/08\/Valtteri-Alanen-half-front-2023.jpeg 782w\" sizes=\"(max-width: 300px) 100vw, 300px\" \/><\/figure>","protected":false},"excerpt":{"rendered":"<p>Rugs\u0117jo 18 d. (tre\u010diadienis) 11:00Kauno kult\u016bros centro Girstu\u010dio padalinys, foj\u0117Renginys nemokamas, b\u016btina registracija. Dirbtuv\u0117s vyks angl\u0173 kalba. Muzikantai nuolat susiduria su garsu, ta\u010diau jie \u017eino, kad kiekviena daina prasideda nuo tylos. L\u0117lininkai nuolat dirba su objektais, ta\u010diau kas i\u0161 tikr\u0173j\u0173 yra objektas ir kaip i\u0161vis prad\u0117ti vaidinti? \u0160iose dirbtuv\u0117se objekt\u0173 teatro k\u016br\u0117jas ir garso menininkas [&hellip;]<\/p>","protected":false},"author":1,"featured_media":0,"parent":0,"menu_order":0,"comment_status":"closed","ping_status":"closed","template":"","meta":{"om_disable_all_campaigns":false,"_monsterinsights_skip_tracking":false,"_monsterinsights_sitenote_active":false,"_monsterinsights_sitenote_note":"","_monsterinsights_sitenote_category":0,"footnotes":""},"aioseo_notices":[],"_links":{"self":[{"href":"https:\/\/iseitiestaskas.lt\/en\/wp-json\/wp\/v2\/pages\/4490"}],"collection":[{"href":"https:\/\/iseitiestaskas.lt\/en\/wp-json\/wp\/v2\/pages"}],"about":[{"href":"https:\/\/iseitiestaskas.lt\/en\/wp-json\/wp\/v2\/types\/page"}],"author":[{"embeddable":true,"href":"https:\/\/iseitiestaskas.lt\/en\/wp-json\/wp\/v2\/users\/1"}],"replies":[{"embeddable":true,"href":"https:\/\/iseitiestaskas.lt\/en\/wp-json\/wp\/v2\/comments?post=4490"}],"version-history":[{"count":3,"href":"https:\/\/iseitiestaskas.lt\/en\/wp-json\/wp\/v2\/pages\/4490\/revisions"}],"predecessor-version":[{"id":4533,"href":"https:\/\/iseitiestaskas.lt\/en\/wp-json\/wp\/v2\/pages\/4490\/revisions\/4533"}],"wp:attachment":[{"href":"https:\/\/iseitiestaskas.lt\/en\/wp-json\/wp\/v2\/media?parent=4490"}],"curies":[{"name":"wp","href":"https:\/\/api.w.org\/{rel}","templated":true}]}}