{"id":4496,"date":"2024-08-29T14:33:45","date_gmt":"2024-08-29T14:33:45","guid":{"rendered":"http:\/\/iseitiestaskas.lt\/?page_id=4496"},"modified":"2024-08-29T14:33:46","modified_gmt":"2024-08-29T14:33:46","slug":"kolektyvinio-rasymo-dirbtuves-su-zygimantu-kudirka-mesijumi","status":"publish","type":"page","link":"https:\/\/iseitiestaskas.lt\/en\/kolektyvinio-rasymo-dirbtuves-su-zygimantu-kudirka-mesijumi\/","title":{"rendered":"KOLEKTYVINIO RA\u0160YMO DIRBTUV\u0116S SU \u017dYGIMANTU KUDIRKA-MESIJUMI"},"content":{"rendered":"<p>Rugs\u0117jo 22 d. (sekmadienis) 12:00<br>Duration: 2 h.<br>Kaunas City Chamber Theatre, Small Hall<br><a href=\"https:\/\/bilietai.kamerinisteatras.lt\/kasa\/vieta\/9ce1a580-4602-4155-ae77-39e3860aba26\" title=\"Bilietai \u012f rengin\u012f.\">Bilietai \u012f rengin\u012f.<\/a><\/p>\n\n\n\n<p>Kolektyvinis ra\u0161ymas \u2013 tai keli\u0173 \u017emoni\u0173 ra\u0161omas vienas tekstas. \u0160\u012f metod\u0105 praktikuodavo siurrealistai ir iki \u0161iol praktikuoja pavieniai ra\u0161ytojai. Tiesa, \u0161i\u0173 dirbtuvi\u0173 dalyvi\u0173 laukia i\u0161skirtin\u0117 patirtis \u2013 galimyb\u0117 i\u0161bandyti naujus, autenti\u0161kus, \u017dygimanto&nbsp;Kudirkos&nbsp;sukurtus kolektyvinio ra\u0161ymo metodus.&nbsp;<br><br>Dirbtuvi\u0173 tikslas \u2013 i\u0161laisvinti po\u017ei\u016br\u012f \u012f ra\u0161ym\u0105, panaikinti balto lapo baim\u0119, paskatinti asociatyv\u0173 m\u0105stym\u0105, susijungti \u012f vien\u0105 neuron\u0173 tinkl\u0105 ir intuityviai generuoti bendr\u0105 naratyv\u0105.<\/p>\n\n\n\n<p>Apie dirbtuves autoriaus \u017eod\u017eiais: \u201eDirbtuv\u0117se stengiuosi, kad ir nera\u0161antys pajust\u0173 ra\u0161ymo malonum\u0105. Mano metodai leid\u017eia patirti atsitiktinumo gro\u017e\u012f, kai dalykai pradeda jungtis \u012f vien\u0105, sukimba laisvomis asociacijomis ir prasm\u0117 atsiranda ten, kur pats autorius n\u0117 nebuvo numat\u0119s.\u201c<\/p>\n\n\n\n<p>Tekst\u0173 autorius, reklamos specialistas,&nbsp;repo atlik\u0117jas&nbsp;Mesijus (\u017dygimantas Kudirka) yra apdovanotas ne vienu talentu. Lietuvos muzikos scenoje jis \u017einomas kaip vienas originaliausi\u0173&nbsp;reperi\u0173&nbsp;(nors hiphopui jo atliekam\u0105 muzik\u0105 galima priskirti tik s\u0105lyginai). Siurreal\u016bs tekstai, dr\u0105sus rimo taisykli\u0173 lau\u017eymas, sukuriami nauji \u017eod\u017eiai ir eklekti\u0161ki muzikiniai eksperimentai \u2013 tai \u0161io menininko skiriamieji \u017eenklai.<\/p>\n\n\n\n<p>\u00a0Svarbu: dalyviams su savimi tur\u0117ti ne\u0161iojam\u0105 kompiuter\u012f.<\/p>\n\n\n\n<figure class=\"wp-block-image size-medium\"><img loading=\"lazy\" decoding=\"async\" width=\"300\" height=\"300\" src=\"http:\/\/iseitiestaskas.lt\/wp-content\/uploads\/2024\/08\/Zygimantas-Kudirka-Credit-Paulius-Zizliauskas-min-300x300.jpg\" alt=\"\" class=\"wp-image-4497\" srcset=\"https:\/\/iseitiestaskas.lt\/wp-content\/uploads\/2024\/08\/Zygimantas-Kudirka-Credit-Paulius-Zizliauskas-min-300x300.jpg 300w, https:\/\/iseitiestaskas.lt\/wp-content\/uploads\/2024\/08\/Zygimantas-Kudirka-Credit-Paulius-Zizliauskas-min-150x150.jpg 150w, https:\/\/iseitiestaskas.lt\/wp-content\/uploads\/2024\/08\/Zygimantas-Kudirka-Credit-Paulius-Zizliauskas-min-768x768.jpg 768w, https:\/\/iseitiestaskas.lt\/wp-content\/uploads\/2024\/08\/Zygimantas-Kudirka-Credit-Paulius-Zizliauskas-min-12x12.jpg 12w, https:\/\/iseitiestaskas.lt\/wp-content\/uploads\/2024\/08\/Zygimantas-Kudirka-Credit-Paulius-Zizliauskas-min-230x230.jpg 230w, https:\/\/iseitiestaskas.lt\/wp-content\/uploads\/2024\/08\/Zygimantas-Kudirka-Credit-Paulius-Zizliauskas-min-400x400.jpg 400w, https:\/\/iseitiestaskas.lt\/wp-content\/uploads\/2024\/08\/Zygimantas-Kudirka-Credit-Paulius-Zizliauskas-min-600x600.jpg 600w, https:\/\/iseitiestaskas.lt\/wp-content\/uploads\/2024\/08\/Zygimantas-Kudirka-Credit-Paulius-Zizliauskas-min-640x640.jpg 640w, https:\/\/iseitiestaskas.lt\/wp-content\/uploads\/2024\/08\/Zygimantas-Kudirka-Credit-Paulius-Zizliauskas-min.jpg 1000w\" sizes=\"(max-width: 300px) 100vw, 300px\" \/><\/figure>","protected":false},"excerpt":{"rendered":"<p>Rugs\u0117jo 22 d. (sekmadienis) 12:00Trukm\u0117: 2 val.Kauno miesto kamerinis teatras, Ma\u017eoji sal\u0117Bilietai \u012f rengin\u012f. Kolektyvinis ra\u0161ymas \u2013 tai keli\u0173 \u017emoni\u0173 ra\u0161omas vienas tekstas. \u0160\u012f metod\u0105 praktikuodavo siurrealistai ir iki \u0161iol praktikuoja pavieniai ra\u0161ytojai. Tiesa, \u0161i\u0173 dirbtuvi\u0173 dalyvi\u0173 laukia i\u0161skirtin\u0117 patirtis \u2013 galimyb\u0117 i\u0161bandyti naujus, autenti\u0161kus, \u017dygimanto&nbsp;Kudirkos&nbsp;sukurtus kolektyvinio ra\u0161ymo metodus.&nbsp; Dirbtuvi\u0173 tikslas \u2013 i\u0161laisvinti po\u017ei\u016br\u012f \u012f [&hellip;]<\/p>","protected":false},"author":1,"featured_media":0,"parent":0,"menu_order":0,"comment_status":"closed","ping_status":"closed","template":"","meta":{"om_disable_all_campaigns":false,"_monsterinsights_skip_tracking":false,"_monsterinsights_sitenote_active":false,"_monsterinsights_sitenote_note":"","_monsterinsights_sitenote_category":0,"footnotes":""},"aioseo_notices":[],"_links":{"self":[{"href":"https:\/\/iseitiestaskas.lt\/en\/wp-json\/wp\/v2\/pages\/4496"}],"collection":[{"href":"https:\/\/iseitiestaskas.lt\/en\/wp-json\/wp\/v2\/pages"}],"about":[{"href":"https:\/\/iseitiestaskas.lt\/en\/wp-json\/wp\/v2\/types\/page"}],"author":[{"embeddable":true,"href":"https:\/\/iseitiestaskas.lt\/en\/wp-json\/wp\/v2\/users\/1"}],"replies":[{"embeddable":true,"href":"https:\/\/iseitiestaskas.lt\/en\/wp-json\/wp\/v2\/comments?post=4496"}],"version-history":[{"count":1,"href":"https:\/\/iseitiestaskas.lt\/en\/wp-json\/wp\/v2\/pages\/4496\/revisions"}],"predecessor-version":[{"id":4498,"href":"https:\/\/iseitiestaskas.lt\/en\/wp-json\/wp\/v2\/pages\/4496\/revisions\/4498"}],"wp:attachment":[{"href":"https:\/\/iseitiestaskas.lt\/en\/wp-json\/wp\/v2\/media?parent=4496"}],"curies":[{"name":"wp","href":"https:\/\/api.w.org\/{rel}","templated":true}]}}