{"id":5721,"date":"2025-07-21T12:16:44","date_gmt":"2025-07-21T12:16:44","guid":{"rendered":"https:\/\/iseitiestaskas.lt\/?page_id=5721"},"modified":"2025-08-12T08:41:53","modified_gmt":"2025-08-12T08:41:53","slug":"slemo-dirbtuves-su-karolina-cerniavskyte","status":"publish","type":"page","link":"https:\/\/iseitiestaskas.lt\/en\/slemo-dirbtuves-su-karolina-cerniavskyte\/","title":{"rendered":"SLEMO DIRBTUV\u0116S su Karolina \u010cerniavskyte"},"content":{"rendered":"<div data-elementor-type=\"wp-page\" data-elementor-id=\"5721\" class=\"elementor elementor-5721\" data-elementor-settings=\"[]\">\n\t\t\t\t\t\t\t<div class=\"elementor-section-wrap\">\n\t\t\t\t\t\t\t<section class=\"elementor-section elementor-top-section elementor-element elementor-element-de10d86 elementor-section-boxed elementor-section-height-default elementor-section-height-default\" data-id=\"de10d86\" data-element_type=\"section\">\n\t\t\t\t\t\t<div class=\"elementor-container elementor-column-gap-default\">\n\t\t\t\t\t<div class=\"elementor-column elementor-col-100 elementor-top-column elementor-element elementor-element-dfd5d60\" data-id=\"dfd5d60\" data-element_type=\"column\">\n\t\t\t<div class=\"elementor-widget-wrap elementor-element-populated\">\n\t\t\t\t\t\t\t\t<div class=\"elementor-element elementor-element-6c7b596 elementor-widget elementor-widget-heading\" data-id=\"6c7b596\" data-element_type=\"widget\" data-widget_type=\"heading.default\">\n\t\t\t\t<div class=\"elementor-widget-container\">\n\t\t\t<h2 class=\"elementor-heading-title elementor-size-default\">SLEMO DIRBTUV\u0116S su Karolina \u010cerniavskyte<\/h2>\t\t<\/div>\n\t\t\t\t<\/div>\n\t\t\t\t\t<\/div>\n\t\t<\/div>\n\t\t\t\t\t\t\t<\/div>\n\t\t<\/section>\n\t\t\t\t<section class=\"elementor-section elementor-top-section elementor-element elementor-element-ff7fe8a elementor-section-boxed elementor-section-height-default elementor-section-height-default\" data-id=\"ff7fe8a\" data-element_type=\"section\">\n\t\t\t\t\t\t<div class=\"elementor-container elementor-column-gap-default\">\n\t\t\t\t\t<div class=\"elementor-column elementor-col-50 elementor-top-column elementor-element elementor-element-dee6de3\" data-id=\"dee6de3\" data-element_type=\"column\">\n\t\t\t<div class=\"elementor-widget-wrap elementor-element-populated\">\n\t\t\t\t\t\t\t\t<div class=\"elementor-element elementor-element-2b52b602 elementor-widget elementor-widget-text-editor\" data-id=\"2b52b602\" data-element_type=\"widget\" data-widget_type=\"text-editor.default\">\n\t\t\t\t<div class=\"elementor-widget-container\">\n\t\t\t\t\t\t\t\t<!-- wp:paragraph -->\n<h5><strong>Rugs\u0117jo 23 d. <\/strong><strong>15:00 <\/strong><strong>(antradienis)<\/strong><br \/><strong>Duration: 2 h.<\/strong><br \/>Kaunas City Chamber Theatre, Small Hall<\/h5>\n<p><mark class=\"has-inline-color\" style=\"background-color: #f78da7;\">Renginys nemokamas, b\u016btina registracija.<\/mark><\/p>\n<!-- \/wp:paragraph --><!-- wp:paragraph -->\n<p>Mes esame apsupti ra\u0161ymo. Nesvarbu, kiek tau met\u0173 ar kuo u\u017esiimi gyvenime \u2013 ra\u0161ai kasdien: lietuvi\u0173 kalbos ra\u0161inius, projekt\u0173 parai\u0161kas, \u017einutes draugams, maisto produkt\u0173 s\u0105ra\u0161us, meil\u0117s kupinas eiles&#8230; Tai tik ma\u017ea dalis ra\u0161ymo form\u0173, kurios lydi tave kasdienyb\u0117je.<\/p>\n<!-- \/wp:paragraph --><!-- wp:paragraph -->\n<p>Dirbtuvi\u0173 metu b\u016bsiu tavo kelion\u0117s \u012f slemo pasaul\u012f gid\u0117. Pirmiausia paruo\u0161ime k\u016bn\u0105 fizi\u0161kai. Tuomet \u012fveiklinsime rankas ir prot\u0105 per k\u016brybinio ra\u0161ymo pratimus. O paskutin\u0117je mar\u0161ruto stotel\u0117je ie\u0161kosime tavo tekst\u0173 vietos slemo scenoje.<\/p>\n<!-- \/wp:gallery -->\t\t\t\t\t\t<\/div>\n\t\t\t\t<\/div>\n\t\t\t\t\t<\/div>\n\t\t<\/div>\n\t\t\t\t<div class=\"elementor-column elementor-col-50 elementor-top-column elementor-element elementor-element-4d21a35\" data-id=\"4d21a35\" data-element_type=\"column\">\n\t\t\t<div class=\"elementor-widget-wrap elementor-element-populated\">\n\t\t\t\t\t\t\t\t<div class=\"elementor-element elementor-element-be4ec17 elementor-widget elementor-widget-image\" data-id=\"be4ec17\" data-element_type=\"widget\" data-widget_type=\"image.default\">\n\t\t\t\t<div class=\"elementor-widget-container\">\n\t\t\t\t\t\t\t\t\t\t\t\t\t\t\t<img loading=\"lazy\" decoding=\"async\" width=\"1024\" height=\"683\" src=\"https:\/\/iseitiestaskas.lt\/wp-content\/uploads\/2025\/07\/503189386_1132971888864165_4615406619498404902_n-1024x683.jpg\" class=\"attachment-large size-large\" alt=\"Slemo dirbtuv\u0117s\" srcset=\"https:\/\/iseitiestaskas.lt\/wp-content\/uploads\/2025\/07\/503189386_1132971888864165_4615406619498404902_n-1024x683.jpg 1024w, https:\/\/iseitiestaskas.lt\/wp-content\/uploads\/2025\/07\/503189386_1132971888864165_4615406619498404902_n-300x200.jpg 300w, https:\/\/iseitiestaskas.lt\/wp-content\/uploads\/2025\/07\/503189386_1132971888864165_4615406619498404902_n-768x512.jpg 768w, https:\/\/iseitiestaskas.lt\/wp-content\/uploads\/2025\/07\/503189386_1132971888864165_4615406619498404902_n-391x260.jpg 391w, https:\/\/iseitiestaskas.lt\/wp-content\/uploads\/2025\/07\/503189386_1132971888864165_4615406619498404902_n-1536x1024.jpg 1536w, https:\/\/iseitiestaskas.lt\/wp-content\/uploads\/2025\/07\/503189386_1132971888864165_4615406619498404902_n-18x12.jpg 18w, https:\/\/iseitiestaskas.lt\/wp-content\/uploads\/2025\/07\/503189386_1132971888864165_4615406619498404902_n-600x400.jpg 600w, https:\/\/iseitiestaskas.lt\/wp-content\/uploads\/2025\/07\/503189386_1132971888864165_4615406619498404902_n.jpg 2048w\" sizes=\"(max-width: 1024px) 100vw, 1024px\" \/>\t\t\t\t\t\t\t\t\t\t\t\t\t\t\t<\/div>\n\t\t\t\t<\/div>\n\t\t\t\t\t<\/div>\n\t\t<\/div>\n\t\t\t\t\t\t\t<\/div>\n\t\t<\/section>\n\t\t\t\t<section class=\"elementor-section elementor-top-section elementor-element elementor-element-e6f6ebd elementor-section-boxed elementor-section-height-default elementor-section-height-default\" data-id=\"e6f6ebd\" data-element_type=\"section\">\n\t\t\t\t\t\t<div class=\"elementor-container elementor-column-gap-default\">\n\t\t\t\t\t<div class=\"elementor-column elementor-col-50 elementor-top-column elementor-element elementor-element-fb30e95\" data-id=\"fb30e95\" data-element_type=\"column\">\n\t\t\t<div class=\"elementor-widget-wrap elementor-element-populated\">\n\t\t\t\t\t\t\t\t<div class=\"elementor-element elementor-element-7e3b18d elementor-widget elementor-widget-jet-popup-action-button\" data-id=\"7e3b18d\" data-element_type=\"widget\" data-widget_type=\"jet-popup-action-button.default\">\n\t\t\t\t<div class=\"elementor-widget-container\">\n\t\t\t\t\t<div class=\"jet-popup-action-button\">\n\t\t\t<a class=\"jet-popup-action-button__instance jet-popup-action-button--icon-after\" data-settings=\"{&quot;action-type&quot;:&quot;link&quot;}\" href=\"https:\/\/docs.google.com\/forms\/d\/e\/1FAIpQLSc-VOErAnG0IfNj9qf9MfSavocyQCOnRyTzWX4DT-5caXNerA\/viewform\"><i class=\"jet-popup-action-button__icon fa fa-ticket\"><\/i><span class=\"jet-popup-action-button__text\">Registracija<\/span>\t\t\t<\/a>\n\t\t<\/div>\t\t<\/div>\n\t\t\t\t<\/div>\n\t\t\t\t\t<\/div>\n\t\t<\/div>\n\t\t\t\t<div class=\"elementor-column elementor-col-50 elementor-top-column elementor-element elementor-element-b4ab3bf\" data-id=\"b4ab3bf\" data-element_type=\"column\">\n\t\t\t<div class=\"elementor-widget-wrap\">\n\t\t\t\t\t\t\t\t\t<\/div>\n\t\t<\/div>\n\t\t\t\t\t\t\t<\/div>\n\t\t<\/section>\n\t\t\t\t<section class=\"elementor-section elementor-top-section elementor-element elementor-element-b32ff7d elementor-section-boxed elementor-section-height-default elementor-section-height-default\" data-id=\"b32ff7d\" data-element_type=\"section\">\n\t\t\t\t\t\t<div class=\"elementor-container elementor-column-gap-default\">\n\t\t\t\t\t<div class=\"elementor-column elementor-col-100 elementor-top-column elementor-element elementor-element-656df27\" data-id=\"656df27\" data-element_type=\"column\">\n\t\t\t<div class=\"elementor-widget-wrap elementor-element-populated\">\n\t\t\t\t\t\t\t\t<div class=\"elementor-element elementor-element-c73a482 elementor-widget elementor-widget-text-editor\" data-id=\"c73a482\" data-element_type=\"widget\" data-widget_type=\"text-editor.default\">\n\t\t\t\t<div class=\"elementor-widget-container\">\n\t\t\t\t\t\t\t\t<p>Asm. archyvo nuotr.<\/p>\t\t\t\t\t\t<\/div>\n\t\t\t\t<\/div>\n\t\t\t\t\t<\/div>\n\t\t<\/div>\n\t\t\t\t\t\t\t<\/div>\n\t\t<\/section>\n\t\t\t\t\t\t<\/div>\n\t\t\t\t\t<\/div>","protected":false},"excerpt":{"rendered":"<p>SLEMO DIRBTUV\u0116S su Karolina \u010cerniavskyte Rugs\u0117jo 23 d. 15:00 (antradienis)Trukm\u0117: 2 val.Kauno miesto kamerinis teatras, Ma\u017eoji sal\u0117 Renginys nemokamas, b\u016btina registracija. Mes esame apsupti ra\u0161ymo. Nesvarbu, kiek tau met\u0173 ar kuo u\u017esiimi gyvenime \u2013 ra\u0161ai kasdien: lietuvi\u0173 kalbos ra\u0161inius, projekt\u0173 parai\u0161kas, \u017einutes draugams, maisto produkt\u0173 s\u0105ra\u0161us, meil\u0117s kupinas eiles&#8230; Tai tik ma\u017ea dalis ra\u0161ymo form\u0173, [&hellip;]<\/p>","protected":false},"author":1,"featured_media":0,"parent":0,"menu_order":0,"comment_status":"closed","ping_status":"closed","template":"","meta":{"om_disable_all_campaigns":false,"_monsterinsights_skip_tracking":false,"_monsterinsights_sitenote_active":false,"_monsterinsights_sitenote_note":"","_monsterinsights_sitenote_category":0,"footnotes":""},"aioseo_notices":[],"_links":{"self":[{"href":"https:\/\/iseitiestaskas.lt\/en\/wp-json\/wp\/v2\/pages\/5721"}],"collection":[{"href":"https:\/\/iseitiestaskas.lt\/en\/wp-json\/wp\/v2\/pages"}],"about":[{"href":"https:\/\/iseitiestaskas.lt\/en\/wp-json\/wp\/v2\/types\/page"}],"author":[{"embeddable":true,"href":"https:\/\/iseitiestaskas.lt\/en\/wp-json\/wp\/v2\/users\/1"}],"replies":[{"embeddable":true,"href":"https:\/\/iseitiestaskas.lt\/en\/wp-json\/wp\/v2\/comments?post=5721"}],"version-history":[{"count":29,"href":"https:\/\/iseitiestaskas.lt\/en\/wp-json\/wp\/v2\/pages\/5721\/revisions"}],"predecessor-version":[{"id":6347,"href":"https:\/\/iseitiestaskas.lt\/en\/wp-json\/wp\/v2\/pages\/5721\/revisions\/6347"}],"wp:attachment":[{"href":"https:\/\/iseitiestaskas.lt\/en\/wp-json\/wp\/v2\/media?parent=5721"}],"curies":[{"name":"wp","href":"https:\/\/api.w.org\/{rel}","templated":true}]}}