{"id":5737,"date":"2025-07-21T12:38:33","date_gmt":"2025-07-21T12:38:33","guid":{"rendered":"https:\/\/iseitiestaskas.lt\/?page_id=5737"},"modified":"2025-09-09T11:03:10","modified_gmt":"2025-09-09T11:03:10","slug":"ikaras-2","status":"publish","type":"page","link":"https:\/\/iseitiestaskas.lt\/en\/ikaras-2\/","title":{"rendered":"IKARAS"},"content":{"rendered":"<div data-elementor-type=\"wp-page\" data-elementor-id=\"5737\" class=\"elementor elementor-5737\" data-elementor-settings=\"[]\">\n\t\t\t\t\t\t\t<div class=\"elementor-section-wrap\">\n\t\t\t\t\t\t\t<section class=\"elementor-section elementor-top-section elementor-element elementor-element-040bd7b elementor-section-boxed elementor-section-height-default elementor-section-height-default\" data-id=\"040bd7b\" data-element_type=\"section\">\n\t\t\t\t\t\t<div class=\"elementor-container elementor-column-gap-default\">\n\t\t\t\t\t<div class=\"elementor-column elementor-col-100 elementor-top-column elementor-element elementor-element-ae9bc1f\" data-id=\"ae9bc1f\" data-element_type=\"column\">\n\t\t\t<div class=\"elementor-widget-wrap elementor-element-populated\">\n\t\t\t\t\t\t\t\t<div class=\"elementor-element elementor-element-c5d2f6d elementor-widget elementor-widget-heading\" data-id=\"c5d2f6d\" data-element_type=\"widget\" data-widget_type=\"heading.default\">\n\t\t\t\t<div class=\"elementor-widget-container\">\n\t\t\t<h2 class=\"elementor-heading-title elementor-size-default\">IKARAS I PREMJERA<\/h2>\t\t<\/div>\n\t\t\t\t<\/div>\n\t\t\t\t\t<\/div>\n\t\t<\/div>\n\t\t\t\t\t\t\t<\/div>\n\t\t<\/section>\n\t\t\t\t<section class=\"elementor-section elementor-top-section elementor-element elementor-element-4478f3f elementor-section-boxed elementor-section-height-default elementor-section-height-default\" data-id=\"4478f3f\" data-element_type=\"section\">\n\t\t\t\t\t\t<div class=\"elementor-container elementor-column-gap-default\">\n\t\t\t\t\t<div class=\"elementor-column elementor-col-50 elementor-top-column elementor-element elementor-element-062a5b2\" data-id=\"062a5b2\" data-element_type=\"column\">\n\t\t\t<div class=\"elementor-widget-wrap elementor-element-populated\">\n\t\t\t\t\t\t\t\t<div class=\"elementor-element elementor-element-2fd0682 elementor-widget elementor-widget-text-editor\" data-id=\"2fd0682\" data-element_type=\"widget\" data-widget_type=\"text-editor.default\">\n\t\t\t\t<div class=\"elementor-widget-container\">\n\t\t\t\t\t\t\t\t<!-- wp:paragraph -->\n<h5><strong>Rugs\u0117jo 23 d. 18:00 (antradienis)<\/strong><br \/><strong>Trukm\u0117: 45 min.<\/strong><br \/><strong>Kauno miesto kamerinis teatras I aut. D\u017eiugas Kunsmanas I N-10<\/strong><br \/>Kaunas City Chamber Theatre, Great Hall<\/h5>\n<p><a title=\"\" href=\"https:\/\/bilietai.kamerinisteatras.lt\/kasa\/seansas\/9f5d8e24-12c3-4388-ac07-ca5ef97b8147\" target=\"_blank\" rel=\"noopener\"><mark class=\"has-inline-color\" style=\"background-color: #f78da7;\">Bilieto kaina: 8 Eur<\/mark><\/a><\/p>\n<p>Keista pagalvoti, kad vos prie\u0161 pusantro \u0161imto met\u0173 pasaulyje nebuvo nei l\u0117ktuv\u0173, nei kino, nei elektronin\u0117s muzikos. Skrydis gele\u017einiu pauk\u0161\u010diu buvo\u2026 papras\u010diausiai ne\u012fmanomas. Apie \u017emogaus bandym\u0105 skristi, kitaip tariant \u2013 siekti ne\u012fmanomo, m\u016bs\u0173 kult\u016broje pasakoja nuo antikos laik\u0173 \u017einoma \u201eIkaro\u201c istorija, \u012f kuri\u0105 itin k\u016brybi\u0161kai pa\u017evelg\u0117 \u0161iuolaikinio cirko menininkas D\u017eiugas Kunsmanas.<\/p>\n<!-- \/wp:paragraph --><!-- wp:paragraph -->\n<p>Pasitelkdamas fizin\u0117s komedijos, \u0161iuolaikinio cirko ir buitines priemones, menininkas virsta svajotoju, kuris savo tro\u0161kim\u0173 siekia aktyviai, nors ir ne visada s\u0117kmingai. Herojaus nuotykius scenoje papildo ankstyvojo kino kadrai ir garso takelis, kuriamas i\u0161 unikaliai skamban\u010di\u0173 ankstyv\u0173j\u0173 elektronin\u0117s muzikos instrument\u0173 kolekcijos.<\/p>\n<!-- \/wp:paragraph --><!-- wp:paragraph -->\n<p>\u201eIkaras\u201c 2024 metais laim\u0117jo festivalio \u201eI\u0161eities ta\u0161kas\u201c eskiz\u0173 konkurs\u0105. Tai \u2013 pirmasis savaranki\u0161kas autorinis D\u017eiugo Kunsmano spektaklis.<br \/><br \/><strong>Id\u0117ja, re\u017eis\u016bra ir atlikimas<\/strong>: D\u017eiugas Kunsmanas<br \/><strong>Mentoryst\u0117 ir dramaturgijos konsultacijos<\/strong>: Roberto Magro<br \/><strong>Scenografija ir kostiumai:<\/strong> Kotryna K. Rupainyt\u0117<br \/><strong>Muzika<\/strong>: Motiejus Bazaras<br \/><strong>Vaizdo projekcijos<\/strong>: Marius Paplauskas<br \/><strong>\u0160vies\u0173 dail\u0117<\/strong>: Monika \u0160erstabojevait\u0117<br \/><b>Spektaklio partneris <\/b><span style=\"font-weight: 400;\">\u2013 ConTempo festivalio \u201eBaltiches Haus&#8221; jaun\u0173j\u0173 k\u016br\u0117j\u0173 programa<\/span><\/p>\n<!-- \/wp:paragraph --><!-- wp:gallery {\"linkTo\":\"none\"} -->\n<figure class=\"wp-block-gallery has-nested-images columns-default is-cropped\"><!-- wp:image {\"id\":5738,\"sizeSlug\":\"large\",\"linkDestination\":\"none\"} -->\n<figure class=\"wp-block-image size-large\"><\/figure>\n<!-- \/wp:image --><\/figure>\n<!-- \/wp:gallery --><!-- wp:gallery {\"linkTo\":\"none\"} -->\n<figure class=\"wp-block-gallery has-nested-images columns-default is-cropped\"><!-- wp:image {\"id\":5740,\"sizeSlug\":\"large\",\"linkDestination\":\"none\"} -->\n<figure class=\"wp-block-image size-large\"><\/figure>\n<!-- \/wp:image --><!-- wp:image {\"id\":5739,\"sizeSlug\":\"large\",\"linkDestination\":\"none\"} -->\n<figure class=\"wp-block-image size-large\"><\/figure>\n<!-- \/wp:image --><\/figure>\n<!-- \/wp:gallery -->\t\t\t\t\t\t<\/div>\n\t\t\t\t<\/div>\n\t\t\t\t<div class=\"elementor-element elementor-element-69aac50 elementor-widget elementor-widget-jet-popup-action-button\" data-id=\"69aac50\" data-element_type=\"widget\" data-widget_type=\"jet-popup-action-button.default\">\n\t\t\t\t<div class=\"elementor-widget-container\">\n\t\t\t\t\t<div class=\"jet-popup-action-button\">\n\t\t\t<a class=\"jet-popup-action-button__instance jet-popup-action-button--icon-after\" data-settings=\"{&quot;action-type&quot;:&quot;link&quot;}\" href=\"https:\/\/bilietai.kamerinisteatras.lt\/kasa\/seansas\/9f635564-f66f-46a1-9aa9-4e5651853783\"><i class=\"jet-popup-action-button__icon fa fa-ticket\"><\/i><span class=\"jet-popup-action-button__text\">Tickets<\/span>\t\t\t<\/a>\n\t\t<\/div>\t\t<\/div>\n\t\t\t\t<\/div>\n\t\t\t\t\t<\/div>\n\t\t<\/div>\n\t\t\t\t<div class=\"elementor-column elementor-col-50 elementor-top-column elementor-element elementor-element-f526364\" data-id=\"f526364\" data-element_type=\"column\">\n\t\t\t<div class=\"elementor-widget-wrap elementor-element-populated\">\n\t\t\t\t\t\t\t\t<div class=\"elementor-element elementor-element-310e292 elementor-widget elementor-widget-image\" data-id=\"310e292\" data-element_type=\"widget\" data-widget_type=\"image.default\">\n\t\t\t\t<div class=\"elementor-widget-container\">\n\t\t\t\t\t\t\t\t\t\t\t\t\t\t\t<img loading=\"lazy\" decoding=\"async\" width=\"1024\" height=\"683\" src=\"https:\/\/iseitiestaskas.lt\/wp-content\/uploads\/2025\/08\/2025-08-05-ConTempo-Iakaras-Martynas-Plepys-FullSize-27-10-1024x683.jpg\" class=\"attachment-large size-large\" alt=\"Ikaras premjera\" srcset=\"https:\/\/iseitiestaskas.lt\/wp-content\/uploads\/2025\/08\/2025-08-05-ConTempo-Iakaras-Martynas-Plepys-FullSize-27-10-1024x683.jpg 1024w, https:\/\/iseitiestaskas.lt\/wp-content\/uploads\/2025\/08\/2025-08-05-ConTempo-Iakaras-Martynas-Plepys-FullSize-27-10-300x200.jpg 300w, https:\/\/iseitiestaskas.lt\/wp-content\/uploads\/2025\/08\/2025-08-05-ConTempo-Iakaras-Martynas-Plepys-FullSize-27-10-768x512.jpg 768w, https:\/\/iseitiestaskas.lt\/wp-content\/uploads\/2025\/08\/2025-08-05-ConTempo-Iakaras-Martynas-Plepys-FullSize-27-10-391x260.jpg 391w, https:\/\/iseitiestaskas.lt\/wp-content\/uploads\/2025\/08\/2025-08-05-ConTempo-Iakaras-Martynas-Plepys-FullSize-27-10-1536x1024.jpg 1536w, https:\/\/iseitiestaskas.lt\/wp-content\/uploads\/2025\/08\/2025-08-05-ConTempo-Iakaras-Martynas-Plepys-FullSize-27-10-2048x1365.jpg 2048w, https:\/\/iseitiestaskas.lt\/wp-content\/uploads\/2025\/08\/2025-08-05-ConTempo-Iakaras-Martynas-Plepys-FullSize-27-10-18x12.jpg 18w, https:\/\/iseitiestaskas.lt\/wp-content\/uploads\/2025\/08\/2025-08-05-ConTempo-Iakaras-Martynas-Plepys-FullSize-27-10-600x400.jpg 600w\" sizes=\"(max-width: 1024px) 100vw, 1024px\" \/>\t\t\t\t\t\t\t\t\t\t\t\t\t\t\t<\/div>\n\t\t\t\t<\/div>\n\t\t\t\t<div class=\"elementor-element elementor-element-1cec839 elementor-widget elementor-widget-image\" data-id=\"1cec839\" data-element_type=\"widget\" data-widget_type=\"image.default\">\n\t\t\t\t<div class=\"elementor-widget-container\">\n\t\t\t\t\t\t\t\t\t\t\t\t\t\t\t<img loading=\"lazy\" decoding=\"async\" width=\"1024\" height=\"683\" src=\"https:\/\/iseitiestaskas.lt\/wp-content\/uploads\/2025\/08\/2025-08-05-ConTempo-Iakaras-Martynas-Plepys-FullSize-22-5-scaled.jpg\" class=\"attachment-large size-large\" alt=\"Ikaras premjera\" srcset=\"https:\/\/iseitiestaskas.lt\/wp-content\/uploads\/2025\/08\/2025-08-05-ConTempo-Iakaras-Martynas-Plepys-FullSize-22-5-scaled.jpg 2560w, https:\/\/iseitiestaskas.lt\/wp-content\/uploads\/2025\/08\/2025-08-05-ConTempo-Iakaras-Martynas-Plepys-FullSize-22-5-300x200.jpg 300w\" sizes=\"(max-width: 1024px) 100vw, 1024px\" \/>\t\t\t\t\t\t\t\t\t\t\t\t\t\t\t<\/div>\n\t\t\t\t<\/div>\n\t\t\t\t\t<\/div>\n\t\t<\/div>\n\t\t\t\t\t\t\t<\/div>\n\t\t<\/section>\n\t\t\t\t<section class=\"elementor-section elementor-top-section elementor-element elementor-element-7ffd228 elementor-section-boxed elementor-section-height-default elementor-section-height-default\" data-id=\"7ffd228\" data-element_type=\"section\">\n\t\t\t\t\t\t<div class=\"elementor-container elementor-column-gap-default\">\n\t\t\t\t\t<div class=\"elementor-column elementor-col-50 elementor-top-column elementor-element elementor-element-6bc6e15\" data-id=\"6bc6e15\" data-element_type=\"column\">\n\t\t\t<div class=\"elementor-widget-wrap elementor-element-populated\">\n\t\t\t\t\t\t\t\t<div class=\"elementor-element elementor-element-535a088 elementor-widget elementor-widget-text-editor\" data-id=\"535a088\" data-element_type=\"widget\" data-widget_type=\"text-editor.default\">\n\t\t\t\t<div class=\"elementor-widget-container\">\n\t\t\t\t\t\t\t\t<!-- wp:paragraph -->\n<h5><strong>September 23, 18:00 (Tuesday)<\/strong><br \/><strong>Duration: 45 min.<\/strong><br \/><strong>Kaunas City Chamber Theatre I aut. D\u017eiugas Kunsmanas I N-10<\/strong><\/h5>\n<h5>Kaunas City Chamber Theatre, Main hall<\/h5>\n<p><a title=\"\" href=\"https:\/\/bilietai.kamerinisteatras.lt\/kasa\/seansas\/9f5d8e24-12c3-4388-ac07-ca5ef97b8147\" target=\"_blank\" rel=\"noopener\"><mark class=\"has-inline-color\" style=\"background-color: #f78da7;\">Ticket price: 8 Eur<\/mark><\/a><\/p>\n<p><span style=\"font-weight: 400;\">It&#8217;s strange to think that only a century and a half ago, there were no airplanes, cinema or electronic music in the world. The flight of the iron bird was&#8230; simply impossible. The story of man&#8217;s attempt to fly, in other words, to achieve the impossible, is a story that has been known in our culture since antiquity, the story of Icarus, which has been given a very creative twist by <\/span><span style=\"font-weight: 400;\">contemporary circus artist D\u017eiugas Kunsmanas.<\/span><\/p>\n<p><span style=\"font-weight: 400;\">Using the tools of physical comedy, contemporary circus and household appliances, the artist transforms himself into a dreamer who actively pursues his desires, although not always successfully. The hero&#8217;s adventures on stage are complemented by early film footage and a soundtrack created from a collection of uniquely sounding early electronic musical instruments.<\/span><\/p>\n<p><span style=\"font-weight: 400;\">&#8222;Icarus&#8221; won the performance sketch competition of 2024 &#8222;Starting Point&#8221;. It is the first independent original performance by D\u017eiugas Kunsmanas.<\/span><\/p>\n<ul>\n<li><b>Idea, direction, performance<\/b><span style=\"font-weight: 400;\">: D\u017eiugas Kunsmanas<\/span><\/li>\n<li><b>Mentoring and outside eye<\/b><span style=\"font-weight: 400;\">: Roberto Magro<\/span><\/li>\n<li><b>Set and costume design<\/b><span style=\"font-weight: 400;\">: Kotryna K. Rupainyt\u0117<\/span><\/li>\n<li><b>Music<\/b><span style=\"font-weight: 400;\">: Motiejus Bazaras<\/span><\/li>\n<li><b>Video projections<\/b><span style=\"font-weight: 400;\">: Marius Paplauskas<\/span><\/li>\n<li><b>Lighting<\/b><span style=\"font-weight: 400;\">: Monika \u0160erstabojevait\u0117<\/span><\/li>\n<li><b>Partner<\/b><span style=\"font-weight: 400;\">: ConTempo Festival &#8222;Baltiches Haus&#8221; Young Creators Program<\/span><span style=\"font-weight: 400;\"><br \/><\/span><b>Financed by: <\/b><span style=\"font-weight: 400;\">Lithuanian Council for Culture<\/span><\/li>\n<\/ul>\n<!-- \/wp:paragraph --><!-- wp:gallery {\"linkTo\":\"none\"} -->\n<figure class=\"wp-block-gallery has-nested-images columns-default is-cropped\"><!-- wp:image {\"id\":5738,\"sizeSlug\":\"large\",\"linkDestination\":\"none\"} -->\n<figure class=\"wp-block-image size-large\"><\/figure>\n<!-- \/wp:image --><\/figure>\n<!-- \/wp:gallery --><!-- wp:gallery {\"linkTo\":\"none\"} -->\n<figure class=\"wp-block-gallery has-nested-images columns-default is-cropped\"><!-- wp:image {\"id\":5740,\"sizeSlug\":\"large\",\"linkDestination\":\"none\"} -->\n<figure class=\"wp-block-image size-large\"><\/figure>\n<!-- \/wp:image --><!-- wp:image {\"id\":5739,\"sizeSlug\":\"large\",\"linkDestination\":\"none\"} -->\n<figure class=\"wp-block-image size-large\"><\/figure>\n<!-- \/wp:image --><\/figure>\n<!-- \/wp:gallery -->\t\t\t\t\t\t<\/div>\n\t\t\t\t<\/div>\n\t\t\t\t<div class=\"elementor-element elementor-element-d1aeefd elementor-widget elementor-widget-jet-popup-action-button\" data-id=\"d1aeefd\" data-element_type=\"widget\" data-widget_type=\"jet-popup-action-button.default\">\n\t\t\t\t<div class=\"elementor-widget-container\">\n\t\t\t\t\t<div class=\"jet-popup-action-button\">\n\t\t\t<a class=\"jet-popup-action-button__instance jet-popup-action-button--icon-after\" data-settings=\"{&quot;action-type&quot;:&quot;link&quot;}\" href=\"https:\/\/bilietai.kamerinisteatras.lt\/kasa\/seansas\/9f635564-f66f-46a1-9aa9-4e5651853783\"><i class=\"jet-popup-action-button__icon fa fa-ticket\"><\/i><span class=\"jet-popup-action-button__text\">Tickets<\/span>\t\t\t<\/a>\n\t\t<\/div>\t\t<\/div>\n\t\t\t\t<\/div>\n\t\t\t\t\t<\/div>\n\t\t<\/div>\n\t\t\t\t<div class=\"elementor-column elementor-col-50 elementor-top-column elementor-element elementor-element-a4ffe44\" data-id=\"a4ffe44\" data-element_type=\"column\">\n\t\t\t<div class=\"elementor-widget-wrap elementor-element-populated\">\n\t\t\t\t\t\t\t\t<div class=\"elementor-element elementor-element-43d1526 elementor-widget elementor-widget-image\" data-id=\"43d1526\" data-element_type=\"widget\" data-widget_type=\"image.default\">\n\t\t\t\t<div class=\"elementor-widget-container\">\n\t\t\t\t\t\t\t\t\t\t\t\t\t\t\t<img loading=\"lazy\" decoding=\"async\" width=\"1024\" height=\"683\" src=\"https:\/\/iseitiestaskas.lt\/wp-content\/uploads\/2025\/08\/2025-08-05-ConTempo-Iakaras-Martynas-Plepys-FullSize-27-10-1024x683.jpg\" class=\"attachment-large size-large\" alt=\"Ikaras premjera\" srcset=\"https:\/\/iseitiestaskas.lt\/wp-content\/uploads\/2025\/08\/2025-08-05-ConTempo-Iakaras-Martynas-Plepys-FullSize-27-10-1024x683.jpg 1024w, https:\/\/iseitiestaskas.lt\/wp-content\/uploads\/2025\/08\/2025-08-05-ConTempo-Iakaras-Martynas-Plepys-FullSize-27-10-300x200.jpg 300w, https:\/\/iseitiestaskas.lt\/wp-content\/uploads\/2025\/08\/2025-08-05-ConTempo-Iakaras-Martynas-Plepys-FullSize-27-10-768x512.jpg 768w, https:\/\/iseitiestaskas.lt\/wp-content\/uploads\/2025\/08\/2025-08-05-ConTempo-Iakaras-Martynas-Plepys-FullSize-27-10-391x260.jpg 391w, https:\/\/iseitiestaskas.lt\/wp-content\/uploads\/2025\/08\/2025-08-05-ConTempo-Iakaras-Martynas-Plepys-FullSize-27-10-1536x1024.jpg 1536w, https:\/\/iseitiestaskas.lt\/wp-content\/uploads\/2025\/08\/2025-08-05-ConTempo-Iakaras-Martynas-Plepys-FullSize-27-10-2048x1365.jpg 2048w, https:\/\/iseitiestaskas.lt\/wp-content\/uploads\/2025\/08\/2025-08-05-ConTempo-Iakaras-Martynas-Plepys-FullSize-27-10-18x12.jpg 18w, https:\/\/iseitiestaskas.lt\/wp-content\/uploads\/2025\/08\/2025-08-05-ConTempo-Iakaras-Martynas-Plepys-FullSize-27-10-600x400.jpg 600w\" sizes=\"(max-width: 1024px) 100vw, 1024px\" \/>\t\t\t\t\t\t\t\t\t\t\t\t\t\t\t<\/div>\n\t\t\t\t<\/div>\n\t\t\t\t<div class=\"elementor-element elementor-element-5488676 elementor-widget elementor-widget-image\" data-id=\"5488676\" data-element_type=\"widget\" data-widget_type=\"image.default\">\n\t\t\t\t<div class=\"elementor-widget-container\">\n\t\t\t\t\t\t\t\t\t\t\t\t\t\t\t<img loading=\"lazy\" decoding=\"async\" width=\"1024\" height=\"683\" src=\"https:\/\/iseitiestaskas.lt\/wp-content\/uploads\/2025\/08\/2025-08-05-ConTempo-Iakaras-Martynas-Plepys-FullSize-22-5-scaled.jpg\" class=\"attachment-large size-large\" alt=\"Ikaras premjera\" srcset=\"https:\/\/iseitiestaskas.lt\/wp-content\/uploads\/2025\/08\/2025-08-05-ConTempo-Iakaras-Martynas-Plepys-FullSize-22-5-scaled.jpg 2560w, https:\/\/iseitiestaskas.lt\/wp-content\/uploads\/2025\/08\/2025-08-05-ConTempo-Iakaras-Martynas-Plepys-FullSize-22-5-300x200.jpg 300w\" sizes=\"(max-width: 1024px) 100vw, 1024px\" \/>\t\t\t\t\t\t\t\t\t\t\t\t\t\t\t<\/div>\n\t\t\t\t<\/div>\n\t\t\t\t\t<\/div>\n\t\t<\/div>\n\t\t\t\t\t\t\t<\/div>\n\t\t<\/section>\n\t\t\t\t<section class=\"elementor-section elementor-top-section elementor-element elementor-element-81ac0c9 elementor-section-boxed elementor-section-height-default elementor-section-height-default\" data-id=\"81ac0c9\" data-element_type=\"section\">\n\t\t\t\t\t\t<div class=\"elementor-container elementor-column-gap-default\">\n\t\t\t\t\t<div class=\"elementor-column elementor-col-100 elementor-top-column elementor-element elementor-element-b9e1c49\" data-id=\"b9e1c49\" data-element_type=\"column\">\n\t\t\t<div class=\"elementor-widget-wrap elementor-element-populated\">\n\t\t\t\t\t\t\t\t<div class=\"elementor-element elementor-element-ccc33ac elementor-widget elementor-widget-text-editor\" data-id=\"ccc33ac\" data-element_type=\"widget\" data-widget_type=\"text-editor.default\">\n\t\t\t\t<div class=\"elementor-widget-container\">\n\t\t\t\t\t\t\t\t<p>Foto. aut. M. Plepys<\/p>\t\t\t\t\t\t<\/div>\n\t\t\t\t<\/div>\n\t\t\t\t\t<\/div>\n\t\t<\/div>\n\t\t\t\t\t\t\t<\/div>\n\t\t<\/section>\n\t\t\t\t\t\t<\/div>\n\t\t\t\t\t<\/div>","protected":false},"excerpt":{"rendered":"<p>IKARAS I PREMJERA Rugs\u0117jo 23 d. 18:00 (antradienis)Trukm\u0117: 45 min.Kauno miesto kamerinis teatras I aut. D\u017eiugas Kunsmanas I N-10Kauno miesto kamerinis teatras, Did\u017eioji sal\u0117 Bilieto kaina: 8 Eur Keista pagalvoti, kad vos prie\u0161 pusantro \u0161imto met\u0173 pasaulyje nebuvo nei l\u0117ktuv\u0173, nei kino, nei elektronin\u0117s muzikos. Skrydis gele\u017einiu pauk\u0161\u010diu buvo\u2026 papras\u010diausiai ne\u012fmanomas. Apie \u017emogaus bandym\u0105 skristi, [&hellip;]<\/p>","protected":false},"author":1,"featured_media":0,"parent":0,"menu_order":0,"comment_status":"closed","ping_status":"closed","template":"","meta":{"om_disable_all_campaigns":false,"_monsterinsights_skip_tracking":false,"_monsterinsights_sitenote_active":false,"_monsterinsights_sitenote_note":"","_monsterinsights_sitenote_category":0,"footnotes":""},"aioseo_notices":[],"_links":{"self":[{"href":"https:\/\/iseitiestaskas.lt\/en\/wp-json\/wp\/v2\/pages\/5737"}],"collection":[{"href":"https:\/\/iseitiestaskas.lt\/en\/wp-json\/wp\/v2\/pages"}],"about":[{"href":"https:\/\/iseitiestaskas.lt\/en\/wp-json\/wp\/v2\/types\/page"}],"author":[{"embeddable":true,"href":"https:\/\/iseitiestaskas.lt\/en\/wp-json\/wp\/v2\/users\/1"}],"replies":[{"embeddable":true,"href":"https:\/\/iseitiestaskas.lt\/en\/wp-json\/wp\/v2\/comments?post=5737"}],"version-history":[{"count":76,"href":"https:\/\/iseitiestaskas.lt\/en\/wp-json\/wp\/v2\/pages\/5737\/revisions"}],"predecessor-version":[{"id":6570,"href":"https:\/\/iseitiestaskas.lt\/en\/wp-json\/wp\/v2\/pages\/5737\/revisions\/6570"}],"wp:attachment":[{"href":"https:\/\/iseitiestaskas.lt\/en\/wp-json\/wp\/v2\/media?parent=5737"}],"curies":[{"name":"wp","href":"https:\/\/api.w.org\/{rel}","templated":true}]}}