{"id":5746,"date":"2025-07-21T13:03:46","date_gmt":"2025-07-21T13:03:46","guid":{"rendered":"https:\/\/iseitiestaskas.lt\/?page_id=5746"},"modified":"2025-09-22T08:52:06","modified_gmt":"2025-09-22T08:52:06","slug":"eskizu-konkursas-2","status":"publish","type":"page","link":"https:\/\/iseitiestaskas.lt\/en\/eskizu-konkursas-2\/","title":{"rendered":"SKETCH COMPETITION\u00a0"},"content":{"rendered":"<div data-elementor-type=\"wp-page\" data-elementor-id=\"5746\" class=\"elementor elementor-5746\" data-elementor-settings=\"[]\">\n\t\t\t\t\t\t\t<div class=\"elementor-section-wrap\">\n\t\t\t\t\t\t\t<section class=\"elementor-section elementor-top-section elementor-element elementor-element-003e62b elementor-section-boxed elementor-section-height-default elementor-section-height-default\" data-id=\"003e62b\" data-element_type=\"section\">\n\t\t\t\t\t\t<div class=\"elementor-container elementor-column-gap-default\">\n\t\t\t\t\t<div class=\"elementor-column elementor-col-100 elementor-top-column elementor-element elementor-element-b3dd0eb\" data-id=\"b3dd0eb\" data-element_type=\"column\">\n\t\t\t<div class=\"elementor-widget-wrap elementor-element-populated\">\n\t\t\t\t\t\t\t\t<div class=\"elementor-element elementor-element-ea3050b elementor-widget elementor-widget-heading\" data-id=\"ea3050b\" data-element_type=\"widget\" data-widget_type=\"heading.default\">\n\t\t\t\t<div class=\"elementor-widget-container\">\n\t\t\t<h2 class=\"elementor-heading-title elementor-size-default\">SKETCH COMPETITION<\/h2>\t\t<\/div>\n\t\t\t\t<\/div>\n\t\t\t\t\t<\/div>\n\t\t<\/div>\n\t\t\t\t\t\t\t<\/div>\n\t\t<\/section>\n\t\t\t\t<section class=\"elementor-section elementor-top-section elementor-element elementor-element-e95b808 elementor-section-boxed elementor-section-height-default elementor-section-height-default\" data-id=\"e95b808\" data-element_type=\"section\">\n\t\t\t\t\t\t<div class=\"elementor-container elementor-column-gap-default\">\n\t\t\t\t\t<div class=\"elementor-column elementor-col-100 elementor-top-column elementor-element elementor-element-c67770a\" data-id=\"c67770a\" data-element_type=\"column\">\n\t\t\t<div class=\"elementor-widget-wrap elementor-element-populated\">\n\t\t\t\t\t\t\t\t<div class=\"elementor-element elementor-element-bc5bc52 elementor-widget elementor-widget-text-editor\" data-id=\"bc5bc52\" data-element_type=\"widget\" data-widget_type=\"text-editor.default\">\n\t\t\t\t<div class=\"elementor-widget-container\">\n\t\t\t\t\t\t\t\t<h5><strong>Rugs\u0117jo 25 d. 18:30 ir 19:00 (ketvirtadienis)<\/strong><br \/><strong>BANGINIS ANT KRANTO I re\u017e. Aist\u0117 Reka\u0161i\u016bt\u0117<br \/>\u017dAIDIM\u0172 AIK\u0160TEL\u0116S \u017dAIZDOS I re\u017e. Vaidas Jaru\u0161evi\u010dius<br \/><\/strong><\/h5>\n<h5>Kaunas City Chamber Theatre<\/h5>\n<p><br \/>Renginiai nemokami, <mark class=\"has-inline-color\" style=\"background-color: #f78da7;\">b\u016btina registracija<\/mark><\/p>\t\t\t\t\t\t<\/div>\n\t\t\t\t<\/div>\n\t\t\t\t\t<\/div>\n\t\t<\/div>\n\t\t\t\t\t\t\t<\/div>\n\t\t<\/section>\n\t\t\t\t<section class=\"elementor-section elementor-top-section elementor-element elementor-element-92b6924 elementor-section-boxed elementor-section-height-default elementor-section-height-default\" data-id=\"92b6924\" data-element_type=\"section\">\n\t\t\t\t\t\t<div class=\"elementor-container elementor-column-gap-default\">\n\t\t\t\t\t<div class=\"elementor-column elementor-col-50 elementor-top-column elementor-element elementor-element-80d12e6\" data-id=\"80d12e6\" data-element_type=\"column\">\n\t\t\t<div class=\"elementor-widget-wrap elementor-element-populated\">\n\t\t\t\t\t\t\t\t<div class=\"elementor-element elementor-element-75444ec elementor-widget elementor-widget-text-editor\" data-id=\"75444ec\" data-element_type=\"widget\" data-widget_type=\"text-editor.default\">\n\t\t\t\t<div class=\"elementor-widget-container\">\n\t\t\t\t\t\t\t\t<!-- wp:paragraph --><!-- \/wp:paragraph --><!-- wp:paragraph -->\n<h5><strong>BANGINIS ANT KRANTO I Aist\u0117 Reka\u0161i\u016bt\u0117\u00a0<\/strong><\/h5>\n<h5><!-- \/wp:paragraph --><!-- wp:paragraph --><\/h5>\n<p>Eskizas pagal U. Toleikyt\u0117s pjes\u0119 tuo pa\u010diu pavadinimu. Tai intymus pasakojimas apie jaun\u0105 \u017emog\u0173, u\u017eaugus\u012f Nepriklausomyb\u0117s laikotarpiu, ta\u010diau vis dar veikiam\u0105 sovietme\u010dio \u0161e\u0161\u0117li\u0173: t\u0117v\u0173 traum\u0173, nutyl\u0117t\u0173 problem\u0173 ir sunkiai \u012fveikiamo emocinio u\u017esidarymo.<\/p>\n<h5><!-- \/wp:paragraph --><!-- wp:paragraph --><\/h5>\n<p>Tai spektaklis apie kart\u0105, kuri mokosi kalb\u0117ti apie tai, k\u0105 jau\u010dia, u\u017euot tyl\u0117jusi, apie kart\u0105, kuri bando susigr\u0105\u017einti jautrum\u0105 pasauliui, i\u0161dr\u012fsta klausti: k\u0105 rei\u0161kia b\u016bti matomam? Galiausiai tenka rinktis: keisti pasaul\u012f aplink save ar keistis patiems.\u00a0<\/p>\n<p><strong>K\u016brybin\u0117 komanda:<\/strong><\/p>\n<ul>\n<li>Dramaturg\u0117: Ur\u0161ul\u0117 Toleikyt\u0117<\/li>\n<li>Re\u017eisier\u0117: Aist\u0117 Reka\u0161i\u016bt\u0117<\/li>\n<li>Aktor\u0117s: Gabrielia Kuodyt\u0117, Migl\u0117 Navasaityt\u0117, Ieva Tamo\u0161evi\u010di\u016bt\u0117<\/li>\n<li>Scenograf\u0117: Guoda Korsakait\u0117<\/li>\n<li>Kompozitorius: Nikita Kiriuchinas<\/li>\n<\/ul>\n<!-- \/wp:gallery -->\t\t\t\t\t\t<\/div>\n\t\t\t\t<\/div>\n\t\t\t\t<div class=\"elementor-element elementor-element-82126c6 elementor-widget elementor-widget-jet-popup-action-button\" data-id=\"82126c6\" data-element_type=\"widget\" data-widget_type=\"jet-popup-action-button.default\">\n\t\t\t\t<div class=\"elementor-widget-container\">\n\t\t\t\t\t<div class=\"jet-popup-action-button\">\n\t\t\t<a class=\"jet-popup-action-button__instance jet-popup-action-button--icon-after\" data-settings=\"{&quot;action-type&quot;:&quot;link&quot;}\" href=\"https:\/\/docs.google.com\/forms\/d\/e\/1FAIpQLSdNk6N_M0l5IF389mf4V_JtDpWn_utp0__h8SO_jBca688Cew\/viewform\"><i class=\"jet-popup-action-button__icon fa fa-ticket\"><\/i><span class=\"jet-popup-action-button__text\">Registracija<\/span>\t\t\t<\/a>\n\t\t<\/div>\t\t<\/div>\n\t\t\t\t<\/div>\n\t\t\t\t\t<\/div>\n\t\t<\/div>\n\t\t\t\t<div class=\"elementor-column elementor-col-50 elementor-top-column elementor-element elementor-element-fe782a1\" data-id=\"fe782a1\" data-element_type=\"column\">\n\t\t\t<div class=\"elementor-widget-wrap elementor-element-populated\">\n\t\t\t\t\t\t\t\t<div class=\"elementor-element elementor-element-5ce9b1a elementor-widget elementor-widget-image\" data-id=\"5ce9b1a\" data-element_type=\"widget\" data-widget_type=\"image.default\">\n\t\t\t\t<div class=\"elementor-widget-container\">\n\t\t\t\t\t\t\t\t\t\t\t\t\t\t\t<img loading=\"lazy\" decoding=\"async\" width=\"1024\" height=\"683\" src=\"https:\/\/iseitiestaskas.lt\/wp-content\/uploads\/2025\/07\/Untitled-design-64-1024x683.png\" class=\"attachment-large size-large\" alt=\"Aiste Rekasiute\" srcset=\"https:\/\/iseitiestaskas.lt\/wp-content\/uploads\/2025\/07\/Untitled-design-64-1024x683.png 1024w, https:\/\/iseitiestaskas.lt\/wp-content\/uploads\/2025\/07\/Untitled-design-64-300x200.png 300w, https:\/\/iseitiestaskas.lt\/wp-content\/uploads\/2025\/07\/Untitled-design-64-768x512.png 768w, https:\/\/iseitiestaskas.lt\/wp-content\/uploads\/2025\/07\/Untitled-design-64-391x260.png 391w, https:\/\/iseitiestaskas.lt\/wp-content\/uploads\/2025\/07\/Untitled-design-64-1536x1024.png 1536w, https:\/\/iseitiestaskas.lt\/wp-content\/uploads\/2025\/07\/Untitled-design-64-18x12.png 18w, https:\/\/iseitiestaskas.lt\/wp-content\/uploads\/2025\/07\/Untitled-design-64-600x400.png 600w, https:\/\/iseitiestaskas.lt\/wp-content\/uploads\/2025\/07\/Untitled-design-64.png 2048w\" sizes=\"(max-width: 1024px) 100vw, 1024px\" \/>\t\t\t\t\t\t\t\t\t\t\t\t\t\t\t<\/div>\n\t\t\t\t<\/div>\n\t\t\t\t\t<\/div>\n\t\t<\/div>\n\t\t\t\t\t\t\t<\/div>\n\t\t<\/section>\n\t\t\t\t<section class=\"elementor-section elementor-top-section elementor-element elementor-element-2a162eb elementor-section-boxed elementor-section-height-default elementor-section-height-default\" data-id=\"2a162eb\" data-element_type=\"section\">\n\t\t\t\t\t\t<div class=\"elementor-container elementor-column-gap-default\">\n\t\t\t\t\t<div class=\"elementor-column elementor-col-50 elementor-top-column elementor-element elementor-element-98786ae\" data-id=\"98786ae\" data-element_type=\"column\">\n\t\t\t<div class=\"elementor-widget-wrap\">\n\t\t\t\t\t\t\t\t\t<\/div>\n\t\t<\/div>\n\t\t\t\t<div class=\"elementor-column elementor-col-50 elementor-top-column elementor-element elementor-element-133a561\" data-id=\"133a561\" data-element_type=\"column\">\n\t\t\t<div class=\"elementor-widget-wrap elementor-element-populated\">\n\t\t\t\t\t\t\t\t<div class=\"elementor-element elementor-element-87316c2 elementor-widget elementor-widget-text-editor\" data-id=\"87316c2\" data-element_type=\"widget\" data-widget_type=\"text-editor.default\">\n\t\t\t\t<div class=\"elementor-widget-container\">\n\t\t\t\t\t\t\t\t<p><span style=\"font-weight: 400;\">Foto, aut. Mantas L\u016b\u017ea<\/span><\/p>\t\t\t\t\t\t<\/div>\n\t\t\t\t<\/div>\n\t\t\t\t\t<\/div>\n\t\t<\/div>\n\t\t\t\t\t\t\t<\/div>\n\t\t<\/section>\n\t\t\t\t<section class=\"elementor-section elementor-top-section elementor-element elementor-element-9bb42a8 elementor-section-boxed elementor-section-height-default elementor-section-height-default\" data-id=\"9bb42a8\" data-element_type=\"section\">\n\t\t\t\t\t\t<div class=\"elementor-container elementor-column-gap-default\">\n\t\t\t\t\t<div class=\"elementor-column elementor-col-50 elementor-top-column elementor-element elementor-element-9be7aef\" data-id=\"9be7aef\" data-element_type=\"column\">\n\t\t\t<div class=\"elementor-widget-wrap elementor-element-populated\">\n\t\t\t\t\t\t\t\t<div class=\"elementor-element elementor-element-005a6e8 elementor-widget elementor-widget-text-editor\" data-id=\"005a6e8\" data-element_type=\"widget\" data-widget_type=\"text-editor.default\">\n\t\t\t\t<div class=\"elementor-widget-container\">\n\t\t\t\t\t\t\t\t<h5><b>\u017dAIDIM\u0172 AIK\u0160TEL\u0116S \u017dAIZDOS I Vaidas Jaru\u0161evi\u010dius<\/b><\/h5>\n<p><span style=\"font-weight: 400;\">Eskizas pagal R. Josepho pjes\u0119 tokiu pa\u010diu pavadinimu. Tai intymi istorija apie dviej\u0173 \u017emoni\u0173 gyvenim\u0105, susitinkant skirtingais j\u0173 am\u017eiaus tarpsniais \u2013 nuo vaikyst\u0117s iki brandos. J\u0173 susitikimai ne\u012fprasti tuo, kad kiekvien\u0105 kart\u0105 juos suveda nelaim\u0117s ar fizin\u0117s traumos, ta\u010diau ilgainiui paai\u0161k\u0117ja, jog fizin\u0117s traumos t\u0117ra nedidelis menkniekis palyginti su giliomis psichologin\u0117mis \u017eaizdomis.\u00a0<\/span><\/p>\n<p><span style=\"font-weight: 400;\">Nepaisant skaud\u017ei\u0173 tem\u0173, eskizas persmelktas subtilaus humoro, kuris leid\u017eia \u017ei\u016brovui pa\u017evelgti \u012f sud\u0117tingus klausimus su lengvumu ir \u0161iluma.<\/span><\/p>\n<p><strong>K\u016brybin\u0117 komanda:<\/strong><\/p>\n<ul>\n<li dir=\"auto\">Re\u017eisierius &#8211; Vaidas Jaru\u0161evi\u010dius<\/li>\n<li>Scenograf\u0117, kostium\u0173 dailinink\u0117 &#8211; Viktorija Valentina Ramanauskait\u0117<\/li>\n<li>Kompozitorius &#8211; Aurimas Bareikis<\/li>\n<li>\u0160vies\u0173 dailininkas &#8211; Paulius Jakub\u0117nas<\/li>\n<li>Vert\u0117jas &#8211; Dovydas Grajauskas\n<div>\u00a0<\/div>\n<\/li>\n<li dir=\"auto\">Keilin &#8211; Vilija Mata\u010di\u016bnait\u0117<\/li>\n<li dir=\"auto\">Dagas &#8211; Mindaugas Ancevi\u010dius<\/li>\n<\/ul>\t\t\t\t\t\t<\/div>\n\t\t\t\t<\/div>\n\t\t\t\t<div class=\"elementor-element elementor-element-09906c7 elementor-widget elementor-widget-jet-popup-action-button\" data-id=\"09906c7\" data-element_type=\"widget\" data-widget_type=\"jet-popup-action-button.default\">\n\t\t\t\t<div class=\"elementor-widget-container\">\n\t\t\t\t\t<div class=\"jet-popup-action-button\">\n\t\t\t<a class=\"jet-popup-action-button__instance jet-popup-action-button--icon-after\" data-settings=\"{&quot;action-type&quot;:&quot;link&quot;}\" href=\"https:\/\/docs.google.com\/forms\/d\/e\/1FAIpQLSfx4us8VzWNlVLMc8yMzUJf5zsIMKUfM3KgfcKwgqqqGoB2Ng\/viewform\"><i class=\"jet-popup-action-button__icon fa fa-ticket\"><\/i><span class=\"jet-popup-action-button__text\">Viet\u0173 neb\u0117ra<\/span>\t\t\t<\/a>\n\t\t<\/div>\t\t<\/div>\n\t\t\t\t<\/div>\n\t\t\t\t\t<\/div>\n\t\t<\/div>\n\t\t\t\t<div class=\"elementor-column elementor-col-50 elementor-top-column elementor-element elementor-element-359df7b\" data-id=\"359df7b\" data-element_type=\"column\">\n\t\t\t<div class=\"elementor-widget-wrap elementor-element-populated\">\n\t\t\t\t\t\t\t\t<div class=\"elementor-element elementor-element-747644e elementor-widget elementor-widget-image\" data-id=\"747644e\" data-element_type=\"widget\" data-widget_type=\"image.default\">\n\t\t\t\t<div class=\"elementor-widget-container\">\n\t\t\t\t\t\t\t\t\t\t\t\t\t\t\t<img loading=\"lazy\" decoding=\"async\" width=\"1024\" height=\"683\" src=\"https:\/\/iseitiestaskas.lt\/wp-content\/uploads\/2025\/07\/Untitled-design-65-1024x683.png\" class=\"attachment-large size-large\" alt=\"Vaidas Jarusevicius\" srcset=\"https:\/\/iseitiestaskas.lt\/wp-content\/uploads\/2025\/07\/Untitled-design-65-1024x683.png 1024w, https:\/\/iseitiestaskas.lt\/wp-content\/uploads\/2025\/07\/Untitled-design-65-300x200.png 300w, https:\/\/iseitiestaskas.lt\/wp-content\/uploads\/2025\/07\/Untitled-design-65-768x512.png 768w, https:\/\/iseitiestaskas.lt\/wp-content\/uploads\/2025\/07\/Untitled-design-65-391x260.png 391w, https:\/\/iseitiestaskas.lt\/wp-content\/uploads\/2025\/07\/Untitled-design-65-1536x1024.png 1536w, https:\/\/iseitiestaskas.lt\/wp-content\/uploads\/2025\/07\/Untitled-design-65-18x12.png 18w, https:\/\/iseitiestaskas.lt\/wp-content\/uploads\/2025\/07\/Untitled-design-65-600x400.png 600w, https:\/\/iseitiestaskas.lt\/wp-content\/uploads\/2025\/07\/Untitled-design-65.png 2048w\" sizes=\"(max-width: 1024px) 100vw, 1024px\" \/>\t\t\t\t\t\t\t\t\t\t\t\t\t\t\t<\/div>\n\t\t\t\t<\/div>\n\t\t\t\t<div class=\"elementor-element elementor-element-5366fdc elementor-widget elementor-widget-text-editor\" data-id=\"5366fdc\" data-element_type=\"widget\" data-widget_type=\"text-editor.default\">\n\t\t\t\t<div class=\"elementor-widget-container\">\n\t\t\t\t\t\t\t\t<p><span style=\"font-weight: 400;\">Foto<\/span><span style=\"font-weight: 400;\">. aut. Arvydas Gudas<\/span><\/p>\t\t\t\t\t\t<\/div>\n\t\t\t\t<\/div>\n\t\t\t\t\t<\/div>\n\t\t<\/div>\n\t\t\t\t\t\t\t<\/div>\n\t\t<\/section>\n\t\t\t\t\t\t<\/div>\n\t\t\t\t\t<\/div>","protected":false},"excerpt":{"rendered":"<p>ESKIZ\u0172 KONKURSAS Rugs\u0117jo 25 d. 18:30 ir 19:00 (ketvirtadienis)BANGINIS ANT KRANTO I re\u017e. Aist\u0117 Reka\u0161i\u016bt\u0117\u017dAIDIM\u0172 AIK\u0160TEL\u0116S \u017dAIZDOS I re\u017e. Vaidas Jaru\u0161evi\u010dius Kauno miesto kamerinis teatras Renginiai nemokami, b\u016btina registracija BANGINIS ANT KRANTO I Aist\u0117 Reka\u0161i\u016bt\u0117\u00a0 Eskizas pagal U. Toleikyt\u0117s pjes\u0119 tuo pa\u010diu pavadinimu. Tai intymus pasakojimas apie jaun\u0105 \u017emog\u0173, u\u017eaugus\u012f Nepriklausomyb\u0117s laikotarpiu, ta\u010diau vis dar [&hellip;]<\/p>","protected":false},"author":1,"featured_media":0,"parent":0,"menu_order":0,"comment_status":"closed","ping_status":"closed","template":"","meta":{"om_disable_all_campaigns":false,"_monsterinsights_skip_tracking":false,"_monsterinsights_sitenote_active":false,"_monsterinsights_sitenote_note":"","_monsterinsights_sitenote_category":0,"footnotes":""},"aioseo_notices":[],"_links":{"self":[{"href":"https:\/\/iseitiestaskas.lt\/en\/wp-json\/wp\/v2\/pages\/5746"}],"collection":[{"href":"https:\/\/iseitiestaskas.lt\/en\/wp-json\/wp\/v2\/pages"}],"about":[{"href":"https:\/\/iseitiestaskas.lt\/en\/wp-json\/wp\/v2\/types\/page"}],"author":[{"embeddable":true,"href":"https:\/\/iseitiestaskas.lt\/en\/wp-json\/wp\/v2\/users\/1"}],"replies":[{"embeddable":true,"href":"https:\/\/iseitiestaskas.lt\/en\/wp-json\/wp\/v2\/comments?post=5746"}],"version-history":[{"count":37,"href":"https:\/\/iseitiestaskas.lt\/en\/wp-json\/wp\/v2\/pages\/5746\/revisions"}],"predecessor-version":[{"id":6681,"href":"https:\/\/iseitiestaskas.lt\/en\/wp-json\/wp\/v2\/pages\/5746\/revisions\/6681"}],"wp:attachment":[{"href":"https:\/\/iseitiestaskas.lt\/en\/wp-json\/wp\/v2\/media?parent=5746"}],"curies":[{"name":"wp","href":"https:\/\/api.w.org\/{rel}","templated":true}]}}