{"id":5762,"date":"2025-07-21T13:27:51","date_gmt":"2025-07-21T13:27:51","guid":{"rendered":"https:\/\/iseitiestaskas.lt\/?page_id=5762"},"modified":"2025-09-25T15:30:42","modified_gmt":"2025-09-25T15:30:42","slug":"eskizu-konkursas-2-2","status":"publish","type":"page","link":"https:\/\/iseitiestaskas.lt\/en\/eskizu-konkursas-2-2\/","title":{"rendered":"SKETCH COMPETITION\u00a0"},"content":{"rendered":"<div data-elementor-type=\"wp-page\" data-elementor-id=\"5762\" class=\"elementor elementor-5762\" data-elementor-settings=\"[]\">\n\t\t\t\t\t\t\t<div class=\"elementor-section-wrap\">\n\t\t\t\t\t\t\t<section class=\"elementor-section elementor-top-section elementor-element elementor-element-954d57e elementor-section-boxed elementor-section-height-default elementor-section-height-default\" data-id=\"954d57e\" data-element_type=\"section\">\n\t\t\t\t\t\t<div class=\"elementor-container elementor-column-gap-default\">\n\t\t\t\t\t<div class=\"elementor-column elementor-col-100 elementor-top-column elementor-element elementor-element-e358d85\" data-id=\"e358d85\" data-element_type=\"column\">\n\t\t\t<div class=\"elementor-widget-wrap elementor-element-populated\">\n\t\t\t\t\t\t\t\t<div class=\"elementor-element elementor-element-3483d48 elementor-widget elementor-widget-heading\" data-id=\"3483d48\" data-element_type=\"widget\" data-widget_type=\"heading.default\">\n\t\t\t\t<div class=\"elementor-widget-container\">\n\t\t\t<h2 class=\"elementor-heading-title elementor-size-default\">SKETCH COMPETITION<\/h2>\t\t<\/div>\n\t\t\t\t<\/div>\n\t\t\t\t\t<\/div>\n\t\t<\/div>\n\t\t\t\t\t\t\t<\/div>\n\t\t<\/section>\n\t\t\t\t<section class=\"elementor-section elementor-top-section elementor-element elementor-element-5c95af0 elementor-section-boxed elementor-section-height-default elementor-section-height-default\" data-id=\"5c95af0\" data-element_type=\"section\">\n\t\t\t\t\t\t<div class=\"elementor-container elementor-column-gap-default\">\n\t\t\t\t\t<div class=\"elementor-column elementor-col-100 elementor-top-column elementor-element elementor-element-8eaf7d3\" data-id=\"8eaf7d3\" data-element_type=\"column\">\n\t\t\t<div class=\"elementor-widget-wrap elementor-element-populated\">\n\t\t\t\t\t\t\t\t<div class=\"elementor-element elementor-element-92d9d4a elementor-widget elementor-widget-text-editor\" data-id=\"92d9d4a\" data-element_type=\"widget\" data-widget_type=\"text-editor.default\">\n\t\t\t\t<div class=\"elementor-widget-container\">\n\t\t\t\t\t\t\t\t<h5><strong>Rugs\u0117jo 24 d. 18:30 ir 19:00 (ketvirtadienis)<\/strong><br \/><strong>\u0160ITAS VAIKAS I re\u017e. Aivaras Micius<br \/><b>MONSTERA I re\u017e. Orestas Razumas<\/b><\/strong><\/h5>\n<h5>Kaunas City Chamber Theatre<\/h5>\n<p>Renginiai nemokami, <mark class=\"has-inline-color\" style=\"background-color: #f78da7;\">b\u016btina registracija<\/mark><\/p>\t\t\t\t\t\t<\/div>\n\t\t\t\t<\/div>\n\t\t\t\t\t<\/div>\n\t\t<\/div>\n\t\t\t\t\t\t\t<\/div>\n\t\t<\/section>\n\t\t\t\t<section class=\"elementor-section elementor-top-section elementor-element elementor-element-538f326 elementor-section-boxed elementor-section-height-default elementor-section-height-default\" data-id=\"538f326\" data-element_type=\"section\">\n\t\t\t\t\t\t<div class=\"elementor-container elementor-column-gap-default\">\n\t\t\t\t\t<div class=\"elementor-column elementor-col-50 elementor-top-column elementor-element elementor-element-04afdb2\" data-id=\"04afdb2\" data-element_type=\"column\">\n\t\t\t<div class=\"elementor-widget-wrap elementor-element-populated\">\n\t\t\t\t\t\t\t\t<div class=\"elementor-element elementor-element-8195606 elementor-widget elementor-widget-image\" data-id=\"8195606\" data-element_type=\"widget\" data-widget_type=\"image.default\">\n\t\t\t\t<div class=\"elementor-widget-container\">\n\t\t\t\t\t\t\t\t\t\t\t\t\t\t\t<img loading=\"lazy\" decoding=\"async\" width=\"1024\" height=\"683\" src=\"https:\/\/iseitiestaskas.lt\/wp-content\/uploads\/2025\/07\/Untitled-design-63-1024x683.png\" class=\"attachment-large size-large\" alt=\"Aivaras Micius\" srcset=\"https:\/\/iseitiestaskas.lt\/wp-content\/uploads\/2025\/07\/Untitled-design-63-1024x683.png 1024w, https:\/\/iseitiestaskas.lt\/wp-content\/uploads\/2025\/07\/Untitled-design-63-300x200.png 300w, https:\/\/iseitiestaskas.lt\/wp-content\/uploads\/2025\/07\/Untitled-design-63-768x512.png 768w, https:\/\/iseitiestaskas.lt\/wp-content\/uploads\/2025\/07\/Untitled-design-63-391x260.png 391w, https:\/\/iseitiestaskas.lt\/wp-content\/uploads\/2025\/07\/Untitled-design-63-1536x1024.png 1536w, https:\/\/iseitiestaskas.lt\/wp-content\/uploads\/2025\/07\/Untitled-design-63-18x12.png 18w, https:\/\/iseitiestaskas.lt\/wp-content\/uploads\/2025\/07\/Untitled-design-63-600x400.png 600w, https:\/\/iseitiestaskas.lt\/wp-content\/uploads\/2025\/07\/Untitled-design-63.png 2048w\" sizes=\"(max-width: 1024px) 100vw, 1024px\" \/>\t\t\t\t\t\t\t\t\t\t\t\t\t\t\t<\/div>\n\t\t\t\t<\/div>\n\t\t\t\t<div class=\"elementor-element elementor-element-cacc698 elementor-widget elementor-widget-text-editor\" data-id=\"cacc698\" data-element_type=\"widget\" data-widget_type=\"text-editor.default\">\n\t\t\t\t<div class=\"elementor-widget-container\">\n\t\t\t\t\t\t\t\t<p>Foto. aut. Dovil\u0117 Martinaityt\u0117<\/p>\t\t\t\t\t\t<\/div>\n\t\t\t\t<\/div>\n\t\t\t\t\t<\/div>\n\t\t<\/div>\n\t\t\t\t<div class=\"elementor-column elementor-col-50 elementor-top-column elementor-element elementor-element-e2d40c4\" data-id=\"e2d40c4\" data-element_type=\"column\">\n\t\t\t<div class=\"elementor-widget-wrap elementor-element-populated\">\n\t\t\t\t\t\t\t\t<div class=\"elementor-element elementor-element-9562042 elementor-widget elementor-widget-text-editor\" data-id=\"9562042\" data-element_type=\"widget\" data-widget_type=\"text-editor.default\">\n\t\t\t\t<div class=\"elementor-widget-container\">\n\t\t\t\t\t\t\t\t<!-- wp:paragraph --><!-- \/wp:paragraph --><!-- wp:paragraph -->\n<h5><strong>\u0160ITAS VAIKAS I Aivaras Micius<\/strong><\/h5>\n<!-- \/wp:paragraph --><!-- wp:paragraph -->\n<p>Eskizas pagal J. Pommerato pjes\u0117s motyvus. Jauni \u017emon\u0117s turi vis daugiau laisv\u0117s rinktis nestandartinius gyvenimo scenarijus, o socialiniai vaidmenys vis re\u010diau apibr\u0117\u017eiami institucij\u0173. Ta\u010diau pirmoji karta, u\u017eaugusi jau po Lietuvos nepriklausomyb\u0117s atk\u016brimo, da\u017enai atsiduria skirting\u0173 istorini\u0173 laikotarpi\u0173 vertybiniame konflikte, kur\u012f dar labiau paa\u0161trina l\u0117tai besikei\u010dianti socialin\u0117 realyb\u0117 \u0161alyje.<\/p>\n<!-- \/wp:paragraph --><!-- wp:paragraph -->\n<p>U\u017edara grandin\u0117 \u2013 kai socialiniai sunkumai gimdo emocinius, o emociniai \u2013 naujus socialinius i\u0161\u0161\u016bkius \u2013 prisideda prie gil\u0117jan\u010di\u0173 visuomen\u0117s \u012ftamp\u0173. Kaip susitikti kartoms, kurios radikaliai skirtingai suvokia save ir pasaul\u012f?<\/p>\n<div><strong>K\u016brybin\u0117 komanda:<\/strong><\/div>\n<div>\u00a0<\/div>\n<ul>\n<li>Re\u017eisierius- Aivaras Micius\u00a0<\/li>\n<li>Aktor\u0117 &#8211; R\u016bta Jonikait\u0117<\/li>\n<\/ul>\n<!-- \/wp:gallery -->\t\t\t\t\t\t<\/div>\n\t\t\t\t<\/div>\n\t\t\t\t<div class=\"elementor-element elementor-element-103c846 elementor-widget elementor-widget-jet-popup-action-button\" data-id=\"103c846\" data-element_type=\"widget\" data-widget_type=\"jet-popup-action-button.default\">\n\t\t\t\t<div class=\"elementor-widget-container\">\n\t\t\t\t\t<div class=\"jet-popup-action-button\">\n\t\t\t<a class=\"jet-popup-action-button__instance jet-popup-action-button--icon-after\" data-settings=\"{&quot;action-type&quot;:&quot;link&quot;}\" href=\"https:\/\/docs.google.com\/forms\/d\/e\/1FAIpQLScmkpjlcIKwHrgniBZ70GWOBqkRpOZaTbW5F4zF13PC5fXtFg\/viewform\"><i class=\"jet-popup-action-button__icon fa fa-ticket\"><\/i><span class=\"jet-popup-action-button__text\">Registracija<\/span>\t\t\t<\/a>\n\t\t<\/div>\t\t<\/div>\n\t\t\t\t<\/div>\n\t\t\t\t\t<\/div>\n\t\t<\/div>\n\t\t\t\t\t\t\t<\/div>\n\t\t<\/section>\n\t\t\t\t<section class=\"elementor-section elementor-top-section elementor-element elementor-element-03a0023 elementor-section-boxed elementor-section-height-default elementor-section-height-default\" data-id=\"03a0023\" data-element_type=\"section\">\n\t\t\t\t\t\t<div class=\"elementor-container elementor-column-gap-default\">\n\t\t\t\t\t<div class=\"elementor-column elementor-col-50 elementor-top-column elementor-element elementor-element-cc89209\" data-id=\"cc89209\" data-element_type=\"column\">\n\t\t\t<div class=\"elementor-widget-wrap elementor-element-populated\">\n\t\t\t\t\t\t\t\t<div class=\"elementor-element elementor-element-c679add elementor-widget elementor-widget-image\" data-id=\"c679add\" data-element_type=\"widget\" data-widget_type=\"image.default\">\n\t\t\t\t<div class=\"elementor-widget-container\">\n\t\t\t\t\t\t\t\t\t\t\t\t\t\t\t<img loading=\"lazy\" decoding=\"async\" width=\"1024\" height=\"683\" src=\"https:\/\/iseitiestaskas.lt\/wp-content\/uploads\/2025\/07\/Untitled-design-62-1024x683.png\" class=\"attachment-large size-large\" alt=\"Orestas Razumas\" srcset=\"https:\/\/iseitiestaskas.lt\/wp-content\/uploads\/2025\/07\/Untitled-design-62-1024x683.png 1024w, https:\/\/iseitiestaskas.lt\/wp-content\/uploads\/2025\/07\/Untitled-design-62-300x200.png 300w, https:\/\/iseitiestaskas.lt\/wp-content\/uploads\/2025\/07\/Untitled-design-62-768x512.png 768w, https:\/\/iseitiestaskas.lt\/wp-content\/uploads\/2025\/07\/Untitled-design-62-391x260.png 391w, https:\/\/iseitiestaskas.lt\/wp-content\/uploads\/2025\/07\/Untitled-design-62-1536x1024.png 1536w, https:\/\/iseitiestaskas.lt\/wp-content\/uploads\/2025\/07\/Untitled-design-62-18x12.png 18w, https:\/\/iseitiestaskas.lt\/wp-content\/uploads\/2025\/07\/Untitled-design-62-600x400.png 600w, https:\/\/iseitiestaskas.lt\/wp-content\/uploads\/2025\/07\/Untitled-design-62.png 2048w\" sizes=\"(max-width: 1024px) 100vw, 1024px\" \/>\t\t\t\t\t\t\t\t\t\t\t\t\t\t\t<\/div>\n\t\t\t\t<\/div>\n\t\t\t\t<div class=\"elementor-element elementor-element-ada3cbd elementor-widget elementor-widget-text-editor\" data-id=\"ada3cbd\" data-element_type=\"widget\" data-widget_type=\"text-editor.default\">\n\t\t\t\t<div class=\"elementor-widget-container\">\n\t\t\t\t\t\t\t\t<p>Foto. asm. archyvas<\/p>\t\t\t\t\t\t<\/div>\n\t\t\t\t<\/div>\n\t\t\t\t\t<\/div>\n\t\t<\/div>\n\t\t\t\t<div class=\"elementor-column elementor-col-50 elementor-top-column elementor-element elementor-element-ba48a5e\" data-id=\"ba48a5e\" data-element_type=\"column\">\n\t\t\t<div class=\"elementor-widget-wrap elementor-element-populated\">\n\t\t\t\t\t\t\t\t<div class=\"elementor-element elementor-element-cf74dbe elementor-widget elementor-widget-text-editor\" data-id=\"cf74dbe\" data-element_type=\"widget\" data-widget_type=\"text-editor.default\">\n\t\t\t\t<div class=\"elementor-widget-container\">\n\t\t\t\t\t\t\t\t<h5><b>MONSTERA I Orestas Razumas<\/b><\/h5>\n<p>Eskizas apie ekologin\u0117s kriz\u0117s sukr\u0117st\u0105 ateit\u012f, patiriam\u0105 i\u0161 reliatyvaus lietuvi\u0161ko komforto prizm\u0117s \u2013 apokalips\u0119 \u201eka\u017ekur kitur&#8221;, kurios nesugebi nei i\u0161vengti, nei sulaukti. Spektaklio centre \u2013 jaunos praktikant\u0117s, patyrusios mi\u0161kinink\u0117s ir trij\u0173 monsteros augal\u0173 susitikimas realyb\u0117je, kuri\u0105 ar\u0161iai ardo antropogenin\u0117 klimato kaita.<\/p>\n<p>Bevilti\u0161kumo akivaizdoje veik\u0117jos tegali laukti, steb\u0117ti, ignoruoti, kalb\u0117ti, kurti prarasto normalumo fantazijas ir berg\u017ed\u017eiai bandyti prisitaikyti prie apsivertusi\u0173 galios dinamik\u0173. Tai l\u0117tas, procesinis smurtas, s\u0105mon\u0117je pama\u017eu virstantis \u012f krauj\u0105 stingdant\u012f siaub\u0105: pasaulio, kur\u012f pa\u017einojome, jau neb\u0117ra.<\/p>\n<p><strong>D\u0117mesio: pasirodymo metu naudojama cigaret\u0117.<\/strong><\/p>\n<p><strong>K\u016brybin\u0117 komanda:<\/strong><\/p>\n<ul>\n<li>Re\u017eisierius, dramaturgas &#8211; Orestas Razumas<\/li>\n<li>Prodiuser\u0117, dramaturg\u0117, id\u0117jos autor\u0117 &#8211; Marta Stankevi\u010di\u016bt\u0117\u00a0<\/li>\n<li>Kompozitorius &#8211; Nikita Kiri\u016bchinas\u00a0<\/li>\n<li>Scenograf\u0117 &#8211; Kotryna Klara Rupainyt\u0117<\/li>\n<li>Praktikant\u0117s vaidmuo &#8211; Akvil\u0117 Andr\u0117ja Dubinskait\u0117\u00a0<\/li>\n<li>Mi\u0161kinink\u0117s vaidmuo &#8211; J\u016brat\u0117 \u0160irvyt\u0117<\/li>\n<\/ul>\n<p>D\u0117kojame kepykl\u0117lei <strong>Bundu <\/strong>bei <strong>Kauno Tado Ivanausko zoologijos<\/strong> muziejui u\u017e paskolintas monsteras, kurias \u017ei\u016brovai mat\u0117 eskize. Taip pat d\u0117kojame <strong>Kauno Meninink\u0173 namams<\/strong>, u\u017e neatlygintinai suteiktas repeticij\u0173 erdves.<\/p>\t\t\t\t\t\t<\/div>\n\t\t\t\t<\/div>\n\t\t\t\t<div class=\"elementor-element elementor-element-e80e3f4 elementor-widget elementor-widget-jet-popup-action-button\" data-id=\"e80e3f4\" data-element_type=\"widget\" data-widget_type=\"jet-popup-action-button.default\">\n\t\t\t\t<div class=\"elementor-widget-container\">\n\t\t\t\t\t<div class=\"jet-popup-action-button\">\n\t\t\t<a class=\"jet-popup-action-button__instance jet-popup-action-button--icon-after\" data-settings=\"{&quot;action-type&quot;:&quot;link&quot;}\" href=\"https:\/\/docs.google.com\/forms\/d\/e\/1FAIpQLSdLKlfSMZ3rcT7wO6Yh0_zYum-XwdVnwngtNZi0ZtFmR8wqDw\/viewform\"><i class=\"jet-popup-action-button__icon fa fa-ticket\"><\/i><span class=\"jet-popup-action-button__text\">Viet\u0173 neb\u0117ra<\/span>\t\t\t<\/a>\n\t\t<\/div>\t\t<\/div>\n\t\t\t\t<\/div>\n\t\t\t\t\t<\/div>\n\t\t<\/div>\n\t\t\t\t\t\t\t<\/div>\n\t\t<\/section>\n\t\t\t\t\t\t<\/div>\n\t\t\t\t\t<\/div>","protected":false},"excerpt":{"rendered":"<p>ESKIZ\u0172 KONKURSAS Rugs\u0117jo 24 d. 18:30 ir 19:00 (ketvirtadienis)\u0160ITAS VAIKAS I re\u017e. Aivaras MiciusMONSTERA I re\u017e. Orestas Razumas Kauno miesto kamerinis teatras Renginiai nemokami, b\u016btina registracija Foto. aut. Dovil\u0117 Martinaityt\u0117 \u0160ITAS VAIKAS I Aivaras Micius Eskizas pagal J. Pommerato pjes\u0117s motyvus. Jauni \u017emon\u0117s turi vis daugiau laisv\u0117s rinktis nestandartinius gyvenimo scenarijus, o socialiniai vaidmenys vis [&hellip;]<\/p>","protected":false},"author":1,"featured_media":0,"parent":0,"menu_order":0,"comment_status":"closed","ping_status":"closed","template":"","meta":{"om_disable_all_campaigns":false,"_monsterinsights_skip_tracking":false,"_monsterinsights_sitenote_active":false,"_monsterinsights_sitenote_note":"","_monsterinsights_sitenote_category":0,"footnotes":""},"aioseo_notices":[],"_links":{"self":[{"href":"https:\/\/iseitiestaskas.lt\/en\/wp-json\/wp\/v2\/pages\/5762"}],"collection":[{"href":"https:\/\/iseitiestaskas.lt\/en\/wp-json\/wp\/v2\/pages"}],"about":[{"href":"https:\/\/iseitiestaskas.lt\/en\/wp-json\/wp\/v2\/types\/page"}],"author":[{"embeddable":true,"href":"https:\/\/iseitiestaskas.lt\/en\/wp-json\/wp\/v2\/users\/1"}],"replies":[{"embeddable":true,"href":"https:\/\/iseitiestaskas.lt\/en\/wp-json\/wp\/v2\/comments?post=5762"}],"version-history":[{"count":68,"href":"https:\/\/iseitiestaskas.lt\/en\/wp-json\/wp\/v2\/pages\/5762\/revisions"}],"predecessor-version":[{"id":6748,"href":"https:\/\/iseitiestaskas.lt\/en\/wp-json\/wp\/v2\/pages\/5762\/revisions\/6748"}],"wp:attachment":[{"href":"https:\/\/iseitiestaskas.lt\/en\/wp-json\/wp\/v2\/media?parent=5762"}],"curies":[{"name":"wp","href":"https:\/\/api.w.org\/{rel}","templated":true}]}}