{"id":5767,"date":"2025-07-21T13:37:55","date_gmt":"2025-07-21T13:37:55","guid":{"rendered":"https:\/\/iseitiestaskas.lt\/?page_id=5767"},"modified":"2025-09-26T11:26:36","modified_gmt":"2025-09-26T11:26:36","slug":"essay-on-light","status":"publish","type":"page","link":"https:\/\/iseitiestaskas.lt\/en\/essay-on-light\/","title":{"rendered":"ESSAY ON LIGHT"},"content":{"rendered":"<div data-elementor-type=\"wp-page\" data-elementor-id=\"5767\" class=\"elementor elementor-5767\" data-elementor-settings=\"[]\">\n\t\t\t\t\t\t\t<div class=\"elementor-section-wrap\">\n\t\t\t\t\t\t\t<section class=\"elementor-section elementor-top-section elementor-element elementor-element-1002120 elementor-section-boxed elementor-section-height-default elementor-section-height-default\" data-id=\"1002120\" data-element_type=\"section\">\n\t\t\t\t\t\t<div class=\"elementor-container elementor-column-gap-default\">\n\t\t\t\t\t<div class=\"elementor-column elementor-col-100 elementor-top-column elementor-element elementor-element-87239d7\" data-id=\"87239d7\" data-element_type=\"column\">\n\t\t\t<div class=\"elementor-widget-wrap elementor-element-populated\">\n\t\t\t\t\t\t\t\t<div class=\"elementor-element elementor-element-e0974ae elementor-widget elementor-widget-heading\" data-id=\"e0974ae\" data-element_type=\"widget\" data-widget_type=\"heading.default\">\n\t\t\t\t<div class=\"elementor-widget-container\">\n\t\t\t<h2 class=\"elementor-heading-title elementor-size-default\">ESSAY ON LIGHT <\/h2>\t\t<\/div>\n\t\t\t\t<\/div>\n\t\t\t\t\t<\/div>\n\t\t<\/div>\n\t\t\t\t\t\t\t<\/div>\n\t\t<\/section>\n\t\t\t\t<section class=\"elementor-section elementor-top-section elementor-element elementor-element-537a7d6 elementor-section-boxed elementor-section-height-default elementor-section-height-default\" data-id=\"537a7d6\" data-element_type=\"section\">\n\t\t\t\t\t\t<div class=\"elementor-container elementor-column-gap-default\">\n\t\t\t\t\t<div class=\"elementor-column elementor-col-50 elementor-top-column elementor-element elementor-element-91fb314\" data-id=\"91fb314\" data-element_type=\"column\">\n\t\t\t<div class=\"elementor-widget-wrap elementor-element-populated\">\n\t\t\t\t\t\t\t\t<div class=\"elementor-element elementor-element-6998b780 elementor-widget elementor-widget-text-editor\" data-id=\"6998b780\" data-element_type=\"widget\" data-widget_type=\"text-editor.default\">\n\t\t\t\t<div class=\"elementor-widget-container\">\n\t\t\t\t\t\t\t\t<!-- wp:paragraph -->\n<h5><strong>Rugs\u0117jo 26 d. 18:00 I 20:00 (penktadienis)<\/strong><br \/><strong>Trukm\u0117: 45 min.<\/strong><br \/><strong>Musa\u0161i Entertainment Company (\u010cekija) I N-10<br \/><\/strong>Kaunas City Chamber Theatre, Small Hall<\/h5>\n<p><a href=\"https:\/\/bilietai.kamerinisteatras.lt\/kasa\/vieta\/9f633d49-f8c6-46ff-85e2-7bc15d50c30d\"><mark class=\"has-inline-color\" style=\"background-color: #f78da7;\"><span style=\"font-weight: 400;\">Bilieto kaina pasirinktinai 4, 8 arba 12 Eur<\/span><\/mark><\/a><\/p>\n<p><strong>Spektaklis vyks \u010dek\u0173 k. su angli\u0161kais titrais.<\/strong><\/p>\n<!-- \/wp:paragraph --><!-- wp:paragraph -->\n<p dir=\"ltr\">\u010cek\u0173 trup\u0117s \u201eMusa\u0161i Entertainment Company\u201c pristatoma \u201eEssay on Light\u201c (liet. \u201eEs\u0117 apie \u0161vies\u0105\u201c)\u00a0\u2013 \u0161maik\u0161ti audiovizualin\u0117 es\u0117 su objekt\u0173 teatro elementais, kurioje ap\u0161vietimas veikia kaip persona\u017eas. Kaip \u0161viesa formuoja k\u016brini\u0173 atmosfer\u0105, dramati\u0161kum\u0105, i\u0161ry\u0161kina skirtingus \u017eanrus? Nuo pirmyk\u0161t\u0117s ugnies iki optini\u0173 kabeli\u0173 \u2013 \u0161viesa yra m\u016bs\u0173 istorijos, technologij\u0173 ir k\u016brybos \u0161erdis.<\/p>\n<!-- \/wp:paragraph --><!-- wp:paragraph -->\n<p>Pasirodymo metu siekiama atrasti galimybes, kaip atvirai m\u0105styti apie teatr\u0105 per teatro priemones, ne tik konceptualiai ir metafori\u0161kai. Siekdama \u0161io tikslo, spektaklio k\u016brybin\u0117 komanda s\u0117m\u0117si \u012fkv\u0117pimo i\u0161 kino pasaulio, konkre\u010diai \u2013 i\u0161 audiovizualin\u0117s es\u0117 \u017eanro, kuris d\u0117l medijos galimybi\u0173 panaudojimo yra tikslesnis ir \u012fdomesnis.<\/p>\n<!-- \/wp:paragraph --><!-- wp:paragraph -->\n<p><em>D\u0117mesio: spektaklio metu naudojamos spalvotos, greitai mirksin\u010dios \u0161viesos.<\/em><\/p>\n<!-- \/wp:paragraph --><!-- wp:paragraph -->\n<p><strong>K\u016brybin\u0117 komanda:<\/strong> Adam P\u00e1n\u00edk, Tereza Havlov\u00e1, Mat\u011bj \u0160umbera, Veronika Traburov\u00e1, Franti\u0161ka Jesensk\u00e1<\/p>\n<p><strong>Projekt\u0105 finansi\u0161kai remia:<\/strong> \u010cekijos Respublikos kult\u016bros ministerija, 7-asis Prahos miesto rajonas ir Motus z. s. \u2013 Alfred ve dvo\u0159e teatras<\/p>\n<p>Spektaklis pristatomas \u201eEchoes of Mal\u00e1 inventura\u201c, remiant \u201eNov\u00e1 s\u00ed\u0165 z.s.\u201c.<\/p>\n<!-- \/wp:gallery -->\t\t\t\t\t\t<\/div>\n\t\t\t\t<\/div>\n\t\t\t\t<div class=\"elementor-element elementor-element-a7f28cf elementor-widget elementor-widget-jet-popup-action-button\" data-id=\"a7f28cf\" data-element_type=\"widget\" data-widget_type=\"jet-popup-action-button.default\">\n\t\t\t\t<div class=\"elementor-widget-container\">\n\t\t\t\t\t<div class=\"jet-popup-action-button\">\n\t\t\t<a class=\"jet-popup-action-button__instance jet-popup-action-button--icon-after\" data-settings=\"{&quot;action-type&quot;:&quot;link&quot;}\" href=\"https:\/\/bilietai.kamerinisteatras.lt\/kasa\/vieta\/9f633d3a-8595-4ab3-8b9a-7c8912552f14\"><i class=\"jet-popup-action-button__icon fa fa-ticket\"><\/i><span class=\"jet-popup-action-button__text\">Bilietai \u012f 18 val. pasirodym\u0105<\/span>\t\t\t<\/a>\n\t\t<\/div>\t\t<\/div>\n\t\t\t\t<\/div>\n\t\t\t\t<div class=\"elementor-element elementor-element-f431c5c elementor-widget elementor-widget-jet-popup-action-button\" data-id=\"f431c5c\" data-element_type=\"widget\" data-widget_type=\"jet-popup-action-button.default\">\n\t\t\t\t<div class=\"elementor-widget-container\">\n\t\t\t\t\t<div class=\"jet-popup-action-button\">\n\t\t\t<a class=\"jet-popup-action-button__instance jet-popup-action-button--icon-after\" data-settings=\"{&quot;action-type&quot;:&quot;link&quot;}\" href=\"https:\/\/bilietai.kamerinisteatras.lt\/kasa\/vieta\/9f633d49-f8c6-46ff-85e2-7bc15d50c30d\"><i class=\"jet-popup-action-button__icon fa fa-ticket\"><\/i><span class=\"jet-popup-action-button__text\">Bilietai \u012f 20 val. pasirodym\u0105<\/span>\t\t\t<\/a>\n\t\t<\/div>\t\t<\/div>\n\t\t\t\t<\/div>\n\t\t\t\t\t<\/div>\n\t\t<\/div>\n\t\t\t\t<div class=\"elementor-column elementor-col-50 elementor-top-column elementor-element elementor-element-ad6c74b\" data-id=\"ad6c74b\" data-element_type=\"column\">\n\t\t\t<div class=\"elementor-widget-wrap elementor-element-populated\">\n\t\t\t\t\t\t\t\t<div class=\"elementor-element elementor-element-6fa98d6 elementor-widget elementor-widget-image\" data-id=\"6fa98d6\" data-element_type=\"widget\" data-widget_type=\"image.default\">\n\t\t\t\t<div class=\"elementor-widget-container\">\n\t\t\t\t\t\t\t\t\t\t\t\t\t\t\t<img loading=\"lazy\" decoding=\"async\" width=\"1024\" height=\"683\" src=\"https:\/\/iseitiestaskas.lt\/wp-content\/uploads\/2025\/07\/MEC_Esej-o-svetle_Loutex_Anezka-Pithartova_2-1-1024x683.jpg\" class=\"attachment-large size-large\" alt=\"\" srcset=\"https:\/\/iseitiestaskas.lt\/wp-content\/uploads\/2025\/07\/MEC_Esej-o-svetle_Loutex_Anezka-Pithartova_2-1-1024x683.jpg 1024w, https:\/\/iseitiestaskas.lt\/wp-content\/uploads\/2025\/07\/MEC_Esej-o-svetle_Loutex_Anezka-Pithartova_2-1-300x200.jpg 300w, https:\/\/iseitiestaskas.lt\/wp-content\/uploads\/2025\/07\/MEC_Esej-o-svetle_Loutex_Anezka-Pithartova_2-1-768x512.jpg 768w, https:\/\/iseitiestaskas.lt\/wp-content\/uploads\/2025\/07\/MEC_Esej-o-svetle_Loutex_Anezka-Pithartova_2-1-391x260.jpg 391w, https:\/\/iseitiestaskas.lt\/wp-content\/uploads\/2025\/07\/MEC_Esej-o-svetle_Loutex_Anezka-Pithartova_2-1-1536x1024.jpg 1536w, https:\/\/iseitiestaskas.lt\/wp-content\/uploads\/2025\/07\/MEC_Esej-o-svetle_Loutex_Anezka-Pithartova_2-1-2048x1365.jpg 2048w, https:\/\/iseitiestaskas.lt\/wp-content\/uploads\/2025\/07\/MEC_Esej-o-svetle_Loutex_Anezka-Pithartova_2-1-18x12.jpg 18w, https:\/\/iseitiestaskas.lt\/wp-content\/uploads\/2025\/07\/MEC_Esej-o-svetle_Loutex_Anezka-Pithartova_2-1-600x400.jpg 600w\" sizes=\"(max-width: 1024px) 100vw, 1024px\" \/>\t\t\t\t\t\t\t\t\t\t\t\t\t\t\t<\/div>\n\t\t\t\t<\/div>\n\t\t\t\t<div class=\"elementor-element elementor-element-5f42030 elementor-widget elementor-widget-image\" data-id=\"5f42030\" data-element_type=\"widget\" data-widget_type=\"image.default\">\n\t\t\t\t<div class=\"elementor-widget-container\">\n\t\t\t\t\t\t\t\t\t\t\t\t\t\t\t<img loading=\"lazy\" decoding=\"async\" width=\"1024\" height=\"683\" src=\"https:\/\/iseitiestaskas.lt\/wp-content\/uploads\/2025\/09\/musasi-esej-o-svetle-foto-anezka-pithartova-6-_1024x0_4.jpg\" class=\"attachment-large size-large\" alt=\"\" srcset=\"https:\/\/iseitiestaskas.lt\/wp-content\/uploads\/2025\/09\/musasi-esej-o-svetle-foto-anezka-pithartova-6-_1024x0_4.jpg 1024w, https:\/\/iseitiestaskas.lt\/wp-content\/uploads\/2025\/09\/musasi-esej-o-svetle-foto-anezka-pithartova-6-_1024x0_4-300x200.jpg 300w, https:\/\/iseitiestaskas.lt\/wp-content\/uploads\/2025\/09\/musasi-esej-o-svetle-foto-anezka-pithartova-6-_1024x0_4-768x512.jpg 768w, https:\/\/iseitiestaskas.lt\/wp-content\/uploads\/2025\/09\/musasi-esej-o-svetle-foto-anezka-pithartova-6-_1024x0_4-391x260.jpg 391w, https:\/\/iseitiestaskas.lt\/wp-content\/uploads\/2025\/09\/musasi-esej-o-svetle-foto-anezka-pithartova-6-_1024x0_4-18x12.jpg 18w, https:\/\/iseitiestaskas.lt\/wp-content\/uploads\/2025\/09\/musasi-esej-o-svetle-foto-anezka-pithartova-6-_1024x0_4-600x400.jpg 600w\" sizes=\"(max-width: 1024px) 100vw, 1024px\" \/>\t\t\t\t\t\t\t\t\t\t\t\t\t\t\t<\/div>\n\t\t\t\t<\/div>\n\t\t\t\t<div class=\"elementor-element elementor-element-d2abaa6 elementor-widget elementor-widget-text-editor\" data-id=\"d2abaa6\" data-element_type=\"widget\" data-widget_type=\"text-editor.default\">\n\t\t\t\t<div class=\"elementor-widget-container\">\n\t\t\t\t\t\t\t\t<p>Foto aut. Tereza Havlov\u00e1, Ane\u017eka Pithartov\u00e1<\/p>\t\t\t\t\t\t<\/div>\n\t\t\t\t<\/div>\n\t\t\t\t\t<\/div>\n\t\t<\/div>\n\t\t\t\t\t\t\t<\/div>\n\t\t<\/section>\n\t\t\t\t<section class=\"elementor-section elementor-top-section elementor-element elementor-element-206309d elementor-section-boxed elementor-section-height-default elementor-section-height-default\" data-id=\"206309d\" data-element_type=\"section\">\n\t\t\t\t\t\t<div class=\"elementor-container elementor-column-gap-default\">\n\t\t\t\t\t<div class=\"elementor-column elementor-col-50 elementor-top-column elementor-element elementor-element-329c3ef\" data-id=\"329c3ef\" data-element_type=\"column\">\n\t\t\t<div class=\"elementor-widget-wrap elementor-element-populated\">\n\t\t\t\t\t\t\t\t<div class=\"elementor-element elementor-element-53dac08 elementor-widget elementor-widget-text-editor\" data-id=\"53dac08\" data-element_type=\"widget\" data-widget_type=\"text-editor.default\">\n\t\t\t\t<div class=\"elementor-widget-container\">\n\t\t\t\t\t\t\t\t<!-- wp:paragraph -->\n<h5><strong>September 26\u00a0 18:00 I 20:00 (Friday)<\/strong><br \/><strong>Duration: 45 min.<\/strong><br \/><strong>Musa\u0161i Entertainment Company (\u010cekija) I N-10<br \/><\/strong>Kaunas City Chamber Theatre, Small hall<\/h5>\n<p><a href=\"https:\/\/bilietai.kamerinisteatras.lt\/kasa\/vieta\/9f633d49-f8c6-46ff-85e2-7bc15d50c30d\"><mark class=\"has-inline-color\" style=\"background-color: #f78da7;\">Ticket price: 4, 8 or 12 Eur<\/mark><\/a><\/p>\n<p><strong>Language: Czech with English surtitles<\/strong><\/p>\n<!-- \/wp:paragraph --><!-- wp:paragraph -->\n<p><span style=\"font-weight: 400;\">\u201cEssay on Light\u201c <\/span><span style=\"font-weight: 400;\">is an experimental puppet production based on an interest in theatre technology and the belief that it is important to share our thoughts on creation and artistic form through the form itself, thus bringing the possibilities of contemporary theatre closer to audiences. In the mosaic of audiovisual essay, we will enter worlds where light plays an important role, whether it is the control of fire by primitive man or the transmission of the internet via optical cables.<\/span><\/p>\n<p><span style=\"font-weight: 400;\">\u201cEssay on Light\u201c <\/span><span style=\"font-weight: 400;\">aims to discover the possibilities of how to openly think about theatre through theatre itself and its own means, not only conceptually and metaphorically. In this goal we draw inspiration from the world of film, specifically from the genre of audiovisual essay, which, thanks to the use of the possibilities of the medium, is more precise and entertaining.<\/span><\/p>\n<p><span style=\"font-weight: 400;\">Warning: colored and rapidly flashing lights are used during the performance.<\/span><\/p>\n<p><b>Creative team:<\/b><span style=\"font-weight: 400;\"> Adam P\u00e1n\u00edk, Tereza Havlov\u00e1, Mat\u011bj \u0160umbera, Veronika Traburov\u00e1, Franti\u0161ka Jesensk\u00e1<\/span><\/p>\n<p><b>Supported by:<\/b><span style=\"font-weight: 400;\"> Ministry of Culture of the Czech Republic, 7th District of Prague and Motus z.s. &#8211; Alfred ve dvo\u0159e Theatre<\/span><\/p>\n<div class=\"x14z9mp xat24cr x1lziwak x1vvkbs xtlvy1s\">The performance is presented within the format of Echoes of Mal\u00e1 inventura, with the support of Nov\u00e1 s\u00ed\u0165 z.s.<\/div>\n<!-- \/wp:paragraph --><!-- wp:paragraph -->\n<p><em>Please note: colored, rapidly flashing lights are used during the performance.<\/em><\/p>\n<!-- \/wp:paragraph --><!-- wp:paragraph --><!-- \/wp:gallery -->\t\t\t\t\t\t<\/div>\n\t\t\t\t<\/div>\n\t\t\t\t\t<\/div>\n\t\t<\/div>\n\t\t\t\t<div class=\"elementor-column elementor-col-50 elementor-top-column elementor-element elementor-element-8081950\" data-id=\"8081950\" data-element_type=\"column\">\n\t\t\t<div class=\"elementor-widget-wrap elementor-element-populated\">\n\t\t\t\t\t\t\t\t<div class=\"elementor-element elementor-element-decdab1 elementor-widget elementor-widget-image\" data-id=\"decdab1\" data-element_type=\"widget\" data-widget_type=\"image.default\">\n\t\t\t\t<div class=\"elementor-widget-container\">\n\t\t\t\t\t\t\t\t\t\t\t\t\t\t\t<img loading=\"lazy\" decoding=\"async\" width=\"1024\" height=\"683\" src=\"https:\/\/iseitiestaskas.lt\/wp-content\/uploads\/2025\/09\/musasi-esej-o-svetle-foto-anezka-pithartova-1-_1024x0_4.jpg\" class=\"attachment-large size-large\" alt=\"\" srcset=\"https:\/\/iseitiestaskas.lt\/wp-content\/uploads\/2025\/09\/musasi-esej-o-svetle-foto-anezka-pithartova-1-_1024x0_4.jpg 1024w, https:\/\/iseitiestaskas.lt\/wp-content\/uploads\/2025\/09\/musasi-esej-o-svetle-foto-anezka-pithartova-1-_1024x0_4-300x200.jpg 300w, https:\/\/iseitiestaskas.lt\/wp-content\/uploads\/2025\/09\/musasi-esej-o-svetle-foto-anezka-pithartova-1-_1024x0_4-768x512.jpg 768w, https:\/\/iseitiestaskas.lt\/wp-content\/uploads\/2025\/09\/musasi-esej-o-svetle-foto-anezka-pithartova-1-_1024x0_4-391x260.jpg 391w, https:\/\/iseitiestaskas.lt\/wp-content\/uploads\/2025\/09\/musasi-esej-o-svetle-foto-anezka-pithartova-1-_1024x0_4-18x12.jpg 18w, https:\/\/iseitiestaskas.lt\/wp-content\/uploads\/2025\/09\/musasi-esej-o-svetle-foto-anezka-pithartova-1-_1024x0_4-600x400.jpg 600w\" sizes=\"(max-width: 1024px) 100vw, 1024px\" \/>\t\t\t\t\t\t\t\t\t\t\t\t\t\t\t<\/div>\n\t\t\t\t<\/div>\n\t\t\t\t<div class=\"elementor-element elementor-element-50a8414 elementor-widget elementor-widget-image\" data-id=\"50a8414\" data-element_type=\"widget\" data-widget_type=\"image.default\">\n\t\t\t\t<div class=\"elementor-widget-container\">\n\t\t\t\t\t\t\t\t\t\t\t\t\t\t\t<img loading=\"lazy\" decoding=\"async\" width=\"1024\" height=\"768\" src=\"https:\/\/iseitiestaskas.lt\/wp-content\/uploads\/2025\/07\/MEC_Esej-o-svetle_Tereza-Havlova-1-1024x768.jpg\" class=\"attachment-large size-large\" alt=\"\" srcset=\"https:\/\/iseitiestaskas.lt\/wp-content\/uploads\/2025\/07\/MEC_Esej-o-svetle_Tereza-Havlova-1-1024x768.jpg 1024w, https:\/\/iseitiestaskas.lt\/wp-content\/uploads\/2025\/07\/MEC_Esej-o-svetle_Tereza-Havlova-1-300x225.jpg 300w, https:\/\/iseitiestaskas.lt\/wp-content\/uploads\/2025\/07\/MEC_Esej-o-svetle_Tereza-Havlova-1-768x576.jpg 768w, https:\/\/iseitiestaskas.lt\/wp-content\/uploads\/2025\/07\/MEC_Esej-o-svetle_Tereza-Havlova-1-1536x1152.jpg 1536w, https:\/\/iseitiestaskas.lt\/wp-content\/uploads\/2025\/07\/MEC_Esej-o-svetle_Tereza-Havlova-1-2048x1536.jpg 2048w, https:\/\/iseitiestaskas.lt\/wp-content\/uploads\/2025\/07\/MEC_Esej-o-svetle_Tereza-Havlova-1-16x12.jpg 16w, https:\/\/iseitiestaskas.lt\/wp-content\/uploads\/2025\/07\/MEC_Esej-o-svetle_Tereza-Havlova-1-600x450.jpg 600w\" sizes=\"(max-width: 1024px) 100vw, 1024px\" \/>\t\t\t\t\t\t\t\t\t\t\t\t\t\t\t<\/div>\n\t\t\t\t<\/div>\n\t\t\t\t<div class=\"elementor-element elementor-element-84e7274 elementor-widget elementor-widget-text-editor\" data-id=\"84e7274\" data-element_type=\"widget\" data-widget_type=\"text-editor.default\">\n\t\t\t\t<div class=\"elementor-widget-container\">\n\t\t\t\t\t\t\t\t<p>Foto aut. Tereza Havlov\u00e1, Ane\u017eka Pithartov\u00e1<\/p>\t\t\t\t\t\t<\/div>\n\t\t\t\t<\/div>\n\t\t\t\t<div class=\"elementor-element elementor-element-4386f12 elementor-widget elementor-widget-jet-popup-action-button\" data-id=\"4386f12\" data-element_type=\"widget\" data-widget_type=\"jet-popup-action-button.default\">\n\t\t\t\t<div class=\"elementor-widget-container\">\n\t\t\t\t\t<div class=\"jet-popup-action-button\">\n\t\t\t<a class=\"jet-popup-action-button__instance jet-popup-action-button--icon-after\" data-settings=\"{&quot;action-type&quot;:&quot;link&quot;}\" href=\"https:\/\/bilietai.kamerinisteatras.lt\/kasa\/vieta\/9f633d3a-8595-4ab3-8b9a-7c8912552f14\"><i class=\"jet-popup-action-button__icon fa fa-ticket\"><\/i><span class=\"jet-popup-action-button__text\">Tickets to show at 18:00<\/span>\t\t\t<\/a>\n\t\t<\/div>\t\t<\/div>\n\t\t\t\t<\/div>\n\t\t\t\t<div class=\"elementor-element elementor-element-561b086 elementor-widget elementor-widget-jet-popup-action-button\" data-id=\"561b086\" data-element_type=\"widget\" data-widget_type=\"jet-popup-action-button.default\">\n\t\t\t\t<div class=\"elementor-widget-container\">\n\t\t\t\t\t<div class=\"jet-popup-action-button\">\n\t\t\t<a class=\"jet-popup-action-button__instance jet-popup-action-button--icon-after\" data-settings=\"{&quot;action-type&quot;:&quot;link&quot;}\" href=\"https:\/\/bilietai.kamerinisteatras.lt\/kasa\/vieta\/9f633d49-f8c6-46ff-85e2-7bc15d50c30d\"><i class=\"jet-popup-action-button__icon fa fa-ticket\"><\/i><span class=\"jet-popup-action-button__text\">Tickets to show at 20:00<\/span>\t\t\t<\/a>\n\t\t<\/div>\t\t<\/div>\n\t\t\t\t<\/div>\n\t\t\t\t\t<\/div>\n\t\t<\/div>\n\t\t\t\t\t\t\t<\/div>\n\t\t<\/section>\n\t\t\t\t\t\t<\/div>\n\t\t\t\t\t<\/div>","protected":false},"excerpt":{"rendered":"<p>ESSAY ON LIGHT Rugs\u0117jo 26 d. 18:00 I 20:00 (penktadienis)Trukm\u0117: 45 min.Musa\u0161i Entertainment Company (\u010cekija) I N-10Kauno miesto kamerinis teatras, Ma\u017eoji sal\u0117 Bilieto kaina pasirinktinai 4, 8 arba 12 Eur Spektaklis vyks \u010dek\u0173 k. su angli\u0161kais titrais. \u010cek\u0173 trup\u0117s \u201eMusa\u0161i Entertainment Company\u201c pristatoma \u201eEssay on Light\u201c (liet. \u201eEs\u0117 apie \u0161vies\u0105\u201c)\u00a0\u2013 \u0161maik\u0161ti audiovizualin\u0117 es\u0117 su objekt\u0173 [&hellip;]<\/p>","protected":false},"author":1,"featured_media":0,"parent":0,"menu_order":0,"comment_status":"closed","ping_status":"closed","template":"","meta":{"om_disable_all_campaigns":false,"_monsterinsights_skip_tracking":false,"_monsterinsights_sitenote_active":false,"_monsterinsights_sitenote_note":"","_monsterinsights_sitenote_category":0,"footnotes":""},"aioseo_notices":[],"_links":{"self":[{"href":"https:\/\/iseitiestaskas.lt\/en\/wp-json\/wp\/v2\/pages\/5767"}],"collection":[{"href":"https:\/\/iseitiestaskas.lt\/en\/wp-json\/wp\/v2\/pages"}],"about":[{"href":"https:\/\/iseitiestaskas.lt\/en\/wp-json\/wp\/v2\/types\/page"}],"author":[{"embeddable":true,"href":"https:\/\/iseitiestaskas.lt\/en\/wp-json\/wp\/v2\/users\/1"}],"replies":[{"embeddable":true,"href":"https:\/\/iseitiestaskas.lt\/en\/wp-json\/wp\/v2\/comments?post=5767"}],"version-history":[{"count":47,"href":"https:\/\/iseitiestaskas.lt\/en\/wp-json\/wp\/v2\/pages\/5767\/revisions"}],"predecessor-version":[{"id":6752,"href":"https:\/\/iseitiestaskas.lt\/en\/wp-json\/wp\/v2\/pages\/5767\/revisions\/6752"}],"wp:attachment":[{"href":"https:\/\/iseitiestaskas.lt\/en\/wp-json\/wp\/v2\/media?parent=5767"}],"curies":[{"name":"wp","href":"https:\/\/api.w.org\/{rel}","templated":true}]}}