{"id":5772,"date":"2025-07-21T13:49:28","date_gmt":"2025-07-21T13:49:28","guid":{"rendered":"https:\/\/iseitiestaskas.lt\/?page_id=5772"},"modified":"2025-09-09T11:28:41","modified_gmt":"2025-09-09T11:28:41","slug":"komedijos-dirbtuves-su-evaldu-jasaiciu","status":"publish","type":"page","link":"https:\/\/iseitiestaskas.lt\/en\/komedijos-dirbtuves-su-evaldu-jasaiciu\/","title":{"rendered":"KOMEDIJOS DIRBTUV\u0116S su Evaldu Jasai\u010diu"},"content":{"rendered":"<div data-elementor-type=\"wp-page\" data-elementor-id=\"5772\" class=\"elementor elementor-5772\" data-elementor-settings=\"[]\">\n\t\t\t\t\t\t\t<div class=\"elementor-section-wrap\">\n\t\t\t\t\t\t\t<section class=\"elementor-section elementor-top-section elementor-element elementor-element-d27ee44 elementor-section-boxed elementor-section-height-default elementor-section-height-default\" data-id=\"d27ee44\" data-element_type=\"section\">\n\t\t\t\t\t\t<div class=\"elementor-container elementor-column-gap-default\">\n\t\t\t\t\t<div class=\"elementor-column elementor-col-100 elementor-top-column elementor-element elementor-element-a95a569\" data-id=\"a95a569\" data-element_type=\"column\">\n\t\t\t<div class=\"elementor-widget-wrap elementor-element-populated\">\n\t\t\t\t\t\t\t\t<div class=\"elementor-element elementor-element-e96d912 elementor-widget elementor-widget-heading\" data-id=\"e96d912\" data-element_type=\"widget\" data-widget_type=\"heading.default\">\n\t\t\t\t<div class=\"elementor-widget-container\">\n\t\t\t<h2 class=\"elementor-heading-title elementor-size-default\">KOMEDIJOS DIRBTUV\u0116S su Evaldu Jasai\u010diu<\/h2>\t\t<\/div>\n\t\t\t\t<\/div>\n\t\t\t\t\t<\/div>\n\t\t<\/div>\n\t\t\t\t\t\t\t<\/div>\n\t\t<\/section>\n\t\t\t\t<section class=\"elementor-section elementor-top-section elementor-element elementor-element-947c939 elementor-section-boxed elementor-section-height-default elementor-section-height-default\" data-id=\"947c939\" data-element_type=\"section\">\n\t\t\t\t\t\t<div class=\"elementor-container elementor-column-gap-default\">\n\t\t\t\t\t<div class=\"elementor-column elementor-col-50 elementor-top-column elementor-element elementor-element-11c3de6\" data-id=\"11c3de6\" data-element_type=\"column\">\n\t\t\t<div class=\"elementor-widget-wrap elementor-element-populated\">\n\t\t\t\t\t\t\t\t<div class=\"elementor-element elementor-element-33f19a14 elementor-widget elementor-widget-text-editor\" data-id=\"33f19a14\" data-element_type=\"widget\" data-widget_type=\"text-editor.default\">\n\t\t\t\t<div class=\"elementor-widget-container\">\n\t\t\t\t\t\t\t\t<!-- wp:paragraph -->\n<h5><strong>Rugs\u0117jo 27 d. 12:00 (\u0161e\u0161tadienis)<\/strong><br \/><strong>Duration: 2 h.<\/strong><br \/>Kaunas City Chamber Theatre, Small Hall<\/h5>\n<p><a href=\"https:\/\/bilietai.kamerinisteatras.lt\/kasa\/vieta\/9f5d921b-e06c-4b45-9282-7dc12d81b22f\"><mark class=\"has-inline-color\" style=\"background-color: #f78da7;\">Bilieto kaina: 12\u201315 Eur<\/mark><\/a><\/p>\n<h5><b>\u201eI\u0161 gatv\u0117s \u012f scen\u0105\u201c su stand-up komiku Evaldu Jasai\u010diu<\/b><\/h5>\n<!-- \/wp:paragraph --><!-- wp:paragraph -->\n<p>Stand-up \u017eanro \u017eavesys yra jo prieinamumas: n\u0117ra n\u0117 vieno komiko i\u0161 akademij\u0173 ar priva\u010di\u0173 mokykl\u0173, diplom\u0173 niekas nedalija ir egzamin\u0173 laikyti nereikia. Kult\u016bros institucijos gal ir nepripa\u017eins stand-up\u2019o kaip \u201etikros\u201c meno at\u0161akos, bet ignoruoti jo negali. Teatrai naudoja \u0161io \u017eanro elementus ar bent pavadinim\u0105, kad parduot\u0173 daugiau biliet\u0173, tuo metu tikrasis stand-up\u2019as atliekamas baruose \u2013 \u201eant ba\u010dkos\u201c.<\/p>\n<!-- \/wp:paragraph --><!-- wp:paragraph -->\n<p>K\u016brybini\u0173 dirbtuvi\u0173 metu neai\u0161kinsiu, kaip reik\u0117t\u0173 daryti ar ra\u0161yti stand-up komedij\u0105, nes to galima i\u0161mokti tik stovint prie\u0161 gyv\u0105 auditorij\u0105 \u2013 dreban\u010diu balsu ir \u0161lapiais delnais. Laik\u0105 praleisime bandydami suprasti, kas yra k\u016bryba, kas \u2013 komedija ir kaip pasirodymo metu gimsta ry\u0161ys tarp artist\u0173 ir publikos. Ai\u0161kinsim\u0117s, k\u0105 daryti, kai publika \u201e\u0161alta\u201c, ir kaip laim\u0117ti jos d\u0117mes\u012f. Pasikapstysime duob\u0117se, kur niekas nesijuokia, o artistui taip g\u0117da, jog nor\u0117t\u0173 tiesiog sudegti pro\u017eektori\u0173 \u0161viesoje&#8230;<\/p>\n<!-- \/wp:gallery -->\t\t\t\t\t\t<\/div>\n\t\t\t\t<\/div>\n\t\t\t\t<div class=\"elementor-element elementor-element-5cf62e9 elementor-widget elementor-widget-jet-popup-action-button\" data-id=\"5cf62e9\" data-element_type=\"widget\" data-widget_type=\"jet-popup-action-button.default\">\n\t\t\t\t<div class=\"elementor-widget-container\">\n\t\t\t\t\t<div class=\"jet-popup-action-button\">\n\t\t\t<a class=\"jet-popup-action-button__instance jet-popup-action-button--icon-after\" data-settings=\"{&quot;action-type&quot;:&quot;link&quot;}\" href=\"https:\/\/bilietai.kamerinisteatras.lt\/kasa\/vieta\/9f5d921b-e06c-4b45-9282-7dc12d81b22f\"><i class=\"jet-popup-action-button__icon fa fa-ticket\"><\/i><span class=\"jet-popup-action-button__text\">Tickets<\/span>\t\t\t<\/a>\n\t\t<\/div>\t\t<\/div>\n\t\t\t\t<\/div>\n\t\t\t\t\t<\/div>\n\t\t<\/div>\n\t\t\t\t<div class=\"elementor-column elementor-col-50 elementor-top-column elementor-element elementor-element-aad0501\" data-id=\"aad0501\" data-element_type=\"column\">\n\t\t\t<div class=\"elementor-widget-wrap elementor-element-populated\">\n\t\t\t\t\t\t\t\t<div class=\"elementor-element elementor-element-5fb1d1b elementor-widget elementor-widget-image\" data-id=\"5fb1d1b\" data-element_type=\"widget\" data-widget_type=\"image.default\">\n\t\t\t\t<div class=\"elementor-widget-container\">\n\t\t\t\t\t\t\t\t\t\t\t\t\t\t\t<img loading=\"lazy\" decoding=\"async\" width=\"1024\" height=\"683\" src=\"https:\/\/iseitiestaskas.lt\/wp-content\/uploads\/2025\/07\/Untitled-design-67-1024x683.png\" class=\"attachment-large size-large\" alt=\"\" srcset=\"https:\/\/iseitiestaskas.lt\/wp-content\/uploads\/2025\/07\/Untitled-design-67-1024x683.png 1024w, https:\/\/iseitiestaskas.lt\/wp-content\/uploads\/2025\/07\/Untitled-design-67-300x200.png 300w, https:\/\/iseitiestaskas.lt\/wp-content\/uploads\/2025\/07\/Untitled-design-67-768x512.png 768w, https:\/\/iseitiestaskas.lt\/wp-content\/uploads\/2025\/07\/Untitled-design-67-391x260.png 391w, https:\/\/iseitiestaskas.lt\/wp-content\/uploads\/2025\/07\/Untitled-design-67-1536x1024.png 1536w, https:\/\/iseitiestaskas.lt\/wp-content\/uploads\/2025\/07\/Untitled-design-67-18x12.png 18w, https:\/\/iseitiestaskas.lt\/wp-content\/uploads\/2025\/07\/Untitled-design-67-600x400.png 600w, https:\/\/iseitiestaskas.lt\/wp-content\/uploads\/2025\/07\/Untitled-design-67.png 2048w\" sizes=\"(max-width: 1024px) 100vw, 1024px\" \/>\t\t\t\t\t\t\t\t\t\t\t\t\t\t\t<\/div>\n\t\t\t\t<\/div>\n\t\t\t\t<div class=\"elementor-element elementor-element-f8a5846 elementor-widget elementor-widget-text-editor\" data-id=\"f8a5846\" data-element_type=\"widget\" data-widget_type=\"text-editor.default\">\n\t\t\t\t<div class=\"elementor-widget-container\">\n\t\t\t\t\t\t\t\t<p>Asm. archyvo nuotr.<\/p>\t\t\t\t\t\t<\/div>\n\t\t\t\t<\/div>\n\t\t\t\t\t<\/div>\n\t\t<\/div>\n\t\t\t\t\t\t\t<\/div>\n\t\t<\/section>\n\t\t\t\t\t\t<\/div>\n\t\t\t\t\t<\/div>","protected":false},"excerpt":{"rendered":"<p>KOMEDIJOS DIRBTUV\u0116S su Evaldu Jasai\u010diu Rugs\u0117jo 27 d. 12:00 (\u0161e\u0161tadienis)Trukm\u0117: 2 val.Kauno miesto kamerinis teatras, Ma\u017eoji sal\u0117 Bilieto kaina: 12\u201315 Eur \u201eI\u0161 gatv\u0117s \u012f scen\u0105\u201c su stand-up komiku Evaldu Jasai\u010diu Stand-up \u017eanro \u017eavesys yra jo prieinamumas: n\u0117ra n\u0117 vieno komiko i\u0161 akademij\u0173 ar priva\u010di\u0173 mokykl\u0173, diplom\u0173 niekas nedalija ir egzamin\u0173 laikyti nereikia. Kult\u016bros institucijos gal [&hellip;]<\/p>","protected":false},"author":1,"featured_media":0,"parent":0,"menu_order":0,"comment_status":"closed","ping_status":"closed","template":"","meta":{"om_disable_all_campaigns":false,"_monsterinsights_skip_tracking":false,"_monsterinsights_sitenote_active":false,"_monsterinsights_sitenote_note":"","_monsterinsights_sitenote_category":0,"footnotes":""},"aioseo_notices":[],"_links":{"self":[{"href":"https:\/\/iseitiestaskas.lt\/en\/wp-json\/wp\/v2\/pages\/5772"}],"collection":[{"href":"https:\/\/iseitiestaskas.lt\/en\/wp-json\/wp\/v2\/pages"}],"about":[{"href":"https:\/\/iseitiestaskas.lt\/en\/wp-json\/wp\/v2\/types\/page"}],"author":[{"embeddable":true,"href":"https:\/\/iseitiestaskas.lt\/en\/wp-json\/wp\/v2\/users\/1"}],"replies":[{"embeddable":true,"href":"https:\/\/iseitiestaskas.lt\/en\/wp-json\/wp\/v2\/comments?post=5772"}],"version-history":[{"count":14,"href":"https:\/\/iseitiestaskas.lt\/en\/wp-json\/wp\/v2\/pages\/5772\/revisions"}],"predecessor-version":[{"id":6573,"href":"https:\/\/iseitiestaskas.lt\/en\/wp-json\/wp\/v2\/pages\/5772\/revisions\/6573"}],"wp:attachment":[{"href":"https:\/\/iseitiestaskas.lt\/en\/wp-json\/wp\/v2\/media?parent=5772"}],"curies":[{"name":"wp","href":"https:\/\/api.w.org\/{rel}","templated":true}]}}