{"id":5777,"date":"2025-07-21T14:00:57","date_gmt":"2025-07-21T14:00:57","guid":{"rendered":"https:\/\/iseitiestaskas.lt\/?page_id=5777"},"modified":"2025-09-22T15:24:56","modified_gmt":"2025-09-22T15:24:56","slug":"piteris-penas","status":"publish","type":"page","link":"https:\/\/iseitiestaskas.lt\/en\/piteris-penas\/","title":{"rendered":"PETER PAN"},"content":{"rendered":"<div data-elementor-type=\"wp-page\" data-elementor-id=\"5777\" class=\"elementor elementor-5777\" data-elementor-settings=\"[]\">\n\t\t\t\t\t\t\t<div class=\"elementor-section-wrap\">\n\t\t\t\t\t\t\t<section class=\"elementor-section elementor-top-section elementor-element elementor-element-e713051 elementor-section-boxed elementor-section-height-default elementor-section-height-default\" data-id=\"e713051\" data-element_type=\"section\">\n\t\t\t\t\t\t<div class=\"elementor-container elementor-column-gap-default\">\n\t\t\t\t\t<div class=\"elementor-column elementor-col-100 elementor-top-column elementor-element elementor-element-7d021bd\" data-id=\"7d021bd\" data-element_type=\"column\">\n\t\t\t<div class=\"elementor-widget-wrap elementor-element-populated\">\n\t\t\t\t\t\t\t\t<div class=\"elementor-element elementor-element-3eda2f4 elementor-widget elementor-widget-heading\" data-id=\"3eda2f4\" data-element_type=\"widget\" data-widget_type=\"heading.default\">\n\t\t\t\t<div class=\"elementor-widget-container\">\n\t\t\t<h2 class=\"elementor-heading-title elementor-size-default\">PETER PAN<\/h2>\t\t<\/div>\n\t\t\t\t<\/div>\n\t\t\t\t\t<\/div>\n\t\t<\/div>\n\t\t\t\t\t\t\t<\/div>\n\t\t<\/section>\n\t\t\t\t<section class=\"elementor-section elementor-top-section elementor-element elementor-element-01c3b87 elementor-section-boxed elementor-section-height-default elementor-section-height-default\" data-id=\"01c3b87\" data-element_type=\"section\">\n\t\t\t\t\t\t<div class=\"elementor-container elementor-column-gap-default\">\n\t\t\t\t\t<div class=\"elementor-column elementor-col-50 elementor-top-column elementor-element elementor-element-38879ec\" data-id=\"38879ec\" data-element_type=\"column\">\n\t\t\t<div class=\"elementor-widget-wrap elementor-element-populated\">\n\t\t\t\t\t\t\t\t<div class=\"elementor-element elementor-element-2f51d888 elementor-widget elementor-widget-text-editor\" data-id=\"2f51d888\" data-element_type=\"widget\" data-widget_type=\"text-editor.default\">\n\t\t\t\t<div class=\"elementor-widget-container\">\n\t\t\t\t\t\t\t\t<!-- wp:paragraph -->\n<h5><strong>Rugs\u0117jo 27 d. 18:00 (\u0161e\u0161tadienis)<\/strong><\/h5>\n<h5><strong>Rugs\u0117jo 28 d. 15:00 (sekmadienis)<\/strong><\/h5>\n<h5><strong>Trukm\u0117: 1 val. 45 min.<\/strong><br \/><strong>Pasaka suaugusiems<\/strong><br \/><strong>Kauno miesto kamerinis teatras I re\u017e. Karolis Zajauskas I N-16 <br \/><\/strong>Kaunas City Chamber Theatre, Great Hall<\/h5>\n<p><a href=\"https:\/\/bilietai.kamerinisteatras.lt\/kasa\/seansas\/9f5d92e8-8626-45b1-96f8-c8fa8784ff18\"><mark class=\"has-inline-color\" style=\"background-color: #f78da7;\">Bilieto kaina: 9,60\u201312 Eur<\/mark><\/a><\/p>\n<!-- \/wp:paragraph --><!-- wp:paragraph -->\n<p>Have you ever felt your childhood slipping away while the winds are still in your heart? \"Peter Pan is a fairy tale for adults, but not necessarily for those who feel that way.<\/p>\n<!-- \/wp:paragraph --><!-- wp:paragraph -->\n<p>\u012esijaut\u0119 \u012f nesibaigian\u010dius nuotykius Niekados \u0161alyje, vaikai net nenutuokia, kad nuo j\u0173 savo slap\u016bni\u0161k\u0173 aki\u0173 nenuleid\u017eia laikas \u2013 pats tyliausias ir kantriausias laim\u0117s prie\u0161as. Jis stebi, tyko kantriai kaip krokodilas vir\u0161 vandens ir vien savo gr\u0117smingu buvimu \u0161alia nebyliai primena, kad niekas negali t\u0119stis am\u017einai.<\/p>\n<!-- \/wp:paragraph --><!-- wp:paragraph -->\n<p>\u201eSpektaklyje svarbus tampa santykis tarp Vend\u0117s ir Piterio \u2013 dviej\u0173 vienas kit\u0105 pamilusi\u0173 prie\u0161ingybi\u0173. Pasitelkdami \u0161i\u0105 meil\u0117s istorij\u0105, tyrin\u0117jame trapi\u0105 rib\u0105 tarp gyvenimo savo susikurtame svajoni\u0173 pasaulyje ir pavoj\u0173, kylan\u010di\u0173 jame per ilgai u\u017esilikus. \u201ePiteris Penas\u201c \u2013 pasakojimas apie berniuk\u0105, kuris nor\u0117jo am\u017einai skraidyti, ir mergait\u0119, kuri tro\u0161ko j\u012f pagauti\u201c, \u2013 spektaklio id\u0117j\u0105 pristato re\u017eisierius Karolis Zajauskas.<\/p>\n<!-- \/wp:paragraph --><!-- wp:paragraph -->\n<p>Re\u017eisieriaus Karolio Zajausko eskizas \u201ePiteris Penas\u201c 2023 metais laim\u0117jo tarptautinio jaunimo teatro festivalio \u201eI\u0161eities ta\u0161kas\u201c eskiz\u0173 konkurs\u0105.<\/p>\n<!-- \/wp:paragraph --><!-- wp:paragraph -->\n<p><strong>Re\u017eis\u016bra:<\/strong> Karolis Zajauskas<br \/><strong>Tekstas:<\/strong> James Matthew Barrie<br \/><strong>I\u0161 angl\u0173 kalbos vert\u0117: <\/strong>R\u016bta Montvilien\u0117<br \/><strong>Scenografija ir kostiumai:<\/strong> Karolina Fiodorovait\u0117<br \/><strong>Muzika:<\/strong> Mantas Mockus<br \/><strong>Choreografija:<\/strong> Adrian Carlo Bibiano<br \/><strong>\u0160vies\u0173 dail\u0117:<\/strong> Vilius Vilutis<br \/><strong>Vaidina:<\/strong> Radvil\u0117 Budryt\u0117, Gerardas Ciparis, Ainis Kazlauskas, \u0160ar\u016bnas Rapolas Melie\u0161ius, Nojus Mikalauskas, Gintaras \u0160ileika, Nojus \u017dalys.<\/p>\n<!-- \/wp:gallery -->\t\t\t\t\t\t<\/div>\n\t\t\t\t<\/div>\n\t\t\t\t<div class=\"elementor-element elementor-element-67c0a0a elementor-widget elementor-widget-jet-popup-action-button\" data-id=\"67c0a0a\" data-element_type=\"widget\" data-widget_type=\"jet-popup-action-button.default\">\n\t\t\t\t<div class=\"elementor-widget-container\">\n\t\t\t\t\t<div class=\"jet-popup-action-button\">\n\t\t\t<a class=\"jet-popup-action-button__instance jet-popup-action-button--icon-after\" data-settings=\"{&quot;action-type&quot;:&quot;link&quot;}\" href=\"https:\/\/bilietai.kamerinisteatras.lt\/kasa\/seansas\/9f5d92e8-8626-45b1-96f8-c8fa8784ff18\"><i class=\"jet-popup-action-button__icon fa fa-ticket\"><\/i><span class=\"jet-popup-action-button__text\">Bilietai 09.27 18:00<\/span>\t\t\t<\/a>\n\t\t<\/div>\t\t<\/div>\n\t\t\t\t<\/div>\n\t\t\t\t<div class=\"elementor-element elementor-element-0fc48ea elementor-widget elementor-widget-jet-popup-action-button\" data-id=\"0fc48ea\" data-element_type=\"widget\" data-widget_type=\"jet-popup-action-button.default\">\n\t\t\t\t<div class=\"elementor-widget-container\">\n\t\t\t\t\t<div class=\"jet-popup-action-button\">\n\t\t\t<a class=\"jet-popup-action-button__instance jet-popup-action-button--icon-after\" data-settings=\"{&quot;action-type&quot;:&quot;link&quot;}\" href=\"https:\/\/bilietai.kamerinisteatras.lt\/kasa\/seansas\/9f5d92f6-4eeb-4acb-b640-c0928744c5da\"><i class=\"jet-popup-action-button__icon fa fa-ticket\"><\/i><span class=\"jet-popup-action-button__text\">Bilietai 09.28 15:00<\/span>\t\t\t<\/a>\n\t\t<\/div>\t\t<\/div>\n\t\t\t\t<\/div>\n\t\t\t\t\t<\/div>\n\t\t<\/div>\n\t\t\t\t<div class=\"elementor-column elementor-col-50 elementor-top-column elementor-element elementor-element-03c564c\" data-id=\"03c564c\" data-element_type=\"column\">\n\t\t\t<div class=\"elementor-widget-wrap elementor-element-populated\">\n\t\t\t\t\t\t\t\t<div class=\"elementor-element elementor-element-a187696 elementor-widget elementor-widget-image\" data-id=\"a187696\" data-element_type=\"widget\" data-widget_type=\"image.default\">\n\t\t\t\t<div class=\"elementor-widget-container\">\n\t\t\t\t\t\t\t\t\t\t\t\t\t\t\t<img loading=\"lazy\" decoding=\"async\" width=\"1024\" height=\"683\" src=\"https:\/\/iseitiestaskas.lt\/wp-content\/uploads\/2025\/07\/127A0870-1-1024x683.jpg\" class=\"attachment-large size-large\" alt=\"\" srcset=\"https:\/\/iseitiestaskas.lt\/wp-content\/uploads\/2025\/07\/127A0870-1-1024x683.jpg 1024w, https:\/\/iseitiestaskas.lt\/wp-content\/uploads\/2025\/07\/127A0870-1-300x200.jpg 300w, https:\/\/iseitiestaskas.lt\/wp-content\/uploads\/2025\/07\/127A0870-1-768x512.jpg 768w, https:\/\/iseitiestaskas.lt\/wp-content\/uploads\/2025\/07\/127A0870-1-391x260.jpg 391w, https:\/\/iseitiestaskas.lt\/wp-content\/uploads\/2025\/07\/127A0870-1-1536x1024.jpg 1536w, https:\/\/iseitiestaskas.lt\/wp-content\/uploads\/2025\/07\/127A0870-1-2048x1365.jpg 2048w, https:\/\/iseitiestaskas.lt\/wp-content\/uploads\/2025\/07\/127A0870-1-18x12.jpg 18w, https:\/\/iseitiestaskas.lt\/wp-content\/uploads\/2025\/07\/127A0870-1-600x400.jpg 600w\" sizes=\"(max-width: 1024px) 100vw, 1024px\" \/>\t\t\t\t\t\t\t\t\t\t\t\t\t\t\t<\/div>\n\t\t\t\t<\/div>\n\t\t\t\t<div class=\"elementor-element elementor-element-475d5be elementor-widget elementor-widget-image\" data-id=\"475d5be\" data-element_type=\"widget\" data-widget_type=\"image.default\">\n\t\t\t\t<div class=\"elementor-widget-container\">\n\t\t\t\t\t\t\t\t\t\t\t\t\t\t\t<img loading=\"lazy\" decoding=\"async\" width=\"1024\" height=\"683\" src=\"https:\/\/iseitiestaskas.lt\/wp-content\/uploads\/2025\/07\/10-1024x683.png\" class=\"attachment-large size-large\" alt=\"\" srcset=\"https:\/\/iseitiestaskas.lt\/wp-content\/uploads\/2025\/07\/10-1024x683.png 1024w, https:\/\/iseitiestaskas.lt\/wp-content\/uploads\/2025\/07\/10-300x200.png 300w, https:\/\/iseitiestaskas.lt\/wp-content\/uploads\/2025\/07\/10-768x512.png 768w, https:\/\/iseitiestaskas.lt\/wp-content\/uploads\/2025\/07\/10-391x260.png 391w, https:\/\/iseitiestaskas.lt\/wp-content\/uploads\/2025\/07\/10-1536x1024.png 1536w, https:\/\/iseitiestaskas.lt\/wp-content\/uploads\/2025\/07\/10-2048x1365.png 2048w, https:\/\/iseitiestaskas.lt\/wp-content\/uploads\/2025\/07\/10-18x12.png 18w, https:\/\/iseitiestaskas.lt\/wp-content\/uploads\/2025\/07\/10-600x400.png 600w\" sizes=\"(max-width: 1024px) 100vw, 1024px\" \/>\t\t\t\t\t\t\t\t\t\t\t\t\t\t\t<\/div>\n\t\t\t\t<\/div>\n\t\t\t\t<div class=\"elementor-element elementor-element-0d77f9d elementor-widget elementor-widget-image\" data-id=\"0d77f9d\" data-element_type=\"widget\" data-widget_type=\"image.default\">\n\t\t\t\t<div class=\"elementor-widget-container\">\n\t\t\t\t\t\t\t\t\t\t\t\t\t\t\t<img loading=\"lazy\" decoding=\"async\" width=\"1024\" height=\"683\" src=\"https:\/\/iseitiestaskas.lt\/wp-content\/uploads\/2025\/07\/9-1024x683.png\" class=\"attachment-large size-large\" alt=\"\" srcset=\"https:\/\/iseitiestaskas.lt\/wp-content\/uploads\/2025\/07\/9-1024x683.png 1024w, https:\/\/iseitiestaskas.lt\/wp-content\/uploads\/2025\/07\/9-300x200.png 300w, https:\/\/iseitiestaskas.lt\/wp-content\/uploads\/2025\/07\/9-768x512.png 768w, https:\/\/iseitiestaskas.lt\/wp-content\/uploads\/2025\/07\/9-391x260.png 391w, https:\/\/iseitiestaskas.lt\/wp-content\/uploads\/2025\/07\/9-1536x1024.png 1536w, https:\/\/iseitiestaskas.lt\/wp-content\/uploads\/2025\/07\/9-2048x1365.png 2048w, https:\/\/iseitiestaskas.lt\/wp-content\/uploads\/2025\/07\/9-18x12.png 18w, https:\/\/iseitiestaskas.lt\/wp-content\/uploads\/2025\/07\/9-600x400.png 600w\" sizes=\"(max-width: 1024px) 100vw, 1024px\" \/>\t\t\t\t\t\t\t\t\t\t\t\t\t\t\t<\/div>\n\t\t\t\t<\/div>\n\t\t\t\t<div class=\"elementor-element elementor-element-2a0335a elementor-widget elementor-widget-text-editor\" data-id=\"2a0335a\" data-element_type=\"widget\" data-widget_type=\"text-editor.default\">\n\t\t\t\t<div class=\"elementor-widget-container\">\n\t\t\t\t\t\t\t\t<p>Foto. aut. Lukas Gestautas<\/p>\t\t\t\t\t\t<\/div>\n\t\t\t\t<\/div>\n\t\t\t\t\t<\/div>\n\t\t<\/div>\n\t\t\t\t\t\t\t<\/div>\n\t\t<\/section>\n\t\t\t\t<section class=\"elementor-section elementor-top-section elementor-element elementor-element-5357b70 elementor-section-boxed elementor-section-height-default elementor-section-height-default\" data-id=\"5357b70\" data-element_type=\"section\">\n\t\t\t\t\t\t<div class=\"elementor-container elementor-column-gap-default\">\n\t\t\t\t\t<div class=\"elementor-column elementor-col-100 elementor-top-column elementor-element elementor-element-089ad65\" data-id=\"089ad65\" data-element_type=\"column\">\n\t\t\t<div class=\"elementor-widget-wrap elementor-element-populated\">\n\t\t\t\t\t\t\t\t<div class=\"elementor-element elementor-element-c825936 elementor-aspect-ratio-169 elementor-widget elementor-widget-video\" data-id=\"c825936\" data-element_type=\"widget\" data-settings=\"{&quot;youtube_url&quot;:&quot;https:\\\/\\\/youtu.be\\\/LdJjIkisxE8?si=rei0n0v9LOqH0Jyj&quot;,&quot;video_type&quot;:&quot;youtube&quot;,&quot;controls&quot;:&quot;yes&quot;,&quot;aspect_ratio&quot;:&quot;169&quot;}\" data-widget_type=\"video.default\">\n\t\t\t\t<div class=\"elementor-widget-container\">\n\t\t\t\t\t<div class=\"elementor-wrapper elementor-fit-aspect-ratio elementor-open-inline\">\n\t\t\t<div class=\"elementor-video\"><\/div>\t\t<\/div>\n\t\t\t\t<\/div>\n\t\t\t\t<\/div>\n\t\t\t\t\t<\/div>\n\t\t<\/div>\n\t\t\t\t\t\t\t<\/div>\n\t\t<\/section>\n\t\t\t\t\t\t<\/div>\n\t\t\t\t\t<\/div>","protected":false},"excerpt":{"rendered":"<p>PITERIS PENAS Rugs\u0117jo 27 d. 18:00 (\u0161e\u0161tadienis) Rugs\u0117jo 28 d. 15:00 (sekmadienis) Trukm\u0117: 1 val. 45 min.Pasaka suaugusiemsKauno miesto kamerinis teatras I re\u017e. Karolis Zajauskas I N-16 Kauno miesto kamerinis teatras, Did\u017eioji sal\u0117 Bilieto kaina: 9,60\u201312 Eur Ar kada jaut\u0117te, kaip vaikyst\u0117 vis tolsta, nors \u0161irdyje vis dar skraido v\u0117jai? \u201ePiteris Penas\u201c \u2013 pasaka suaugusiems, [&hellip;]<\/p>","protected":false},"author":1,"featured_media":0,"parent":0,"menu_order":0,"comment_status":"closed","ping_status":"closed","template":"","meta":{"om_disable_all_campaigns":false,"_monsterinsights_skip_tracking":false,"_monsterinsights_sitenote_active":false,"_monsterinsights_sitenote_note":"","_monsterinsights_sitenote_category":0,"footnotes":""},"aioseo_notices":[],"_links":{"self":[{"href":"https:\/\/iseitiestaskas.lt\/en\/wp-json\/wp\/v2\/pages\/5777"}],"collection":[{"href":"https:\/\/iseitiestaskas.lt\/en\/wp-json\/wp\/v2\/pages"}],"about":[{"href":"https:\/\/iseitiestaskas.lt\/en\/wp-json\/wp\/v2\/types\/page"}],"author":[{"embeddable":true,"href":"https:\/\/iseitiestaskas.lt\/en\/wp-json\/wp\/v2\/users\/1"}],"replies":[{"embeddable":true,"href":"https:\/\/iseitiestaskas.lt\/en\/wp-json\/wp\/v2\/comments?post=5777"}],"version-history":[{"count":17,"href":"https:\/\/iseitiestaskas.lt\/en\/wp-json\/wp\/v2\/pages\/5777\/revisions"}],"predecessor-version":[{"id":6687,"href":"https:\/\/iseitiestaskas.lt\/en\/wp-json\/wp\/v2\/pages\/5777\/revisions\/6687"}],"wp:attachment":[{"href":"https:\/\/iseitiestaskas.lt\/en\/wp-json\/wp\/v2\/media?parent=5777"}],"curies":[{"name":"wp","href":"https:\/\/api.w.org\/{rel}","templated":true}]}}