{"id":5786,"date":"2025-07-21T14:03:10","date_gmt":"2025-07-21T14:03:10","guid":{"rendered":"https:\/\/iseitiestaskas.lt\/?page_id=5786"},"modified":"2025-07-22T13:00:03","modified_gmt":"2025-07-22T13:00:03","slug":"piteris-penas-2","status":"publish","type":"page","link":"https:\/\/iseitiestaskas.lt\/en\/piteris-penas-2\/","title":{"rendered":"PETER PAN"},"content":{"rendered":"<p>Rugs\u0117jo 28 d. (sekmadienis)<br>15:00 I Trukm\u0117: 1 val. 45 min.<br><strong>Pasaka suaugusiems<\/strong><br><strong>KMKT I re\u017e. Karolis Zajauskas I N-16 <br><\/strong>Kaunas City Chamber Theatre, Great Hall<br><a href=\"https:\/\/bilietai.kamerinisteatras.lt\/kasa\/seansas\/9f5d92f6-4eeb-4acb-b640-c0928744c5da\" target=\"_blank\" rel=\"noopener\" title=\"\"><mark style=\"background-color:#f78da7\" class=\"has-inline-color\"><\/mark><mark style=\"background-color:#f78da7\" class=\"has-inline-color\">Bilieto kaina: 9,60\u201312 Eur<\/mark><\/a><\/p>\n\n\n\n<p>Have you ever felt your childhood slipping away while the winds are still in your heart? \"Peter Pan is a fairy tale for adults, but not necessarily for those who feel that way.<\/p>\n\n\n\n<p>\u012esijaut\u0119 \u012f nesibaigian\u010dius nuotykius Niekados \u0161alyje, vaikai net nenutuokia, kad nuo j\u0173 savo slap\u016bni\u0161k\u0173 aki\u0173 nenuleid\u017eia laikas \u2013 pats tyliausias ir kantriausias laim\u0117s prie\u0161as. Jis stebi, tyko kantriai kaip krokodilas vir\u0161 vandens ir vien savo gr\u0117smingu buvimu \u0161alia nebyliai primena, kad niekas negali t\u0119stis am\u017einai.<\/p>\n\n\n\n<p>\u201eSpektaklyje svarbus tampa santykis tarp Vend\u0117s ir Piterio \u2013 dviej\u0173 vienas kit\u0105 pamilusi\u0173 prie\u0161ingybi\u0173. Pasitelkdami \u0161i\u0105 meil\u0117s istorij\u0105, tyrin\u0117jame trapi\u0105 rib\u0105 tarp gyvenimo savo susikurtame svajoni\u0173 pasaulyje ir pavoj\u0173, kylan\u010di\u0173 jame per ilgai u\u017esilikus. \u201ePiteris Penas\u201c \u2013 pasakojimas apie berniuk\u0105, kuris nor\u0117jo am\u017einai skraidyti, ir mergait\u0119, kuri tro\u0161ko j\u012f pagauti\u201c, \u2013 spektaklio id\u0117j\u0105 pristato re\u017eisierius Karolis Zajauskas.<\/p>\n\n\n\n<p>Re\u017eisieriaus Karolio Zajausko eskizas \u201ePiteris Penas\u201c 2023 metais laim\u0117jo tarptautinio jaunimo teatro festivalio \u201eI\u0161eities ta\u0161kas\u201c eskiz\u0173 konkurs\u0105.<\/p>\n\n\n\n<p><strong>Re\u017eis\u016bra:<\/strong> Karolis Zajauskas<br><strong>Tekstas:<\/strong> James Matthew Barrie<br><strong>I\u0161 angl\u0173 kalbos vert\u0117: <\/strong>R\u016bta Montvilien\u0117<br><strong>Scenografija ir kostiumai:<\/strong> Karolina Fiodorovait\u0117<br><strong>Muzika:<\/strong> Mantas Mockus<br><strong>Choreografija:<\/strong> Adrian Carlo Bibiano<br><strong>\u0160vies\u0173 dail\u0117:<\/strong> Vilius Vilutis<br><strong>Vaidina:<\/strong> Radvil\u0117 Budryt\u0117, Gerardas Ciparis, Ainis Kazlauskas, \u0160ar\u016bnas Rapolas Melie\u0161ius, Nojus Mikalauskas, Gintaras \u0160ileika, Nojus \u017dalys<\/p>\n\n\n\n<figure class=\"wp-block-gallery has-nested-images columns-default is-cropped wp-block-gallery-1 is-layout-flex wp-block-gallery-is-layout-flex\">\n<figure class=\"wp-block-image size-large\"><img loading=\"lazy\" decoding=\"async\" width=\"1024\" height=\"683\" data-id=\"5783\" src=\"https:\/\/iseitiestaskas.lt\/wp-content\/uploads\/2025\/07\/5-1024x683.png\" alt=\"\" class=\"wp-image-5783\" srcset=\"https:\/\/iseitiestaskas.lt\/wp-content\/uploads\/2025\/07\/5-1024x683.png 1024w, https:\/\/iseitiestaskas.lt\/wp-content\/uploads\/2025\/07\/5-300x200.png 300w, https:\/\/iseitiestaskas.lt\/wp-content\/uploads\/2025\/07\/5-768x512.png 768w, https:\/\/iseitiestaskas.lt\/wp-content\/uploads\/2025\/07\/5-391x260.png 391w, https:\/\/iseitiestaskas.lt\/wp-content\/uploads\/2025\/07\/5-1536x1024.png 1536w, https:\/\/iseitiestaskas.lt\/wp-content\/uploads\/2025\/07\/5-2048x1365.png 2048w, https:\/\/iseitiestaskas.lt\/wp-content\/uploads\/2025\/07\/5-18x12.png 18w, https:\/\/iseitiestaskas.lt\/wp-content\/uploads\/2025\/07\/5-600x400.png 600w\" sizes=\"(max-width: 1024px) 100vw, 1024px\" \/><\/figure>\n<\/figure>\n\n\n\n<figure class=\"wp-block-gallery has-nested-images columns-default is-cropped wp-block-gallery-2 is-layout-flex wp-block-gallery-is-layout-flex\">\n<figure class=\"wp-block-image size-large\"><img loading=\"lazy\" decoding=\"async\" width=\"1024\" height=\"683\" data-id=\"5781\" src=\"https:\/\/iseitiestaskas.lt\/wp-content\/uploads\/2025\/07\/9-1024x683.png\" alt=\"\" class=\"wp-image-5781\" srcset=\"https:\/\/iseitiestaskas.lt\/wp-content\/uploads\/2025\/07\/9-1024x683.png 1024w, https:\/\/iseitiestaskas.lt\/wp-content\/uploads\/2025\/07\/9-300x200.png 300w, https:\/\/iseitiestaskas.lt\/wp-content\/uploads\/2025\/07\/9-768x512.png 768w, https:\/\/iseitiestaskas.lt\/wp-content\/uploads\/2025\/07\/9-391x260.png 391w, https:\/\/iseitiestaskas.lt\/wp-content\/uploads\/2025\/07\/9-1536x1024.png 1536w, https:\/\/iseitiestaskas.lt\/wp-content\/uploads\/2025\/07\/9-2048x1365.png 2048w, https:\/\/iseitiestaskas.lt\/wp-content\/uploads\/2025\/07\/9-18x12.png 18w, https:\/\/iseitiestaskas.lt\/wp-content\/uploads\/2025\/07\/9-600x400.png 600w\" sizes=\"(max-width: 1024px) 100vw, 1024px\" \/><\/figure>\n\n\n\n<figure class=\"wp-block-image size-large\"><img loading=\"lazy\" decoding=\"async\" width=\"2520\" height=\"1680\" data-id=\"5782\" src=\"https:\/\/iseitiestaskas.lt\/wp-content\/uploads\/2025\/07\/3-1024x683.png\" alt=\"\" class=\"wp-image-5782\" srcset=\"https:\/\/iseitiestaskas.lt\/wp-content\/uploads\/2025\/07\/3-1024x683.png 1024w, https:\/\/iseitiestaskas.lt\/wp-content\/uploads\/2025\/07\/3-300x200.png 300w, https:\/\/iseitiestaskas.lt\/wp-content\/uploads\/2025\/07\/3-768x512.png 768w, https:\/\/iseitiestaskas.lt\/wp-content\/uploads\/2025\/07\/3-391x260.png 391w, https:\/\/iseitiestaskas.lt\/wp-content\/uploads\/2025\/07\/3-1536x1024.png 1536w, https:\/\/iseitiestaskas.lt\/wp-content\/uploads\/2025\/07\/3-2048x1365.png 2048w, https:\/\/iseitiestaskas.lt\/wp-content\/uploads\/2025\/07\/3-18x12.png 18w, https:\/\/iseitiestaskas.lt\/wp-content\/uploads\/2025\/07\/3-600x400.png 600w\" sizes=\"(max-width: 2520px) 100vw, 2520px\" \/><\/figure>\n\n\n\n<figure class=\"wp-block-image size-large\"><img loading=\"lazy\" decoding=\"async\" width=\"1024\" height=\"683\" data-id=\"5780\" src=\"https:\/\/iseitiestaskas.lt\/wp-content\/uploads\/2025\/07\/10-1024x683.png\" alt=\"\" class=\"wp-image-5780\" srcset=\"https:\/\/iseitiestaskas.lt\/wp-content\/uploads\/2025\/07\/10-1024x683.png 1024w, https:\/\/iseitiestaskas.lt\/wp-content\/uploads\/2025\/07\/10-300x200.png 300w, https:\/\/iseitiestaskas.lt\/wp-content\/uploads\/2025\/07\/10-768x512.png 768w, https:\/\/iseitiestaskas.lt\/wp-content\/uploads\/2025\/07\/10-391x260.png 391w, https:\/\/iseitiestaskas.lt\/wp-content\/uploads\/2025\/07\/10-1536x1024.png 1536w, https:\/\/iseitiestaskas.lt\/wp-content\/uploads\/2025\/07\/10-2048x1365.png 2048w, https:\/\/iseitiestaskas.lt\/wp-content\/uploads\/2025\/07\/10-18x12.png 18w, https:\/\/iseitiestaskas.lt\/wp-content\/uploads\/2025\/07\/10-600x400.png 600w\" sizes=\"(max-width: 1024px) 100vw, 1024px\" \/><\/figure>\n<\/figure>","protected":false},"excerpt":{"rendered":"<p>Rugs\u0117jo 28 d. (sekmadienis)15:00 I Trukm\u0117: 1 val. 45 min.Pasaka suaugusiemsKMKT I re\u017e. Karolis Zajauskas I N-16 Kauno miesto kamerinis teatras, Did\u017eioji sal\u0117Bilieto kaina: 9,60\u201312 Eur Ar kada jaut\u0117te, kaip vaikyst\u0117 vis tolsta, nors \u0161irdyje vis dar skraido v\u0117jai? \u201ePiteris Penas\u201c \u2013 pasaka suaugusiems, bet neb\u016btinai taip besijau\u010diantiems. \u012esijaut\u0119 \u012f nesibaigian\u010dius nuotykius Niekados \u0161alyje, vaikai [&hellip;]<\/p>","protected":false},"author":1,"featured_media":0,"parent":0,"menu_order":0,"comment_status":"closed","ping_status":"closed","template":"","meta":{"om_disable_all_campaigns":false,"_monsterinsights_skip_tracking":false,"_monsterinsights_sitenote_active":false,"_monsterinsights_sitenote_note":"","_monsterinsights_sitenote_category":0,"footnotes":""},"aioseo_notices":[],"_links":{"self":[{"href":"https:\/\/iseitiestaskas.lt\/en\/wp-json\/wp\/v2\/pages\/5786"}],"collection":[{"href":"https:\/\/iseitiestaskas.lt\/en\/wp-json\/wp\/v2\/pages"}],"about":[{"href":"https:\/\/iseitiestaskas.lt\/en\/wp-json\/wp\/v2\/types\/page"}],"author":[{"embeddable":true,"href":"https:\/\/iseitiestaskas.lt\/en\/wp-json\/wp\/v2\/users\/1"}],"replies":[{"embeddable":true,"href":"https:\/\/iseitiestaskas.lt\/en\/wp-json\/wp\/v2\/comments?post=5786"}],"version-history":[{"count":2,"href":"https:\/\/iseitiestaskas.lt\/en\/wp-json\/wp\/v2\/pages\/5786\/revisions"}],"predecessor-version":[{"id":5805,"href":"https:\/\/iseitiestaskas.lt\/en\/wp-json\/wp\/v2\/pages\/5786\/revisions\/5805"}],"wp:attachment":[{"href":"https:\/\/iseitiestaskas.lt\/en\/wp-json\/wp\/v2\/media?parent=5786"}],"curies":[{"name":"wp","href":"https:\/\/api.w.org\/{rel}","templated":true}]}}