{"id":5788,"date":"2025-07-22T12:43:14","date_gmt":"2025-07-22T12:43:14","guid":{"rendered":"https:\/\/iseitiestaskas.lt\/?page_id=5788"},"modified":"2025-09-22T15:25:45","modified_gmt":"2025-09-22T15:25:45","slug":"beveik-laimingas","status":"publish","type":"page","link":"https:\/\/iseitiestaskas.lt\/en\/beveik-laimingas\/","title":{"rendered":"BEVEIK LAIMINGAS"},"content":{"rendered":"<div data-elementor-type=\"wp-page\" data-elementor-id=\"5788\" class=\"elementor elementor-5788\" data-elementor-settings=\"[]\">\n\t\t\t\t\t\t\t<div class=\"elementor-section-wrap\">\n\t\t\t\t\t\t\t<section class=\"elementor-section elementor-top-section elementor-element elementor-element-7325c03 elementor-section-boxed elementor-section-height-default elementor-section-height-default\" data-id=\"7325c03\" data-element_type=\"section\">\n\t\t\t\t\t\t<div class=\"elementor-container elementor-column-gap-default\">\n\t\t\t\t\t<div class=\"elementor-column elementor-col-100 elementor-top-column elementor-element elementor-element-66de219\" data-id=\"66de219\" data-element_type=\"column\">\n\t\t\t<div class=\"elementor-widget-wrap elementor-element-populated\">\n\t\t\t\t\t\t\t\t<div class=\"elementor-element elementor-element-1da5781 elementor-widget elementor-widget-heading\" data-id=\"1da5781\" data-element_type=\"widget\" data-widget_type=\"heading.default\">\n\t\t\t\t<div class=\"elementor-widget-container\">\n\t\t\t<h2 class=\"elementor-heading-title elementor-size-default\">BEVEIK LAIMINGAS<\/h2>\t\t<\/div>\n\t\t\t\t<\/div>\n\t\t\t\t\t<\/div>\n\t\t<\/div>\n\t\t\t\t\t\t\t<\/div>\n\t\t<\/section>\n\t\t\t\t<section class=\"elementor-section elementor-top-section elementor-element elementor-element-dd4a023 elementor-section-boxed elementor-section-height-default elementor-section-height-default\" data-id=\"dd4a023\" data-element_type=\"section\">\n\t\t\t\t\t\t<div class=\"elementor-container elementor-column-gap-default\">\n\t\t\t\t\t<div class=\"elementor-column elementor-col-50 elementor-top-column elementor-element elementor-element-e1987a9\" data-id=\"e1987a9\" data-element_type=\"column\">\n\t\t\t<div class=\"elementor-widget-wrap elementor-element-populated\">\n\t\t\t\t\t\t\t\t<div class=\"elementor-element elementor-element-4d6c1134 elementor-widget elementor-widget-text-editor\" data-id=\"4d6c1134\" data-element_type=\"widget\" data-widget_type=\"text-editor.default\">\n\t\t\t\t<div class=\"elementor-widget-container\">\n\t\t\t\t\t\t\t\t<!-- wp:paragraph -->\n<h5><strong>Rugs\u0117jo 28 d. 18:00 (sekmadienis)<\/strong><br \/><strong>Length: 50 min.<\/strong><br \/><strong>NO SHOES teatras I re\u017e. Justas Tertelis I N-14<br \/><\/strong>Kaunas City Chamber Theatre, Small Hall<\/h5>\n<p><a title=\"\" href=\"https:\/\/bilietai.kamerinisteatras.lt\/kasa\/seansas\/9f5d90a2-2fcc-4a72-9fc0-b24931dcacd7\" target=\"_blank\" rel=\"noopener\"><mark class=\"has-inline-color\" style=\"background-color: #f78da7;\">Bilieto kaina: 9,60\u201312 Eur<\/mark><\/a><\/p>\n<!-- \/wp:paragraph --><!-- wp:paragraph -->\n<p>Dramaturgas, aktorius ir edukologas Raimondas Klezys savo k\u016bryboje susitelkia \u012f komunikavim\u0105 su paaugliais jiems aktualiomis temomis. Ketvirtasis jo monospektaklis \u201eBeveik laimingas\u201c \u012fkv\u0117ptas Jurgio Kun\u010dino romano \u201eT\u016bla\u201c, kuriame apra\u0161oma nerimasting\u0173 emocij\u0173 drama, artima jaunam \u017emogui, ie\u0161kan\u010diam savo tapatyb\u0117s ir m\u0117ginan\u010diam suprasti paauglyst\u0117je u\u017epl\u016bstan\u010dius pirmosios meil\u0117s jausmus.<\/p>\n<!-- \/wp:paragraph --><!-- wp:paragraph -->\n<p>Atlikimui pasirinkti k\u016brinio motyvai, atskleid\u017eiantys herojaus romanti\u0161kus i\u0161gyvenimus. Spektaklio pavadinimas pasiskolintas i\u0161 interviu su ra\u0161ytoju, kurio metu jis save \u012fvardija kaip \u201ebeveik laiming\u0105\u201c. \u0160ia fraze pavadintas ir dokumentinis filmas (re\u017e. A. Marcinkevi\u010di\u016bt\u0117) apie J. Kun\u010din\u0105, kurio med\u017eiaga taip pat buvo pasitelkta rengiant spektakl\u012f.\u00a0<\/p>\n<!-- \/wp:paragraph --><!-- wp:paragraph -->\n<p>Spektaklio pastatym\u0105 ir sklaid\u0105 finansuoja Lietuvos kult\u016bros taryba.<\/p>\n<!-- \/wp:paragraph --><!-- wp:paragraph -->\n<p><strong>Re\u017eis\u016bra: <\/strong>Justas Tertelis<br \/><strong>Dramaturgija: <\/strong>Raimondas Klezys, Justas Tertelis<br \/><strong>Judesys: <\/strong>Ieva Jackevi\u010di\u016bt\u0117<br \/><strong>Muzika: <\/strong>Matas Salad\u017eius<br \/><strong>Scenografija ir kostiumai: <\/strong>Arvydas Gudas<br \/><strong>\u0160vies\u0173 dail\u0117: <\/strong>Ram\u016bnas N\u0117nius<br \/><strong>Vaidina: <\/strong>Raimondas Klezys<\/p>\n<!-- \/wp:gallery -->\t\t\t\t\t\t<\/div>\n\t\t\t\t<\/div>\n\t\t\t\t<div class=\"elementor-element elementor-element-44da339 elementor-widget elementor-widget-jet-popup-action-button\" data-id=\"44da339\" data-element_type=\"widget\" data-widget_type=\"jet-popup-action-button.default\">\n\t\t\t\t<div class=\"elementor-widget-container\">\n\t\t\t\t\t<div class=\"jet-popup-action-button\">\n\t\t\t<a class=\"jet-popup-action-button__instance jet-popup-action-button--icon-after\" data-settings=\"{&quot;action-type&quot;:&quot;link&quot;}\" href=\"https:\/\/bilietai.kamerinisteatras.lt\/kasa\/seansas\/9f5d90a2-2fcc-4a72-9fc0-b24931dcacd7\"><i class=\"jet-popup-action-button__icon fa fa-ticket\"><\/i><span class=\"jet-popup-action-button__text\">Tickets<\/span>\t\t\t<\/a>\n\t\t<\/div>\t\t<\/div>\n\t\t\t\t<\/div>\n\t\t\t\t\t<\/div>\n\t\t<\/div>\n\t\t\t\t<div class=\"elementor-column elementor-col-50 elementor-top-column elementor-element elementor-element-10d8330\" data-id=\"10d8330\" data-element_type=\"column\">\n\t\t\t<div class=\"elementor-widget-wrap elementor-element-populated\">\n\t\t\t\t\t\t\t\t<div class=\"elementor-element elementor-element-1fa2e81 elementor-widget elementor-widget-image\" data-id=\"1fa2e81\" data-element_type=\"widget\" data-widget_type=\"image.default\">\n\t\t\t\t<div class=\"elementor-widget-container\">\n\t\t\t\t\t\t\t\t\t\t\t\t\t\t\t<img loading=\"lazy\" decoding=\"async\" width=\"1024\" height=\"720\" src=\"https:\/\/iseitiestaskas.lt\/wp-content\/uploads\/2025\/07\/Arvydo-Gudo-Fotografija-2025-02-11-2-43-of-283-1-1024x720.jpg\" class=\"attachment-large size-large\" alt=\"\" srcset=\"https:\/\/iseitiestaskas.lt\/wp-content\/uploads\/2025\/07\/Arvydo-Gudo-Fotografija-2025-02-11-2-43-of-283-1-1024x720.jpg 1024w, https:\/\/iseitiestaskas.lt\/wp-content\/uploads\/2025\/07\/Arvydo-Gudo-Fotografija-2025-02-11-2-43-of-283-1-300x211.jpg 300w, https:\/\/iseitiestaskas.lt\/wp-content\/uploads\/2025\/07\/Arvydo-Gudo-Fotografija-2025-02-11-2-43-of-283-1-768x540.jpg 768w, https:\/\/iseitiestaskas.lt\/wp-content\/uploads\/2025\/07\/Arvydo-Gudo-Fotografija-2025-02-11-2-43-of-283-1-1536x1080.jpg 1536w, https:\/\/iseitiestaskas.lt\/wp-content\/uploads\/2025\/07\/Arvydo-Gudo-Fotografija-2025-02-11-2-43-of-283-1-2048x1440.jpg 2048w, https:\/\/iseitiestaskas.lt\/wp-content\/uploads\/2025\/07\/Arvydo-Gudo-Fotografija-2025-02-11-2-43-of-283-1-18x12.jpg 18w, https:\/\/iseitiestaskas.lt\/wp-content\/uploads\/2025\/07\/Arvydo-Gudo-Fotografija-2025-02-11-2-43-of-283-1-600x422.jpg 600w\" sizes=\"(max-width: 1024px) 100vw, 1024px\" \/>\t\t\t\t\t\t\t\t\t\t\t\t\t\t\t<\/div>\n\t\t\t\t<\/div>\n\t\t\t\t<div class=\"elementor-element elementor-element-2b6a31b elementor-widget elementor-widget-image\" data-id=\"2b6a31b\" data-element_type=\"widget\" data-widget_type=\"image.default\">\n\t\t\t\t<div class=\"elementor-widget-container\">\n\t\t\t\t\t\t\t\t\t\t\t\t\t\t\t<img loading=\"lazy\" decoding=\"async\" width=\"1024\" height=\"998\" src=\"https:\/\/iseitiestaskas.lt\/wp-content\/uploads\/2025\/08\/Arvydo-Gudo-Fotografija-2025-02-11-2-162-of-283-1024x998.jpg\" class=\"attachment-large size-large\" alt=\"\" srcset=\"https:\/\/iseitiestaskas.lt\/wp-content\/uploads\/2025\/08\/Arvydo-Gudo-Fotografija-2025-02-11-2-162-of-283-1024x998.jpg 1024w, https:\/\/iseitiestaskas.lt\/wp-content\/uploads\/2025\/08\/Arvydo-Gudo-Fotografija-2025-02-11-2-162-of-283-300x292.jpg 300w, https:\/\/iseitiestaskas.lt\/wp-content\/uploads\/2025\/08\/Arvydo-Gudo-Fotografija-2025-02-11-2-162-of-283-768x749.jpg 768w, https:\/\/iseitiestaskas.lt\/wp-content\/uploads\/2025\/08\/Arvydo-Gudo-Fotografija-2025-02-11-2-162-of-283-1536x1497.jpg 1536w, https:\/\/iseitiestaskas.lt\/wp-content\/uploads\/2025\/08\/Arvydo-Gudo-Fotografija-2025-02-11-2-162-of-283-2048x1996.jpg 2048w, https:\/\/iseitiestaskas.lt\/wp-content\/uploads\/2025\/08\/Arvydo-Gudo-Fotografija-2025-02-11-2-162-of-283-12x12.jpg 12w, https:\/\/iseitiestaskas.lt\/wp-content\/uploads\/2025\/08\/Arvydo-Gudo-Fotografija-2025-02-11-2-162-of-283-600x585.jpg 600w\" sizes=\"(max-width: 1024px) 100vw, 1024px\" \/>\t\t\t\t\t\t\t\t\t\t\t\t\t\t\t<\/div>\n\t\t\t\t<\/div>\n\t\t\t\t<div class=\"elementor-element elementor-element-58f0d00 elementor-widget elementor-widget-text-editor\" data-id=\"58f0d00\" data-element_type=\"widget\" data-widget_type=\"text-editor.default\">\n\t\t\t\t<div class=\"elementor-widget-container\">\n\t\t\t\t\t\t\t\t<p>Foto. aut. Arvydas Gudas<\/p>\t\t\t\t\t\t<\/div>\n\t\t\t\t<\/div>\n\t\t\t\t\t<\/div>\n\t\t<\/div>\n\t\t\t\t\t\t\t<\/div>\n\t\t<\/section>\n\t\t\t\t<section class=\"elementor-section elementor-top-section elementor-element elementor-element-c4ff83f elementor-section-boxed elementor-section-height-default elementor-section-height-default\" data-id=\"c4ff83f\" data-element_type=\"section\">\n\t\t\t\t\t\t<div class=\"elementor-container elementor-column-gap-default\">\n\t\t\t\t\t<div class=\"elementor-column elementor-col-100 elementor-top-column elementor-element elementor-element-7210b30\" data-id=\"7210b30\" data-element_type=\"column\">\n\t\t\t<div class=\"elementor-widget-wrap elementor-element-populated\">\n\t\t\t\t\t\t\t\t<div class=\"elementor-element elementor-element-1ceffeb elementor-aspect-ratio-169 elementor-widget elementor-widget-video\" data-id=\"1ceffeb\" data-element_type=\"widget\" data-settings=\"{&quot;youtube_url&quot;:&quot;https:\\\/\\\/www.youtube.com\\\/watch?v=Jf8b8C0oCtA&quot;,&quot;video_type&quot;:&quot;youtube&quot;,&quot;controls&quot;:&quot;yes&quot;,&quot;aspect_ratio&quot;:&quot;169&quot;}\" data-widget_type=\"video.default\">\n\t\t\t\t<div class=\"elementor-widget-container\">\n\t\t\t\t\t<div class=\"elementor-wrapper elementor-fit-aspect-ratio elementor-open-inline\">\n\t\t\t<div class=\"elementor-video\"><\/div>\t\t<\/div>\n\t\t\t\t<\/div>\n\t\t\t\t<\/div>\n\t\t\t\t\t<\/div>\n\t\t<\/div>\n\t\t\t\t\t\t\t<\/div>\n\t\t<\/section>\n\t\t\t\t\t\t<\/div>\n\t\t\t\t\t<\/div>","protected":false},"excerpt":{"rendered":"<p>BEVEIK LAIMINGAS Rugs\u0117jo 28 d. 18:00 (sekmadienis)Trukm\u0117: 50 min.NO SHOES teatras I re\u017e. Justas Tertelis I N-14Kauno miesto kamerinis teatras, Ma\u017eoji sal\u0117 Bilieto kaina: 9,60\u201312 Eur Dramaturgas, aktorius ir edukologas Raimondas Klezys savo k\u016bryboje susitelkia \u012f komunikavim\u0105 su paaugliais jiems aktualiomis temomis. Ketvirtasis jo monospektaklis \u201eBeveik laimingas\u201c \u012fkv\u0117ptas Jurgio Kun\u010dino romano \u201eT\u016bla\u201c, kuriame apra\u0161oma nerimasting\u0173 [&hellip;]<\/p>","protected":false},"author":1,"featured_media":0,"parent":0,"menu_order":0,"comment_status":"closed","ping_status":"closed","template":"","meta":{"om_disable_all_campaigns":false,"_monsterinsights_skip_tracking":false,"_monsterinsights_sitenote_active":false,"_monsterinsights_sitenote_note":"","_monsterinsights_sitenote_category":0,"footnotes":""},"aioseo_notices":[],"_links":{"self":[{"href":"https:\/\/iseitiestaskas.lt\/en\/wp-json\/wp\/v2\/pages\/5788"}],"collection":[{"href":"https:\/\/iseitiestaskas.lt\/en\/wp-json\/wp\/v2\/pages"}],"about":[{"href":"https:\/\/iseitiestaskas.lt\/en\/wp-json\/wp\/v2\/types\/page"}],"author":[{"embeddable":true,"href":"https:\/\/iseitiestaskas.lt\/en\/wp-json\/wp\/v2\/users\/1"}],"replies":[{"embeddable":true,"href":"https:\/\/iseitiestaskas.lt\/en\/wp-json\/wp\/v2\/comments?post=5788"}],"version-history":[{"count":16,"href":"https:\/\/iseitiestaskas.lt\/en\/wp-json\/wp\/v2\/pages\/5788\/revisions"}],"predecessor-version":[{"id":6690,"href":"https:\/\/iseitiestaskas.lt\/en\/wp-json\/wp\/v2\/pages\/5788\/revisions\/6690"}],"wp:attachment":[{"href":"https:\/\/iseitiestaskas.lt\/en\/wp-json\/wp\/v2\/media?parent=5788"}],"curies":[{"name":"wp","href":"https:\/\/api.w.org\/{rel}","templated":true}]}}