{"id":5795,"date":"2025-07-22T12:48:32","date_gmt":"2025-07-22T12:48:32","guid":{"rendered":"https:\/\/iseitiestaskas.lt\/?page_id=5795"},"modified":"2025-08-12T08:57:35","modified_gmt":"2025-08-12T08:57:35","slug":"improvizacinio-repo-dirbtuves-su-pijumi-opera","status":"publish","type":"page","link":"https:\/\/iseitiestaskas.lt\/en\/improvizacinio-repo-dirbtuves-su-pijumi-opera\/","title":{"rendered":"IMPROVIZACINIO REPO DIRBTUV\u0116S su Pijumi Opera"},"content":{"rendered":"<div data-elementor-type=\"wp-page\" data-elementor-id=\"5795\" class=\"elementor elementor-5795\" data-elementor-settings=\"[]\">\n\t\t\t\t\t\t\t<div class=\"elementor-section-wrap\">\n\t\t\t\t\t\t\t<section class=\"elementor-section elementor-top-section elementor-element elementor-element-96fd060 elementor-section-boxed elementor-section-height-default elementor-section-height-default\" data-id=\"96fd060\" data-element_type=\"section\">\n\t\t\t\t\t\t<div class=\"elementor-container elementor-column-gap-default\">\n\t\t\t\t\t<div class=\"elementor-column elementor-col-100 elementor-top-column elementor-element elementor-element-50e9683\" data-id=\"50e9683\" data-element_type=\"column\">\n\t\t\t<div class=\"elementor-widget-wrap elementor-element-populated\">\n\t\t\t\t\t\t\t\t<div class=\"elementor-element elementor-element-87ad988 elementor-widget elementor-widget-heading\" data-id=\"87ad988\" data-element_type=\"widget\" data-widget_type=\"heading.default\">\n\t\t\t\t<div class=\"elementor-widget-container\">\n\t\t\t<h2 class=\"elementor-heading-title elementor-size-default\">IMPROVIZACINIO REPO DIRBTUV\u0116S su Pijumi Opera<\/h2>\t\t<\/div>\n\t\t\t\t<\/div>\n\t\t\t\t\t<\/div>\n\t\t<\/div>\n\t\t\t\t\t\t\t<\/div>\n\t\t<\/section>\n\t\t\t\t<section class=\"elementor-section elementor-top-section elementor-element elementor-element-5a64813 elementor-section-boxed elementor-section-height-default elementor-section-height-default\" data-id=\"5a64813\" data-element_type=\"section\">\n\t\t\t\t\t\t<div class=\"elementor-container elementor-column-gap-default\">\n\t\t\t\t\t<div class=\"elementor-column elementor-col-50 elementor-top-column elementor-element elementor-element-fc06001\" data-id=\"fc06001\" data-element_type=\"column\">\n\t\t\t<div class=\"elementor-widget-wrap elementor-element-populated\">\n\t\t\t\t\t\t\t\t<div class=\"elementor-element elementor-element-7b86658 elementor-widget elementor-widget-image\" data-id=\"7b86658\" data-element_type=\"widget\" data-widget_type=\"image.default\">\n\t\t\t\t<div class=\"elementor-widget-container\">\n\t\t\t\t\t\t\t\t\t\t\t\t\t\t\t<img loading=\"lazy\" decoding=\"async\" width=\"1024\" height=\"683\" src=\"https:\/\/iseitiestaskas.lt\/wp-content\/uploads\/2025\/07\/Untitled-design-66-1024x683.png\" class=\"attachment-large size-large\" alt=\"\" srcset=\"https:\/\/iseitiestaskas.lt\/wp-content\/uploads\/2025\/07\/Untitled-design-66-1024x683.png 1024w, https:\/\/iseitiestaskas.lt\/wp-content\/uploads\/2025\/07\/Untitled-design-66-300x200.png 300w, https:\/\/iseitiestaskas.lt\/wp-content\/uploads\/2025\/07\/Untitled-design-66-768x512.png 768w, https:\/\/iseitiestaskas.lt\/wp-content\/uploads\/2025\/07\/Untitled-design-66-391x260.png 391w, https:\/\/iseitiestaskas.lt\/wp-content\/uploads\/2025\/07\/Untitled-design-66-1536x1024.png 1536w, https:\/\/iseitiestaskas.lt\/wp-content\/uploads\/2025\/07\/Untitled-design-66-18x12.png 18w, https:\/\/iseitiestaskas.lt\/wp-content\/uploads\/2025\/07\/Untitled-design-66-600x400.png 600w, https:\/\/iseitiestaskas.lt\/wp-content\/uploads\/2025\/07\/Untitled-design-66.png 2048w\" sizes=\"(max-width: 1024px) 100vw, 1024px\" \/>\t\t\t\t\t\t\t\t\t\t\t\t\t\t\t<\/div>\n\t\t\t\t<\/div>\n\t\t\t\t<div class=\"elementor-element elementor-element-e889b38 elementor-widget elementor-widget-text-editor\" data-id=\"e889b38\" data-element_type=\"widget\" data-widget_type=\"text-editor.default\">\n\t\t\t\t<div class=\"elementor-widget-container\">\n\t\t\t\t\t\t\t\t<p>Foto. aut. Tauras G\u016bdmantas\/Mantas Repe\u010dka<\/p>\t\t\t\t\t\t<\/div>\n\t\t\t\t<\/div>\n\t\t\t\t\t<\/div>\n\t\t<\/div>\n\t\t\t\t<div class=\"elementor-column elementor-col-50 elementor-top-column elementor-element elementor-element-e7def76\" data-id=\"e7def76\" data-element_type=\"column\">\n\t\t\t<div class=\"elementor-widget-wrap elementor-element-populated\">\n\t\t\t\t\t\t\t\t<div class=\"elementor-element elementor-element-70444c16 elementor-widget elementor-widget-text-editor\" data-id=\"70444c16\" data-element_type=\"widget\" data-widget_type=\"text-editor.default\">\n\t\t\t\t<div class=\"elementor-widget-container\">\n\t\t\t\t\t\t\t\t<!-- wp:paragraph -->\n<h5><strong>Rugs\u0117jo 29 d. 18:00 (pirmadienis)<\/strong><br \/><strong>Duration: 2 h.<\/strong><br \/>Kaunas City Chamber Theatre, Small Hall<\/h5>\n<p><a href=\"https:\/\/bilietai.kamerinisteatras.lt\/kasa\/vieta\/9f5d9044-ca1f-4f23-aeac-bfae2dfd0fc6\"><mark class=\"has-inline-color\" style=\"background-color: #f78da7;\">Bilieto kaina: 12\u201315 Eur<\/mark><\/a><\/p>\n<!-- \/wp:paragraph --><!-- wp:paragraph -->\n<p>Pijus Opera \u2013 reperis, poetas ir improvizacijos atlik\u0117jas \u2013 kvie\u010dia \u012f k\u016brybines dirbtuves, kuriose susipa\u017einsime su improvizacinio repo pagrindais. Tai galimyb\u0117 i\u0161bandyti save \u017eod\u017eio laisv\u0117je: kurti rimuotus tekstus vietoje, reaguoti \u012f ritm\u0105 ir tem\u0105, lavinti spontani\u0161kum\u0105 bei k\u016brybin\u012f pasitik\u0117jim\u0105.<\/p>\n<!-- \/wp:paragraph --><!-- wp:paragraph -->\n<p>Dirbtuvi\u0173 metu atliksime \u012fvairius k\u016brybinius pratimus, ugdan\u010dius ritmo poj\u016bt\u012f, greit\u0105 m\u0105stym\u0105 ir i\u0161rai\u0161k\u0105. \u010cia nereikia i\u0161ankstinio pasiruo\u0161imo \u2013 svarbiausia atvirumas naujai patir\u010diai ir noras \u017eaisti su \u017eod\u017eiais.<\/p>\n<!-- \/wp:gallery -->\t\t\t\t\t\t<\/div>\n\t\t\t\t<\/div>\n\t\t\t\t<div class=\"elementor-element elementor-element-2df286d elementor-widget elementor-widget-jet-popup-action-button\" data-id=\"2df286d\" data-element_type=\"widget\" data-widget_type=\"jet-popup-action-button.default\">\n\t\t\t\t<div class=\"elementor-widget-container\">\n\t\t\t\t\t<div class=\"jet-popup-action-button\">\n\t\t\t<a class=\"jet-popup-action-button__instance jet-popup-action-button--icon-after\" data-settings=\"{&quot;action-type&quot;:&quot;link&quot;}\" href=\"https:\/\/bilietai.kamerinisteatras.lt\/kasa\/vieta\/9f5d9044-ca1f-4f23-aeac-bfae2dfd0fc6\"><i class=\"jet-popup-action-button__icon fa fa-ticket\"><\/i><span class=\"jet-popup-action-button__text\">Tickets <\/span>\t\t\t<\/a>\n\t\t<\/div>\t\t<\/div>\n\t\t\t\t<\/div>\n\t\t\t\t\t<\/div>\n\t\t<\/div>\n\t\t\t\t\t\t\t<\/div>\n\t\t<\/section>\n\t\t\t\t<section class=\"elementor-section elementor-top-section elementor-element elementor-element-6d58c6b9 elementor-section-boxed elementor-section-height-default elementor-section-height-default\" data-id=\"6d58c6b9\" data-element_type=\"section\">\n\t\t\t\t\t\t<div class=\"elementor-container elementor-column-gap-default\">\n\t\t\t\t\t<div class=\"elementor-column elementor-col-100 elementor-top-column elementor-element elementor-element-5eb5b0f8\" data-id=\"5eb5b0f8\" data-element_type=\"column\">\n\t\t\t<div class=\"elementor-widget-wrap\">\n\t\t\t\t\t\t\t\t\t<\/div>\n\t\t<\/div>\n\t\t\t\t\t\t\t<\/div>\n\t\t<\/section>\n\t\t\t\t\t\t<\/div>\n\t\t\t\t\t<\/div>","protected":false},"excerpt":{"rendered":"<p>IMPROVIZACINIO REPO DIRBTUV\u0116S su Pijumi Opera Foto. aut. Tauras G\u016bdmantas\/Mantas Repe\u010dka Rugs\u0117jo 29 d. 18:00 (pirmadienis)Trukm\u0117: 2 val.Kauno miesto kamerinis teatras, Ma\u017eoji sal\u0117 Bilieto kaina: 12\u201315 Eur Pijus Opera \u2013 reperis, poetas ir improvizacijos atlik\u0117jas \u2013 kvie\u010dia \u012f k\u016brybines dirbtuves, kuriose susipa\u017einsime su improvizacinio repo pagrindais. Tai galimyb\u0117 i\u0161bandyti save \u017eod\u017eio laisv\u0117je: kurti rimuotus tekstus [&hellip;]<\/p>","protected":false},"author":1,"featured_media":0,"parent":0,"menu_order":0,"comment_status":"closed","ping_status":"closed","template":"","meta":{"om_disable_all_campaigns":false,"_monsterinsights_skip_tracking":false,"_monsterinsights_sitenote_active":false,"_monsterinsights_sitenote_note":"","_monsterinsights_sitenote_category":0,"footnotes":""},"aioseo_notices":[],"_links":{"self":[{"href":"https:\/\/iseitiestaskas.lt\/en\/wp-json\/wp\/v2\/pages\/5795"}],"collection":[{"href":"https:\/\/iseitiestaskas.lt\/en\/wp-json\/wp\/v2\/pages"}],"about":[{"href":"https:\/\/iseitiestaskas.lt\/en\/wp-json\/wp\/v2\/types\/page"}],"author":[{"embeddable":true,"href":"https:\/\/iseitiestaskas.lt\/en\/wp-json\/wp\/v2\/users\/1"}],"replies":[{"embeddable":true,"href":"https:\/\/iseitiestaskas.lt\/en\/wp-json\/wp\/v2\/comments?post=5795"}],"version-history":[{"count":11,"href":"https:\/\/iseitiestaskas.lt\/en\/wp-json\/wp\/v2\/pages\/5795\/revisions"}],"predecessor-version":[{"id":6380,"href":"https:\/\/iseitiestaskas.lt\/en\/wp-json\/wp\/v2\/pages\/5795\/revisions\/6380"}],"wp:attachment":[{"href":"https:\/\/iseitiestaskas.lt\/en\/wp-json\/wp\/v2\/media?parent=5795"}],"curies":[{"name":"wp","href":"https:\/\/api.w.org\/{rel}","templated":true}]}}