{"id":5799,"date":"2025-07-22T12:58:09","date_gmt":"2025-07-22T12:58:09","guid":{"rendered":"https:\/\/iseitiestaskas.lt\/?page_id=5799"},"modified":"2025-08-12T08:58:11","modified_gmt":"2025-08-12T08:58:11","slug":"vienisieji-vakarai","status":"publish","type":"page","link":"https:\/\/iseitiestaskas.lt\/en\/vienisieji-vakarai\/","title":{"rendered":"VIENI\u0160IEJI VAKARAI"},"content":{"rendered":"<div data-elementor-type=\"wp-page\" data-elementor-id=\"5799\" class=\"elementor elementor-5799\" data-elementor-settings=\"[]\">\n\t\t\t\t\t\t\t<div class=\"elementor-section-wrap\">\n\t\t\t\t\t\t\t<section class=\"elementor-section elementor-top-section elementor-element elementor-element-30294d6 elementor-section-boxed elementor-section-height-default elementor-section-height-default\" data-id=\"30294d6\" data-element_type=\"section\">\n\t\t\t\t\t\t<div class=\"elementor-container elementor-column-gap-default\">\n\t\t\t\t\t<div class=\"elementor-column elementor-col-100 elementor-top-column elementor-element elementor-element-10c8a53\" data-id=\"10c8a53\" data-element_type=\"column\">\n\t\t\t<div class=\"elementor-widget-wrap elementor-element-populated\">\n\t\t\t\t\t\t\t\t<div class=\"elementor-element elementor-element-2bca561 elementor-widget elementor-widget-heading\" data-id=\"2bca561\" data-element_type=\"widget\" data-widget_type=\"heading.default\">\n\t\t\t\t<div class=\"elementor-widget-container\">\n\t\t\t<h2 class=\"elementor-heading-title elementor-size-default\">VIENI\u0160IEJI VAKARAI<\/h2>\t\t<\/div>\n\t\t\t\t<\/div>\n\t\t\t\t\t<\/div>\n\t\t<\/div>\n\t\t\t\t\t\t\t<\/div>\n\t\t<\/section>\n\t\t\t\t<section class=\"elementor-section elementor-top-section elementor-element elementor-element-544dd53 elementor-section-boxed elementor-section-height-default elementor-section-height-default\" data-id=\"544dd53\" data-element_type=\"section\">\n\t\t\t\t\t\t<div class=\"elementor-container elementor-column-gap-default\">\n\t\t\t\t\t<div class=\"elementor-column elementor-col-50 elementor-top-column elementor-element elementor-element-680aa45\" data-id=\"680aa45\" data-element_type=\"column\">\n\t\t\t<div class=\"elementor-widget-wrap elementor-element-populated\">\n\t\t\t\t\t\t\t\t<div class=\"elementor-element elementor-element-34a279e9 elementor-widget elementor-widget-text-editor\" data-id=\"34a279e9\" data-element_type=\"widget\" data-widget_type=\"text-editor.default\">\n\t\t\t\t<div class=\"elementor-widget-container\">\n\t\t\t\t\t\t\t\t<!-- wp:paragraph -->\n<h5><strong>Rugs\u0117jo 30 d. 18:00 (antradienis)<\/strong><br \/><strong>Trukm\u0117: 1 val. 40 min.<\/strong><br \/><strong>LMTA I re\u017e. Darius Me\u0161kauskas I N-16<br \/><\/strong>Kaunas City Chamber Theatre, Great Hall<\/h5>\n<p><a href=\"https:\/\/bilietai.kamerinisteatras.lt\/kasa\/seansas\/9f5d8f0a-7eca-4b94-8d0b-6b87892b148a\"><mark class=\"has-inline-color has-black-color\" style=\"background-color: #f78da7;\">Bilieto kaina: pasirinktinai 1, 5 arba 10 Eur<\/mark><\/a><\/p>\n<!-- \/wp:paragraph --><!-- wp:paragraph -->\n<p>Ma\u017eas, g\u016bdus kaimelis. Popiet\u0117. Broliai Valentinas ir Kiprijonas k\u0105 tik palaidojo savo t\u0117v\u0105. T\u0117vas Velsas \u2013 naujas kaimo parapijos kunigas, abejojantis savo tik\u0117jimu, leid\u017eiasi \u012f meil\u0117s paie\u0161kas neapykantos kupinuose namuose. Kol namai persmelkti pyk\u010dio, broliai juose negali gyventi be vienas kito, bet tuo pat metu \u2013 ir kartu. \u012e broli\u0173 nesugyvenim\u0105 \u012fsiki\u0161a ir samane prekiaujanti nepilnamet\u0117 Meilut\u0117, tyliai svajojanti vis\u0105 save atiduoti vienam i\u0161&#8230; Sakoma, kad pasiaukojimas \u2013 auk\u0161\u010diausia meil\u0117s aprai\u0161ka.\u00a0<\/p>\n<!-- \/wp:paragraph --><!-- wp:paragraph -->\n<p>Paradoks\u0173 kupina komedija \u201eVieni\u0161ieji Vakarai\u201c ragina sav\u0119s paklausti: kiek esu \u012fprat\u0119s gauti, kiek pasiry\u017e\u0119s duoti, ir kiek tikiu gerumu?<\/p>\n<!-- \/wp:paragraph --><!-- wp:paragraph -->\n<p><strong>Re\u017eis\u016bra:<\/strong> Darius Me\u0161kauskas<br \/><strong>Vaidina:<\/strong> Klaudijus Matijo\u0161aitis, Rokas Siaurusaitis, Mindaugas \u010cin\u010dys, Lugn\u0117 Ladauskait\u0117.<br \/><strong>Scenografija:<\/strong> Arvydas Gudas<br \/><strong>\u0160vies\u0173 dail\u0117: <\/strong>Darius Malinauskas<br \/><strong>Konsultuoja:<\/strong> Viktorija Kuodyt\u0117<\/p>\n<!-- \/wp:gallery -->\t\t\t\t\t\t<\/div>\n\t\t\t\t<\/div>\n\t\t\t\t<div class=\"elementor-element elementor-element-7bad23d elementor-widget elementor-widget-jet-popup-action-button\" data-id=\"7bad23d\" data-element_type=\"widget\" data-widget_type=\"jet-popup-action-button.default\">\n\t\t\t\t<div class=\"elementor-widget-container\">\n\t\t\t\t\t<div class=\"jet-popup-action-button\">\n\t\t\t<a class=\"jet-popup-action-button__instance jet-popup-action-button--icon-after\" data-settings=\"{&quot;action-type&quot;:&quot;link&quot;}\" href=\"https:\/\/bilietai.kamerinisteatras.lt\/kasa\/seansas\/9f5d8f0a-7eca-4b94-8d0b-6b87892b148a\"><i class=\"jet-popup-action-button__icon fa fa-ticket\"><\/i><span class=\"jet-popup-action-button__text\">Tickets<\/span>\t\t\t<\/a>\n\t\t<\/div>\t\t<\/div>\n\t\t\t\t<\/div>\n\t\t\t\t\t<\/div>\n\t\t<\/div>\n\t\t\t\t<div class=\"elementor-column elementor-col-50 elementor-top-column elementor-element elementor-element-275c1eb\" data-id=\"275c1eb\" data-element_type=\"column\">\n\t\t\t<div class=\"elementor-widget-wrap elementor-element-populated\">\n\t\t\t\t\t\t\t\t<div class=\"elementor-element elementor-element-526f4c7 elementor-widget elementor-widget-image\" data-id=\"526f4c7\" data-element_type=\"widget\" data-widget_type=\"image.default\">\n\t\t\t\t<div class=\"elementor-widget-container\">\n\t\t\t\t\t\t\t\t\t\t\t\t\t\t\t<img loading=\"lazy\" decoding=\"async\" width=\"1024\" height=\"683\" src=\"https:\/\/iseitiestaskas.lt\/wp-content\/uploads\/2025\/07\/IMG_4458-1024x683.jpeg\" class=\"attachment-large size-large\" alt=\"Vienisieji vakarai\" srcset=\"https:\/\/iseitiestaskas.lt\/wp-content\/uploads\/2025\/07\/IMG_4458-1024x683.jpeg 1024w, https:\/\/iseitiestaskas.lt\/wp-content\/uploads\/2025\/07\/IMG_4458-300x200.jpeg 300w, https:\/\/iseitiestaskas.lt\/wp-content\/uploads\/2025\/07\/IMG_4458-768x512.jpeg 768w, https:\/\/iseitiestaskas.lt\/wp-content\/uploads\/2025\/07\/IMG_4458-391x260.jpeg 391w, https:\/\/iseitiestaskas.lt\/wp-content\/uploads\/2025\/07\/IMG_4458-1536x1024.jpeg 1536w, https:\/\/iseitiestaskas.lt\/wp-content\/uploads\/2025\/07\/IMG_4458-18x12.jpeg 18w, https:\/\/iseitiestaskas.lt\/wp-content\/uploads\/2025\/07\/IMG_4458-600x400.jpeg 600w, https:\/\/iseitiestaskas.lt\/wp-content\/uploads\/2025\/07\/IMG_4458.jpeg 2048w\" sizes=\"(max-width: 1024px) 100vw, 1024px\" \/>\t\t\t\t\t\t\t\t\t\t\t\t\t\t\t<\/div>\n\t\t\t\t<\/div>\n\t\t\t\t<div class=\"elementor-element elementor-element-2d66906 elementor-widget elementor-widget-image\" data-id=\"2d66906\" data-element_type=\"widget\" data-widget_type=\"image.default\">\n\t\t\t\t<div class=\"elementor-widget-container\">\n\t\t\t\t\t\t\t\t\t\t\t\t\t\t\t<img loading=\"lazy\" decoding=\"async\" width=\"1024\" height=\"683\" src=\"https:\/\/iseitiestaskas.lt\/wp-content\/uploads\/2025\/07\/IMG_4461-1024x683.jpeg\" class=\"attachment-large size-large\" alt=\"Vienisieji vaja\" srcset=\"https:\/\/iseitiestaskas.lt\/wp-content\/uploads\/2025\/07\/IMG_4461-1024x683.jpeg 1024w, https:\/\/iseitiestaskas.lt\/wp-content\/uploads\/2025\/07\/IMG_4461-300x200.jpeg 300w, https:\/\/iseitiestaskas.lt\/wp-content\/uploads\/2025\/07\/IMG_4461-768x512.jpeg 768w, https:\/\/iseitiestaskas.lt\/wp-content\/uploads\/2025\/07\/IMG_4461-391x260.jpeg 391w, https:\/\/iseitiestaskas.lt\/wp-content\/uploads\/2025\/07\/IMG_4461-1536x1024.jpeg 1536w, https:\/\/iseitiestaskas.lt\/wp-content\/uploads\/2025\/07\/IMG_4461-18x12.jpeg 18w, https:\/\/iseitiestaskas.lt\/wp-content\/uploads\/2025\/07\/IMG_4461-600x400.jpeg 600w, https:\/\/iseitiestaskas.lt\/wp-content\/uploads\/2025\/07\/IMG_4461.jpeg 2048w\" sizes=\"(max-width: 1024px) 100vw, 1024px\" \/>\t\t\t\t\t\t\t\t\t\t\t\t\t\t\t<\/div>\n\t\t\t\t<\/div>\n\t\t\t\t<div class=\"elementor-element elementor-element-35ff7d4 elementor-widget elementor-widget-text-editor\" data-id=\"35ff7d4\" data-element_type=\"widget\" data-widget_type=\"text-editor.default\">\n\t\t\t\t<div class=\"elementor-widget-container\">\n\t\t\t\t\t\t\t\t<p>Fot. aut. Laura Vansevi\u010dien\u0117<\/p>\t\t\t\t\t\t<\/div>\n\t\t\t\t<\/div>\n\t\t\t\t\t<\/div>\n\t\t<\/div>\n\t\t\t\t\t\t\t<\/div>\n\t\t<\/section>\n\t\t\t\t\t\t<\/div>\n\t\t\t\t\t<\/div>","protected":false},"excerpt":{"rendered":"<p>VIENI\u0160IEJI VAKARAI Rugs\u0117jo 30 d. 18:00 (antradienis)Trukm\u0117: 1 val. 40 min.LMTA I re\u017e. Darius Me\u0161kauskas I N-16Kauno miesto kamerinis teatras, Did\u017eioji sal\u0117 Bilieto kaina: pasirinktinai 1, 5 arba 10 Eur Ma\u017eas, g\u016bdus kaimelis. Popiet\u0117. Broliai Valentinas ir Kiprijonas k\u0105 tik palaidojo savo t\u0117v\u0105. T\u0117vas Velsas \u2013 naujas kaimo parapijos kunigas, abejojantis savo tik\u0117jimu, leid\u017eiasi \u012f [&hellip;]<\/p>","protected":false},"author":1,"featured_media":0,"parent":0,"menu_order":0,"comment_status":"closed","ping_status":"closed","template":"","meta":{"om_disable_all_campaigns":false,"_monsterinsights_skip_tracking":false,"_monsterinsights_sitenote_active":false,"_monsterinsights_sitenote_note":"","_monsterinsights_sitenote_category":0,"footnotes":""},"aioseo_notices":[],"_links":{"self":[{"href":"https:\/\/iseitiestaskas.lt\/en\/wp-json\/wp\/v2\/pages\/5799"}],"collection":[{"href":"https:\/\/iseitiestaskas.lt\/en\/wp-json\/wp\/v2\/pages"}],"about":[{"href":"https:\/\/iseitiestaskas.lt\/en\/wp-json\/wp\/v2\/types\/page"}],"author":[{"embeddable":true,"href":"https:\/\/iseitiestaskas.lt\/en\/wp-json\/wp\/v2\/users\/1"}],"replies":[{"embeddable":true,"href":"https:\/\/iseitiestaskas.lt\/en\/wp-json\/wp\/v2\/comments?post=5799"}],"version-history":[{"count":8,"href":"https:\/\/iseitiestaskas.lt\/en\/wp-json\/wp\/v2\/pages\/5799\/revisions"}],"predecessor-version":[{"id":6383,"href":"https:\/\/iseitiestaskas.lt\/en\/wp-json\/wp\/v2\/pages\/5799\/revisions\/6383"}],"wp:attachment":[{"href":"https:\/\/iseitiestaskas.lt\/en\/wp-json\/wp\/v2\/media?parent=5799"}],"curies":[{"name":"wp","href":"https:\/\/api.w.org\/{rel}","templated":true}]}}