{"id":5806,"date":"2025-07-22T13:10:00","date_gmt":"2025-07-22T13:10:00","guid":{"rendered":"https:\/\/iseitiestaskas.lt\/?page_id=5806"},"modified":"2025-09-01T07:48:07","modified_gmt":"2025-09-01T07:48:07","slug":"slemas","status":"publish","type":"page","link":"https:\/\/iseitiestaskas.lt\/en\/slemas\/","title":{"rendered":"SLEMAS"},"content":{"rendered":"<div data-elementor-type=\"wp-page\" data-elementor-id=\"5806\" class=\"elementor elementor-5806\" data-elementor-settings=\"[]\">\n\t\t\t\t\t\t\t<div class=\"elementor-section-wrap\">\n\t\t\t\t\t\t\t<section class=\"elementor-section elementor-top-section elementor-element elementor-element-85bb902 elementor-section-boxed elementor-section-height-default elementor-section-height-default\" data-id=\"85bb902\" data-element_type=\"section\">\n\t\t\t\t\t\t<div class=\"elementor-container elementor-column-gap-default\">\n\t\t\t\t\t<div class=\"elementor-column elementor-col-100 elementor-top-column elementor-element elementor-element-20391e6\" data-id=\"20391e6\" data-element_type=\"column\">\n\t\t\t<div class=\"elementor-widget-wrap elementor-element-populated\">\n\t\t\t\t\t\t\t\t<div class=\"elementor-element elementor-element-fcfaaeb elementor-widget elementor-widget-heading\" data-id=\"fcfaaeb\" data-element_type=\"widget\" data-widget_type=\"heading.default\">\n\t\t\t\t<div class=\"elementor-widget-container\">\n\t\t\t<h2 class=\"elementor-heading-title elementor-size-default\">SLEMAS<\/h2>\t\t<\/div>\n\t\t\t\t<\/div>\n\t\t\t\t\t<\/div>\n\t\t<\/div>\n\t\t\t\t\t\t\t<\/div>\n\t\t<\/section>\n\t\t\t\t<section class=\"elementor-section elementor-top-section elementor-element elementor-element-705b359 elementor-section-boxed elementor-section-height-default elementor-section-height-default\" data-id=\"705b359\" data-element_type=\"section\">\n\t\t\t\t\t\t<div class=\"elementor-container elementor-column-gap-default\">\n\t\t\t\t\t<div class=\"elementor-column elementor-col-50 elementor-top-column elementor-element elementor-element-951621c\" data-id=\"951621c\" data-element_type=\"column\">\n\t\t\t<div class=\"elementor-widget-wrap elementor-element-populated\">\n\t\t\t\t\t\t\t\t<div class=\"elementor-element elementor-element-2dba75a3 elementor-widget elementor-widget-text-editor\" data-id=\"2dba75a3\" data-element_type=\"widget\" data-widget_type=\"text-editor.default\">\n\t\t\t\t<div class=\"elementor-widget-container\">\n\t\t\t\t\t\t\t\t<!-- wp:paragraph -->\n<h5><strong>Rugs\u0117jo 30 d. 19:00 (antradienis)<\/strong><br \/>Kauno meninink\u0173 namai (V. Putvinskio g. 56, Kaunas)<\/h5>\n<p><mark class=\"has-inline-color\" style=\"background-color: #f78da7;\">Renginys nemokamas<\/mark><\/p>\n<!-- \/wp:paragraph --><!-- wp:paragraph -->\n<p>Slemas \u2013 mikrofonas, nukreiptas \u012f dabart\u012f. \u010cia \u017eod\u017eiai netyli. Jie gin\u010dijasi, \u0161oka, juokiasi, prisipa\u017e\u012fsta ir kartais i\u0161spr\u016bsta neplanuotai.<\/p>\n<!-- \/wp:paragraph --><!-- wp:paragraph -->\n<p>Tai \u2013 ne poezijos vakaras. Tai \u2013 sakytin\u0117s poezijos susid\u016brimas.<\/p>\n<!-- \/wp:paragraph --><!-- wp:paragraph --><!-- \/wp:paragraph --><!-- wp:paragraph -->\n<p>Trys raundai, de\u0161imtbal\u0117 sistema, vertina patys \u017ei\u016brovai. N\u0117ra nei dekoracij\u0173, nei i\u0161ankstini\u0173 laim\u0117toj\u0173 \u2013 tik tekstas, balsas ir tai, kaip stipriai jie suskamba.<\/p>\n<!-- \/wp:paragraph --><!-- wp:paragraph -->\n<p>Slemas yra programos \u201eTrenksmas\u201c dalis \u2013 visus metus gyvuojan\u010dios literat\u016brin\u0117s platformos, kuri pasiek\u0117 kulminacij\u0105 pirmajame sakytinio \u017eod\u017eio festivalyje rugpj\u016b\u010dio 29\u201331 d. Kaune. Sakytinis \u017eodis \u0161iemet pirm\u0105 kart\u0105 skamba ir \u201eI\u0161eities ta\u0161ke\u201c \u2013 mikrofonas j\u016bs\u0173.<\/p>\n<p>Slemo dalyvi\u0173 registracija:\u00a0<a class=\"x1i10hfl xjbqb8w x1ejq31n x18oe1m7 x1sy0etr xstzfhl x972fbf x10w94by x1qhh985 x14e42zd x9f619 x1ypdohk xt0psk2 x3ct3a4 xdj266r x14z9mp xat24cr x1lziwak xexx8yu xyri2b x18d9i69 x1c1uobl x16tdsg8 x1hl2dhg xggy1nq x1a2a7pz xkrqix3 x1sur9pj x1fey0fg x1s688f\" tabindex=\"0\" role=\"link\" href=\"https:\/\/forms.gle\/amwcJkXM1Wua8L4n9?fbclid=IwZXh0bgNhZW0CMTAAYnJpZBExV3BUV0xDRGxoTVo0NXRucwEeU6RmL7H9WTiGi8HRnfSBGVhHIH8PcuANK4IDmlPW-FvcBN6ILYgIshpV5_4_aem_d8YQkSSA6hEmni4UClQrfw\" target=\"_blank\" rel=\"nofollow noopener noreferrer\">https:\/\/forms.gle\/amwcJkXM1Wua8L4n9<\/a><\/p>\n<!-- \/wp:paragraph --><!-- wp:paragraph -->\n<p>Program\u0105 finansuoja Lietuvos kult\u016bros taryba ir Kauno miesto savivaldyb\u0117.<\/p>\n<!-- \/wp:gallery -->\t\t\t\t\t\t<\/div>\n\t\t\t\t<\/div>\n\t\t\t\t\t<\/div>\n\t\t<\/div>\n\t\t\t\t<div class=\"elementor-column elementor-col-50 elementor-top-column elementor-element elementor-element-cb903cb\" data-id=\"cb903cb\" data-element_type=\"column\">\n\t\t\t<div class=\"elementor-widget-wrap elementor-element-populated\">\n\t\t\t\t\t\t\t\t<div class=\"elementor-element elementor-element-f740bb6 elementor-widget elementor-widget-image\" data-id=\"f740bb6\" data-element_type=\"widget\" data-widget_type=\"image.default\">\n\t\t\t\t<div class=\"elementor-widget-container\">\n\t\t\t\t\t\t\t\t\t\t\t\t\t\t\t<img loading=\"lazy\" decoding=\"async\" width=\"1024\" height=\"576\" src=\"https:\/\/iseitiestaskas.lt\/wp-content\/uploads\/2025\/07\/slemas-full-illustration-1024x576.png\" class=\"attachment-large size-large\" alt=\"Slemas\" srcset=\"https:\/\/iseitiestaskas.lt\/wp-content\/uploads\/2025\/07\/slemas-full-illustration-1024x576.png 1024w, https:\/\/iseitiestaskas.lt\/wp-content\/uploads\/2025\/07\/slemas-full-illustration-300x169.png 300w, https:\/\/iseitiestaskas.lt\/wp-content\/uploads\/2025\/07\/slemas-full-illustration-768x432.png 768w, https:\/\/iseitiestaskas.lt\/wp-content\/uploads\/2025\/07\/slemas-full-illustration-1536x864.png 1536w, https:\/\/iseitiestaskas.lt\/wp-content\/uploads\/2025\/07\/slemas-full-illustration-2048x1152.png 2048w, https:\/\/iseitiestaskas.lt\/wp-content\/uploads\/2025\/07\/slemas-full-illustration-18x10.png 18w, https:\/\/iseitiestaskas.lt\/wp-content\/uploads\/2025\/07\/slemas-full-illustration-150x85.png 150w, https:\/\/iseitiestaskas.lt\/wp-content\/uploads\/2025\/07\/slemas-full-illustration-1920x1080.png 1920w, https:\/\/iseitiestaskas.lt\/wp-content\/uploads\/2025\/07\/slemas-full-illustration-600x337.png 600w\" sizes=\"(max-width: 1024px) 100vw, 1024px\" \/>\t\t\t\t\t\t\t\t\t\t\t\t\t\t\t<\/div>\n\t\t\t\t<\/div>\n\t\t\t\t\t<\/div>\n\t\t<\/div>\n\t\t\t\t\t\t\t<\/div>\n\t\t<\/section>\n\t\t\t\t\t\t<\/div>\n\t\t\t\t\t<\/div>","protected":false},"excerpt":{"rendered":"<p>SLEMAS Rugs\u0117jo 30 d. 19:00 (antradienis)Kauno meninink\u0173 namai (V. Putvinskio g. 56, Kaunas) Renginys nemokamas Slemas \u2013 mikrofonas, nukreiptas \u012f dabart\u012f. \u010cia \u017eod\u017eiai netyli. Jie gin\u010dijasi, \u0161oka, juokiasi, prisipa\u017e\u012fsta ir kartais i\u0161spr\u016bsta neplanuotai. Tai \u2013 ne poezijos vakaras. Tai \u2013 sakytin\u0117s poezijos susid\u016brimas. Trys raundai, de\u0161imtbal\u0117 sistema, vertina patys \u017ei\u016brovai. N\u0117ra nei dekoracij\u0173, nei i\u0161ankstini\u0173 [&hellip;]<\/p>","protected":false},"author":1,"featured_media":0,"parent":0,"menu_order":0,"comment_status":"closed","ping_status":"closed","template":"","meta":{"om_disable_all_campaigns":false,"_monsterinsights_skip_tracking":false,"_monsterinsights_sitenote_active":false,"_monsterinsights_sitenote_note":"","_monsterinsights_sitenote_category":0,"footnotes":""},"aioseo_notices":[],"_links":{"self":[{"href":"https:\/\/iseitiestaskas.lt\/en\/wp-json\/wp\/v2\/pages\/5806"}],"collection":[{"href":"https:\/\/iseitiestaskas.lt\/en\/wp-json\/wp\/v2\/pages"}],"about":[{"href":"https:\/\/iseitiestaskas.lt\/en\/wp-json\/wp\/v2\/types\/page"}],"author":[{"embeddable":true,"href":"https:\/\/iseitiestaskas.lt\/en\/wp-json\/wp\/v2\/users\/1"}],"replies":[{"embeddable":true,"href":"https:\/\/iseitiestaskas.lt\/en\/wp-json\/wp\/v2\/comments?post=5806"}],"version-history":[{"count":20,"href":"https:\/\/iseitiestaskas.lt\/en\/wp-json\/wp\/v2\/pages\/5806\/revisions"}],"predecessor-version":[{"id":6502,"href":"https:\/\/iseitiestaskas.lt\/en\/wp-json\/wp\/v2\/pages\/5806\/revisions\/6502"}],"wp:attachment":[{"href":"https:\/\/iseitiestaskas.lt\/en\/wp-json\/wp\/v2\/media?parent=5806"}],"curies":[{"name":"wp","href":"https:\/\/api.w.org\/{rel}","templated":true}]}}