{"id":5811,"date":"2025-07-22T13:20:44","date_gmt":"2025-07-22T13:20:44","guid":{"rendered":"https:\/\/iseitiestaskas.lt\/?page_id=5811"},"modified":"2025-09-09T10:27:57","modified_gmt":"2025-09-09T10:27:57","slug":"match-3","status":"publish","type":"page","link":"https:\/\/iseitiestaskas.lt\/en\/match-3\/","title":{"rendered":"MATCH 3"},"content":{"rendered":"<div data-elementor-type=\"wp-page\" data-elementor-id=\"5811\" class=\"elementor elementor-5811\" data-elementor-settings=\"[]\">\n\t\t\t\t\t\t\t<div class=\"elementor-section-wrap\">\n\t\t\t\t\t\t\t<section class=\"elementor-section elementor-top-section elementor-element elementor-element-6dd1c40 elementor-section-boxed elementor-section-height-default elementor-section-height-default\" data-id=\"6dd1c40\" data-element_type=\"section\">\n\t\t\t\t\t\t<div class=\"elementor-container elementor-column-gap-default\">\n\t\t\t\t\t<div class=\"elementor-column elementor-col-100 elementor-top-column elementor-element elementor-element-d49f244\" data-id=\"d49f244\" data-element_type=\"column\">\n\t\t\t<div class=\"elementor-widget-wrap elementor-element-populated\">\n\t\t\t\t\t\t\t\t<div class=\"elementor-element elementor-element-60e301b elementor-widget elementor-widget-heading\" data-id=\"60e301b\" data-element_type=\"widget\" data-widget_type=\"heading.default\">\n\t\t\t\t<div class=\"elementor-widget-container\">\n\t\t\t<h2 class=\"elementor-heading-title elementor-size-default\">MATCH 3<\/h2>\t\t<\/div>\n\t\t\t\t<\/div>\n\t\t\t\t\t<\/div>\n\t\t<\/div>\n\t\t\t\t\t\t\t<\/div>\n\t\t<\/section>\n\t\t\t\t<section class=\"elementor-section elementor-top-section elementor-element elementor-element-b18baa6 elementor-section-boxed elementor-section-height-default elementor-section-height-default\" data-id=\"b18baa6\" data-element_type=\"section\">\n\t\t\t\t\t\t<div class=\"elementor-container elementor-column-gap-default\">\n\t\t\t\t\t<div class=\"elementor-column elementor-col-50 elementor-top-column elementor-element elementor-element-1b8466d\" data-id=\"1b8466d\" data-element_type=\"column\">\n\t\t\t<div class=\"elementor-widget-wrap elementor-element-populated\">\n\t\t\t\t\t\t\t\t<div class=\"elementor-element elementor-element-24c594db elementor-widget elementor-widget-text-editor\" data-id=\"24c594db\" data-element_type=\"widget\" data-widget_type=\"text-editor.default\">\n\t\t\t\t<div class=\"elementor-widget-container\">\n\t\t\t\t\t\t\t\t<!-- wp:paragraph -->\n<h5><strong>Spalio 1 d. 18:00 (tre\u010diadienis)<\/strong><br \/><strong>Trukm\u0117: 45 min.<\/strong><br \/><strong>BE KOMPANIJOS I chor. Vilma Pitrinait\u0117 I N-16 <br \/><\/strong>Kaunas City Chamber Theatre, Great Hall<\/h5>\n<p><a title=\"\" href=\"https:\/\/bilietai.kamerinisteatras.lt\/kasa\/seansas\/9f5d8eb4-c338-44ee-9cc7-455740436e98\" target=\"_blank\" rel=\"noopener\"><mark class=\"has-inline-color\" style=\"background-color: #f78da7;\">Bilieto kaina: 9,60\u201312 Eur<\/mark><\/a><\/p>\n<!-- \/wp:paragraph --><!-- wp:paragraph -->\n<p>\u0160iame k\u016brinyje trys \u0161ok\u0117jos tyrin\u0117ja k\u016bn\u0173, \u017eod\u017ei\u0173 ir tarpusavio santykius, u\u017eduodamos klausimus apie \u017emogaus ir technologij\u0173 s\u0105veik\u0105, konkurencij\u0105 bei \u0161iuolaikinio \u017emogaus viet\u0105 \u0161iame procese.<\/p>\n<!-- \/wp:paragraph --><!-- wp:paragraph -->\n<p>Ar \u017einai, kaip atskirti \u017emog\u0173 nuo ma\u0161inos? Reikia atlikti Tiuringo test\u0105. Jo metu \u017emogus teis\u0117jas nat\u016bralia kalba \u0161nekasi su vienu \u017emogumi ir viena ma\u0161ina. Visi trys eksperimento dalyviai turi b\u016bti izoliuotose patalpose, kad teis\u0117jas nematyt\u0173, kuriuos atsakymus pateikia ma\u0161ina, o kuriuos \u2013 \u017emogus.<\/p>\n<!-- \/wp:paragraph --><!-- wp:paragraph -->\n<p>Jei teis\u0117jas pagal atsakymus negali patikimai atskirti ma\u0161inos nuo \u017emogaus, sakoma, kad ma\u0161ina i\u0161laik\u0117 test\u0105. Siekis \u2013 testuoti ma\u0161inos intelekt\u0105, o ne geb\u0117jim\u0105 imituoti \u017emogaus leid\u017eiamus garsus. Dirbtinis intelektas parod\u0117, kad jis gali visai neblogai simuliuoti \u017emoni\u0173 pokalbius tiesiog sekdamas daugyb\u0119 paprast\u0173 mechanini\u0173 taisykli\u0173. Tuo susidom\u0117j\u0119 \u017emon\u0117s suprato, kad jis gali b\u016bti prana\u0161esnis u\u017e \u017emog\u0173&#8230;<\/p>\n<!-- \/wp:paragraph --><!-- wp:paragraph -->\n<p><strong>Id\u0117ja, choreografija ir tekstas: <\/strong>Vilma Pitrinait\u0117<br \/><strong>Atlikimas ir choreografija:<\/strong> Oksana Griaznova, Sigita Jura\u0161kait\u0117, Agniet\u0117 Lisi\u010dkinait\u0117<br \/><strong>Muzika:<\/strong> Dominykas Digimas<br \/><strong>Vaizdo projekcijos: <\/strong>Kristijonas Dirs\u0117<br \/><strong>Scenografija ir kostiumai: <\/strong>R\u016bta Kyguolyt\u0117<br \/><strong>\u0160vies\u0173 dail\u0117:<\/strong> Povilas Laurinaitis<\/p>\n<!-- \/wp:gallery -->\t\t\t\t\t\t<\/div>\n\t\t\t\t<\/div>\n\t\t\t\t<div class=\"elementor-element elementor-element-272d4c8 elementor-widget elementor-widget-jet-popup-action-button\" data-id=\"272d4c8\" data-element_type=\"widget\" data-widget_type=\"jet-popup-action-button.default\">\n\t\t\t\t<div class=\"elementor-widget-container\">\n\t\t\t\t\t<div class=\"jet-popup-action-button\">\n\t\t\t<a class=\"jet-popup-action-button__instance jet-popup-action-button--icon-after\" data-settings=\"{&quot;action-type&quot;:&quot;link&quot;}\" href=\"https:\/\/bilietai.kamerinisteatras.lt\/kasa\/seansas\/9f5d8eb4-c338-44ee-9cc7-455740436e98\"><i class=\"jet-popup-action-button__icon fa fa-ticket\"><\/i><span class=\"jet-popup-action-button__text\">Tickets<\/span>\t\t\t<\/a>\n\t\t<\/div>\t\t<\/div>\n\t\t\t\t<\/div>\n\t\t\t\t\t<\/div>\n\t\t<\/div>\n\t\t\t\t<div class=\"elementor-column elementor-col-50 elementor-top-column elementor-element elementor-element-df48760\" data-id=\"df48760\" data-element_type=\"column\">\n\t\t\t<div class=\"elementor-widget-wrap elementor-element-populated\">\n\t\t\t\t\t\t\t\t<div class=\"elementor-element elementor-element-ee6207e elementor-widget elementor-widget-image\" data-id=\"ee6207e\" data-element_type=\"widget\" data-widget_type=\"image.default\">\n\t\t\t\t<div class=\"elementor-widget-container\">\n\t\t\t\t\t\t\t\t\t\t\t\t\t\t\t<img loading=\"lazy\" decoding=\"async\" width=\"1024\" height=\"743\" src=\"https:\/\/iseitiestaskas.lt\/wp-content\/uploads\/2025\/07\/1-4-1024x743.png\" class=\"attachment-large size-large\" alt=\"Match 3\" srcset=\"https:\/\/iseitiestaskas.lt\/wp-content\/uploads\/2025\/07\/1-4-1024x743.png 1024w, https:\/\/iseitiestaskas.lt\/wp-content\/uploads\/2025\/07\/1-4-300x218.png 300w, https:\/\/iseitiestaskas.lt\/wp-content\/uploads\/2025\/07\/1-4-768x557.png 768w, https:\/\/iseitiestaskas.lt\/wp-content\/uploads\/2025\/07\/1-4-1536x1115.png 1536w, https:\/\/iseitiestaskas.lt\/wp-content\/uploads\/2025\/07\/1-4-2048x1486.png 2048w, https:\/\/iseitiestaskas.lt\/wp-content\/uploads\/2025\/07\/1-4-18x12.png 18w, https:\/\/iseitiestaskas.lt\/wp-content\/uploads\/2025\/07\/1-4-600x435.png 600w\" sizes=\"(max-width: 1024px) 100vw, 1024px\" \/>\t\t\t\t\t\t\t\t\t\t\t\t\t\t\t<\/div>\n\t\t\t\t<\/div>\n\t\t\t\t<div class=\"elementor-element elementor-element-41cf243 elementor-widget elementor-widget-image\" data-id=\"41cf243\" data-element_type=\"widget\" data-widget_type=\"image.default\">\n\t\t\t\t<div class=\"elementor-widget-container\">\n\t\t\t\t\t\t\t\t\t\t\t\t\t\t\t<img loading=\"lazy\" decoding=\"async\" width=\"1024\" height=\"743\" src=\"https:\/\/iseitiestaskas.lt\/wp-content\/uploads\/2025\/07\/3-1-1024x743.png\" class=\"attachment-large size-large\" alt=\"\" srcset=\"https:\/\/iseitiestaskas.lt\/wp-content\/uploads\/2025\/07\/3-1-1024x743.png 1024w, https:\/\/iseitiestaskas.lt\/wp-content\/uploads\/2025\/07\/3-1-300x218.png 300w, https:\/\/iseitiestaskas.lt\/wp-content\/uploads\/2025\/07\/3-1-768x557.png 768w, https:\/\/iseitiestaskas.lt\/wp-content\/uploads\/2025\/07\/3-1-1536x1115.png 1536w, https:\/\/iseitiestaskas.lt\/wp-content\/uploads\/2025\/07\/3-1-2048x1486.png 2048w, https:\/\/iseitiestaskas.lt\/wp-content\/uploads\/2025\/07\/3-1-18x12.png 18w, https:\/\/iseitiestaskas.lt\/wp-content\/uploads\/2025\/07\/3-1-600x435.png 600w\" sizes=\"(max-width: 1024px) 100vw, 1024px\" \/>\t\t\t\t\t\t\t\t\t\t\t\t\t\t\t<\/div>\n\t\t\t\t<\/div>\n\t\t\t\t<div class=\"elementor-element elementor-element-d3d007b elementor-widget elementor-widget-text-editor\" data-id=\"d3d007b\" data-element_type=\"widget\" data-widget_type=\"text-editor.default\">\n\t\t\t\t<div class=\"elementor-widget-container\">\n\t\t\t\t\t\t\t\t<p>Foto. aut. I. Vy\u0161niauskait\u0117<\/p>\t\t\t\t\t\t<\/div>\n\t\t\t\t<\/div>\n\t\t\t\t\t<\/div>\n\t\t<\/div>\n\t\t\t\t\t\t\t<\/div>\n\t\t<\/section>\n\t\t\t\t<section class=\"elementor-section elementor-top-section elementor-element elementor-element-2cafb10 elementor-section-boxed elementor-section-height-default elementor-section-height-default\" data-id=\"2cafb10\" data-element_type=\"section\">\n\t\t\t\t\t\t<div class=\"elementor-container elementor-column-gap-default\">\n\t\t\t\t\t<div class=\"elementor-column elementor-col-50 elementor-top-column elementor-element elementor-element-fd770c4\" data-id=\"fd770c4\" data-element_type=\"column\">\n\t\t\t<div class=\"elementor-widget-wrap elementor-element-populated\">\n\t\t\t\t\t\t\t\t<div class=\"elementor-element elementor-element-81b548a elementor-widget elementor-widget-text-editor\" data-id=\"81b548a\" data-element_type=\"widget\" data-widget_type=\"text-editor.default\">\n\t\t\t\t<div class=\"elementor-widget-container\">\n\t\t\t\t\t\t\t\t<!-- wp:paragraph -->\n<h5><strong>October 1, 18:00 (Wednesday)<\/strong><br \/><strong>Duration: 45 min.<\/strong><br \/><strong>BE KOMPANIJOS I chor. Vilma Pitrinait\u0117 I N-16 <br \/><\/strong>Kaunas City Chamber Theatre<\/h5>\n<p><a title=\"\" href=\"https:\/\/bilietai.kamerinisteatras.lt\/kasa\/seansas\/9f5d8eb4-c338-44ee-9cc7-455740436e98\" target=\"_blank\" rel=\"noopener\"><mark class=\"has-inline-color\" style=\"background-color: #f78da7;\">Ticket price: 9,60\u201312 Eur<\/mark><\/a><\/p>\n<!-- \/wp:paragraph --><!-- wp:paragraph -->\n<p><span style=\"font-weight: 400;\">Do you know how to tell a human being from a machine? A Turing test, originally called the imitation game, is required. During the test, a human judge talks to one person and one machine in human language. All three participants in the experiment must be in isolated rooms. If the evaluator cannot reliably tell the machine from the human, the machine is said to have passed the test.\u00a0<\/span><\/p>\n<p><span style=\"font-weight: 400;\">Artificial intelligence has shown that it can simulate human conversations quite well just by following a series of simple mechanical rules. People who were interested in this realized that AI could be superior to humans \u2013 so superior that they felt so fake suddenly and so scared. But after all, one person can also function better in the System than another person, right?\u00a0<\/span><\/p>\n<p><span style=\"font-weight: 400;\">Is it possible because contradictions, doubts, empathy, feelings are redundant in this System? Maybe we should optimize the human being and create an optimized dystopian tribe of strangely functioning fairies for testing it on stage? What else would we like to check out besides their conversation or imitation capacities? Their behavior during their dance practices or mating games ? Would you like to ask them any questions about how their artificial world operates? If you\u2019re a bit scared or lost , don\u2019t worry. We already have all your questions to our answers.<\/span><\/p>\n<ul>\n<li><b>Idea, choreography and text:<\/b><span style=\"font-weight: 400;\"> Vilma Pitrinait\u0117<\/span><\/li>\n<li><b>Performance and choreography<\/b><span style=\"font-weight: 400;\">: Oksana Griaznova, Sigita Jura\u0161kait\u0117, Agniet\u0117 Lisi\u010dkinait\u0117<\/span><\/li>\n<li><b>Music<\/b><span style=\"font-weight: 400;\">: Dominykas Digimas<\/span><\/li>\n<li><b>Video projections<\/b><span style=\"font-weight: 400;\">: Kristijonas Dirs\u0117<\/span><\/li>\n<li><b>Set and costume design<\/b><span style=\"font-weight: 400;\">: R\u016bta Kyguolyt\u0117<\/span><\/li>\n<li><b>Lighting<\/b><span style=\"font-weight: 400;\">: Povilas Laurinaitis<\/span><\/li>\n<\/ul>\n<!-- \/wp:gallery -->\t\t\t\t\t\t<\/div>\n\t\t\t\t<\/div>\n\t\t\t\t\t<\/div>\n\t\t<\/div>\n\t\t\t\t<div class=\"elementor-column elementor-col-50 elementor-top-column elementor-element elementor-element-2f62688\" data-id=\"2f62688\" data-element_type=\"column\">\n\t\t\t<div class=\"elementor-widget-wrap elementor-element-populated\">\n\t\t\t\t\t\t\t\t<div class=\"elementor-element elementor-element-44d8d52 elementor-widget elementor-widget-image\" data-id=\"44d8d52\" data-element_type=\"widget\" data-widget_type=\"image.default\">\n\t\t\t\t<div class=\"elementor-widget-container\">\n\t\t\t\t\t\t\t\t\t\t\t\t\t\t\t<img loading=\"lazy\" decoding=\"async\" width=\"1024\" height=\"743\" src=\"https:\/\/iseitiestaskas.lt\/wp-content\/uploads\/2025\/07\/2-1-1024x743.png\" class=\"attachment-large size-large\" alt=\"\" srcset=\"https:\/\/iseitiestaskas.lt\/wp-content\/uploads\/2025\/07\/2-1-1024x743.png 1024w, https:\/\/iseitiestaskas.lt\/wp-content\/uploads\/2025\/07\/2-1-300x218.png 300w, https:\/\/iseitiestaskas.lt\/wp-content\/uploads\/2025\/07\/2-1-768x557.png 768w, https:\/\/iseitiestaskas.lt\/wp-content\/uploads\/2025\/07\/2-1-1536x1115.png 1536w, https:\/\/iseitiestaskas.lt\/wp-content\/uploads\/2025\/07\/2-1-2048x1486.png 2048w, https:\/\/iseitiestaskas.lt\/wp-content\/uploads\/2025\/07\/2-1-18x12.png 18w, https:\/\/iseitiestaskas.lt\/wp-content\/uploads\/2025\/07\/2-1-600x435.png 600w\" sizes=\"(max-width: 1024px) 100vw, 1024px\" \/>\t\t\t\t\t\t\t\t\t\t\t\t\t\t\t<\/div>\n\t\t\t\t<\/div>\n\t\t\t\t<div class=\"elementor-element elementor-element-aa78bf0 elementor-widget elementor-widget-text-editor\" data-id=\"aa78bf0\" data-element_type=\"widget\" data-widget_type=\"text-editor.default\">\n\t\t\t\t<div class=\"elementor-widget-container\">\n\t\t\t\t\t\t\t\t<p>Foto. aut. I. Vy\u0161niauskait\u0117<\/p>\t\t\t\t\t\t<\/div>\n\t\t\t\t<\/div>\n\t\t\t\t<div class=\"elementor-element elementor-element-ee317b2 elementor-widget elementor-widget-jet-popup-action-button\" data-id=\"ee317b2\" data-element_type=\"widget\" data-widget_type=\"jet-popup-action-button.default\">\n\t\t\t\t<div class=\"elementor-widget-container\">\n\t\t\t\t\t<div class=\"jet-popup-action-button\">\n\t\t\t<a class=\"jet-popup-action-button__instance jet-popup-action-button--icon-after\" data-settings=\"{&quot;action-type&quot;:&quot;link&quot;}\" href=\"https:\/\/bilietai.kamerinisteatras.lt\/kasa\/seansas\/9f5d8eb4-c338-44ee-9cc7-455740436e98\"><i class=\"jet-popup-action-button__icon fa fa-ticket\"><\/i><span class=\"jet-popup-action-button__text\">Tickets<\/span>\t\t\t<\/a>\n\t\t<\/div>\t\t<\/div>\n\t\t\t\t<\/div>\n\t\t\t\t\t<\/div>\n\t\t<\/div>\n\t\t\t\t\t\t\t<\/div>\n\t\t<\/section>\n\t\t\t\t\t\t<\/div>\n\t\t\t\t\t<\/div>","protected":false},"excerpt":{"rendered":"<p>MATCH 3 Spalio 1 d. 18:00 (tre\u010diadienis)Trukm\u0117: 45 min.BE KOMPANIJOS I chor. Vilma Pitrinait\u0117 I N-16 Kauno miesto kamerinis teatras, Did\u017eioji sal\u0117 Bilieto kaina: 9,60\u201312 Eur \u0160iame k\u016brinyje trys \u0161ok\u0117jos tyrin\u0117ja k\u016bn\u0173, \u017eod\u017ei\u0173 ir tarpusavio santykius, u\u017eduodamos klausimus apie \u017emogaus ir technologij\u0173 s\u0105veik\u0105, konkurencij\u0105 bei \u0161iuolaikinio \u017emogaus viet\u0105 \u0161iame procese. Ar \u017einai, kaip atskirti \u017emog\u0173 [&hellip;]<\/p>","protected":false},"author":1,"featured_media":0,"parent":0,"menu_order":0,"comment_status":"closed","ping_status":"closed","template":"","meta":{"om_disable_all_campaigns":false,"_monsterinsights_skip_tracking":false,"_monsterinsights_sitenote_active":false,"_monsterinsights_sitenote_note":"","_monsterinsights_sitenote_category":0,"footnotes":""},"aioseo_notices":[],"_links":{"self":[{"href":"https:\/\/iseitiestaskas.lt\/en\/wp-json\/wp\/v2\/pages\/5811"}],"collection":[{"href":"https:\/\/iseitiestaskas.lt\/en\/wp-json\/wp\/v2\/pages"}],"about":[{"href":"https:\/\/iseitiestaskas.lt\/en\/wp-json\/wp\/v2\/types\/page"}],"author":[{"embeddable":true,"href":"https:\/\/iseitiestaskas.lt\/en\/wp-json\/wp\/v2\/users\/1"}],"replies":[{"embeddable":true,"href":"https:\/\/iseitiestaskas.lt\/en\/wp-json\/wp\/v2\/comments?post=5811"}],"version-history":[{"count":29,"href":"https:\/\/iseitiestaskas.lt\/en\/wp-json\/wp\/v2\/pages\/5811\/revisions"}],"predecessor-version":[{"id":6552,"href":"https:\/\/iseitiestaskas.lt\/en\/wp-json\/wp\/v2\/pages\/5811\/revisions\/6552"}],"wp:attachment":[{"href":"https:\/\/iseitiestaskas.lt\/en\/wp-json\/wp\/v2\/media?parent=5811"}],"curies":[{"name":"wp","href":"https:\/\/api.w.org\/{rel}","templated":true}]}}