{"id":5817,"date":"2025-07-22T13:45:55","date_gmt":"2025-07-22T13:45:55","guid":{"rendered":"https:\/\/iseitiestaskas.lt\/?page_id=5817"},"modified":"2025-08-12T08:59:40","modified_gmt":"2025-08-12T08:59:40","slug":"tyliai-tyliai","status":"publish","type":"page","link":"https:\/\/iseitiestaskas.lt\/en\/tyliai-tyliai\/","title":{"rendered":"TYLIAI TYLIAI"},"content":{"rendered":"<div data-elementor-type=\"wp-page\" data-elementor-id=\"5817\" class=\"elementor elementor-5817\" data-elementor-settings=\"[]\">\n\t\t\t\t\t\t\t<div class=\"elementor-section-wrap\">\n\t\t\t\t\t\t\t<section class=\"elementor-section elementor-top-section elementor-element elementor-element-4e65e4c elementor-section-boxed elementor-section-height-default elementor-section-height-default\" data-id=\"4e65e4c\" data-element_type=\"section\">\n\t\t\t\t\t\t<div class=\"elementor-container elementor-column-gap-default\">\n\t\t\t\t\t<div class=\"elementor-column elementor-col-100 elementor-top-column elementor-element elementor-element-9b1e1ed\" data-id=\"9b1e1ed\" data-element_type=\"column\">\n\t\t\t<div class=\"elementor-widget-wrap elementor-element-populated\">\n\t\t\t\t\t\t\t\t<div class=\"elementor-element elementor-element-76ce534 elementor-widget elementor-widget-heading\" data-id=\"76ce534\" data-element_type=\"widget\" data-widget_type=\"heading.default\">\n\t\t\t\t<div class=\"elementor-widget-container\">\n\t\t\t<h2 class=\"elementor-heading-title elementor-size-default\">TYLIAI TYLIAI<\/h2>\t\t<\/div>\n\t\t\t\t<\/div>\n\t\t\t\t\t<\/div>\n\t\t<\/div>\n\t\t\t\t\t\t\t<\/div>\n\t\t<\/section>\n\t\t\t\t<section class=\"elementor-section elementor-top-section elementor-element elementor-element-6eece8d elementor-section-boxed elementor-section-height-default elementor-section-height-default\" data-id=\"6eece8d\" data-element_type=\"section\">\n\t\t\t\t\t\t<div class=\"elementor-container elementor-column-gap-default\">\n\t\t\t\t\t<div class=\"elementor-column elementor-col-50 elementor-top-column elementor-element elementor-element-2007d6a\" data-id=\"2007d6a\" data-element_type=\"column\">\n\t\t\t<div class=\"elementor-widget-wrap elementor-element-populated\">\n\t\t\t\t\t\t\t\t<div class=\"elementor-element elementor-element-291d25dd elementor-widget elementor-widget-text-editor\" data-id=\"291d25dd\" data-element_type=\"widget\" data-widget_type=\"text-editor.default\">\n\t\t\t\t<div class=\"elementor-widget-container\">\n\t\t\t\t\t\t\t\t<!-- wp:paragraph -->\n<h5><strong>Spalio 2 d. 18:00 (ketvirtadienis)<\/strong><br \/><strong>Length: 60 min.<\/strong><br \/><strong>MMLAB I re\u017e. Ieva Tamo\u0161evi\u010di\u016bt\u0117 I N-16<br \/><\/strong>Kaunas City Chamber Theatre, Great Hall<\/h5>\n<p><a title=\"\" href=\"https:\/\/bilietai.kamerinisteatras.lt\/kasa\/seansas\/9f5d8e67-d7ae-434c-be8f-2814228c3714\" target=\"_blank\" rel=\"noopener\"><mark class=\"has-inline-color\" style=\"background-color: #f78da7;\">Bilieto kaina: 9,60\u201312 Eur<\/mark><\/a><\/p>\n<!-- \/wp:paragraph --><!-- wp:paragraph -->\n<p>\u201eTyliai tyliai\u201c \u2013 kamerin\u0117 dviej\u0173 \u017emoni\u0173 drama apie tyl\u0105, kuri tampa ne(be)pakeliama.<\/p>\n<!-- \/wp:paragraph --><!-- wp:paragraph -->\n<p>Mergina po bandymo nusi\u017eudyti pasirenka tyl\u0105 \u2013 ne kaip i\u0161silaisvinim\u0105, o kaip vienintel\u012f jai pa\u017e\u012fstam\u0105 kriz\u0117s valdymo mechanizm\u0105. Veiksmas vyksta jos kambaryje, kuriame gyva praeitis \u2013 mo\u010diut\u0117s balsas, t\u0117\u010dio netektis, mamos tyl\u0117jimas. Tarp jos ir vaikino mezgasi trapus ry\u0161ys \u2013 jis nori pad\u0117ti, bet ne\u017eino kaip; ji nori b\u016bti suprasta, bet bijo atsiverti.<\/p>\n<!-- \/wp:paragraph --><!-- wp:paragraph -->\n<p>Tai \u2013 spektaklis apie tyl\u0105 kaip gynyb\u0105 ir kaip pagalbos \u0161auksm\u0105. Apie nor\u0105 b\u016bti mylimai neslepiant savo \u017eaizd\u0173. Apie baim\u0119 prabilti ir vilt\u012f, kad tai \u012fmanoma.<\/p>\n<!-- \/wp:paragraph --><!-- wp:paragraph -->\n<p><strong>Re\u017eis\u016bra:<\/strong> Ieva Tamo\u0161evi\u010di\u016bt\u0117<br \/><strong>Dramaturgija:<\/strong> Orestas Razumas<br \/><strong>Vaidina:<\/strong> Sofija Gedgaudait\u0117, \u0160ar\u016bnas Zenkevi\u010dius<br \/><strong>Mentoryst\u0117:<\/strong> Ur\u0161ul\u0117 Barto\u0161evi\u010di\u016bt\u0117<br \/><strong>Scenografija ir kostiumai<\/strong>: Kotryna K. Rupainyt\u0117<br \/><strong>Projekcijos<\/strong>: Tomas \u0160ukelovi\u010d<br \/><strong>Muzika:<\/strong> Nikita Kiriuchinas<br \/><strong>\u0160vies\u0173 dail\u0117:<\/strong> Ignas Rulevi\u010dius<br \/><strong>Prodiuser\u0117:<\/strong> Rusn\u0117 Kreg\u017edait\u0117<br \/><strong>Vykdan\u010dioji prodiuser\u0117:<\/strong> Greta Senkut\u0117<br \/><strong>Dizainas:<\/strong> Satio<\/p>\n<!-- \/wp:paragraph --><!-- wp:paragraph -->\n<p>Konsultuojantys psichologin\u0117s sveikatos specialistai: Goda Naus\u0117dait\u0117, Said Dada\u0161ev, J\u016brat\u0117 Su\u010dylait\u0117.<br \/>Spektakl\u012f finansuoja: Lietuvos kult\u016bros taryba, Vilniaus miesto savivaldyb\u0117.<br \/>Emocin\u0117s paramos linijos:<\/p>\n<!-- \/wp:paragraph --><!-- wp:list -->\n<ul><!-- wp:list-item -->\n<li>Jaunimo linija 8 800 28 888<\/li>\n<!-- \/wp:list-item --><!-- wp:list-item -->\n<li>Vilties linija 116 123<\/li>\n<!-- \/wp:list-item --><!-- wp:list-item -->\n<li>Sidabrin\u0117 linija 8 800 80 020<\/li>\n<!-- \/wp:list-item --><\/ul>\n<!-- \/wp:list --><!-- wp:paragraph -->\n<p>Pagalba galvojantiems apie savi\u017eudyb\u0119 arba ie\u0161kantiems pagalbos artimajam: <a href=\"http:\/\/www.tuesi.lt\">www.tuesi.lt<\/a> \u00a0<\/p>\n<!-- \/wp:gallery -->\t\t\t\t\t\t<\/div>\n\t\t\t\t<\/div>\n\t\t\t\t<div class=\"elementor-element elementor-element-3cd5cb8 elementor-widget elementor-widget-jet-popup-action-button\" data-id=\"3cd5cb8\" data-element_type=\"widget\" data-widget_type=\"jet-popup-action-button.default\">\n\t\t\t\t<div class=\"elementor-widget-container\">\n\t\t\t\t\t<div class=\"jet-popup-action-button\">\n\t\t\t<a class=\"jet-popup-action-button__instance jet-popup-action-button--icon-after\" data-settings=\"{&quot;action-type&quot;:&quot;link&quot;}\" href=\"https:\/\/bilietai.kamerinisteatras.lt\/kasa\/seansas\/9f5d8e67-d7ae-434c-be8f-2814228c3714\"><i class=\"jet-popup-action-button__icon fa fa-ticket\"><\/i><span class=\"jet-popup-action-button__text\">Tickets<\/span>\t\t\t<\/a>\n\t\t<\/div>\t\t<\/div>\n\t\t\t\t<\/div>\n\t\t\t\t\t<\/div>\n\t\t<\/div>\n\t\t\t\t<div class=\"elementor-column elementor-col-50 elementor-top-column elementor-element elementor-element-8230bf7\" data-id=\"8230bf7\" data-element_type=\"column\">\n\t\t\t<div class=\"elementor-widget-wrap elementor-element-populated\">\n\t\t\t\t\t\t\t\t<div class=\"elementor-element elementor-element-87cff23 elementor-widget elementor-widget-image\" data-id=\"87cff23\" data-element_type=\"widget\" data-widget_type=\"image.default\">\n\t\t\t\t<div class=\"elementor-widget-container\">\n\t\t\t\t\t\t\t\t\t\t\t\t\t\t\t<img loading=\"lazy\" decoding=\"async\" width=\"1024\" height=\"768\" src=\"https:\/\/iseitiestaskas.lt\/wp-content\/uploads\/2025\/07\/Copy-of-Tyliai-LR-June-23-2025-26-1024x768.jpg\" class=\"attachment-large size-large\" alt=\"\" srcset=\"https:\/\/iseitiestaskas.lt\/wp-content\/uploads\/2025\/07\/Copy-of-Tyliai-LR-June-23-2025-26-1024x768.jpg 1024w, https:\/\/iseitiestaskas.lt\/wp-content\/uploads\/2025\/07\/Copy-of-Tyliai-LR-June-23-2025-26-300x225.jpg 300w, https:\/\/iseitiestaskas.lt\/wp-content\/uploads\/2025\/07\/Copy-of-Tyliai-LR-June-23-2025-26-768x576.jpg 768w, https:\/\/iseitiestaskas.lt\/wp-content\/uploads\/2025\/07\/Copy-of-Tyliai-LR-June-23-2025-26-1536x1152.jpg 1536w, https:\/\/iseitiestaskas.lt\/wp-content\/uploads\/2025\/07\/Copy-of-Tyliai-LR-June-23-2025-26-16x12.jpg 16w, https:\/\/iseitiestaskas.lt\/wp-content\/uploads\/2025\/07\/Copy-of-Tyliai-LR-June-23-2025-26-600x450.jpg 600w, https:\/\/iseitiestaskas.lt\/wp-content\/uploads\/2025\/07\/Copy-of-Tyliai-LR-June-23-2025-26.jpg 2048w\" sizes=\"(max-width: 1024px) 100vw, 1024px\" \/>\t\t\t\t\t\t\t\t\t\t\t\t\t\t\t<\/div>\n\t\t\t\t<\/div>\n\t\t\t\t<div class=\"elementor-element elementor-element-2189ab7 elementor-widget elementor-widget-image\" data-id=\"2189ab7\" data-element_type=\"widget\" data-widget_type=\"image.default\">\n\t\t\t\t<div class=\"elementor-widget-container\">\n\t\t\t\t\t\t\t\t\t\t\t\t\t\t\t<img loading=\"lazy\" decoding=\"async\" width=\"1024\" height=\"768\" src=\"https:\/\/iseitiestaskas.lt\/wp-content\/uploads\/2025\/07\/Copy-of-Tyliai-LR-June-23-2025-23-1-1024x768.jpg\" class=\"attachment-large size-large\" alt=\"\" srcset=\"https:\/\/iseitiestaskas.lt\/wp-content\/uploads\/2025\/07\/Copy-of-Tyliai-LR-June-23-2025-23-1-1024x768.jpg 1024w, https:\/\/iseitiestaskas.lt\/wp-content\/uploads\/2025\/07\/Copy-of-Tyliai-LR-June-23-2025-23-1-300x225.jpg 300w, https:\/\/iseitiestaskas.lt\/wp-content\/uploads\/2025\/07\/Copy-of-Tyliai-LR-June-23-2025-23-1-768x576.jpg 768w, https:\/\/iseitiestaskas.lt\/wp-content\/uploads\/2025\/07\/Copy-of-Tyliai-LR-June-23-2025-23-1-1536x1152.jpg 1536w, https:\/\/iseitiestaskas.lt\/wp-content\/uploads\/2025\/07\/Copy-of-Tyliai-LR-June-23-2025-23-1-16x12.jpg 16w, https:\/\/iseitiestaskas.lt\/wp-content\/uploads\/2025\/07\/Copy-of-Tyliai-LR-June-23-2025-23-1-600x450.jpg 600w, https:\/\/iseitiestaskas.lt\/wp-content\/uploads\/2025\/07\/Copy-of-Tyliai-LR-June-23-2025-23-1.jpg 2048w\" sizes=\"(max-width: 1024px) 100vw, 1024px\" \/>\t\t\t\t\t\t\t\t\t\t\t\t\t\t\t<\/div>\n\t\t\t\t<\/div>\n\t\t\t\t<div class=\"elementor-element elementor-element-c8a172d elementor-widget elementor-widget-image\" data-id=\"c8a172d\" data-element_type=\"widget\" data-widget_type=\"image.default\">\n\t\t\t\t<div class=\"elementor-widget-container\">\n\t\t\t\t\t\t\t\t\t\t\t\t\t\t\t<img loading=\"lazy\" decoding=\"async\" width=\"1024\" height=\"768\" src=\"https:\/\/iseitiestaskas.lt\/wp-content\/uploads\/2025\/07\/Copy-of-Tyliai-Tyliai-LR-June-23-2025-1024x768.jpg\" class=\"attachment-large size-large\" alt=\"\" srcset=\"https:\/\/iseitiestaskas.lt\/wp-content\/uploads\/2025\/07\/Copy-of-Tyliai-Tyliai-LR-June-23-2025-1024x768.jpg 1024w, https:\/\/iseitiestaskas.lt\/wp-content\/uploads\/2025\/07\/Copy-of-Tyliai-Tyliai-LR-June-23-2025-300x225.jpg 300w, https:\/\/iseitiestaskas.lt\/wp-content\/uploads\/2025\/07\/Copy-of-Tyliai-Tyliai-LR-June-23-2025-768x576.jpg 768w, https:\/\/iseitiestaskas.lt\/wp-content\/uploads\/2025\/07\/Copy-of-Tyliai-Tyliai-LR-June-23-2025-1536x1152.jpg 1536w, https:\/\/iseitiestaskas.lt\/wp-content\/uploads\/2025\/07\/Copy-of-Tyliai-Tyliai-LR-June-23-2025-16x12.jpg 16w, https:\/\/iseitiestaskas.lt\/wp-content\/uploads\/2025\/07\/Copy-of-Tyliai-Tyliai-LR-June-23-2025-600x450.jpg 600w, https:\/\/iseitiestaskas.lt\/wp-content\/uploads\/2025\/07\/Copy-of-Tyliai-Tyliai-LR-June-23-2025.jpg 2048w\" sizes=\"(max-width: 1024px) 100vw, 1024px\" \/>\t\t\t\t\t\t\t\t\t\t\t\t\t\t\t<\/div>\n\t\t\t\t<\/div>\n\t\t\t\t<div class=\"elementor-element elementor-element-57203fe elementor-widget elementor-widget-text-editor\" data-id=\"57203fe\" data-element_type=\"widget\" data-widget_type=\"text-editor.default\">\n\t\t\t\t<div class=\"elementor-widget-container\">\n\t\t\t\t\t\t\t\t<p>Foto. aut. Martynas Norvai\u0161as<\/p>\t\t\t\t\t\t<\/div>\n\t\t\t\t<\/div>\n\t\t\t\t\t<\/div>\n\t\t<\/div>\n\t\t\t\t\t\t\t<\/div>\n\t\t<\/section>\n\t\t\t\t\t\t<\/div>\n\t\t\t\t\t<\/div>","protected":false},"excerpt":{"rendered":"<p>TYLIAI TYLIAI Spalio 2 d. 18:00 (ketvirtadienis)Trukm\u0117: 60 min.MMLAB I re\u017e. Ieva Tamo\u0161evi\u010di\u016bt\u0117 I N-16Kauno miesto kamerinis teatras, Did\u017eioji sal\u0117 Bilieto kaina: 9,60\u201312 Eur \u201eTyliai tyliai\u201c \u2013 kamerin\u0117 dviej\u0173 \u017emoni\u0173 drama apie tyl\u0105, kuri tampa ne(be)pakeliama. Mergina po bandymo nusi\u017eudyti pasirenka tyl\u0105 \u2013 ne kaip i\u0161silaisvinim\u0105, o kaip vienintel\u012f jai pa\u017e\u012fstam\u0105 kriz\u0117s valdymo mechanizm\u0105. Veiksmas [&hellip;]<\/p>","protected":false},"author":1,"featured_media":0,"parent":0,"menu_order":0,"comment_status":"closed","ping_status":"closed","template":"","meta":{"om_disable_all_campaigns":false,"_monsterinsights_skip_tracking":false,"_monsterinsights_sitenote_active":false,"_monsterinsights_sitenote_note":"","_monsterinsights_sitenote_category":0,"footnotes":""},"aioseo_notices":[],"_links":{"self":[{"href":"https:\/\/iseitiestaskas.lt\/en\/wp-json\/wp\/v2\/pages\/5817"}],"collection":[{"href":"https:\/\/iseitiestaskas.lt\/en\/wp-json\/wp\/v2\/pages"}],"about":[{"href":"https:\/\/iseitiestaskas.lt\/en\/wp-json\/wp\/v2\/types\/page"}],"author":[{"embeddable":true,"href":"https:\/\/iseitiestaskas.lt\/en\/wp-json\/wp\/v2\/users\/1"}],"replies":[{"embeddable":true,"href":"https:\/\/iseitiestaskas.lt\/en\/wp-json\/wp\/v2\/comments?post=5817"}],"version-history":[{"count":20,"href":"https:\/\/iseitiestaskas.lt\/en\/wp-json\/wp\/v2\/pages\/5817\/revisions"}],"predecessor-version":[{"id":6395,"href":"https:\/\/iseitiestaskas.lt\/en\/wp-json\/wp\/v2\/pages\/5817\/revisions\/6395"}],"wp:attachment":[{"href":"https:\/\/iseitiestaskas.lt\/en\/wp-json\/wp\/v2\/media?parent=5817"}],"curies":[{"name":"wp","href":"https:\/\/api.w.org\/{rel}","templated":true}]}}