{"id":5823,"date":"2025-07-22T13:51:56","date_gmt":"2025-07-22T13:51:56","guid":{"rendered":"https:\/\/iseitiestaskas.lt\/?page_id=5823"},"modified":"2025-08-12T09:00:40","modified_gmt":"2025-08-12T09:00:40","slug":"vienarankis-is-spokano","status":"publish","type":"page","link":"https:\/\/iseitiestaskas.lt\/en\/vienarankis-is-spokano\/","title":{"rendered":"VIENARANKIS I\u0160 SPOKANO"},"content":{"rendered":"<div data-elementor-type=\"wp-page\" data-elementor-id=\"5823\" class=\"elementor elementor-5823\" data-elementor-settings=\"[]\">\n\t\t\t\t\t\t\t<div class=\"elementor-section-wrap\">\n\t\t\t\t\t\t\t<section class=\"elementor-section elementor-top-section elementor-element elementor-element-ae4323f elementor-section-boxed elementor-section-height-default elementor-section-height-default\" data-id=\"ae4323f\" data-element_type=\"section\">\n\t\t\t\t\t\t<div class=\"elementor-container elementor-column-gap-default\">\n\t\t\t\t\t<div class=\"elementor-column elementor-col-100 elementor-top-column elementor-element elementor-element-43fe47d\" data-id=\"43fe47d\" data-element_type=\"column\">\n\t\t\t<div class=\"elementor-widget-wrap elementor-element-populated\">\n\t\t\t\t\t\t\t\t<div class=\"elementor-element elementor-element-96ad30f elementor-widget elementor-widget-heading\" data-id=\"96ad30f\" data-element_type=\"widget\" data-widget_type=\"heading.default\">\n\t\t\t\t<div class=\"elementor-widget-container\">\n\t\t\t<h2 class=\"elementor-heading-title elementor-size-default\">VIENARANKIS I\u0160 SPOKANO<\/h2>\t\t<\/div>\n\t\t\t\t<\/div>\n\t\t\t\t\t<\/div>\n\t\t<\/div>\n\t\t\t\t\t\t\t<\/div>\n\t\t<\/section>\n\t\t\t\t<section class=\"elementor-section elementor-top-section elementor-element elementor-element-d4d41fc elementor-section-boxed elementor-section-height-default elementor-section-height-default\" data-id=\"d4d41fc\" data-element_type=\"section\">\n\t\t\t\t\t\t<div class=\"elementor-container elementor-column-gap-default\">\n\t\t\t\t\t<div class=\"elementor-column elementor-col-50 elementor-top-column elementor-element elementor-element-ed30fae\" data-id=\"ed30fae\" data-element_type=\"column\">\n\t\t\t<div class=\"elementor-widget-wrap elementor-element-populated\">\n\t\t\t\t\t\t\t\t<div class=\"elementor-element elementor-element-723b0ced elementor-widget elementor-widget-text-editor\" data-id=\"723b0ced\" data-element_type=\"widget\" data-widget_type=\"text-editor.default\">\n\t\t\t\t<div class=\"elementor-widget-container\">\n\t\t\t\t\t\t\t\t<!-- wp:paragraph -->\n<h5><strong>Spalio 2 d. 19:00 (ketvirtadienis)<\/strong><br \/><strong>Trukm\u0117: 2,5 val. (su pertrauka)<\/strong><br \/><strong>KTU STUDIJA 44 I re\u017e. Donatas Laurinavi\u010dius | N-16<\/strong><br \/>KTU teatro studija, Laisv\u0117s al. 13\u00a0<\/h5>\n<p><mark class=\"has-inline-color has-black-color\" style=\"background-color: #f78da7;\">Renginys nemokamas,\u00a0b\u016btina registracija.<\/mark><\/p>\n<!-- \/wp:paragraph --><!-- wp:paragraph -->\n<p>KTU teatro studija \u201e44\u201c kvie\u010dia \u012f\u017eengti \u012f ni\u016br\u0173, \u012ftartin\u0105 vie\u0161bu\u010dio kambar\u012f, kuriame paslaptingasis vyras Karmaiklas ie\u0161ko ka\u017eko brangaus, k\u0105 seniai prarado. Dvide\u0161imt septynerius metus trunkanti kelion\u0117 j\u012f i\u0161vargino ir jo kantryb\u0117 senka.<\/p>\n<!-- \/wp:paragraph --><!-- wp:paragraph -->\n<p>\u012etampos ir absurdo kupinoje erdv\u0117je Karmaiklo paie\u0161kos suveda j\u012f su pora oportunist\u0173, manan\u010di\u0173, kad j\u012f pergudravo. Ta\u010diau n\u0117ra taip, kaip atrodo. Sulig kiekvienu pokalbiu ir tylos akimirka atsiranda nauj\u0173 pos\u016bki\u0173, statymai kyla, o pavojus auga. Prie \u0161i\u0173 intrig\u0173 mielai prisideda ir ekscentri\u0161kasis vie\u0161bu\u010dio administratorius.<\/p>\n<!-- \/wp:paragraph --><!-- wp:paragraph -->\n<p>\u0160ioje juodoje komedijoje tyrin\u0117jamas \u017emogaus prigimties nenusp\u0117jamumas, sav\u0119s pa\u017einimo, integralumo ir gyvenimo para\u0161t\u0117se temos. Tai \u2013 ne \u012fprastos atsakym\u0173 paie\u0161kos, o kelion\u0117 \u012f keistus ir suktus dalykus, kur \u017ei\u016brovus veda dar keistesni ir suktesni persona\u017eai bei siu\u017eetas.<\/p>\n<!-- \/wp:paragraph --><!-- wp:paragraph -->\n<p>D\u0117mesio: spektaklio metu yra r\u016bkoma, naudojami dirbtiniai d\u016bmai, vartojama necenz\u016brin\u0117, homofobin\u0117, rasistin\u0117 kalba.<\/p>\n<!-- \/wp:paragraph --><!-- wp:paragraph -->\n<p><strong>Re\u017eis\u016bra:<\/strong> Donatas Laurinavi\u010dius<br \/><strong>Tekstas: <\/strong>Martin McDonagh<br \/><strong>I\u0161 angl\u0173 kalbos vert\u0117: <\/strong>Viktoras Mick\u016bnas, Donatas Laurinavi\u010dius, Aleksandr \u0160pilevoj<br \/><strong>Scenografija ir kostiumai:<\/strong> Kseniya Khamiankova<br \/><strong>\u0160vies\u0173 dail\u0117:<\/strong> Nojus Krasuckas<strong>\u00a0<\/strong><br \/><strong>Medija ir vizualiniai sprendimai:<\/strong> Viktorija Lankauskait\u0117<br \/><strong>Vaidina: <\/strong>Dominykas Ju\u0161kys \/ Donatas Laurinavi\u010dius, Viktoras Mick\u016bnas, Diana Karlauskait\u0117 \/ Viktorija Kuzabavi\u010di\u016bt\u0117, Lukas \u0160imelis, Viktorija Kuzabavi\u010di\u016bt\u0117<\/p>\n<!-- \/wp:gallery -->\t\t\t\t\t\t<\/div>\n\t\t\t\t<\/div>\n\t\t\t\t<div class=\"elementor-element elementor-element-52ecbfe elementor-widget elementor-widget-jet-popup-action-button\" data-id=\"52ecbfe\" data-element_type=\"widget\" data-widget_type=\"jet-popup-action-button.default\">\n\t\t\t\t<div class=\"elementor-widget-container\">\n\t\t\t\t\t<div class=\"jet-popup-action-button\">\n\t\t\t<a class=\"jet-popup-action-button__instance jet-popup-action-button--icon-after\" data-settings=\"{&quot;action-type&quot;:&quot;link&quot;}\" href=\"https:\/\/teatras.ktu.edu\/registracija-i-spektakli\/\"><i class=\"jet-popup-action-button__icon fa fa-ticket\"><\/i><span class=\"jet-popup-action-button__text\">Registracija<\/span>\t\t\t<\/a>\n\t\t<\/div>\t\t<\/div>\n\t\t\t\t<\/div>\n\t\t\t\t\t<\/div>\n\t\t<\/div>\n\t\t\t\t<div class=\"elementor-column elementor-col-50 elementor-top-column elementor-element elementor-element-27564b0\" data-id=\"27564b0\" data-element_type=\"column\">\n\t\t\t<div class=\"elementor-widget-wrap elementor-element-populated\">\n\t\t\t\t\t\t\t\t<div class=\"elementor-element elementor-element-7d7fb3e elementor-widget elementor-widget-image\" data-id=\"7d7fb3e\" data-element_type=\"widget\" data-widget_type=\"image.default\">\n\t\t\t\t<div class=\"elementor-widget-container\">\n\t\t\t\t\t\t\t\t\t\t\t\t\t\t\t<img loading=\"lazy\" decoding=\"async\" width=\"1024\" height=\"683\" src=\"https:\/\/iseitiestaskas.lt\/wp-content\/uploads\/2025\/07\/VIS-103-1024x683.jpg\" class=\"attachment-large size-large\" alt=\"\" srcset=\"https:\/\/iseitiestaskas.lt\/wp-content\/uploads\/2025\/07\/VIS-103-1024x683.jpg 1024w, https:\/\/iseitiestaskas.lt\/wp-content\/uploads\/2025\/07\/VIS-103-300x200.jpg 300w, https:\/\/iseitiestaskas.lt\/wp-content\/uploads\/2025\/07\/VIS-103-768x512.jpg 768w, https:\/\/iseitiestaskas.lt\/wp-content\/uploads\/2025\/07\/VIS-103-391x260.jpg 391w, https:\/\/iseitiestaskas.lt\/wp-content\/uploads\/2025\/07\/VIS-103-1536x1024.jpg 1536w, https:\/\/iseitiestaskas.lt\/wp-content\/uploads\/2025\/07\/VIS-103-2048x1365.jpg 2048w, https:\/\/iseitiestaskas.lt\/wp-content\/uploads\/2025\/07\/VIS-103-18x12.jpg 18w, https:\/\/iseitiestaskas.lt\/wp-content\/uploads\/2025\/07\/VIS-103-600x400.jpg 600w\" sizes=\"(max-width: 1024px) 100vw, 1024px\" \/>\t\t\t\t\t\t\t\t\t\t\t\t\t\t\t<\/div>\n\t\t\t\t<\/div>\n\t\t\t\t<div class=\"elementor-element elementor-element-fb930fa elementor-widget elementor-widget-image\" data-id=\"fb930fa\" data-element_type=\"widget\" data-widget_type=\"image.default\">\n\t\t\t\t<div class=\"elementor-widget-container\">\n\t\t\t\t\t\t\t\t\t\t\t\t\t\t\t<img loading=\"lazy\" decoding=\"async\" width=\"1024\" height=\"683\" src=\"https:\/\/iseitiestaskas.lt\/wp-content\/uploads\/2025\/07\/VIS-147-1024x683.jpg\" class=\"attachment-large size-large\" alt=\"\" srcset=\"https:\/\/iseitiestaskas.lt\/wp-content\/uploads\/2025\/07\/VIS-147-1024x683.jpg 1024w, https:\/\/iseitiestaskas.lt\/wp-content\/uploads\/2025\/07\/VIS-147-300x200.jpg 300w, https:\/\/iseitiestaskas.lt\/wp-content\/uploads\/2025\/07\/VIS-147-768x512.jpg 768w, https:\/\/iseitiestaskas.lt\/wp-content\/uploads\/2025\/07\/VIS-147-391x260.jpg 391w, https:\/\/iseitiestaskas.lt\/wp-content\/uploads\/2025\/07\/VIS-147-1536x1024.jpg 1536w, https:\/\/iseitiestaskas.lt\/wp-content\/uploads\/2025\/07\/VIS-147-2048x1365.jpg 2048w, https:\/\/iseitiestaskas.lt\/wp-content\/uploads\/2025\/07\/VIS-147-18x12.jpg 18w, https:\/\/iseitiestaskas.lt\/wp-content\/uploads\/2025\/07\/VIS-147-600x400.jpg 600w\" sizes=\"(max-width: 1024px) 100vw, 1024px\" \/>\t\t\t\t\t\t\t\t\t\t\t\t\t\t\t<\/div>\n\t\t\t\t<\/div>\n\t\t\t\t<div class=\"elementor-element elementor-element-521cf10 elementor-widget elementor-widget-image\" data-id=\"521cf10\" data-element_type=\"widget\" data-widget_type=\"image.default\">\n\t\t\t\t<div class=\"elementor-widget-container\">\n\t\t\t\t\t\t\t\t\t\t\t\t\t\t\t<img loading=\"lazy\" decoding=\"async\" width=\"1024\" height=\"683\" src=\"https:\/\/iseitiestaskas.lt\/wp-content\/uploads\/2025\/07\/VIS-32-1024x683.jpg\" class=\"attachment-large size-large\" alt=\"\" srcset=\"https:\/\/iseitiestaskas.lt\/wp-content\/uploads\/2025\/07\/VIS-32-1024x683.jpg 1024w, https:\/\/iseitiestaskas.lt\/wp-content\/uploads\/2025\/07\/VIS-32-300x200.jpg 300w, https:\/\/iseitiestaskas.lt\/wp-content\/uploads\/2025\/07\/VIS-32-768x512.jpg 768w, https:\/\/iseitiestaskas.lt\/wp-content\/uploads\/2025\/07\/VIS-32-391x260.jpg 391w, https:\/\/iseitiestaskas.lt\/wp-content\/uploads\/2025\/07\/VIS-32-1536x1024.jpg 1536w, https:\/\/iseitiestaskas.lt\/wp-content\/uploads\/2025\/07\/VIS-32-2048x1365.jpg 2048w, https:\/\/iseitiestaskas.lt\/wp-content\/uploads\/2025\/07\/VIS-32-18x12.jpg 18w, https:\/\/iseitiestaskas.lt\/wp-content\/uploads\/2025\/07\/VIS-32-600x400.jpg 600w\" sizes=\"(max-width: 1024px) 100vw, 1024px\" \/>\t\t\t\t\t\t\t\t\t\t\t\t\t\t\t<\/div>\n\t\t\t\t<\/div>\n\t\t\t\t<div class=\"elementor-element elementor-element-701c14e elementor-widget elementor-widget-text-editor\" data-id=\"701c14e\" data-element_type=\"widget\" data-widget_type=\"text-editor.default\">\n\t\t\t\t<div class=\"elementor-widget-container\">\n\t\t\t\t\t\t\t\t<p>Foto. aut. V. Lankauskait\u0117<\/p>\t\t\t\t\t\t<\/div>\n\t\t\t\t<\/div>\n\t\t\t\t\t<\/div>\n\t\t<\/div>\n\t\t\t\t\t\t\t<\/div>\n\t\t<\/section>\n\t\t\t\t\t\t<\/div>\n\t\t\t\t\t<\/div>","protected":false},"excerpt":{"rendered":"<p>VIENARANKIS I\u0160 SPOKANO Spalio 2 d. 19:00 (ketvirtadienis)Trukm\u0117: 2,5 val. (su pertrauka)KTU STUDIJA 44 I re\u017e. Donatas Laurinavi\u010dius | N-16KTU teatro studija, Laisv\u0117s al. 13\u00a0 Renginys nemokamas,\u00a0b\u016btina registracija. KTU teatro studija \u201e44\u201c kvie\u010dia \u012f\u017eengti \u012f ni\u016br\u0173, \u012ftartin\u0105 vie\u0161bu\u010dio kambar\u012f, kuriame paslaptingasis vyras Karmaiklas ie\u0161ko ka\u017eko brangaus, k\u0105 seniai prarado. Dvide\u0161imt septynerius metus trunkanti kelion\u0117 j\u012f [&hellip;]<\/p>","protected":false},"author":1,"featured_media":0,"parent":0,"menu_order":0,"comment_status":"closed","ping_status":"closed","template":"","meta":{"om_disable_all_campaigns":false,"_monsterinsights_skip_tracking":false,"_monsterinsights_sitenote_active":false,"_monsterinsights_sitenote_note":"","_monsterinsights_sitenote_category":0,"footnotes":""},"aioseo_notices":[],"_links":{"self":[{"href":"https:\/\/iseitiestaskas.lt\/en\/wp-json\/wp\/v2\/pages\/5823"}],"collection":[{"href":"https:\/\/iseitiestaskas.lt\/en\/wp-json\/wp\/v2\/pages"}],"about":[{"href":"https:\/\/iseitiestaskas.lt\/en\/wp-json\/wp\/v2\/types\/page"}],"author":[{"embeddable":true,"href":"https:\/\/iseitiestaskas.lt\/en\/wp-json\/wp\/v2\/users\/1"}],"replies":[{"embeddable":true,"href":"https:\/\/iseitiestaskas.lt\/en\/wp-json\/wp\/v2\/comments?post=5823"}],"version-history":[{"count":14,"href":"https:\/\/iseitiestaskas.lt\/en\/wp-json\/wp\/v2\/pages\/5823\/revisions"}],"predecessor-version":[{"id":6404,"href":"https:\/\/iseitiestaskas.lt\/en\/wp-json\/wp\/v2\/pages\/5823\/revisions\/6404"}],"wp:attachment":[{"href":"https:\/\/iseitiestaskas.lt\/en\/wp-json\/wp\/v2\/media?parent=5823"}],"curies":[{"name":"wp","href":"https:\/\/api.w.org\/{rel}","templated":true}]}}