{"id":5830,"date":"2025-07-22T13:59:30","date_gmt":"2025-07-22T13:59:30","guid":{"rendered":"https:\/\/iseitiestaskas.lt\/?page_id=5830"},"modified":"2025-08-12T09:00:15","modified_gmt":"2025-08-12T09:00:15","slug":"nasles","status":"publish","type":"page","link":"https:\/\/iseitiestaskas.lt\/en\/nasles\/","title":{"rendered":"NA\u0160L\u0116S"},"content":{"rendered":"<div data-elementor-type=\"wp-page\" data-elementor-id=\"5830\" class=\"elementor elementor-5830\" data-elementor-settings=\"[]\">\n\t\t\t\t\t\t\t<div class=\"elementor-section-wrap\">\n\t\t\t\t\t\t\t<section class=\"elementor-section elementor-top-section elementor-element elementor-element-1b2ef2d elementor-section-boxed elementor-section-height-default elementor-section-height-default\" data-id=\"1b2ef2d\" data-element_type=\"section\">\n\t\t\t\t\t\t<div class=\"elementor-container elementor-column-gap-default\">\n\t\t\t\t\t<div class=\"elementor-column elementor-col-100 elementor-top-column elementor-element elementor-element-04ff0e9\" data-id=\"04ff0e9\" data-element_type=\"column\">\n\t\t\t<div class=\"elementor-widget-wrap elementor-element-populated\">\n\t\t\t\t\t\t\t\t<div class=\"elementor-element elementor-element-838fcf3 elementor-widget elementor-widget-heading\" data-id=\"838fcf3\" data-element_type=\"widget\" data-widget_type=\"heading.default\">\n\t\t\t\t<div class=\"elementor-widget-container\">\n\t\t\t<h2 class=\"elementor-heading-title elementor-size-default\">NA\u0160L\u0116S<\/h2>\t\t<\/div>\n\t\t\t\t<\/div>\n\t\t\t\t\t<\/div>\n\t\t<\/div>\n\t\t\t\t\t\t\t<\/div>\n\t\t<\/section>\n\t\t\t\t<section class=\"elementor-section elementor-top-section elementor-element elementor-element-dadafd5 elementor-section-boxed elementor-section-height-default elementor-section-height-default\" data-id=\"dadafd5\" data-element_type=\"section\">\n\t\t\t\t\t\t<div class=\"elementor-container elementor-column-gap-default\">\n\t\t\t\t\t<div class=\"elementor-column elementor-col-50 elementor-top-column elementor-element elementor-element-353a838\" data-id=\"353a838\" data-element_type=\"column\">\n\t\t\t<div class=\"elementor-widget-wrap elementor-element-populated\">\n\t\t\t\t\t\t\t\t<div class=\"elementor-element elementor-element-d36fc6c elementor-widget elementor-widget-text-editor\" data-id=\"d36fc6c\" data-element_type=\"widget\" data-widget_type=\"text-editor.default\">\n\t\t\t\t<div class=\"elementor-widget-container\">\n\t\t\t\t\t\t\t\t<!-- wp:paragraph -->\n<h5><strong>Spalio 3 d. 18:00 (penktadienis)<\/strong><br \/><strong>Length: 60 min.<\/strong><br \/><strong>LMTA I re\u017e. Kamil\u0117 Maksvytyt\u0117 I N-16<br \/><\/strong>Kaunas City Chamber Theatre, Great Hall<\/h5>\n<p><a title=\"\" href=\"https:\/\/bilietai.kamerinisteatras.lt\/kasa\/seansas\/9f5d8e24-12c3-4388-ac07-ca5ef97b8147\" target=\"_blank\" rel=\"noopener\"><mark class=\"has-inline-color\" style=\"background-color: #f78da7;\">Bilieto kaina: pasirinktinai 1, 5 arba 10 Eur<\/mark><\/a><\/p>\n<!-- \/wp:paragraph --><!-- wp:paragraph -->\n<p>\u201ePasigail\u0117kite! Nebegaliu daugiau i\u0161laikyti tos kraup\u0105 kelian\u010dios simetrijos\u201c<\/p>\n<!-- \/wp:paragraph --><!-- wp:paragraph -->\n<p>Pjes\u0117 \u201eNa\u0161l\u0117s\u201c, para\u0161yta S. Mro\u017eeko 1992 m., yra kamerinis tragifarsas apie \u017emoni\u0173 santyk\u012f su mirtimi ir meile. Dramoje vaizduojamas \u201emeil\u0117s keturkampis\u201c, kuriame moterys ie\u0161ko to, ko, j\u0173 manymu, tr\u016bksta j\u0173 vyrams, o vyrai \u017eavisi svetimomis moterimis. Galiausiai ai\u0161kindamiesi santykius vyrai mir\u0161ta, palikdami moteris dvigubomis na\u0161l\u0117mis. Pjes\u0117je, pasi\u017eymin\u010dioje subtiliu humoru ir li\u016bdna ironija, gvildenami esminiai egzistenciniai klausimai.<\/p>\n<!-- \/wp:paragraph --><!-- wp:paragraph -->\n<p><strong>D\u0117mesio: spektaklio metu naudojami d\u016bmai.<\/strong><\/p>\n<!-- \/wp:paragraph --><!-- wp:paragraph -->\n<p><strong>Re\u017eis\u016bra, scenografija: <\/strong>Kamil\u0117 Maksvytyt\u0117<br \/><strong>Tekstas:<\/strong> S\u0142awomir Mro\u017cek<strong>\u00a0<\/strong><br \/><strong>\u0160vies\u0173 dail\u0117:<\/strong> Vilius Kalas\u016bnas<br \/><strong>Vaidina:<\/strong> Rokas Siaurusaitis, Sibil\u0117 Zavadskyt\u0117, Radvil\u0117 Budryt\u0117, Urt\u0117 Janavi\u010di\u016bt\u0117, Aidas A\u0161monas, Martynas Mockevi\u010dius.\u00a0<\/p>\n<!-- \/wp:gallery -->\t\t\t\t\t\t<\/div>\n\t\t\t\t<\/div>\n\t\t\t\t<div class=\"elementor-element elementor-element-545c8c3 elementor-widget elementor-widget-jet-popup-action-button\" data-id=\"545c8c3\" data-element_type=\"widget\" data-widget_type=\"jet-popup-action-button.default\">\n\t\t\t\t<div class=\"elementor-widget-container\">\n\t\t\t\t\t<div class=\"jet-popup-action-button\">\n\t\t\t<a class=\"jet-popup-action-button__instance jet-popup-action-button--icon-after\" data-settings=\"{&quot;action-type&quot;:&quot;link&quot;}\" href=\"https:\/\/bilietai.kamerinisteatras.lt\/kasa\/seansas\/9f5d8e24-12c3-4388-ac07-ca5ef97b8147\"><i class=\"jet-popup-action-button__icon fa fa-ticket\"><\/i><span class=\"jet-popup-action-button__text\">Tickets<\/span>\t\t\t<\/a>\n\t\t<\/div>\t\t<\/div>\n\t\t\t\t<\/div>\n\t\t\t\t\t<\/div>\n\t\t<\/div>\n\t\t\t\t<div class=\"elementor-column elementor-col-50 elementor-top-column elementor-element elementor-element-e55de9f\" data-id=\"e55de9f\" data-element_type=\"column\">\n\t\t\t<div class=\"elementor-widget-wrap elementor-element-populated\">\n\t\t\t\t\t\t\t\t<div class=\"elementor-element elementor-element-cd68044 elementor-widget elementor-widget-image\" data-id=\"cd68044\" data-element_type=\"widget\" data-widget_type=\"image.default\">\n\t\t\t\t<div class=\"elementor-widget-container\">\n\t\t\t\t\t\t\t\t\t\t\t\t\t\t\t<img loading=\"lazy\" decoding=\"async\" width=\"1024\" height=\"576\" src=\"https:\/\/iseitiestaskas.lt\/wp-content\/uploads\/2025\/07\/IMG_6657-1024x576.jpeg\" class=\"attachment-large size-large\" alt=\"\" srcset=\"https:\/\/iseitiestaskas.lt\/wp-content\/uploads\/2025\/07\/IMG_6657-1024x576.jpeg 1024w, https:\/\/iseitiestaskas.lt\/wp-content\/uploads\/2025\/07\/IMG_6657-300x169.jpeg 300w, https:\/\/iseitiestaskas.lt\/wp-content\/uploads\/2025\/07\/IMG_6657-768x432.jpeg 768w, https:\/\/iseitiestaskas.lt\/wp-content\/uploads\/2025\/07\/IMG_6657-1536x864.jpeg 1536w, https:\/\/iseitiestaskas.lt\/wp-content\/uploads\/2025\/07\/IMG_6657-18x10.jpeg 18w, https:\/\/iseitiestaskas.lt\/wp-content\/uploads\/2025\/07\/IMG_6657-150x85.jpeg 150w, https:\/\/iseitiestaskas.lt\/wp-content\/uploads\/2025\/07\/IMG_6657-1920x1080.jpeg 1920w, https:\/\/iseitiestaskas.lt\/wp-content\/uploads\/2025\/07\/IMG_6657-600x338.jpeg 600w, https:\/\/iseitiestaskas.lt\/wp-content\/uploads\/2025\/07\/IMG_6657.jpeg 2048w\" sizes=\"(max-width: 1024px) 100vw, 1024px\" \/>\t\t\t\t\t\t\t\t\t\t\t\t\t\t\t<\/div>\n\t\t\t\t<\/div>\n\t\t\t\t<div class=\"elementor-element elementor-element-889b901 elementor-widget elementor-widget-image\" data-id=\"889b901\" data-element_type=\"widget\" data-widget_type=\"image.default\">\n\t\t\t\t<div class=\"elementor-widget-container\">\n\t\t\t\t\t\t\t\t\t\t\t\t\t\t\t<img loading=\"lazy\" decoding=\"async\" width=\"1024\" height=\"768\" src=\"https:\/\/iseitiestaskas.lt\/wp-content\/uploads\/2025\/07\/IMG_6659-1024x768.jpeg\" class=\"attachment-large size-large\" alt=\"\" srcset=\"https:\/\/iseitiestaskas.lt\/wp-content\/uploads\/2025\/07\/IMG_6659-1024x768.jpeg 1024w, https:\/\/iseitiestaskas.lt\/wp-content\/uploads\/2025\/07\/IMG_6659-300x225.jpeg 300w, https:\/\/iseitiestaskas.lt\/wp-content\/uploads\/2025\/07\/IMG_6659-768x576.jpeg 768w, https:\/\/iseitiestaskas.lt\/wp-content\/uploads\/2025\/07\/IMG_6659-1536x1152.jpeg 1536w, https:\/\/iseitiestaskas.lt\/wp-content\/uploads\/2025\/07\/IMG_6659-16x12.jpeg 16w, https:\/\/iseitiestaskas.lt\/wp-content\/uploads\/2025\/07\/IMG_6659-600x450.jpeg 600w, https:\/\/iseitiestaskas.lt\/wp-content\/uploads\/2025\/07\/IMG_6659.jpeg 2048w\" sizes=\"(max-width: 1024px) 100vw, 1024px\" \/>\t\t\t\t\t\t\t\t\t\t\t\t\t\t\t<\/div>\n\t\t\t\t<\/div>\n\t\t\t\t<div class=\"elementor-element elementor-element-a3d60bc elementor-widget elementor-widget-image\" data-id=\"a3d60bc\" data-element_type=\"widget\" data-widget_type=\"image.default\">\n\t\t\t\t<div class=\"elementor-widget-container\">\n\t\t\t\t\t\t\t\t\t\t\t\t\t\t\t<img loading=\"lazy\" decoding=\"async\" width=\"1024\" height=\"683\" src=\"https:\/\/iseitiestaskas.lt\/wp-content\/uploads\/2025\/07\/IMG_6656-1024x683.jpeg\" class=\"attachment-large size-large\" alt=\"\" srcset=\"https:\/\/iseitiestaskas.lt\/wp-content\/uploads\/2025\/07\/IMG_6656-1024x683.jpeg 1024w, https:\/\/iseitiestaskas.lt\/wp-content\/uploads\/2025\/07\/IMG_6656-300x200.jpeg 300w, https:\/\/iseitiestaskas.lt\/wp-content\/uploads\/2025\/07\/IMG_6656-768x512.jpeg 768w, https:\/\/iseitiestaskas.lt\/wp-content\/uploads\/2025\/07\/IMG_6656-391x260.jpeg 391w, https:\/\/iseitiestaskas.lt\/wp-content\/uploads\/2025\/07\/IMG_6656-1536x1024.jpeg 1536w, https:\/\/iseitiestaskas.lt\/wp-content\/uploads\/2025\/07\/IMG_6656-18x12.jpeg 18w, https:\/\/iseitiestaskas.lt\/wp-content\/uploads\/2025\/07\/IMG_6656-600x400.jpeg 600w, https:\/\/iseitiestaskas.lt\/wp-content\/uploads\/2025\/07\/IMG_6656.jpeg 2048w\" sizes=\"(max-width: 1024px) 100vw, 1024px\" \/>\t\t\t\t\t\t\t\t\t\t\t\t\t\t\t<\/div>\n\t\t\t\t<\/div>\n\t\t\t\t<div class=\"elementor-element elementor-element-881f2e3 elementor-widget elementor-widget-text-editor\" data-id=\"881f2e3\" data-element_type=\"widget\" data-widget_type=\"text-editor.default\">\n\t\t\t\t<div class=\"elementor-widget-container\">\n\t\t\t\t\t\t\t\t<p>Foto. aut. L.Vansevi\u010dien\u0117<\/p>\t\t\t\t\t\t<\/div>\n\t\t\t\t<\/div>\n\t\t\t\t\t<\/div>\n\t\t<\/div>\n\t\t\t\t\t\t\t<\/div>\n\t\t<\/section>\n\t\t\t\t\t\t<\/div>\n\t\t\t\t\t<\/div>","protected":false},"excerpt":{"rendered":"<p>NA\u0160L\u0116S Spalio 3 d. 18:00 (penktadienis)Trukm\u0117: 60 min.LMTA I re\u017e. Kamil\u0117 Maksvytyt\u0117 I N-16Kauno miesto kamerinis teatras, Did\u017eioji sal\u0117 Bilieto kaina: pasirinktinai 1, 5 arba 10 Eur \u201ePasigail\u0117kite! Nebegaliu daugiau i\u0161laikyti tos kraup\u0105 kelian\u010dios simetrijos\u201c Pjes\u0117 \u201eNa\u0161l\u0117s\u201c, para\u0161yta S. Mro\u017eeko 1992 m., yra kamerinis tragifarsas apie \u017emoni\u0173 santyk\u012f su mirtimi ir meile. Dramoje vaizduojamas \u201emeil\u0117s [&hellip;]<\/p>","protected":false},"author":1,"featured_media":0,"parent":0,"menu_order":0,"comment_status":"closed","ping_status":"closed","template":"","meta":{"om_disable_all_campaigns":false,"_monsterinsights_skip_tracking":false,"_monsterinsights_sitenote_active":false,"_monsterinsights_sitenote_note":"","_monsterinsights_sitenote_category":0,"footnotes":""},"aioseo_notices":[],"_links":{"self":[{"href":"https:\/\/iseitiestaskas.lt\/en\/wp-json\/wp\/v2\/pages\/5830"}],"collection":[{"href":"https:\/\/iseitiestaskas.lt\/en\/wp-json\/wp\/v2\/pages"}],"about":[{"href":"https:\/\/iseitiestaskas.lt\/en\/wp-json\/wp\/v2\/types\/page"}],"author":[{"embeddable":true,"href":"https:\/\/iseitiestaskas.lt\/en\/wp-json\/wp\/v2\/users\/1"}],"replies":[{"embeddable":true,"href":"https:\/\/iseitiestaskas.lt\/en\/wp-json\/wp\/v2\/comments?post=5830"}],"version-history":[{"count":14,"href":"https:\/\/iseitiestaskas.lt\/en\/wp-json\/wp\/v2\/pages\/5830\/revisions"}],"predecessor-version":[{"id":6398,"href":"https:\/\/iseitiestaskas.lt\/en\/wp-json\/wp\/v2\/pages\/5830\/revisions\/6398"}],"wp:attachment":[{"href":"https:\/\/iseitiestaskas.lt\/en\/wp-json\/wp\/v2\/media?parent=5830"}],"curies":[{"name":"wp","href":"https:\/\/api.w.org\/{rel}","templated":true}]}}