{"id":5837,"date":"2025-07-22T14:09:08","date_gmt":"2025-07-22T14:09:08","guid":{"rendered":"https:\/\/iseitiestaskas.lt\/?page_id=5837"},"modified":"2025-09-30T09:13:50","modified_gmt":"2025-09-30T09:13:50","slug":"objectravelling","status":"publish","type":"page","link":"https:\/\/iseitiestaskas.lt\/en\/objectravelling\/","title":{"rendered":"OBJECTRAVELLING"},"content":{"rendered":"<div data-elementor-type=\"wp-page\" data-elementor-id=\"5837\" class=\"elementor elementor-5837\" data-elementor-settings=\"[]\">\n\t\t\t\t\t\t\t<div class=\"elementor-section-wrap\">\n\t\t\t\t\t\t\t<section class=\"elementor-section elementor-top-section elementor-element elementor-element-ea09e56 elementor-section-boxed elementor-section-height-default elementor-section-height-default\" data-id=\"ea09e56\" data-element_type=\"section\">\n\t\t\t\t\t\t<div class=\"elementor-container elementor-column-gap-default\">\n\t\t\t\t\t<div class=\"elementor-column elementor-col-100 elementor-top-column elementor-element elementor-element-76ef973\" data-id=\"76ef973\" data-element_type=\"column\">\n\t\t\t<div class=\"elementor-widget-wrap elementor-element-populated\">\n\t\t\t\t\t\t\t\t<div class=\"elementor-element elementor-element-d54ff49 elementor-widget elementor-widget-heading\" data-id=\"d54ff49\" data-element_type=\"widget\" data-widget_type=\"heading.default\">\n\t\t\t\t<div class=\"elementor-widget-container\">\n\t\t\t<h2 class=\"elementor-heading-title elementor-size-default\">OBJECTRAVELLING<\/h2>\t\t<\/div>\n\t\t\t\t<\/div>\n\t\t\t\t\t<\/div>\n\t\t<\/div>\n\t\t\t\t\t\t\t<\/div>\n\t\t<\/section>\n\t\t\t\t<section class=\"elementor-section elementor-top-section elementor-element elementor-element-0de2309 elementor-section-boxed elementor-section-height-default elementor-section-height-default\" data-id=\"0de2309\" data-element_type=\"section\">\n\t\t\t\t\t\t<div class=\"elementor-container elementor-column-gap-default\">\n\t\t\t\t\t<div class=\"elementor-column elementor-col-50 elementor-top-column elementor-element elementor-element-94b62ee\" data-id=\"94b62ee\" data-element_type=\"column\">\n\t\t\t<div class=\"elementor-widget-wrap elementor-element-populated\">\n\t\t\t\t\t\t\t\t<div class=\"elementor-element elementor-element-7e22f599 elementor-widget elementor-widget-text-editor\" data-id=\"7e22f599\" data-element_type=\"widget\" data-widget_type=\"text-editor.default\">\n\t\t\t\t<div class=\"elementor-widget-container\">\n\t\t\t\t\t\t\t\t<!-- wp:paragraph -->\n<h5><strong>Spalio 4 &#8211; 5 d. 14:00 I 16:00 (\u0161e\u0161tadienis-sekmadienis)<\/strong><br \/><strong>Trukm\u0117: 45 min.<\/strong><br \/><strong>Mara Ingea (\u010cekija)<br \/><\/strong>Kaunas City Chamber Theatre, Small Hall<\/h5>\n<p><mark class=\"has-inline-color has-black-color\" style=\"background-color: #f78da7;\">Bilieto kaina pasirinktinai 4, 8 arba 12 Eur\u00a0<\/mark><\/p>\n<p><strong>Spektaklis vyks angl\u0173 k.<\/strong><\/p>\n<!-- \/wp:paragraph --><!-- wp:paragraph -->\n<p dir=\"ltr\">Tarpdisciplinin\u0117 meninink\u0117 Mara Ingea pristato \u012ftraukiant\u012f pasirodym\u0105 \u201eObjectravelling\u201c, kuriame \u017ei\u016brovai tampa bendro proceso-\u017eaidimo dalimi. \u010cia objekt\u0173 manipuliacijos ir \u017eaismingos interpretacijos atveria nematomus ry\u0161ius tarp med\u017eiag\u0173, erdvi\u0173 ir vaizduot\u0117s. Tai \u2013 kolektyvin\u0117 patirtis, kurioje smalsumas virsta bendru atradimu.<\/p>\n<!-- \/wp:paragraph --><!-- wp:paragraph -->\n<p>Autor\u0117s Maros Ingea k\u016bryba balansuoja tarp instaliacijos, objekt\u0173 dizaino ir performanso. Jos darbuose susipina politinis ir poetinis, aplinkosauginis ir eksperimentinis, socialinis ir erdvinis aspektai. \u0160iuo metu ji gyvena Libane ir Prahoje, kur dirba su tarptautin\u0117mis meninink\u0173 komandomis kaip re\u017eisier\u0117, atlik\u0117ja, scenograf\u0117 ir kostium\u0173 dailinink\u0117.<br \/><br \/><strong>Id\u0117ja, atlikimas, dizainas:<\/strong> Mara Ingea<br \/><strong>Supported by:<\/strong> \u201eStudio Alta\u201c and \u201eCross Attic\u201c<\/p>\n<p>Spektaklis pristatomas \u201eEchoes of Mal\u00e1 inventura\u201c, remiant \u201eNov\u00e1 s\u00ed\u0165 z.s.\u201c.<\/p>\n<!-- \/wp:gallery -->\t\t\t\t\t\t<\/div>\n\t\t\t\t<\/div>\n\t\t\t\t<div class=\"elementor-element elementor-element-265570d elementor-widget elementor-widget-jet-popup-action-button\" data-id=\"265570d\" data-element_type=\"widget\" data-widget_type=\"jet-popup-action-button.default\">\n\t\t\t\t<div class=\"elementor-widget-container\">\n\t\t\t\t\t<div class=\"jet-popup-action-button\">\n\t\t\t<a class=\"jet-popup-action-button__instance jet-popup-action-button--icon-after\" data-settings=\"{&quot;action-type&quot;:&quot;link&quot;}\" href=\"https:\/\/bilietai.kamerinisteatras.lt\/kasa\/vieta\/9f5d8c98-99a3-41d1-a465-e1971c1dd7d4\"><i class=\"jet-popup-action-button__icon fa fa-ticket\"><\/i><span class=\"jet-popup-action-button__text\">Bilietai 10.04 14:00<\/span>\t\t\t<\/a>\n\t\t<\/div>\t\t<\/div>\n\t\t\t\t<\/div>\n\t\t\t\t<div class=\"elementor-element elementor-element-65fbfd6 elementor-widget elementor-widget-jet-popup-action-button\" data-id=\"65fbfd6\" data-element_type=\"widget\" data-widget_type=\"jet-popup-action-button.default\">\n\t\t\t\t<div class=\"elementor-widget-container\">\n\t\t\t\t\t<div class=\"jet-popup-action-button\">\n\t\t\t<a class=\"jet-popup-action-button__instance jet-popup-action-button--icon-after\" data-settings=\"{&quot;action-type&quot;:&quot;link&quot;}\" href=\"https:\/\/bilietai.kamerinisteatras.lt\/kasa\/vieta\/9f5d8cb0-ade9-4845-9f59-311101c55a90\"><i class=\"jet-popup-action-button__icon fa fa-ticket\"><\/i><span class=\"jet-popup-action-button__text\">Bilietai 10.04 16:00<\/span>\t\t\t<\/a>\n\t\t<\/div>\t\t<\/div>\n\t\t\t\t<\/div>\n\t\t\t\t<div class=\"elementor-element elementor-element-f40fb65 elementor-widget elementor-widget-jet-popup-action-button\" data-id=\"f40fb65\" data-element_type=\"widget\" data-widget_type=\"jet-popup-action-button.default\">\n\t\t\t\t<div class=\"elementor-widget-container\">\n\t\t\t\t\t<div class=\"jet-popup-action-button\">\n\t\t\t<a class=\"jet-popup-action-button__instance jet-popup-action-button--icon-after\" data-settings=\"{&quot;action-type&quot;:&quot;link&quot;}\"><i class=\"jet-popup-action-button__icon fa fa-ticket\"><\/i><span class=\"jet-popup-action-button__text\">Registracija 10.05 14:00<\/span>\t\t\t<\/a>\n\t\t<\/div>\t\t<\/div>\n\t\t\t\t<\/div>\n\t\t\t\t<div class=\"elementor-element elementor-element-cbd07e8 elementor-widget elementor-widget-jet-popup-action-button\" data-id=\"cbd07e8\" data-element_type=\"widget\" data-widget_type=\"jet-popup-action-button.default\">\n\t\t\t\t<div class=\"elementor-widget-container\">\n\t\t\t\t\t<div class=\"jet-popup-action-button\">\n\t\t\t<a class=\"jet-popup-action-button__instance jet-popup-action-button--icon-after\" data-settings=\"{&quot;action-type&quot;:&quot;link&quot;}\"><i class=\"jet-popup-action-button__icon fa fa-ticket\"><\/i><span class=\"jet-popup-action-button__text\">Registracija 10.05 16:00<\/span>\t\t\t<\/a>\n\t\t<\/div>\t\t<\/div>\n\t\t\t\t<\/div>\n\t\t\t\t\t<\/div>\n\t\t<\/div>\n\t\t\t\t<div class=\"elementor-column elementor-col-50 elementor-top-column elementor-element elementor-element-377db09\" data-id=\"377db09\" data-element_type=\"column\">\n\t\t\t<div class=\"elementor-widget-wrap elementor-element-populated\">\n\t\t\t\t\t\t\t\t<div class=\"elementor-element elementor-element-17499f7 elementor-widget elementor-widget-image\" data-id=\"17499f7\" data-element_type=\"widget\" data-widget_type=\"image.default\">\n\t\t\t\t<div class=\"elementor-widget-container\">\n\t\t\t\t\t\t\t\t\t\t\t\t\t\t\t<img loading=\"lazy\" decoding=\"async\" width=\"1024\" height=\"575\" src=\"https:\/\/iseitiestaskas.lt\/wp-content\/uploads\/2025\/07\/Objectravelling_06-1024x575.png\" class=\"attachment-large size-large\" alt=\"\" srcset=\"https:\/\/iseitiestaskas.lt\/wp-content\/uploads\/2025\/07\/Objectravelling_06-1024x575.png 1024w, https:\/\/iseitiestaskas.lt\/wp-content\/uploads\/2025\/07\/Objectravelling_06-300x169.png 300w, https:\/\/iseitiestaskas.lt\/wp-content\/uploads\/2025\/07\/Objectravelling_06-768x432.png 768w, https:\/\/iseitiestaskas.lt\/wp-content\/uploads\/2025\/07\/Objectravelling_06-1536x863.png 1536w, https:\/\/iseitiestaskas.lt\/wp-content\/uploads\/2025\/07\/Objectravelling_06-2048x1151.png 2048w, https:\/\/iseitiestaskas.lt\/wp-content\/uploads\/2025\/07\/Objectravelling_06-18x10.png 18w, https:\/\/iseitiestaskas.lt\/wp-content\/uploads\/2025\/07\/Objectravelling_06-150x85.png 150w, https:\/\/iseitiestaskas.lt\/wp-content\/uploads\/2025\/07\/Objectravelling_06-1920x1080.png 1920w, https:\/\/iseitiestaskas.lt\/wp-content\/uploads\/2025\/07\/Objectravelling_06-600x337.png 600w\" sizes=\"(max-width: 1024px) 100vw, 1024px\" \/>\t\t\t\t\t\t\t\t\t\t\t\t\t\t\t<\/div>\n\t\t\t\t<\/div>\n\t\t\t\t<div class=\"elementor-element elementor-element-fab596e elementor-widget elementor-widget-image\" data-id=\"fab596e\" data-element_type=\"widget\" data-widget_type=\"image.default\">\n\t\t\t\t<div class=\"elementor-widget-container\">\n\t\t\t\t\t\t\t\t\t\t\t\t\t\t\t<img loading=\"lazy\" decoding=\"async\" width=\"1024\" height=\"576\" src=\"https:\/\/iseitiestaskas.lt\/wp-content\/uploads\/2025\/07\/Objectravelling_02-1-1024x576.jpg\" class=\"attachment-large size-large\" alt=\"\" srcset=\"https:\/\/iseitiestaskas.lt\/wp-content\/uploads\/2025\/07\/Objectravelling_02-1-1024x576.jpg 1024w, https:\/\/iseitiestaskas.lt\/wp-content\/uploads\/2025\/07\/Objectravelling_02-1-300x169.jpg 300w, https:\/\/iseitiestaskas.lt\/wp-content\/uploads\/2025\/07\/Objectravelling_02-1-768x432.jpg 768w, https:\/\/iseitiestaskas.lt\/wp-content\/uploads\/2025\/07\/Objectravelling_02-1-1536x864.jpg 1536w, https:\/\/iseitiestaskas.lt\/wp-content\/uploads\/2025\/07\/Objectravelling_02-1-2048x1153.jpg 2048w, https:\/\/iseitiestaskas.lt\/wp-content\/uploads\/2025\/07\/Objectravelling_02-1-18x10.jpg 18w, https:\/\/iseitiestaskas.lt\/wp-content\/uploads\/2025\/07\/Objectravelling_02-1-150x85.jpg 150w, https:\/\/iseitiestaskas.lt\/wp-content\/uploads\/2025\/07\/Objectravelling_02-1-1920x1080.jpg 1920w, https:\/\/iseitiestaskas.lt\/wp-content\/uploads\/2025\/07\/Objectravelling_02-1-600x338.jpg 600w\" sizes=\"(max-width: 1024px) 100vw, 1024px\" \/>\t\t\t\t\t\t\t\t\t\t\t\t\t\t\t<\/div>\n\t\t\t\t<\/div>\n\t\t\t\t<div class=\"elementor-element elementor-element-6c506d0 elementor-widget elementor-widget-image\" data-id=\"6c506d0\" data-element_type=\"widget\" data-widget_type=\"image.default\">\n\t\t\t\t<div class=\"elementor-widget-container\">\n\t\t\t\t\t\t\t\t\t\t\t\t\t\t\t<img loading=\"lazy\" decoding=\"async\" width=\"1024\" height=\"576\" src=\"https:\/\/iseitiestaskas.lt\/wp-content\/uploads\/2025\/07\/Objectravelling_01-1-1024x576.jpg\" class=\"attachment-large size-large\" alt=\"\" srcset=\"https:\/\/iseitiestaskas.lt\/wp-content\/uploads\/2025\/07\/Objectravelling_01-1-1024x576.jpg 1024w, https:\/\/iseitiestaskas.lt\/wp-content\/uploads\/2025\/07\/Objectravelling_01-1-300x169.jpg 300w, https:\/\/iseitiestaskas.lt\/wp-content\/uploads\/2025\/07\/Objectravelling_01-1-768x432.jpg 768w, https:\/\/iseitiestaskas.lt\/wp-content\/uploads\/2025\/07\/Objectravelling_01-1-1536x864.jpg 1536w, https:\/\/iseitiestaskas.lt\/wp-content\/uploads\/2025\/07\/Objectravelling_01-1-2048x1153.jpg 2048w, https:\/\/iseitiestaskas.lt\/wp-content\/uploads\/2025\/07\/Objectravelling_01-1-18x10.jpg 18w, https:\/\/iseitiestaskas.lt\/wp-content\/uploads\/2025\/07\/Objectravelling_01-1-150x85.jpg 150w, https:\/\/iseitiestaskas.lt\/wp-content\/uploads\/2025\/07\/Objectravelling_01-1-1920x1080.jpg 1920w, https:\/\/iseitiestaskas.lt\/wp-content\/uploads\/2025\/07\/Objectravelling_01-1-600x338.jpg 600w\" sizes=\"(max-width: 1024px) 100vw, 1024px\" \/>\t\t\t\t\t\t\t\t\t\t\t\t\t\t\t<\/div>\n\t\t\t\t<\/div>\n\t\t\t\t<div class=\"elementor-element elementor-element-1951ef0 elementor-widget elementor-widget-text-editor\" data-id=\"1951ef0\" data-element_type=\"widget\" data-widget_type=\"text-editor.default\">\n\t\t\t\t<div class=\"elementor-widget-container\">\n\t\t\t\t\t\t\t\t<p>Foto. aut. Eszter Koncz, Matou\u0161 Ondra<\/p>\t\t\t\t\t\t<\/div>\n\t\t\t\t<\/div>\n\t\t\t\t\t<\/div>\n\t\t<\/div>\n\t\t\t\t\t\t\t<\/div>\n\t\t<\/section>\n\t\t\t\t<section class=\"elementor-section elementor-top-section elementor-element elementor-element-d83e841 elementor-section-boxed elementor-section-height-default elementor-section-height-default\" data-id=\"d83e841\" data-element_type=\"section\">\n\t\t\t\t\t\t<div class=\"elementor-container elementor-column-gap-default\">\n\t\t\t\t\t<div class=\"elementor-column elementor-col-50 elementor-top-column elementor-element elementor-element-e8f043b\" data-id=\"e8f043b\" data-element_type=\"column\">\n\t\t\t<div class=\"elementor-widget-wrap elementor-element-populated\">\n\t\t\t\t\t\t\t\t<div class=\"elementor-element elementor-element-1d17725 elementor-widget elementor-widget-text-editor\" data-id=\"1d17725\" data-element_type=\"widget\" data-widget_type=\"text-editor.default\">\n\t\t\t\t<div class=\"elementor-widget-container\">\n\t\t\t\t\t\t\t\t<!-- wp:paragraph -->\n<h5><strong>October 4 &#8211; 5, 14:00 I 16:00 (Saturday, Sunday)<\/strong><br \/><strong>Duration: 45 min.<\/strong><br \/><strong>Mara Ingea (Czech Republic)<br \/><\/strong>Kaunas City Chamber Theatre, Small hall<\/h5>\n<p><mark class=\"has-inline-color has-black-color\" style=\"background-color: #f78da7;\">Ticket price: 4, 8 or 12 Eur\u00a0<\/mark><\/p>\n<p><strong>Language: English<\/strong><\/p>\n<!-- \/wp:paragraph --><!-- wp:paragraph -->\n<p><span style=\"font-weight: 400;\">Objectravelling is a participatory performance that explores states of existence, on the border between presence and absence. This experience invites participants to take part in a collective journey of curiosity and playfulness, assembling a wacky machine while unraveling meanings and connections between objects and invisible worlds.<\/span><\/p>\n<p><span style=\"font-weight: 400;\">Mara Ingea works on the border between installation, object design, and performance. She draws inspiration from reality to reinterpret it, focusing on the more-than-human to question the place of beings with whom we coexist and rethink the spaces in which we live. Her multi-disciplinary work blends the political and the poetical, the environmental and the experimental, the social and the spatial.\u00a0<\/span><\/p>\n<ul>\n<li><b>Idea, performance, design:<\/b><span style=\"font-weight: 400;\"> Mara Ingea<\/span><\/li>\n<li><b>Supported by <\/b><span style=\"font-weight: 400;\">Studio Alta and Cross Attic<\/span><\/li>\n<\/ul>\n<p>The performance is presented within the format of Echoes of Mal\u00e1 inventura, with the support of Nov\u00e1 s\u00ed\u0165 z.s.<\/p>\n<!-- \/wp:gallery -->\t\t\t\t\t\t<\/div>\n\t\t\t\t<\/div>\n\t\t\t\t<div class=\"elementor-element elementor-element-407ee96 elementor-widget elementor-widget-jet-popup-action-button\" data-id=\"407ee96\" data-element_type=\"widget\" data-widget_type=\"jet-popup-action-button.default\">\n\t\t\t\t<div class=\"elementor-widget-container\">\n\t\t\t\t\t<div class=\"jet-popup-action-button\">\n\t\t\t<a class=\"jet-popup-action-button__instance jet-popup-action-button--icon-after\" data-settings=\"{&quot;action-type&quot;:&quot;link&quot;}\" href=\"https:\/\/bilietai.kamerinisteatras.lt\/kasa\/vieta\/9f5d8c98-99a3-41d1-a465-e1971c1dd7d4\"><i class=\"jet-popup-action-button__icon fa fa-ticket\"><\/i><span class=\"jet-popup-action-button__text\">Tickets 10.04 14:00<\/span>\t\t\t<\/a>\n\t\t<\/div>\t\t<\/div>\n\t\t\t\t<\/div>\n\t\t\t\t<div class=\"elementor-element elementor-element-61f6427 elementor-widget elementor-widget-jet-popup-action-button\" data-id=\"61f6427\" data-element_type=\"widget\" data-widget_type=\"jet-popup-action-button.default\">\n\t\t\t\t<div class=\"elementor-widget-container\">\n\t\t\t\t\t<div class=\"jet-popup-action-button\">\n\t\t\t<a class=\"jet-popup-action-button__instance jet-popup-action-button--icon-after\" data-settings=\"{&quot;action-type&quot;:&quot;link&quot;}\" href=\"https:\/\/bilietai.kamerinisteatras.lt\/kasa\/vieta\/9f5d8cb0-ade9-4845-9f59-311101c55a90\"><i class=\"jet-popup-action-button__icon fa fa-ticket\"><\/i><span class=\"jet-popup-action-button__text\">Tickets10.04 16:00<\/span>\t\t\t<\/a>\n\t\t<\/div>\t\t<\/div>\n\t\t\t\t<\/div>\n\t\t\t\t<div class=\"elementor-element elementor-element-ec62959 elementor-widget elementor-widget-jet-popup-action-button\" data-id=\"ec62959\" data-element_type=\"widget\" data-widget_type=\"jet-popup-action-button.default\">\n\t\t\t\t<div class=\"elementor-widget-container\">\n\t\t\t\t\t<div class=\"jet-popup-action-button\">\n\t\t\t<a class=\"jet-popup-action-button__instance jet-popup-action-button--icon-after\" data-settings=\"{&quot;action-type&quot;:&quot;link&quot;}\"><i class=\"jet-popup-action-button__icon fa fa-ticket\"><\/i><span class=\"jet-popup-action-button__text\">Registration 10.05 14:00<\/span>\t\t\t<\/a>\n\t\t<\/div>\t\t<\/div>\n\t\t\t\t<\/div>\n\t\t\t\t<div class=\"elementor-element elementor-element-f6c6def elementor-widget elementor-widget-jet-popup-action-button\" data-id=\"f6c6def\" data-element_type=\"widget\" data-widget_type=\"jet-popup-action-button.default\">\n\t\t\t\t<div class=\"elementor-widget-container\">\n\t\t\t\t\t<div class=\"jet-popup-action-button\">\n\t\t\t<a class=\"jet-popup-action-button__instance jet-popup-action-button--icon-after\" data-settings=\"{&quot;action-type&quot;:&quot;link&quot;}\"><i class=\"jet-popup-action-button__icon fa fa-ticket\"><\/i><span class=\"jet-popup-action-button__text\">Registration 10.05 16:00<\/span>\t\t\t<\/a>\n\t\t<\/div>\t\t<\/div>\n\t\t\t\t<\/div>\n\t\t\t\t\t<\/div>\n\t\t<\/div>\n\t\t\t\t<div class=\"elementor-column elementor-col-50 elementor-top-column elementor-element elementor-element-70827cd\" data-id=\"70827cd\" data-element_type=\"column\">\n\t\t\t<div class=\"elementor-widget-wrap elementor-element-populated\">\n\t\t\t\t\t\t\t\t<div class=\"elementor-element elementor-element-cb9b9c9 elementor-widget elementor-widget-image\" data-id=\"cb9b9c9\" data-element_type=\"widget\" data-widget_type=\"image.default\">\n\t\t\t\t<div class=\"elementor-widget-container\">\n\t\t\t\t\t\t\t\t\t\t\t\t\t\t\t<img loading=\"lazy\" decoding=\"async\" width=\"1024\" height=\"575\" src=\"https:\/\/iseitiestaskas.lt\/wp-content\/uploads\/2025\/07\/Objectravelling_06-1024x575.png\" class=\"attachment-large size-large\" alt=\"\" srcset=\"https:\/\/iseitiestaskas.lt\/wp-content\/uploads\/2025\/07\/Objectravelling_06-1024x575.png 1024w, https:\/\/iseitiestaskas.lt\/wp-content\/uploads\/2025\/07\/Objectravelling_06-300x169.png 300w, https:\/\/iseitiestaskas.lt\/wp-content\/uploads\/2025\/07\/Objectravelling_06-768x432.png 768w, https:\/\/iseitiestaskas.lt\/wp-content\/uploads\/2025\/07\/Objectravelling_06-1536x863.png 1536w, https:\/\/iseitiestaskas.lt\/wp-content\/uploads\/2025\/07\/Objectravelling_06-2048x1151.png 2048w, https:\/\/iseitiestaskas.lt\/wp-content\/uploads\/2025\/07\/Objectravelling_06-18x10.png 18w, https:\/\/iseitiestaskas.lt\/wp-content\/uploads\/2025\/07\/Objectravelling_06-150x85.png 150w, https:\/\/iseitiestaskas.lt\/wp-content\/uploads\/2025\/07\/Objectravelling_06-1920x1080.png 1920w, https:\/\/iseitiestaskas.lt\/wp-content\/uploads\/2025\/07\/Objectravelling_06-600x337.png 600w\" sizes=\"(max-width: 1024px) 100vw, 1024px\" \/>\t\t\t\t\t\t\t\t\t\t\t\t\t\t\t<\/div>\n\t\t\t\t<\/div>\n\t\t\t\t<div class=\"elementor-element elementor-element-1bc1354 elementor-widget elementor-widget-image\" data-id=\"1bc1354\" data-element_type=\"widget\" data-widget_type=\"image.default\">\n\t\t\t\t<div class=\"elementor-widget-container\">\n\t\t\t\t\t\t\t\t\t\t\t\t\t\t\t<img loading=\"lazy\" decoding=\"async\" width=\"1024\" height=\"576\" src=\"https:\/\/iseitiestaskas.lt\/wp-content\/uploads\/2025\/07\/Objectravelling_02-1-1024x576.jpg\" class=\"attachment-large size-large\" alt=\"\" srcset=\"https:\/\/iseitiestaskas.lt\/wp-content\/uploads\/2025\/07\/Objectravelling_02-1-1024x576.jpg 1024w, https:\/\/iseitiestaskas.lt\/wp-content\/uploads\/2025\/07\/Objectravelling_02-1-300x169.jpg 300w, https:\/\/iseitiestaskas.lt\/wp-content\/uploads\/2025\/07\/Objectravelling_02-1-768x432.jpg 768w, https:\/\/iseitiestaskas.lt\/wp-content\/uploads\/2025\/07\/Objectravelling_02-1-1536x864.jpg 1536w, https:\/\/iseitiestaskas.lt\/wp-content\/uploads\/2025\/07\/Objectravelling_02-1-2048x1153.jpg 2048w, https:\/\/iseitiestaskas.lt\/wp-content\/uploads\/2025\/07\/Objectravelling_02-1-18x10.jpg 18w, https:\/\/iseitiestaskas.lt\/wp-content\/uploads\/2025\/07\/Objectravelling_02-1-150x85.jpg 150w, https:\/\/iseitiestaskas.lt\/wp-content\/uploads\/2025\/07\/Objectravelling_02-1-1920x1080.jpg 1920w, https:\/\/iseitiestaskas.lt\/wp-content\/uploads\/2025\/07\/Objectravelling_02-1-600x338.jpg 600w\" sizes=\"(max-width: 1024px) 100vw, 1024px\" \/>\t\t\t\t\t\t\t\t\t\t\t\t\t\t\t<\/div>\n\t\t\t\t<\/div>\n\t\t\t\t<div class=\"elementor-element elementor-element-d4db6e0 elementor-widget elementor-widget-image\" data-id=\"d4db6e0\" data-element_type=\"widget\" data-widget_type=\"image.default\">\n\t\t\t\t<div class=\"elementor-widget-container\">\n\t\t\t\t\t\t\t\t\t\t\t\t\t\t\t<img loading=\"lazy\" decoding=\"async\" width=\"1024\" height=\"576\" src=\"https:\/\/iseitiestaskas.lt\/wp-content\/uploads\/2025\/07\/Objectravelling_01-1-1024x576.jpg\" class=\"attachment-large size-large\" alt=\"\" srcset=\"https:\/\/iseitiestaskas.lt\/wp-content\/uploads\/2025\/07\/Objectravelling_01-1-1024x576.jpg 1024w, https:\/\/iseitiestaskas.lt\/wp-content\/uploads\/2025\/07\/Objectravelling_01-1-300x169.jpg 300w, https:\/\/iseitiestaskas.lt\/wp-content\/uploads\/2025\/07\/Objectravelling_01-1-768x432.jpg 768w, https:\/\/iseitiestaskas.lt\/wp-content\/uploads\/2025\/07\/Objectravelling_01-1-1536x864.jpg 1536w, https:\/\/iseitiestaskas.lt\/wp-content\/uploads\/2025\/07\/Objectravelling_01-1-2048x1153.jpg 2048w, https:\/\/iseitiestaskas.lt\/wp-content\/uploads\/2025\/07\/Objectravelling_01-1-18x10.jpg 18w, https:\/\/iseitiestaskas.lt\/wp-content\/uploads\/2025\/07\/Objectravelling_01-1-150x85.jpg 150w, https:\/\/iseitiestaskas.lt\/wp-content\/uploads\/2025\/07\/Objectravelling_01-1-1920x1080.jpg 1920w, https:\/\/iseitiestaskas.lt\/wp-content\/uploads\/2025\/07\/Objectravelling_01-1-600x338.jpg 600w\" sizes=\"(max-width: 1024px) 100vw, 1024px\" \/>\t\t\t\t\t\t\t\t\t\t\t\t\t\t\t<\/div>\n\t\t\t\t<\/div>\n\t\t\t\t<div class=\"elementor-element elementor-element-e0e90a5 elementor-widget elementor-widget-text-editor\" data-id=\"e0e90a5\" data-element_type=\"widget\" data-widget_type=\"text-editor.default\">\n\t\t\t\t<div class=\"elementor-widget-container\">\n\t\t\t\t\t\t\t\t<p>Foto. aut. Eszter Koncz, Matou\u0161 Ondra<\/p>\t\t\t\t\t\t<\/div>\n\t\t\t\t<\/div>\n\t\t\t\t\t<\/div>\n\t\t<\/div>\n\t\t\t\t\t\t\t<\/div>\n\t\t<\/section>\n\t\t\t\t<section class=\"elementor-section elementor-top-section elementor-element elementor-element-6d60cf1 elementor-section-boxed elementor-section-height-default elementor-section-height-default\" data-id=\"6d60cf1\" data-element_type=\"section\">\n\t\t\t\t\t\t<div class=\"elementor-container elementor-column-gap-default\">\n\t\t\t\t\t<div class=\"elementor-column elementor-col-100 elementor-top-column elementor-element elementor-element-aa4b965\" data-id=\"aa4b965\" data-element_type=\"column\">\n\t\t\t<div class=\"elementor-widget-wrap elementor-element-populated\">\n\t\t\t\t\t\t\t\t<div class=\"elementor-element elementor-element-b72fe9e elementor-aspect-ratio-169 elementor-widget elementor-widget-video\" data-id=\"b72fe9e\" data-element_type=\"widget\" data-settings=\"{&quot;youtube_url&quot;:&quot;https:\\\/\\\/youtu.be\\\/qOaUAc78gRI?si=UQL21QlE1FrIDdyF&quot;,&quot;video_type&quot;:&quot;youtube&quot;,&quot;controls&quot;:&quot;yes&quot;,&quot;aspect_ratio&quot;:&quot;169&quot;}\" data-widget_type=\"video.default\">\n\t\t\t\t<div class=\"elementor-widget-container\">\n\t\t\t\t\t<div class=\"elementor-wrapper elementor-fit-aspect-ratio elementor-open-inline\">\n\t\t\t<div class=\"elementor-video\"><\/div>\t\t<\/div>\n\t\t\t\t<\/div>\n\t\t\t\t<\/div>\n\t\t\t\t\t<\/div>\n\t\t<\/div>\n\t\t\t\t\t\t\t<\/div>\n\t\t<\/section>\n\t\t\t\t\t\t<\/div>\n\t\t\t\t\t<\/div>","protected":false},"excerpt":{"rendered":"<p>OBJECTRAVELLING Spalio 4 &#8211; 5 d. 14:00 I 16:00 (\u0161e\u0161tadienis-sekmadienis)Trukm\u0117: 45 min.Mara Ingea (\u010cekija)Kauno miesto kamerinis teatras, Ma\u017eoji sal\u0117 Bilieto kaina pasirinktinai 4, 8 arba 12 Eur\u00a0 Spektaklis vyks angl\u0173 k. Tarpdisciplinin\u0117 meninink\u0117 Mara Ingea pristato \u012ftraukiant\u012f pasirodym\u0105 \u201eObjectravelling\u201c, kuriame \u017ei\u016brovai tampa bendro proceso-\u017eaidimo dalimi. \u010cia objekt\u0173 manipuliacijos ir \u017eaismingos interpretacijos atveria nematomus ry\u0161ius tarp [&hellip;]<\/p>","protected":false},"author":1,"featured_media":0,"parent":0,"menu_order":0,"comment_status":"closed","ping_status":"closed","template":"","meta":{"om_disable_all_campaigns":false,"_monsterinsights_skip_tracking":false,"_monsterinsights_sitenote_active":false,"_monsterinsights_sitenote_note":"","_monsterinsights_sitenote_category":0,"footnotes":""},"aioseo_notices":[],"_links":{"self":[{"href":"https:\/\/iseitiestaskas.lt\/en\/wp-json\/wp\/v2\/pages\/5837"}],"collection":[{"href":"https:\/\/iseitiestaskas.lt\/en\/wp-json\/wp\/v2\/pages"}],"about":[{"href":"https:\/\/iseitiestaskas.lt\/en\/wp-json\/wp\/v2\/types\/page"}],"author":[{"embeddable":true,"href":"https:\/\/iseitiestaskas.lt\/en\/wp-json\/wp\/v2\/users\/1"}],"replies":[{"embeddable":true,"href":"https:\/\/iseitiestaskas.lt\/en\/wp-json\/wp\/v2\/comments?post=5837"}],"version-history":[{"count":45,"href":"https:\/\/iseitiestaskas.lt\/en\/wp-json\/wp\/v2\/pages\/5837\/revisions"}],"predecessor-version":[{"id":6766,"href":"https:\/\/iseitiestaskas.lt\/en\/wp-json\/wp\/v2\/pages\/5837\/revisions\/6766"}],"wp:attachment":[{"href":"https:\/\/iseitiestaskas.lt\/en\/wp-json\/wp\/v2\/media?parent=5837"}],"curies":[{"name":"wp","href":"https:\/\/api.w.org\/{rel}","templated":true}]}}